{"id":14,"date":"2023-05-24T11:38:34","date_gmt":"2023-05-24T11:38:34","guid":{"rendered":"https:\/\/www.q-bital.com\/?page_id=14"},"modified":"2026-03-03T11:20:33","modified_gmt":"2026-03-03T11:20:33","slug":"homepage","status":"publish","type":"page","link":"https:\/\/www.q-bital.com\/bs_ba\/","title":{"rendered":"Po\u010detna stranica"},"content":{"rendered":"<section id=\"section-2-14\" class=\"ct-section\" >\n<div class=\"ct-section-inner-wrap\">\n<div id=\"new_columns-3-14\" class=\"ct-new-columns\" >\n<div id=\"div_block-4-14\" class=\"ct-div-block\" >\n<h1 id=\"headline-5-14\" class=\"ct-headline\">Napredne zdravstvene ustanove, pru\u017eene brzinom<\/h1>\n<p><a id=\"link_button-10-14\" class=\"ct-link-button\" href=\"\/bs_ba\/heritage\/\" target=\"_self\"  >O<\/a><\/div>\n<div id=\"div_block-9-14\" class=\"ct-div-block\" ><link rel='stylesheet' id='oxygen-unslider-css'  href='https:\/\/www.q-bital.com\/wp-content\/plugins\/oxygen\/component-framework\/vendor\/unslider\/unslider.css' type='text\/css' media='all'\/>\n<div id=\"slider-88-14\" class=\"ct-slider ct_unique_slider_9386\" >\n<div class=\"oxygen-unslider-container\">\n<ul>\n<li>\n<div id=\"slide-89-14\" class=\"ct-slide\" ><img decoding=\"async\"  id=\"image-96-14\" alt=\"\" src=\"https:\/\/www.q-bital.com\/wp-content\/uploads\/sites\/8\/2023\/09\/home1.jpg\" class=\"ct-image\"\/><\/div>\n<\/li>\n<li>\n<div id=\"slide-12-65\" class=\"ct-slide\" ><img decoding=\"async\"  id=\"image-13-65\" alt=\"\" src=\"https:\/\/www.q-bital.com\/wp-content\/uploads\/sites\/8\/2023\/09\/home2.jpg\" class=\"ct-image\"\/><\/div>\n<\/li>\n<li>\n<div id=\"slide-14-65\" class=\"ct-slide\" ><img decoding=\"async\"  id=\"image-15-65\" alt=\"\" src=\"https:\/\/www.q-bital.com\/wp-content\/uploads\/sites\/8\/2023\/09\/home3.jpg\" class=\"ct-image\"\/><\/div>\n<\/li>\n<li>\n<div id=\"slide-101-14\" class=\"ct-slide\" ><img decoding=\"async\"  id=\"image-102-14\" alt=\"\" src=\"https:\/\/www.q-bital.com\/wp-content\/uploads\/sites\/8\/2023\/09\/Heartlands-Exterior-3-homepage-carousel-2.jpg\" class=\"ct-image\"\/><\/div>\n<\/li>\n<\/ul>\n<\/div>\n<\/div>\n<p><script class=\"ct-slider-script\">jQuery(document).ready(function($){$('#slider-88-14.ct_unique_slider_9386 .oxygen-unslider-container:not(.unslider-horizontal,.unslider-fade)').unslider({autoplay: true, delay: 3000, animation: 'horizontal', speed : 750, arrows: true, nav: false, infinite: true})});<\/script><\/div>\n<\/div>\n<\/div>\n<\/section>\n<section id=\"section-68-14\" class=\"ct-section\" >\n<div class=\"ct-section-inner-wrap\">\n<div id=\"new_columns-69-14\" class=\"ct-new-columns\" >\n<div id=\"div_block-70-14\" class=\"ct-div-block\" >\n<h2 id=\"headline-71-14\" class=\"ct-headline\">Pru\u017eanje mobilnih i modularnih zdravstvenih rje\u0161enja<\/h2>\n<div id=\"_rich_text-72-14\" class=\"oxy-rich-text\" >\n<p>Vanguard Healthcare Solutions je vode\u0107i globalni dobavlja\u010d fleksibilne klini\u010dke infrastrukture i usluga, koji pru\u017ea visokokvalitetna, tehni\u010dki napredna rje\u0161enja brzim tempom u partnerstvu s na\u0161im klijentima radi pobolj\u0161anja zdravstvenih rezultata.&nbsp;<\/p>\n<p>Radimo sa na\u0161im klijentima na pru\u017eanju visokokvalitetnih, odr\u017eivih zdravstvenih rje\u0161enja, s mobilnim i modularnim zdravstvenim prostorima po mjeri koji zadovoljavaju jedinstvene potrebe svakog zdravstvenog sistema.&nbsp;<\/p>\n<\/div>\n<p><a id=\"link_button-73-14\" class=\"ct-link-button\" href=\"\/bs_ba\/our-facilities\/\" target=\"_self\"  >Na\u0161i objekti<\/a><\/div>\n<div id=\"div_block-74-14\" class=\"ct-div-block\" ><img decoding=\"async\"  id=\"image-75-14\" alt=\"\" src=\"https:\/\/www.q-bital.com\/wp-content\/uploads\/sites\/8\/2023\/06\/kettering-2-1.jpg\" class=\"ct-image\"\/><\/div>\n<\/div>\n<\/div>\n<\/section>\n<section id=\"section-53-14\" class=\"ct-section\" >\n<div class=\"ct-section-inner-wrap\">\n<div id=\"new_columns-54-14\" class=\"ct-new-columns\" >\n<div id=\"div_block-55-14\" class=\"ct-div-block\" ><img decoding=\"async\"  id=\"image-59-14\" alt=\"\" src=\"https:\/\/www.q-bital.com\/wp-content\/uploads\/sites\/8\/2023\/06\/urgent_admission_centre_3D-1.png\" class=\"ct-image fade-up\"\/><\/div>\n<div id=\"div_block-56-14\" class=\"ct-div-block\" >\n<h2 id=\"headline-57-14\" class=\"ct-headline\">\u0160ta mi radimo<\/h2>\n<div id=\"_rich_text-58-14\" class=\"oxy-rich-text\" >\n<p>Na\u0161i mobilni objekti, koji se mogu instalirati i pustiti u rad u roku od nekoliko sedmica, uklju\u010duju operacione sale, endoskopske apartmane, dekontaminaciju endoskopa, sterilizaciju, odjeljenja, klinike, jedinice za lak\u0161e ozljede i primopredaju vozila hitne pomo\u0107i. Skalabilni, uklju\u010duju\u0107i integraciju sa modularnim objektima, slu\u017ee kao hirur\u0161ka \u010dvori\u0161ta i dijagnosti\u010dki centri u zajednici. Modularne zgrade koje gradimo nude neograni\u010den potencijal za stvaranje potpuno jedinstvenih i posebno prilago\u0111enih zdravstvenih prostora, efikasnije nego kada se koriste tradicionalne metode gradnje.<\/p>\n<\/div>\n<p><a id=\"link_button-63-14\" class=\"ct-link-button\" href=\"\/bs_ba\/our-services\/\" target=\"_self\"  >Na\u0161e usluge<\/a><\/div>\n<\/div>\n<\/div>\n<\/section>\n<section id=\"section-64-208\" class=\"ct-section\" >\n<div class=\"ct-section-inner-wrap\">\n<div id=\"div_block-65-208\" class=\"ct-div-block\" >\n<h2 id=\"headline-66-208\" class=\"ct-headline\">Studije slu\u010daja<\/h2>\n<\/div>\n<div id=\"_dynamic_list-67-208\" class=\"oxy-dynamic-list\">\n<div id=\"div_block-68-208-1\" class=\"ct-div-block\" data-id=\"div_block-68-208\">\n<div id=\"div_block-69-208-1\" class=\"ct-div-block\" data-id=\"div_block-69-208\"><img decoding=\"async\" id=\"image-70-208-1\" alt=\"\" src=\"https:\/\/www.q-bital.com\/wp-content\/uploads\/sites\/8\/2024\/08\/Q-bital-still-1820x1024.jpg\" class=\"ct-image\" data-id=\"image-70-208\"><\/div>\n<div id=\"div_block-71-208-1\" class=\"ct-div-block\" data-id=\"div_block-71-208\"><a id=\"link-72-208-1\" class=\"ct-link\" href=\"https:\/\/www.q-bital.com\/bs_ba\/case-study\/a-600m%c2%b2-mixed-modality-solution-meets-north-bristol-nhs-fts-need-for-a-day-case-facility\/\" target=\"_self\" data-id=\"link-72-208\"><\/p>\n<h2 id=\"headline-73-208-1\" class=\"ct-headline\" data-id=\"headline-73-208\"><span id=\"span-74-208\" class=\"ct-span\" >Rje\u0161enje mje\u0161ovitog modaliteta povr\u0161ine 600 m\u00b2 zadovoljava potrebe NHS FT-a Sjevernog Bristola za dnevnim slu\u010dajem<\/span><\/h2>\n<p><\/a><\/p>\n<div id=\"text_block-75-208-1\" class=\"ct-text-block\" data-id=\"text_block-75-208\"><span id=\"span-76-208\" class=\"ct-span\" >Objekat mje\u0161ovitog modaliteta, koji se sastoji od mobilnih pozori\u0161ta i prate\u0107ih prostorija izgra\u0111enih modernim metodama gradnje, minimizira vrijeme isporuke, a istovremeno pru\u017ea fleksibilnost dizajna.<\/span><\/div>\n<p><a id=\"link_text-77-208-1\" class=\"ct-link-text\" href=\"https:\/\/www.q-bital.com\/bs_ba\/case-study\/a-600m%c2%b2-mixed-modality-solution-meets-north-bristol-nhs-fts-need-for-a-day-case-facility\/\" target=\"_self\" data-id=\"link_text-77-208\">Vi\u0161e informacija<\/a><\/div>\n<\/div>\n<div id=\"div_block-68-208-2\" class=\"ct-div-block\" data-id=\"div_block-68-208\">\n<div id=\"div_block-69-208-2\" class=\"ct-div-block\" data-id=\"div_block-69-208\"><img decoding=\"async\" id=\"image-70-208-2\" alt=\"\" src=\"https:\/\/www.q-bital.com\/wp-content\/uploads\/sites\/8\/2024\/08\/Appendix-1_Layout-adjacency-and-images-003-3.jpg\" class=\"ct-image\" data-id=\"image-70-208\"><\/div>\n<div id=\"div_block-71-208-2\" class=\"ct-div-block\" data-id=\"div_block-71-208\"><a id=\"link-72-208-2\" class=\"ct-link\" href=\"https:\/\/www.q-bital.com\/bs_ba\/case-study\/milton-keynes-university-hospital-opens-a-new-day-case-unit-to-increase-surgical-capacity\/\" target=\"_self\" data-id=\"link-72-208\"><\/p>\n<h2 id=\"headline-73-208-2\" class=\"ct-headline\" data-id=\"headline-73-208\"><span id=\"span-74-208\" class=\"ct-span\" >Univerzitetska bolnica Milton Keynes otvara novu dnevnu jedinicu za pove\u0107anje hirur\u0161kih kapaciteta<\/span><\/h2>\n<p><\/a><\/p>\n<div id=\"text_block-75-208-2\" class=\"ct-text-block\" data-id=\"text_block-75-208\"><span id=\"span-76-208\" class=\"ct-span\" >&quot;Moja mjera uspjeha je osvje\u017eavanje izvje\u0161taja o listi pra\u0107enja pacijenata u ponedjeljak i tra\u017eenje da vidim za koliko se smanjila na\u0161a ukupna lista \u010dekanja. I \u010dinimo najbolje za na\u0161e pacijente i to je ono \u0161to mi je zaista va\u017eno.&quot; - Claire McGillycuddy, MKUH<\/span><\/div>\n<p><a id=\"link_text-77-208-2\" class=\"ct-link-text\" href=\"https:\/\/www.q-bital.com\/bs_ba\/case-study\/milton-keynes-university-hospital-opens-a-new-day-case-unit-to-increase-surgical-capacity\/\" target=\"_self\" data-id=\"link_text-77-208\">Vi\u0161e informacija<\/a><\/div>\n<\/div><\/div>\n<div id=\"div_block-78-208\" class=\"ct-div-block\" ><a id=\"link_button-79-208\" class=\"ct-link-button button-blue\" href=\"\/bs_ba\/case-studies\/\" target=\"_self\"  >Pogledajte sve studije slu\u010daja<\/a><\/div>\n<\/div>\n<\/section>\n<div class=\"wp-block-bozboz-hotspot\">\n<div class=\"hotspotContainer ct-section hotspotLayout-2\" style=\"background-color:#dae7f0;padding:50px 20px\">\n<div class=\"hotspotInnerWrap ct-section-inner-wrap\" style=\"border-radius:20px;padding:30px;background-color:#004983;color:#fff;display:flex\">\n<div class=\"hotspotCol hotspotColOne\">\n<div class=\"hotspotImageContainer\" style=\"position:relative;max-width:800px\">\n<div class=\"hotspotDot\" data-text=\"Clean storage\" data-x=\"21\" data-y=\"14\" style=\"position:absolute;top:14%;left:21%\">\n<div>A<\/div>\n<\/div>\n<div class=\"hotspotDot\" data-text=\"Corridor\" data-x=\"39\" data-y=\"15\" style=\"position:absolute;top:15%;left:39%\">\n<div>B<\/div>\n<\/div>\n<div class=\"hotspotDot\" data-text=\"corridor\" data-x=\"61\" data-y=\"8\" style=\"position:absolute;top:8%;left:61%\">\n<div>C<\/div>\n<\/div>\n<div class=\"hotspotDot\" data-text=\"Anaesthetic\" data-x=\"19\" data-y=\"29\" style=\"position:absolute;top:29%;left:19%\">\n<div>D<\/div>\n<\/div>\n<div class=\"hotspotDot\" data-text=\"Theatre\" data-x=\"44\" data-y=\"29\" style=\"position:absolute;top:29%;left:44%\">\n<div>E<\/div>\n<\/div>\n<div class=\"hotspotDot\" data-text=\"Recovery\" data-x=\"73\" data-y=\"46\" style=\"position:absolute;top:46%;left:73%\">\n<div>F<\/div>\n<\/div>\n<div class=\"hotspotDot\" data-text=\"Janitor room\" data-x=\"59\" data-y=\"66\" style=\"position:absolute;top:66%;left:59%\">\n<div>G<\/div>\n<\/div>\n<div class=\"hotspotDot\" data-text=\"Vacuum plant area\" data-x=\"59\" data-y=\"76\" style=\"position:absolute;top:76%;left:59%\">\n<div>H<\/div>\n<\/div>\n<div class=\"hotspotDot\" data-text=\"Dirty utility\" data-x=\"48\" data-y=\"63\" style=\"position:absolute;top:63%;left:48%\">\n<div>I<\/div>\n<\/div>\n<div class=\"hotspotDot\" data-text=\"Staff room\" data-x=\"18\" data-y=\"40\" style=\"position:absolute;top:40%;left:18%\">\n<div>J<\/div>\n<\/div>\n<div class=\"hotspotDot\" data-text=\"Staff toilet\" data-x=\"3\" data-y=\"41\" style=\"position:absolute;top:41%;left:3%\">\n<div>K<\/div>\n<\/div>\n<div class=\"hotspotDot\" data-text=\"Staff changing\" data-x=\"11\" data-y=\"34\" style=\"position:absolute;top:34%;left:11%\">\n<div>L<\/div>\n<\/div>\n<div class=\"hotspotDot\" data-text=\"Air Handling Unit\" data-x=\"10\" data-y=\"20\" style=\"position:absolute;top:20%;left:10%\">\n<div>M<\/div>\n<\/div>\n<p><img decoding=\"async\" src=\"https:\/\/www.q-bital.com\/wp-content\/uploads\/sites\/8\/2023\/06\/Theatre_3D_no-ramps_NO-SHADOWS_NO-KEY.png\" style=\"width:100%;height:auto\"\/><\/div>\n<\/div>\n<div class=\"hotspotCol hotspotColTwo hotspotTextCol hotspotColContent\">\n<h2 style=\"color:#fff\"><span class=\"headingContent\">Mobilna operaciona sala<\/span><\/h2>\n<div placeholder=\"text content\" class=\"textContent\">Na\u0161e laminarne, ultra \u010diste, standardne i hibridne mobilne i modularne operacione sale mogu se izgraditi po meri va\u0161ih zahteva. Vi\u0161e prostorija se mo\u017ee povezati s drugim mobilnim ili modularnim tipovima objekata, uklju\u010duju\u0107i odjele, kako bi se obezbijedio dnevni boravak.<\/div>\n<\/div>\n<\/div>\n<\/div>\n<\/div>\n<section id=\"section-120-14\" class=\"ct-section\" >\n<div class=\"ct-section-inner-wrap\">\n<div id=\"div_block-24-70\" class=\"ct-div-block\" >\n<h2 id=\"headline-66-14\" class=\"ct-headline\">Najnovije vijesti<\/h2>\n<\/div>\n<div id=\"_dynamic_list-121-14\" class=\"oxy-dynamic-list\">\n<div id=\"div_block-122-14-1\" class=\"ct-div-block\" data-id=\"div_block-122-14\"><img decoding=\"async\" id=\"image-123-14-1\" alt=\"\" src=\"https:\/\/www.q-bital.com\/wp-content\/uploads\/sites\/8\/2026\/05\/ERILYAN_-_St_Vincents_Hospital_Launceston_015.jpg\" class=\"ct-image\" srcset-disabled=\"https:\/\/www.q-bital.com\/wp-content\/uploads\/sites\/8\/2026\/05\/ERILYAN_-_St_Vincents_Hospital_Launceston_015.jpg 2000w, https:\/\/www.q-bital.com\/wp-content\/uploads\/sites\/8\/2026\/05\/ERILYAN_-_St_Vincents_Hospital_Launceston_015-300x200.jpg 300w, https:\/\/www.q-bital.com\/wp-content\/uploads\/sites\/8\/2026\/05\/ERILYAN_-_St_Vincents_Hospital_Launceston_015-1538x1024.jpg 1538w, https:\/\/www.q-bital.com\/wp-content\/uploads\/sites\/8\/2026\/05\/ERILYAN_-_St_Vincents_Hospital_Launceston_015-768x511.jpg 768w, https:\/\/www.q-bital.com\/wp-content\/uploads\/sites\/8\/2026\/05\/ERILYAN_-_St_Vincents_Hospital_Launceston_015-1536x1023.jpg 1536w, https:\/\/www.q-bital.com\/wp-content\/uploads\/sites\/8\/2026\/05\/ERILYAN_-_St_Vincents_Hospital_Launceston_015-18x12.jpg 18w\" sizes=\"(max-width: 2000px) 100vw, 2000px\" data-id=\"image-123-14\"><\/p>\n<div id=\"div_block-124-14-1\" class=\"ct-div-block\" data-id=\"div_block-124-14\"><a id=\"link-125-14-1\" class=\"ct-link\" href=\"https:\/\/www.q-bital.com\/bs_ba\/q-bital-completes-two-new-theatre-installations-for-calvary-st-vincents-hospital-launceston-helping-to-future-proof-patient-care\/\" target=\"_self\" data-id=\"link-125-14\"><\/p>\n<h2 id=\"headline-126-14-1\" class=\"ct-headline\" data-id=\"headline-126-14\"><span id=\"span-127-14\" class=\"ct-span\" >Q-bital zavr\u0161ava instalacije dvije nove operacione sale za bolnicu Calvary St Vincent&#039;s u Launcestonu \u2013 poma\u017eu\u0107i u osiguravanju njege pacijenata za budu\u0107nost.<\/span><\/h2>\n<p><\/a><\/p>\n<div id=\"text_block-128-14-1\" class=\"ct-text-block\" data-id=\"text_block-128-14\"><span id=\"span-129-14\" class=\"ct-span\" >Q-bital Healthcare Solutions sa zadovoljstvom objavljuje instalaciju dvije nove modularne operacione sale u bolnici Calvary St Vincent&#039;s u Launcestonu, \u0161to ozna\u010dava zna\u010dajnu prekretnicu u ja\u010danju hirur\u0161kih kapaciteta za sjevernu Tasmaniju.<\/span><\/div>\n<p><a id=\"link_text-130-14-1\" class=\"ct-link-text\" href=\"https:\/\/www.q-bital.com\/bs_ba\/q-bital-completes-two-new-theatre-installations-for-calvary-st-vincents-hospital-launceston-helping-to-future-proof-patient-care\/\" target=\"_self\" data-id=\"link_text-130-14\">\u010citaj vi\u0161e<\/a><\/div>\n<\/div>\n<div id=\"div_block-122-14-2\" class=\"ct-div-block\" data-id=\"div_block-122-14\">\n<div id=\"div_block-124-14-2\" class=\"ct-div-block\" data-id=\"div_block-124-14\"><a id=\"link-125-14-2\" class=\"ct-link\" href=\"https:\/\/www.q-bital.com\/bs_ba\/building-better-healthcare-awards-2026\/\" target=\"_self\" data-id=\"link-125-14\"><\/p>\n<h2 id=\"headline-126-14-2\" class=\"ct-headline\" data-id=\"headline-126-14\"><span id=\"span-127-14\" class=\"ct-span\" >Nagrade za izgradnju bolje zdravstvene za\u0161tite 2026.<\/span><\/h2>\n<p><\/a><\/p>\n<div id=\"text_block-128-14-2\" class=\"ct-text-block\" data-id=\"text_block-128-14\"><span id=\"span-129-14\" class=\"ct-span\" >Vanguard Healthcare Solutions sa zadovoljstvom objavljuje da \u0107emo prisustvovati dodjeli nagrada Building Better Healthcare Awards 2026, koja \u0107e se odr\u017eati 4. novembra 2026. u The Brewery u Londonu. Radujemo se povezivanju s kolegama iz cijele zajednice zdravstvene za\u0161tite, dizajna i infrastrukture na ovom presti\u017enom doga\u0111aju.<\/span><\/div>\n<p><a id=\"link_text-130-14-2\" class=\"ct-link-text\" href=\"https:\/\/www.q-bital.com\/bs_ba\/building-better-healthcare-awards-2026\/\" target=\"_self\" data-id=\"link_text-130-14\">\u010citaj vi\u0161e<\/a><\/div>\n<\/div>\n<div id=\"div_block-122-14-3\" class=\"ct-div-block\" data-id=\"div_block-122-14\">\n<div id=\"div_block-124-14-3\" class=\"ct-div-block\" data-id=\"div_block-124-14\"><a id=\"link-125-14-3\" class=\"ct-link\" href=\"https:\/\/www.q-bital.com\/bs_ba\/mpba-awards-2026\/\" target=\"_self\" data-id=\"link-125-14\"><\/p>\n<h2 id=\"headline-126-14-3\" class=\"ct-headline\" data-id=\"headline-126-14\"><span id=\"span-127-14\" class=\"ct-span\" >Nagrade MPBA 2026.<\/span><\/h2>\n<p><\/a><\/p>\n<div id=\"text_block-128-14-3\" class=\"ct-text-block\" data-id=\"text_block-128-14\"><span id=\"span-129-14\" class=\"ct-span\" >Vanguard Healthcare Solutions s ponosom najavljuje svoje u\u010de\u0161\u0107e na dodjeli MPBA nagrada 2026, koja \u0107e se odr\u017eati 7. maja 2026. u Grand Hotelu Birmingham. Ovogodi\u0161nji doga\u0111aj je posebno zna\u010dajan za tim, jer je Vanguard u\u0161ao u u\u017ei izbor za tri presti\u017ene nagrade koje prepoznaju izvrsnost u pru\u017eanju zdravstvene infrastrukture.<\/span><\/div>\n<p><a id=\"link_text-130-14-3\" class=\"ct-link-text\" href=\"https:\/\/www.q-bital.com\/bs_ba\/mpba-awards-2026\/\" target=\"_self\" data-id=\"link_text-130-14\">\u010citaj vi\u0161e<\/a><\/div>\n<\/div><\/div>\n<div id=\"div_block-144-14\" class=\"ct-div-block\" ><a id=\"link_button-146-14\" class=\"ct-link-button button-blue\" href=\"\/bs_ba\/news\/\" target=\"_self\"  >Pogledajte sve vijesti<\/a><\/div>\n<\/div>\n<\/section>\n<section id=\"section-144-59\" class=\"ct-section\" >\n<div class=\"ct-section-inner-wrap\">\n<div id=\"new_columns-145-59\" class=\"ct-new-columns\" >\n<div id=\"div_block-146-59\" class=\"ct-div-block\" >\n<div id=\"_rich_text-9-63\" class=\"oxy-rich-text\" >\n<p>Pronala\u017eenje rje\u0161enja koje funkcionira za va\u0161u bolnicu moglo bi po\u010deti ovdje\u2026<\/p>\n<\/div>\n<p><a id=\"link_button-149-59\" class=\"ct-link-button\" href=\"\/bs_ba\/contact\/\" target=\"_self\"  >Javite se<\/a><\/div>\n<div id=\"div_block-150-59\" class=\"ct-div-block\" ><img decoding=\"async\"  id=\"image-151-59\" alt=\"\" src=\"https:\/\/www.q-bital.com\/wp-content\/uploads\/sites\/8\/2023\/07\/mobile-operating-theatre-3.jpg\" class=\"ct-image\"\/><\/div>\n<\/div>\n<\/div>\n<\/section>","protected":false},"excerpt":{"rendered":"","protected":false},"author":2,"featured_media":0,"parent":0,"menu_order":0,"comment_status":"closed","ping_status":"closed","template":"","meta":{"_acf_changed":false,"footnotes":""},"class_list":["post-14","page","type-page","status-publish","hentry"],"acf":[],"yoast_head":"<!-- This site is optimized with the Yoast SEO plugin v27.5 - https:\/\/yoast.com\/product\/yoast-seo-wordpress\/ -->\n<title>Homepage - Q-bital Healthcare Solutions<\/title>\n<meta name=\"robots\" content=\"index, follow, max-snippet:-1, max-image-preview:large, max-video-preview:-1\" \/>\n<link rel=\"canonical\" href=\"https:\/\/www.q-bital.com\/bs_ba\/\" \/>\n<meta property=\"og:locale\" content=\"bs_BA\" \/>\n<meta property=\"og:type\" content=\"article\" \/>\n<meta property=\"og:title\" content=\"Homepage - Q-bital Healthcare Solutions\" \/>\n<meta property=\"og:url\" content=\"https:\/\/www.q-bital.com\/bs_ba\/\" \/>\n<meta property=\"og:site_name\" content=\"Q-bital Healthcare Solutions\" \/>\n<meta property=\"article:modified_time\" content=\"2026-03-03T11:20:33+00:00\" \/>\n<meta name=\"twitter:card\" content=\"summary_large_image\" \/>\n<meta name=\"twitter:label1\" content=\"Est. reading time\" \/>\n\t<meta name=\"twitter:data1\" content=\"1 minuta\" \/>\n<script type=\"application\/ld+json\" class=\"yoast-schema-graph\">{\"@context\":\"https:\\\/\\\/schema.org\",\"@graph\":[{\"@type\":\"WebPage\",\"@id\":\"https:\\\/\\\/www.q-bital.com\\\/\",\"url\":\"https:\\\/\\\/www.q-bital.com\\\/\",\"name\":\"Homepage - Q-bital Healthcare Solutions\",\"isPartOf\":{\"@id\":\"https:\\\/\\\/www.q-bital.com\\\/#website\"},\"datePublished\":\"2023-05-24T11:38:34+00:00\",\"dateModified\":\"2026-03-03T11:20:33+00:00\",\"inLanguage\":\"bs-BA\",\"potentialAction\":[{\"@type\":\"ReadAction\",\"target\":[\"https:\\\/\\\/www.q-bital.com\\\/\"]}]},{\"@type\":\"WebSite\",\"@id\":\"https:\\\/\\\/www.q-bital.com\\\/#website\",\"url\":\"https:\\\/\\\/www.q-bital.com\\\/\",\"name\":\"Q-bital Healthcare Solutions\",\"description\":\"\",\"potentialAction\":[{\"@type\":\"SearchAction\",\"target\":{\"@type\":\"EntryPoint\",\"urlTemplate\":\"https:\\\/\\\/www.q-bital.com\\\/?s={search_term_string}\"},\"query-input\":{\"@type\":\"PropertyValueSpecification\",\"valueRequired\":true,\"valueName\":\"search_term_string\"}}],\"inLanguage\":\"bs-BA\"}]}<\/script>\n<!-- \/ Yoast SEO plugin. -->","yoast_head_json":{"title":"Po\u010detna stranica - Q-bital zdravstvena rje\u0161enja","robots":{"index":"index","follow":"follow","max-snippet":"max-snippet:-1","max-image-preview":"max-image-preview:large","max-video-preview":"max-video-preview:-1"},"canonical":"https:\/\/www.q-bital.com\/bs_ba\/","og_locale":"bs_BA","og_type":"article","og_title":"Homepage - Q-bital Healthcare Solutions","og_url":"https:\/\/www.q-bital.com\/bs_ba\/","og_site_name":"Q-bital Healthcare Solutions","article_modified_time":"2026-03-03T11:20:33+00:00","twitter_card":"summary_large_image","twitter_misc":{"Est. reading time":"1 minuta"},"schema":{"@context":"https:\/\/schema.org","@graph":[{"@type":"WebPage","@id":"https:\/\/www.q-bital.com\/","url":"https:\/\/www.q-bital.com\/","name":"Po\u010detna stranica - Q-bital zdravstvena rje\u0161enja","isPartOf":{"@id":"https:\/\/www.q-bital.com\/#website"},"datePublished":"2023-05-24T11:38:34+00:00","dateModified":"2026-03-03T11:20:33+00:00","inLanguage":"bs-BA","potentialAction":[{"@type":"ReadAction","target":["https:\/\/www.q-bital.com\/"]}]},{"@type":"WebSite","@id":"https:\/\/www.q-bital.com\/#website","url":"https:\/\/www.q-bital.com\/","name":"Q-bital Healthcare Solutions","description":"","potentialAction":[{"@type":"SearchAction","target":{"@type":"EntryPoint","urlTemplate":"https:\/\/www.q-bital.com\/?s={search_term_string}"},"query-input":{"@type":"PropertyValueSpecification","valueRequired":true,"valueName":"search_term_string"}}],"inLanguage":"bs-BA"}]}},"_links":{"self":[{"href":"https:\/\/www.q-bital.com\/bs_ba\/wp-json\/wp\/v2\/pages\/14","targetHints":{"allow":["GET"]}}],"collection":[{"href":"https:\/\/www.q-bital.com\/bs_ba\/wp-json\/wp\/v2\/pages"}],"about":[{"href":"https:\/\/www.q-bital.com\/bs_ba\/wp-json\/wp\/v2\/types\/page"}],"author":[{"embeddable":true,"href":"https:\/\/www.q-bital.com\/bs_ba\/wp-json\/wp\/v2\/users\/2"}],"replies":[{"embeddable":true,"href":"https:\/\/www.q-bital.com\/bs_ba\/wp-json\/wp\/v2\/comments?post=14"}],"version-history":[{"count":0,"href":"https:\/\/www.q-bital.com\/bs_ba\/wp-json\/wp\/v2\/pages\/14\/revisions"}],"wp:attachment":[{"href":"https:\/\/www.q-bital.com\/bs_ba\/wp-json\/wp\/v2\/media?parent=14"}],"curies":[{"name":"radni list","href":"https:\/\/api.w.org\/{rel}","templated":true}]}}