{"id":164,"date":"2023-06-13T09:58:11","date_gmt":"2023-06-13T09:58:11","guid":{"rendered":"https:\/\/www.q-bital.com\/?page_id=164"},"modified":"2023-08-17T13:57:08","modified_gmt":"2023-08-17T13:57:08","slug":"our-facilities","status":"publish","type":"page","link":"https:\/\/www.q-bital.com\/bs_ba\/our-facilities\/","title":{"rendered":"Na\u0161i objekti"},"content":{"rendered":"<section id=\"section-2-59\" class=\"ct-section\" style=\"background-image:url(https:\/\/www.q-bital.com\/wp-content\/uploads\/sites\/8\/2023\/05\/boulders-right.png);background-size: auto;\" >\n<div class=\"ct-section-inner-wrap\">\n<div id=\"div_block-8-59\" class=\"ct-div-block\" ><a id=\"link_text-6-59\" class=\"ct-link-text\" href=\"\/bs_ba\/\" target=\"_self\"  >Dom<\/a><\/p>\n<h1 id=\"headline-3-59\" class=\"ct-headline\"><span id=\"span-4-59\" class=\"ct-span\" >Na\u0161i objekti<\/span><\/h1>\n<\/div>\n<\/div>\n<\/section>\n<section id=\"section-68-14-text-left-white\" class=\"ct-section\" >\n<div class=\"ct-section-inner-wrap\">\n<div id=\"new_columns-69-14text-left-white\" class=\"ct-new-columns\" >\n<div id=\"div_block-70-14\" class=\"ct-div-block\" >\n<h2 id=\"headline-71-14\" class=\"ct-headline\">Radim s vama na maksimalnoj brizi za pacijente<\/h2>\n<div id=\"_rich_text-72-14\" class=\"oxy-rich-text\" >\n<p>Prepoznajemo sa kakvim se svakodnevnim pritiscima suo\u010davaju bolnice i ponosni smo \u0161to nudimo \u0161irok spektar inovativnih rje\u0161enja za prostor. Mo\u017eete brzo pro\u0161iriti kapacitete svoje zdravstvene za\u0161tite s na\u0161im visoko funkcionalnim, specijalisti\u010dkim integriranim klini\u010dkim okru\u017eenjima koja su pogodna i za rutinske i za slo\u017eene procedure.&nbsp;<\/p>\n<p>Na\u0161i specijalisti\u010dki klini\u010dki i operativni timovi imaju uvid i stru\u010dnost za dizajniranje, izgradnju i isporuku zdravstvenih prostora brzinom kako bi zadovoljili va\u0161e individualne potrebe. Objekti se mogu trenutno mobilizirati kako bi se ubla\u017eili hitni zahtjevi za kapacitetom, ili mo\u017eemo raditi s vama na stvaranju i isporuci rje\u0161enja po mjeri. Sigurnost, uskla\u0111enost i putevi pacijenata klju\u010dni su za dono\u0161enje svih odluka.&nbsp;<\/p>\n<p>Od operacionih sala i hirur\u0161kih centara do dijagnosti\u010dkih centara u zajednici i endoskopskih rje\u0161enja, na\u0161a infrastruktura i objekti nude vrhunsko iskustvo i za osoblje i za pacijente.&nbsp;<\/p>\n<\/div>\n<\/div>\n<div id=\"div_block-74-14\" class=\"ct-div-block\" ><img decoding=\"async\"  id=\"image-75-14\" alt=\"\" src=\"https:\/\/www.q-bital.com\/wp-content\/uploads\/sites\/8\/2023\/05\/Staffed-operating-theatre1.jpg\" class=\"ct-image\"\/><\/div>\n<\/div>\n<\/div>\n<\/section>\n<section id=\"section-13-59\" class=\"ct-section\" >\n<div class=\"ct-section-inner-wrap\">\n<div id=\"_dynamic_list-16-59\" class=\"oxy-dynamic-list\">\n<div id=\"div_block-17-59-1\" class=\"ct-div-block\" data-id=\"div_block-17-59\"><a id=\"link-141-59-1\" class=\"ct-link\" href=\"https:\/\/www.q-bital.com\/bs_ba\/facilities\/our-facilities\/\" data-id=\"link-141-59\"><img decoding=\"async\" id=\"image-25-59-1\" alt=\"\" src=\"https:\/\/www.q-bital.com\/wp-content\/uploads\/sites\/8\/2023\/06\/kettering-2-1-1024x472.jpg\" class=\"ct-image\" data-id=\"image-25-59\"><\/a><\/p>\n<div id=\"div_block-49-59-1\" class=\"ct-div-block\" data-id=\"div_block-49-59\">\n<h3 id=\"headline-34-59-1\" class=\"ct-headline\" data-id=\"headline-34-59\"><span id=\"span-42-59\" class=\"ct-span\" ><a href='https:\/\/www.q-bital.com\/bs_ba\/facilities\/our-facilities\/'>Na\u0161i objekti<\/a><\/span><\/h3>\n<p><a id=\"link_button-73-167-1\" class=\"ct-link-button button-pink\" href=\"https:\/\/www.q-bital.com\/bs_ba\/facilities\/our-facilities\/\" target=\"_self\" data-id=\"link_button-73-167\">Nau\u010di vi\u0161e<\/a><\/div>\n<\/div>\n<div id=\"div_block-17-59-2\" class=\"ct-div-block\" data-id=\"div_block-17-59\"><a id=\"link-141-59-2\" class=\"ct-link\" href=\"https:\/\/www.q-bital.com\/bs_ba\/facilities\/operating-rooms\/\" data-id=\"link-141-59\"><img decoding=\"async\" id=\"image-25-59-2\" alt=\"\" src=\"https:\/\/www.q-bital.com\/wp-content\/uploads\/sites\/8\/2023\/06\/mobile_operating_theatre8_Q-bital-1024x683.jpg\" class=\"ct-image\" data-id=\"image-25-59\"><\/a><\/p>\n<div id=\"div_block-49-59-2\" class=\"ct-div-block\" data-id=\"div_block-49-59\">\n<h3 id=\"headline-34-59-2\" class=\"ct-headline\" data-id=\"headline-34-59\"><span id=\"span-42-59\" class=\"ct-span\" ><a href='https:\/\/www.q-bital.com\/bs_ba\/facilities\/operating-rooms\/'>Operacione sale<\/a><\/span><\/h3>\n<p><a id=\"link_button-73-167-2\" class=\"ct-link-button button-pink\" href=\"https:\/\/www.q-bital.com\/bs_ba\/facilities\/operating-rooms\/\" target=\"_self\" data-id=\"link_button-73-167\">Nau\u010di vi\u0161e<\/a><\/div>\n<\/div>\n<div id=\"div_block-17-59-3\" class=\"ct-div-block\" data-id=\"div_block-17-59\"><a id=\"link-141-59-3\" class=\"ct-link\" href=\"https:\/\/www.q-bital.com\/bs_ba\/facilities\/surgical-hubs\/\" data-id=\"link-141-59\"><img decoding=\"async\" id=\"image-25-59-3\" alt=\"\" src=\"https:\/\/www.q-bital.com\/wp-content\/uploads\/sites\/8\/2023\/06\/modular-operating-theatre-surgical-hub1-1-scaled-1024x768.jpg\" class=\"ct-image\" data-id=\"image-25-59\"><\/a><\/p>\n<div id=\"div_block-49-59-3\" class=\"ct-div-block\" data-id=\"div_block-49-59\">\n<h3 id=\"headline-34-59-3\" class=\"ct-headline\" data-id=\"headline-34-59\"><span id=\"span-42-59\" class=\"ct-span\" ><a href='https:\/\/www.q-bital.com\/bs_ba\/facilities\/surgical-hubs\/'>Hirur\u0161ka \u010dvori\u0161ta<\/a><\/span><\/h3>\n<p><a id=\"link_button-73-167-3\" class=\"ct-link-button button-pink\" href=\"https:\/\/www.q-bital.com\/bs_ba\/facilities\/surgical-hubs\/\" target=\"_self\" data-id=\"link_button-73-167\">Nau\u010di vi\u0161e<\/a><\/div>\n<\/div>\n<div id=\"div_block-17-59-4\" class=\"ct-div-block\" data-id=\"div_block-17-59\"><a id=\"link-141-59-4\" class=\"ct-link\" href=\"https:\/\/www.q-bital.com\/bs_ba\/facilities\/interventional-radiology\/\" data-id=\"link-141-59\"><img decoding=\"async\" id=\"image-25-59-4\" alt=\"\" src=\"https:\/\/www.q-bital.com\/wp-content\/uploads\/sites\/8\/2023\/06\/interventional-radiology-1024x768.jpg\" class=\"ct-image\" data-id=\"image-25-59\"><\/a><\/p>\n<div id=\"div_block-49-59-4\" class=\"ct-div-block\" data-id=\"div_block-49-59\">\n<h3 id=\"headline-34-59-4\" class=\"ct-headline\" data-id=\"headline-34-59\"><span id=\"span-42-59\" class=\"ct-span\" ><a href='https:\/\/www.q-bital.com\/bs_ba\/facilities\/interventional-radiology\/'>Interventna radiologija<\/a><\/span><\/h3>\n<p><a id=\"link_button-73-167-4\" class=\"ct-link-button button-pink\" href=\"https:\/\/www.q-bital.com\/bs_ba\/facilities\/interventional-radiology\/\" target=\"_self\" data-id=\"link_button-73-167\">Nau\u010di vi\u0161e<\/a><\/div>\n<\/div>\n<div id=\"div_block-17-59-5\" class=\"ct-div-block\" data-id=\"div_block-17-59\"><a id=\"link-141-59-5\" class=\"ct-link\" href=\"https:\/\/www.q-bital.com\/bs_ba\/facilities\/endoscopy\/\" data-id=\"link-141-59\"><img decoding=\"async\" id=\"image-25-59-5\" alt=\"\" src=\"https:\/\/www.q-bital.com\/wp-content\/uploads\/sites\/8\/2023\/06\/endoscopy-recovery-1-1-1024x768.jpg\" class=\"ct-image\" data-id=\"image-25-59\"><\/a><\/p>\n<div id=\"div_block-49-59-5\" class=\"ct-div-block\" data-id=\"div_block-49-59\">\n<h3 id=\"headline-34-59-5\" class=\"ct-headline\" data-id=\"headline-34-59\"><span id=\"span-42-59\" class=\"ct-span\" ><a href='https:\/\/www.q-bital.com\/bs_ba\/facilities\/endoscopy\/'>Endoskopija<\/a><\/span><\/h3>\n<p><a id=\"link_button-73-167-5\" class=\"ct-link-button button-pink\" href=\"https:\/\/www.q-bital.com\/bs_ba\/facilities\/endoscopy\/\" target=\"_self\" data-id=\"link_button-73-167\">Nau\u010di vi\u0161e<\/a><\/div>\n<\/div>\n<div id=\"div_block-17-59-6\" class=\"ct-div-block\" data-id=\"div_block-17-59\"><a id=\"link-141-59-6\" class=\"ct-link\" href=\"https:\/\/www.q-bital.com\/bs_ba\/facilities\/endoscope-decontamination\/\" data-id=\"link-141-59\"><img decoding=\"async\" id=\"image-25-59-6\" alt=\"\" src=\"https:\/\/www.q-bital.com\/wp-content\/uploads\/sites\/8\/2023\/06\/Endoscope_decontamination_external_Q-bital-1024x768.jpg\" class=\"ct-image\" data-id=\"image-25-59\"><\/a><\/p>\n<div id=\"div_block-49-59-6\" class=\"ct-div-block\" data-id=\"div_block-49-59\">\n<h3 id=\"headline-34-59-6\" class=\"ct-headline\" data-id=\"headline-34-59\"><span id=\"span-42-59\" class=\"ct-span\" ><a href='https:\/\/www.q-bital.com\/bs_ba\/facilities\/endoscope-decontamination\/'>Dekontaminacija endoskopa<\/a><\/span><\/h3>\n<p><a id=\"link_button-73-167-6\" class=\"ct-link-button button-pink\" href=\"https:\/\/www.q-bital.com\/bs_ba\/facilities\/endoscope-decontamination\/\" target=\"_self\" data-id=\"link_button-73-167\">Nau\u010di vi\u0161e<\/a><\/div>\n<\/div>\n<div id=\"div_block-17-59-7\" class=\"ct-div-block\" data-id=\"div_block-17-59\"><a id=\"link-141-59-7\" class=\"ct-link\" href=\"https:\/\/www.q-bital.com\/bs_ba\/facilities\/central-sterile-services-departments\/\" data-id=\"link-141-59\"><img decoding=\"async\" id=\"image-25-59-7\" alt=\"\" src=\"https:\/\/www.q-bital.com\/wp-content\/uploads\/sites\/8\/2023\/07\/mobile-cssd1-1024x768.jpg\" class=\"ct-image\" data-id=\"image-25-59\"><\/a><\/p>\n<div id=\"div_block-49-59-7\" class=\"ct-div-block\" data-id=\"div_block-49-59\">\n<h3 id=\"headline-34-59-7\" class=\"ct-headline\" data-id=\"headline-34-59\"><span id=\"span-42-59\" class=\"ct-span\" ><a href='https:\/\/www.q-bital.com\/bs_ba\/facilities\/central-sterile-services-departments\/'>Centralne sterilne slu\u017ebe<\/a><\/span><\/h3>\n<p><a id=\"link_button-73-167-7\" class=\"ct-link-button button-pink\" href=\"https:\/\/www.q-bital.com\/bs_ba\/facilities\/central-sterile-services-departments\/\" target=\"_self\" data-id=\"link_button-73-167\">Nau\u010di vi\u0161e<\/a><\/div>\n<\/div>\n<div id=\"div_block-17-59-8\" class=\"ct-div-block\" data-id=\"div_block-17-59\"><a id=\"link-141-59-8\" class=\"ct-link\" href=\"https:\/\/www.q-bital.com\/bs_ba\/facilities\/day-case-centres\/\" data-id=\"link-141-59\"><img decoding=\"async\" id=\"image-25-59-8\" alt=\"\" src=\"https:\/\/www.q-bital.com\/wp-content\/uploads\/sites\/8\/2023\/06\/day-case-bay-2-1-scaled-1024x683.jpg\" class=\"ct-image\" data-id=\"image-25-59\"><\/a><\/p>\n<div id=\"div_block-49-59-8\" class=\"ct-div-block\" data-id=\"div_block-49-59\">\n<h3 id=\"headline-34-59-8\" class=\"ct-headline\" data-id=\"headline-34-59\"><span id=\"span-42-59\" class=\"ct-span\" ><a href='https:\/\/www.q-bital.com\/bs_ba\/facilities\/day-case-centres\/'>Dnevni centri za slu\u010dajeve<\/a><\/span><\/h3>\n<p><a id=\"link_button-73-167-8\" class=\"ct-link-button button-pink\" href=\"https:\/\/www.q-bital.com\/bs_ba\/facilities\/day-case-centres\/\" target=\"_self\" data-id=\"link_button-73-167\">Nau\u010di vi\u0161e<\/a><\/div>\n<\/div>\n<div id=\"div_block-17-59-9\" class=\"ct-div-block\" data-id=\"div_block-17-59\"><a id=\"link-141-59-9\" class=\"ct-link\" href=\"https:\/\/www.q-bital.com\/bs_ba\/facilities\/ward-solutions\/\" data-id=\"link-141-59\"><img decoding=\"async\" id=\"image-25-59-9\" alt=\"\" src=\"https:\/\/www.q-bital.com\/wp-content\/uploads\/sites\/8\/2023\/06\/mobile-hospital-ward-delivery-scaled-1024x768.jpeg\" class=\"ct-image\" data-id=\"image-25-59\"><\/a><\/p>\n<div id=\"div_block-49-59-9\" class=\"ct-div-block\" data-id=\"div_block-49-59\">\n<h3 id=\"headline-34-59-9\" class=\"ct-headline\" data-id=\"headline-34-59\"><span id=\"span-42-59\" class=\"ct-span\" ><a href='https:\/\/www.q-bital.com\/bs_ba\/facilities\/ward-solutions\/'>Odjeljena rje\u0161enja<\/a><\/span><\/h3>\n<p><a id=\"link_button-73-167-9\" class=\"ct-link-button button-pink\" href=\"https:\/\/www.q-bital.com\/bs_ba\/facilities\/ward-solutions\/\" target=\"_self\" data-id=\"link_button-73-167\">Nau\u010di vi\u0161e<\/a><\/div>\n<\/div>\n<div id=\"div_block-17-59-10\" class=\"ct-div-block\" data-id=\"div_block-17-59\"><a id=\"link-141-59-10\" class=\"ct-link\" href=\"https:\/\/www.q-bital.com\/bs_ba\/facilities\/outpatient-clinics\/\" data-id=\"link-141-59\"><img decoding=\"async\" id=\"image-25-59-10\" alt=\"\" src=\"https:\/\/www.q-bital.com\/wp-content\/uploads\/sites\/8\/2023\/06\/recovery-room-1-scaled-1024x683.jpeg\" class=\"ct-image\" data-id=\"image-25-59\"><\/a><\/p>\n<div id=\"div_block-49-59-10\" class=\"ct-div-block\" data-id=\"div_block-49-59\">\n<h3 id=\"headline-34-59-10\" class=\"ct-headline\" data-id=\"headline-34-59\"><span id=\"span-42-59\" class=\"ct-span\" ><a href='https:\/\/www.q-bital.com\/bs_ba\/facilities\/outpatient-clinics\/'>Ambulante<\/a><\/span><\/h3>\n<p><a id=\"link_button-73-167-10\" class=\"ct-link-button button-pink\" href=\"https:\/\/www.q-bital.com\/bs_ba\/facilities\/outpatient-clinics\/\" target=\"_self\" data-id=\"link_button-73-167\">Nau\u010di vi\u0161e<\/a><\/div>\n<\/div>\n<div id=\"div_block-17-59-11\" class=\"ct-div-block\" data-id=\"div_block-17-59\"><a id=\"link-141-59-11\" class=\"ct-link\" href=\"https:\/\/www.q-bital.com\/bs_ba\/facilities\/emergency-department-solutions\/\" data-id=\"link-141-59\"><img decoding=\"async\" id=\"image-25-59-11\" alt=\"\" src=\"https:\/\/www.q-bital.com\/wp-content\/uploads\/sites\/8\/2023\/06\/department.jpg\" class=\"ct-image\" data-id=\"image-25-59\"><\/a><\/p>\n<div id=\"div_block-49-59-11\" class=\"ct-div-block\" data-id=\"div_block-49-59\">\n<h3 id=\"headline-34-59-11\" class=\"ct-headline\" data-id=\"headline-34-59\"><span id=\"span-42-59\" class=\"ct-span\" ><a href='https:\/\/www.q-bital.com\/bs_ba\/facilities\/emergency-department-solutions\/'>Rje\u0161enja hitne pomo\u0107i<\/a><\/span><\/h3>\n<p><a id=\"link_button-73-167-11\" class=\"ct-link-button button-pink\" href=\"https:\/\/www.q-bital.com\/bs_ba\/facilities\/emergency-department-solutions\/\" target=\"_self\" data-id=\"link_button-73-167\">Nau\u010di vi\u0161e<\/a><\/div>\n<\/div>\n<div id=\"div_block-17-59-12\" class=\"ct-div-block\" data-id=\"div_block-17-59\"><a id=\"link-141-59-12\" class=\"ct-link\" href=\"https:\/\/www.q-bital.com\/bs_ba\/facilities\/diagnostic-suites\/\" data-id=\"link-141-59\"><img decoding=\"async\" id=\"image-25-59-12\" alt=\"\" src=\"https:\/\/www.q-bital.com\/wp-content\/uploads\/sites\/8\/2023\/06\/diagnostic.jpg\" class=\"ct-image\" data-id=\"image-25-59\"><\/a><\/p>\n<div id=\"div_block-49-59-12\" class=\"ct-div-block\" data-id=\"div_block-49-59\">\n<h3 id=\"headline-34-59-12\" class=\"ct-headline\" data-id=\"headline-34-59\"><span id=\"span-42-59\" class=\"ct-span\" ><a href='https:\/\/www.q-bital.com\/bs_ba\/facilities\/diagnostic-suites\/'>Dijagnosti\u010dki paketi<\/a><\/span><\/h3>\n<p><a id=\"link_button-73-167-12\" class=\"ct-link-button button-pink\" href=\"https:\/\/www.q-bital.com\/bs_ba\/facilities\/diagnostic-suites\/\" target=\"_self\" data-id=\"link_button-73-167\">Nau\u010di vi\u0161e<\/a><\/div>\n<\/div><\/div>\n<\/div>\n<\/section>\n<section id=\"section-2-254\" class=\"ct-section\" >\n<div class=\"ct-section-inner-wrap\">\n<div id=\"div_block-12-254\" class=\"ct-div-block\" >\n<div id=\"div_block-8-254\" class=\"ct-div-block\" >\n<div id=\"fancy_icon-5-254\" class=\"ct-fancy-icon\" ><svg id=\"svg-fancy_icon-5-254\"><use xlink:href=\"#FontAwesomeicon-quote-left\"><\/use><\/svg><\/div>\n<\/div>\n<div id=\"div_block-9-254\" class=\"ct-div-block\" >\n<div id=\"text_block-3-254\" class=\"ct-text-block\" >&quot;Oni su visokokvalitetno rje\u0161enje; divno je, radi ono \u0161to pi\u0161e na limenci i ima opremu koja mi je potrebna.&quot;<\/div>\n<\/div>\n<div id=\"div_block-10-254\" class=\"ct-div-block\" >\n<div id=\"fancy_icon-6-254\" class=\"ct-fancy-icon\" ><svg id=\"svg-fancy_icon-6-254\"><use xlink:href=\"#FontAwesomeicon-quote-right\"><\/use><\/svg><\/div>\n<\/div>\n<\/div>\n<div id=\"div_block-11-254\" class=\"ct-div-block\" >\n<div id=\"text_block-4-254\" class=\"ct-text-block\" >Operacije, renoviranje endoskopije<\/div>\n<\/div>\n<\/div>\n<\/section>","protected":false},"excerpt":{"rendered":"","protected":false},"author":2,"featured_media":0,"parent":0,"menu_order":0,"comment_status":"closed","ping_status":"closed","template":"","meta":{"_acf_changed":false,"footnotes":""},"class_list":["post-164","page","type-page","status-publish","hentry"],"acf":[],"yoast_head":"<!-- This site is optimized with the Yoast SEO plugin v27.5 - https:\/\/yoast.com\/product\/yoast-seo-wordpress\/ -->\n<title>Our facilities - Q-bital Healthcare Solutions<\/title>\n<meta name=\"robots\" content=\"index, follow, max-snippet:-1, max-image-preview:large, max-video-preview:-1\" \/>\n<link rel=\"canonical\" href=\"https:\/\/www.q-bital.com\/bs_ba\/our-facilities\/\" \/>\n<meta property=\"og:locale\" content=\"bs_BA\" \/>\n<meta property=\"og:type\" content=\"article\" \/>\n<meta property=\"og:title\" content=\"Our facilities - Q-bital Healthcare Solutions\" \/>\n<meta property=\"og:url\" content=\"https:\/\/www.q-bital.com\/bs_ba\/our-facilities\/\" \/>\n<meta property=\"og:site_name\" content=\"Q-bital Healthcare Solutions\" \/>\n<meta property=\"article:modified_time\" content=\"2023-08-17T13:57:08+00:00\" \/>\n<meta name=\"twitter:card\" content=\"summary_large_image\" \/>\n<script type=\"application\/ld+json\" class=\"yoast-schema-graph\">{\"@context\":\"https:\\\/\\\/schema.org\",\"@graph\":[{\"@type\":\"WebPage\",\"@id\":\"https:\\\/\\\/www.q-bital.com\\\/our-facilities\\\/\",\"url\":\"https:\\\/\\\/www.q-bital.com\\\/our-facilities\\\/\",\"name\":\"Our facilities - Q-bital Healthcare Solutions\",\"isPartOf\":{\"@id\":\"https:\\\/\\\/www.q-bital.com\\\/#website\"},\"datePublished\":\"2023-06-13T09:58:11+00:00\",\"dateModified\":\"2023-08-17T13:57:08+00:00\",\"inLanguage\":\"bs-BA\",\"potentialAction\":[{\"@type\":\"ReadAction\",\"target\":[\"https:\\\/\\\/www.q-bital.com\\\/our-facilities\\\/\"]}]},{\"@type\":\"WebSite\",\"@id\":\"https:\\\/\\\/www.q-bital.com\\\/#website\",\"url\":\"https:\\\/\\\/www.q-bital.com\\\/\",\"name\":\"Q-bital Healthcare Solutions\",\"description\":\"\",\"potentialAction\":[{\"@type\":\"SearchAction\",\"target\":{\"@type\":\"EntryPoint\",\"urlTemplate\":\"https:\\\/\\\/www.q-bital.com\\\/?s={search_term_string}\"},\"query-input\":{\"@type\":\"PropertyValueSpecification\",\"valueRequired\":true,\"valueName\":\"search_term_string\"}}],\"inLanguage\":\"bs-BA\"}]}<\/script>\n<!-- \/ Yoast SEO plugin. -->","yoast_head_json":{"title":"Na\u0161i objekti - Q-bital zdravstvena rje\u0161enja","robots":{"index":"index","follow":"follow","max-snippet":"max-snippet:-1","max-image-preview":"max-image-preview:large","max-video-preview":"max-video-preview:-1"},"canonical":"https:\/\/www.q-bital.com\/bs_ba\/our-facilities\/","og_locale":"bs_BA","og_type":"article","og_title":"Our facilities - Q-bital Healthcare Solutions","og_url":"https:\/\/www.q-bital.com\/bs_ba\/our-facilities\/","og_site_name":"Q-bital Healthcare Solutions","article_modified_time":"2023-08-17T13:57:08+00:00","twitter_card":"summary_large_image","schema":{"@context":"https:\/\/schema.org","@graph":[{"@type":"WebPage","@id":"https:\/\/www.q-bital.com\/our-facilities\/","url":"https:\/\/www.q-bital.com\/our-facilities\/","name":"Na\u0161i objekti - Q-bital zdravstvena rje\u0161enja","isPartOf":{"@id":"https:\/\/www.q-bital.com\/#website"},"datePublished":"2023-06-13T09:58:11+00:00","dateModified":"2023-08-17T13:57:08+00:00","inLanguage":"bs-BA","potentialAction":[{"@type":"ReadAction","target":["https:\/\/www.q-bital.com\/our-facilities\/"]}]},{"@type":"WebSite","@id":"https:\/\/www.q-bital.com\/#website","url":"https:\/\/www.q-bital.com\/","name":"Q-bital Healthcare Solutions","description":"","potentialAction":[{"@type":"SearchAction","target":{"@type":"EntryPoint","urlTemplate":"https:\/\/www.q-bital.com\/?s={search_term_string}"},"query-input":{"@type":"PropertyValueSpecification","valueRequired":true,"valueName":"search_term_string"}}],"inLanguage":"bs-BA"}]}},"_links":{"self":[{"href":"https:\/\/www.q-bital.com\/bs_ba\/wp-json\/wp\/v2\/pages\/164","targetHints":{"allow":["GET"]}}],"collection":[{"href":"https:\/\/www.q-bital.com\/bs_ba\/wp-json\/wp\/v2\/pages"}],"about":[{"href":"https:\/\/www.q-bital.com\/bs_ba\/wp-json\/wp\/v2\/types\/page"}],"author":[{"embeddable":true,"href":"https:\/\/www.q-bital.com\/bs_ba\/wp-json\/wp\/v2\/users\/2"}],"replies":[{"embeddable":true,"href":"https:\/\/www.q-bital.com\/bs_ba\/wp-json\/wp\/v2\/comments?post=164"}],"version-history":[{"count":0,"href":"https:\/\/www.q-bital.com\/bs_ba\/wp-json\/wp\/v2\/pages\/164\/revisions"}],"wp:attachment":[{"href":"https:\/\/www.q-bital.com\/bs_ba\/wp-json\/wp\/v2\/media?parent=164"}],"curies":[{"name":"radni list","href":"https:\/\/api.w.org\/{rel}","templated":true}]}}