{"id":366,"date":"2023-06-28T13:13:23","date_gmt":"2023-06-28T13:13:23","guid":{"rendered":"https:\/\/www.q-bital.com\/?page_id=366"},"modified":"2025-06-18T10:30:44","modified_gmt":"2025-06-18T10:30:44","slug":"modern-slavery-and-human-trafficking-statement","status":"publish","type":"page","link":"https:\/\/www.q-bital.com\/bs_ba\/modern-slavery-and-human-trafficking-statement\/","title":{"rendered":"Izjava o modernom ropstvu i trgovini ljudima"},"content":{"rendered":"<h3 class=\"wp-block-heading\">Policy<\/h3>\n<p>Moderno ropstvo je zlo\u010din i kr\u0161enje osnovnih ljudskih prava. Ima razli\u010dite oblike, kao \u0161to su ropstvo, ropstvo, prisilni i obavezni rad i trgovina ljudima, a svima je zajedni\u010dko li\u0161avanje slobode od strane drugog lica kako bi ih iskoristio za li\u010dnu ili komercijalnu dobit. Grupa ima pristup nulte tolerancije prema modernom ropstvu. Pona\u0161a\u0107emo se eti\u010dki i sa integritetom u svim na\u0161im poslovnim odnosima i odnosima, implementiraju\u0107i i provode\u0107i efektivne sisteme i kontrole kako bismo osigurali da se moderno ropstvo ne de\u0161ava nigde u na\u0161oj Grupi ili na\u0161im lancima snabdevanja. Razumijemo da se ropstvo i trgovina ljudima \u010desto koriste zajedno.<\/p>\n<p>Posve\u0107eni smo osiguravanju transparentnosti u na\u0161oj Grupi, poslovanju i na\u0161em pristupu rje\u0161avanju modernog ropstva u na\u0161im lancima nabavke. Ovo je u skladu s na\u0161im obavezama otkrivanja podataka prema Zakonu o modernom ropstvu iz 2015.<\/p>\n<h4 class=\"wp-block-heading\">Na\u0161 lanac nabavke i ljudi<\/h4>\n<p>Od svih na\u0161ih izvo\u0111a\u010da, dobavlja\u010da i drugih poslovnih partnera o\u010dekujemo iste visoke eti\u010dke standarde. Kao dio na\u0161eg procesa ugovaranja, ovi standardi i zahtjevi \u010dine dio na\u0161eg sporazuma sa na\u0161im podizvo\u0111a\u010dima.<\/p>\n<p>Ova izjava se odnosi na sve osobe koje rade za nas u na\u0161em lancu snabdevanja, u na\u0161e ime u bilo kom svojstvu. Ovo uklju\u010duje zaposlene na svim nivoima, direktore, slu\u017ebenike, radnike u agencijama, ustupljene radnike, volontere, agente, izvo\u0111a\u010de radova, spoljne konsultante, predstavnike tre\u0107ih strana i poslovnim partnerima.<\/p>\n<p>Usko sara\u0111ujemo s na\u0161im dobavlja\u010dima, \u0161to nam omogu\u0107ava da identifikujemo sve potencijalne rizike neuskla\u0111enosti.<\/p>\n<h4 class=\"wp-block-heading\">Upravljanje<\/h4>\n<p>Neprestano razvijamo na\u0161e upravljanje i interne kontrole kako bismo identifikovali zabrinutosti ili rizike u vezi s kori\u0161tenjem prisilnog, obaveznog ili rada \u017ertava trgovine ljudima, ili bilo koga ko se dr\u017ei u ropstvu ili ropskom polo\u017eaju, bilo da se radi o odraslima ili djeci. Uspostavili smo kontrole kako bismo lanac snabdijevanja odr\u017eali na istim visokim standardima. Svjesni smo rizika i imamo kontrole za njihovo upravljanje, a na\u0161a struktura upravljanja pru\u017ea sigurnost.<\/p>\n<h3 class=\"wp-block-heading\">Izjava<\/h3>\n<ol class=\"wp-block-list\">\n<li><strong>Uvod<\/strong><br \/>Ova izjava je data u skladu sa \u010dlanom 54(6) Zakona o modernom ropstvu iz 2015. godine i predstavlja na\u0161e akcije za razumijevanje svih potencijalnih rizika modernog ropstva povezanih s na\u0161im poslovanjem i za uspostavljanje kontrola s ciljem osiguranja da nema ropstva ili trgovine ljudima unutar na\u0161ih vlastitih preduze\u0107a i lanaca snabdijevanja. Ova izjava se odnosi na akcije i aktivnosti tokom fiskalne godine koja je zavr\u0161ila 31. decembra 2024. godine.<\/li>\n<\/ol>\n<p>2. <strong>Biznis<\/strong><br \/>Ova izjava pokriva aktivnosti sljede\u0107ih subjekata iz Ujedinjenog Kraljevstva u okviru Grupe ###Vanguard### (\u201eGrupa\u201c):<\/p>\n<ul class=\"wp-block-list\">\n<li>###Vanguard### Zdravstvena rje\u0161enja Limited<\/li>\n<li>Armada Topco Limited <\/li>\n<li>Armada Midco Limited<\/li>\n<li>Armada Bidco Limited <\/li>\n<li>Projekt Darwin Bidco Limited<\/li>\n<li>###Vanguard### Rje\u0161enja za zdravstvo (Modular) Limited<\/li>\n<\/ul>\n<p>Grupa ve\u0107 preko 25 godina pru\u017ea fleksibilnu klini\u010dku infrastrukturu, uklju\u010duju\u0107i opremu, osoblje i pomo\u0107ne usluge javnom i privatnom zdravstvenom sektoru u Velikoj Britaniji i inostranstvu. Grupa ima lokacije u Velikoj Britaniji i Australiji. U 2024. godini imali smo prosje\u010dno 153 zaposlena, ali kao organizacija zavisimo od agencijskih radnika i izvo\u0111a\u010da radova.<\/p>\n<p>3. <strong>Lanac snabdevanja i na\u0161i ljudi<\/strong><br \/>Lanac snabdijevanja uklju\u010den u vo\u0111enje i dizajn, proizvodnju i instalaciju na\u0161e fleksibilne klini\u010dke strukture, te naknadno obezbje\u0111ivanje osoblja i opreme je slo\u017een. Uklju\u010duje vi\u0161e nivoa i organizacije razli\u010dite veli\u010dine. Svi na\u0161i dobavlja\u010di se nalaze u Velikoj Britaniji, Evropi ili Australiji. Koristi\u0107emo na\u0161e direktne dobavlja\u010de da upravljamo rizicima modernog ropstva i trgovine ljudima kroz \u010ditav lanac snabdevanja. Prenijeli smo svoja o\u010dekivanja i zahtjeve u vezi sa standardima kako bismo postali jedan od na\u0161ih odobrenih dobavlja\u010da na\u0161oj Grupi, kaskadno to provode\u0107i kroz lanac nabavke.<\/p>\n<p>Vodimo politike i procedure zapo\u0161ljavanja koje su osmi\u0161ljene tako da se prema svim pojedincima koji rade u na\u0161em poslu tretiraju s dostojanstvom i po\u0161tovanjem. Pravi\u010dno ih nagra\u0111ujemo za njihov rad i ne iskori\u0161tavamo ih. Ovo se odnosi na anga\u017emane sa agencijskim radnicima i izvo\u0111a\u010dima. Poduzimaju se godi\u0161nji pregledi kako bi se procijenilo da nivoi plata ostaju dovoljno ve\u0107i od nacionalne plate za \u017eivot. Poduzimamo odgovaraju\u0107e provjere prije zapo\u0161ljavanja svih na\u0161ih zaposlenika. Zahtijevamo od svih agencija za zapo\u0161ljavanje da u\u010dine isto, a na\u0161 tim ljudi tra\u017ei uvjerenje da je to poduzeto. Podr\u017eavamo profesionalne kodekse pona\u0161anja za sve na\u0161e kvalifikovane radnike i radnike.<\/p>\n<p>Kako se razvijamo, \u017eelimo osigurati da odr\u017eavamo pravu kulturu u cijeloj Grupi. Zaposleni i radnici se ohrabruju da prijave svaku zabrinutost u skladu s na\u0161om Politikom o slobodi govora: Izra\u017eavanje zabrinutosti (zvi\u017edanje). Proveli smo obuku o ljudskim faktorima \u0161irom Grupe. Nastavljamo da gradimo na\u0161e <em>Just Culture<\/em>, osiguravaju\u0107i sigurno okru\u017eenje u kojem pojedinci vjeruju da mogu i trebaju prijaviti probleme bez krivnje. U na\u0161oj Grupi imamo Menad\u017eera za zdravlje, sigurnost i okoli\u0161, koji je odgovoran za odr\u017eavanje odgovaraju\u0107e radne kulture. Na\u0161a struktura upravljanja zna\u010di da se nau\u010dene lekcije ili gre\u0161ke organizacijski prijavljuju i prate, \u0161to doprinosi na\u0161em kontinuiranom pobolj\u0161anju i ISO9001 standardu.<\/p>\n<p>Imamo proces prethodne kvalifikacije za na\u0161 lanac snabdijevanja koji procjenjuje na\u0161e lance snabdijevanja i potencijalne rizike od ropstva, dje\u010djeg rada i trgovine ljudima. Budu\u0107i da se ve\u0107ina na\u0161ih dobavlja\u010da nalazi u Velikoj Britaniji i Australiji, a mnogi posluju u specijaliziranim, a ne niskokvalificiranim industrijama, na\u0161i lanci snabdijevanja su op\u0107enito procijenjeni kao oni koji predstavljaju nizak rizik u smislu neuskla\u0111enosti sa Zakonom. Me\u0111utim, rizici za na\u0161 lanac snabdijevanja se prate i po potrebi a\u017euriramo na\u0161 proces prethodne kvalifikacije.<\/p>\n<p>Radi\u0107emo samo sa organizacijama u na\u0161em lancu snabdevanja koje imaju obaveze u skladu sa Grupom i koje mogu pru\u017eiti garanciju da nisu uklju\u010dene u moderno ropstvo ili trgovinu ljudima. Iako je obaveza tih organizacija da vode vlastite politike i procedure za postizanje tog cilja, mi pratimo kroz na\u0161 proces pretkvalifikacije, upravljanje ugovorima i na\u0161e postoje\u0107e prakse kako bismo osigurali da poduzimamo sve razumne korake da provjerimo uskla\u0111enost sa Zakonom.<\/p>\n<p>4. <strong>Radnje poduzete u posljednjih 12 mjeseci<\/strong><\/p>\n<p>Imamo:<\/p>\n<ul class=\"wp-block-list\">\n<li>Pregledali smo i unaprijedili rizike i mjere ubla\u017eavanja koji se odnose na na\u0161 lanac snabdijevanja.<\/li>\n<li>Preduzeli smo reviziju na\u0161eg lanca snabdijevanja kako bismo osigurali uskla\u0111enost sa Zakonom.<\/li>\n<li>Pregledali smo standarde na\u0161ih dobavlja\u010da koji se primjenjuju kroz na\u0161 lanac snabdijevanja, za postoje\u0107e i nove dobavlja\u010de.<\/li>\n<li>Kontinuirano procjenjivati u\u010dinkovitost na\u0161e strukture upravljanja i vr\u0161iti izmjene i dopune kako bismo osigurali da kontrole budu u skladu sa Zakonom.<\/li>\n<li>Nastavili smo podizati svijest o Zakonu i povezanim rizicima kao dio na\u0161eg procesa uvo\u0111enja.<\/li>\n<\/ul>\n<p>5. <strong>Planovi pobolj\u0161anja<\/strong><\/p>\n<p>\u0106emo biti:<\/p>\n<ul class=\"wp-block-list\">\n<li>Pra\u0107enje napretka potencijalnih izmjena Zakona o modernom ropstvu i kontinuirano preispitivanje odredbi Zakona koje se primjenjuju na na\u0161e poslovne aktivnosti.<\/li>\n<li>Napredovanje na\u0161e korporativne posve\u0107enosti okoli\u0161u, dru\u0161tvu i upravljanju (ESG) u cijeloj na\u0161oj Grupi.<\/li>\n<li>A\u017euriranje na\u0161eg upravljanja kako bismo osigurali da se ESG ciljevi ostvaruju i prate.<\/li>\n<li>Pregled na\u0161eg lanca snabdijevanja najmanje jednom godi\u0161nje ili kada se rizik identifikuje kao dio na\u0161eg upravljanja lancem snabdijevanja.<\/li>\n<li>Izvr\u0161ite procjenu rizika modernog ropstva s na\u0161im agencijama i klju\u010dnim dobavlja\u010dima.<\/li>\n<li>Odr\u017eavamo standard na\u0161ih dobavlja\u010da kako bismo osigurali da ispunjava na\u0161e ambicije ESG i dru\u0161tvene vrijednosti.<\/li>\n<li>Pratimo zahtjeve standardnih zahtjeva NHS dobavlja\u010da kako bismo ih ispunili, ali na\u0161a ambicija je i dalje da ih prema\u0161imo.<\/li>\n<li>Omogu\u0107avanje na\u0161e upravlja\u010dke strukture tako da podr\u017eava kontinuirano pobolj\u0161anje radi ubla\u017eavanja rizika povezanih s nepo\u0161tivanjem Zakona ili lo\u0161om praksom u na\u0161em lancu nabavke.<\/li>\n<li>Pobolj\u0161anje svijesti grupe o uskla\u0111enosti sa Zakonom, uklju\u010duju\u0107i mito i korupciju i dje\u010dji rad.<\/li>\n<li>Uspostavljanje kontrola i kulture za podsticanje djelovanja na ubla\u017eavanju rizika od nepo\u0161tivanja Zakona u cijeloj na\u0161oj Grupi.<\/li>\n<\/ul>\n<p>Ovu izjavu je odobrio Upravni odbor 6. juna 2025. godine, koji \u0107e je pregledavati i a\u017eurirati na godi\u0161njem nivou.<\/p>\n<p><strong>Chris Blackwell-Frost<br \/>CEO<br \/>6. juna 2025.<\/strong><\/p>","protected":false},"excerpt":{"rendered":"<p>Policy Modern slavery is a crime and a violation of fundamental human rights. It takes various forms, such as slavery, servitude, forced and compulsory labour and human trafficking, all of which have in common the deprivation of a person\u2019s liberty by another in order to exploit them for personal or commercial gain. The Group has [&hellip;]<\/p>\n","protected":false},"author":2,"featured_media":0,"parent":0,"menu_order":0,"comment_status":"closed","ping_status":"closed","template":"","meta":{"_acf_changed":false,"footnotes":""},"class_list":["post-366","page","type-page","status-publish","hentry"],"acf":[],"yoast_head":"<!-- This site is optimized with the Yoast SEO plugin v27.5 - https:\/\/yoast.com\/product\/yoast-seo-wordpress\/ -->\n<title>Modern slavery and human trafficking statement - Q-bital Healthcare Solutions<\/title>\n<meta name=\"robots\" content=\"index, follow, max-snippet:-1, max-image-preview:large, max-video-preview:-1\" \/>\n<link rel=\"canonical\" href=\"https:\/\/www.q-bital.com\/bs_ba\/modern-slavery-and-human-trafficking-statement\/\" \/>\n<meta property=\"og:locale\" content=\"bs_BA\" \/>\n<meta property=\"og:type\" content=\"article\" \/>\n<meta property=\"og:title\" content=\"Modern slavery and human trafficking statement - Q-bital Healthcare Solutions\" \/>\n<meta property=\"og:description\" content=\"Policy Modern slavery is a crime and a violation of fundamental human rights. It takes various forms, such as slavery, servitude, forced and compulsory labour and human trafficking, all of which have in common the deprivation of a person\u2019s liberty by another in order to exploit them for personal or commercial gain. The Group has [&hellip;]\" \/>\n<meta property=\"og:url\" content=\"https:\/\/www.q-bital.com\/bs_ba\/modern-slavery-and-human-trafficking-statement\/\" \/>\n<meta property=\"og:site_name\" content=\"Q-bital Healthcare Solutions\" \/>\n<meta property=\"article:modified_time\" content=\"2025-06-18T10:30:44+00:00\" \/>\n<meta name=\"twitter:card\" content=\"summary_large_image\" \/>\n<meta name=\"twitter:label1\" content=\"Est. reading time\" \/>\n\t<meta name=\"twitter:data1\" content=\"6 minuta\" \/>\n<script type=\"application\/ld+json\" class=\"yoast-schema-graph\">{\"@context\":\"https:\\\/\\\/schema.org\",\"@graph\":[{\"@type\":\"WebPage\",\"@id\":\"https:\\\/\\\/www.q-bital.com\\\/modern-slavery-and-human-trafficking-statement\\\/\",\"url\":\"https:\\\/\\\/www.q-bital.com\\\/modern-slavery-and-human-trafficking-statement\\\/\",\"name\":\"Modern slavery and human trafficking statement - Q-bital Healthcare Solutions\",\"isPartOf\":{\"@id\":\"https:\\\/\\\/www.q-bital.com\\\/#website\"},\"datePublished\":\"2023-06-28T13:13:23+00:00\",\"dateModified\":\"2025-06-18T10:30:44+00:00\",\"inLanguage\":\"bs-BA\",\"potentialAction\":[{\"@type\":\"ReadAction\",\"target\":[\"https:\\\/\\\/www.q-bital.com\\\/modern-slavery-and-human-trafficking-statement\\\/\"]}]},{\"@type\":\"WebSite\",\"@id\":\"https:\\\/\\\/www.q-bital.com\\\/#website\",\"url\":\"https:\\\/\\\/www.q-bital.com\\\/\",\"name\":\"Q-bital Healthcare Solutions\",\"description\":\"\",\"potentialAction\":[{\"@type\":\"SearchAction\",\"target\":{\"@type\":\"EntryPoint\",\"urlTemplate\":\"https:\\\/\\\/www.q-bital.com\\\/?s={search_term_string}\"},\"query-input\":{\"@type\":\"PropertyValueSpecification\",\"valueRequired\":true,\"valueName\":\"search_term_string\"}}],\"inLanguage\":\"bs-BA\"}]}<\/script>\n<!-- \/ Yoast SEO plugin. -->","yoast_head_json":{"title":"Izjava o modernom ropstvu i trgovini ljudima - Q-bital Healthcare Solutions","robots":{"index":"index","follow":"follow","max-snippet":"max-snippet:-1","max-image-preview":"max-image-preview:large","max-video-preview":"max-video-preview:-1"},"canonical":"https:\/\/www.q-bital.com\/bs_ba\/modern-slavery-and-human-trafficking-statement\/","og_locale":"bs_BA","og_type":"article","og_title":"Modern slavery and human trafficking statement - Q-bital Healthcare Solutions","og_description":"Policy Modern slavery is a crime and a violation of fundamental human rights. It takes various forms, such as slavery, servitude, forced and compulsory labour and human trafficking, all of which have in common the deprivation of a person\u2019s liberty by another in order to exploit them for personal or commercial gain. The Group has [&hellip;]","og_url":"https:\/\/www.q-bital.com\/bs_ba\/modern-slavery-and-human-trafficking-statement\/","og_site_name":"Q-bital Healthcare Solutions","article_modified_time":"2025-06-18T10:30:44+00:00","twitter_card":"summary_large_image","twitter_misc":{"Est. reading time":"6 minuta"},"schema":{"@context":"https:\/\/schema.org","@graph":[{"@type":"WebPage","@id":"https:\/\/www.q-bital.com\/modern-slavery-and-human-trafficking-statement\/","url":"https:\/\/www.q-bital.com\/modern-slavery-and-human-trafficking-statement\/","name":"Izjava o modernom ropstvu i trgovini ljudima - Q-bital Healthcare Solutions","isPartOf":{"@id":"https:\/\/www.q-bital.com\/#website"},"datePublished":"2023-06-28T13:13:23+00:00","dateModified":"2025-06-18T10:30:44+00:00","inLanguage":"bs-BA","potentialAction":[{"@type":"ReadAction","target":["https:\/\/www.q-bital.com\/modern-slavery-and-human-trafficking-statement\/"]}]},{"@type":"WebSite","@id":"https:\/\/www.q-bital.com\/#website","url":"https:\/\/www.q-bital.com\/","name":"Q-bital Healthcare Solutions","description":"","potentialAction":[{"@type":"SearchAction","target":{"@type":"EntryPoint","urlTemplate":"https:\/\/www.q-bital.com\/?s={search_term_string}"},"query-input":{"@type":"PropertyValueSpecification","valueRequired":true,"valueName":"search_term_string"}}],"inLanguage":"bs-BA"}]}},"_links":{"self":[{"href":"https:\/\/www.q-bital.com\/bs_ba\/wp-json\/wp\/v2\/pages\/366","targetHints":{"allow":["GET"]}}],"collection":[{"href":"https:\/\/www.q-bital.com\/bs_ba\/wp-json\/wp\/v2\/pages"}],"about":[{"href":"https:\/\/www.q-bital.com\/bs_ba\/wp-json\/wp\/v2\/types\/page"}],"author":[{"embeddable":true,"href":"https:\/\/www.q-bital.com\/bs_ba\/wp-json\/wp\/v2\/users\/2"}],"replies":[{"embeddable":true,"href":"https:\/\/www.q-bital.com\/bs_ba\/wp-json\/wp\/v2\/comments?post=366"}],"version-history":[{"count":0,"href":"https:\/\/www.q-bital.com\/bs_ba\/wp-json\/wp\/v2\/pages\/366\/revisions"}],"wp:attachment":[{"href":"https:\/\/www.q-bital.com\/bs_ba\/wp-json\/wp\/v2\/media?parent=366"}],"curies":[{"name":"radni list","href":"https:\/\/api.w.org\/{rel}","templated":true}]}}