{"id":14,"date":"2023-05-24T11:38:34","date_gmt":"2023-05-24T11:38:34","guid":{"rendered":"https:\/\/www.q-bital.com\/?page_id=14"},"modified":"2026-03-03T11:20:33","modified_gmt":"2026-03-03T11:20:33","slug":"homepage","status":"publish","type":"page","link":"https:\/\/www.q-bital.com\/cs_cz\/","title":{"rendered":"Domovsk\u00e1 str\u00e1nka"},"content":{"rendered":"<section id=\"section-2-14\" class=\"ct-section\" >\n<div class=\"ct-section-inner-wrap\">\n<div id=\"new_columns-3-14\" class=\"ct-new-columns\" >\n<div id=\"div_block-4-14\" class=\"ct-div-block\" >\n<h1 id=\"headline-5-14\" class=\"ct-headline\">Pokro\u010dil\u00e1 zdravotnick\u00e1 za\u0159\u00edzen\u00ed, poskytovan\u00e1 v\u010das<\/h1>\n<p><a id=\"link_button-10-14\" class=\"ct-link-button\" href=\"\/cs_cz\/heritage\/\" target=\"_self\"  >O<\/a><\/div>\n<div id=\"div_block-9-14\" class=\"ct-div-block\" ><link rel='stylesheet' id='oxygen-unslider-css'  href='https:\/\/www.q-bital.com\/wp-content\/plugins\/oxygen\/component-framework\/vendor\/unslider\/unslider.css' type='text\/css' media='all'\/>\n<div id=\"slider-88-14\" class=\"ct-slider ct_unique_slider_9081\" >\n<div class=\"oxygen-unslider-container\">\n<ul>\n<li>\n<div id=\"slide-89-14\" class=\"ct-slide\" ><img decoding=\"async\"  id=\"image-96-14\" alt=\"\" src=\"https:\/\/www.q-bital.com\/wp-content\/uploads\/sites\/8\/2023\/09\/home1.jpg\" class=\"ct-image\"\/><\/div>\n<\/li>\n<li>\n<div id=\"slide-12-65\" class=\"ct-slide\" ><img decoding=\"async\"  id=\"image-13-65\" alt=\"\" src=\"https:\/\/www.q-bital.com\/wp-content\/uploads\/sites\/8\/2023\/09\/home2.jpg\" class=\"ct-image\"\/><\/div>\n<\/li>\n<li>\n<div id=\"slide-14-65\" class=\"ct-slide\" ><img decoding=\"async\"  id=\"image-15-65\" alt=\"\" src=\"https:\/\/www.q-bital.com\/wp-content\/uploads\/sites\/8\/2023\/09\/home3.jpg\" class=\"ct-image\"\/><\/div>\n<\/li>\n<li>\n<div id=\"slide-101-14\" class=\"ct-slide\" ><img decoding=\"async\"  id=\"image-102-14\" alt=\"\" src=\"https:\/\/www.q-bital.com\/wp-content\/uploads\/sites\/8\/2023\/09\/Heartlands-Exterior-3-homepage-carousel-2.jpg\" class=\"ct-image\"\/><\/div>\n<\/li>\n<\/ul>\n<\/div>\n<\/div>\n<p><script class=\"ct-slider-script\">jQuery(document).ready(function($){$('#slider-88-14.ct_unique_slider_9081 .oxygen-unslider-container:not(.unslider-horizontal,.unslider-fade)').unslider({autoplay: true, delay: 3000, animation: 'horizontal', speed : 750, arrows: true, nav: false, infinite: true})});<\/script><\/div>\n<\/div>\n<\/div>\n<\/section>\n<section id=\"section-68-14\" class=\"ct-section\" >\n<div class=\"ct-section-inner-wrap\">\n<div id=\"new_columns-69-14\" class=\"ct-new-columns\" >\n<div id=\"div_block-70-14\" class=\"ct-div-block\" >\n<h2 id=\"headline-71-14\" class=\"ct-headline\">Poskytov\u00e1n\u00ed mobiln\u00edch a modul\u00e1rn\u00edch zdravotnick\u00fdch \u0159e\u0161en\u00ed<\/h2>\n<div id=\"_rich_text-72-14\" class=\"oxy-rich-text\" >\n<p>Vanguard Healthcare Solutions je p\u0159edn\u00edm glob\u00e1ln\u00edm poskytovatelem flexibiln\u00ed klinick\u00e9 infrastruktury a slu\u017eeb, kter\u00fd poskytuje vysoce kvalitn\u00ed, technicky vysp\u011bl\u00e1 \u0159e\u0161en\u00ed rychl\u00fdm tempem d\u00edky partnerstv\u00ed s na\u0161imi klienty za \u00fa\u010delem zlep\u0161en\u00ed zdravotn\u00edch v\u00fdsledk\u016f.&nbsp;<\/p>\n<p>Spolupracujeme s na\u0161imi klienty na poskytov\u00e1n\u00ed vysoce kvalitn\u00edch, udr\u017eiteln\u00fdch zdravotnick\u00fdch \u0159e\u0161en\u00ed s mobiln\u00edmi a modul\u00e1rn\u00edmi prostory pro zdravotnictv\u00ed na m\u00edru, kter\u00e9 \u0159e\u0161\u00ed jedine\u010dn\u00e9 pot\u0159eby ka\u017ed\u00e9ho zdravotnick\u00e9ho syst\u00e9mu.&nbsp;<\/p>\n<\/div>\n<p><a id=\"link_button-73-14\" class=\"ct-link-button\" href=\"\/cs_cz\/our-facilities\/\" target=\"_self\"  >Na\u0161e za\u0159\u00edzen\u00ed<\/a><\/div>\n<div id=\"div_block-74-14\" class=\"ct-div-block\" ><img decoding=\"async\"  id=\"image-75-14\" alt=\"\" src=\"https:\/\/www.q-bital.com\/wp-content\/uploads\/sites\/8\/2023\/06\/kettering-2-1.jpg\" class=\"ct-image\"\/><\/div>\n<\/div>\n<\/div>\n<\/section>\n<section id=\"section-53-14\" class=\"ct-section\" >\n<div class=\"ct-section-inner-wrap\">\n<div id=\"new_columns-54-14\" class=\"ct-new-columns\" >\n<div id=\"div_block-55-14\" class=\"ct-div-block\" ><img decoding=\"async\"  id=\"image-59-14\" alt=\"\" src=\"https:\/\/www.q-bital.com\/wp-content\/uploads\/sites\/8\/2023\/06\/urgent_admission_centre_3D-1.png\" class=\"ct-image fade-up\"\/><\/div>\n<div id=\"div_block-56-14\" class=\"ct-div-block\" >\n<h2 id=\"headline-57-14\" class=\"ct-headline\">Co d\u011bl\u00e1me<\/h2>\n<div id=\"_rich_text-58-14\" class=\"oxy-rich-text\" >\n<p>Na\u0161e mobiln\u00ed za\u0159\u00edzen\u00ed, kter\u00e1 mohou b\u00fdt instalov\u00e1na a zprovozn\u011bna b\u011bhem t\u00fddn\u016f, zahrnuj\u00ed opera\u010dn\u00ed s\u00e1ly, endoskopick\u00e9 sady, dekontaminaci endoskop\u016f, sterilizaci, odd\u011blen\u00ed, kliniky, jednotky lehk\u00fdch \u00faraz\u016f a p\u0159ed\u00e1n\u00ed sanitky. \u0160k\u00e1lovateln\u00e9, v\u010detn\u011b integrace s modul\u00e1rn\u00edmi za\u0159\u00edzen\u00edmi, slou\u017e\u00ed jako chirurgick\u00e1 centra a komunitn\u00ed diagnostick\u00e1 centra. Modul\u00e1rn\u00ed budovy, kter\u00e9 stav\u00edme, nab\u00edzej\u00ed neomezen\u00fd potenci\u00e1l k vytvo\u0159en\u00ed zcela jedine\u010dn\u00fdch a speci\u00e1ln\u011b p\u0159izp\u016fsoben\u00fdch zdravotnick\u00fdch prostor efektivn\u011bji ne\u017e p\u0159i pou\u017eit\u00ed tradi\u010dn\u00edch stavebn\u00edch metod.<\/p>\n<\/div>\n<p><a id=\"link_button-63-14\" class=\"ct-link-button\" href=\"\/cs_cz\/our-services\/\" target=\"_self\"  >Na\u0161e slu\u017eby<\/a><\/div>\n<\/div>\n<\/div>\n<\/section>\n<section id=\"section-64-208\" class=\"ct-section\" >\n<div class=\"ct-section-inner-wrap\">\n<div id=\"div_block-65-208\" class=\"ct-div-block\" >\n<h2 id=\"headline-66-208\" class=\"ct-headline\">P\u0159\u00edpadov\u00e9 studie<\/h2>\n<\/div>\n<div id=\"_dynamic_list-67-208\" class=\"oxy-dynamic-list\">\n<div id=\"div_block-68-208-1\" class=\"ct-div-block\" data-id=\"div_block-68-208\">\n<div id=\"div_block-69-208-1\" class=\"ct-div-block\" data-id=\"div_block-69-208\"><img decoding=\"async\" id=\"image-70-208-1\" alt=\"\" src=\"https:\/\/www.q-bital.com\/wp-content\/uploads\/sites\/8\/2024\/08\/Q-bital-still-1820x1024.jpg\" class=\"ct-image\" data-id=\"image-70-208\"><\/div>\n<div id=\"div_block-71-208-1\" class=\"ct-div-block\" data-id=\"div_block-71-208\"><a id=\"link-72-208-1\" class=\"ct-link\" href=\"https:\/\/www.q-bital.com\/cs_cz\/case-study\/a-600m%c2%b2-mixed-modality-solution-meets-north-bristol-nhs-fts-need-for-a-day-case-facility\/\" target=\"_self\" data-id=\"link-72-208\"><\/p>\n<h2 id=\"headline-73-208-1\" class=\"ct-headline\" data-id=\"headline-73-208\"><span id=\"span-74-208\" class=\"ct-span\" >\u0158e\u0161en\u00ed o rozloze 600 m\u00b2 pro sm\u00ed\u0161enou modalitu spl\u0148uje po\u017eadavky spole\u010dnosti North Bristol NHS FT na za\u0159\u00edzen\u00ed Day Case Facility<\/span><\/h2>\n<p><\/a><\/p>\n<div id=\"text_block-75-208-1\" class=\"ct-text-block\" data-id=\"text_block-75-208\"><span id=\"span-76-208\" class=\"ct-span\" >Za\u0159\u00edzen\u00ed pro sm\u00ed\u0161enou modalitu, zahrnuj\u00edc\u00ed mobiln\u00ed divadla a podp\u016frn\u00e9 m\u00edstnosti postaven\u00e9 pomoc\u00ed modern\u00edch stavebn\u00edch metod, minimalizuje dobu realizace a z\u00e1rove\u0148 poskytuje flexibilitu n\u00e1vrhu.<\/span><\/div>\n<p><a id=\"link_text-77-208-1\" class=\"ct-link-text\" href=\"https:\/\/www.q-bital.com\/cs_cz\/case-study\/a-600m%c2%b2-mixed-modality-solution-meets-north-bristol-nhs-fts-need-for-a-day-case-facility\/\" target=\"_self\" data-id=\"link_text-77-208\">V\u00edce informac\u00ed<\/a><\/div>\n<\/div>\n<div id=\"div_block-68-208-2\" class=\"ct-div-block\" data-id=\"div_block-68-208\">\n<div id=\"div_block-69-208-2\" class=\"ct-div-block\" data-id=\"div_block-69-208\"><img decoding=\"async\" id=\"image-70-208-2\" alt=\"\" src=\"https:\/\/www.q-bital.com\/wp-content\/uploads\/sites\/8\/2024\/08\/Appendix-1_Layout-adjacency-and-images-003-3.jpg\" class=\"ct-image\" data-id=\"image-70-208\"><\/div>\n<div id=\"div_block-71-208-2\" class=\"ct-div-block\" data-id=\"div_block-71-208\"><a id=\"link-72-208-2\" class=\"ct-link\" href=\"https:\/\/www.q-bital.com\/cs_cz\/case-study\/milton-keynes-university-hospital-opens-a-new-day-case-unit-to-increase-surgical-capacity\/\" target=\"_self\" data-id=\"link-72-208\"><\/p>\n<h2 id=\"headline-73-208-2\" class=\"ct-headline\" data-id=\"headline-73-208\"><span id=\"span-74-208\" class=\"ct-span\" >Fakultn\u00ed nemocnice Milton Keynes otev\u00edr\u00e1 novou jednotku denn\u00edch p\u0159\u00edpad\u016f za \u00fa\u010delem zv\u00fd\u0161en\u00ed opera\u010dn\u00ed kapacity<\/span><\/h2>\n<p><\/a><\/p>\n<div id=\"text_block-75-208-2\" class=\"ct-text-block\" data-id=\"text_block-75-208\"><span id=\"span-76-208\" class=\"ct-span\" >&quot;M\u00fdm m\u011b\u0159\u00edtkem \u00fasp\u011bchu je v pond\u011bl\u00ed aktualizovat zpr\u00e1vu o seznamu sledov\u00e1n\u00ed pacient\u016f a pod\u00edvat se, o kolik se sn\u00ed\u017eil n\u00e1\u0161 celkov\u00fd po\u0159adn\u00edk. A pro na\u0161e pacienty d\u011bl\u00e1me to nejlep\u0161\u00ed, a to je pro m\u011b opravdu d\u016fle\u017eit\u00e9.&quot; - Claire McGillycuddyov\u00e1, MKUH<\/span><\/div>\n<p><a id=\"link_text-77-208-2\" class=\"ct-link-text\" href=\"https:\/\/www.q-bital.com\/cs_cz\/case-study\/milton-keynes-university-hospital-opens-a-new-day-case-unit-to-increase-surgical-capacity\/\" target=\"_self\" data-id=\"link_text-77-208\">V\u00edce informac\u00ed<\/a><\/div>\n<\/div><\/div>\n<div id=\"div_block-78-208\" class=\"ct-div-block\" ><a id=\"link_button-79-208\" class=\"ct-link-button button-blue\" href=\"\/cs_cz\/case-studies\/\" target=\"_self\"  >Zobrazit v\u0161echny p\u0159\u00edpadov\u00e9 studie<\/a><\/div>\n<\/div>\n<\/section>\n<div class=\"wp-block-bozboz-hotspot\">\n<div class=\"hotspotContainer ct-section hotspotLayout-2\" style=\"background-color:#dae7f0;padding:50px 20px\">\n<div class=\"hotspotInnerWrap ct-section-inner-wrap\" style=\"border-radius:20px;padding:30px;background-color:#004983;color:#fff;display:flex\">\n<div class=\"hotspotCol hotspotColOne\">\n<div class=\"hotspotImageContainer\" style=\"position:relative;max-width:800px\">\n<div class=\"hotspotDot\" data-text=\"Clean storage\" data-x=\"21\" data-y=\"14\" style=\"position:absolute;top:14%;left:21%\">\n<div>A<\/div>\n<\/div>\n<div class=\"hotspotDot\" data-text=\"Corridor\" data-x=\"39\" data-y=\"15\" style=\"position:absolute;top:15%;left:39%\">\n<div>B<\/div>\n<\/div>\n<div class=\"hotspotDot\" data-text=\"corridor\" data-x=\"61\" data-y=\"8\" style=\"position:absolute;top:8%;left:61%\">\n<div>C<\/div>\n<\/div>\n<div class=\"hotspotDot\" data-text=\"Anaesthetic\" data-x=\"19\" data-y=\"29\" style=\"position:absolute;top:29%;left:19%\">\n<div>D<\/div>\n<\/div>\n<div class=\"hotspotDot\" data-text=\"Theatre\" data-x=\"44\" data-y=\"29\" style=\"position:absolute;top:29%;left:44%\">\n<div>E<\/div>\n<\/div>\n<div class=\"hotspotDot\" data-text=\"Recovery\" data-x=\"73\" data-y=\"46\" style=\"position:absolute;top:46%;left:73%\">\n<div>F<\/div>\n<\/div>\n<div class=\"hotspotDot\" data-text=\"Janitor room\" data-x=\"59\" data-y=\"66\" style=\"position:absolute;top:66%;left:59%\">\n<div>G<\/div>\n<\/div>\n<div class=\"hotspotDot\" data-text=\"Vacuum plant area\" data-x=\"59\" data-y=\"76\" style=\"position:absolute;top:76%;left:59%\">\n<div>H<\/div>\n<\/div>\n<div class=\"hotspotDot\" data-text=\"Dirty utility\" data-x=\"48\" data-y=\"63\" style=\"position:absolute;top:63%;left:48%\">\n<div>j\u00e1<\/div>\n<\/div>\n<div class=\"hotspotDot\" data-text=\"Staff room\" data-x=\"18\" data-y=\"40\" style=\"position:absolute;top:40%;left:18%\">\n<div>J<\/div>\n<\/div>\n<div class=\"hotspotDot\" data-text=\"Staff toilet\" data-x=\"3\" data-y=\"41\" style=\"position:absolute;top:41%;left:3%\">\n<div>K<\/div>\n<\/div>\n<div class=\"hotspotDot\" data-text=\"Staff changing\" data-x=\"11\" data-y=\"34\" style=\"position:absolute;top:34%;left:11%\">\n<div>L<\/div>\n<\/div>\n<div class=\"hotspotDot\" data-text=\"Air Handling Unit\" data-x=\"10\" data-y=\"20\" style=\"position:absolute;top:20%;left:10%\">\n<div>M<\/div>\n<\/div>\n<p><img decoding=\"async\" src=\"https:\/\/www.q-bital.com\/wp-content\/uploads\/sites\/8\/2023\/06\/Theatre_3D_no-ramps_NO-SHADOWS_NO-KEY.png\" style=\"width:100%;height:auto\"\/><\/div>\n<\/div>\n<div class=\"hotspotCol hotspotColTwo hotspotTextCol hotspotColContent\">\n<h2 style=\"color:#fff\"><span class=\"headingContent\">Mobiln\u00ed opera\u010dn\u00ed s\u00e1l<\/span><\/h2>\n<div placeholder=\"text content\" class=\"textContent\">Na\u0161e lamin\u00e1rn\u00ed, ultra \u010dist\u00e9, standardn\u00ed a hybridn\u00ed mobiln\u00ed a modul\u00e1rn\u00ed opera\u010dn\u00ed s\u00e1ly mohou b\u00fdt postaveny na m\u00edru va\u0161im po\u017eadavk\u016fm. V\u00edce m\u00edstnost\u00ed lze propojit s jin\u00fdmi mobiln\u00edmi nebo modul\u00e1rn\u00edmi typy za\u0159\u00edzen\u00ed, v\u010detn\u011b odd\u011blen\u00ed, a poskytnout tak denn\u00ed za\u0159\u00edzen\u00ed.<\/div>\n<\/div>\n<\/div>\n<\/div>\n<\/div>\n<section id=\"section-120-14\" class=\"ct-section\" >\n<div class=\"ct-section-inner-wrap\">\n<div id=\"div_block-24-70\" class=\"ct-div-block\" >\n<h2 id=\"headline-66-14\" class=\"ct-headline\">Posledn\u00ed zpr\u00e1vy<\/h2>\n<\/div>\n<div id=\"_dynamic_list-121-14\" class=\"oxy-dynamic-list\">\n<div id=\"div_block-122-14-1\" class=\"ct-div-block\" data-id=\"div_block-122-14\">\n<div id=\"div_block-124-14-1\" class=\"ct-div-block\" data-id=\"div_block-124-14\"><a id=\"link-125-14-1\" class=\"ct-link\" href=\"https:\/\/www.q-bital.com\/cs_cz\/building-better-healthcare-awards-2026\/\" target=\"_self\" data-id=\"link-125-14\"><\/p>\n<h2 id=\"headline-126-14-1\" class=\"ct-headline\" data-id=\"headline-126-14\"><span id=\"span-127-14\" class=\"ct-span\" >Ceny za lep\u0161\u00ed zdravotn\u00ed p\u00e9\u010di 2026<\/span><\/h2>\n<p><\/a><\/p>\n<div id=\"text_block-128-14-1\" class=\"ct-text-block\" data-id=\"text_block-128-14\"><span id=\"span-129-14\" class=\"ct-span\" >Spole\u010dnost Vanguard Healthcare Solutions s pot\u011b\u0161en\u00edm oznamuje, \u017ee se z\u00fa\u010dastn\u00edme ud\u00edlen\u00ed cen Building Better Healthcare Awards 2026, kter\u00e9 se bude konat 4. listopadu 2026 v The Brewery v Lond\u00fdn\u011b. T\u011b\u0161\u00edme se na setk\u00e1n\u00ed s kolegy z oblasti zdravotnick\u00fdch za\u0159\u00edzen\u00ed, designu a infrastruktury na t\u00e9to presti\u017en\u00ed akci.<\/span><\/div>\n<p><a id=\"link_text-130-14-1\" class=\"ct-link-text\" href=\"https:\/\/www.q-bital.com\/cs_cz\/building-better-healthcare-awards-2026\/\" target=\"_self\" data-id=\"link_text-130-14\">P\u0159e\u010dt\u011bte si v\u00edce<\/a><\/div>\n<\/div>\n<div id=\"div_block-122-14-2\" class=\"ct-div-block\" data-id=\"div_block-122-14\">\n<div id=\"div_block-124-14-2\" class=\"ct-div-block\" data-id=\"div_block-124-14\"><a id=\"link-125-14-2\" class=\"ct-link\" href=\"https:\/\/www.q-bital.com\/cs_cz\/mpba-awards-2026\/\" target=\"_self\" data-id=\"link-125-14\"><\/p>\n<h2 id=\"headline-126-14-2\" class=\"ct-headline\" data-id=\"headline-126-14\"><span id=\"span-127-14\" class=\"ct-span\" >Ceny MPBA 2026<\/span><\/h2>\n<p><\/a><\/p>\n<div id=\"text_block-128-14-2\" class=\"ct-text-block\" data-id=\"text_block-128-14\"><span id=\"span-129-14\" class=\"ct-span\" >Spole\u010dnost Vanguard Healthcare Solutions s hrdost\u00ed oznamuje svou \u00fa\u010dast na ud\u00edlen\u00ed cen MPBA Awards 2026, kter\u00e9 se bude konat 7. kv\u011btna 2026 v hotelu Grand Hotel Birmingham. Leto\u0161n\u00ed ro\u010dn\u00edk je pro t\u00fdm obzvl\u00e1\u0161t\u011b v\u00fdznamn\u00fd, proto\u017ee Vanguard se dostal do u\u017e\u0161\u00edho v\u00fdb\u011bru na t\u0159i presti\u017en\u00ed ocen\u011bn\u00ed uzn\u00e1vaj\u00edc\u00ed excelenci v poskytov\u00e1n\u00ed zdravotnick\u00e9 infrastruktury.<\/span><\/div>\n<p><a id=\"link_text-130-14-2\" class=\"ct-link-text\" href=\"https:\/\/www.q-bital.com\/cs_cz\/mpba-awards-2026\/\" target=\"_self\" data-id=\"link_text-130-14\">P\u0159e\u010dt\u011bte si v\u00edce<\/a><\/div>\n<\/div>\n<div id=\"div_block-122-14-3\" class=\"ct-div-block\" data-id=\"div_block-122-14\">\n<div id=\"div_block-124-14-3\" class=\"ct-div-block\" data-id=\"div_block-124-14\"><a id=\"link-125-14-3\" class=\"ct-link\" href=\"https:\/\/www.q-bital.com\/cs_cz\/healthcare-estates-2026\/\" target=\"_self\" data-id=\"link-125-14\"><\/p>\n<h2 id=\"headline-126-14-3\" class=\"ct-headline\" data-id=\"headline-126-14\"><span id=\"span-127-14\" class=\"ct-span\" >Zdravotnick\u00e9 nemovitosti 2026<\/span><\/h2>\n<p><\/a><\/p>\n<div id=\"text_block-128-14-3\" class=\"ct-text-block\" data-id=\"text_block-128-14\"><span id=\"span-129-14\" class=\"ct-span\" >Jako jedna z p\u0159edn\u00edch britsk\u00fdch akc\u00ed pro vedouc\u00ed pracovn\u00edky a odborn\u00edky ve zdravotnictv\u00ed nab\u00edz\u00ed NHS ConfedExpo... Spole\u010dnost Vanguard Healthcare Solutions se z\u00fa\u010dastn\u00ed veletrhu Healthcare Estates 2026, p\u0159edn\u00ed britsk\u00e9 akce pro zdravotnick\u00e9 in\u017een\u00fdrstv\u00ed, realitn\u00ed kancel\u00e1\u0159e a odborn\u00edky na za\u0159\u00edzen\u00ed.<\/span><\/div>\n<p><a id=\"link_text-130-14-3\" class=\"ct-link-text\" href=\"https:\/\/www.q-bital.com\/cs_cz\/healthcare-estates-2026\/\" target=\"_self\" data-id=\"link_text-130-14\">P\u0159e\u010dt\u011bte si v\u00edce<\/a><\/div>\n<\/div><\/div>\n<div id=\"div_block-144-14\" class=\"ct-div-block\" ><a id=\"link_button-146-14\" class=\"ct-link-button button-blue\" href=\"\/cs_cz\/news\/\" target=\"_self\"  >Zobrazit v\u0161echny novinky<\/a><\/div>\n<\/div>\n<\/section>\n<section id=\"section-144-59\" class=\"ct-section\" >\n<div class=\"ct-section-inner-wrap\">\n<div id=\"new_columns-145-59\" class=\"ct-new-columns\" >\n<div id=\"div_block-146-59\" class=\"ct-div-block\" >\n<div id=\"_rich_text-9-63\" class=\"oxy-rich-text\" >\n<p>Hled\u00e1n\u00ed \u0159e\u0161en\u00ed, kter\u00e9 funguje pro va\u0161i nemocnici, m\u016f\u017ee za\u010d\u00edt zde\u2026<\/p>\n<\/div>\n<p><a id=\"link_button-149-59\" class=\"ct-link-button\" href=\"\/cs_cz\/contact\/\" target=\"_self\"  >B\u00fdt v kontaktu<\/a><\/div>\n<div id=\"div_block-150-59\" class=\"ct-div-block\" ><img decoding=\"async\"  id=\"image-151-59\" alt=\"\" src=\"https:\/\/www.q-bital.com\/wp-content\/uploads\/sites\/8\/2023\/07\/mobile-operating-theatre-3.jpg\" class=\"ct-image\"\/><\/div>\n<\/div>\n<\/div>\n<\/section>","protected":false},"excerpt":{"rendered":"","protected":false},"author":2,"featured_media":0,"parent":0,"menu_order":0,"comment_status":"closed","ping_status":"closed","template":"","meta":{"_acf_changed":false,"footnotes":""},"class_list":["post-14","page","type-page","status-publish","hentry"],"acf":[],"yoast_head":"<!-- This site is optimized with the Yoast SEO plugin v27.4 - https:\/\/yoast.com\/product\/yoast-seo-wordpress\/ -->\n<title>Homepage - Q-bital Healthcare Solutions<\/title>\n<meta name=\"robots\" content=\"index, follow, max-snippet:-1, max-image-preview:large, max-video-preview:-1\" \/>\n<link rel=\"canonical\" href=\"https:\/\/www.q-bital.com\/cs_cz\/\" \/>\n<meta property=\"og:locale\" content=\"cs_CZ\" \/>\n<meta property=\"og:type\" content=\"article\" \/>\n<meta property=\"og:title\" content=\"Homepage - Q-bital Healthcare Solutions\" \/>\n<meta property=\"og:url\" content=\"https:\/\/www.q-bital.com\/cs_cz\/\" \/>\n<meta property=\"og:site_name\" content=\"Q-bital Healthcare Solutions\" \/>\n<meta property=\"article:modified_time\" content=\"2026-03-03T11:20:33+00:00\" \/>\n<meta name=\"twitter:card\" content=\"summary_large_image\" \/>\n<meta name=\"twitter:label1\" content=\"Odhadovan\u00e1 doba \u010dten\u00ed\" \/>\n\t<meta name=\"twitter:data1\" content=\"1 minuta\" \/>\n<script type=\"application\/ld+json\" class=\"yoast-schema-graph\">{\"@context\":\"https:\\\/\\\/schema.org\",\"@graph\":[{\"@type\":\"WebPage\",\"@id\":\"https:\\\/\\\/www.q-bital.com\\\/\",\"url\":\"https:\\\/\\\/www.q-bital.com\\\/\",\"name\":\"Homepage - Q-bital Healthcare Solutions\",\"isPartOf\":{\"@id\":\"https:\\\/\\\/www.q-bital.com\\\/#website\"},\"datePublished\":\"2023-05-24T11:38:34+00:00\",\"dateModified\":\"2026-03-03T11:20:33+00:00\",\"inLanguage\":\"cs\",\"potentialAction\":[{\"@type\":\"ReadAction\",\"target\":[\"https:\\\/\\\/www.q-bital.com\\\/\"]}]},{\"@type\":\"WebSite\",\"@id\":\"https:\\\/\\\/www.q-bital.com\\\/#website\",\"url\":\"https:\\\/\\\/www.q-bital.com\\\/\",\"name\":\"Q-bital Healthcare Solutions\",\"description\":\"\",\"potentialAction\":[{\"@type\":\"SearchAction\",\"target\":{\"@type\":\"EntryPoint\",\"urlTemplate\":\"https:\\\/\\\/www.q-bital.com\\\/?s={search_term_string}\"},\"query-input\":{\"@type\":\"PropertyValueSpecification\",\"valueRequired\":true,\"valueName\":\"search_term_string\"}}],\"inLanguage\":\"cs\"}]}<\/script>\n<!-- \/ Yoast SEO plugin. -->","yoast_head_json":{"title":"Domovsk\u00e1 str\u00e1nka - Q-bital Zdravotn\u00ed \u0159e\u0161en\u00ed","robots":{"index":"index","follow":"follow","max-snippet":"max-snippet:-1","max-image-preview":"max-image-preview:large","max-video-preview":"max-video-preview:-1"},"canonical":"https:\/\/www.q-bital.com\/cs_cz\/","og_locale":"cs_CZ","og_type":"article","og_title":"Homepage - Q-bital Healthcare Solutions","og_url":"https:\/\/www.q-bital.com\/cs_cz\/","og_site_name":"Q-bital Healthcare Solutions","article_modified_time":"2026-03-03T11:20:33+00:00","twitter_card":"summary_large_image","twitter_misc":{"Odhadovan\u00e1 doba \u010dten\u00ed":"1 minuta"},"schema":{"@context":"https:\/\/schema.org","@graph":[{"@type":"WebPage","@id":"https:\/\/www.q-bital.com\/","url":"https:\/\/www.q-bital.com\/","name":"Domovsk\u00e1 str\u00e1nka - Q-bital Zdravotn\u00ed \u0159e\u0161en\u00ed","isPartOf":{"@id":"https:\/\/www.q-bital.com\/#website"},"datePublished":"2023-05-24T11:38:34+00:00","dateModified":"2026-03-03T11:20:33+00:00","inLanguage":"cs","potentialAction":[{"@type":"ReadAction","target":["https:\/\/www.q-bital.com\/"]}]},{"@type":"WebSite","@id":"https:\/\/www.q-bital.com\/#website","url":"https:\/\/www.q-bital.com\/","name":"Q-bital Healthcare Solutions","description":"","potentialAction":[{"@type":"SearchAction","target":{"@type":"EntryPoint","urlTemplate":"https:\/\/www.q-bital.com\/?s={search_term_string}"},"query-input":{"@type":"PropertyValueSpecification","valueRequired":true,"valueName":"search_term_string"}}],"inLanguage":"cs"}]}},"_links":{"self":[{"href":"https:\/\/www.q-bital.com\/cs_cz\/wp-json\/wp\/v2\/pages\/14","targetHints":{"allow":["GET"]}}],"collection":[{"href":"https:\/\/www.q-bital.com\/cs_cz\/wp-json\/wp\/v2\/pages"}],"about":[{"href":"https:\/\/www.q-bital.com\/cs_cz\/wp-json\/wp\/v2\/types\/page"}],"author":[{"embeddable":true,"href":"https:\/\/www.q-bital.com\/cs_cz\/wp-json\/wp\/v2\/users\/2"}],"replies":[{"embeddable":true,"href":"https:\/\/www.q-bital.com\/cs_cz\/wp-json\/wp\/v2\/comments?post=14"}],"version-history":[{"count":0,"href":"https:\/\/www.q-bital.com\/cs_cz\/wp-json\/wp\/v2\/pages\/14\/revisions"}],"wp:attachment":[{"href":"https:\/\/www.q-bital.com\/cs_cz\/wp-json\/wp\/v2\/media?parent=14"}],"curies":[{"name":"wp","href":"https:\/\/api.w.org\/{rel}","templated":true}]}}