{"id":143,"date":"2023-06-05T15:04:05","date_gmt":"2023-06-05T15:04:05","guid":{"rendered":"https:\/\/www.q-bital.com\/?page_id=143"},"modified":"2024-07-08T09:56:12","modified_gmt":"2024-07-08T09:56:12","slug":"careers","status":"publish","type":"page","link":"https:\/\/www.q-bital.com\/cs_cz\/careers\/","title":{"rendered":"Kari\u00e9ra"},"content":{"rendered":"<section id=\"section-2-14\" class=\"ct-section\" >\n<div class=\"ct-section-inner-wrap\">\n<div id=\"new_columns-3-14\" class=\"ct-new-columns\" >\n<div id=\"div_block-4-14\" class=\"ct-div-block\" >\n<div id=\"div_block-21-223\" class=\"ct-div-block\" ><a id=\"link_text-13-223\" class=\"ct-link-text\" href=\"\/cs_cz\/\" target=\"_self\"  >Domov<\/a><a id=\"link_text-25-223\" class=\"ct-link-text\" href=\"http:\/\/\" target=\"_self\"  >&gt;<\/a><\/p>\n<div id=\"text_block-26-223\" class=\"ct-text-block\" ><span id=\"span-27-223\" class=\"ct-span\" >Kari\u00e9ra<\/span><\/div>\n<\/div>\n<div id=\"div_block-17-223\" class=\"ct-div-block\" >\n<h1 id=\"headline-5-14\" class=\"ct-headline\">Na\u0161i lid\u00e9<\/h1>\n<\/div>\n<\/div>\n<div id=\"div_block-9-14\" class=\"ct-div-block\" ><link rel='stylesheet' id='oxygen-unslider-css'  href='https:\/\/www.q-bital.com\/wp-content\/plugins\/oxygen\/component-framework\/vendor\/unslider\/unslider.css' type='text\/css' media='all'\/>\n<div id=\"slider-88-14\" class=\"ct-slider ct_unique_slider_3731\" >\n<div class=\"oxygen-unslider-container\">\n<ul>\n<li>\n<div id=\"slide-89-14\" class=\"ct-slide\" ><img decoding=\"async\"  id=\"image-96-14\" alt=\"\" src=\"https:\/\/www.q-bital.com\/wp-content\/uploads\/sites\/8\/legacy\/2023\/07\/IMG_6125_Adjusted-scaled.jpg\" class=\"ct-image\"\/><\/div>\n<\/li>\n<li>\n<div id=\"slide-101-14\" class=\"ct-slide\" ><img decoding=\"async\"  id=\"image-102-14\" alt=\"\" src=\"https:\/\/www.q-bital.com\/wp-content\/uploads\/sites\/8\/2023\/09\/Q-bital_people_sq.jpg\" class=\"ct-image\"\/><\/div>\n<\/li>\n<\/ul>\n<\/div>\n<\/div>\n<p><script class=\"ct-slider-script\">jQuery(document).ready(function($){$('#slider-88-14.ct_unique_slider_3731 .oxygen-unslider-container:not(.unslider-horizontal,.unslider-fade)').unslider({autoplay: true, delay: 3000, animation: 'horizontal', speed : 750, arrows: true, nav: false, infinite: true})});<\/script><\/div>\n<\/div>\n<\/div>\n<\/section>\n<section id=\"section-68-14-text-left-white\" class=\"ct-section\" >\n<div class=\"ct-section-inner-wrap\">\n<div id=\"new_columns-69-14text-left-white\" class=\"ct-new-columns\" >\n<div id=\"div_block-70-14\" class=\"ct-div-block\" >\n<h2 id=\"headline-71-14\" class=\"ct-headline\">Jak\u00e9 to je pracovat pro n\u00e1s<\/h2>\n<div id=\"_rich_text-72-14\" class=\"oxy-rich-text\" >\n<p dir=\"ltr\">V\u00e1\u017e\u00edme si na\u0161ich lid\u00ed a poskytujeme jim podp\u016frn\u00e9 prost\u0159ed\u00ed k rozkv\u011btu.&nbsp;<\/p>\n<p dir=\"ltr\">Od pandemie pokra\u010dujeme ve flexibiln\u00ed pr\u00e1ci a uzn\u00e1v\u00e1me pozitivn\u00ed rovnov\u00e1hu hybridn\u00ed pr\u00e1ce pro mnoho na\u0161ich tradi\u010dn\u00edch podp\u016frn\u00fdch kancel\u00e1\u0159sk\u00fdch rol\u00ed.<\/p>\n<p dir=\"ltr\">Jsme podp\u016frn\u00fd a pe\u010duj\u00edc\u00ed t\u00fdm a m\u00e1me vy\u0161kolen\u00e9 osoby poskytuj\u00edc\u00ed prvn\u00ed pomoc v oblasti du\u0161evn\u00edho zdrav\u00ed nap\u0159\u00ed\u010d populac\u00ed na\u0161ich zam\u011bstnanc\u016f a \u0159adu v\u00fdhod, kter\u00e9 podporuj\u00ed na\u0161i pohodu.<\/p>\n<p dir=\"ltr\">R\u00e1di se u\u010d\u00edme a podporujeme rozvoj nap\u0159\u00ed\u010d podnik\u00e1n\u00edm. Ka\u017edoro\u010dn\u011b propl\u00e1c\u00edme profesion\u00e1ln\u00ed \u010dlenstv\u00ed a podporujeme mnoho \u010dlen\u016f na\u0161eho t\u00fdmu v profesn\u00edm studiu v r\u00e1mci jejich kari\u00e9rn\u00edho rozvoje.&nbsp;<\/p>\n<p dir=\"ltr\">S rychle rostouc\u00edm t\u00fdmem v\u00edce ne\u017e 150 koleg\u016f na mezin\u00e1rodn\u00ed \u00farovni na\u0161e hodnoty definuj\u00ed, jak obchodujeme s na\u0161imi z\u00e1kazn\u00edky, intern\u011b i extern\u011b: Zam\u011b\u0159en\u00ed na pacienta; Inova\u010dn\u00ed; Reaguj\u00edc\u00ed; V\u00e1\u0161niv\u00fd; T\u00fdmov\u00e1 pr\u00e1ce.<\/p>\n<p dir=\"ltr\"><span id=\"docs-internal-guid-a22cdb77-7fff-d4c5-d8e3-ee58dff0a232\">V\u00fdsledky na\u0161eho pr\u016fzkumu anga\u017eovanosti za rok 2023 prokazuj\u00ed na\u0161i oddanost na\u0161im lidem s pozitivn\u00edm zapojen\u00edm 82% v r\u00e1mci cel\u00e9ho podnik\u00e1n\u00ed a vysokou anga\u017eovanost\u00ed nap\u0159\u00ed\u010d na\u0161imi Q-bital zam\u011bstnanci.<\/span><\/p>\n<\/div>\n<\/div>\n<div id=\"div_block-74-14\" class=\"ct-div-block\" ><img decoding=\"async\"  id=\"image-75-14\" alt=\"\" src=\"https:\/\/www.q-bital.com\/wp-content\/uploads\/sites\/8\/2023\/09\/Q-bital_people_in_warehouse-1024x683.jpg\" class=\"ct-image\"\/><\/div>\n<\/div>\n<\/div>\n<\/section>\n<section id=\"section-2-802\" class=\"ct-section\" style=\"background-image:linear-gradient(rgba(0,73,131,0.73), rgba(0,73,131,0.73)), url(https:\/\/www.q-bital.com\/wp-content\/uploads\/sites\/8\/2023\/05\/boulders-right.png);background-size:auto,  auto;\" >\n<div class=\"ct-section-inner-wrap\">\n<div id=\"div_block-3-802\" class=\"ct-div-block\" >\n<div id=\"text_block-5-802\" class=\"ct-text-block\" >Na\u0161e vize lid\u00ed je:<\/div>\n<div id=\"_rich_text-4-802\" class=\"oxy-rich-text\" >\n<p><span id=\"docs-internal-guid-93af1b13-7fff-9522-9323-019a14bd4d7e\">Umo\u017enit na\u0161im lidem dosahovat v\u00fdjime\u010dn\u00fdch v\u00fdsledk\u016f. D\u011bl\u00e1me to tak, \u017ee vytv\u00e1\u0159\u00edme zmocn\u011bn\u00e9 a agiln\u00ed t\u00fdmy podporovan\u00e9 autentick\u00fdm a soucitn\u00fdm veden\u00edm a poskytov\u00e1n\u00edm inkluzivn\u00edho prost\u0159ed\u00ed pro r\u016fst.<\/span><\/p>\n<\/div>\n<\/div>\n<\/div>\n<\/section>\n<section id=\"text-left-blue\" class=\"ct-section\" >\n<div class=\"ct-section-inner-wrap\">\n<div id=\"new_columns-107-34-blue\" class=\"ct-new-columns\" >\n<div id=\"div_block-108-34\" class=\"ct-div-block\" >\n<h2 id=\"headline-109-34\" class=\"ct-headline\">Na\u0161e v\u00fdhody<\/h2>\n<div id=\"_rich_text-110-34\" class=\"oxy-rich-text\" >\n<p dir=\"ltr\">Nab\u00edz\u00edme konkuren\u010dn\u00ed platov\u00e9 bal\u00ed\u010dky, kter\u00e9 odr\u00e1\u017eej\u00ed na\u0161e mezin\u00e1rodn\u00ed um\u00edst\u011bn\u00ed.<\/p>\n<p dir=\"ltr\">Pravideln\u011b oce\u0148ujeme na\u0161e lidi prost\u0159ednictv\u00edm n\u00e1sleduj\u00edc\u00edch aktivit:<\/p>\n<ul>\n<li dir=\"ltr\">\n<p dir=\"ltr\" role=\"presentation\">Ocen\u011bn\u00ed Q-bital<\/p>\n<\/li>\n<li dir=\"ltr\">\n<p dir=\"ltr\" role=\"presentation\">Akce zam\u011bstnaneck\u00fdch oslav<\/p>\n<\/li>\n<\/ul>\n<\/div>\n<\/div>\n<div id=\"div_block-112-34\" class=\"ct-div-block\" ><img decoding=\"async\"  id=\"image-113-34\" alt=\"\" src=\"https:\/\/www.q-bital.com\/wp-content\/uploads\/sites\/8\/2024\/07\/processed-3F837750-D17D-4E3D-BECD-0872DB208850-9AEB91D2-A4ED-4D67-977D-CCC0E54EAE2F-scaled.jpeg\" class=\"ct-image\"\/><\/div>\n<\/div>\n<\/div>\n<\/section>\n<section id=\"section-68-14-text-left-white\" class=\"ct-section\" >\n<div class=\"ct-section-inner-wrap\">\n<div id=\"new_columns-69-14text-left-white\" class=\"ct-new-columns\" >\n<div id=\"div_block-70-14\" class=\"ct-div-block\" >\n<h2 id=\"headline-71-14\" class=\"ct-headline\">Na\u0161e hodnoty<\/h2>\n<div id=\"_rich_text-72-14\" class=\"oxy-rich-text\" >\n<p dir=\"ltr\">Na\u0161e hodnoty, zvolen\u00e9 na\u0161imi zam\u011bstnanci, jsou z\u00e1kladem v\u0161eho, co d\u011bl\u00e1me.<\/p>\n<p dir=\"ltr\">Poskytujeme klinickou infrastrukturu a znalosti s rychlost\u00ed pot\u0159ebnou k roz\u0161\u00ed\u0159en\u00ed kapacity, \u0159\u00edzen\u00ed klinick\u00e9 dr\u00e1hy a poskytov\u00e1n\u00ed nep\u0159eru\u0161ovan\u00e9 p\u00e9\u010de zam\u011b\u0159en\u00e9 na pacienta.<\/p>\n<p dir=\"ltr\">Hodnoty byly rozhodnuty prost\u0159ednictv\u00edm konzulta\u010dn\u00edho programu zapojen\u00ed, kter\u00fd zahrnoval \u00fa\u010dast cel\u00e9ho na\u0161eho t\u00fdmu. Zav\u00e1zali jsme se reprezentovat tyto hodnoty prost\u0159ednictv\u00edm sv\u00fdch proces\u016f, produkt\u016f, slu\u017eeb a interakc\u00ed s intern\u00edmi i extern\u00edmi z\u00e1kazn\u00edky.<\/p>\n<p dir=\"ltr\">N\u00ed\u017ee uveden\u00e9 hodnoty byly zvoleny na z\u00e1klad\u011b konsenzu. Nejl\u00e9pe vyjad\u0159uj\u00ed zp\u016fsoby, jak\u00fdmi zaji\u0161\u0165ujeme poskytov\u00e1n\u00ed kvality a hodnoty extern\u00edm zainteresovan\u00fdm stran\u00e1m a \u0161ir\u0161\u00ed komunit\u011b pacient\u016f, kter\u00e9 slou\u017e\u00edme.<\/p>\n<\/div>\n<\/div>\n<div id=\"div_block-74-14\" class=\"ct-div-block\" ><img decoding=\"async\"  id=\"image-75-14\" alt=\"\" src=\"https:\/\/www.q-bital.com\/wp-content\/uploads\/sites\/8\/2023\/09\/Q-bital_image-1024x683.jpg\" class=\"ct-image\"\/><\/div>\n<\/div>\n<\/div>\n<\/section>\n<section id=\"section-2-149\" class=\"ct-section\" >\n<div class=\"ct-section-inner-wrap\">\n<div id=\"div_block-5-149\" class=\"ct-div-block\" >\n<div id=\"div_block-10-149\" class=\"ct-div-block\" ><img decoding=\"async\"  id=\"image-11-149\" alt=\"Passionate\" src=\"https:\/\/www.q-bital.com\/wp-content\/uploads\/sites\/8\/2023\/06\/passionate.png\" class=\"ct-image\"\/><\/p>\n<div id=\"text_block-12-149\" class=\"ct-text-block\" >V\u00e1\u0161niv\u00fd<\/div>\n<\/div>\n<\/div>\n<div id=\"div_block-6-149\" class=\"ct-div-block\" >\n<div id=\"div_block-13-149\" class=\"ct-div-block\" ><img decoding=\"async\"  id=\"image-14-149\" alt=\"Patient focussed\" src=\"https:\/\/www.q-bital.com\/wp-content\/uploads\/sites\/8\/2023\/06\/patient-focussed.png\" class=\"ct-image\"\/><\/p>\n<div id=\"text_block-15-149\" class=\"ct-text-block\" >Zam\u011b\u0159en\u00e9 na pacienta<\/div>\n<\/div>\n<\/div>\n<div id=\"div_block-7-149\" class=\"ct-div-block\" >\n<div id=\"div_block-17-149\" class=\"ct-div-block\" ><img decoding=\"async\"  id=\"image-18-149\" alt=\"Responsive\" src=\"https:\/\/www.q-bital.com\/wp-content\/uploads\/sites\/8\/2023\/06\/responsive.png\" class=\"ct-image\"\/><\/p>\n<div id=\"text_block-19-149\" class=\"ct-text-block\" >Responzivn\u00ed<\/div>\n<\/div>\n<\/div>\n<div id=\"div_block-8-149\" class=\"ct-div-block\" >\n<div id=\"div_block-21-149\" class=\"ct-div-block\" ><img decoding=\"async\"  id=\"image-22-149\" alt=\"Teamwork\" src=\"https:\/\/www.q-bital.com\/wp-content\/uploads\/sites\/8\/2023\/06\/teamwork.png\" class=\"ct-image\"\/><\/p>\n<div id=\"text_block-23-149\" class=\"ct-text-block\" >T\u00fdmov\u00e1 pr\u00e1ce<\/div>\n<\/div>\n<\/div>\n<div id=\"div_block-9-149\" class=\"ct-div-block\" >\n<div id=\"div_block-25-149\" class=\"ct-div-block\" ><img decoding=\"async\"  id=\"image-26-149\" alt=\"Innovative\" src=\"https:\/\/www.q-bital.com\/wp-content\/uploads\/sites\/8\/2023\/06\/innovative.png\" class=\"ct-image\"\/><\/p>\n<div id=\"text_block-27-149\" class=\"ct-text-block\" >Inova\u010dn\u00ed<\/div>\n<\/div>\n<\/div>\n<\/div>\n<\/section>\n<section id=\"section-132-34\" class=\"ct-section\" >\n<div class=\"ct-section-inner-wrap\">\n<div id=\"new_columns-133-34\" class=\"ct-new-columns\" >\n<div id=\"div_block-138-34\" class=\"ct-div-block\" ><img decoding=\"async\"  id=\"image-139-34\" alt=\"\" src=\"https:\/\/www.q-bital.com\/wp-content\/uploads\/sites\/8\/2023\/09\/careers.jpg\" class=\"ct-image\"\/><\/div>\n<div id=\"div_block-134-34\" class=\"ct-div-block\" >\n<h2 id=\"headline-135-34\" class=\"ct-headline\">Najd\u011bte svou profesn\u00ed dr\u00e1hu<\/h2>\n<div id=\"_rich_text-136-34\" class=\"oxy-rich-text\" >\n<p dir=\"ltr\">M\u00e1me \u0159adu p\u0159\u00edle\u017eitost\u00ed, jak se k n\u00e1m p\u0159ipojit na na\u0161\u00ed vzru\u0161uj\u00edc\u00ed cest\u011b, kdy\u017e se posouv\u00e1me do dal\u0161\u00ed f\u00e1ze na\u0161\u00ed budoucnosti p\u0159i pln\u011bn\u00ed na\u0161ich ambic\u00ed r\u016fstu.&nbsp;<\/p>\n<p dir=\"ltr\">Sv\u00fdch c\u00edl\u016f dosahujeme t\u00edm, \u017ee pracujeme spole\u010dn\u011b jako t\u00fdm v souladu s na\u0161imi hodnotami.<\/p>\n<p dir=\"ltr\">Usilujeme o r\u016fznorod\u00e9 a inkluzivn\u00ed pracovi\u0161t\u011b a d\u016frazn\u011b vyz\u00fdv\u00e1me vhodn\u011b kvalifikovan\u00e9 uchaze\u010de z \u0161irok\u00e9 \u0161k\u00e1ly prost\u0159ed\u00ed, aby se p\u0159ihl\u00e1sili do na\u0161eho t\u00fdmu.&nbsp;<\/p>\n<p dir=\"ltr\">Abyste m\u011bli n\u00e1rok na inzerovan\u00e9 role, mus\u00edte m\u00edt pr\u00e1vo pracovat v p\u0159\u00edslu\u0161n\u00e9 zemi.<\/p>\n<\/div>\n<\/div>\n<\/div>\n<\/div>\n<\/section>","protected":false},"excerpt":{"rendered":"","protected":false},"author":2,"featured_media":0,"parent":0,"menu_order":0,"comment_status":"closed","ping_status":"closed","template":"","meta":{"_acf_changed":false,"footnotes":""},"class_list":["post-143","page","type-page","status-publish","hentry"],"acf":[],"yoast_head":"<!-- This site is optimized with the Yoast SEO plugin v27.5 - https:\/\/yoast.com\/product\/yoast-seo-wordpress\/ -->\n<title>Careers - Q-bital Healthcare Solutions<\/title>\n<meta name=\"robots\" content=\"index, follow, max-snippet:-1, max-image-preview:large, max-video-preview:-1\" \/>\n<link rel=\"canonical\" href=\"https:\/\/www.q-bital.com\/cs_cz\/careers\/\" \/>\n<meta property=\"og:locale\" content=\"cs_CZ\" \/>\n<meta property=\"og:type\" content=\"article\" \/>\n<meta property=\"og:title\" content=\"Careers - Q-bital Healthcare Solutions\" \/>\n<meta property=\"og:url\" content=\"https:\/\/www.q-bital.com\/cs_cz\/careers\/\" \/>\n<meta property=\"og:site_name\" content=\"Q-bital Healthcare Solutions\" \/>\n<meta property=\"article:modified_time\" content=\"2024-07-08T09:56:12+00:00\" \/>\n<meta name=\"twitter:card\" content=\"summary_large_image\" \/>\n<meta name=\"twitter:label1\" content=\"Odhadovan\u00e1 doba \u010dten\u00ed\" \/>\n\t<meta name=\"twitter:data1\" content=\"1 minuta\" \/>\n<script type=\"application\/ld+json\" class=\"yoast-schema-graph\">{\"@context\":\"https:\\\/\\\/schema.org\",\"@graph\":[{\"@type\":\"WebPage\",\"@id\":\"https:\\\/\\\/www.q-bital.com\\\/careers\\\/\",\"url\":\"https:\\\/\\\/www.q-bital.com\\\/careers\\\/\",\"name\":\"Careers - Q-bital Healthcare Solutions\",\"isPartOf\":{\"@id\":\"https:\\\/\\\/www.q-bital.com\\\/#website\"},\"datePublished\":\"2023-06-05T15:04:05+00:00\",\"dateModified\":\"2024-07-08T09:56:12+00:00\",\"inLanguage\":\"cs\",\"potentialAction\":[{\"@type\":\"ReadAction\",\"target\":[\"https:\\\/\\\/www.q-bital.com\\\/careers\\\/\"]}]},{\"@type\":\"WebSite\",\"@id\":\"https:\\\/\\\/www.q-bital.com\\\/#website\",\"url\":\"https:\\\/\\\/www.q-bital.com\\\/\",\"name\":\"Q-bital Healthcare Solutions\",\"description\":\"\",\"potentialAction\":[{\"@type\":\"SearchAction\",\"target\":{\"@type\":\"EntryPoint\",\"urlTemplate\":\"https:\\\/\\\/www.q-bital.com\\\/?s={search_term_string}\"},\"query-input\":{\"@type\":\"PropertyValueSpecification\",\"valueRequired\":true,\"valueName\":\"search_term_string\"}}],\"inLanguage\":\"cs\"}]}<\/script>\n<!-- \/ Yoast SEO plugin. -->","yoast_head_json":{"title":"Kari\u00e9ra - Q-bital Healthcare Solutions","robots":{"index":"index","follow":"follow","max-snippet":"max-snippet:-1","max-image-preview":"max-image-preview:large","max-video-preview":"max-video-preview:-1"},"canonical":"https:\/\/www.q-bital.com\/cs_cz\/careers\/","og_locale":"cs_CZ","og_type":"article","og_title":"Careers - Q-bital Healthcare Solutions","og_url":"https:\/\/www.q-bital.com\/cs_cz\/careers\/","og_site_name":"Q-bital Healthcare Solutions","article_modified_time":"2024-07-08T09:56:12+00:00","twitter_card":"summary_large_image","twitter_misc":{"Odhadovan\u00e1 doba \u010dten\u00ed":"1 minuta"},"schema":{"@context":"https:\/\/schema.org","@graph":[{"@type":"WebPage","@id":"https:\/\/www.q-bital.com\/careers\/","url":"https:\/\/www.q-bital.com\/careers\/","name":"Kari\u00e9ra - Q-bital Healthcare Solutions","isPartOf":{"@id":"https:\/\/www.q-bital.com\/#website"},"datePublished":"2023-06-05T15:04:05+00:00","dateModified":"2024-07-08T09:56:12+00:00","inLanguage":"cs","potentialAction":[{"@type":"ReadAction","target":["https:\/\/www.q-bital.com\/careers\/"]}]},{"@type":"WebSite","@id":"https:\/\/www.q-bital.com\/#website","url":"https:\/\/www.q-bital.com\/","name":"Q-bital Healthcare Solutions","description":"","potentialAction":[{"@type":"SearchAction","target":{"@type":"EntryPoint","urlTemplate":"https:\/\/www.q-bital.com\/?s={search_term_string}"},"query-input":{"@type":"PropertyValueSpecification","valueRequired":true,"valueName":"search_term_string"}}],"inLanguage":"cs"}]}},"_links":{"self":[{"href":"https:\/\/www.q-bital.com\/cs_cz\/wp-json\/wp\/v2\/pages\/143","targetHints":{"allow":["GET"]}}],"collection":[{"href":"https:\/\/www.q-bital.com\/cs_cz\/wp-json\/wp\/v2\/pages"}],"about":[{"href":"https:\/\/www.q-bital.com\/cs_cz\/wp-json\/wp\/v2\/types\/page"}],"author":[{"embeddable":true,"href":"https:\/\/www.q-bital.com\/cs_cz\/wp-json\/wp\/v2\/users\/2"}],"replies":[{"embeddable":true,"href":"https:\/\/www.q-bital.com\/cs_cz\/wp-json\/wp\/v2\/comments?post=143"}],"version-history":[{"count":0,"href":"https:\/\/www.q-bital.com\/cs_cz\/wp-json\/wp\/v2\/pages\/143\/revisions"}],"wp:attachment":[{"href":"https:\/\/www.q-bital.com\/cs_cz\/wp-json\/wp\/v2\/media?parent=143"}],"curies":[{"name":"wp","href":"https:\/\/api.w.org\/{rel}","templated":true}]}}