{"id":209,"date":"2023-06-14T14:38:36","date_gmt":"2023-06-14T14:38:36","guid":{"rendered":"https:\/\/www.q-bital.com\/?page_id=209"},"modified":"2023-08-30T15:11:30","modified_gmt":"2023-08-30T15:11:30","slug":"environment","status":"publish","type":"page","link":"https:\/\/www.q-bital.com\/cs_cz\/environment\/","title":{"rendered":"\u017eivotn\u00ed prost\u0159ed\u00ed"},"content":{"rendered":"<section id=\"section-2-59\" class=\"ct-section\" style=\"background-image:url(https:\/\/www.q-bital.com\/wp-content\/uploads\/sites\/8\/2023\/05\/boulders-right.png);background-size: auto;\" >\n<div class=\"ct-section-inner-wrap\">\n<div id=\"div_block-8-59\" class=\"ct-div-block\" ><a id=\"link_text-6-59\" class=\"ct-link-text\" href=\"\/cs_cz\/\" target=\"_self\"  >Domov<\/a><\/p>\n<h1 id=\"headline-3-59\" class=\"ct-headline\"><span id=\"span-4-59\" class=\"ct-span\" >\u017eivotn\u00ed prost\u0159ed\u00ed<\/span><\/h1>\n<\/div>\n<\/div>\n<\/section>\n<section id=\"section-68-14-text-left-white\" class=\"ct-section\" >\n<div class=\"ct-section-inner-wrap\">\n<div id=\"new_columns-69-14text-left-white\" class=\"ct-new-columns\" >\n<div id=\"div_block-70-14\" class=\"ct-div-block\" >\n<h2 id=\"headline-71-14\" class=\"ct-headline\">Na\u0161e z\u00e1vazky udr\u017eitelnosti a spole\u010densk\u00e9 odpov\u011bdnosti<\/h2>\n<div id=\"_rich_text-72-14\" class=\"oxy-rich-text\" >\n<p>Jsme odhodl\u00e1ni st\u00e1t se ekologicky udr\u017eitelnou a spole\u010densky odpov\u011bdnou organizac\u00ed, kter\u00e1 vytv\u00e1\u0159\u00ed p\u0159edn\u00ed sv\u011btov\u00e9 klinick\u00e9 prostory zdravotn\u00ed p\u00e9\u010de s minim\u00e1ln\u00edm dopadem na \u017eivotn\u00ed prost\u0159ed\u00ed.<\/p>\n<p><strong>Na\u0161e c\u00edle<\/strong><\/p>\n<p>1. Na\u0161e obchodn\u00ed praktiky se neust\u00e1le vyv\u00edjej\u00ed; n\u00e1\u0161 ekologick\u00fd pl\u00e1n n\u00e1s zavazuje, \u017ee do konce roku 2023 budeme uhl\u00edkov\u011b neutr\u00e1ln\u00ed pro emise 1 a 2 a do roku 2035 se staneme nulovou uhl\u00edkovou \u010distou.<\/p>\n<p>2. Neust\u00e1le se sna\u017e\u00edme nab\u00edzet produkty a slu\u017eby, kter\u00e9 pom\u00e1haj\u00ed na\u0161im klient\u016fm dosahovat jejich vlastn\u00edch c\u00edl\u016f v oblasti \u017eivotn\u00edho prost\u0159ed\u00ed. Na\u0161e prostory Healthcare Spaces budou do roku 2025 v ka\u017edodenn\u00edm provozu uhl\u00edkov\u011b neutr\u00e1ln\u00ed.<\/p>\n<\/div>\n<\/div>\n<div id=\"div_block-74-14\" class=\"ct-div-block\" ><img decoding=\"async\"  id=\"image-75-14\" alt=\"\" src=\"https:\/\/www.q-bital.com\/wp-content\/uploads\/sites\/8\/2023\/07\/Solar-Panels.jpg\" class=\"ct-image\"\/><\/div>\n<\/div>\n<\/div>\n<\/section>\n<section id=\"section-88-34-blue\" class=\"ct-section\" >\n<div class=\"ct-section-inner-wrap\">\n<div id=\"new_columns-89-34-blue\" class=\"ct-new-columns\" >\n<div id=\"div_block-94-34\" class=\"ct-div-block\" ><img decoding=\"async\"  id=\"image-95-34\" alt=\"\" src=\"https:\/\/www.q-bital.com\/wp-content\/uploads\/sites\/8\/2023\/07\/CO2.jpg\" class=\"ct-image\"\/><\/div>\n<div id=\"div_block-90-34\" class=\"ct-div-block\" >\n<h2 id=\"headline-91-34\" class=\"ct-headline\">Na\u0161e z\u00e1vazky <\/h2>\n<div id=\"_rich_text-92-34\" class=\"oxy-rich-text\" >\n<ul>\n<li>M\u00edt jasn\u00fd, dlouhodob\u00fd strategick\u00fd pl\u00e1n s v\u011bdecky podlo\u017een\u00fdmi c\u00edli, abychom zajistili, \u017ee dos\u00e1hneme na\u0161ich dlouhodob\u00fdch c\u00edl\u016f a zajist\u00edme na\u0161i ka\u017edoro\u010dn\u00ed taktickou aktivitu<\/li>\n<li>Ro\u010dn\u00ed publikace a <a href=\"\/cs_cz\/carbon-reduction-plan\/\">pl\u00e1n sni\u017eov\u00e1n\u00ed uhl\u00edku<\/a><\/li>\n<li>Ka\u017edoro\u010dn\u00ed m\u011b\u0159en\u00ed na\u0161\u00ed uhl\u00edkov\u00e9 stopy<\/li>\n<li>Poskytnout modul\u00e1rn\u00ed portfolio s nulovou \u010distou budovou do roku 2024 &nbsp;<\/li>\n<li>Zaji\u0161t\u011bn\u00ed udr\u017eiteln\u00e9ho dodavatelsk\u00e9ho \u0159et\u011bzce s pou\u017eit\u00edm materi\u00e1l\u016f a n\u00e1vrh\u016f schopn\u00fdch prodlou\u017eit \u017eivotnost na\u0161ich budov<\/li>\n<li>Maximalizace \u00farovn\u011b op\u011btovn\u00e9ho pou\u017eit\u00ed\/p\u0159epracov\u00e1n\u00ed nebo recyklace pro budouc\u00ed projekty<\/li>\n<li>Zv\u00fd\u0161en\u00ed vyu\u017e\u00edv\u00e1n\u00ed obnoviteln\u00fdch zdroj\u016f energie v na\u0161ich prostor\u00e1ch, dokud nebudeme v roce 2025 pln\u011b poh\u00e1n\u011bni obnoviteln\u00fdmi zdroji energie<\/li>\n<li>P\u0159echod na vozov\u00fd park s elektrick\u00fdm pohonem do roku 2025, postupn\u00e9 vy\u0159azov\u00e1n\u00ed vozidel na fosiln\u00ed paliva<\/li>\n<li>Sn\u00ed\u017een\u00ed emis\u00ed dodavatelsk\u00e9ho \u0159et\u011bzce o 80%<\/li>\n<li>Pokra\u010duj\u00edc\u00ed investice do projekt\u016f odstra\u0148ov\u00e1n\u00ed uhl\u00edku, kter\u00e9 izoluj\u00ed uhl\u00edk z atmosf\u00e9ry, aby se odstranilo 500 t CO2 ro\u010dn\u011b<\/li>\n<li>Zaji\u0161t\u011bn\u00ed, \u017ee n\u00e1\u0161 dodavatelsk\u00fd \u0159et\u011bzec m\u00e1 zavedeny postupy ke sn\u00ed\u017een\u00ed jejich dopadu na \u017eivotn\u00ed prost\u0159ed\u00ed, v\u010detn\u011b v\u00fdb\u011bru materi\u00e1l\u016f&nbsp;<\/li>\n<li>\u017d\u00e1dn\u00fd odpad nen\u00ed odv\u00e1\u017een na skl\u00e1dku<\/li>\n<\/ul>\n<p>Pod\u00edvejte se na na\u0161i cestu do&nbsp;<a href=\"\/wp-content\/uploads\/sites\/8\/2023\/07\/Vanguard-Carbon-Net-Zero-Graphics-July-2023-1.pdf\" target=\"_blank\" rel=\"noopener\">Pl\u00e1n Carbon Net Zero<\/a><\/p>\n<\/div>\n<\/div>\n<\/div>\n<\/div>\n<\/section>\n<section id=\"section-68-14-text-left-white\" class=\"ct-section\" >\n<div class=\"ct-section-inner-wrap\">\n<div id=\"new_columns-69-14text-left-white\" class=\"ct-new-columns\" >\n<div id=\"div_block-70-14\" class=\"ct-div-block\" >\n<h2 id=\"headline-71-14\" class=\"ct-headline\">Jak dod\u00e1v\u00e1me produkty a slu\u017eby, kter\u00e9 pom\u00e1haj\u00ed na\u0161im klient\u016fm plnit jejich environment\u00e1ln\u00ed c\u00edle:<\/h2>\n<div id=\"_rich_text-72-14\" class=\"oxy-rich-text\" >\n<ul>\n<li>Zdravotnick\u00e9 prostory vyroben\u00e9 v na\u0161ich vlastn\u00edch tov\u00e1rn\u011b \u0159\u00edzen\u00fdch prost\u0159ed\u00edch<\/li>\n<li>\u00darovn\u011b dokon\u010den\u00ed v\u00fdroby 80% minimalizuj\u00ed \u010dinnosti na m\u00edst\u011b<\/li>\n<li>Zaveden\u00ed uhl\u00edkov\u011b neutr\u00e1ln\u00edch modul\u00e1rn\u00edch staveb do na\u0161eho portfolia slu\u017eeb&nbsp;<\/li>\n<li>V\u0161echny budovy standardn\u011b dosahuj\u00ed \u00farovn\u011b BREEAM \u201eExcellent\u201c.<\/li>\n<li>Dod\u00e1vka energeticky \u00fa\u010dinn\u00fdch budov, kter\u00e9 neohro\u017euj\u00ed bezpe\u010dnost, praktick\u00e9 nebo funk\u010dn\u00ed po\u017eadavky&nbsp;<\/li>\n<li>Vyu\u017eit\u00ed modern\u00edch technologi\u00ed k zachycen\u00ed a vyu\u017eit\u00ed obnoviteln\u00fdch zdroj\u016f energie k \u0159\u00edzen\u00ed provozn\u00edch prost\u0159ed\u00ed<\/li>\n<li>Betonov\u00e9 moduly spodn\u00ed konstrukce s ocelov\u00fdm r\u00e1mem vyroben\u00e9 v uhl\u00edkov\u011b neutr\u00e1ln\u00ed tov\u00e1rn\u011b<\/li>\n<\/ul>\n<\/div>\n<\/div>\n<div id=\"div_block-74-14\" class=\"ct-div-block\" ><img decoding=\"async\"  id=\"image-75-14\" alt=\"\" src=\"https:\/\/www.q-bital.com\/wp-content\/uploads\/sites\/8\/2023\/07\/Roof.jpg\" class=\"ct-image\"\/><\/div>\n<\/div>\n<\/div>\n<\/section>\n<section id=\"section-88-34-blue\" class=\"ct-section\" >\n<div class=\"ct-section-inner-wrap\">\n<div id=\"new_columns-89-34-blue\" class=\"ct-new-columns\" >\n<div id=\"div_block-94-34\" class=\"ct-div-block\" ><img decoding=\"async\"  id=\"image-95-34\" alt=\"\" src=\"https:\/\/www.q-bital.com\/wp-content\/uploads\/sites\/8\/2023\/07\/Crane.jpg\" class=\"ct-image\"\/><\/div>\n<div id=\"div_block-90-34\" class=\"ct-div-block\" >\n<h2 id=\"headline-91-34\" class=\"ct-headline\">Cirkul\u00e1rn\u00ed ekonomika<\/h2>\n<div id=\"_rich_text-92-34\" class=\"oxy-rich-text\" >\n<p>Modul\u00e1rn\u00ed a mobiln\u00ed zdravotnick\u00e1 za\u0159\u00edzen\u00ed hraj\u00ed d\u00edky sv\u00e9mu p\u0159izp\u016fsobiv\u00e9mu a udr\u017eiteln\u00e9mu designu z\u00e1sadn\u00ed roli v rozvoji ob\u011bhov\u00e9ho hospod\u00e1\u0159stv\u00ed a z\u00e1rove\u0148 nab\u00edzej\u00ed ekologick\u00e9 a udr\u017eiteln\u00e9 v\u00fdhody. Pou\u017eit\u00ed modul\u00e1rn\u00edch komponent umo\u017e\u0148uje snadnou demont\u00e1\u017e, p\u0159em\u00edst\u011bn\u00ed a rekonfiguraci, co\u017e umo\u017e\u0148uje efektivn\u00ed poskytov\u00e1n\u00ed zdravotnick\u00fdch slu\u017eeb tam, kde je to pot\u0159eba.&nbsp;<\/p>\n<p>Tato flexibilita nejen sni\u017euje stavebn\u00ed a provozn\u00ed n\u00e1klady, ale tak\u00e9 sni\u017euje ekologickou stopu spojenou s tradi\u010dn\u00edmi pevn\u00fdmi zdravotnick\u00fdmi strukturami. Modul\u00e1rn\u00ed za\u0159\u00edzen\u00ed nav\u00edc podporuj\u00ed p\u0159epracov\u00e1n\u00ed a recyklaci materi\u00e1l\u016f, \u010d\u00edm\u017e p\u0159isp\u00edvaj\u00ed k ob\u011bhov\u00e9mu hospod\u00e1\u0159stv\u00ed t\u00edm, \u017ee prodlu\u017euj\u00ed jejich \u017eivotnost a sni\u017euj\u00ed popt\u00e1vku po nov\u00fdch zdroj\u00edch.&nbsp;<\/p>\n<\/div>\n<\/div>\n<\/div>\n<\/div>\n<\/section>\n<section id=\"section-332-315\" class=\"ct-section\" >\n<div class=\"ct-section-inner-wrap\">\n<div id=\"new_columns-333-315\" class=\"ct-new-columns\" >\n<div id=\"div_block-334-315\" class=\"ct-div-block\" >\n<div id=\"div_block-345-315\" class=\"ct-div-block box-shadow\" >\n<div id=\"_rich_text-346-315\" class=\"oxy-rich-text\" >\n<h3>N\u00e1\u0161 dodavatelsk\u00fd \u0159et\u011bzec<\/h3>\n<p>\u2022 Na\u0161e moduly betonov\u00e9 spodn\u00ed konstrukce s ocelov\u00fdm r\u00e1mem jsou vyr\u00e1b\u011bny v uhl\u00edkov\u011b neutr\u00e1ln\u00ed tov\u00e1rn\u011b<\/p>\n<p>\u2022 Na\u0161e zdic\u00ed syst\u00e9my jsou ur\u010deny a navr\u017eeny pro na\u0161e budovy, sni\u017euj\u00ed odpad a opravy defekt\u016f<\/p>\n<p>\u2022 Spolupracujeme s na\u0161imi dodavatelsk\u00fdmi \u0159et\u011bzci na sn\u00ed\u017een\u00ed jejich dopadu na \u017eivotn\u00ed prost\u0159ed\u00ed prost\u0159ednictv\u00edm vybran\u00fdch materi\u00e1l\u016f a jejich vlastn\u00edch postup\u016f<\/p>\n<\/div>\n<\/div>\n<\/div>\n<div id=\"div_block-335-315\" class=\"ct-div-block\" >\n<div id=\"div_block-342-315\" class=\"ct-div-block box-shadow\" >\n<div id=\"_rich_text-337-315\" class=\"oxy-rich-text\" >\n<h3>Prost\u0159ed\u00ed \u0159\u00edzen\u00e9 tov\u00e1rnou<\/h3>\n<p>\u2022 P\u0159epracov\u00e1n\u00ed a epizody defekt\u016f jsou minimalizov\u00e1ny<\/p>\n<p>\u2022 Sn\u00ed\u017een\u00ed pl\u00fdtv\u00e1n\u00ed materi\u00e1lem prost\u0159ednictv\u00edm \u0159\u00edzen\u00ed v\u00fdroby<\/p>\n<p>\u2022 Zvy\u0161ov\u00e1n\u00ed na\u0161\u00ed \u00farovn\u011b t\u0159\u00edd\u011bn\u00ed a recyklace odpadu<\/p>\n<\/div>\n<\/div>\n<\/div>\n<\/div>\n<div id=\"new_columns-350-315\" class=\"ct-new-columns\" >\n<div id=\"div_block-351-315\" class=\"ct-div-block\" >\n<div id=\"div_block-354-315\" class=\"ct-div-block box-shadow\" >\n<div id=\"_rich_text-355-315\" class=\"oxy-rich-text\" >\n<h3>Energeticky \u00fasporn\u00e9 n\u00e1vrhy<\/h3>\n<p>\u2022 Kde je to mo\u017en\u00e9, pou\u017e\u00edvejte p\u0159irozen\u00e9 sv\u011btlo a v\u011btr\u00e1n\u00ed<\/p>\n<p>\u2022 Poskytujeme vysok\u00e9 izola\u010dn\u00ed hodnoty v r\u00e1mci na\u0161ich modul\u00e1rn\u00edch syst\u00e9m\u016f st\u011bn, st\u0159ech a zasklen\u00ed<\/p>\n<p>\u2022 Zachycov\u00e1n\u00ed energie tam, kde je to praktick\u00e9<\/p>\n<p>\u2022 Zelen\u00e9 zdivo<\/p>\n<\/div>\n<\/div>\n<\/div>\n<div id=\"div_block-356-315\" class=\"ct-div-block\" >\n<div id=\"div_block-359-315\" class=\"ct-div-block box-shadow\" >\n<div id=\"_rich_text-360-315\" class=\"oxy-rich-text\" >\n<h3>Vyu\u017eit\u00ed modern\u00edch udr\u017eiteln\u00fdch technologi\u00ed<\/h3>\n<p>\u2022 Mo\u017enosti vyt\u00e1p\u011bn\u00ed zem\u011b\/vzduch<\/p>\n<p>\u2022 FV panely<\/p>\n<p>\u2022 Integrovan\u00e9 monitorov\u00e1n\u00ed CO2<\/p>\n<p>\u2022 Rekuperace de\u0161\u0165ov\u00e9 vody<\/p>\n<\/div>\n<\/div>\n<\/div>\n<\/div>\n<\/div>\n<\/section>\n<section id=\"section-68-14-text-left-white\" class=\"ct-section\" >\n<div class=\"ct-section-inner-wrap\">\n<div id=\"new_columns-69-14text-left-white\" class=\"ct-new-columns\" >\n<div id=\"div_block-70-14\" class=\"ct-div-block\" >\n<h2 id=\"headline-71-14\" class=\"ct-headline\">Soci\u00e1ln\u00ed odpov\u011bdnost<\/h2>\n<div id=\"_rich_text-72-14\" class=\"oxy-rich-text\" >\n<p>N\u00e1\u0161 firemn\u00ed dosah vyu\u017e\u00edv\u00e1me ve prosp\u011bch \u017eivotn\u00edho prost\u0159ed\u00ed, komunit a poskytujeme bezpe\u010dn\u00e9 a vysoce kvalitn\u00ed prostory pro zdravotn\u00ed p\u00e9\u010di.&nbsp;<\/p>\n<p>Na\u0161e zam\u011b\u0159en\u00ed je na:<\/p>\n<ul>\n<li>Dosa\u017een\u00ed norem ISO14001 a 45001<\/li>\n<li>Spolupr\u00e1ce s trusty na ochranu p\u0159\u00edrody na zlep\u0161en\u00ed kvality britsk\u00fdch \u0159ek a kan\u00e1l\u016f&nbsp;<\/li>\n<li>Nab\u00edz\u00ed zam\u011bstnanc\u016fm placenou dobrovolnickou pr\u00e1ci s t\u00fdmem Ark Business Conservation<\/li>\n<li>Zlep\u0161en\u00ed \u017eivotn\u00edch \u0161anc\u00ed pro mlad\u00e9 lidi s p\u0159\u00edstupem k pr\u00e1ci ve zdravotnictv\u00ed a zdravotnick\u00e9m in\u017een\u00fdrstv\u00ed. C\u00edlen\u00e1 u\u010d\u0148ovsk\u00e1 p\u0159\u00edprava a mentorstv\u00ed tvo\u0159\u00ed 10% na\u0161\u00ed pracovn\u00ed s\u00edly<\/li>\n<li>\u0160kolen\u00ed 10% na\u0161ich pracovn\u00edk\u016f, aby se stali prvn\u00edmi pomocn\u00edky v oblasti du\u0161evn\u00edho zdrav\u00ed<\/li>\n<li>Podpora akc\u00ed prvn\u00ed zem\u011b v Austr\u00e1lii prost\u0159ednictv\u00edm placen\u00fdch dobrovolnick\u00fdch p\u0159\u00edle\u017eitost\u00ed<\/li>\n<li>Zlep\u0161en\u00ed pracovn\u00edho prost\u0159ed\u00ed<\/li>\n<li>Podpora zdravotnick\u00fdch organizac\u00ed a soukrom\u00e9ho zdravotnick\u00e9ho sektoru s c\u00edlem pomoci pacient\u016fm vr\u00e1tit se do pr\u00e1ce nebo k jejich pe\u010dovatelsk\u00fdm povinnostem<\/li>\n<li>Vytv\u00e1\u0159en\u00ed pocitu sd\u00edlen\u00e9 odpov\u011bdnosti a odpov\u011bdnosti v r\u00e1mci na\u0161eho podnik\u00e1n\u00ed prost\u0159ednictv\u00edm \u0161kolen\u00ed a rozvoje, komunika\u010dn\u00edch cest a syst\u00e9m\u016f<\/li>\n<li>Zaji\u0161t\u011bn\u00ed akreditace B Corp do roku 2025, kter\u00e1 odr\u00e1\u017e\u00ed n\u00e1\u0161 z\u00e1vazek plnit vysok\u00e9 standardy soci\u00e1ln\u00ed a environment\u00e1ln\u00ed v\u00fdkonnosti, transparentnosti a odpov\u011bdnosti.&nbsp;<\/li>\n<\/ul>\n<p>Pod\u00edvejte se na na\u0161e <a href=\"\/wp-content\/uploads\/sites\/8\/2023\/07\/Vanguard-Corp-Responsibilty-Graphics-July-2023-1.pdf\" target=\"_blank\" rel=\"noopener\">cestovn\u00ed mapa spole\u010densk\u00e9 odpov\u011bdnosti spole\u010dnosti<\/a><\/p>\n<\/div>\n<\/div>\n<div id=\"div_block-74-14\" class=\"ct-div-block\" ><img decoding=\"async\"  id=\"image-75-14\" alt=\"\" src=\"https:\/\/www.q-bital.com\/wp-content\/uploads\/sites\/8\/2023\/07\/Social-Responsibility.jpg\" class=\"ct-image\"\/><\/div>\n<\/div>\n<\/div>\n<\/section>\n<section id=\"section-88-34-blue\" class=\"ct-section\" >\n<div class=\"ct-section-inner-wrap\">\n<div id=\"new_columns-89-34-blue\" class=\"ct-new-columns\" >\n<div id=\"div_block-94-34\" class=\"ct-div-block\" ><img decoding=\"async\"  id=\"image-95-34\" alt=\"\" src=\"https:\/\/www.q-bital.com\/wp-content\/uploads\/sites\/8\/2023\/05\/Staffed-operating-theatre1.jpg\" class=\"ct-image\"\/><\/div>\n<div id=\"div_block-90-34\" class=\"ct-div-block\" >\n<h2 id=\"headline-91-34\" class=\"ct-headline\">Na\u0161i dodavatel\u00e9 a \u0159\u00edzen\u00ed dodavatelsk\u00e9ho \u0159et\u011bzce<\/h2>\n<div id=\"_rich_text-92-34\" class=\"oxy-rich-text\" >\n<p>Zaji\u0161\u0165ujeme, aby na\u0161i dodavatel\u00e9 spl\u0148ovali nejvy\u0161\u0161\u00ed provozn\u00ed standardy ochrany zdrav\u00ed a bezpe\u010dnosti a tak\u00e9 dodr\u017eovali p\u0159\u00edslu\u0161n\u00e9 z\u00e1konn\u00e9 a regul\u00e9rn\u00ed po\u017eadavky, jako je z\u00e1kon o rovnosti a <a href=\"..\/modern-slavery-and-human-trafficking-statement\/\">Z\u00e1kon o modern\u00edm otroctv\u00ed a obchodov\u00e1n\u00ed s lidmi<\/a>.&nbsp;<\/p>\n<p>Zav\u00e1zali jsme se k poctiv\u00fdm platebn\u00edm praktik\u00e1m, jak je uvedeno v pokynech b\u00fdval\u00e9ho \u00da\u0159adu vl\u00e1dy pro obchod a v z\u00e1sad\u00e1ch Stavebnictv\u00ed 2025:&nbsp;<\/p>\n<ul>\n<li>Transparentnost platebn\u00edch postup\u016f&nbsp;<\/li>\n<li>Potvrzen\u00ed plateb proti miln\u00edk\u016fm&nbsp;<\/li>\n<li>Jak\u00e9koli \u010d\u00e1stky, kter\u00e9 jsou dr\u017eeny na uchov\u00e1n\u00ed s \u010dasov\u00fdm obdob\u00edm a d\u016fvodem.&nbsp;<\/li>\n<\/ul>\n<p>Jsme akreditovan\u00fdm \u010dlenem programu ohledupln\u00fdch dodavatel\u016f a p\u016fsob\u00edme prost\u0159ednictv\u00edm dodavatelsk\u00e9ho \u0159et\u011bzce v\u00e1\u017een\u00fdch partner\u016f.&nbsp;<\/p>\n<\/div>\n<\/div>\n<\/div>\n<\/div>\n<\/section>\n<section id=\"section-68-14-text-left-white\" class=\"ct-section\" >\n<div class=\"ct-section-inner-wrap\">\n<div id=\"new_columns-69-14text-left-white\" class=\"ct-new-columns\" >\n<div id=\"div_block-70-14\" class=\"ct-div-block\" >\n<h2 id=\"headline-71-14\" class=\"ct-headline\">Vl\u00e1dnut\u00ed<\/h2>\n<div id=\"_rich_text-72-14\" class=\"oxy-rich-text\" >\n<p>Na\u0161e p\u0159\u00edsn\u00e9 z\u00e1sady spr\u00e1vy a \u0159\u00edzen\u00ed podporuj\u00ed bezpe\u010dnost a dodr\u017eov\u00e1n\u00ed p\u0159edpis\u016f. Bezpe\u010dnost pacient\u016f, na\u0161ich klient\u016f a na\u0161eho person\u00e1lu je st\u0159edem v\u0161eho, co d\u011bl\u00e1me. N\u00e1\u0161 syst\u00e9m \u0159\u00edzen\u00ed byl navr\u017een tak, aby byl robustn\u00ed a poskytoval neust\u00e1l\u00e9 zlep\u0161ov\u00e1n\u00ed.<\/p>\n<p>Na\u0161e politika aktivn\u00edho integrovan\u00e9ho \u0159\u00edzen\u00ed je navr\u017eena tak, aby podporovala poskytov\u00e1n\u00ed bezpe\u010dn\u00fdch a vyhovuj\u00edc\u00edch slu\u017eeb. Auditujeme tuto politiku a sledujeme jej\u00ed v\u00fdsledky na v\u0161ech \u00farovn\u00edch na\u0161\u00ed organizace. Ve vz\u00e1cn\u00fdch p\u0159\u00edpadech, kdy v\u011bci ne\u0161ly podle pl\u00e1nu, je uvedeme do po\u0159\u00e1dku a vyu\u017eijeme z\u00edskan\u00e9 poznatky ke zlep\u0161en\u00ed na\u0161ich budouc\u00edch slu\u017eeb.<\/p>\n<p>K identifikaci a \u0159e\u0161en\u00ed jak\u00fdchkoli klinick\u00fdch probl\u00e9m\u016f a \u0159e\u0161en\u00ed v\u0161ech rizik je zaveden p\u0159\u00edsn\u00fd proces kvality. To zahrnuje procesy intern\u00edho i extern\u00edho auditu pro sledov\u00e1n\u00ed a kontrolu poskytovan\u00fdch slu\u017eeb.<\/p>\n<\/div>\n<\/div>\n<div id=\"div_block-74-14\" class=\"ct-div-block\" ><img decoding=\"async\"  id=\"image-75-14\" alt=\"\" src=\"https:\/\/www.q-bital.com\/wp-content\/uploads\/sites\/8\/2023\/07\/Governance.jpg\" class=\"ct-image\"\/><\/div>\n<\/div>\n<\/div>\n<\/section>","protected":false},"excerpt":{"rendered":"","protected":false},"author":2,"featured_media":0,"parent":0,"menu_order":0,"comment_status":"closed","ping_status":"closed","template":"","meta":{"_acf_changed":false,"footnotes":""},"class_list":["post-209","page","type-page","status-publish","hentry"],"acf":[],"yoast_head":"<!-- This site is optimized with the Yoast SEO plugin v27.4 - https:\/\/yoast.com\/product\/yoast-seo-wordpress\/ -->\n<title>Environment - Q-bital Healthcare Solutions<\/title>\n<meta name=\"robots\" content=\"index, follow, max-snippet:-1, max-image-preview:large, max-video-preview:-1\" \/>\n<link rel=\"canonical\" href=\"https:\/\/www.q-bital.com\/cs_cz\/environment\/\" \/>\n<meta property=\"og:locale\" content=\"cs_CZ\" \/>\n<meta property=\"og:type\" content=\"article\" \/>\n<meta property=\"og:title\" content=\"Environment - Q-bital Healthcare Solutions\" \/>\n<meta property=\"og:url\" content=\"https:\/\/www.q-bital.com\/cs_cz\/environment\/\" \/>\n<meta property=\"og:site_name\" content=\"Q-bital Healthcare Solutions\" \/>\n<meta property=\"article:modified_time\" content=\"2023-08-30T15:11:30+00:00\" \/>\n<meta name=\"twitter:card\" content=\"summary_large_image\" \/>\n<script type=\"application\/ld+json\" class=\"yoast-schema-graph\">{\"@context\":\"https:\\\/\\\/schema.org\",\"@graph\":[{\"@type\":\"WebPage\",\"@id\":\"https:\\\/\\\/www.q-bital.com\\\/environment\\\/\",\"url\":\"https:\\\/\\\/www.q-bital.com\\\/environment\\\/\",\"name\":\"Environment - Q-bital Healthcare Solutions\",\"isPartOf\":{\"@id\":\"https:\\\/\\\/www.q-bital.com\\\/#website\"},\"datePublished\":\"2023-06-14T14:38:36+00:00\",\"dateModified\":\"2023-08-30T15:11:30+00:00\",\"inLanguage\":\"cs\",\"potentialAction\":[{\"@type\":\"ReadAction\",\"target\":[\"https:\\\/\\\/www.q-bital.com\\\/environment\\\/\"]}]},{\"@type\":\"WebSite\",\"@id\":\"https:\\\/\\\/www.q-bital.com\\\/#website\",\"url\":\"https:\\\/\\\/www.q-bital.com\\\/\",\"name\":\"Q-bital Healthcare Solutions\",\"description\":\"\",\"potentialAction\":[{\"@type\":\"SearchAction\",\"target\":{\"@type\":\"EntryPoint\",\"urlTemplate\":\"https:\\\/\\\/www.q-bital.com\\\/?s={search_term_string}\"},\"query-input\":{\"@type\":\"PropertyValueSpecification\",\"valueRequired\":true,\"valueName\":\"search_term_string\"}}],\"inLanguage\":\"cs\"}]}<\/script>\n<!-- \/ Yoast SEO plugin. -->","yoast_head_json":{"title":"\u017divotn\u00ed prost\u0159ed\u00ed - Q-bital Healthcare Solutions","robots":{"index":"index","follow":"follow","max-snippet":"max-snippet:-1","max-image-preview":"max-image-preview:large","max-video-preview":"max-video-preview:-1"},"canonical":"https:\/\/www.q-bital.com\/cs_cz\/environment\/","og_locale":"cs_CZ","og_type":"article","og_title":"Environment - Q-bital Healthcare Solutions","og_url":"https:\/\/www.q-bital.com\/cs_cz\/environment\/","og_site_name":"Q-bital Healthcare Solutions","article_modified_time":"2023-08-30T15:11:30+00:00","twitter_card":"summary_large_image","schema":{"@context":"https:\/\/schema.org","@graph":[{"@type":"WebPage","@id":"https:\/\/www.q-bital.com\/environment\/","url":"https:\/\/www.q-bital.com\/environment\/","name":"\u017divotn\u00ed prost\u0159ed\u00ed - Q-bital Healthcare Solutions","isPartOf":{"@id":"https:\/\/www.q-bital.com\/#website"},"datePublished":"2023-06-14T14:38:36+00:00","dateModified":"2023-08-30T15:11:30+00:00","inLanguage":"cs","potentialAction":[{"@type":"ReadAction","target":["https:\/\/www.q-bital.com\/environment\/"]}]},{"@type":"WebSite","@id":"https:\/\/www.q-bital.com\/#website","url":"https:\/\/www.q-bital.com\/","name":"Q-bital Healthcare Solutions","description":"","potentialAction":[{"@type":"SearchAction","target":{"@type":"EntryPoint","urlTemplate":"https:\/\/www.q-bital.com\/?s={search_term_string}"},"query-input":{"@type":"PropertyValueSpecification","valueRequired":true,"valueName":"search_term_string"}}],"inLanguage":"cs"}]}},"_links":{"self":[{"href":"https:\/\/www.q-bital.com\/cs_cz\/wp-json\/wp\/v2\/pages\/209","targetHints":{"allow":["GET"]}}],"collection":[{"href":"https:\/\/www.q-bital.com\/cs_cz\/wp-json\/wp\/v2\/pages"}],"about":[{"href":"https:\/\/www.q-bital.com\/cs_cz\/wp-json\/wp\/v2\/types\/page"}],"author":[{"embeddable":true,"href":"https:\/\/www.q-bital.com\/cs_cz\/wp-json\/wp\/v2\/users\/2"}],"replies":[{"embeddable":true,"href":"https:\/\/www.q-bital.com\/cs_cz\/wp-json\/wp\/v2\/comments?post=209"}],"version-history":[{"count":0,"href":"https:\/\/www.q-bital.com\/cs_cz\/wp-json\/wp\/v2\/pages\/209\/revisions"}],"wp:attachment":[{"href":"https:\/\/www.q-bital.com\/cs_cz\/wp-json\/wp\/v2\/media?parent=209"}],"curies":[{"name":"wp","href":"https:\/\/api.w.org\/{rel}","templated":true}]}}