{"id":316,"date":"2023-06-26T15:37:53","date_gmt":"2023-06-26T15:37:53","guid":{"rendered":"https:\/\/www.q-bital.com\/?page_id=316"},"modified":"2023-06-28T09:59:04","modified_gmt":"2023-06-28T09:59:04","slug":"partner-programme","status":"publish","type":"page","link":"https:\/\/www.q-bital.com\/cs_cz\/partner-programme\/","title":{"rendered":"Partnersk\u00fd program"},"content":{"rendered":"<section id=\"section-319-315\" class=\"ct-section\" >\n<div class=\"ct-section-inner-wrap\">\n<div id=\"new_columns-320-315\" class=\"ct-new-columns\" >\n<div id=\"div_block-321-315\" class=\"ct-div-block\" >\n<h2 id=\"headline-322-315\" class=\"ct-headline\">Na\u0161i pe\u010dliv\u011b vybran\u00ed partne\u0159i p\u0159id\u00e1vaj\u00ed hodnotu na\u0161im slu\u017eb\u00e1m<\/h2>\n<div id=\"_rich_text-323-315\" class=\"oxy-rich-text\" >\n<p>Partnersk\u00fd program spojuje na\u0161e odborn\u00e9 znalosti v oblasti poskytov\u00e1n\u00ed flexibiln\u00edch zdravotnick\u00fdch prostor\u016f a \u0159e\u0161en\u00ed s dal\u0161\u00edmi kl\u00ed\u010dov\u00fdmi poskytovateli zdravotn\u00ed p\u00e9\u010de s c\u00edlem usnadnit ekosyst\u00e9m proz\u00edrav\u00fdch partner\u016f, kte\u0159\u00ed se zav\u00e1zali ke spolupr\u00e1ci a inovativn\u00edmu p\u0159\u00edstupu.<\/p>\n<p>Otev\u0159en\u00e1 a konstruktivn\u00ed spolupr\u00e1ce s ostatn\u00edmi poskytovateli p\u0159i pl\u00e1nov\u00e1n\u00ed, vybaven\u00ed, person\u00e1lu a poskytov\u00e1n\u00ed t\u011bchto nov\u00fdch za\u0159\u00edzen\u00ed zvy\u0161uje kvalitu nov\u00e9ho klinick\u00e9ho prost\u0159ed\u00ed, nab\u00edz\u00ed komplexn\u00ed p\u0159\u00edstup a na\u0161im spole\u010dn\u00fdm klient\u016fm zaji\u0161\u0165uje hodnotu za pen\u00edze.<\/p>\n<\/div>\n<\/div>\n<div id=\"div_block-324-315\" class=\"ct-div-block\" ><img decoding=\"async\"  id=\"image-325-315\" alt=\"\" src=\"https:\/\/www.q-bital.com\/wp-content\/uploads\/sites\/8\/2023\/06\/partners-info.png\" class=\"ct-image\"\/><\/div>\n<\/div>\n<\/div>\n<\/section>\n<section id=\"section-332-315\" class=\"ct-section\" >\n<div class=\"ct-section-inner-wrap\">\n<h3 id=\"headline-339-315\" class=\"ct-headline\">Obvykle pracujeme se \u010dty\u0159mi hlavn\u00edmi typy partner\u016f:<\/h3>\n<div id=\"new_columns-333-315\" class=\"ct-new-columns\" >\n<div id=\"div_block-334-315\" class=\"ct-div-block\" >\n<div id=\"div_block-345-315\" class=\"ct-div-block box-shadow\" >\n<div id=\"_rich_text-346-315\" class=\"oxy-rich-text\" >\n<p><strong>Konstrukce<\/strong><br \/>Bezprobl\u00e9mov\u011b dod\u00e1vejte specializovan\u00e1 zdravotnick\u00e1 modul\u00e1rn\u00ed a mobiln\u00ed \u0159e\u0161en\u00ed b\u011bhem v\u00fdstavby nov\u00fdch a rekonstruk\u010dn\u00edch projekt\u016f nemocnic, abyste zachovali a zlep\u0161ili kontinuitu p\u00e9\u010de.\u00a0<\/p>\n<\/div>\n<\/div>\n<\/div>\n<div id=\"div_block-335-315\" class=\"ct-div-block\" >\n<div id=\"div_block-342-315\" class=\"ct-div-block box-shadow\" >\n<div id=\"_rich_text-337-315\" class=\"oxy-rich-text\" >\n<p><strong>V\u00fdrobci za\u0159\u00edzen\u00ed<\/strong><br \/>Toto partnerstv\u00ed nab\u00edz\u00ed nemocnic\u00edm komplexn\u00ed \u0159e\u0161en\u00ed. Modul\u00e1rn\u00ed a mobiln\u00ed za\u0159\u00edzen\u00ed jsou dod\u00e1v\u00e1na kompletn\u00ed s nejnov\u011bj\u0161\u00edmi inovacemi v l\u00e9ka\u0159sk\u00e9m vybaven\u00ed, v\u017edy navr\u017een\u00e1 tak, aby vyhovovala pot\u0159eb\u00e1m l\u00e9ka\u0159\u016f vyu\u017e\u00edvaj\u00edc\u00edch na\u0161e prostory Healthcare Spaces.<\/p>\n<\/div>\n<\/div>\n<\/div>\n<\/div>\n<div id=\"new_columns-350-315\" class=\"ct-new-columns\" >\n<div id=\"div_block-351-315\" class=\"ct-div-block\" >\n<div id=\"div_block-354-315\" class=\"ct-div-block box-shadow\" >\n<div id=\"_rich_text-355-315\" class=\"oxy-rich-text\" >\n<p><strong>Poradn\u00ed<\/strong><br \/>\u00dazk\u00e1 spolupr\u00e1ce s architekty a design\u00e9ry na za\u010dlen\u011bn\u00ed modern\u00edch metod v\u00fdstavby (MMC) do program\u016f v\u00fdstavby nemocnic a jejich rekonstrukc\u00ed. Kone\u010dn\u00fdm v\u00fdsledkem je udr\u017eiteln\u00e9, produktivn\u00ed a n\u00e1kladov\u011b efektivn\u00ed pracovn\u00ed prost\u0159ed\u00ed.\u00a0<\/p>\n<\/div>\n<\/div>\n<\/div>\n<div id=\"div_block-356-315\" class=\"ct-div-block\" >\n<div id=\"div_block-359-315\" class=\"ct-div-block box-shadow\" >\n<div id=\"_rich_text-360-315\" class=\"oxy-rich-text\" >\n<p><strong>Provozovatel\u00e9 klinick\u00fdch slu\u017eeb<\/strong><br \/>Na\u0161e vysoce kvalitn\u00ed prostory Healthcare Spaces jsou dopln\u011bny o odborn\u00e1 person\u00e1ln\u00ed \u0159e\u0161en\u00ed, kter\u00e1 poskytuj\u00ed pln\u011b komplexn\u00ed \u0159\u00edzen\u00e9 slu\u017eby a pom\u00e1haj\u00ed nemocnic\u00edm udr\u017eovat \u00farove\u0148 slu\u017eeb a produktivitu.\u00a0<\/p>\n<\/div>\n<\/div>\n<\/div>\n<\/div>\n<\/div>\n<\/section>","protected":false},"excerpt":{"rendered":"","protected":false},"author":2,"featured_media":0,"parent":0,"menu_order":0,"comment_status":"closed","ping_status":"closed","template":"","meta":{"_acf_changed":false,"footnotes":""},"class_list":["post-316","page","type-page","status-publish","hentry"],"acf":[],"yoast_head":"<!-- This site is optimized with the Yoast SEO plugin v27.3 - https:\/\/yoast.com\/product\/yoast-seo-wordpress\/ -->\n<title>Partner programme - Q-bital Healthcare Solutions<\/title>\n<meta name=\"robots\" content=\"index, follow, max-snippet:-1, max-image-preview:large, max-video-preview:-1\" \/>\n<link rel=\"canonical\" href=\"https:\/\/www.q-bital.com\/cs_cz\/partner-programme\/\" \/>\n<meta property=\"og:locale\" content=\"cs_CZ\" \/>\n<meta property=\"og:type\" content=\"article\" \/>\n<meta property=\"og:title\" content=\"Partner programme - Q-bital Healthcare Solutions\" \/>\n<meta property=\"og:url\" content=\"https:\/\/www.q-bital.com\/cs_cz\/partner-programme\/\" \/>\n<meta property=\"og:site_name\" content=\"Q-bital Healthcare Solutions\" \/>\n<meta property=\"article:modified_time\" content=\"2023-06-28T09:59:04+00:00\" \/>\n<meta name=\"twitter:card\" content=\"summary_large_image\" \/>\n<script type=\"application\/ld+json\" class=\"yoast-schema-graph\">{\"@context\":\"https:\\\/\\\/schema.org\",\"@graph\":[{\"@type\":\"WebPage\",\"@id\":\"https:\\\/\\\/www.q-bital.com\\\/partner-programme\\\/\",\"url\":\"https:\\\/\\\/www.q-bital.com\\\/partner-programme\\\/\",\"name\":\"Partner programme - Q-bital Healthcare Solutions\",\"isPartOf\":{\"@id\":\"https:\\\/\\\/www.q-bital.com\\\/#website\"},\"datePublished\":\"2023-06-26T15:37:53+00:00\",\"dateModified\":\"2023-06-28T09:59:04+00:00\",\"inLanguage\":\"cs\",\"potentialAction\":[{\"@type\":\"ReadAction\",\"target\":[\"https:\\\/\\\/www.q-bital.com\\\/partner-programme\\\/\"]}]},{\"@type\":\"WebSite\",\"@id\":\"https:\\\/\\\/www.q-bital.com\\\/#website\",\"url\":\"https:\\\/\\\/www.q-bital.com\\\/\",\"name\":\"Q-bital Healthcare Solutions\",\"description\":\"\",\"potentialAction\":[{\"@type\":\"SearchAction\",\"target\":{\"@type\":\"EntryPoint\",\"urlTemplate\":\"https:\\\/\\\/www.q-bital.com\\\/?s={search_term_string}\"},\"query-input\":{\"@type\":\"PropertyValueSpecification\",\"valueRequired\":true,\"valueName\":\"search_term_string\"}}],\"inLanguage\":\"cs\"}]}<\/script>\n<!-- \/ Yoast SEO plugin. -->","yoast_head_json":{"title":"Partnersk\u00fd program - Q-bital Healthcare Solutions","robots":{"index":"index","follow":"follow","max-snippet":"max-snippet:-1","max-image-preview":"max-image-preview:large","max-video-preview":"max-video-preview:-1"},"canonical":"https:\/\/www.q-bital.com\/cs_cz\/partner-programme\/","og_locale":"cs_CZ","og_type":"article","og_title":"Partner programme - Q-bital Healthcare Solutions","og_url":"https:\/\/www.q-bital.com\/cs_cz\/partner-programme\/","og_site_name":"Q-bital Healthcare Solutions","article_modified_time":"2023-06-28T09:59:04+00:00","twitter_card":"summary_large_image","schema":{"@context":"https:\/\/schema.org","@graph":[{"@type":"WebPage","@id":"https:\/\/www.q-bital.com\/partner-programme\/","url":"https:\/\/www.q-bital.com\/partner-programme\/","name":"Partnersk\u00fd program - Q-bital Healthcare Solutions","isPartOf":{"@id":"https:\/\/www.q-bital.com\/#website"},"datePublished":"2023-06-26T15:37:53+00:00","dateModified":"2023-06-28T09:59:04+00:00","inLanguage":"cs","potentialAction":[{"@type":"ReadAction","target":["https:\/\/www.q-bital.com\/partner-programme\/"]}]},{"@type":"WebSite","@id":"https:\/\/www.q-bital.com\/#website","url":"https:\/\/www.q-bital.com\/","name":"Q-bital Healthcare Solutions","description":"","potentialAction":[{"@type":"SearchAction","target":{"@type":"EntryPoint","urlTemplate":"https:\/\/www.q-bital.com\/?s={search_term_string}"},"query-input":{"@type":"PropertyValueSpecification","valueRequired":true,"valueName":"search_term_string"}}],"inLanguage":"cs"}]}},"_links":{"self":[{"href":"https:\/\/www.q-bital.com\/cs_cz\/wp-json\/wp\/v2\/pages\/316","targetHints":{"allow":["GET"]}}],"collection":[{"href":"https:\/\/www.q-bital.com\/cs_cz\/wp-json\/wp\/v2\/pages"}],"about":[{"href":"https:\/\/www.q-bital.com\/cs_cz\/wp-json\/wp\/v2\/types\/page"}],"author":[{"embeddable":true,"href":"https:\/\/www.q-bital.com\/cs_cz\/wp-json\/wp\/v2\/users\/2"}],"replies":[{"embeddable":true,"href":"https:\/\/www.q-bital.com\/cs_cz\/wp-json\/wp\/v2\/comments?post=316"}],"version-history":[{"count":0,"href":"https:\/\/www.q-bital.com\/cs_cz\/wp-json\/wp\/v2\/pages\/316\/revisions"}],"wp:attachment":[{"href":"https:\/\/www.q-bital.com\/cs_cz\/wp-json\/wp\/v2\/media?parent=316"}],"curies":[{"name":"wp","href":"https:\/\/api.w.org\/{rel}","templated":true}]}}