{"id":367,"date":"2023-06-28T13:15:49","date_gmt":"2023-06-28T13:15:49","guid":{"rendered":"https:\/\/www.q-bital.com\/?page_id=367"},"modified":"2023-08-24T10:15:37","modified_gmt":"2023-08-24T10:15:37","slug":"accessibility","status":"publish","type":"page","link":"https:\/\/www.q-bital.com\/cs_cz\/accessibility\/","title":{"rendered":"P\u0159\u00edstupnost"},"content":{"rendered":"<p>Vynalo\u017eili jsme ve\u0161ker\u00e9 \u00fasil\u00ed, aby byly tyto str\u00e1nky dostupn\u00e9 a snadno pou\u017eiteln\u00e9 pro ka\u017ed\u00e9ho.<\/p>\n<h4 class=\"wp-block-heading\">V\u00fdznamn\u00e9 role<\/h4>\n<p>V souladu s pokyny stanoven\u00fdmi iniciativou Web Accessibility Initiative (WAI) a sadou Accessible Rich Internet Applications Suite (ARIA) jsou poskytov\u00e1ny v\u00fdznamn\u00e9 role, aby byl web l\u00e9pe p\u0159\u00edstupn\u00fd. Role pou\u017e\u00edvan\u00e9 k identifikaci konkr\u00e9tn\u00edho obsahu nebo naviga\u010dn\u00edch oblast\u00ed pro strojov\u00e9 \u010dte\u010dky a pomocn\u00e1 za\u0159\u00edzen\u00ed, jako jsou \u010dte\u010dky obrazovky.<\/p>\n<p>Orienta\u010dn\u00ed body byly pou\u017eity k identifikaci hlavn\u00edch \u010d\u00e1st\u00ed webu a atributy ARIA odpov\u00eddaj\u00ed jejich rol\u00edm.<\/p>\n<h4 class=\"wp-block-heading\">Podpora prohl\u00ed\u017ee\u010de<\/h4>\n<p>Str\u00e1nka je vytvo\u0159ena flexibiln\u00edm zp\u016fsobem a je pln\u011b responzivn\u00ed, aby zajistila nejlep\u0161\u00ed mo\u017enou u\u017eivatelskou zku\u0161enost na po\u010d\u00edta\u010d\u00edch, mobiln\u00edch za\u0159\u00edzen\u00edch a tabletech.<\/p>\n<p>Str\u00e1nka je pln\u011b podporov\u00e1na (co\u017e znamen\u00e1 optim\u00e1ln\u00ed z\u00e1\u017eitek, kdy je ve\u0161ker\u00fd obsah doru\u010dov\u00e1n a p\u0159\u00edstupn\u00fd tak, jak bylo zam\u00fd\u0161leno) pro nejnov\u011bj\u0161\u00ed verze prohl\u00ed\u017ee\u010d\u016f Chrome, Firefox, Safari a Edge pro stoln\u00ed po\u010d\u00edta\u010de a tak\u00e9 pro nejnov\u011bj\u0161\u00ed verzi Chrome pro Android a Safari pro iOS.<\/p>\n<p>Podpora pro p\u0159edchoz\u00ed dv\u011b verze v\u00fd\u0161e uveden\u00fdch prohl\u00ed\u017ee\u010d\u016f je zastaral\u00e1 (to znamen\u00e1, \u017ee ve\u0161ker\u00fd obsah je p\u0159\u00edstupn\u00fd, ale u\u017eivatelsk\u00e1 zku\u0161enost m\u016f\u017ee b\u00fdt omezena. HTML, Javascript a CSS prezentace budou ladn\u011b degradovat (tj. nebudou h\u00e1zet chyby), pokud prohl\u00ed\u017ee\u010d nen\u00ed schopen doru\u010dit funk\u010dnost).<\/p>\n<p>Star\u0161\u00ed prohl\u00ed\u017ee\u010de nebo prohl\u00ed\u017ee\u010de, kter\u00e9 nejsou uvedeny v\u00fd\u0161e, nejsou podporov\u00e1ny (to znamen\u00e1, \u017ee prohl\u00ed\u017ee\u010d nen\u00ed testov\u00e1n, a proto m\u016f\u017ee b\u00fdt n\u011bkter\u00fd obsah nep\u0159\u00edstupn\u00fd a zku\u0161enost m\u016f\u017ee b\u00fdt v\u00e1\u017en\u011b ovlivn\u011bna).<\/p>\n<h4 class=\"wp-block-heading\">S\u00e9mantika<\/h4>\n<p>Zna\u010den\u00ed HTML5 se pou\u017e\u00edv\u00e1 ke strukturov\u00e1n\u00ed webu pomoc\u00ed vhodn\u00fdch prvk\u016f slou\u017e\u00edc\u00edch k jasn\u00e9 a logick\u00e9 identifikaci obsahu pro vyhled\u00e1va\u010de nebo \u010dte\u010dky obrazovky.<\/p>\n<h4 class=\"wp-block-heading\">JavaScript<\/h4>\n<p>Pou\u017eit\u00ed JavaScriptu poskytne u\u017eivateli vylep\u0161en\u00e9 funkce webu. Tam, kde nen\u00ed k dispozici, jsou v\u0161echny str\u00e1nky a proces st\u00e1le p\u0159\u00edstupn\u00e9.<\/p>\n<h4 class=\"wp-block-heading\">formul\u00e1\u0159e<\/h4>\n<p>V\u0161echna pole formul\u00e1\u0159\u016f sleduj\u00ed logickou sekvenci karet, aby byla zaji\u0161t\u011bna snadn\u00e1 navigace. Pole formul\u00e1\u0159e maj\u00ed tak\u00e9 atributy &#039;label&#039; a &#039;id&#039;, kter\u00e9 spojuj\u00ed pole formul\u00e1\u0159e s jeho \u0161t\u00edtkem, aby bylo mo\u017en\u00e9 snadno zad\u00e1vat data.<\/p>\n<h4 class=\"wp-block-heading\">Odkazy<\/h4>\n<p>V\u0161echny odkazy byly naps\u00e1ny tak, aby d\u00e1valy smysl, kdy\u017e jsou vytr\u017eeny z kontextu. Tam, kde je to vhodn\u00e9, jsme tak\u00e9 p\u0159idali atributy n\u00e1zvu odkazu, abychom odkaz popsali podrobn\u011bji.<\/p>\n<h4 class=\"wp-block-heading\">Velikost p\u00edsma<\/h4>\n<p>Velikosti p\u00edsma pou\u017eit\u00e9 na webov\u00fdch str\u00e1nk\u00e1ch jsou pln\u011b flexibiln\u00ed. V nastaven\u00ed prohl\u00ed\u017ee\u010de m\u016f\u017eete zm\u011bnit velikost p\u00edsma tak, aby bylo v\u011bt\u0161\u00ed nebo men\u0161\u00ed.<\/p>\n<h4 class=\"wp-block-heading\">Barvy<\/h4>\n<p>Postarali jsme se o to, aby barevn\u00e9 kombinace a kontrast str\u00e1nky byly \u00fa\u010dinn\u00e9 p\u0159i zaji\u0161\u0165ov\u00e1n\u00ed toho, \u017ee informace jsou st\u00e1le jasn\u00e9, kdy\u017e je vid\u00ed v\u0161ichni, a to minim\u00e1ln\u00edm kontrastn\u00edm pom\u011brem 3 na cel\u00e9m webu.<\/p>\n<h4 class=\"wp-block-heading\">Stahov\u00e1n\u00ed<\/h4>\n<p>Pro dal\u0161\u00ed informace a stahov\u00e1n\u00ed pou\u017e\u00edv\u00e1me soubory Adobe PDF. Adobe PDF Reader je voln\u011b dostupn\u00fd pro pou\u017eit\u00ed na jak\u00e9mkoli po\u010d\u00edta\u010di a lze si jej st\u00e1hnout <a href=\"https:\/\/get.adobe.com\/uk\/reader\/\" target=\"_blank\" rel=\"noreferrer noopener\">tady<\/a>.<\/p>","protected":false},"excerpt":{"rendered":"<p>We have made every effort to make this site accessible and easy to use for everyone. Landmark roles Following guidance set by the Web Accessibility Initiative (WAI) and the Accessible Rich Internet Applications Suite (ARIA), landmark roles are provided to make the site more accessible. Roles used to identify specific content or navigation areas for [&hellip;]<\/p>\n","protected":false},"author":2,"featured_media":0,"parent":0,"menu_order":0,"comment_status":"closed","ping_status":"closed","template":"","meta":{"_acf_changed":false,"footnotes":""},"class_list":["post-367","page","type-page","status-publish","hentry"],"acf":[],"yoast_head":"<!-- This site is optimized with the Yoast SEO plugin v27.4 - https:\/\/yoast.com\/product\/yoast-seo-wordpress\/ -->\n<title>Accessibility - Q-bital Healthcare Solutions<\/title>\n<meta name=\"robots\" content=\"index, follow, max-snippet:-1, max-image-preview:large, max-video-preview:-1\" \/>\n<link rel=\"canonical\" href=\"https:\/\/www.q-bital.com\/cs_cz\/accessibility\/\" \/>\n<meta property=\"og:locale\" content=\"cs_CZ\" \/>\n<meta property=\"og:type\" content=\"article\" \/>\n<meta property=\"og:title\" content=\"Accessibility - Q-bital Healthcare Solutions\" \/>\n<meta property=\"og:description\" content=\"We have made every effort to make this site accessible and easy to use for everyone. Landmark roles Following guidance set by the Web Accessibility Initiative (WAI) and the Accessible Rich Internet Applications Suite (ARIA), landmark roles are provided to make the site more accessible. Roles used to identify specific content or navigation areas for [&hellip;]\" \/>\n<meta property=\"og:url\" content=\"https:\/\/www.q-bital.com\/cs_cz\/accessibility\/\" \/>\n<meta property=\"og:site_name\" content=\"Q-bital Healthcare Solutions\" \/>\n<meta property=\"article:modified_time\" content=\"2023-08-24T10:15:37+00:00\" \/>\n<meta name=\"twitter:card\" content=\"summary_large_image\" \/>\n<meta name=\"twitter:label1\" content=\"Odhadovan\u00e1 doba \u010dten\u00ed\" \/>\n\t<meta name=\"twitter:data1\" content=\"2 minuty\" \/>\n<script type=\"application\/ld+json\" class=\"yoast-schema-graph\">{\"@context\":\"https:\\\/\\\/schema.org\",\"@graph\":[{\"@type\":\"WebPage\",\"@id\":\"https:\\\/\\\/www.q-bital.com\\\/accessibility\\\/\",\"url\":\"https:\\\/\\\/www.q-bital.com\\\/accessibility\\\/\",\"name\":\"Accessibility - Q-bital Healthcare Solutions\",\"isPartOf\":{\"@id\":\"https:\\\/\\\/www.q-bital.com\\\/#website\"},\"datePublished\":\"2023-06-28T13:15:49+00:00\",\"dateModified\":\"2023-08-24T10:15:37+00:00\",\"inLanguage\":\"cs\",\"potentialAction\":[{\"@type\":\"ReadAction\",\"target\":[\"https:\\\/\\\/www.q-bital.com\\\/accessibility\\\/\"]}]},{\"@type\":\"WebSite\",\"@id\":\"https:\\\/\\\/www.q-bital.com\\\/#website\",\"url\":\"https:\\\/\\\/www.q-bital.com\\\/\",\"name\":\"Q-bital Healthcare Solutions\",\"description\":\"\",\"potentialAction\":[{\"@type\":\"SearchAction\",\"target\":{\"@type\":\"EntryPoint\",\"urlTemplate\":\"https:\\\/\\\/www.q-bital.com\\\/?s={search_term_string}\"},\"query-input\":{\"@type\":\"PropertyValueSpecification\",\"valueRequired\":true,\"valueName\":\"search_term_string\"}}],\"inLanguage\":\"cs\"}]}<\/script>\n<!-- \/ Yoast SEO plugin. -->","yoast_head_json":{"title":"P\u0159\u00edstupnost - Q-bital Healthcare Solutions","robots":{"index":"index","follow":"follow","max-snippet":"max-snippet:-1","max-image-preview":"max-image-preview:large","max-video-preview":"max-video-preview:-1"},"canonical":"https:\/\/www.q-bital.com\/cs_cz\/accessibility\/","og_locale":"cs_CZ","og_type":"article","og_title":"Accessibility - Q-bital Healthcare Solutions","og_description":"We have made every effort to make this site accessible and easy to use for everyone. Landmark roles Following guidance set by the Web Accessibility Initiative (WAI) and the Accessible Rich Internet Applications Suite (ARIA), landmark roles are provided to make the site more accessible. Roles used to identify specific content or navigation areas for [&hellip;]","og_url":"https:\/\/www.q-bital.com\/cs_cz\/accessibility\/","og_site_name":"Q-bital Healthcare Solutions","article_modified_time":"2023-08-24T10:15:37+00:00","twitter_card":"summary_large_image","twitter_misc":{"Odhadovan\u00e1 doba \u010dten\u00ed":"2 minuty"},"schema":{"@context":"https:\/\/schema.org","@graph":[{"@type":"WebPage","@id":"https:\/\/www.q-bital.com\/accessibility\/","url":"https:\/\/www.q-bital.com\/accessibility\/","name":"P\u0159\u00edstupnost - Q-bital Healthcare Solutions","isPartOf":{"@id":"https:\/\/www.q-bital.com\/#website"},"datePublished":"2023-06-28T13:15:49+00:00","dateModified":"2023-08-24T10:15:37+00:00","inLanguage":"cs","potentialAction":[{"@type":"ReadAction","target":["https:\/\/www.q-bital.com\/accessibility\/"]}]},{"@type":"WebSite","@id":"https:\/\/www.q-bital.com\/#website","url":"https:\/\/www.q-bital.com\/","name":"Q-bital Healthcare Solutions","description":"","potentialAction":[{"@type":"SearchAction","target":{"@type":"EntryPoint","urlTemplate":"https:\/\/www.q-bital.com\/?s={search_term_string}"},"query-input":{"@type":"PropertyValueSpecification","valueRequired":true,"valueName":"search_term_string"}}],"inLanguage":"cs"}]}},"_links":{"self":[{"href":"https:\/\/www.q-bital.com\/cs_cz\/wp-json\/wp\/v2\/pages\/367","targetHints":{"allow":["GET"]}}],"collection":[{"href":"https:\/\/www.q-bital.com\/cs_cz\/wp-json\/wp\/v2\/pages"}],"about":[{"href":"https:\/\/www.q-bital.com\/cs_cz\/wp-json\/wp\/v2\/types\/page"}],"author":[{"embeddable":true,"href":"https:\/\/www.q-bital.com\/cs_cz\/wp-json\/wp\/v2\/users\/2"}],"replies":[{"embeddable":true,"href":"https:\/\/www.q-bital.com\/cs_cz\/wp-json\/wp\/v2\/comments?post=367"}],"version-history":[{"count":0,"href":"https:\/\/www.q-bital.com\/cs_cz\/wp-json\/wp\/v2\/pages\/367\/revisions"}],"wp:attachment":[{"href":"https:\/\/www.q-bital.com\/cs_cz\/wp-json\/wp\/v2\/media?parent=367"}],"curies":[{"name":"wp","href":"https:\/\/api.w.org\/{rel}","templated":true}]}}