{"id":59,"date":"2023-05-31T14:28:45","date_gmt":"2023-05-31T14:28:45","guid":{"rendered":"https:\/\/www.q-bital.com\/?page_id=59"},"modified":"2023-08-16T14:55:12","modified_gmt":"2023-08-16T14:55:12","slug":"our-team","status":"publish","type":"page","link":"https:\/\/www.q-bital.com\/cs_cz\/our-team\/","title":{"rendered":"Seznamte se s na\u0161\u00edm t\u00fdmem"},"content":{"rendered":"<section id=\"section-2-59\" class=\"ct-section\" style=\"background-image:url(https:\/\/www.q-bital.com\/wp-content\/uploads\/sites\/8\/2023\/05\/boulders-right.png);background-size: auto;\" >\n<div class=\"ct-section-inner-wrap\">\n<div id=\"div_block-8-59\" class=\"ct-div-block\" ><a id=\"link_text-6-59\" class=\"ct-link-text\" href=\"\/cs_cz\/\" target=\"_self\"  >Domov<\/a><\/p>\n<h1 id=\"headline-3-59\" class=\"ct-headline\"><span id=\"span-4-59\" class=\"ct-span\" >Seznamte se s na\u0161\u00edm t\u00fdmem<\/span><\/h1>\n<\/div>\n<\/div>\n<\/section>\n<section id=\"section-13-59\" class=\"ct-section\" >\n<div class=\"ct-section-inner-wrap\">\n<h2 id=\"headline-14-59\" class=\"ct-headline\">N\u00e1\u0161 v\u00fdkonn\u00fd t\u00fdm<\/h2>\n<div id=\"_rich_text-70-62\" class=\"oxy-rich-text\" >\n<p>Jsme vedeni dynamick\u00fdm t\u00fdmem v\u00fdkonn\u00e9ho veden\u00ed, kter\u00fd p\u0159ich\u00e1z\u00ed s mnohalet\u00fdmi zku\u0161enostmi ve zdravotnictv\u00ed.<\/p>\n<\/div>\n<div id=\"_dynamic_list-16-59\" class=\"oxy-dynamic-list\">\n<div id=\"div_block-17-59-1\" class=\"ct-div-block\" data-id=\"div_block-17-59\">\n<div id=\"div_block-115-62-1\" class=\"ct-div-block\" data-id=\"div_block-115-62\"><a id=\"link-141-59-1\" class=\"ct-link\" href=\"https:\/\/www.q-bital.com\/cs_cz\/our-team\/graham-rich\/\" data-id=\"link-141-59\"><img decoding=\"async\" id=\"image-25-59-1\" alt=\"\" src=\"https:\/\/www.q-bital.com\/wp-content\/uploads\/sites\/8\/2025\/11\/Graham-Rich-Picture.jpg\" class=\"ct-image\" data-id=\"image-25-59\"><\/a><\/div>\n<div id=\"div_block-49-59-1\" class=\"ct-div-block\" data-id=\"div_block-49-59\">\n<h3 id=\"headline-34-59-1\" class=\"ct-headline\" data-id=\"headline-34-59\"><span id=\"span-42-59\" class=\"ct-span\" ><a href='https:\/\/www.q-bital.com\/cs_cz\/our-team\/graham-rich\/'>Graham Rich<\/a><\/span><\/h3>\n<div id=\"text_block-50-59-1\" class=\"ct-text-block\" data-id=\"text_block-50-59\"><span id=\"span-64-59\" class=\"ct-span\" ><\/span><\/div>\n<div id=\"text_block-71-59-1\" class=\"ct-text-block\" data-id=\"text_block-71-59\"><span id=\"span-78-59\" class=\"ct-span\" >Graham byl jmenov\u00e1n p\u0159edsedou spole\u010dnosti Vanguard Healthcare Solutions v \u010dervenci 2021 a v sou\u010dasn\u00e9 dob\u011b p\u016fsob\u00ed tak\u00e9 jako gener\u00e1ln\u00ed \u0159editel. M\u00e1 rozs\u00e1hl\u00e9 zku\u0161enosti se strategick\u00fdm a provozn\u00edm veden\u00edm z\u00edskan\u00e9 v oblasti poskytov\u00e1n\u00ed zdravotn\u00ed p\u00e9\u010de, digit\u00e1ln\u00ed transformace a spr\u00e1vy a \u0159\u00edzen\u00ed spole\u010dnost\u00ed. <\/span><\/div>\n<p><a id=\"link_text-86-59-1\" class=\"ct-link-text\" href=\"https:\/\/www.q-bital.com\/cs_cz\/our-team\/graham-rich\/\" target=\"_self\" data-id=\"link_text-86-59\">P\u0159e\u010dt\u011bte si v\u00edce<\/a><\/div>\n<\/div>\n<div id=\"div_block-17-59-2\" class=\"ct-div-block\" data-id=\"div_block-17-59\">\n<div id=\"div_block-115-62-2\" class=\"ct-div-block\" data-id=\"div_block-115-62\"><a id=\"link-141-59-2\" class=\"ct-link\" href=\"https:\/\/www.q-bital.com\/cs_cz\/our-team\/tobi-gowers\/\" data-id=\"link-141-59\"><img decoding=\"async\" id=\"image-25-59-2\" alt=\"\" src=\"https:\/\/www.q-bital.com\/wp-content\/uploads\/sites\/8\/2023\/05\/Tobi-Gowers-square.jpg\" class=\"ct-image\" data-id=\"image-25-59\"><\/a><\/div>\n<div id=\"div_block-49-59-2\" class=\"ct-div-block\" data-id=\"div_block-49-59\">\n<h3 id=\"headline-34-59-2\" class=\"ct-headline\" data-id=\"headline-34-59\"><span id=\"span-42-59\" class=\"ct-span\" ><a href='https:\/\/www.q-bital.com\/cs_cz\/our-team\/tobi-gowers\/'>Tobi Gowers<\/a><\/span><\/h3>\n<div id=\"text_block-50-59-2\" class=\"ct-text-block\" data-id=\"text_block-50-59\"><span id=\"span-64-59\" class=\"ct-span\" ><\/span><\/div>\n<div id=\"text_block-71-59-2\" class=\"ct-text-block\" data-id=\"text_block-71-59\"><span id=\"span-78-59\" class=\"ct-span\" >Tobi nastoupil do Vanguardu v lednu 2019 jako finan\u010dn\u00ed \u0159editel.<\/span><\/div>\n<p><a id=\"link_text-86-59-2\" class=\"ct-link-text\" href=\"https:\/\/www.q-bital.com\/cs_cz\/our-team\/tobi-gowers\/\" target=\"_self\" data-id=\"link_text-86-59\">P\u0159e\u010dt\u011bte si v\u00edce<\/a><\/div>\n<\/div>\n<div id=\"div_block-17-59-3\" class=\"ct-div-block\" data-id=\"div_block-17-59\">\n<div id=\"div_block-115-62-3\" class=\"ct-div-block\" data-id=\"div_block-115-62\"><a id=\"link-141-59-3\" class=\"ct-link\" href=\"https:\/\/www.q-bital.com\/cs_cz\/our-team\/lindsay-dransfield\/\" data-id=\"link-141-59\"><img decoding=\"async\" id=\"image-25-59-3\" alt=\"\" src=\"https:\/\/www.q-bital.com\/wp-content\/uploads\/sites\/8\/2023\/05\/Lindsay-Dransfield-square-1.jpg\" class=\"ct-image\" data-id=\"image-25-59\"><\/a><\/div>\n<div id=\"div_block-49-59-3\" class=\"ct-div-block\" data-id=\"div_block-49-59\">\n<h3 id=\"headline-34-59-3\" class=\"ct-headline\" data-id=\"headline-34-59\"><span id=\"span-42-59\" class=\"ct-span\" ><a href='https:\/\/www.q-bital.com\/cs_cz\/our-team\/lindsay-dransfield\/'>Lindsay Dransfield<\/a><\/span><\/h3>\n<div id=\"text_block-50-59-3\" class=\"ct-text-block\" data-id=\"text_block-50-59\"><span id=\"span-64-59\" class=\"ct-span\" ><\/span><\/div>\n<div id=\"text_block-71-59-3\" class=\"ct-text-block\" data-id=\"text_block-71-59\"><span id=\"span-78-59\" class=\"ct-span\" >Lindsay nastoupila do Vanguardu v z\u00e1\u0159\u00ed 2018 a p\u0159in\u00e1\u0161\u00ed do t\u00e9to role zna\u010dn\u00e9 zku\u0161enosti v oblasti prodeje a rozvoje podnik\u00e1n\u00ed.<\/span><\/div>\n<p><a id=\"link_text-86-59-3\" class=\"ct-link-text\" href=\"https:\/\/www.q-bital.com\/cs_cz\/our-team\/lindsay-dransfield\/\" target=\"_self\" data-id=\"link_text-86-59\">P\u0159e\u010dt\u011bte si v\u00edce<\/a><\/div>\n<\/div>\n<div id=\"div_block-17-59-4\" class=\"ct-div-block\" data-id=\"div_block-17-59\">\n<div id=\"div_block-115-62-4\" class=\"ct-div-block\" data-id=\"div_block-115-62\"><a id=\"link-141-59-4\" class=\"ct-link\" href=\"https:\/\/www.q-bital.com\/cs_cz\/our-team\/angela-dillon\/\" data-id=\"link-141-59\"><img decoding=\"async\" id=\"image-25-59-4\" alt=\"\" src=\"https:\/\/www.q-bital.com\/wp-content\/uploads\/sites\/8\/2023\/05\/Ange-Dillon-picture.png\" class=\"ct-image\" data-id=\"image-25-59\"><\/a><\/div>\n<div id=\"div_block-49-59-4\" class=\"ct-div-block\" data-id=\"div_block-49-59\">\n<h3 id=\"headline-34-59-4\" class=\"ct-headline\" data-id=\"headline-34-59\"><span id=\"span-42-59\" class=\"ct-span\" ><a href='https:\/\/www.q-bital.com\/cs_cz\/our-team\/angela-dillon\/'>Angela Dillonov\u00e1<\/a><\/span><\/h3>\n<div id=\"text_block-50-59-4\" class=\"ct-text-block\" data-id=\"text_block-50-59\"><span id=\"span-64-59\" class=\"ct-span\" ><\/span><\/div>\n<div id=\"text_block-71-59-4\" class=\"ct-text-block\" data-id=\"text_block-71-59\"><span id=\"span-78-59\" class=\"ct-span\" >Angela byla jmenov\u00e1na do v\u00fdkonn\u00e9ho t\u00fdmu v roce 2017 jako finan\u010dn\u00ed \u0159editelka a v roce 2020 byla jmenov\u00e1na provozn\u00ed finan\u010dn\u00ed \u0159editelkou.<\/span><\/div>\n<p><a id=\"link_text-86-59-4\" class=\"ct-link-text\" href=\"https:\/\/www.q-bital.com\/cs_cz\/our-team\/angela-dillon\/\" target=\"_self\" data-id=\"link_text-86-59\">P\u0159e\u010dt\u011bte si v\u00edce<\/a><\/div>\n<\/div>\n<div id=\"div_block-17-59-5\" class=\"ct-div-block\" data-id=\"div_block-17-59\">\n<div id=\"div_block-115-62-5\" class=\"ct-div-block\" data-id=\"div_block-115-62\"><a id=\"link-141-59-5\" class=\"ct-link\" href=\"https:\/\/www.q-bital.com\/cs_cz\/our-team\/mark-fox\/\" data-id=\"link-141-59\"><img decoding=\"async\" id=\"image-25-59-5\" alt=\"\" src=\"https:\/\/www.q-bital.com\/wp-content\/uploads\/sites\/8\/2025\/11\/Mark-Fox-Picture.jpg\" class=\"ct-image\" data-id=\"image-25-59\"><\/a><\/div>\n<div id=\"div_block-49-59-5\" class=\"ct-div-block\" data-id=\"div_block-49-59\">\n<h3 id=\"headline-34-59-5\" class=\"ct-headline\" data-id=\"headline-34-59\"><span id=\"span-42-59\" class=\"ct-span\" ><a href='https:\/\/www.q-bital.com\/cs_cz\/our-team\/mark-fox\/'>Mark Fox<\/a><\/span><\/h3>\n<div id=\"text_block-50-59-5\" class=\"ct-text-block\" data-id=\"text_block-50-59\"><span id=\"span-64-59\" class=\"ct-span\" ><\/span><\/div>\n<div id=\"text_block-71-59-5\" class=\"ct-text-block\" data-id=\"text_block-71-59\"><span id=\"span-78-59\" class=\"ct-span\" >Mark nastoupil do spole\u010dnosti Vanguard v listopadu 2023 s v\u00edce ne\u017e dvacetiletou prax\u00ed v oblasti extern\u00ed v\u00fdstavby, v\u00fdroby a rozs\u00e1hl\u00fdch operac\u00ed.  <\/span><\/div>\n<p><a id=\"link_text-86-59-5\" class=\"ct-link-text\" href=\"https:\/\/www.q-bital.com\/cs_cz\/our-team\/mark-fox\/\" target=\"_self\" data-id=\"link_text-86-59\">P\u0159e\u010dt\u011bte si v\u00edce<\/a><\/div>\n<\/div>\n<div id=\"div_block-17-59-6\" class=\"ct-div-block\" data-id=\"div_block-17-59\">\n<div id=\"div_block-115-62-6\" class=\"ct-div-block\" data-id=\"div_block-115-62\"><a id=\"link-141-59-6\" class=\"ct-link\" href=\"https:\/\/www.q-bital.com\/cs_cz\/our-team\/lucy-williams\/\" data-id=\"link-141-59\"><img decoding=\"async\" id=\"image-25-59-6\" alt=\"\" src=\"https:\/\/www.q-bital.com\/wp-content\/uploads\/sites\/8\/2025\/11\/Lucy-Williams-Picture.jpg\" class=\"ct-image\" data-id=\"image-25-59\"><\/a><\/div>\n<div id=\"div_block-49-59-6\" class=\"ct-div-block\" data-id=\"div_block-49-59\">\n<h3 id=\"headline-34-59-6\" class=\"ct-headline\" data-id=\"headline-34-59\"><span id=\"span-42-59\" class=\"ct-span\" ><a href='https:\/\/www.q-bital.com\/cs_cz\/our-team\/lucy-williams\/'>Lucy Williamsov\u00e1<\/a><\/span><\/h3>\n<div id=\"text_block-50-59-6\" class=\"ct-text-block\" data-id=\"text_block-50-59\"><span id=\"span-64-59\" class=\"ct-span\" ><\/span><\/div>\n<div id=\"text_block-71-59-6\" class=\"ct-text-block\" data-id=\"text_block-71-59\"><span id=\"span-78-59\" class=\"ct-span\" >Lucy nastoupila do spole\u010dnosti Vanguard Healthcare Solutions v roce 2021 a zaji\u0161\u0165uje strategick\u00e9 veden\u00ed person\u00e1ln\u00ed agendy skupiny v r\u00e1mci Spojen\u00e9ho kr\u00e1lovstv\u00ed a mezin\u00e1rodn\u00edch operac\u00ed.<\/span><\/div>\n<p><a id=\"link_text-86-59-6\" class=\"ct-link-text\" href=\"https:\/\/www.q-bital.com\/cs_cz\/our-team\/lucy-williams\/\" target=\"_self\" data-id=\"link_text-86-59\">P\u0159e\u010dt\u011bte si v\u00edce<\/a><\/div>\n<\/div><\/div>\n<\/div>\n<\/section>\n<section id=\"section-13-59\" class=\"ct-section\" >\n<div class=\"ct-section-inner-wrap\">\n<h2 id=\"headline-93-328\" class=\"ct-headline\">N\u00e1\u0161 mezin\u00e1rodn\u00ed t\u00fdm<\/h2>\n<div id=\"_rich_text-96-328\" class=\"oxy-rich-text\" >\n<p>N\u00e1\u0161 t\u00fdm region\u00e1ln\u00edch odborn\u00edk\u016f je tu, aby v\u00e1s podpo\u0159il b\u011bhem va\u0161\u00ed cesty k n\u00e1kupu a byl p\u0159ipraven v\u00e1m kdykoli odpov\u011bd\u011bt na jak\u00e9koli ot\u00e1zky, kter\u00e9 m\u016f\u017eete m\u00edt.<\/p>\n<\/div>\n<div id=\"_dynamic_list-16-59\" class=\"oxy-dynamic-list\">\n<div id=\"div_block-17-59-1\" class=\"ct-div-block\" data-id=\"div_block-17-59\">\n<div id=\"div_block-175-328-1\" class=\"ct-div-block\" data-id=\"div_block-175-328\">\n<div id=\"div_block-176-328-1\" class=\"ct-div-block\" data-id=\"div_block-176-328\"><a id=\"link-177-328-1\" class=\"ct-link\" href=\"https:\/\/www.q-bital.com\/cs_cz\/our-team\/peter-spryszynski\/\" data-id=\"link-177-328\"><img decoding=\"async\" id=\"image-178-328-1\" alt=\"\" src=\"https:\/\/www.q-bital.com\/wp-content\/uploads\/sites\/8\/2023\/08\/Peter-Spryszynski-.jpg\" class=\"ct-image\" data-id=\"image-178-328\"><\/a><\/div>\n<div id=\"div_block-179-328-1\" class=\"ct-div-block\" data-id=\"div_block-179-328\">\n<h3 id=\"headline-180-328-1\" class=\"ct-headline\" data-id=\"headline-180-328\"><span id=\"span-181-328\" class=\"ct-span\" ><a href='https:\/\/www.q-bital.com\/cs_cz\/our-team\/peter-spryszynski\/'>Petr Spryszynski<\/a><\/span><\/h3>\n<div id=\"text_block-182-328-1\" class=\"ct-text-block\" data-id=\"text_block-182-328\"><span id=\"span-183-328\" class=\"ct-span\" ><\/span><\/div>\n<div id=\"text_block-184-328-1\" class=\"ct-text-block\" data-id=\"text_block-184-328\"><span id=\"span-185-328\" class=\"ct-span\" >Peter nastoupil do Q-bital Healthcare Solutions (Austr\u00e1lie) v roce 2019 jako Country Manager, ve kter\u00e9 organizaci \u0159\u00edd\u00ed.<\/span><\/div>\n<p><a id=\"link_text-186-328-1\" class=\"ct-link-text\" href=\"https:\/\/www.q-bital.com\/cs_cz\/our-team\/peter-spryszynski\/\" target=\"_self\" data-id=\"link_text-186-328\">P\u0159e\u010dt\u011bte si v\u00edce<\/a><\/div>\n<\/div>\n<\/div><\/div>\n<\/div>\n<\/section>\n<section id=\"section-144-59\" class=\"ct-section\" >\n<div class=\"ct-section-inner-wrap\">\n<div id=\"new_columns-145-59\" class=\"ct-new-columns\" >\n<div id=\"div_block-146-59\" class=\"ct-div-block\" >\n<div id=\"_rich_text-9-63\" class=\"oxy-rich-text\" >\n<p>Hled\u00e1n\u00ed \u0159e\u0161en\u00ed, kter\u00e9 funguje pro va\u0161i nemocnici, m\u016f\u017ee za\u010d\u00edt zde\u2026<\/p>\n<\/div>\n<p><a id=\"link_button-149-59\" class=\"ct-link-button\" href=\"\/cs_cz\/contact\/\" target=\"_self\"  >B\u00fdt v kontaktu<\/a><\/div>\n<div id=\"div_block-150-59\" class=\"ct-div-block\" ><img decoding=\"async\"  id=\"image-151-59\" alt=\"\" src=\"https:\/\/www.q-bital.com\/wp-content\/uploads\/sites\/8\/2023\/06\/kettering-2-1.jpg\" class=\"ct-image\"\/><\/div>\n<\/div>\n<\/div>\n<\/section>","protected":false},"excerpt":{"rendered":"","protected":false},"author":2,"featured_media":0,"parent":0,"menu_order":0,"comment_status":"closed","ping_status":"closed","template":"","meta":{"_acf_changed":false,"footnotes":""},"class_list":["post-59","page","type-page","status-publish","hentry"],"acf":[],"yoast_head":"<!-- This site is optimized with the Yoast SEO plugin v27.5 - https:\/\/yoast.com\/product\/yoast-seo-wordpress\/ -->\n<title>Meet our team - Q-bital Healthcare Solutions<\/title>\n<meta name=\"robots\" content=\"index, follow, max-snippet:-1, max-image-preview:large, max-video-preview:-1\" \/>\n<link rel=\"canonical\" href=\"https:\/\/www.q-bital.com\/cs_cz\/our-team\/\" \/>\n<meta property=\"og:locale\" content=\"cs_CZ\" \/>\n<meta property=\"og:type\" content=\"article\" \/>\n<meta property=\"og:title\" content=\"Meet our team - Q-bital Healthcare Solutions\" \/>\n<meta property=\"og:url\" content=\"https:\/\/www.q-bital.com\/cs_cz\/our-team\/\" \/>\n<meta property=\"og:site_name\" content=\"Q-bital Healthcare Solutions\" \/>\n<meta property=\"article:modified_time\" content=\"2023-08-16T14:55:12+00:00\" \/>\n<meta name=\"twitter:card\" content=\"summary_large_image\" \/>\n<script type=\"application\/ld+json\" class=\"yoast-schema-graph\">{\"@context\":\"https:\\\/\\\/schema.org\",\"@graph\":[{\"@type\":\"WebPage\",\"@id\":\"https:\\\/\\\/www.q-bital.com\\\/our-team\\\/\",\"url\":\"https:\\\/\\\/www.q-bital.com\\\/our-team\\\/\",\"name\":\"Meet our team - Q-bital Healthcare Solutions\",\"isPartOf\":{\"@id\":\"https:\\\/\\\/www.q-bital.com\\\/#website\"},\"datePublished\":\"2023-05-31T14:28:45+00:00\",\"dateModified\":\"2023-08-16T14:55:12+00:00\",\"inLanguage\":\"cs\",\"potentialAction\":[{\"@type\":\"ReadAction\",\"target\":[\"https:\\\/\\\/www.q-bital.com\\\/our-team\\\/\"]}]},{\"@type\":\"WebSite\",\"@id\":\"https:\\\/\\\/www.q-bital.com\\\/#website\",\"url\":\"https:\\\/\\\/www.q-bital.com\\\/\",\"name\":\"Q-bital Healthcare Solutions\",\"description\":\"\",\"potentialAction\":[{\"@type\":\"SearchAction\",\"target\":{\"@type\":\"EntryPoint\",\"urlTemplate\":\"https:\\\/\\\/www.q-bital.com\\\/?s={search_term_string}\"},\"query-input\":{\"@type\":\"PropertyValueSpecification\",\"valueRequired\":true,\"valueName\":\"search_term_string\"}}],\"inLanguage\":\"cs\"}]}<\/script>\n<!-- \/ Yoast SEO plugin. -->","yoast_head_json":{"title":"Seznamte se s na\u0161\u00edm t\u00fdmem - Q-bital Healthcare Solutions","robots":{"index":"index","follow":"follow","max-snippet":"max-snippet:-1","max-image-preview":"max-image-preview:large","max-video-preview":"max-video-preview:-1"},"canonical":"https:\/\/www.q-bital.com\/cs_cz\/our-team\/","og_locale":"cs_CZ","og_type":"article","og_title":"Meet our team - Q-bital Healthcare Solutions","og_url":"https:\/\/www.q-bital.com\/cs_cz\/our-team\/","og_site_name":"Q-bital Healthcare Solutions","article_modified_time":"2023-08-16T14:55:12+00:00","twitter_card":"summary_large_image","schema":{"@context":"https:\/\/schema.org","@graph":[{"@type":"WebPage","@id":"https:\/\/www.q-bital.com\/our-team\/","url":"https:\/\/www.q-bital.com\/our-team\/","name":"Seznamte se s na\u0161\u00edm t\u00fdmem - Q-bital Healthcare Solutions","isPartOf":{"@id":"https:\/\/www.q-bital.com\/#website"},"datePublished":"2023-05-31T14:28:45+00:00","dateModified":"2023-08-16T14:55:12+00:00","inLanguage":"cs","potentialAction":[{"@type":"ReadAction","target":["https:\/\/www.q-bital.com\/our-team\/"]}]},{"@type":"WebSite","@id":"https:\/\/www.q-bital.com\/#website","url":"https:\/\/www.q-bital.com\/","name":"Q-bital Healthcare Solutions","description":"","potentialAction":[{"@type":"SearchAction","target":{"@type":"EntryPoint","urlTemplate":"https:\/\/www.q-bital.com\/?s={search_term_string}"},"query-input":{"@type":"PropertyValueSpecification","valueRequired":true,"valueName":"search_term_string"}}],"inLanguage":"cs"}]}},"_links":{"self":[{"href":"https:\/\/www.q-bital.com\/cs_cz\/wp-json\/wp\/v2\/pages\/59","targetHints":{"allow":["GET"]}}],"collection":[{"href":"https:\/\/www.q-bital.com\/cs_cz\/wp-json\/wp\/v2\/pages"}],"about":[{"href":"https:\/\/www.q-bital.com\/cs_cz\/wp-json\/wp\/v2\/types\/page"}],"author":[{"embeddable":true,"href":"https:\/\/www.q-bital.com\/cs_cz\/wp-json\/wp\/v2\/users\/2"}],"replies":[{"embeddable":true,"href":"https:\/\/www.q-bital.com\/cs_cz\/wp-json\/wp\/v2\/comments?post=59"}],"version-history":[{"count":0,"href":"https:\/\/www.q-bital.com\/cs_cz\/wp-json\/wp\/v2\/pages\/59\/revisions"}],"wp:attachment":[{"href":"https:\/\/www.q-bital.com\/cs_cz\/wp-json\/wp\/v2\/media?parent=59"}],"curies":[{"name":"wp","href":"https:\/\/api.w.org\/{rel}","templated":true}]}}