{"id":674,"date":"2023-07-19T14:17:08","date_gmt":"2023-07-19T14:17:08","guid":{"rendered":"https:\/\/www.q-bital.com\/?page_id=674"},"modified":"2024-01-18T10:20:31","modified_gmt":"2024-01-18T10:20:31","slug":"heritage","status":"publish","type":"page","link":"https:\/\/www.q-bital.com\/cs_cz\/heritage\/","title":{"rendered":"D\u011bdictv\u00ed"},"content":{"rendered":"<section id=\"section-2-59\" class=\"ct-section\" style=\"background-image:url(https:\/\/www.q-bital.com\/wp-content\/uploads\/sites\/8\/2023\/05\/boulders-right.png);background-size: auto;\" >\n<div class=\"ct-section-inner-wrap\">\n<div id=\"div_block-8-59\" class=\"ct-div-block\" ><a id=\"link_text-6-59\" class=\"ct-link-text\" href=\"\/cs_cz\/\" target=\"_self\"  >Domov<\/a><\/p>\n<h1 id=\"headline-3-59\" class=\"ct-headline\"><span id=\"span-4-59\" class=\"ct-span\" >D\u011bdictv\u00ed<\/span><\/h1>\n<\/div>\n<\/div>\n<\/section>\n<section id=\"section-68-14-text-left-white\" class=\"ct-section\" >\n<div class=\"ct-section-inner-wrap\">\n<div id=\"new_columns-69-14text-left-white\" class=\"ct-new-columns\" >\n<div id=\"div_block-70-14\" class=\"ct-div-block\" >\n<h2 id=\"headline-71-14\" class=\"ct-headline\">Vytv\u00e1\u0159en\u00ed inovativn\u00edch \u0159e\u0161en\u00ed pro poskytovatele zdravotn\u00ed p\u00e9\u010de ji\u017e v\u00edce ne\u017e dv\u011b desetilet\u00ed<\/h2>\n<div id=\"_rich_text-72-14\" class=\"oxy-rich-text\" >\n<p dir=\"ltr\">Na\u0161e pov\u011bst p\u0159edn\u00edho sv\u011btov\u00e9ho poskytovatele flexibiln\u00ed klinick\u00e9 infrastruktury a slu\u017eeb, zalo\u017een\u00e1 v roce 1999, neust\u00e1le roste. Jsme hrd\u00ed na to, \u017ee spolupracujeme s poskytovateli zdravotn\u00ed p\u00e9\u010de a organizacemi nez\u00e1visl\u00e9ho sektoru a v\u00edce ne\u017e 50% poskytovatel\u016f ve\u0159ejn\u00fdch nemocnic ve Spojen\u00e9m kr\u00e1lovstv\u00ed nyn\u00ed vyu\u017eilo jeden z na\u0161ich prostor\u016f pro zdravotn\u00ed p\u00e9\u010di. Na\u0161i klienti n\u00e1m d\u016fv\u011b\u0159uj\u00ed, \u017ee dod\u00e1v\u00e1me vysoce kvalitn\u00ed, technicky vysp\u011bl\u00e1 \u0159e\u0161en\u00ed ke zlep\u0161en\u00ed zdravotn\u00edch v\u00fdsledk\u016f rychl\u00fdm tempem a \u017ee se k n\u00e1m vracej\u00ed, kdy\u017e se pot\u0159eby zm\u011bn\u00ed.&nbsp;<\/p>\n<p dir=\"ltr\">V roce 2018 byla ofici\u00e1ln\u011b zah\u00e1jena mezin\u00e1rodn\u00ed divize Q-bital Healthcare Solutions a expanze spole\u010dnosti pokra\u010dovala bez omezen\u00ed jak ve Spojen\u00e9m kr\u00e1lovstv\u00ed, tak v mezin\u00e1rodn\u00edm m\u011b\u0159\u00edtku.<\/p>\n<p dir=\"ltr\">Vzhledem k tomu, \u017ee v\u00fdroba ji\u017e byla zalo\u017eena v Nizozemsku v roce 2023, byl k podnik\u00e1n\u00ed p\u0159id\u00e1n dal\u0161\u00ed \u00fa\u010delov\u00fd v\u00fdrobn\u00ed z\u00e1vod v Hull UK.<\/p>\n<p dir=\"ltr\">Nyn\u00ed p\u016fsob\u00edme mezin\u00e1rodn\u011b v Nizozemsku, \u0160v\u00e9dsku, Austr\u00e1lii a Francii a nad\u00e1le hled\u00e1me nov\u00e9 trhy, na kter\u00e9 bychom mohli expandovat, a poskytujeme podporu, kdekoli je pot\u0159eba.&nbsp;<\/p>\n<\/div>\n<\/div>\n<div id=\"div_block-74-14\" class=\"ct-div-block\" ><img decoding=\"async\"  id=\"image-75-14\" alt=\"\" src=\"https:\/\/www.q-bital.com\/wp-content\/uploads\/sites\/8\/2023\/07\/Creating-innovative-solutions-for-healthcare-providers-for-over-two-decades-image.jpg\" class=\"ct-image\"\/><\/div>\n<\/div>\n<\/div>\n<\/section>\n<section id=\"section-132-34\" class=\"ct-section\" >\n<div class=\"ct-section-inner-wrap\">\n<div id=\"new_columns-133-34\" class=\"ct-new-columns\" >\n<div id=\"div_block-138-34\" class=\"ct-div-block\" ><img decoding=\"async\"  id=\"image-139-34\" alt=\"\" src=\"https:\/\/www.q-bital.com\/wp-content\/uploads\/sites\/8\/2023\/07\/Drone-1.jpg\" class=\"ct-image\"\/><\/div>\n<div id=\"div_block-134-34\" class=\"ct-div-block\" >\n<h2 id=\"headline-135-34\" class=\"ct-headline\">Aby na\u0161e prostory Healthcare fungovaly pro na\u0161e klienty, bereme v \u00favahu ka\u017ed\u00fd detail<\/h2>\n<div id=\"_rich_text-136-34\" class=\"oxy-rich-text\" >\n<p dir=\"ltr\">Spolupracujeme s na\u0161imi klienty na poskytov\u00e1n\u00ed vysoce kvalitn\u00edch a udr\u017eiteln\u00fdch zdravotnick\u00fdch \u0159e\u0161en\u00ed s mobiln\u00edmi a modul\u00e1rn\u00edmi prostory pro zdravotnictv\u00ed na m\u00edru, kter\u00e9 \u0159e\u0161\u00ed jedine\u010dn\u00e9 pot\u0159eby ka\u017ed\u00e9ho zdravotnick\u00e9ho syst\u00e9mu. Na\u0161e za\u0159\u00edzen\u00ed lze upravit na m\u00edru s \u0159adou mo\u017enost\u00ed, v\u010detn\u011b opera\u010dn\u00edch s\u00e1l\u016f, chirurgick\u00fdch center, komunitn\u00edch diagnostick\u00fdch center (CDC), endoskopick\u00fdch souprav, dekontamina\u010dn\u00edch a steriliza\u010dn\u00edch za\u0159\u00edzen\u00ed, odd\u011blen\u00ed, klinik a jednotek lehk\u00fdch poran\u011bn\u00ed (MIU). Mo\u017enosti na\u0161ich produkt\u016f a slu\u017eeb lze kombinovat a nab\u00edzet nekone\u010dn\u00e9 mo\u017enosti; ka\u017ed\u00fd nov\u00fd projekt je p\u0159\u00edle\u017eitost\u00ed k vytvo\u0159en\u00ed zcela unik\u00e1tn\u00edho zdravotnick\u00e9ho prostoru.<\/p>\n<p dir=\"ltr\">Na\u0161e reputace se utv\u00e1\u0159ela d\u00edky na\u0161\u00ed schopnosti podporovat nemocnice dal\u0161\u00edmi kapacitn\u00edmi za\u0159\u00edzen\u00edmi, kter\u00e1 by mohla b\u00fdt dod\u00e1na b\u011bhem n\u011bkolika dn\u016f. Na\u0161im klient\u016fm v\u0161ak nab\u00edz\u00edme mnohem v\u00edce, s nekone\u010dn\u00fdmi mo\u017enostmi pro na\u0161e d\u016fv\u011bryhodn\u00e9 partnery roz\u0161\u00ed\u0159it hranice jejich poskytov\u00e1n\u00ed zdravotn\u00ed p\u00e9\u010de.&nbsp;<\/p>\n<p dir=\"ltr\">Na\u0161e odborn\u00e9 znalosti jsou zalo\u017eeny na vytv\u00e1\u0159en\u00ed siln\u00fdch vztah\u016f s na\u0161imi klienty a rozv\u00edjen\u00ed zp\u016fsob\u016f, jak zlep\u0161it st\u00e1vaj\u00edc\u00ed infrastrukturu zdravotnick\u00e9ho za\u0159\u00edzen\u00ed. Na\u0161\u00ed hnac\u00ed ambic\u00ed je b\u00fdt sou\u010d\u00e1st\u00ed v\u00fdvoje celosv\u011btov\u011b nejflexibiln\u011bj\u0161\u00edch \u0159e\u0161en\u00ed zdravotnick\u00e9 infrastruktury. Krom\u011b poskytov\u00e1n\u00ed zdravotnick\u00fdch prostor, kter\u00e9 pom\u00e1haj\u00ed s vysokou popt\u00e1vkou pacient\u016f a dlouh\u00fdmi \u010dekac\u00edmi seznamy, v\u00e1m m\u016f\u017eeme pomoci p\u0159ekonat provozn\u00ed probl\u00e9my, jako je rekonstrukce, a nab\u00eddnout pohotovostn\u00ed reakci v p\u0159\u00edpad\u011b po\u017e\u00e1ru, povodn\u011b nebo poruchy divadla.&nbsp;<\/p>\n<p dir=\"ltr\">Specializovan\u00fd t\u00fdm odborn\u00edk\u016f pom\u00e1h\u00e1 p\u0159i projektov\u00e9m \u0159\u00edzen\u00ed n\u00e1vrhu, implementace a poskytov\u00e1n\u00ed klinick\u00fdch slu\u017eeb ka\u017ed\u00e9ho za\u0159\u00edzen\u00ed od po\u010d\u00e1te\u010dn\u00ed koncepce a\u017e po odstran\u011bn\u00ed z m\u00edsta.<\/p>\n<\/div>\n<\/div>\n<\/div>\n<\/div>\n<\/section>\n<section id=\"section-2-202\" class=\"ct-section\" >\n<div class=\"ct-section-inner-wrap\">\n<div id=\"div_block-3-202\" class=\"ct-div-block\" >\n<h2 id=\"headline-4-202\" class=\"ct-headline\">V\u00edce ne\u017e 350 000 procedur a st\u00e1le p\u0159ib\u00fdvaj\u00ed\u2026<\/h2>\n<div id=\"_rich_text-5-202\" class=\"oxy-rich-text\" >\n<p dir=\"ltr\">V na\u0161ich mobiln\u00edch za\u0159\u00edzen\u00edch s klinick\u00fdmi pracovn\u00edky bylo dosud provedeno v\u00edce ne\u017e 350 000 procedur.<\/p>\n<p dir=\"ltr\">Jako poskytovatel klinick\u00fdch slu\u017eeb sv\u011btov\u00e9 t\u0159\u00eddy jsme hrd\u00ed na to, \u017ee na\u0161e prostory Healthcare Spaces jsou vhodn\u00e9 pro 75% v\u0161ech typ\u016f klinick\u00fdch z\u00e1krok\u016f prov\u00e1d\u011bn\u00fdch ve velk\u00e9 akutn\u00ed nemocnici, od n\u00e1hrad ky\u010deln\u00edho kloubu po operaci \u0161ed\u00e9ho z\u00e1kalu, endoskopick\u00e9 z\u00e1kroky a\u017e po plastickou chirurgii.<\/p>\n<\/div>\n<div id=\"div_block-6-202\" class=\"ct-div-block\" ><img decoding=\"async\"  id=\"image-7-202\" alt=\"\" src=\"https:\/\/www.q-bital.com\/wp-content\/uploads\/sites\/8\/2023\/07\/proceedures-infographic.png\" class=\"ct-image\"\/><\/div>\n<\/div>\n<\/div>\n<\/section>\n<section id=\"section-144-59\" class=\"ct-section\" >\n<div class=\"ct-section-inner-wrap\">\n<div id=\"new_columns-145-59\" class=\"ct-new-columns\" >\n<div id=\"div_block-146-59\" class=\"ct-div-block\" >\n<div id=\"_rich_text-9-63\" class=\"oxy-rich-text\" >\n<p>Hled\u00e1n\u00ed \u0159e\u0161en\u00ed, kter\u00e9 funguje pro va\u0161i nemocnici, za\u010d\u00edn\u00e1 zde\u2026<\/p>\n<\/div>\n<p><a id=\"link_button-149-59\" class=\"ct-link-button\" href=\"\/cs_cz\/contact\/\" target=\"_self\"  >B\u00fdt v kontaktu<\/a><\/div>\n<div id=\"div_block-150-59\" class=\"ct-div-block\" ><img decoding=\"async\"  id=\"image-151-59\" alt=\"\" src=\"https:\/\/www.q-bital.com\/wp-content\/uploads\/2023\/06\/kettering-2-scaled.jpg\" class=\"ct-image\"\/><\/div>\n<\/div>\n<\/div>\n<\/section>","protected":false},"excerpt":{"rendered":"","protected":false},"author":2,"featured_media":0,"parent":0,"menu_order":0,"comment_status":"closed","ping_status":"closed","template":"","meta":{"_acf_changed":false,"footnotes":""},"class_list":["post-674","page","type-page","status-publish","hentry"],"acf":[],"yoast_head":"<!-- This site is optimized with the Yoast SEO plugin v27.3 - https:\/\/yoast.com\/product\/yoast-seo-wordpress\/ -->\n<title>Heritage - Q-bital Healthcare Solutions<\/title>\n<meta name=\"robots\" content=\"index, follow, max-snippet:-1, max-image-preview:large, max-video-preview:-1\" \/>\n<link rel=\"canonical\" href=\"https:\/\/www.q-bital.com\/cs_cz\/heritage\/\" \/>\n<meta property=\"og:locale\" content=\"cs_CZ\" \/>\n<meta property=\"og:type\" content=\"article\" \/>\n<meta property=\"og:title\" content=\"Heritage - Q-bital Healthcare Solutions\" \/>\n<meta property=\"og:url\" content=\"https:\/\/www.q-bital.com\/cs_cz\/heritage\/\" \/>\n<meta property=\"og:site_name\" content=\"Q-bital Healthcare Solutions\" \/>\n<meta property=\"article:modified_time\" content=\"2024-01-18T10:20:31+00:00\" \/>\n<meta name=\"twitter:card\" content=\"summary_large_image\" \/>\n<meta name=\"twitter:label1\" content=\"Odhadovan\u00e1 doba \u010dten\u00ed\" \/>\n\t<meta name=\"twitter:data1\" content=\"1 minuta\" \/>\n<script type=\"application\/ld+json\" class=\"yoast-schema-graph\">{\"@context\":\"https:\\\/\\\/schema.org\",\"@graph\":[{\"@type\":\"WebPage\",\"@id\":\"https:\\\/\\\/www.q-bital.com\\\/heritage\\\/\",\"url\":\"https:\\\/\\\/www.q-bital.com\\\/heritage\\\/\",\"name\":\"Heritage - Q-bital Healthcare Solutions\",\"isPartOf\":{\"@id\":\"https:\\\/\\\/www.q-bital.com\\\/#website\"},\"datePublished\":\"2023-07-19T14:17:08+00:00\",\"dateModified\":\"2024-01-18T10:20:31+00:00\",\"inLanguage\":\"cs\",\"potentialAction\":[{\"@type\":\"ReadAction\",\"target\":[\"https:\\\/\\\/www.q-bital.com\\\/heritage\\\/\"]}]},{\"@type\":\"WebSite\",\"@id\":\"https:\\\/\\\/www.q-bital.com\\\/#website\",\"url\":\"https:\\\/\\\/www.q-bital.com\\\/\",\"name\":\"Q-bital Healthcare Solutions\",\"description\":\"\",\"potentialAction\":[{\"@type\":\"SearchAction\",\"target\":{\"@type\":\"EntryPoint\",\"urlTemplate\":\"https:\\\/\\\/www.q-bital.com\\\/?s={search_term_string}\"},\"query-input\":{\"@type\":\"PropertyValueSpecification\",\"valueRequired\":true,\"valueName\":\"search_term_string\"}}],\"inLanguage\":\"cs\"}]}<\/script>\n<!-- \/ Yoast SEO plugin. -->","yoast_head_json":{"title":"D\u011bdictv\u00ed - Q-bital Zdravotn\u00ed \u0159e\u0161en\u00ed","robots":{"index":"index","follow":"follow","max-snippet":"max-snippet:-1","max-image-preview":"max-image-preview:large","max-video-preview":"max-video-preview:-1"},"canonical":"https:\/\/www.q-bital.com\/cs_cz\/heritage\/","og_locale":"cs_CZ","og_type":"article","og_title":"Heritage - Q-bital Healthcare Solutions","og_url":"https:\/\/www.q-bital.com\/cs_cz\/heritage\/","og_site_name":"Q-bital Healthcare Solutions","article_modified_time":"2024-01-18T10:20:31+00:00","twitter_card":"summary_large_image","twitter_misc":{"Odhadovan\u00e1 doba \u010dten\u00ed":"1 minuta"},"schema":{"@context":"https:\/\/schema.org","@graph":[{"@type":"WebPage","@id":"https:\/\/www.q-bital.com\/heritage\/","url":"https:\/\/www.q-bital.com\/heritage\/","name":"D\u011bdictv\u00ed - Q-bital Zdravotn\u00ed \u0159e\u0161en\u00ed","isPartOf":{"@id":"https:\/\/www.q-bital.com\/#website"},"datePublished":"2023-07-19T14:17:08+00:00","dateModified":"2024-01-18T10:20:31+00:00","inLanguage":"cs","potentialAction":[{"@type":"ReadAction","target":["https:\/\/www.q-bital.com\/heritage\/"]}]},{"@type":"WebSite","@id":"https:\/\/www.q-bital.com\/#website","url":"https:\/\/www.q-bital.com\/","name":"Q-bital Healthcare Solutions","description":"","potentialAction":[{"@type":"SearchAction","target":{"@type":"EntryPoint","urlTemplate":"https:\/\/www.q-bital.com\/?s={search_term_string}"},"query-input":{"@type":"PropertyValueSpecification","valueRequired":true,"valueName":"search_term_string"}}],"inLanguage":"cs"}]}},"_links":{"self":[{"href":"https:\/\/www.q-bital.com\/cs_cz\/wp-json\/wp\/v2\/pages\/674","targetHints":{"allow":["GET"]}}],"collection":[{"href":"https:\/\/www.q-bital.com\/cs_cz\/wp-json\/wp\/v2\/pages"}],"about":[{"href":"https:\/\/www.q-bital.com\/cs_cz\/wp-json\/wp\/v2\/types\/page"}],"author":[{"embeddable":true,"href":"https:\/\/www.q-bital.com\/cs_cz\/wp-json\/wp\/v2\/users\/2"}],"replies":[{"embeddable":true,"href":"https:\/\/www.q-bital.com\/cs_cz\/wp-json\/wp\/v2\/comments?post=674"}],"version-history":[{"count":0,"href":"https:\/\/www.q-bital.com\/cs_cz\/wp-json\/wp\/v2\/pages\/674\/revisions"}],"wp:attachment":[{"href":"https:\/\/www.q-bital.com\/cs_cz\/wp-json\/wp\/v2\/media?parent=674"}],"curies":[{"name":"wp","href":"https:\/\/api.w.org\/{rel}","templated":true}]}}