{"id":693,"date":"2023-07-19T15:41:55","date_gmt":"2023-07-19T15:41:55","guid":{"rendered":"https:\/\/www.q-bital.com\/?page_id=693"},"modified":"2023-10-20T11:41:54","modified_gmt":"2023-10-20T11:41:54","slug":"faqs","status":"publish","type":"page","link":"https:\/\/www.q-bital.com\/cs_cz\/faqs\/","title":{"rendered":"Nej\u010dast\u011bj\u0161\u00ed dotazy"},"content":{"rendered":"<section id=\"section-2-59\" class=\"ct-section\" style=\"background-image:url(https:\/\/www.q-bital.com\/wp-content\/uploads\/sites\/8\/2023\/05\/boulders-right.png);background-size: auto;\" >\n<div class=\"ct-section-inner-wrap\">\n<div id=\"div_block-8-59\" class=\"ct-div-block\" ><a id=\"link_text-6-59\" class=\"ct-link-text\" href=\"\/cs_cz\/\" target=\"_self\"  >Domov<\/a><\/p>\n<h1 id=\"headline-3-59\" class=\"ct-headline\"><span id=\"span-4-59\" class=\"ct-span\" >Nej\u010dast\u011bj\u0161\u00ed dotazy<\/span><\/h1>\n<\/div>\n<\/div>\n<\/section>\n<div class=\"wp-block-vanguard-concertina\">\n<section class=\"ct-section\">\n<div class=\"ct-section-inner-wrap\">\n<div id=\"accordion-i9PUm1SAuAIPWb4o\" class=\"concertina accordion concertina-2col\">\n<div class=\"wp-block-vanguard-concertina-item accordion-item\">\n<h2 class=\"accordion-header\" id=\"heading-d078635e-3876-4394-8c4b-860ab9bdab1a\">\n<div class=\"title\">Jak dlouho trv\u00e1 instalace modul\u00e1rn\u00edho za\u0159\u00edzen\u00ed?<\/div>\n<p><span class=\"indicator\"><\/span><\/h2>\n<div id=\"collapse-d078635e-3876-4394-8c4b-860ab9bdab1a\" class=\"accordion-collapse collapse\" aria-labelledby=\"heading-d078635e-3876-4394-8c4b-860ab9bdab1a\" data-bs-parent=\"#accordion-i9PUm1SAuAIPWb4o\">\n<div class=\"accordion-body\">\n<div class=\"text\">Stru\u010dn\u00e1 odpov\u011b\u010f je m\u00e9n\u011b \u010dasu, ne\u017e si mysl\u00edte. Modul\u00e1rn\u00ed za\u0159\u00edzen\u00ed vyu\u017e\u00edvaj\u00edc\u00ed modern\u00ed metody v\u00fdstavby lze vyvinout mnohem rychleji ne\u017e tradi\u010dn\u00ed zd\u011bn\u00e9 stavby. Nap\u0159\u00edklad od objedn\u00e1vky po p\u0159ed\u00e1n\u00ed m\u016f\u017ee v\u00fdstavba \u010dty\u0159 modul\u00e1rn\u00edch jednodenn\u00edch opera\u010dn\u00edch s\u00e1l\u016f, zotavovac\u00edch prostor a dal\u0161\u00edch podp\u016frn\u00fdch m\u00edstnost\u00ed v nemocnici trvat pouh\u00fdch 12 t\u00fddn\u016f nebo a\u017e 26 t\u00fddn\u016f, pokud je vy\u017eadov\u00e1no \u0159e\u0161en\u00ed Healthcare Space na m\u00edru.<\/p>\n<p><a href=\"\/cs_cz\/facilities\/operating-rooms\/\">Zjist\u011bte, jak rychle by mohlo do va\u0161\u00ed nemocnice dorazit modul\u00e1rn\u00ed za\u0159\u00edzen\u00ed<\/a>.<\/div>\n<\/div>\n<\/div>\n<\/div>\n<div class=\"wp-block-vanguard-concertina-item accordion-item\">\n<h2 class=\"accordion-header\" id=\"heading-1de95927-d811-4aff-adcf-0aefddbe059e\">\n<div class=\"title\">Mohu si pronajmout nebo koupit za\u0159\u00edzen\u00ed?<\/div>\n<p><span class=\"indicator\"><\/span><\/h2>\n<div id=\"collapse-1de95927-d811-4aff-adcf-0aefddbe059e\" class=\"accordion-collapse collapse\" aria-labelledby=\"heading-1de95927-d811-4aff-adcf-0aefddbe059e\" data-bs-parent=\"#accordion-i9PUm1SAuAIPWb4o\">\n<div class=\"accordion-body\">\n<div class=\"text\">Odpov\u011b\u010f je ano na oba. Nab\u00edz\u00edme flexibiln\u00ed <a data-type=\"page\" data-id=\"455\" href=\"\/cs_cz\/procurement\/\">zad\u00e1vac\u00ed p\u0159\u00edstup<\/a> pro na\u0161e modul\u00e1rn\u00ed za\u0159\u00edzen\u00ed s mo\u017enostmi pron\u00e1jmu, pron\u00e1jmu\/n\u00e1kupu a n\u00e1kupu dostupn\u00fdmi bu\u010f p\u0159\u00edmo, nebo prost\u0159ednictv\u00edm r\u016fzn\u00fdch r\u00e1mc\u016f.<\/p>\n<p><a data-type=\"page\" data-id=\"164\" href=\"\/cs_cz\/our-facilities\/\">Na\u0161e mobiln\u00ed jednotky<\/a> jsou k dispozici pouze k pron\u00e1jmu, co\u017e n\u00e1m umo\u017e\u0148uje reagovat na nal\u00e9hav\u00e9 pot\u0159eby.<\/div>\n<\/div>\n<\/div>\n<\/div>\n<div class=\"wp-block-vanguard-concertina-item accordion-item\">\n<h2 class=\"accordion-header\" id=\"heading-6af607bb-17f3-405d-a620-f36c0dc0e622\">\n<div class=\"title\">Je stanovena minim\u00e1ln\u00ed doba pron\u00e1jmu?<\/div>\n<p><span class=\"indicator\"><\/span><\/h2>\n<div id=\"collapse-6af607bb-17f3-405d-a620-f36c0dc0e622\" class=\"accordion-collapse collapse\" aria-labelledby=\"heading-6af607bb-17f3-405d-a620-f36c0dc0e622\" data-bs-parent=\"#accordion-i9PUm1SAuAIPWb4o\">\n<div class=\"accordion-body\">\n<div class=\"text\">Obecn\u011b plat\u00ed, \u017ee doba pron\u00e1jmu na\u0161ich mobiln\u00edch za\u0159\u00edzen\u00ed je minim\u00e1ln\u011b 13 t\u00fddn\u016f a pro na\u0161e modul\u00e1rn\u00ed za\u0159\u00edzen\u00ed m\u016f\u017eeme sestavit cenov\u00fd model od 26 t\u00fddn\u016f d\u00e1le. Zauj\u00edm\u00e1me v\u0161ak flexibiln\u00ed p\u0159\u00edstup, proto\u017ee na\u0161\u00ed prioritou je v\u017edy zakl\u00e1dat na\u0161e \u0159e\u0161en\u00ed na pot\u0159eb\u00e1ch na\u0161ich klient\u016f, nikoli na vynucov\u00e1n\u00ed omezen\u00ed.<\/div>\n<\/div>\n<\/div>\n<\/div>\n<div class=\"wp-block-vanguard-concertina-item accordion-item\">\n<h2 class=\"accordion-header\" id=\"heading-343fc496-20ba-4e00-a725-9d3b2efbdbb7\">\n<div class=\"title\">Jak\u00e9 v\u00fdkony lze prov\u00e1d\u011bt na mobiln\u00edm opera\u010dn\u00edm s\u00e1le?<\/div>\n<p><span class=\"indicator\"><\/span><\/h2>\n<div id=\"collapse-343fc496-20ba-4e00-a725-9d3b2efbdbb7\" class=\"accordion-collapse collapse\" aria-labelledby=\"heading-343fc496-20ba-4e00-a725-9d3b2efbdbb7\" data-bs-parent=\"#accordion-i9PUm1SAuAIPWb4o\">\n<div class=\"accordion-body\">\n<div class=\"text\">Na na\u0161ich mobiln\u00edch opera\u010dn\u00edch s\u00e1lech lze prov\u00e1d\u011bt 75% v\u0161ech typ\u016f klinick\u00fdch v\u00fdkon\u016f prov\u00e1d\u011bn\u00fdch ve velk\u00e9 akutn\u00ed nemocnici, od n\u00e1hrad ky\u010deln\u00edho kloubu p\u0159es operaci \u0161ed\u00e9ho z\u00e1kalu, endoskopick\u00e9 v\u00fdkony a\u017e po plastickou chirurgii. Plus specializovan\u00e1 kardiochirurgie a komplexn\u00ed onkologick\u00e9 postupy. \u00dapln\u00fd seznam je p\u0159\u00edli\u0161 dlouh\u00fd na to, abychom jej sem zahrnuli, ale v\u00edce se m\u016f\u017eete dozv\u011bd\u011bt na na\u0161em webu <a data-type=\"page\" data-id=\"674\" href=\"\/cs_cz\/heritage\/\">Str\u00e1nka d\u011bdictv\u00ed<\/a>.<\/div>\n<\/div>\n<\/div>\n<\/div>\n<div class=\"wp-block-vanguard-concertina-item accordion-item\">\n<h2 class=\"accordion-header\" id=\"heading-63aa3f64-7374-48b4-9834-2e0222f8eb3d\">\n<div class=\"title\">Jak\u00e9 v\u00fdhody nab\u00edzej\u00ed modul\u00e1rn\u00ed budovy oproti tradi\u010dn\u00edm zdravotnick\u00fdm budov\u00e1m?<\/div>\n<p><span class=\"indicator\"><\/span><\/h2>\n<div id=\"collapse-63aa3f64-7374-48b4-9834-2e0222f8eb3d\" class=\"accordion-collapse collapse\" aria-labelledby=\"heading-63aa3f64-7374-48b4-9834-2e0222f8eb3d\" data-bs-parent=\"#accordion-i9PUm1SAuAIPWb4o\">\n<div class=\"accordion-body\">\n<div class=\"text\">Hlavn\u00ed v\u00fdhodou je rychlost p\u0159\u00edjezdu na m\u00edsto a propu\u0161t\u011bn\u00ed prvn\u00edch pacient\u016f dve\u0159mi. Budovy MMC a stavby mimo staveni\u0161t\u011b jsou stejn\u011b robustn\u00ed a vysoce kvalitn\u00ed jako tradi\u010dn\u00ed \u201ecihlov\u00e9\u201c budovy, velk\u00fd rozd\u00edl je v tom, \u017ee je lze stav\u011bt sou\u010dasn\u011b s prov\u00e1d\u011bn\u00edm prac\u00ed na spodn\u00ed stavb\u011b na m\u00edst\u011b.<\/p>\n<p>N\u00e1vrh modulu a MMC mohou zkr\u00e1tit dobu v\u00fdstavby a\u017e o 451 TP3T, sn\u00ed\u017eit n\u00e1klady o 161 TP3T a zv\u00fd\u0161it produktivitu o 301 TP3T b\u011bhem cel\u00e9ho procesu sestavov\u00e1n\u00ed.<sup>1<\/sup> Ve srovn\u00e1n\u00ed s tradi\u010dn\u00edmi dod\u00e1vkami na staveni\u0161t\u011b jsou zde tak\u00e9 p\u0159\u00ednosy pro \u017eivotn\u00ed prost\u0159ed\u00ed s omezen\u00fdm odpadem a sn\u00ed\u017een\u00fdm obsahem uhl\u00edku.<\/p>\n<p>Nap\u0159\u00edklad nemocnice St Joseph&#039;s Hospital v Denveru v Coloradu zjistila, \u017ee v\u00fdstavba jejich za\u0159\u00edzen\u00ed mimo lokalitu zkr\u00e1tila dodac\u00ed lh\u016ftu o 72 dn\u00ed a sn\u00ed\u017eila n\u00e1klady o odhadovan\u00fdch 1 TP4T4,3 milionu.<sup>2<\/sup><\/p>\n<p>1. B\u00edl\u00e1 kniha Building Better Healthcare.<br \/>2. Geiger, 2017.<\/div>\n<\/div>\n<\/div>\n<\/div>\n<div class=\"wp-block-vanguard-concertina-item accordion-item\">\n<h2 class=\"accordion-header\" id=\"heading-34124cfa-e6e2-45a3-bf73-0b32f35190c3\">\n<div class=\"title\">Dok\u00e1\u017eete vyrobit za\u0159\u00edzen\u00ed na m\u00edru na\u0161im po\u017eadavk\u016fm?<\/div>\n<p><span class=\"indicator\"><\/span><\/h2>\n<div id=\"collapse-34124cfa-e6e2-45a3-bf73-0b32f35190c3\" class=\"accordion-collapse collapse\" aria-labelledby=\"heading-34124cfa-e6e2-45a3-bf73-0b32f35190c3\" data-bs-parent=\"#accordion-i9PUm1SAuAIPWb4o\">\n<div class=\"accordion-body\">\n<div class=\"text\">Rozhodn\u011b, to je to, \u010d\u00edm jsme zn\u00e1m\u00ed. Budeme s v\u00e1mi spolupracovat na vytvo\u0159en\u00ed Zdravotn\u00edho prostoru, kter\u00fd je navr\u017een tak, aby vyhovoval va\u0161im specifick\u00fdm po\u017eadavk\u016fm, od \u0159\u00edzen\u00ed toku pacient\u016f, opat\u0159en\u00ed \u00fa\u010dinnosti a\u017e po vn\u011bj\u0161\u00ed vzhled a dojem.<\/div>\n<\/div>\n<\/div>\n<\/div>\n<div class=\"wp-block-vanguard-concertina-item accordion-item\">\n<h2 class=\"accordion-header\" id=\"heading-b2903f31-9b7b-4f6b-8001-9561a50b590e\">\n<div class=\"title\">Jak se mohu dozv\u011bd\u011bt v\u00edce o z\u00edsk\u00e1n\u00ed opera\u010dn\u00edho s\u00e1lu na m\u00edst\u011b?<\/div>\n<p><span class=\"indicator\"><\/span><\/h2>\n<div id=\"collapse-b2903f31-9b7b-4f6b-8001-9561a50b590e\" class=\"accordion-collapse collapse\" aria-labelledby=\"heading-b2903f31-9b7b-4f6b-8001-9561a50b590e\" data-bs-parent=\"#accordion-i9PUm1SAuAIPWb4o\">\n<div class=\"accordion-body\">\n<div class=\"text\">Sta\u010d\u00ed se spojit s na\u0161\u00edm p\u0159\u00e1telsk\u00fdm t\u00fdmem a oni v\u00e1s provedou jednotliv\u00fdmi kroky. Pravd\u011bpodobn\u011b zjist\u00edte, \u017ee proces je jednodu\u0161\u0161\u00ed, ne\u017e jste si p\u0159edstavovali. M\u016f\u017eeme za v\u00e1s odv\u00e9st t\u011b\u017ekou pr\u00e1ci a dokonce poskytnout a <a data-type=\"service\" href=\"\/cs_cz\/service\/turnkey-solutions\/\">\u0159e\u0161en\u00ed na kl\u00ed\u010d<\/a> pokud v\u00e1m to vyhovuje nejl\u00e9pe.<\/p>\n<p><a data-type=\"page\" data-id=\"117\" href=\"\/cs_cz\/contact\/\" class=\"gform_button\">B\u00fdt v kontaktu<\/a><\/div>\n<\/div>\n<\/div>\n<\/div>\n<div class=\"wp-block-vanguard-concertina-item accordion-item\">\n<h2 class=\"accordion-header\" id=\"heading-868c76d8-3257-4fcf-957d-67bf4859f5ec\">\n<div class=\"title\">Dod\u00e1v\u00e1te za\u0159\u00edzen\u00ed po cel\u00e9m sv\u011bt\u011b?<\/div>\n<p><span class=\"indicator\"><\/span><\/h2>\n<div id=\"collapse-868c76d8-3257-4fcf-957d-67bf4859f5ec\" class=\"accordion-collapse collapse\" aria-labelledby=\"heading-868c76d8-3257-4fcf-957d-67bf4859f5ec\" data-bs-parent=\"#accordion-i9PUm1SAuAIPWb4o\">\n<div class=\"accordion-body\">\n<div class=\"text\">Ano, p\u016fsob\u00edme mezin\u00e1rodn\u011b, m\u00e1me zku\u0161enosti s poskytov\u00e1n\u00edm za\u0159\u00edzen\u00ed v Austr\u00e1lii, na Nov\u00e9m Z\u00e9landu, v Beneluxu, Seversk\u00fdch st\u00e1tech, Irsku a Velk\u00e9 Brit\u00e1nii. Ve Velk\u00e9 Brit\u00e1nii p\u016fsob\u00edme pod na\u0161\u00ed zna\u010dkou ###Vanguard### Healthcare Solutions, pro v\u00edce informac\u00ed nav\u0161tivte <a href=\"https:\/\/www.vanguardhealthcare.co.uk\">www.vanguardhealthcare.co.uk<\/a>.<\/div>\n<\/div>\n<\/div>\n<\/div>\n<div class=\"wp-block-vanguard-concertina-item accordion-item\">\n<h2 class=\"accordion-header\" id=\"heading-32b61ab8-f388-43b3-8c99-1399b90140cf\">\n<div class=\"title\">Jak \u0159\u00edd\u00edte sv\u016fj dopad na \u017eivotn\u00ed prost\u0159ed\u00ed, zejm\u00e9na u va\u0161ich v\u011bt\u0161\u00edch za\u0159\u00edzen\u00ed?<\/div>\n<p><span class=\"indicator\"><\/span><\/h2>\n<div id=\"collapse-32b61ab8-f388-43b3-8c99-1399b90140cf\" class=\"accordion-collapse collapse\" aria-labelledby=\"heading-32b61ab8-f388-43b3-8c99-1399b90140cf\" data-bs-parent=\"#accordion-i9PUm1SAuAIPWb4o\">\n<div class=\"accordion-body\">\n<div class=\"text\">Na\u0161e \u0159e\u0161en\u00ed jsou navr\u017eena, vyrobena a dod\u00e1v\u00e1na s velkou p\u00e9\u010d\u00ed a ohleduplnost\u00ed k \u017eivotn\u00edmu prost\u0159ed\u00ed, \u010d\u00edm\u017e se sni\u017euje uhl\u00edk v ka\u017ed\u00e9m kroku na\u0161eho v\u00fdrobn\u00edho procesu. Neust\u00e1le hled\u00e1me zp\u016fsoby, jak minimalizovat dopad toho, jak vyu\u017e\u00edv\u00e1me zdroje, se zvl\u00e1\u0161tn\u00edm zam\u011b\u0159en\u00edm na to, abychom p\u0159isp\u00edvali ke glob\u00e1ln\u00ed agend\u011b o zm\u011bn\u011b klimatu.<\/p>\n<p>Na\u0161\u00edm c\u00edlem je dos\u00e1hnout \u010dist\u00e9 uhl\u00edkov\u00e9 nuly pro emise z rozsahu 1 a 2 do konce roku 2023 a pro rozsah 3 do roku 2035; m\u00e1me zaveden robustn\u00ed pl\u00e1n sni\u017eov\u00e1n\u00ed emis\u00ed uhl\u00edku, kter\u00fd n\u00e1m toho pom\u00e1h\u00e1 dos\u00e1hnout. Jsme hrd\u00ed na n\u00e1\u0161 pokrok na cest\u011b k nulov\u00e9 uhl\u00edkov\u00e9 s\u00edti, <a data-type=\"page\" data-id=\"705\" href=\"\/cs_cz\/carbon-reduction-plan\/\">pod\u00edvejte se sem bl\u00ed\u017ee\u2026<\/a> <\/p>\n<p>Ned\u00e1vno jsme se spojili s Klimate, abychom vytvo\u0159ili strategii odstra\u0148ov\u00e1n\u00ed uhl\u00edku, kter\u00e1 n\u00e1m pom\u016f\u017ee dos\u00e1hnout na\u0161ich \u010dist\u00fdch nulov\u00fdch ambic\u00ed. Inovativn\u00ed portfolio projekt\u016f odstra\u0148ov\u00e1n\u00ed uhl\u00edku zahrnuje projekty, jako je p\u0159\u00edm\u00e9 zachycov\u00e1n\u00ed vzduchu, hlubinn\u00e9 skladov\u00e1n\u00ed bio-oleje, mo\u0159sk\u00e9 \u0159asy a obnovuj\u00edc\u00ed v\u00fdsadba strom\u016f. V\u0161echny jsou nez\u00e1visle ov\u011b\u0159eny, aby byla zaji\u0161t\u011bna jejich integrita.<\/p><\/div>\n<\/div>\n<\/div>\n<\/div>\n<div class=\"wp-block-vanguard-concertina-item accordion-item\">\n<h2 class=\"accordion-header\" id=\"heading-7562bf47-5278-48e0-b4d4-61a2e1dac74f\">\n<div class=\"title\">Spolupracujete s partnery?<\/div>\n<p><span class=\"indicator\"><\/span><\/h2>\n<div id=\"collapse-7562bf47-5278-48e0-b4d4-61a2e1dac74f\" class=\"accordion-collapse collapse\" aria-labelledby=\"heading-7562bf47-5278-48e0-b4d4-61a2e1dac74f\" data-bs-parent=\"#accordion-i9PUm1SAuAIPWb4o\">\n<div class=\"accordion-body\">\n<div class=\"text\">Ano, jsme v\u017edy ochotni to pro\u0161et\u0159it <a href=\"\/cs_cz\/partner-programme\/\" data-type=\"page\" data-id=\"316\">mo\u017enosti partnerstv\u00ed<\/a> a v sou\u010dasn\u00e9 dob\u011b spolupracuje s v\u00fdrobci za\u0159\u00edzen\u00ed, architekty, provozovateli staveb a klinick\u00fdch slu\u017eeb.<\/div>\n<\/div>\n<\/div>\n<\/div>\n<div class=\"wp-block-vanguard-concertina-item accordion-item\">\n<h2 class=\"accordion-header\" id=\"heading-fa666c52-3c78-40f9-895c-adcd67fb5d8b\">\n<div class=\"title\">Je k dispozici kompletn\u00ed \u0159e\u0161en\u00ed na kl\u00ed\u010d?<\/div>\n<p><span class=\"indicator\"><\/span><\/h2>\n<div id=\"collapse-fa666c52-3c78-40f9-895c-adcd67fb5d8b\" class=\"accordion-collapse collapse\" aria-labelledby=\"heading-fa666c52-3c78-40f9-895c-adcd67fb5d8b\" data-bs-parent=\"#accordion-i9PUm1SAuAIPWb4o\">\n<div class=\"accordion-body\">\n<div class=\"text\">Absolutn\u011b se m\u016f\u017eeme postarat o cel\u00fd proces a dodat a <a href=\"\/cs_cz\/service\/turnkey-solutions\/\" data-type=\"service\" data-id=\"185\">\u0159e\u0161en\u00ed na kl\u00ed\u010d<\/a>. Tato slu\u017eba zahrnuje plnou spr\u00e1vu procesu n\u00e1vrhu (v\u010detn\u011b schvalov\u00e1n\u00ed obchodn\u00edch p\u0159\u00edpad\u016f), vlastn\u00ed v\u00fdrobu, instalaci na m\u00edst\u011b a uveden\u00ed projektu do provozu. M\u00e1me bohat\u00e9 zku\u0161enosti s obstar\u00e1v\u00e1n\u00edm a dod\u00e1vkou v\u0161ech prac\u00ed na stavb\u011b prost\u0159ednictv\u00edm na\u0161eho t\u00fdmu specializovan\u00fdch zdravotnick\u00fdch n\u00e1vrh\u00e1\u0159\u016f.<\/div>\n<\/div>\n<\/div>\n<\/div>\n<\/div>\n<\/div>\n<\/section>\n<\/div>\n<section id=\"section-144-59\" class=\"ct-section\" >\n<div class=\"ct-section-inner-wrap\">\n<div id=\"new_columns-145-59\" class=\"ct-new-columns\" >\n<div id=\"div_block-146-59\" class=\"ct-div-block\" >\n<div id=\"_rich_text-9-63\" class=\"oxy-rich-text\" >\n<p>Hled\u00e1n\u00ed \u0159e\u0161en\u00ed, kter\u00e9 funguje pro va\u0161i nemocnici, za\u010d\u00edn\u00e1 zde\u2026<\/p>\n<\/div>\n<p><a id=\"link_button-149-59\" class=\"ct-link-button\" href=\"\/cs_cz\/contact\/\" target=\"_self\"  >B\u00fdt v kontaktu<\/a><\/div>\n<div id=\"div_block-150-59\" class=\"ct-div-block\" ><img decoding=\"async\"  id=\"image-151-59\" alt=\"\" src=\"https:\/\/www.q-bital.com\/wp-content\/uploads\/2023\/06\/kettering-2-scaled.jpg\" class=\"ct-image\"\/><\/div>\n<\/div>\n<\/div>\n<\/section>","protected":false},"excerpt":{"rendered":"","protected":false},"author":2,"featured_media":0,"parent":0,"menu_order":0,"comment_status":"closed","ping_status":"closed","template":"","meta":{"_acf_changed":false,"footnotes":""},"class_list":["post-693","page","type-page","status-publish","hentry"],"acf":[],"yoast_head":"<!-- This site is optimized with the Yoast SEO plugin v27.5 - https:\/\/yoast.com\/product\/yoast-seo-wordpress\/ -->\n<title>FAQs - Q-bital Healthcare Solutions<\/title>\n<meta name=\"robots\" content=\"index, follow, max-snippet:-1, max-image-preview:large, max-video-preview:-1\" \/>\n<link rel=\"canonical\" href=\"https:\/\/www.q-bital.com\/cs_cz\/faqs\/\" \/>\n<meta property=\"og:locale\" content=\"cs_CZ\" \/>\n<meta property=\"og:type\" content=\"article\" \/>\n<meta property=\"og:title\" content=\"FAQs - Q-bital Healthcare Solutions\" \/>\n<meta property=\"og:url\" content=\"https:\/\/www.q-bital.com\/cs_cz\/faqs\/\" \/>\n<meta property=\"og:site_name\" content=\"Q-bital Healthcare Solutions\" \/>\n<meta property=\"article:modified_time\" content=\"2023-10-20T11:41:54+00:00\" \/>\n<meta name=\"twitter:card\" content=\"summary_large_image\" \/>\n<meta name=\"twitter:label1\" content=\"Odhadovan\u00e1 doba \u010dten\u00ed\" \/>\n\t<meta name=\"twitter:data1\" content=\"4 minuty\" \/>\n<script type=\"application\/ld+json\" class=\"yoast-schema-graph\">{\"@context\":\"https:\\\/\\\/schema.org\",\"@graph\":[{\"@type\":\"WebPage\",\"@id\":\"https:\\\/\\\/www.q-bital.com\\\/faqs\\\/\",\"url\":\"https:\\\/\\\/www.q-bital.com\\\/faqs\\\/\",\"name\":\"FAQs - Q-bital Healthcare Solutions\",\"isPartOf\":{\"@id\":\"https:\\\/\\\/www.q-bital.com\\\/#website\"},\"datePublished\":\"2023-07-19T15:41:55+00:00\",\"dateModified\":\"2023-10-20T11:41:54+00:00\",\"inLanguage\":\"cs\",\"potentialAction\":[{\"@type\":\"ReadAction\",\"target\":[\"https:\\\/\\\/www.q-bital.com\\\/faqs\\\/\"]}]},{\"@type\":\"WebSite\",\"@id\":\"https:\\\/\\\/www.q-bital.com\\\/#website\",\"url\":\"https:\\\/\\\/www.q-bital.com\\\/\",\"name\":\"Q-bital Healthcare Solutions\",\"description\":\"\",\"potentialAction\":[{\"@type\":\"SearchAction\",\"target\":{\"@type\":\"EntryPoint\",\"urlTemplate\":\"https:\\\/\\\/www.q-bital.com\\\/?s={search_term_string}\"},\"query-input\":{\"@type\":\"PropertyValueSpecification\",\"valueRequired\":true,\"valueName\":\"search_term_string\"}}],\"inLanguage\":\"cs\"}]}<\/script>\n<!-- \/ Yoast SEO plugin. -->","yoast_head_json":{"title":"Nej\u010dast\u011bj\u0161\u00ed dotazy \u2013 Q-bital Healthcare Solutions","robots":{"index":"index","follow":"follow","max-snippet":"max-snippet:-1","max-image-preview":"max-image-preview:large","max-video-preview":"max-video-preview:-1"},"canonical":"https:\/\/www.q-bital.com\/cs_cz\/faqs\/","og_locale":"cs_CZ","og_type":"article","og_title":"FAQs - Q-bital Healthcare Solutions","og_url":"https:\/\/www.q-bital.com\/cs_cz\/faqs\/","og_site_name":"Q-bital Healthcare Solutions","article_modified_time":"2023-10-20T11:41:54+00:00","twitter_card":"summary_large_image","twitter_misc":{"Odhadovan\u00e1 doba \u010dten\u00ed":"4 minuty"},"schema":{"@context":"https:\/\/schema.org","@graph":[{"@type":"WebPage","@id":"https:\/\/www.q-bital.com\/faqs\/","url":"https:\/\/www.q-bital.com\/faqs\/","name":"Nej\u010dast\u011bj\u0161\u00ed dotazy \u2013 Q-bital Healthcare Solutions","isPartOf":{"@id":"https:\/\/www.q-bital.com\/#website"},"datePublished":"2023-07-19T15:41:55+00:00","dateModified":"2023-10-20T11:41:54+00:00","inLanguage":"cs","potentialAction":[{"@type":"ReadAction","target":["https:\/\/www.q-bital.com\/faqs\/"]}]},{"@type":"WebSite","@id":"https:\/\/www.q-bital.com\/#website","url":"https:\/\/www.q-bital.com\/","name":"Q-bital Healthcare Solutions","description":"","potentialAction":[{"@type":"SearchAction","target":{"@type":"EntryPoint","urlTemplate":"https:\/\/www.q-bital.com\/?s={search_term_string}"},"query-input":{"@type":"PropertyValueSpecification","valueRequired":true,"valueName":"search_term_string"}}],"inLanguage":"cs"}]}},"_links":{"self":[{"href":"https:\/\/www.q-bital.com\/cs_cz\/wp-json\/wp\/v2\/pages\/693","targetHints":{"allow":["GET"]}}],"collection":[{"href":"https:\/\/www.q-bital.com\/cs_cz\/wp-json\/wp\/v2\/pages"}],"about":[{"href":"https:\/\/www.q-bital.com\/cs_cz\/wp-json\/wp\/v2\/types\/page"}],"author":[{"embeddable":true,"href":"https:\/\/www.q-bital.com\/cs_cz\/wp-json\/wp\/v2\/users\/2"}],"replies":[{"embeddable":true,"href":"https:\/\/www.q-bital.com\/cs_cz\/wp-json\/wp\/v2\/comments?post=693"}],"version-history":[{"count":0,"href":"https:\/\/www.q-bital.com\/cs_cz\/wp-json\/wp\/v2\/pages\/693\/revisions"}],"wp:attachment":[{"href":"https:\/\/www.q-bital.com\/cs_cz\/wp-json\/wp\/v2\/media?parent=693"}],"curies":[{"name":"wp","href":"https:\/\/api.w.org\/{rel}","templated":true}]}}