{"id":143,"date":"2023-06-05T15:04:05","date_gmt":"2023-06-05T15:04:05","guid":{"rendered":"https:\/\/www.q-bital.com\/?page_id=143"},"modified":"2024-07-08T09:56:12","modified_gmt":"2024-07-08T09:56:12","slug":"careers","status":"publish","type":"page","link":"https:\/\/www.q-bital.com\/cy_gb-wls\/careers\/","title":{"rendered":"Gyrfaoedd"},"content":{"rendered":"<section id=\"section-2-14\" class=\"ct-section\" >\n<div class=\"ct-section-inner-wrap\">\n<div id=\"new_columns-3-14\" class=\"ct-new-columns\" >\n<div id=\"div_block-4-14\" class=\"ct-div-block\" >\n<div id=\"div_block-21-223\" class=\"ct-div-block\" ><a id=\"link_text-13-223\" class=\"ct-link-text\" href=\"\/cy_gb-wls\/\" target=\"_self\"  >Cartref<\/a><a id=\"link_text-25-223\" class=\"ct-link-text\" href=\"http:\/\/\" target=\"_self\"  >&gt;<\/a><\/p>\n<div id=\"text_block-26-223\" class=\"ct-text-block\" ><span id=\"span-27-223\" class=\"ct-span\" >Gyrfaoedd<\/span><\/div>\n<\/div>\n<div id=\"div_block-17-223\" class=\"ct-div-block\" >\n<h1 id=\"headline-5-14\" class=\"ct-headline\">Ein pobl<\/h1>\n<\/div>\n<\/div>\n<div id=\"div_block-9-14\" class=\"ct-div-block\" ><link rel='stylesheet' id='oxygen-unslider-css'  href='https:\/\/www.q-bital.com\/wp-content\/plugins\/oxygen\/component-framework\/vendor\/unslider\/unslider.css' type='text\/css' media='all'\/>\n<div id=\"slider-88-14\" class=\"ct-slider ct_unique_slider_3576\" >\n<div class=\"oxygen-unslider-container\">\n<ul>\n<li>\n<div id=\"slide-89-14\" class=\"ct-slide\" ><img decoding=\"async\"  id=\"image-96-14\" alt=\"\" src=\"https:\/\/www.q-bital.com\/wp-content\/uploads\/sites\/8\/legacy\/2023\/07\/IMG_6125_Adjusted-scaled.jpg\" class=\"ct-image\"\/><\/div>\n<\/li>\n<li>\n<div id=\"slide-101-14\" class=\"ct-slide\" ><img decoding=\"async\"  id=\"image-102-14\" alt=\"\" src=\"https:\/\/www.q-bital.com\/wp-content\/uploads\/sites\/8\/2023\/09\/Q-bital_people_sq.jpg\" class=\"ct-image\"\/><\/div>\n<\/li>\n<\/ul>\n<\/div>\n<\/div>\n<p><script class=\"ct-slider-script\">jQuery(document).ready(function($){$('#slider-88-14.ct_unique_slider_3576 .oxygen-unslider-container:not(.unslider-horizontal,.unslider-fade)').unslider({autoplay: true, delay: 3000, animation: 'horizontal', speed : 750, arrows: true, nav: false, infinite: true})});<\/script><\/div>\n<\/div>\n<\/div>\n<\/section>\n<section id=\"section-68-14-text-left-white\" class=\"ct-section\" >\n<div class=\"ct-section-inner-wrap\">\n<div id=\"new_columns-69-14text-left-white\" class=\"ct-new-columns\" >\n<div id=\"div_block-70-14\" class=\"ct-div-block\" >\n<h2 id=\"headline-71-14\" class=\"ct-headline\">Sut brofiad yw gweithio i ni<\/h2>\n<div id=\"_rich_text-72-14\" class=\"oxy-rich-text\" >\n<p dir=\"ltr\">Rydym yn gwerthfawrogi ein pobl ac yn darparu amgylchedd cefnogol iddynt ffynnu.&nbsp;<\/p>\n<p dir=\"ltr\">Rydym wedi parhau i weithio&#039;n hyblyg ers y pandemig ac yn cydnabod cydbwysedd cadarnhaol gweithio hybrid ar gyfer llawer o&#039;n rolau cymorth traddodiadol mewn swyddfa.<\/p>\n<p dir=\"ltr\">Rydym yn d\u00eem cefnogol a gofalgar ac mae gennym swyddogion cymorth cyntaf iechyd meddwl hyfforddedig ar draws ein poblogaeth o weithwyr ac ystod o fuddion sy&#039;n cefnogi ein lles.<\/p>\n<p dir=\"ltr\">Rydym wrth ein bodd yn dysgu ac yn cefnogi datblygiad ar draws y busnes. Rydym yn darparu ad-daliad ar gyfer aelodaeth broffesiynol bob blwyddyn ac yn cefnogi llawer o aelodau ein t\u00eem gydag astudiaeth broffesiynol fel rhan o&#039;u datblygiad gyrfa.&nbsp;<\/p>\n<p dir=\"ltr\">Gyda th\u00eem sy&#039;n tyfu&#039;n gyflym o dros 150 o gydweithwyr yn rhyngwladol, mae ein gwerthoedd yn diffinio sut rydym yn gwneud busnes \u00e2&#039;n cwsmeriaid, yn fewnol ac yn allanol: Yn canolbwyntio ar y claf; Arloesol; Ymatebol; Angerddol; Gwaith t\u00eem.<\/p>\n<p dir=\"ltr\"><span id=\"docs-internal-guid-a22cdb77-7fff-d4c5-d8e3-ee58dff0a232\">Mae canlyniadau ein harolwg ymgysylltu 2023 yn dangos ein hymrwymiad i\u2019n pobl, gyda 82% o ymgysylltu cadarnhaol ar draws y busnes ac ymgysylltiad uchel ar draws ein poblogaethau Q-bital o weithwyr.<\/span><\/p>\n<\/div>\n<\/div>\n<div id=\"div_block-74-14\" class=\"ct-div-block\" ><img decoding=\"async\"  id=\"image-75-14\" alt=\"\" src=\"https:\/\/www.q-bital.com\/wp-content\/uploads\/sites\/8\/2023\/09\/Q-bital_people_in_warehouse-1024x683.jpg\" class=\"ct-image\"\/><\/div>\n<\/div>\n<\/div>\n<\/section>\n<section id=\"section-2-802\" class=\"ct-section\" style=\"background-image:linear-gradient(rgba(0,73,131,0.73), rgba(0,73,131,0.73)), url(https:\/\/www.q-bital.com\/wp-content\/uploads\/sites\/8\/2023\/05\/boulders-right.png);background-size:auto,  auto;\" >\n<div class=\"ct-section-inner-wrap\">\n<div id=\"div_block-3-802\" class=\"ct-div-block\" >\n<div id=\"text_block-5-802\" class=\"ct-text-block\" >Ein Gweledigaeth Pobl yw:<\/div>\n<div id=\"_rich_text-4-802\" class=\"oxy-rich-text\" >\n<p><span id=\"docs-internal-guid-93af1b13-7fff-9522-9323-019a14bd4d7e\">Er mwyn galluogi ein pobl i gyflawni canlyniadau eithriadol. Gwnawn hyn drwy greu timau grymus ac ystwyth, wedi\u2019u cefnogi gan arweinyddiaeth ddilys a thosturiol a darparu amgylchedd cynhwysol ar gyfer twf.<\/span><\/p>\n<\/div>\n<\/div>\n<\/div>\n<\/section>\n<section id=\"text-left-blue\" class=\"ct-section\" >\n<div class=\"ct-section-inner-wrap\">\n<div id=\"new_columns-107-34-blue\" class=\"ct-new-columns\" >\n<div id=\"div_block-108-34\" class=\"ct-div-block\" >\n<h2 id=\"headline-109-34\" class=\"ct-headline\">Ein manteision<\/h2>\n<div id=\"_rich_text-110-34\" class=\"oxy-rich-text\" >\n<p dir=\"ltr\">Rydym yn cynnig pecynnau cyflog cystadleuol sy&#039;n adlewyrchu ein lleoliadau rhyngwladol.<\/p>\n<p dir=\"ltr\">Rydym yn adnabod ein pobl yn rheolaidd drwy\u2019r gweithgareddau cydnabod canlynol:<\/p>\n<ul>\n<li dir=\"ltr\">\n<p dir=\"ltr\" role=\"presentation\">Gwobrau gwerthoedd Q-bital<\/p>\n<\/li>\n<li dir=\"ltr\">\n<p dir=\"ltr\" role=\"presentation\">Digwyddiadau dathlu gweithwyr<\/p>\n<\/li>\n<\/ul>\n<\/div>\n<\/div>\n<div id=\"div_block-112-34\" class=\"ct-div-block\" ><img decoding=\"async\"  id=\"image-113-34\" alt=\"\" src=\"https:\/\/www.q-bital.com\/wp-content\/uploads\/sites\/8\/2024\/07\/processed-3F837750-D17D-4E3D-BECD-0872DB208850-9AEB91D2-A4ED-4D67-977D-CCC0E54EAE2F-scaled.jpeg\" class=\"ct-image\"\/><\/div>\n<\/div>\n<\/div>\n<\/section>\n<section id=\"section-68-14-text-left-white\" class=\"ct-section\" >\n<div class=\"ct-section-inner-wrap\">\n<div id=\"new_columns-69-14text-left-white\" class=\"ct-new-columns\" >\n<div id=\"div_block-70-14\" class=\"ct-div-block\" >\n<h2 id=\"headline-71-14\" class=\"ct-headline\">Ein gwerthoedd<\/h2>\n<div id=\"_rich_text-72-14\" class=\"oxy-rich-text\" >\n<p dir=\"ltr\">Wedi&#039;u dewis gan ein gweithwyr, mae ein gwerthoedd yn sail i bopeth a wnawn.<\/p>\n<p dir=\"ltr\">Rydym yn darparu seilwaith a gwybodaeth glinigol gyda\u2019r cyflymder sydd ei angen i ymestyn capasiti, rheoli\u2019r llwybr clinigol, a darparu gofal di-dor sy\u2019n canolbwyntio ar y claf.<\/p>\n<p dir=\"ltr\">Penderfynwyd ar y gwerthoedd trwy raglen ymgysylltu ymgynghorol a oedd yn cynnwys cyfranogiad gan ein t\u00eem cyfan. Rydym wedi ymrwymo i gynrychioli&#039;r gwerthoedd hyn trwy ei brosesau, ei gynhyrchion, ei wasanaethau a&#039;i ryngweithio \u00e2 chwsmeriaid mewnol ac allanol.<\/p>\n<p dir=\"ltr\">Dewiswyd y gwerthoedd isod trwy gonsensws. Maent yn disgrifio orau&#039;r ffyrdd yr ydym yn sicrhau darpariaeth o ansawdd a gwerth i randdeiliaid allanol ac i&#039;r gymuned cleifion ehangach yr ydym yn ei gwasanaethu.<\/p>\n<\/div>\n<\/div>\n<div id=\"div_block-74-14\" class=\"ct-div-block\" ><img decoding=\"async\"  id=\"image-75-14\" alt=\"\" src=\"https:\/\/www.q-bital.com\/wp-content\/uploads\/sites\/8\/2023\/09\/Q-bital_image-1024x683.jpg\" class=\"ct-image\"\/><\/div>\n<\/div>\n<\/div>\n<\/section>\n<section id=\"section-2-149\" class=\"ct-section\" >\n<div class=\"ct-section-inner-wrap\">\n<div id=\"div_block-5-149\" class=\"ct-div-block\" >\n<div id=\"div_block-10-149\" class=\"ct-div-block\" ><img decoding=\"async\"  id=\"image-11-149\" alt=\"Passionate\" src=\"https:\/\/www.q-bital.com\/wp-content\/uploads\/sites\/8\/2023\/06\/passionate.png\" class=\"ct-image\"\/><\/p>\n<div id=\"text_block-12-149\" class=\"ct-text-block\" >Angerddol<\/div>\n<\/div>\n<\/div>\n<div id=\"div_block-6-149\" class=\"ct-div-block\" >\n<div id=\"div_block-13-149\" class=\"ct-div-block\" ><img decoding=\"async\"  id=\"image-14-149\" alt=\"Patient focussed\" src=\"https:\/\/www.q-bital.com\/wp-content\/uploads\/sites\/8\/2023\/06\/patient-focussed.png\" class=\"ct-image\"\/><\/p>\n<div id=\"text_block-15-149\" class=\"ct-text-block\" >Yn canolbwyntio ar y claf<\/div>\n<\/div>\n<\/div>\n<div id=\"div_block-7-149\" class=\"ct-div-block\" >\n<div id=\"div_block-17-149\" class=\"ct-div-block\" ><img decoding=\"async\"  id=\"image-18-149\" alt=\"Responsive\" src=\"https:\/\/www.q-bital.com\/wp-content\/uploads\/sites\/8\/2023\/06\/responsive.png\" class=\"ct-image\"\/><\/p>\n<div id=\"text_block-19-149\" class=\"ct-text-block\" >Ymatebol<\/div>\n<\/div>\n<\/div>\n<div id=\"div_block-8-149\" class=\"ct-div-block\" >\n<div id=\"div_block-21-149\" class=\"ct-div-block\" ><img decoding=\"async\"  id=\"image-22-149\" alt=\"Teamwork\" src=\"https:\/\/www.q-bital.com\/wp-content\/uploads\/sites\/8\/2023\/06\/teamwork.png\" class=\"ct-image\"\/><\/p>\n<div id=\"text_block-23-149\" class=\"ct-text-block\" >Gwaith t\u00eem<\/div>\n<\/div>\n<\/div>\n<div id=\"div_block-9-149\" class=\"ct-div-block\" >\n<div id=\"div_block-25-149\" class=\"ct-div-block\" ><img decoding=\"async\"  id=\"image-26-149\" alt=\"Innovative\" src=\"https:\/\/www.q-bital.com\/wp-content\/uploads\/sites\/8\/2023\/06\/innovative.png\" class=\"ct-image\"\/><\/p>\n<div id=\"text_block-27-149\" class=\"ct-text-block\" >Arloesol<\/div>\n<\/div>\n<\/div>\n<\/div>\n<\/section>\n<section id=\"section-132-34\" class=\"ct-section\" >\n<div class=\"ct-section-inner-wrap\">\n<div id=\"new_columns-133-34\" class=\"ct-new-columns\" >\n<div id=\"div_block-138-34\" class=\"ct-div-block\" ><img decoding=\"async\"  id=\"image-139-34\" alt=\"\" src=\"https:\/\/www.q-bital.com\/wp-content\/uploads\/sites\/8\/2023\/09\/careers.jpg\" class=\"ct-image\"\/><\/div>\n<div id=\"div_block-134-34\" class=\"ct-div-block\" >\n<h2 id=\"headline-135-34\" class=\"ct-headline\">Dewch o hyd i&#039;ch llwybr gyrfa<\/h2>\n<div id=\"_rich_text-136-34\" class=\"oxy-rich-text\" >\n<p dir=\"ltr\">Mae gennym ystod o gyfleoedd i ymuno \u00e2 ni ar ein taith gyffrous wrth i ni symud i gam nesaf ein dyfodol wrth gyflawni ein huchelgais twf.&nbsp;<\/p>\n<p dir=\"ltr\">Rydym yn cyflawni ein nodau trwy gydweithio fel t\u00eem sy&#039;n cyd-fynd \u00e2&#039;n gwerthoedd.<\/p>\n<p dir=\"ltr\">Ein nod yw cael gweithle amrywiol a chynhwysol ac rydym yn annog yn gryf ymgeiswyr \u00e2 chymwysterau addas o ystod eang o gefndiroedd i wneud cais i ymuno \u00e2&#039;n t\u00eem.&nbsp;<\/p>\n<p dir=\"ltr\">I fod yn gymwys ar gyfer y rolau a hysbysebir, bydd angen i chi gael yr hawl i weithio yn y wlad berthnasol.<\/p>\n<\/div>\n<\/div>\n<\/div>\n<\/div>\n<\/section>","protected":false},"excerpt":{"rendered":"","protected":false},"author":2,"featured_media":0,"parent":0,"menu_order":0,"comment_status":"closed","ping_status":"closed","template":"","meta":{"_acf_changed":false,"footnotes":""},"class_list":["post-143","page","type-page","status-publish","hentry"],"acf":[],"yoast_head":"<!-- This site is optimized with the Yoast SEO plugin v27.5 - https:\/\/yoast.com\/product\/yoast-seo-wordpress\/ -->\n<title>Careers - Q-bital Healthcare Solutions<\/title>\n<meta name=\"robots\" content=\"index, follow, max-snippet:-1, max-image-preview:large, max-video-preview:-1\" \/>\n<link rel=\"canonical\" href=\"https:\/\/www.q-bital.com\/cy_gb-wls\/careers\/\" \/>\n<meta property=\"og:locale\" content=\"en_US\" \/>\n<meta property=\"og:type\" content=\"article\" \/>\n<meta property=\"og:title\" content=\"Careers - Q-bital Healthcare Solutions\" \/>\n<meta property=\"og:url\" content=\"https:\/\/www.q-bital.com\/cy_gb-wls\/careers\/\" \/>\n<meta property=\"og:site_name\" content=\"Q-bital Healthcare Solutions\" \/>\n<meta property=\"article:modified_time\" content=\"2024-07-08T09:56:12+00:00\" \/>\n<meta name=\"twitter:card\" content=\"summary_large_image\" \/>\n<meta name=\"twitter:label1\" content=\"Est. reading time\" \/>\n\t<meta name=\"twitter:data1\" content=\"1 munud\" \/>\n<script type=\"application\/ld+json\" class=\"yoast-schema-graph\">{\"@context\":\"https:\\\/\\\/schema.org\",\"@graph\":[{\"@type\":\"WebPage\",\"@id\":\"https:\\\/\\\/www.q-bital.com\\\/careers\\\/\",\"url\":\"https:\\\/\\\/www.q-bital.com\\\/careers\\\/\",\"name\":\"Careers - Q-bital Healthcare Solutions\",\"isPartOf\":{\"@id\":\"https:\\\/\\\/www.q-bital.com\\\/#website\"},\"datePublished\":\"2023-06-05T15:04:05+00:00\",\"dateModified\":\"2024-07-08T09:56:12+00:00\",\"inLanguage\":\"cy\",\"potentialAction\":[{\"@type\":\"ReadAction\",\"target\":[\"https:\\\/\\\/www.q-bital.com\\\/careers\\\/\"]}]},{\"@type\":\"WebSite\",\"@id\":\"https:\\\/\\\/www.q-bital.com\\\/#website\",\"url\":\"https:\\\/\\\/www.q-bital.com\\\/\",\"name\":\"Q-bital Healthcare Solutions\",\"description\":\"\",\"potentialAction\":[{\"@type\":\"SearchAction\",\"target\":{\"@type\":\"EntryPoint\",\"urlTemplate\":\"https:\\\/\\\/www.q-bital.com\\\/?s={search_term_string}\"},\"query-input\":{\"@type\":\"PropertyValueSpecification\",\"valueRequired\":true,\"valueName\":\"search_term_string\"}}],\"inLanguage\":\"cy\"}]}<\/script>\n<!-- \/ Yoast SEO plugin. -->","yoast_head_json":{"title":"Gyrfaoedd - Datrysiadau Gofal Iechyd Q-bital","robots":{"index":"index","follow":"follow","max-snippet":"max-snippet:-1","max-image-preview":"max-image-preview:large","max-video-preview":"max-video-preview:-1"},"canonical":"https:\/\/www.q-bital.com\/cy_gb-wls\/careers\/","og_locale":"en_US","og_type":"article","og_title":"Careers - Q-bital Healthcare Solutions","og_url":"https:\/\/www.q-bital.com\/cy_gb-wls\/careers\/","og_site_name":"Q-bital Healthcare Solutions","article_modified_time":"2024-07-08T09:56:12+00:00","twitter_card":"summary_large_image","twitter_misc":{"Est. reading time":"1 munud"},"schema":{"@context":"https:\/\/schema.org","@graph":[{"@type":"WebPage","@id":"https:\/\/www.q-bital.com\/careers\/","url":"https:\/\/www.q-bital.com\/careers\/","name":"Gyrfaoedd - Datrysiadau Gofal Iechyd Q-bital","isPartOf":{"@id":"https:\/\/www.q-bital.com\/#website"},"datePublished":"2023-06-05T15:04:05+00:00","dateModified":"2024-07-08T09:56:12+00:00","inLanguage":"cy","potentialAction":[{"@type":"ReadAction","target":["https:\/\/www.q-bital.com\/careers\/"]}]},{"@type":"WebSite","@id":"https:\/\/www.q-bital.com\/#website","url":"https:\/\/www.q-bital.com\/","name":"Q-bital Healthcare Solutions","description":"","potentialAction":[{"@type":"SearchAction","target":{"@type":"EntryPoint","urlTemplate":"https:\/\/www.q-bital.com\/?s={search_term_string}"},"query-input":{"@type":"PropertyValueSpecification","valueRequired":true,"valueName":"search_term_string"}}],"inLanguage":"cy"}]}},"_links":{"self":[{"href":"https:\/\/www.q-bital.com\/cy_gb-wls\/wp-json\/wp\/v2\/pages\/143","targetHints":{"allow":["GET"]}}],"collection":[{"href":"https:\/\/www.q-bital.com\/cy_gb-wls\/wp-json\/wp\/v2\/pages"}],"about":[{"href":"https:\/\/www.q-bital.com\/cy_gb-wls\/wp-json\/wp\/v2\/types\/page"}],"author":[{"embeddable":true,"href":"https:\/\/www.q-bital.com\/cy_gb-wls\/wp-json\/wp\/v2\/users\/2"}],"replies":[{"embeddable":true,"href":"https:\/\/www.q-bital.com\/cy_gb-wls\/wp-json\/wp\/v2\/comments?post=143"}],"version-history":[{"count":0,"href":"https:\/\/www.q-bital.com\/cy_gb-wls\/wp-json\/wp\/v2\/pages\/143\/revisions"}],"wp:attachment":[{"href":"https:\/\/www.q-bital.com\/cy_gb-wls\/wp-json\/wp\/v2\/media?parent=143"}],"curies":[{"name":"wp","href":"https:\/\/api.w.org\/{rel}","templated":true}]}}