{"id":209,"date":"2023-06-14T14:38:36","date_gmt":"2023-06-14T14:38:36","guid":{"rendered":"https:\/\/www.q-bital.com\/?page_id=209"},"modified":"2023-08-30T15:11:30","modified_gmt":"2023-08-30T15:11:30","slug":"environment","status":"publish","type":"page","link":"https:\/\/www.q-bital.com\/cy_gb-wls\/environment\/","title":{"rendered":"Amgylchedd"},"content":{"rendered":"<section id=\"section-2-59\" class=\"ct-section\" style=\"background-image:url(https:\/\/www.q-bital.com\/wp-content\/uploads\/sites\/8\/2023\/05\/boulders-right.png);background-size: auto;\" >\n<div class=\"ct-section-inner-wrap\">\n<div id=\"div_block-8-59\" class=\"ct-div-block\" ><a id=\"link_text-6-59\" class=\"ct-link-text\" href=\"\/cy_gb-wls\/\" target=\"_self\"  >Cartref<\/a><\/p>\n<h1 id=\"headline-3-59\" class=\"ct-headline\"><span id=\"span-4-59\" class=\"ct-span\" >Amgylchedd<\/span><\/h1>\n<\/div>\n<\/div>\n<\/section>\n<section id=\"section-68-14-text-left-white\" class=\"ct-section\" >\n<div class=\"ct-section-inner-wrap\">\n<div id=\"new_columns-69-14text-left-white\" class=\"ct-new-columns\" >\n<div id=\"div_block-70-14\" class=\"ct-div-block\" >\n<h2 id=\"headline-71-14\" class=\"ct-headline\">Ein hymrwymiadau cynaliadwyedd a chyfrifoldeb cymdeithasol<\/h2>\n<div id=\"_rich_text-72-14\" class=\"oxy-rich-text\" >\n<p>Rydym wedi ymrwymo i ddod yn sefydliad amgylcheddol gynaliadwy a chymdeithasol gyfrifol sy&#039;n creu Mannau Gofal Iechyd clinigol o&#039;r radd flaenaf gyda&#039;r effaith leiaf bosibl ar yr amgylchedd.<\/p>\n<p><strong>Ein nodau<\/strong><\/p>\n<p>1. Mae ein harferion busnes yn esblygu&#039;n barhaus; mae ein map ffyrdd amgylcheddol yn ein hymrwymo i fod yn garbon niwtral ar gyfer allyriadau 1 a 2 erbyn diwedd 2023 a dod yn garbon net sero erbyn 2035.<\/p>\n<p>2. Rydym yn ymdrechu&#039;n gyson i gynnig cynhyrchion a gwasanaethau sy&#039;n helpu ein cleientiaid i gyflawni eu targedau amgylchedd eu hunain. Bydd ein Mannau Gofal Iechyd yn garbon niwtral o ddydd i ddydd erbyn 2025.<\/p>\n<\/div>\n<\/div>\n<div id=\"div_block-74-14\" class=\"ct-div-block\" ><img decoding=\"async\"  id=\"image-75-14\" alt=\"\" src=\"https:\/\/www.q-bital.com\/wp-content\/uploads\/sites\/8\/2023\/07\/Solar-Panels.jpg\" class=\"ct-image\"\/><\/div>\n<\/div>\n<\/div>\n<\/section>\n<section id=\"section-88-34-blue\" class=\"ct-section\" >\n<div class=\"ct-section-inner-wrap\">\n<div id=\"new_columns-89-34-blue\" class=\"ct-new-columns\" >\n<div id=\"div_block-94-34\" class=\"ct-div-block\" ><img decoding=\"async\"  id=\"image-95-34\" alt=\"\" src=\"https:\/\/www.q-bital.com\/wp-content\/uploads\/sites\/8\/2023\/07\/CO2.jpg\" class=\"ct-image\"\/><\/div>\n<div id=\"div_block-90-34\" class=\"ct-div-block\" >\n<h2 id=\"headline-91-34\" class=\"ct-headline\">Ein hymrwymiadau <\/h2>\n<div id=\"_rich_text-92-34\" class=\"oxy-rich-text\" >\n<ul>\n<li>Cael cynllun strategol clir, hirdymor gyda thargedau seiliedig ar wyddoniaeth i sicrhau ein bod yn cyflawni ein nodau hirdymor ac yn cyflawni ein gweithgaredd tactegol blynyddol<\/li>\n<li>Cyhoeddir yn flynyddol a <a href=\"\/cy_gb-wls\/carbon-reduction-plan\/\">cynllun lleihau carbon<\/a><\/li>\n<li>Mesur ein h\u00f4l troed carbon yn flynyddol<\/li>\n<li>Cyflwyno portffolio modiwlaidd adeilad sero net erbyn 2024 &nbsp;<\/li>\n<li>Sicrhau bod gennym gadwyn gyflenwi gynaliadwy, gan ddefnyddio deunyddiau a dyluniadau sy\u2019n gallu ymestyn oes ein hadeiladau<\/li>\n<li>Uchafu lefel ailddefnyddio\/ailddefnyddio neu ailgylchu ar gyfer prosiectau yn y dyfodol<\/li>\n<li>Cynyddu\u2019r defnydd o ffynonellau ynni adnewyddadwy ar draws ein hadeiladau nes ein bod yn cael ein pweru\u2019n gyfan gwbl gan ynni adnewyddadwy yn 2025<\/li>\n<li>Trawsnewid i fflyd sy&#039;n cael ei bweru gan drydan erbyn 2025, gan ddod \u00e2 cherbydau tanwydd ffosil i ben yn raddol<\/li>\n<li>Lleihau allyriadau cadwyn gyflenwi 80%<\/li>\n<li>Buddsoddiad parhaus mewn prosiectau tynnu carbon sy\u2019n atafaelu carbon o\u2019r atmosffer i gael gwared ar 500t o CO2 y flwyddyn<\/li>\n<li>Sicrhau bod gan ein cadwyn gyflenwi arferion ar waith i leihau eu heffaith amgylcheddol, gan gynnwys dewis o ddeunyddiau&nbsp;<\/li>\n<li>Dim gwastraff yn cael ei anfon i safleoedd tirlenwi<\/li>\n<\/ul>\n<p>Gweld ein taith i&nbsp;<a href=\"\/wp-content\/uploads\/sites\/8\/2023\/07\/Vanguard-Carbon-Net-Zero-Graphics-July-2023-1.pdf\" target=\"_blank\" rel=\"noopener\">Map ffordd Carbon Net Zero<\/a><\/p>\n<\/div>\n<\/div>\n<\/div>\n<\/div>\n<\/section>\n<section id=\"section-68-14-text-left-white\" class=\"ct-section\" >\n<div class=\"ct-section-inner-wrap\">\n<div id=\"new_columns-69-14text-left-white\" class=\"ct-new-columns\" >\n<div id=\"div_block-70-14\" class=\"ct-div-block\" >\n<h2 id=\"headline-71-14\" class=\"ct-headline\">Sut rydym yn darparu cynhyrchion a gwasanaethau sy&#039;n helpu ein cleientiaid i gyrraedd eu targedau amgylcheddol:<\/h2>\n<div id=\"_rich_text-72-14\" class=\"oxy-rich-text\" >\n<ul>\n<li>Gofodau Gofal Iechyd a weithgynhyrchir o fewn ein hamgylcheddau ein hunain a reolir gan ffatri<\/li>\n<li>Mae lefelau cwblhau ffatri 80% yn lleihau gweithgareddau ar y safle<\/li>\n<li>Cyflwyno adeiladau modiwlaidd carbon niwtral yn ein portffolio o wasanaethau&nbsp;<\/li>\n<li>Pob adeilad i gyrraedd lefelau &#039;Rhagorol&#039; BREEAM fel safon<\/li>\n<li>Cyflenwi adeiladau ynni effeithlon nad ydynt yn peryglu diogelwch, gofynion ymarferol neu ymarferol&nbsp;<\/li>\n<li>Defnyddio technolegau modern i gasglu a defnyddio ffynonellau ynni adnewyddadwy i reoli amgylcheddau gweithredu<\/li>\n<li>Modiwlau is-strwythur is-lawr concrit, ffr\u00e2m ddur, wedi&#039;u cynhyrchu mewn ffatri carbon niwtral<\/li>\n<\/ul>\n<\/div>\n<\/div>\n<div id=\"div_block-74-14\" class=\"ct-div-block\" ><img decoding=\"async\"  id=\"image-75-14\" alt=\"\" src=\"https:\/\/www.q-bital.com\/wp-content\/uploads\/sites\/8\/2023\/07\/Roof.jpg\" class=\"ct-image\"\/><\/div>\n<\/div>\n<\/div>\n<\/section>\n<section id=\"section-88-34-blue\" class=\"ct-section\" >\n<div class=\"ct-section-inner-wrap\">\n<div id=\"new_columns-89-34-blue\" class=\"ct-new-columns\" >\n<div id=\"div_block-94-34\" class=\"ct-div-block\" ><img decoding=\"async\"  id=\"image-95-34\" alt=\"\" src=\"https:\/\/www.q-bital.com\/wp-content\/uploads\/sites\/8\/2023\/07\/Crane.jpg\" class=\"ct-image\"\/><\/div>\n<div id=\"div_block-90-34\" class=\"ct-div-block\" >\n<h2 id=\"headline-91-34\" class=\"ct-headline\">Economi gylchol<\/h2>\n<div id=\"_rich_text-92-34\" class=\"oxy-rich-text\" >\n<p>Trwy eu dyluniad addasadwy a chynaliadwy, mae cyfleusterau gofal iechyd modiwlaidd a symudol yn chwarae rhan hanfodol wrth hyrwyddo&#039;r economi gylchol tra&#039;n cynnig buddion amgylcheddol a chynaliadwy. Mae&#039;r defnydd o gydrannau modiwlaidd yn caniat\u00e1u dadosod, adleoli ac ad-drefnu hawdd, gan alluogi gwasanaethau gofal iechyd i gael eu darparu&#039;n effeithlon lle bo angen.&nbsp;<\/p>\n<p>Mae&#039;r hyblygrwydd hwn nid yn unig yn lleihau costau adeiladu a gweithredu ond hefyd yn lleihau&#039;r \u00f4l troed amgylcheddol sy&#039;n gysylltiedig \u00e2 strwythurau gofal iechyd sefydlog traddodiadol. At hynny, mae cyfleusterau modiwlaidd yn hyrwyddo ail-bwrpasu ac ailgylchu deunyddiau, gan gyfrannu at yr economi gylchol trwy ymestyn eu hoes a lleihau&#039;r galw am adnoddau newydd.&nbsp;<\/p>\n<\/div>\n<\/div>\n<\/div>\n<\/div>\n<\/section>\n<section id=\"section-332-315\" class=\"ct-section\" >\n<div class=\"ct-section-inner-wrap\">\n<div id=\"new_columns-333-315\" class=\"ct-new-columns\" >\n<div id=\"div_block-334-315\" class=\"ct-div-block\" >\n<div id=\"div_block-345-315\" class=\"ct-div-block box-shadow\" >\n<div id=\"_rich_text-346-315\" class=\"oxy-rich-text\" >\n<h3>Ein cadwyn gyflenwi<\/h3>\n<p>\u2022 Mae ein modiwlau is-strwythur is-lawr concrit ffr\u00e2m ddur yn cael eu cynhyrchu mewn ffatri carbon niwtral<\/p>\n<p>\u2022 Mae ein systemau walio wedi&#039;u pennu a&#039;u dylunio ar gyfer ein hadeiladau, gan leihau gwastraff ac ail-weithio diffygion<\/p>\n<p>\u2022 Rydym yn gweithio gyda&#039;n cadwyni cyflenwi i leihau eu heffaith amgylcheddol drwy&#039;r deunyddiau a ddewiswyd a&#039;u harferion eu hunain<\/p>\n<\/div>\n<\/div>\n<\/div>\n<div id=\"div_block-335-315\" class=\"ct-div-block\" >\n<div id=\"div_block-342-315\" class=\"ct-div-block box-shadow\" >\n<div id=\"_rich_text-337-315\" class=\"oxy-rich-text\" >\n<h3>Amgylchedd a reolir gan ffatri<\/h3>\n<p>\u2022 Mae ail-weithio a chyfnodau o ddiffygion yn cael eu lleihau<\/p>\n<p>\u2022 Lleihau gwastraff deunydd trwy reoli cynhyrchu<\/p>\n<p>\u2022 Cynyddu ein lefelau didoli gwastraff ac ailgylchu<\/p>\n<\/div>\n<\/div>\n<\/div>\n<\/div>\n<div id=\"new_columns-350-315\" class=\"ct-new-columns\" >\n<div id=\"div_block-351-315\" class=\"ct-div-block\" >\n<div id=\"div_block-354-315\" class=\"ct-div-block box-shadow\" >\n<div id=\"_rich_text-355-315\" class=\"oxy-rich-text\" >\n<h3>Dyluniadau ynni effeithlon<\/h3>\n<p>\u2022 Defnyddio golau naturiol ac awyru lle bo modd<\/p>\n<p>\u2022 Darparu gwerthoedd insiwleiddio uchel o fewn ein systemau waliau modiwlaidd, toi a gwydro<\/p>\n<p>\u2022 Dal ynni lle bo hynny&#039;n ymarferol<\/p>\n<p>\u2022 Waliau gwyrdd<\/p>\n<\/div>\n<\/div>\n<\/div>\n<div id=\"div_block-356-315\" class=\"ct-div-block\" >\n<div id=\"div_block-359-315\" class=\"ct-div-block box-shadow\" >\n<div id=\"_rich_text-360-315\" class=\"oxy-rich-text\" >\n<h3>Defnydd o dechnolegau cynaliadwy modern<\/h3>\n<p>\u2022 Opsiynau gwresogi ffynhonnell daear\/aer<\/p>\n<p>\u2022 Paneli PV<\/p>\n<p>\u2022 Monitro CO2 integredig<\/p>\n<p>\u2022 Adfer d\u0175r glaw<\/p>\n<\/div>\n<\/div>\n<\/div>\n<\/div>\n<\/div>\n<\/section>\n<section id=\"section-68-14-text-left-white\" class=\"ct-section\" >\n<div class=\"ct-section-inner-wrap\">\n<div id=\"new_columns-69-14text-left-white\" class=\"ct-new-columns\" >\n<div id=\"div_block-70-14\" class=\"ct-div-block\" >\n<h2 id=\"headline-71-14\" class=\"ct-headline\">Cyfrifoldeb cymdeithasol<\/h2>\n<div id=\"_rich_text-72-14\" class=\"oxy-rich-text\" >\n<p>Rydym yn defnyddio ein cyrhaeddiad corfforaethol er budd yr amgylchedd, cymunedau a darparu Mannau Gofal Iechyd diogel o ansawdd uchel.&nbsp;<\/p>\n<p>Mae ein ffocws ar:<\/p>\n<ul>\n<li>Cyflawni safonau ISO14001 a 45001<\/li>\n<li>Gweithio gydag ymddiriedolaethau cadwraeth bywyd gwyllt i wella ansawdd afonydd a chamlesi&#039;r DU&nbsp;<\/li>\n<li>Cynnig gwaith gwirfoddol \u00e2 th\u00e2l i weithwyr gyda th\u00eem Ark Business Conservation<\/li>\n<li>Gwella cyfleoedd bywyd i bobl ifanc gyda mynediad at waith ym maes gofal iechyd a pheirianneg gofal iechyd. Mae prentisiaethau a mentoriaethau wedi&#039;u targedu yn cyfrif am 10% o&#039;n gweithlu<\/li>\n<li>Hyfforddi 10% o&#039;n gweithlu i ddod yn Swyddogion Cymorth Cyntaf Iechyd Meddwl<\/li>\n<li>Cefnogi achosion cenedl gyntaf yn Awstralia trwy gyfleoedd gwirfoddoli \u00e2 th\u00e2l<\/li>\n<li>Gwella amgylcheddau gweithle<\/li>\n<li>Cefnogi sefydliadau gofal iechyd a&#039;r sector gofal iechyd preifat i helpu cleifion i ddychwelyd i&#039;r gwaith neu eu cyfrifoldebau gofalu<\/li>\n<li>Creu ymdeimlad o gyfrifoldeb ac atebolrwydd a rennir ar draws ein busnes trwy hyfforddiant a datblygiad, llwybrau cyfathrebu a systemau<\/li>\n<li>Sicrhau Achrediad B Corp erbyn 2025 i adlewyrchu ein hymrwymiad i gyrraedd safonau uchel o berfformiad cymdeithasol ac amgylcheddol, tryloywder ac atebolrwydd.&nbsp;<\/li>\n<\/ul>\n<p>Gweld ein <a href=\"\/wp-content\/uploads\/sites\/8\/2023\/07\/Vanguard-Corp-Responsibilty-Graphics-July-2023-1.pdf\" target=\"_blank\" rel=\"noopener\">map taith cyfrifoldeb cymdeithasol corfforaethol<\/a><\/p>\n<\/div>\n<\/div>\n<div id=\"div_block-74-14\" class=\"ct-div-block\" ><img decoding=\"async\"  id=\"image-75-14\" alt=\"\" src=\"https:\/\/www.q-bital.com\/wp-content\/uploads\/sites\/8\/2023\/07\/Social-Responsibility.jpg\" class=\"ct-image\"\/><\/div>\n<\/div>\n<\/div>\n<\/section>\n<section id=\"section-88-34-blue\" class=\"ct-section\" >\n<div class=\"ct-section-inner-wrap\">\n<div id=\"new_columns-89-34-blue\" class=\"ct-new-columns\" >\n<div id=\"div_block-94-34\" class=\"ct-div-block\" ><img decoding=\"async\"  id=\"image-95-34\" alt=\"\" src=\"https:\/\/www.q-bital.com\/wp-content\/uploads\/sites\/8\/2023\/05\/Staffed-operating-theatre1.jpg\" class=\"ct-image\"\/><\/div>\n<div id=\"div_block-90-34\" class=\"ct-div-block\" >\n<h2 id=\"headline-91-34\" class=\"ct-headline\">Ein contractwyr a rheolwyr y gadwyn gyflenwi<\/h2>\n<div id=\"_rich_text-92-34\" class=\"oxy-rich-text\" >\n<p>Rydym yn sicrhau bod ein contractwyr yn bodloni\u2019r safonau gweithredu uchaf o ran iechyd a diogelwch, yn ogystal \u00e2 chydymffurfio \u00e2\u2019r gofynion statudol a rheoleidd-dra perthnasol megis y Ddeddf Cydraddoldeb, a <a href=\"..\/modern-slavery-and-human-trafficking-statement\/\">Deddf Caethwasiaeth Fodern a Masnachu Pobl<\/a>.&nbsp;<\/p>\n<p>Rydym wedi ymrwymo i arferion talu teg fel yr amlinellir yn y canllawiau gan Swyddfa Masnach y Llywodraeth gynt ac egwyddorion Adeiladu 2025:&nbsp;<\/p>\n<ul>\n<li>Tryloywder mewn gweithdrefnau talu&nbsp;<\/li>\n<li>Cadarnhad o daliadau yn erbyn cerrig milltir&nbsp;<\/li>\n<li>Unrhyw symiau a gedwir ar gadw gyda chyfnod amser a rheswm.&nbsp;<\/li>\n<\/ul>\n<p>Rydym yn aelod achrededig o&#039;r Cynllun Contractwyr Ystyriol ac yn gweithredu trwy gadwyn gyflenwi o bartneriaid gwerthfawr.&nbsp;<\/p>\n<\/div>\n<\/div>\n<\/div>\n<\/div>\n<\/section>\n<section id=\"section-68-14-text-left-white\" class=\"ct-section\" >\n<div class=\"ct-section-inner-wrap\">\n<div id=\"new_columns-69-14text-left-white\" class=\"ct-new-columns\" >\n<div id=\"div_block-70-14\" class=\"ct-div-block\" >\n<h2 id=\"headline-71-14\" class=\"ct-headline\">Llywodraethu<\/h2>\n<div id=\"_rich_text-72-14\" class=\"oxy-rich-text\" >\n<p>Mae ein polis\u00efau llywodraethu trwyadl yn cefnogi diogelwch a chydymffurfiaeth. Mae diogelwch cleifion, ein cleientiaid a&#039;n staff yn ganolog i bopeth a wnawn. Mae ein system lywodraethu wedi\u2019i dylunio i fod yn gadarn ac i sicrhau gwelliant parhaus.<\/p>\n<p>Mae ein polisi llywodraethu integredig gweithredol wedi&#039;i gynllunio i gefnogi&#039;r gwaith o ddarparu gwasanaeth diogel sy&#039;n cydymffurfio. Rydym yn archwilio\u2019r polisi hwn ac yn monitro ei ganlyniadau ar bob lefel o\u2019n sefydliad. Ar yr adegau prin pan nad oedd pethau&#039;n mynd fel y&#039;u cynlluniwyd, rydym yn eu cywiro ac yn defnyddio&#039;r hyn a ddysgwyd i wella ein gwasanaethau yn y dyfodol.<\/p>\n<p>Mae proses ansawdd llym ar waith i nodi a mynd i&#039;r afael ag unrhyw faterion clinigol a mynd i&#039;r afael \u00e2&#039;r holl risgiau. Mae hyn yn cynnwys prosesau archwilio mewnol ac allanol i fonitro a gwirio&#039;r gwasanaethau a ddarperir.<\/p>\n<\/div>\n<\/div>\n<div id=\"div_block-74-14\" class=\"ct-div-block\" ><img decoding=\"async\"  id=\"image-75-14\" alt=\"\" src=\"https:\/\/www.q-bital.com\/wp-content\/uploads\/sites\/8\/2023\/07\/Governance.jpg\" class=\"ct-image\"\/><\/div>\n<\/div>\n<\/div>\n<\/section>","protected":false},"excerpt":{"rendered":"","protected":false},"author":2,"featured_media":0,"parent":0,"menu_order":0,"comment_status":"closed","ping_status":"closed","template":"","meta":{"_acf_changed":false,"footnotes":""},"class_list":["post-209","page","type-page","status-publish","hentry"],"acf":[],"yoast_head":"<!-- This site is optimized with the Yoast SEO plugin v27.5 - https:\/\/yoast.com\/product\/yoast-seo-wordpress\/ -->\n<title>Environment - Q-bital Healthcare Solutions<\/title>\n<meta name=\"robots\" content=\"index, follow, max-snippet:-1, max-image-preview:large, max-video-preview:-1\" \/>\n<link rel=\"canonical\" href=\"https:\/\/www.q-bital.com\/cy_gb-wls\/environment\/\" \/>\n<meta property=\"og:locale\" content=\"en_US\" \/>\n<meta property=\"og:type\" content=\"article\" \/>\n<meta property=\"og:title\" content=\"Environment - Q-bital Healthcare Solutions\" \/>\n<meta property=\"og:url\" content=\"https:\/\/www.q-bital.com\/cy_gb-wls\/environment\/\" \/>\n<meta property=\"og:site_name\" content=\"Q-bital Healthcare Solutions\" \/>\n<meta property=\"article:modified_time\" content=\"2023-08-30T15:11:30+00:00\" \/>\n<meta name=\"twitter:card\" content=\"summary_large_image\" \/>\n<script type=\"application\/ld+json\" class=\"yoast-schema-graph\">{\"@context\":\"https:\\\/\\\/schema.org\",\"@graph\":[{\"@type\":\"WebPage\",\"@id\":\"https:\\\/\\\/www.q-bital.com\\\/environment\\\/\",\"url\":\"https:\\\/\\\/www.q-bital.com\\\/environment\\\/\",\"name\":\"Environment - Q-bital Healthcare Solutions\",\"isPartOf\":{\"@id\":\"https:\\\/\\\/www.q-bital.com\\\/#website\"},\"datePublished\":\"2023-06-14T14:38:36+00:00\",\"dateModified\":\"2023-08-30T15:11:30+00:00\",\"inLanguage\":\"cy\",\"potentialAction\":[{\"@type\":\"ReadAction\",\"target\":[\"https:\\\/\\\/www.q-bital.com\\\/environment\\\/\"]}]},{\"@type\":\"WebSite\",\"@id\":\"https:\\\/\\\/www.q-bital.com\\\/#website\",\"url\":\"https:\\\/\\\/www.q-bital.com\\\/\",\"name\":\"Q-bital Healthcare Solutions\",\"description\":\"\",\"potentialAction\":[{\"@type\":\"SearchAction\",\"target\":{\"@type\":\"EntryPoint\",\"urlTemplate\":\"https:\\\/\\\/www.q-bital.com\\\/?s={search_term_string}\"},\"query-input\":{\"@type\":\"PropertyValueSpecification\",\"valueRequired\":true,\"valueName\":\"search_term_string\"}}],\"inLanguage\":\"cy\"}]}<\/script>\n<!-- \/ Yoast SEO plugin. -->","yoast_head_json":{"title":"Amgylchedd - Datrysiadau Gofal Iechyd Q-bital","robots":{"index":"index","follow":"follow","max-snippet":"max-snippet:-1","max-image-preview":"max-image-preview:large","max-video-preview":"max-video-preview:-1"},"canonical":"https:\/\/www.q-bital.com\/cy_gb-wls\/environment\/","og_locale":"en_US","og_type":"article","og_title":"Environment - Q-bital Healthcare Solutions","og_url":"https:\/\/www.q-bital.com\/cy_gb-wls\/environment\/","og_site_name":"Q-bital Healthcare Solutions","article_modified_time":"2023-08-30T15:11:30+00:00","twitter_card":"summary_large_image","schema":{"@context":"https:\/\/schema.org","@graph":[{"@type":"WebPage","@id":"https:\/\/www.q-bital.com\/environment\/","url":"https:\/\/www.q-bital.com\/environment\/","name":"Amgylchedd - Datrysiadau Gofal Iechyd Q-bital","isPartOf":{"@id":"https:\/\/www.q-bital.com\/#website"},"datePublished":"2023-06-14T14:38:36+00:00","dateModified":"2023-08-30T15:11:30+00:00","inLanguage":"cy","potentialAction":[{"@type":"ReadAction","target":["https:\/\/www.q-bital.com\/environment\/"]}]},{"@type":"WebSite","@id":"https:\/\/www.q-bital.com\/#website","url":"https:\/\/www.q-bital.com\/","name":"Q-bital Healthcare Solutions","description":"","potentialAction":[{"@type":"SearchAction","target":{"@type":"EntryPoint","urlTemplate":"https:\/\/www.q-bital.com\/?s={search_term_string}"},"query-input":{"@type":"PropertyValueSpecification","valueRequired":true,"valueName":"search_term_string"}}],"inLanguage":"cy"}]}},"_links":{"self":[{"href":"https:\/\/www.q-bital.com\/cy_gb-wls\/wp-json\/wp\/v2\/pages\/209","targetHints":{"allow":["GET"]}}],"collection":[{"href":"https:\/\/www.q-bital.com\/cy_gb-wls\/wp-json\/wp\/v2\/pages"}],"about":[{"href":"https:\/\/www.q-bital.com\/cy_gb-wls\/wp-json\/wp\/v2\/types\/page"}],"author":[{"embeddable":true,"href":"https:\/\/www.q-bital.com\/cy_gb-wls\/wp-json\/wp\/v2\/users\/2"}],"replies":[{"embeddable":true,"href":"https:\/\/www.q-bital.com\/cy_gb-wls\/wp-json\/wp\/v2\/comments?post=209"}],"version-history":[{"count":0,"href":"https:\/\/www.q-bital.com\/cy_gb-wls\/wp-json\/wp\/v2\/pages\/209\/revisions"}],"wp:attachment":[{"href":"https:\/\/www.q-bital.com\/cy_gb-wls\/wp-json\/wp\/v2\/media?parent=209"}],"curies":[{"name":"wp","href":"https:\/\/api.w.org\/{rel}","templated":true}]}}