{"id":368,"date":"2023-06-28T14:02:03","date_gmt":"2023-06-28T14:02:03","guid":{"rendered":"https:\/\/www.q-bital.com\/?page_id=368"},"modified":"2023-08-25T15:20:02","modified_gmt":"2023-08-25T15:20:02","slug":"cookie-policy","status":"publish","type":"page","link":"https:\/\/www.q-bital.com\/cy_gb-wls\/cookie-policy\/","title":{"rendered":"Polisi Cwcis"},"content":{"rendered":"<style>\n    a.cky-banner-element {\n        padding: 8px 30px;\n        background: #F8F9FA;\n        color: #858A8F;\n        border: 1px solid #DEE2E6;\n        box-sizing: border-box;\n        border-radius: 2px;\n        cursor: pointer;\n}\n<\/style>\n<p>\n    Dyddiad Dod i rym: 25-Awst-2023 <br \/>\n    Wedi&#039;i ddiweddaru ddiwethaf: 25-Awst-2023\n<\/p>\n<p>&nbsp;<\/p>\n<h5>Beth yw cwcis?<\/h5>\n<div class=\"cookie-policy-p\">\n<p>Mae&#039;r Polisi Cwcis hwn yn egluro beth yw cwcis a sut rydym yn eu defnyddio, y mathau o gwcis a ddefnyddiwn h.y., y wybodaeth a gasglwn gan ddefnyddio cwcis a sut mae&#039;r wybodaeth honno&#039;n cael ei defnyddio, a sut i reoli&#039;r gosodiadau cwci.<\/p>\n<p>Ffeiliau testun bach yw cwcis a ddefnyddir i storio darnau bach o wybodaeth. Maent yn cael eu storio ar eich dyfais pan fydd y wefan yn cael ei llwytho ar eich porwr. Mae&#039;r cwcis hyn yn ein helpu i wneud i&#039;r wefan weithio&#039;n iawn, ei gwneud yn fwy diogel, darparu gwell profiad i ddefnyddwyr, a deall sut mae&#039;r wefan yn perfformio ac i ddadansoddi beth sy&#039;n gweithio a lle mae angen ei gwella.<\/p>\n<\/div>\n<p>&nbsp;<\/p>\n<h5>Sut ydyn ni&#039;n defnyddio cwcis?<\/h5>\n<div class=\"cookie-policy-p\">\n<p>Fel y rhan fwyaf o\u2019r gwasanaethau ar-lein, mae ein gwefan yn defnyddio cwcis parti cyntaf a thrydydd parti at sawl diben. Mae cwcis parti cyntaf yn angenrheidiol yn bennaf er mwyn i&#039;r wefan weithredu yn y ffordd gywir, ac nid ydynt yn casglu dim o&#039;ch data personol adnabyddadwy.<\/p>\n<p>Mae&#039;r cwcis trydydd parti a ddefnyddir ar ein gwefan yn bennaf ar gyfer deall sut mae&#039;r wefan yn perfformio, sut rydych chi&#039;n rhyngweithio \u00e2&#039;n gwefan, cadw ein gwasanaethau&#039;n ddiogel, darparu hysbysebion sy&#039;n berthnasol i chi, a&#039;r cyfan yn darparu defnyddiwr gwell a gwell i chi. profiad a helpwch i gyflymu eich rhyngweithio \u00e2&#039;n gwefan yn y dyfodol.<\/p>\n<\/div>\n<p>&nbsp;<\/p>\n<h5>Mathau o Gwcis a ddefnyddiwn<\/h5>\n<div class=\"cky-audit-table-element\"><\/div>\n<p>&nbsp;<\/p>\n<h5 style=\"margin-bottom:20px;\">Rheoli dewisiadau cwcis<\/h5>\n<p>    <a class=\"cky-banner-element\">Gosodiadau Cwcis<\/a> <\/p>\n<div>\n<p>Gallwch newid eich dewisiadau cwci unrhyw bryd drwy glicio ar y botwm uchod. Bydd hyn yn gadael i chi ailedrych ar y faner caniat\u00e2d cwci a newid eich dewisiadau neu dynnu eich caniat\u00e2d yn \u00f4l ar unwaith. <\/p>\n<p>Yn ogystal \u00e2 hyn, mae gwahanol borwyr yn darparu gwahanol ddulliau o rwystro a dileu cwcis a ddefnyddir gan wefannau. Gallwch newid gosodiadau eich porwr i rwystro\/dileu&#039;r cwcis. Rhestrir isod y dolenni i&#039;r dogfennau cymorth ar sut i reoli a dileu cwcis o&#039;r prif borwyr gwe.<\/p>\n<p>Chrome: <a href=\"https:\/\/support.google.com\/accounts\/answer\/32050\" target=\"_blank\" rel=\"noopener\">https:\/\/support.google.com\/accounts\/answer\/32050<\/a><\/p>\n<p>Safari: <a href=\"https:\/\/support.apple.com\/en-in\/guide\/safari\/sfri11471\/mac\" target=\"_blank\" rel=\"noopener\">https:\/\/support.apple.com\/en-in\/guide\/safari\/sfri11471\/mac<\/a><\/p>\n<p>Firefox: <a href=\"https:\/\/support.mozilla.org\/en-US\/kb\/clear-cookies-and-site-data-firefox?redirectslug=delete-cookies-remove-info-websites-stored&redirectlocale=en-US\" target=\"_blank\" rel=\"noopener\">https:\/\/support.mozilla.org\/en-US\/kb\/clear-cookies-and-site-data-firefox?redirectslug=delete-cookies-remove-info-websites-stored&redirectlocale=en-US<\/a><\/p>\n<p>Rhyngrwyd archwiliwr: <a href=\"https:\/\/support.microsoft.com\/en-us\/topic\/how-to-delete-cookie-files-in-internet-explorer-bca9446f-d873-78de-77ba-d42645fa52fc\" target=\"_blank\" rel=\"noopener\">https:\/\/support.microsoft.com\/en-us\/topic\/how-to-delete-cookie-files-in-internet-explorer-bca9446f-d873-78de-77ba-d42645fa52fc<\/a><\/p>\n<p>Os ydych yn defnyddio unrhyw borwr gwe arall, ewch i ddogfennau cymorth swyddogol eich porwr.<\/p>\n<\/div>","protected":false},"excerpt":{"rendered":"<p>Effective Date: 25-Aug-2023 Last Updated: 25-Aug-2023 &nbsp; What are cookies? This Cookie Policy explains what cookies are and how we use them, the types of cookies we use i.e, the information we collect using cookies and how that information is used, and how to manage the cookie settings. Cookies are small text files that are [&hellip;]<\/p>\n","protected":false},"author":2,"featured_media":0,"parent":0,"menu_order":0,"comment_status":"closed","ping_status":"closed","template":"","meta":{"_acf_changed":false,"footnotes":""},"class_list":["post-368","page","type-page","status-publish","hentry"],"acf":[],"yoast_head":"<!-- This site is optimized with the Yoast SEO plugin v27.5 - https:\/\/yoast.com\/product\/yoast-seo-wordpress\/ -->\n<title>Cookie Policy - Q-bital Healthcare Solutions<\/title>\n<meta name=\"robots\" content=\"index, follow, max-snippet:-1, max-image-preview:large, max-video-preview:-1\" \/>\n<link rel=\"canonical\" href=\"https:\/\/www.q-bital.com\/cy_gb-wls\/cookie-policy\/\" \/>\n<meta property=\"og:locale\" content=\"en_US\" \/>\n<meta property=\"og:type\" content=\"article\" \/>\n<meta property=\"og:title\" content=\"Cookie Policy - Q-bital Healthcare Solutions\" \/>\n<meta property=\"og:description\" content=\"Effective Date: 25-Aug-2023 Last Updated: 25-Aug-2023 &nbsp; What are cookies? This Cookie Policy explains what cookies are and how we use them, the types of cookies we use i.e, the information we collect using cookies and how that information is used, and how to manage the cookie settings. Cookies are small text files that are [&hellip;]\" \/>\n<meta property=\"og:url\" content=\"https:\/\/www.q-bital.com\/cy_gb-wls\/cookie-policy\/\" \/>\n<meta property=\"og:site_name\" content=\"Q-bital Healthcare Solutions\" \/>\n<meta property=\"article:modified_time\" content=\"2023-08-25T15:20:02+00:00\" \/>\n<meta name=\"twitter:card\" content=\"summary_large_image\" \/>\n<meta name=\"twitter:label1\" content=\"Est. reading time\" \/>\n\t<meta name=\"twitter:data1\" content=\"2 funud\" \/>\n<script type=\"application\/ld+json\" class=\"yoast-schema-graph\">{\"@context\":\"https:\\\/\\\/schema.org\",\"@graph\":[{\"@type\":\"WebPage\",\"@id\":\"https:\\\/\\\/www.q-bital.com\\\/cookie-policy\\\/\",\"url\":\"https:\\\/\\\/www.q-bital.com\\\/cookie-policy\\\/\",\"name\":\"Cookie Policy - Q-bital Healthcare Solutions\",\"isPartOf\":{\"@id\":\"https:\\\/\\\/www.q-bital.com\\\/#website\"},\"datePublished\":\"2023-06-28T14:02:03+00:00\",\"dateModified\":\"2023-08-25T15:20:02+00:00\",\"inLanguage\":\"cy\",\"potentialAction\":[{\"@type\":\"ReadAction\",\"target\":[\"https:\\\/\\\/www.q-bital.com\\\/cookie-policy\\\/\"]}]},{\"@type\":\"WebSite\",\"@id\":\"https:\\\/\\\/www.q-bital.com\\\/#website\",\"url\":\"https:\\\/\\\/www.q-bital.com\\\/\",\"name\":\"Q-bital Healthcare Solutions\",\"description\":\"\",\"potentialAction\":[{\"@type\":\"SearchAction\",\"target\":{\"@type\":\"EntryPoint\",\"urlTemplate\":\"https:\\\/\\\/www.q-bital.com\\\/?s={search_term_string}\"},\"query-input\":{\"@type\":\"PropertyValueSpecification\",\"valueRequired\":true,\"valueName\":\"search_term_string\"}}],\"inLanguage\":\"cy\"}]}<\/script>\n<!-- \/ Yoast SEO plugin. -->","yoast_head_json":{"title":"Polisi Cwcis - Datrysiadau Gofal Iechyd Q-bital","robots":{"index":"index","follow":"follow","max-snippet":"max-snippet:-1","max-image-preview":"max-image-preview:large","max-video-preview":"max-video-preview:-1"},"canonical":"https:\/\/www.q-bital.com\/cy_gb-wls\/cookie-policy\/","og_locale":"en_US","og_type":"article","og_title":"Cookie Policy - Q-bital Healthcare Solutions","og_description":"Effective Date: 25-Aug-2023 Last Updated: 25-Aug-2023 &nbsp; What are cookies? This Cookie Policy explains what cookies are and how we use them, the types of cookies we use i.e, the information we collect using cookies and how that information is used, and how to manage the cookie settings. Cookies are small text files that are [&hellip;]","og_url":"https:\/\/www.q-bital.com\/cy_gb-wls\/cookie-policy\/","og_site_name":"Q-bital Healthcare Solutions","article_modified_time":"2023-08-25T15:20:02+00:00","twitter_card":"summary_large_image","twitter_misc":{"Est. reading time":"2 funud"},"schema":{"@context":"https:\/\/schema.org","@graph":[{"@type":"WebPage","@id":"https:\/\/www.q-bital.com\/cookie-policy\/","url":"https:\/\/www.q-bital.com\/cookie-policy\/","name":"Polisi Cwcis - Datrysiadau Gofal Iechyd Q-bital","isPartOf":{"@id":"https:\/\/www.q-bital.com\/#website"},"datePublished":"2023-06-28T14:02:03+00:00","dateModified":"2023-08-25T15:20:02+00:00","inLanguage":"cy","potentialAction":[{"@type":"ReadAction","target":["https:\/\/www.q-bital.com\/cookie-policy\/"]}]},{"@type":"WebSite","@id":"https:\/\/www.q-bital.com\/#website","url":"https:\/\/www.q-bital.com\/","name":"Q-bital Healthcare Solutions","description":"","potentialAction":[{"@type":"SearchAction","target":{"@type":"EntryPoint","urlTemplate":"https:\/\/www.q-bital.com\/?s={search_term_string}"},"query-input":{"@type":"PropertyValueSpecification","valueRequired":true,"valueName":"search_term_string"}}],"inLanguage":"cy"}]}},"_links":{"self":[{"href":"https:\/\/www.q-bital.com\/cy_gb-wls\/wp-json\/wp\/v2\/pages\/368","targetHints":{"allow":["GET"]}}],"collection":[{"href":"https:\/\/www.q-bital.com\/cy_gb-wls\/wp-json\/wp\/v2\/pages"}],"about":[{"href":"https:\/\/www.q-bital.com\/cy_gb-wls\/wp-json\/wp\/v2\/types\/page"}],"author":[{"embeddable":true,"href":"https:\/\/www.q-bital.com\/cy_gb-wls\/wp-json\/wp\/v2\/users\/2"}],"replies":[{"embeddable":true,"href":"https:\/\/www.q-bital.com\/cy_gb-wls\/wp-json\/wp\/v2\/comments?post=368"}],"version-history":[{"count":0,"href":"https:\/\/www.q-bital.com\/cy_gb-wls\/wp-json\/wp\/v2\/pages\/368\/revisions"}],"wp:attachment":[{"href":"https:\/\/www.q-bital.com\/cy_gb-wls\/wp-json\/wp\/v2\/media?parent=368"}],"curies":[{"name":"wp","href":"https:\/\/api.w.org\/{rel}","templated":true}]}}