{"id":693,"date":"2023-07-19T15:41:55","date_gmt":"2023-07-19T15:41:55","guid":{"rendered":"https:\/\/www.q-bital.com\/?page_id=693"},"modified":"2023-10-20T11:41:54","modified_gmt":"2023-10-20T11:41:54","slug":"faqs","status":"publish","type":"page","link":"https:\/\/www.q-bital.com\/cy_gb-wls\/faqs\/","title":{"rendered":"Cwestiynau Cyffredin"},"content":{"rendered":"<section id=\"section-2-59\" class=\"ct-section\" style=\"background-image:url(https:\/\/www.q-bital.com\/wp-content\/uploads\/sites\/8\/2023\/05\/boulders-right.png);background-size: auto;\" >\n<div class=\"ct-section-inner-wrap\">\n<div id=\"div_block-8-59\" class=\"ct-div-block\" ><a id=\"link_text-6-59\" class=\"ct-link-text\" href=\"\/cy_gb-wls\/\" target=\"_self\"  >Cartref<\/a><\/p>\n<h1 id=\"headline-3-59\" class=\"ct-headline\"><span id=\"span-4-59\" class=\"ct-span\" >Cwestiynau Cyffredin<\/span><\/h1>\n<\/div>\n<\/div>\n<\/section>\n<div class=\"wp-block-vanguard-concertina\">\n<section class=\"ct-section\">\n<div class=\"ct-section-inner-wrap\">\n<div id=\"accordion-i9PUm1SAuAIPWb4o\" class=\"concertina accordion concertina-2col\">\n<div class=\"wp-block-vanguard-concertina-item accordion-item\">\n<h2 class=\"accordion-header\" id=\"heading-d078635e-3876-4394-8c4b-860ab9bdab1a\">\n<div class=\"title\">Pa mor hir mae&#039;n ei gymryd i osod cyfleuster modiwlaidd?<\/div>\n<p><span class=\"indicator\"><\/span><\/h2>\n<div id=\"collapse-d078635e-3876-4394-8c4b-860ab9bdab1a\" class=\"accordion-collapse collapse\" aria-labelledby=\"heading-d078635e-3876-4394-8c4b-860ab9bdab1a\" data-bs-parent=\"#accordion-i9PUm1SAuAIPWb4o\">\n<div class=\"accordion-body\">\n<div class=\"text\">Yr ateb byr yw llai o amser y gallech feddwl. Gellir datblygu cyfleusterau modiwlaidd sy&#039;n defnyddio Dulliau Adeiladu Modern yn llawer cyflymach nag adeiladau brics a morter traddodiadol. Er enghraifft, o orchymyn prynu i drosglwyddo, gallai adeiladu pedair ystafell lawdriniaeth achosion dydd fodiwlaidd, gofod adfer ac ystafelloedd cymorth eraill mewn ysbyty gymryd cyn lleied \u00e2 12 wythnos neu hyd at 26 wythnos os oes angen datrysiad Gofod Gofal Iechyd pwrpasol.<\/p>\n<p><a href=\"\/cy_gb-wls\/facilities\/operating-rooms\/\">Darganfyddwch pa mor gyflym y gallai cyfleuster modiwlaidd gyrraedd safle eich ysbyty<\/a>.<\/div>\n<\/div>\n<\/div>\n<\/div>\n<div class=\"wp-block-vanguard-concertina-item accordion-item\">\n<h2 class=\"accordion-header\" id=\"heading-1de95927-d811-4aff-adcf-0aefddbe059e\">\n<div class=\"title\">A allaf rentu neu brynu cyfleuster?<\/div>\n<p><span class=\"indicator\"><\/span><\/h2>\n<div id=\"collapse-1de95927-d811-4aff-adcf-0aefddbe059e\" class=\"accordion-collapse collapse\" aria-labelledby=\"heading-1de95927-d811-4aff-adcf-0aefddbe059e\" data-bs-parent=\"#accordion-i9PUm1SAuAIPWb4o\">\n<div class=\"accordion-body\">\n<div class=\"text\">Yr ateb yw ydy i&#039;r ddau. Rydym yn cynnig hyblyg <a data-type=\"page\" data-id=\"455\" href=\"\/cy_gb-wls\/procurement\/\">dull caffael<\/a> ar gyfer ein cyfleusterau modiwlaidd gydag opsiynau rhentu, rhentu\/prynu, a phrynu ar gael naill ai\u2019n uniongyrchol, neu drwy fframweithiau amrywiol.<\/p>\n<p><a data-type=\"page\" data-id=\"164\" href=\"\/cy_gb-wls\/our-facilities\/\">Ein hunedau symudol<\/a> ar gael i&#039;w rhentu yn unig, mae hyn yn ein galluogi i allu ymateb i anghenion brys.<\/div>\n<\/div>\n<\/div>\n<\/div>\n<div class=\"wp-block-vanguard-concertina-item accordion-item\">\n<h2 class=\"accordion-header\" id=\"heading-6af607bb-17f3-405d-a620-f36c0dc0e622\">\n<div class=\"title\">A oes isafswm cyfnod rhentu?<\/div>\n<p><span class=\"indicator\"><\/span><\/h2>\n<div id=\"collapse-6af607bb-17f3-405d-a620-f36c0dc0e622\" class=\"accordion-collapse collapse\" aria-labelledby=\"heading-6af607bb-17f3-405d-a620-f36c0dc0e622\" data-bs-parent=\"#accordion-i9PUm1SAuAIPWb4o\">\n<div class=\"accordion-body\">\n<div class=\"text\">Yn gyffredinol, mae isafswm cyfnod rhentu o 13 wythnos ar gyfer ein cyfleusterau symudol a gallwn adeiladu model prisio ar gyfer ein cyfleusterau modiwlaidd o 26 wythnos ymlaen. Fodd bynnag, rydym yn mabwysiadu agwedd hyblyg gan mai ein blaenoriaeth bob amser yw seilio ein hatebion o amgylch anghenion ein cleientiaid yn hytrach na gosod cyfyngiadau.<\/div>\n<\/div>\n<\/div>\n<\/div>\n<div class=\"wp-block-vanguard-concertina-item accordion-item\">\n<h2 class=\"accordion-header\" id=\"heading-343fc496-20ba-4e00-a725-9d3b2efbdbb7\">\n<div class=\"title\">Pa weithdrefnau y gellir eu cynnal mewn cyfleuster ystafell weithredu symudol?<\/div>\n<p><span class=\"indicator\"><\/span><\/h2>\n<div id=\"collapse-343fc496-20ba-4e00-a725-9d3b2efbdbb7\" class=\"accordion-collapse collapse\" aria-labelledby=\"heading-343fc496-20ba-4e00-a725-9d3b2efbdbb7\" data-bs-parent=\"#accordion-i9PUm1SAuAIPWb4o\">\n<div class=\"accordion-body\">\n<div class=\"text\">Gellir perfformio 75% o bob math o driniaeth glinigol a gyflawnir mewn ysbyty ac\u00edwt mawr yn ein hystafelloedd llawdriniaeth symudol, o osod clun newydd i lawdriniaeth cataract, triniaethau endosgopi i lawdriniaeth blastig. Yn ogystal \u00e2 llawdriniaeth gardiaidd arbenigol a gweithdrefnau canser cymhleth. Mae&#039;r rhestr gyflawn yn llawer rhy hir i&#039;w chynnwys yma, ond gallwch ddarganfod mwy ar ein <a data-type=\"page\" data-id=\"674\" href=\"\/cy_gb-wls\/heritage\/\">Tudalen treftadaeth<\/a>.<\/div>\n<\/div>\n<\/div>\n<\/div>\n<div class=\"wp-block-vanguard-concertina-item accordion-item\">\n<h2 class=\"accordion-header\" id=\"heading-63aa3f64-7374-48b4-9834-2e0222f8eb3d\">\n<div class=\"title\">Pa fanteision y mae adeiladau modiwlaidd yn eu cynnig dros adeiladau gofal iechyd traddodiadol?<\/div>\n<p><span class=\"indicator\"><\/span><\/h2>\n<div id=\"collapse-63aa3f64-7374-48b4-9834-2e0222f8eb3d\" class=\"accordion-collapse collapse\" aria-labelledby=\"heading-63aa3f64-7374-48b4-9834-2e0222f8eb3d\" data-bs-parent=\"#accordion-i9PUm1SAuAIPWb4o\">\n<div class=\"accordion-body\">\n<div class=\"text\">Y prif fantais yw&#039;r cyflymder y gallant gyrraedd y safle a gadael i&#039;r cleifion cyntaf fynd drwy&#039;r drws. Mae adeiladau adeiladu MMC ac oddi ar y safle yr un mor gadarn ac o ansawdd uchel ag adeiladau &#039;brics a morter&#039; traddodiadol, y gwahaniaeth mawr yw y gellir eu hadeiladu ar yr un pryd ag y gwneir y gwaith is-adeiledd ar y safle.<\/p>\n<p>Gall dyluniad modiwl a MMC dorri amseroedd adeiladu hyd at 45%, lleihau costau 16% a chynyddu cynhyrchiant 30% trwy gydol y broses adeiladu.<sup>1<\/sup> Mae manteision amgylcheddol hefyd, gyda gwastraff cyfyngedig, a llai o garbon yn erbyn danfoniadau safleoedd adeiladu traddodiadol.<\/p>\n<p>Er enghraifft - canfu Ysbyty St Joseph&#039;s yn Denver, Colorado fod y gwaith o adeiladu eu cyfleusterau oddi ar y safle wedi&#039;i eillio 72 diwrnod oddi ar yr amser dosbarthu a lleihau&#039;r gost gan amcangyfrif o $4.3 miliwn.<sup>2<\/sup><\/p>\n<p>1. Papur gwyn Building Better Healthcare.<br \/>2. Geiger, 2017.<\/div>\n<\/div>\n<\/div>\n<\/div>\n<div class=\"wp-block-vanguard-concertina-item accordion-item\">\n<h2 class=\"accordion-header\" id=\"heading-34124cfa-e6e2-45a3-bf73-0b32f35190c3\">\n<div class=\"title\">A allwch chi wneud cyfleuster sydd wedi&#039;i deilwra i&#039;n gofynion ni?<\/div>\n<p><span class=\"indicator\"><\/span><\/h2>\n<div id=\"collapse-34124cfa-e6e2-45a3-bf73-0b32f35190c3\" class=\"accordion-collapse collapse\" aria-labelledby=\"heading-34124cfa-e6e2-45a3-bf73-0b32f35190c3\" data-bs-parent=\"#accordion-i9PUm1SAuAIPWb4o\">\n<div class=\"accordion-body\">\n<div class=\"text\">Yn bendant, dyna&#039;r hyn yr ydym yn adnabyddus amdano. Byddwn yn gweithio gyda chi i greu Gofod Gofal Iechyd sydd wedi&#039;i gynllunio i gyd-fynd \u00e2&#039;ch gofynion penodol, o reoli llif cleifion, mesurau effeithlonrwydd, i&#039;r edrychiad a&#039;r naws allanol.<\/div>\n<\/div>\n<\/div>\n<\/div>\n<div class=\"wp-block-vanguard-concertina-item accordion-item\">\n<h2 class=\"accordion-header\" id=\"heading-b2903f31-9b7b-4f6b-8001-9561a50b590e\">\n<div class=\"title\">Sut alla i ddarganfod mwy am gael ystafell lawdriniaeth ar y safle?<\/div>\n<p><span class=\"indicator\"><\/span><\/h2>\n<div id=\"collapse-b2903f31-9b7b-4f6b-8001-9561a50b590e\" class=\"accordion-collapse collapse\" aria-labelledby=\"heading-b2903f31-9b7b-4f6b-8001-9561a50b590e\" data-bs-parent=\"#accordion-i9PUm1SAuAIPWb4o\">\n<div class=\"accordion-body\">\n<div class=\"text\">Cysylltwch \u00e2&#039;n t\u00eem cyfeillgar a byddant yn mynd \u00e2 chi drwy&#039;r camau, mae&#039;n debyg y byddwch yn gweld bod y broses yn symlach nag yr oeddech wedi&#039;i ddychmygu. Gallwn ddileu&#039;r gwaith caled i chi, a hyd yn oed ddarparu a <a data-type=\"service\" href=\"\/cy_gb-wls\/service\/turnkey-solutions\/\">ateb un contractwr<\/a> os yw hynny&#039;n gweddu orau i chi.<\/p>\n<p><a data-type=\"page\" data-id=\"117\" href=\"\/cy_gb-wls\/contact\/\" class=\"gform_button\">Cysylltwch<\/a><\/div>\n<\/div>\n<\/div>\n<\/div>\n<div class=\"wp-block-vanguard-concertina-item accordion-item\">\n<h2 class=\"accordion-header\" id=\"heading-868c76d8-3257-4fcf-957d-67bf4859f5ec\">\n<div class=\"title\">Ydych chi&#039;n cyflenwi cyfleusterau ledled y byd?<\/div>\n<p><span class=\"indicator\"><\/span><\/h2>\n<div id=\"collapse-868c76d8-3257-4fcf-957d-67bf4859f5ec\" class=\"accordion-collapse collapse\" aria-labelledby=\"heading-868c76d8-3257-4fcf-957d-67bf4859f5ec\" data-bs-parent=\"#accordion-i9PUm1SAuAIPWb4o\">\n<div class=\"accordion-body\">\n<div class=\"text\">Ydym, rydym yn gweithredu&#039;n rhyngwladol, Mae gennym brofiad o ddarparu cyfleusterau yn Awstralia, Seland Newydd, Benelux, y Nordig, Iwerddon a&#039;r DU. Ym Mhrydain Fawr rydym yn gweithredu o dan ein brand ###Vanguard### Healthcare Solutions, am ragor o wybodaeth ewch i <a href=\"https:\/\/www.vanguardhealthcare.co.uk\">www.vanguardhealthcare.co.uk<\/a>.<\/div>\n<\/div>\n<\/div>\n<\/div>\n<div class=\"wp-block-vanguard-concertina-item accordion-item\">\n<h2 class=\"accordion-header\" id=\"heading-32b61ab8-f388-43b3-8c99-1399b90140cf\">\n<div class=\"title\">Sut ydych chi&#039;n rheoli eich effaith ar yr amgylchedd, yn enwedig gyda&#039;ch cyfleusterau mwy?<\/div>\n<p><span class=\"indicator\"><\/span><\/h2>\n<div id=\"collapse-32b61ab8-f388-43b3-8c99-1399b90140cf\" class=\"accordion-collapse collapse\" aria-labelledby=\"heading-32b61ab8-f388-43b3-8c99-1399b90140cf\" data-bs-parent=\"#accordion-i9PUm1SAuAIPWb4o\">\n<div class=\"accordion-body\">\n<div class=\"text\">Mae ein datrysiadau&#039;n cael eu dylunio, eu hadeiladu a&#039;u darparu gyda gofal ac ystyriaeth fawr i&#039;r amgylchedd, gan leihau carbon ar bob cam o&#039;n proses weithgynhyrchu. Rydym yn chwilio\u2019n gyson am ffyrdd o leihau effaith y ffordd rydym yn defnyddio adnoddau gyda ffocws penodol ar sicrhau ein bod yn cyfrannu at yr agenda fyd-eang ar newid yn yr hinsawdd.<\/p>\n<p>Ein nod yw bod yn sero carbon net ar gyfer allyriadau cwmpas 1 a 2 erbyn diwedd 2023, ac ar gyfer cwmpas 3 erbyn 2035; mae gennym Gynllun Lleihau Carbon cadarn ar waith i&#039;n helpu i gyflawni hyn. Rydym yn falch o&#039;n cynnydd ar y daith tuag at sero carbon net, <a data-type=\"page\" data-id=\"705\" href=\"\/cy_gb-wls\/carbon-reduction-plan\/\">cymerwch olwg agosach yma\u2026<\/a> <\/p>\n<p>Yn ddiweddar buom mewn partneriaeth \u00e2 Klimate i greu strategaeth cael gwared ar garbon i\u2019n helpu i gyflawni ein huchelgeisiau sero net. Mae&#039;r portffolio arloesol o brosiectau tynnu carbon yn cynnwys prosiectau megis dal aer yn uniongyrchol, bio-olew storio dwfn, gwymon y m\u00f4r, a phlannu coed adferol. Mae pob un yn cael ei wirio&#039;n annibynnol i sicrhau eu cywirdeb.<\/p><\/div>\n<\/div>\n<\/div>\n<\/div>\n<div class=\"wp-block-vanguard-concertina-item accordion-item\">\n<h2 class=\"accordion-header\" id=\"heading-7562bf47-5278-48e0-b4d4-61a2e1dac74f\">\n<div class=\"title\">Ydych chi&#039;n gweithio gyda phartneriaid?<\/div>\n<p><span class=\"indicator\"><\/span><\/h2>\n<div id=\"collapse-7562bf47-5278-48e0-b4d4-61a2e1dac74f\" class=\"accordion-collapse collapse\" aria-labelledby=\"heading-7562bf47-5278-48e0-b4d4-61a2e1dac74f\" data-bs-parent=\"#accordion-i9PUm1SAuAIPWb4o\">\n<div class=\"accordion-body\">\n<div class=\"text\">Ydym, rydym bob amser yn barod i ymchwilio <a href=\"\/cy_gb-wls\/partner-programme\/\" data-type=\"page\" data-id=\"316\">cyfleoedd partneriaeth<\/a> ac ar hyn o bryd yn gweithio gyda gweithgynhyrchwyr offer, penseiri, adeiladu, a gweithredwyr gwasanaethau clinigol.<\/div>\n<\/div>\n<\/div>\n<\/div>\n<div class=\"wp-block-vanguard-concertina-item accordion-item\">\n<h2 class=\"accordion-header\" id=\"heading-fa666c52-3c78-40f9-895c-adcd67fb5d8b\">\n<div class=\"title\">A oes ateb un contractwr llawn ar gael?<\/div>\n<p><span class=\"indicator\"><\/span><\/h2>\n<div id=\"collapse-fa666c52-3c78-40f9-895c-adcd67fb5d8b\" class=\"accordion-collapse collapse\" aria-labelledby=\"heading-fa666c52-3c78-40f9-895c-adcd67fb5d8b\" data-bs-parent=\"#accordion-i9PUm1SAuAIPWb4o\">\n<div class=\"accordion-body\">\n<div class=\"text\">Yn hollol, gallwn ofalu am y broses gyfan a chyflawni a <a href=\"\/cy_gb-wls\/service\/turnkey-solutions\/\" data-type=\"service\" data-id=\"185\">ateb un contractwr<\/a>. Mae&#039;r gwasanaeth hwn yn cynnwys rheolaeth lawn o&#039;r broses ddylunio (gan gynnwys cymeradwyo achos busnes), gweithgynhyrchu mewnol, gosod safle a chomisiynu prosiectau. Mae gennym gyfoeth o brofiad o gaffael a chyflawni&#039;r holl waith safle trwy ein t\u00eem dylunio gofal iechyd arbenigol.<\/div>\n<\/div>\n<\/div>\n<\/div>\n<\/div>\n<\/div>\n<\/section>\n<\/div>\n<section id=\"section-144-59\" class=\"ct-section\" >\n<div class=\"ct-section-inner-wrap\">\n<div id=\"new_columns-145-59\" class=\"ct-new-columns\" >\n<div id=\"div_block-146-59\" class=\"ct-div-block\" >\n<div id=\"_rich_text-9-63\" class=\"oxy-rich-text\" >\n<p>Mae dod o hyd i ateb sy&#039;n gweithio i&#039;ch ysbyty yn dechrau yma\u2026<\/p>\n<\/div>\n<p><a id=\"link_button-149-59\" class=\"ct-link-button\" href=\"\/cy_gb-wls\/contact\/\" target=\"_self\"  >Cysylltwch<\/a><\/div>\n<div id=\"div_block-150-59\" class=\"ct-div-block\" ><img decoding=\"async\"  id=\"image-151-59\" alt=\"\" src=\"https:\/\/www.q-bital.com\/wp-content\/uploads\/2023\/06\/kettering-2-scaled.jpg\" class=\"ct-image\"\/><\/div>\n<\/div>\n<\/div>\n<\/section>","protected":false},"excerpt":{"rendered":"","protected":false},"author":2,"featured_media":0,"parent":0,"menu_order":0,"comment_status":"closed","ping_status":"closed","template":"","meta":{"_acf_changed":false,"footnotes":""},"class_list":["post-693","page","type-page","status-publish","hentry"],"acf":[],"yoast_head":"<!-- This site is optimized with the Yoast SEO plugin v27.5 - https:\/\/yoast.com\/product\/yoast-seo-wordpress\/ -->\n<title>FAQs - Q-bital Healthcare Solutions<\/title>\n<meta name=\"robots\" content=\"index, follow, max-snippet:-1, max-image-preview:large, max-video-preview:-1\" \/>\n<link rel=\"canonical\" href=\"https:\/\/www.q-bital.com\/cy_gb-wls\/faqs\/\" \/>\n<meta property=\"og:locale\" content=\"en_US\" \/>\n<meta property=\"og:type\" content=\"article\" \/>\n<meta property=\"og:title\" content=\"FAQs - Q-bital Healthcare Solutions\" \/>\n<meta property=\"og:url\" content=\"https:\/\/www.q-bital.com\/cy_gb-wls\/faqs\/\" \/>\n<meta property=\"og:site_name\" content=\"Q-bital Healthcare Solutions\" \/>\n<meta property=\"article:modified_time\" content=\"2023-10-20T11:41:54+00:00\" \/>\n<meta name=\"twitter:card\" content=\"summary_large_image\" \/>\n<meta name=\"twitter:label1\" content=\"Est. reading time\" \/>\n\t<meta name=\"twitter:data1\" content=\"4 munud\" \/>\n<script type=\"application\/ld+json\" class=\"yoast-schema-graph\">{\"@context\":\"https:\\\/\\\/schema.org\",\"@graph\":[{\"@type\":\"WebPage\",\"@id\":\"https:\\\/\\\/www.q-bital.com\\\/faqs\\\/\",\"url\":\"https:\\\/\\\/www.q-bital.com\\\/faqs\\\/\",\"name\":\"FAQs - Q-bital Healthcare Solutions\",\"isPartOf\":{\"@id\":\"https:\\\/\\\/www.q-bital.com\\\/#website\"},\"datePublished\":\"2023-07-19T15:41:55+00:00\",\"dateModified\":\"2023-10-20T11:41:54+00:00\",\"inLanguage\":\"cy\",\"potentialAction\":[{\"@type\":\"ReadAction\",\"target\":[\"https:\\\/\\\/www.q-bital.com\\\/faqs\\\/\"]}]},{\"@type\":\"WebSite\",\"@id\":\"https:\\\/\\\/www.q-bital.com\\\/#website\",\"url\":\"https:\\\/\\\/www.q-bital.com\\\/\",\"name\":\"Q-bital Healthcare Solutions\",\"description\":\"\",\"potentialAction\":[{\"@type\":\"SearchAction\",\"target\":{\"@type\":\"EntryPoint\",\"urlTemplate\":\"https:\\\/\\\/www.q-bital.com\\\/?s={search_term_string}\"},\"query-input\":{\"@type\":\"PropertyValueSpecification\",\"valueRequired\":true,\"valueName\":\"search_term_string\"}}],\"inLanguage\":\"cy\"}]}<\/script>\n<!-- \/ Yoast SEO plugin. -->","yoast_head_json":{"title":"Cwestiynau Cyffredin - Datrysiadau Gofal Iechyd Q-bital","robots":{"index":"index","follow":"follow","max-snippet":"max-snippet:-1","max-image-preview":"max-image-preview:large","max-video-preview":"max-video-preview:-1"},"canonical":"https:\/\/www.q-bital.com\/cy_gb-wls\/faqs\/","og_locale":"en_US","og_type":"article","og_title":"FAQs - Q-bital Healthcare Solutions","og_url":"https:\/\/www.q-bital.com\/cy_gb-wls\/faqs\/","og_site_name":"Q-bital Healthcare Solutions","article_modified_time":"2023-10-20T11:41:54+00:00","twitter_card":"summary_large_image","twitter_misc":{"Est. reading time":"4 munud"},"schema":{"@context":"https:\/\/schema.org","@graph":[{"@type":"WebPage","@id":"https:\/\/www.q-bital.com\/faqs\/","url":"https:\/\/www.q-bital.com\/faqs\/","name":"Cwestiynau Cyffredin - Datrysiadau Gofal Iechyd Q-bital","isPartOf":{"@id":"https:\/\/www.q-bital.com\/#website"},"datePublished":"2023-07-19T15:41:55+00:00","dateModified":"2023-10-20T11:41:54+00:00","inLanguage":"cy","potentialAction":[{"@type":"ReadAction","target":["https:\/\/www.q-bital.com\/faqs\/"]}]},{"@type":"WebSite","@id":"https:\/\/www.q-bital.com\/#website","url":"https:\/\/www.q-bital.com\/","name":"Q-bital Healthcare Solutions","description":"","potentialAction":[{"@type":"SearchAction","target":{"@type":"EntryPoint","urlTemplate":"https:\/\/www.q-bital.com\/?s={search_term_string}"},"query-input":{"@type":"PropertyValueSpecification","valueRequired":true,"valueName":"search_term_string"}}],"inLanguage":"cy"}]}},"_links":{"self":[{"href":"https:\/\/www.q-bital.com\/cy_gb-wls\/wp-json\/wp\/v2\/pages\/693","targetHints":{"allow":["GET"]}}],"collection":[{"href":"https:\/\/www.q-bital.com\/cy_gb-wls\/wp-json\/wp\/v2\/pages"}],"about":[{"href":"https:\/\/www.q-bital.com\/cy_gb-wls\/wp-json\/wp\/v2\/types\/page"}],"author":[{"embeddable":true,"href":"https:\/\/www.q-bital.com\/cy_gb-wls\/wp-json\/wp\/v2\/users\/2"}],"replies":[{"embeddable":true,"href":"https:\/\/www.q-bital.com\/cy_gb-wls\/wp-json\/wp\/v2\/comments?post=693"}],"version-history":[{"count":0,"href":"https:\/\/www.q-bital.com\/cy_gb-wls\/wp-json\/wp\/v2\/pages\/693\/revisions"}],"wp:attachment":[{"href":"https:\/\/www.q-bital.com\/cy_gb-wls\/wp-json\/wp\/v2\/media?parent=693"}],"curies":[{"name":"wp","href":"https:\/\/api.w.org\/{rel}","templated":true}]}}