{"id":209,"date":"2023-06-14T14:38:36","date_gmt":"2023-06-14T14:38:36","guid":{"rendered":"https:\/\/www.q-bital.com\/?page_id=209"},"modified":"2023-08-30T15:11:30","modified_gmt":"2023-08-30T15:11:30","slug":"environment","status":"publish","type":"page","link":"https:\/\/www.q-bital.com\/da_dk\/environment\/","title":{"rendered":"Milj\u00f8"},"content":{"rendered":"<section id=\"section-2-59\" class=\"ct-section\" style=\"background-image:url(https:\/\/www.q-bital.com\/wp-content\/uploads\/sites\/8\/2023\/05\/boulders-right.png);background-size: auto;\" >\n<div class=\"ct-section-inner-wrap\">\n<div id=\"div_block-8-59\" class=\"ct-div-block\" ><a id=\"link_text-6-59\" class=\"ct-link-text\" href=\"\/da_dk\/\" target=\"_self\"  >Hjem<\/a><\/p>\n<h1 id=\"headline-3-59\" class=\"ct-headline\"><span id=\"span-4-59\" class=\"ct-span\" >Milj\u00f8<\/span><\/h1>\n<\/div>\n<\/div>\n<\/section>\n<section id=\"section-68-14-text-left-white\" class=\"ct-section\" >\n<div class=\"ct-section-inner-wrap\">\n<div id=\"new_columns-69-14text-left-white\" class=\"ct-new-columns\" >\n<div id=\"div_block-70-14\" class=\"ct-div-block\" >\n<h2 id=\"headline-71-14\" class=\"ct-headline\">Vores forpligtelser vedr\u00f8rende b\u00e6redygtighed og samfundsansvar<\/h2>\n<div id=\"_rich_text-72-14\" class=\"oxy-rich-text\" >\n<p>Vi er forpligtet til at blive en milj\u00f8m\u00e6ssigt b\u00e6redygtig og socialt ansvarlig organisation, der skaber verdensf\u00f8rende kliniske sundhedsrum med minimal indvirkning p\u00e5 milj\u00f8et.<\/p>\n<p><strong>Vores m\u00e5l<\/strong><\/p>\n<p>1. Vores forretningspraksis er i konstant udvikling; vores milj\u00f8k\u00f8replan forpligter os til at v\u00e6re CO2-neutral for 1- og 2-emissioner inden udgangen af 2023 og blive CO2-netto-nul i 2035.<\/p>\n<p>2. Vi str\u00e6ber konstant efter at tilbyde produkter og tjenester, der hj\u00e6lper vores kunder med at n\u00e5 deres egne milj\u00f8m\u00e5l. Vores Healthcare Spaces vil v\u00e6re CO2-neutral p\u00e5 en daglig basis i 2025.<\/p>\n<\/div>\n<\/div>\n<div id=\"div_block-74-14\" class=\"ct-div-block\" ><img decoding=\"async\"  id=\"image-75-14\" alt=\"\" src=\"https:\/\/www.q-bital.com\/wp-content\/uploads\/sites\/8\/2023\/07\/Solar-Panels.jpg\" class=\"ct-image\"\/><\/div>\n<\/div>\n<\/div>\n<\/section>\n<section id=\"section-88-34-blue\" class=\"ct-section\" >\n<div class=\"ct-section-inner-wrap\">\n<div id=\"new_columns-89-34-blue\" class=\"ct-new-columns\" >\n<div id=\"div_block-94-34\" class=\"ct-div-block\" ><img decoding=\"async\"  id=\"image-95-34\" alt=\"\" src=\"https:\/\/www.q-bital.com\/wp-content\/uploads\/sites\/8\/2023\/07\/CO2.jpg\" class=\"ct-image\"\/><\/div>\n<div id=\"div_block-90-34\" class=\"ct-div-block\" >\n<h2 id=\"headline-91-34\" class=\"ct-headline\">Vores forpligtelser <\/h2>\n<div id=\"_rich_text-92-34\" class=\"oxy-rich-text\" >\n<ul>\n<li>At have en klar, langsigtet strategisk plan med videnskabsbaserede m\u00e5l for at sikre, at vi opn\u00e5r vores langsigtede m\u00e5l og leverer vores \u00e5rlige taktiske aktivitet<\/li>\n<li>\u00c5rlig udgivelse af en <a href=\"\/da_dk\/carbon-reduction-plan\/\">kulstofreduktionsplan<\/a><\/li>\n<li>\u00c5rlig m\u00e5ling af vores CO2-fodaftryk<\/li>\n<li>Lever en modulopbygget portef\u00f8lje med nul bygning inden 2024 &nbsp;<\/li>\n<li>At sikre, at vi har en b\u00e6redygtig forsyningsk\u00e6de, ved at bruge materialer og design, der er i stand til at forl\u00e6nge levetiden af vores bygninger<\/li>\n<li>Maksimering af niveauet for genbrug\/genanvendelse eller genanvendelse til fremtidige projekter<\/li>\n<li>\u00d8ge brugen af vedvarende energikilder p\u00e5 tv\u00e6rs af vores lokaler, indtil vi er fuldt ud drevet af vedvarende energi i 2025<\/li>\n<li>Overgang til en elektrisk drevet fl\u00e5de i 2025, udfasning af k\u00f8ret\u00f8jer med fossile br\u00e6ndstoffer<\/li>\n<li>Reduktion af forsyningsk\u00e6deemissioner med 80%<\/li>\n<li>L\u00f8bende investering i kulstoffjernelsesprojekter, der binder kulstof fra atmosf\u00e6ren for at fjerne 500 t CO2 om \u00e5ret<\/li>\n<li>At sikre, at vores forsyningsk\u00e6de har praksis p\u00e5 plads for at reducere deres milj\u00f8p\u00e5virkning, herunder valg af materialer&nbsp;<\/li>\n<li>Intet affald afleveret til losseplads<\/li>\n<\/ul>\n<p>Se vores rejse til&nbsp;<a href=\"\/wp-content\/uploads\/sites\/8\/2023\/07\/Vanguard-Carbon-Net-Zero-Graphics-July-2023-1.pdf\" target=\"_blank\" rel=\"noopener\">Carbon Net Zero k\u00f8replan<\/a><\/p>\n<\/div>\n<\/div>\n<\/div>\n<\/div>\n<\/section>\n<section id=\"section-68-14-text-left-white\" class=\"ct-section\" >\n<div class=\"ct-section-inner-wrap\">\n<div id=\"new_columns-69-14text-left-white\" class=\"ct-new-columns\" >\n<div id=\"div_block-70-14\" class=\"ct-div-block\" >\n<h2 id=\"headline-71-14\" class=\"ct-headline\">Hvordan vi leverer produkter og tjenester, der hj\u00e6lper vores kunder med at n\u00e5 deres milj\u00f8m\u00e5l:<\/h2>\n<div id=\"_rich_text-72-14\" class=\"oxy-rich-text\" >\n<ul>\n<li>Healthcare Spaces fremstillet i vores egne fabrikskontrollerede milj\u00f8er<\/li>\n<li>80% fabriksfuldf\u00f8relsesniveauer minimerer aktiviteter p\u00e5 stedet<\/li>\n<li>Introduktion af en CO2-neutral modulbygning i vores portef\u00f8lje af tjenester&nbsp;<\/li>\n<li>Alle bygninger for at opn\u00e5 BREEAM &#039;Excellent&#039; niveauer som standard<\/li>\n<li>Levering af energieffektive bygninger, der ikke g\u00e5r p\u00e5 kompromis med sikkerhedsm\u00e6ssige, praktiske eller funktionelle krav&nbsp;<\/li>\n<li>Brug af moderne teknologier til at opfange og udnytte vedvarende energikilder til at kontrollere driftsmilj\u00f8er<\/li>\n<li>St\u00e5lrammede, betonundergulve underkonstruktionsmoduler fremstillet p\u00e5 en kulstofneutral fabrik<\/li>\n<\/ul>\n<\/div>\n<\/div>\n<div id=\"div_block-74-14\" class=\"ct-div-block\" ><img decoding=\"async\"  id=\"image-75-14\" alt=\"\" src=\"https:\/\/www.q-bital.com\/wp-content\/uploads\/sites\/8\/2023\/07\/Roof.jpg\" class=\"ct-image\"\/><\/div>\n<\/div>\n<\/div>\n<\/section>\n<section id=\"section-88-34-blue\" class=\"ct-section\" >\n<div class=\"ct-section-inner-wrap\">\n<div id=\"new_columns-89-34-blue\" class=\"ct-new-columns\" >\n<div id=\"div_block-94-34\" class=\"ct-div-block\" ><img decoding=\"async\"  id=\"image-95-34\" alt=\"\" src=\"https:\/\/www.q-bital.com\/wp-content\/uploads\/sites\/8\/2023\/07\/Crane.jpg\" class=\"ct-image\"\/><\/div>\n<div id=\"div_block-90-34\" class=\"ct-div-block\" >\n<h2 id=\"headline-91-34\" class=\"ct-headline\">En cirkul\u00e6r \u00f8konomi<\/h2>\n<div id=\"_rich_text-92-34\" class=\"oxy-rich-text\" >\n<p>Gennem deres tilpasningsdygtige og b\u00e6redygtige design spiller modul\u00e6re og mobile sundhedsfaciliteter en afg\u00f8rende rolle i at fremme den cirkul\u00e6re \u00f8konomi, mens de tilbyder milj\u00f8m\u00e6ssige og b\u00e6redygtige fordele. Brugen af modul\u00e6re komponenter giver mulighed for nem adskillelse, flytning og omkonfiguration, hvilket g\u00f8r det muligt at levere sundhedsydelser effektivt, hvor det er n\u00f8dvendigt.&nbsp;<\/p>\n<p>Denne fleksibilitet reducerer ikke kun konstruktions- og driftsomkostninger, men reducerer ogs\u00e5 det milj\u00f8m\u00e6ssige fodaftryk forbundet med traditionelle faste sundhedsstrukturer. Desuden fremmer modul\u00e6re faciliteter genanvendelse og genanvendelse af materialer, hvilket bidrager til den cirkul\u00e6re \u00f8konomi ved at forl\u00e6nge deres levetid og reducere eftersp\u00f8rgslen efter nye ressourcer.&nbsp;<\/p>\n<\/div>\n<\/div>\n<\/div>\n<\/div>\n<\/section>\n<section id=\"section-332-315\" class=\"ct-section\" >\n<div class=\"ct-section-inner-wrap\">\n<div id=\"new_columns-333-315\" class=\"ct-new-columns\" >\n<div id=\"div_block-334-315\" class=\"ct-div-block\" >\n<div id=\"div_block-345-315\" class=\"ct-div-block box-shadow\" >\n<div id=\"_rich_text-346-315\" class=\"oxy-rich-text\" >\n<h3>Vores forsyningsk\u00e6de<\/h3>\n<p>\u2022 Vores st\u00e5lrammede, betonundergulvs underkonstruktionsmoduler er fremstillet p\u00e5 en kulstofneutral fabrik<\/p>\n<p>\u2022 Vores v\u00e6gsystemer er specificeret og designet til vores bygninger, hvilket reducerer spild og fejlbearbejdning<\/p>\n<p>\u2022 Vi arbejder sammen med vores forsyningsk\u00e6der for at reducere deres milj\u00f8p\u00e5virkning gennem de valgte materialer og deres egen praksis<\/p>\n<\/div>\n<\/div>\n<\/div>\n<div id=\"div_block-335-315\" class=\"ct-div-block\" >\n<div id=\"div_block-342-315\" class=\"ct-div-block box-shadow\" >\n<div id=\"_rich_text-337-315\" class=\"oxy-rich-text\" >\n<h3>Fabrikskontrolleret milj\u00f8<\/h3>\n<p>\u2022 Genbearbejdning og defektepisoder minimeres<\/p>\n<p>\u2022 Reduktion af materialespild gennem produktionskontrol<\/p>\n<p>\u2022 \u00d8ge vores affaldsadskillelse og genbrugsniveauer<\/p>\n<\/div>\n<\/div>\n<\/div>\n<\/div>\n<div id=\"new_columns-350-315\" class=\"ct-new-columns\" >\n<div id=\"div_block-351-315\" class=\"ct-div-block\" >\n<div id=\"div_block-354-315\" class=\"ct-div-block box-shadow\" >\n<div id=\"_rich_text-355-315\" class=\"oxy-rich-text\" >\n<h3>Energieffektive designs<\/h3>\n<p>\u2022 Brug naturligt lys og ventilation, hvor det er muligt<\/p>\n<p>\u2022 Leverer h\u00f8je isoleringsv\u00e6rdier inden for vores modul\u00e6re v\u00e6g-, tag- og glassystemer<\/p>\n<p>\u2022 Energiopsamling, hvor det er praktisk<\/p>\n<p>\u2022 Gr\u00f8n v\u00e6gbekl\u00e6dning<\/p>\n<\/div>\n<\/div>\n<\/div>\n<div id=\"div_block-356-315\" class=\"ct-div-block\" >\n<div id=\"div_block-359-315\" class=\"ct-div-block box-shadow\" >\n<div id=\"_rich_text-360-315\" class=\"oxy-rich-text\" >\n<h3>Brug af moderne b\u00e6redygtige teknologier<\/h3>\n<p>\u2022 Muligheder for opvarmning af jord\/luft<\/p>\n<p>\u2022 PV paneler<\/p>\n<p>\u2022 Integreret CO2-overv\u00e5gning<\/p>\n<p>\u2022 Regnvandsgenvinding<\/p>\n<\/div>\n<\/div>\n<\/div>\n<\/div>\n<\/div>\n<\/section>\n<section id=\"section-68-14-text-left-white\" class=\"ct-section\" >\n<div class=\"ct-section-inner-wrap\">\n<div id=\"new_columns-69-14text-left-white\" class=\"ct-new-columns\" >\n<div id=\"div_block-70-14\" class=\"ct-div-block\" >\n<h2 id=\"headline-71-14\" class=\"ct-headline\">Socialt ansvar<\/h2>\n<div id=\"_rich_text-72-14\" class=\"oxy-rich-text\" >\n<p>Vi bruger vores virksomheds r\u00e6kkevidde til at gavne milj\u00f8et, lokalsamfundene og levere sikre sundhedsrum af h\u00f8j kvalitet.&nbsp;<\/p>\n<p>Vores fokus er p\u00e5:<\/p>\n<ul>\n<li>Opn\u00e5else af ISO14001 og 45001 standarder<\/li>\n<li>Arbejder med naturbeskyttelsesfonde for at forbedre kvaliteten af britiske floder og kanaler&nbsp;<\/li>\n<li>Tilbyder medarbejdere betalt frivilligt arbejde med Ark Business Conservation-teamet<\/li>\n<li>Forbedring af livsmuligheder for unge med adgang til arbejde inden for sundhedsv\u00e6sen og sundhedsteknik. M\u00e5lrettede l\u00e6repladser og mentorskaber udg\u00f8r 10% af vores arbejdsstyrke<\/li>\n<li>Uddannelse af 10% af vores arbejdsstyrke til at blive mental sundhed f\u00f8rstehj\u00e6lpere<\/li>\n<li>St\u00f8tte f\u00f8rste nations sager i Australien via betalt frivilligt arbejde<\/li>\n<li>Forbedring af arbejdsmilj\u00f8er<\/li>\n<li>St\u00f8tte til sundhedsorganisationer og den private sundhedssektor for at hj\u00e6lpe patienter med at vende tilbage til arbejde eller deres omsorgsansvar<\/li>\n<li>At skabe en f\u00f8lelse af f\u00e6lles ansvar og ansvarlighed p\u00e5 tv\u00e6rs af vores virksomhed gennem uddannelse og udvikling, kommunikationsruter og systemer<\/li>\n<li>Sikring af B Corp-akkreditering inden 2025 for at afspejle vores forpligtelse til at opfylde h\u00f8je standarder for social og milj\u00f8m\u00e6ssig ydeevne, gennemsigtighed og ansvarlighed.&nbsp;<\/li>\n<\/ul>\n<p>Se vores <a href=\"\/wp-content\/uploads\/sites\/8\/2023\/07\/Vanguard-Corp-Responsibilty-Graphics-July-2023-1.pdf\" target=\"_blank\" rel=\"noopener\">rejseplan for virksomheders sociale ansvar<\/a><\/p>\n<\/div>\n<\/div>\n<div id=\"div_block-74-14\" class=\"ct-div-block\" ><img decoding=\"async\"  id=\"image-75-14\" alt=\"\" src=\"https:\/\/www.q-bital.com\/wp-content\/uploads\/sites\/8\/2023\/07\/Social-Responsibility.jpg\" class=\"ct-image\"\/><\/div>\n<\/div>\n<\/div>\n<\/section>\n<section id=\"section-88-34-blue\" class=\"ct-section\" >\n<div class=\"ct-section-inner-wrap\">\n<div id=\"new_columns-89-34-blue\" class=\"ct-new-columns\" >\n<div id=\"div_block-94-34\" class=\"ct-div-block\" ><img decoding=\"async\"  id=\"image-95-34\" alt=\"\" src=\"https:\/\/www.q-bital.com\/wp-content\/uploads\/sites\/8\/2023\/05\/Staffed-operating-theatre1.jpg\" class=\"ct-image\"\/><\/div>\n<div id=\"div_block-90-34\" class=\"ct-div-block\" >\n<h2 id=\"headline-91-34\" class=\"ct-headline\">Vores entrepren\u00f8rer og supply chain management<\/h2>\n<div id=\"_rich_text-92-34\" class=\"oxy-rich-text\" >\n<p>Vi sikrer, at vores entrepren\u00f8rer opfylder de h\u00f8jeste driftsstandarder for sundhed og sikkerhed, samt at de overholder de relevante lov- og regelm\u00e6ssighedskrav, s\u00e5som ligestillingsloven, og <a href=\"..\/modern-slavery-and-human-trafficking-statement\/\">Lov om moderne slaveri og menneskehandel<\/a>.&nbsp;<\/p>\n<p>Vi er forpligtet til fair betalingspraksis som beskrevet i vejledningen fra det tidligere kontor for offentlig handel og principperne for Construction 2025:&nbsp;<\/p>\n<ul>\n<li>Gennemsigtighed i betalingsprocedurer&nbsp;<\/li>\n<li>Bekr\u00e6ftelse af betalinger mod milep\u00e6le&nbsp;<\/li>\n<li>Eventuelle bel\u00f8b, der tilbageholdes med tidsperiode og \u00e5rsag.&nbsp;<\/li>\n<\/ul>\n<p>Vi er et akkrediteret medlem af Considerate Contractors Scheme og opererer gennem en forsyningsk\u00e6de af v\u00e6rdsatte partnere.&nbsp;<\/p>\n<\/div>\n<\/div>\n<\/div>\n<\/div>\n<\/section>\n<section id=\"section-68-14-text-left-white\" class=\"ct-section\" >\n<div class=\"ct-section-inner-wrap\">\n<div id=\"new_columns-69-14text-left-white\" class=\"ct-new-columns\" >\n<div id=\"div_block-70-14\" class=\"ct-div-block\" >\n<h2 id=\"headline-71-14\" class=\"ct-headline\">Governance<\/h2>\n<div id=\"_rich_text-72-14\" class=\"oxy-rich-text\" >\n<p>Vores strenge styringspolitikker underst\u00f8tter sikkerhed og overholdelse. Patienternes, vores klienters og vores personales sikkerhed er i centrum for alt, hvad vi g\u00f8r. Vores styringssystem er designet til at v\u00e6re robust og levere l\u00f8bende forbedringer.<\/p>\n<p>Vores aktive integrerede styringspolitik er designet til at underst\u00f8tte leveringen af en sikker og kompatibel service. Vi reviderer denne politik og overv\u00e5ger dens resultater p\u00e5 alle niveauer i vores organisation. I de sj\u00e6ldne tilf\u00e6lde, hvor tingene ikke gik efter planen, retter vi dem op og bruger erfaringerne til at forbedre vores fremtidige tjenester.<\/p>\n<p>En streng kvalitetsproces er p\u00e5 plads for at identificere og adressere eventuelle kliniske problemer og adressere alle risici. Dette omfatter b\u00e5de interne og eksterne revisionsprocesser for at overv\u00e5ge og kontrollere de leverede tjenester.<\/p>\n<\/div>\n<\/div>\n<div id=\"div_block-74-14\" class=\"ct-div-block\" ><img decoding=\"async\"  id=\"image-75-14\" alt=\"\" src=\"https:\/\/www.q-bital.com\/wp-content\/uploads\/sites\/8\/2023\/07\/Governance.jpg\" class=\"ct-image\"\/><\/div>\n<\/div>\n<\/div>\n<\/section>","protected":false},"excerpt":{"rendered":"","protected":false},"author":2,"featured_media":0,"parent":0,"menu_order":0,"comment_status":"closed","ping_status":"closed","template":"","meta":{"_acf_changed":false,"footnotes":""},"class_list":["post-209","page","type-page","status-publish","hentry"],"acf":[],"yoast_head":"<!-- This site is optimized with the Yoast SEO plugin v27.3 - https:\/\/yoast.com\/product\/yoast-seo-wordpress\/ -->\n<title>Environment - Q-bital Healthcare Solutions<\/title>\n<meta name=\"robots\" content=\"index, follow, max-snippet:-1, max-image-preview:large, max-video-preview:-1\" \/>\n<link rel=\"canonical\" href=\"https:\/\/www.q-bital.com\/da_dk\/environment\/\" \/>\n<meta property=\"og:locale\" content=\"da_DK\" \/>\n<meta property=\"og:type\" content=\"article\" \/>\n<meta property=\"og:title\" content=\"Environment - Q-bital Healthcare Solutions\" \/>\n<meta property=\"og:url\" content=\"https:\/\/www.q-bital.com\/da_dk\/environment\/\" \/>\n<meta property=\"og:site_name\" content=\"Q-bital Healthcare Solutions\" \/>\n<meta property=\"article:modified_time\" content=\"2023-08-30T15:11:30+00:00\" \/>\n<meta name=\"twitter:card\" content=\"summary_large_image\" \/>\n<script type=\"application\/ld+json\" class=\"yoast-schema-graph\">{\"@context\":\"https:\\\/\\\/schema.org\",\"@graph\":[{\"@type\":\"WebPage\",\"@id\":\"https:\\\/\\\/www.q-bital.com\\\/environment\\\/\",\"url\":\"https:\\\/\\\/www.q-bital.com\\\/environment\\\/\",\"name\":\"Environment - Q-bital Healthcare Solutions\",\"isPartOf\":{\"@id\":\"https:\\\/\\\/www.q-bital.com\\\/#website\"},\"datePublished\":\"2023-06-14T14:38:36+00:00\",\"dateModified\":\"2023-08-30T15:11:30+00:00\",\"inLanguage\":\"da-DK\",\"potentialAction\":[{\"@type\":\"ReadAction\",\"target\":[\"https:\\\/\\\/www.q-bital.com\\\/environment\\\/\"]}]},{\"@type\":\"WebSite\",\"@id\":\"https:\\\/\\\/www.q-bital.com\\\/#website\",\"url\":\"https:\\\/\\\/www.q-bital.com\\\/\",\"name\":\"Q-bital Healthcare Solutions\",\"description\":\"\",\"potentialAction\":[{\"@type\":\"SearchAction\",\"target\":{\"@type\":\"EntryPoint\",\"urlTemplate\":\"https:\\\/\\\/www.q-bital.com\\\/?s={search_term_string}\"},\"query-input\":{\"@type\":\"PropertyValueSpecification\",\"valueRequired\":true,\"valueName\":\"search_term_string\"}}],\"inLanguage\":\"da-DK\"}]}<\/script>\n<!-- \/ Yoast SEO plugin. -->","yoast_head_json":{"title":"Milj\u00f8 - Q-bital Healthcare Solutions","robots":{"index":"index","follow":"follow","max-snippet":"max-snippet:-1","max-image-preview":"max-image-preview:large","max-video-preview":"max-video-preview:-1"},"canonical":"https:\/\/www.q-bital.com\/da_dk\/environment\/","og_locale":"da_DK","og_type":"article","og_title":"Environment - Q-bital Healthcare Solutions","og_url":"https:\/\/www.q-bital.com\/da_dk\/environment\/","og_site_name":"Q-bital Healthcare Solutions","article_modified_time":"2023-08-30T15:11:30+00:00","twitter_card":"summary_large_image","schema":{"@context":"https:\/\/schema.org","@graph":[{"@type":"WebPage","@id":"https:\/\/www.q-bital.com\/environment\/","url":"https:\/\/www.q-bital.com\/environment\/","name":"Milj\u00f8 - Q-bital Healthcare Solutions","isPartOf":{"@id":"https:\/\/www.q-bital.com\/#website"},"datePublished":"2023-06-14T14:38:36+00:00","dateModified":"2023-08-30T15:11:30+00:00","inLanguage":"da-DK","potentialAction":[{"@type":"ReadAction","target":["https:\/\/www.q-bital.com\/environment\/"]}]},{"@type":"WebSite","@id":"https:\/\/www.q-bital.com\/#website","url":"https:\/\/www.q-bital.com\/","name":"Q-bital Healthcare Solutions","description":"","potentialAction":[{"@type":"SearchAction","target":{"@type":"EntryPoint","urlTemplate":"https:\/\/www.q-bital.com\/?s={search_term_string}"},"query-input":{"@type":"PropertyValueSpecification","valueRequired":true,"valueName":"search_term_string"}}],"inLanguage":"da-DK"}]}},"_links":{"self":[{"href":"https:\/\/www.q-bital.com\/da_dk\/wp-json\/wp\/v2\/pages\/209","targetHints":{"allow":["GET"]}}],"collection":[{"href":"https:\/\/www.q-bital.com\/da_dk\/wp-json\/wp\/v2\/pages"}],"about":[{"href":"https:\/\/www.q-bital.com\/da_dk\/wp-json\/wp\/v2\/types\/page"}],"author":[{"embeddable":true,"href":"https:\/\/www.q-bital.com\/da_dk\/wp-json\/wp\/v2\/users\/2"}],"replies":[{"embeddable":true,"href":"https:\/\/www.q-bital.com\/da_dk\/wp-json\/wp\/v2\/comments?post=209"}],"version-history":[{"count":0,"href":"https:\/\/www.q-bital.com\/da_dk\/wp-json\/wp\/v2\/pages\/209\/revisions"}],"wp:attachment":[{"href":"https:\/\/www.q-bital.com\/da_dk\/wp-json\/wp\/v2\/media?parent=209"}],"curies":[{"name":"wp","href":"https:\/\/api.w.org\/{rel}","templated":true}]}}