{"id":367,"date":"2023-06-28T13:15:49","date_gmt":"2023-06-28T13:15:49","guid":{"rendered":"https:\/\/www.q-bital.com\/?page_id=367"},"modified":"2023-08-24T10:15:37","modified_gmt":"2023-08-24T10:15:37","slug":"accessibility","status":"publish","type":"page","link":"https:\/\/www.q-bital.com\/da_dk\/accessibility\/","title":{"rendered":"Tilg\u00e6ngelighed"},"content":{"rendered":"<p>Vi har gjort alt for at g\u00f8re denne side tilg\u00e6ngelig og nem at bruge for alle.<\/p>\n<h4 class=\"wp-block-heading\">skels\u00e6ttende roller<\/h4>\n<p>Efter vejledning fastsat af Web Accessibility Initiative (WAI) og Accessible Rich Internet Applications Suite (ARIA), gives skels\u00e6ttende roller for at g\u00f8re webstedet mere tilg\u00e6ngeligt. Roller, der bruges til at identificere specifikt indhold eller navigationsomr\u00e5der for maskinl\u00e6sere og hj\u00e6lpemidler s\u00e5som sk\u00e6rml\u00e6sere.<\/p>\n<p>Landem\u00e6rker er blevet brugt til at identificere webstedets hovedsektioner, og ARIA-attributter matcher deres roller.<\/p>\n<h4 class=\"wp-block-heading\">Browser support<\/h4>\n<p>Siden er bygget p\u00e5 en fleksibel m\u00e5de og er fuldt responsiv for at sikre den bedst mulige brugeroplevelse p\u00e5 tv\u00e6rs af desktop-, mobil- og tablet-enheder.<\/p>\n<p>Siden er fuldt underst\u00f8ttet (det vil sige den optimale oplevelse, hvor alt indhold leveres og tilg\u00e6ngeligt efter hensigten) til den seneste version af Chrome, Firefox, Safari og Edge p\u00e5 desktop samt den nyeste version af Chrome p\u00e5 Android og Safari p\u00e5 iOS.<\/p>\n<p>Underst\u00f8ttelse af de to foreg\u00e5ende versioner af browserne n\u00e6vnt ovenfor er for\u00e6ldet (hvilket betyder, at alt indhold er tilg\u00e6ngeligt, men brugeroplevelsen kan blive forringet. HTML, Javascript og CSS-pr\u00e6sentation vil forringes elegant (dvs. ikke smide fejl), hvis browseren ikke er i stand til at levere funktionalitet).<\/p>\n<p>\u00c6ldre browsere eller browsere, der ikke er angivet ovenfor, underst\u00f8ttes ikke (hvilket betyder, at browseren ikke er testet, og derfor kan noget indhold v\u00e6re utilg\u00e6ngeligt, og oplevelsen kan blive alvorligt p\u00e5virket).<\/p>\n<h4 class=\"wp-block-heading\">Semantik<\/h4>\n<p>HTML5-markering bruges til at strukturere webstedet med passende elementer, der bruges til at identificere indhold klart og logisk for s\u00f8gemaskiner eller sk\u00e6rml\u00e6sere.<\/p>\n<h4 class=\"wp-block-heading\">JavaScript<\/h4>\n<p>Brugen af JavaScript vil give brugeren forbedrede funktioner p\u00e5 webstedet. Hvor det ikke er tilg\u00e6ngeligt, er alle sider og proces stadig tilg\u00e6ngelige.<\/p>\n<h4 class=\"wp-block-heading\">Formularer<\/h4>\n<p>Alle formularfelter f\u00f8lger en logisk fanesekvens for at sikre nem navigation. Formularfelter har ogs\u00e5 attributter &quot;label&quot; og &quot;id&quot; for at knytte formularfeltet til dets etiket for at tillade nem indtastning af data.<\/p>\n<h4 class=\"wp-block-heading\">Links<\/h4>\n<p>Alle links er skrevet for at give mening, n\u00e5r de er taget ud af kontekst. Hvor det er relevant, har vi ogs\u00e5 tilf\u00f8jet linktitelattributter for at beskrive linket mere detaljeret.<\/p>\n<h4 class=\"wp-block-heading\">Skriftst\u00f8rrelse<\/h4>\n<p>Skriftst\u00f8rrelserne p\u00e5 hjemmesiden er fuldt fleksible. Du kan \u00e6ndre skriftst\u00f8rrelsen for at g\u00f8re den enten st\u00f8rre eller mindre via dine browserindstillinger.<\/p>\n<h4 class=\"wp-block-heading\">Farver<\/h4>\n<p>Vi har s\u00f8rget for at sikre, at webstedets farvekombinationer og kontrast er effektive til at sikre, at oplysningerne stadig er klare, n\u00e5r de ses af alle, ved at have et minimumskontrastforhold p\u00e5 3 p\u00e5 tv\u00e6rs af webstedet.<\/p>\n<h4 class=\"wp-block-heading\">Downloads<\/h4>\n<p>Vi bruger Adobe PDF&#039;er til yderligere information og downloads. Adobe PDF Reader er frit tilg\u00e6ngelig til brug p\u00e5 enhver computer og kan downloades <a href=\"https:\/\/get.adobe.com\/uk\/reader\/\" target=\"_blank\" rel=\"noreferrer noopener\">her<\/a>.<\/p>","protected":false},"excerpt":{"rendered":"<p>We have made every effort to make this site accessible and easy to use for everyone. Landmark roles Following guidance set by the Web Accessibility Initiative (WAI) and the Accessible Rich Internet Applications Suite (ARIA), landmark roles are provided to make the site more accessible. Roles used to identify specific content or navigation areas for [&hellip;]<\/p>\n","protected":false},"author":2,"featured_media":0,"parent":0,"menu_order":0,"comment_status":"closed","ping_status":"closed","template":"","meta":{"_acf_changed":false,"footnotes":""},"class_list":["post-367","page","type-page","status-publish","hentry"],"acf":[],"yoast_head":"<!-- This site is optimized with the Yoast SEO plugin v27.4 - https:\/\/yoast.com\/product\/yoast-seo-wordpress\/ -->\n<title>Accessibility - Q-bital Healthcare Solutions<\/title>\n<meta name=\"robots\" content=\"index, follow, max-snippet:-1, max-image-preview:large, max-video-preview:-1\" \/>\n<link rel=\"canonical\" href=\"https:\/\/www.q-bital.com\/da_dk\/accessibility\/\" \/>\n<meta property=\"og:locale\" content=\"da_DK\" \/>\n<meta property=\"og:type\" content=\"article\" \/>\n<meta property=\"og:title\" content=\"Accessibility - Q-bital Healthcare Solutions\" \/>\n<meta property=\"og:description\" content=\"We have made every effort to make this site accessible and easy to use for everyone. Landmark roles Following guidance set by the Web Accessibility Initiative (WAI) and the Accessible Rich Internet Applications Suite (ARIA), landmark roles are provided to make the site more accessible. Roles used to identify specific content or navigation areas for [&hellip;]\" \/>\n<meta property=\"og:url\" content=\"https:\/\/www.q-bital.com\/da_dk\/accessibility\/\" \/>\n<meta property=\"og:site_name\" content=\"Q-bital Healthcare Solutions\" \/>\n<meta property=\"article:modified_time\" content=\"2023-08-24T10:15:37+00:00\" \/>\n<meta name=\"twitter:card\" content=\"summary_large_image\" \/>\n<meta name=\"twitter:label1\" content=\"Estimeret l\u00e6setid\" \/>\n\t<meta name=\"twitter:data1\" content=\"2 minutter\" \/>\n<script type=\"application\/ld+json\" class=\"yoast-schema-graph\">{\"@context\":\"https:\\\/\\\/schema.org\",\"@graph\":[{\"@type\":\"WebPage\",\"@id\":\"https:\\\/\\\/www.q-bital.com\\\/accessibility\\\/\",\"url\":\"https:\\\/\\\/www.q-bital.com\\\/accessibility\\\/\",\"name\":\"Accessibility - Q-bital Healthcare Solutions\",\"isPartOf\":{\"@id\":\"https:\\\/\\\/www.q-bital.com\\\/#website\"},\"datePublished\":\"2023-06-28T13:15:49+00:00\",\"dateModified\":\"2023-08-24T10:15:37+00:00\",\"inLanguage\":\"da-DK\",\"potentialAction\":[{\"@type\":\"ReadAction\",\"target\":[\"https:\\\/\\\/www.q-bital.com\\\/accessibility\\\/\"]}]},{\"@type\":\"WebSite\",\"@id\":\"https:\\\/\\\/www.q-bital.com\\\/#website\",\"url\":\"https:\\\/\\\/www.q-bital.com\\\/\",\"name\":\"Q-bital Healthcare Solutions\",\"description\":\"\",\"potentialAction\":[{\"@type\":\"SearchAction\",\"target\":{\"@type\":\"EntryPoint\",\"urlTemplate\":\"https:\\\/\\\/www.q-bital.com\\\/?s={search_term_string}\"},\"query-input\":{\"@type\":\"PropertyValueSpecification\",\"valueRequired\":true,\"valueName\":\"search_term_string\"}}],\"inLanguage\":\"da-DK\"}]}<\/script>\n<!-- \/ Yoast SEO plugin. -->","yoast_head_json":{"title":"Tilg\u00e6ngelighed - Q-bital Healthcare Solutions","robots":{"index":"index","follow":"follow","max-snippet":"max-snippet:-1","max-image-preview":"max-image-preview:large","max-video-preview":"max-video-preview:-1"},"canonical":"https:\/\/www.q-bital.com\/da_dk\/accessibility\/","og_locale":"da_DK","og_type":"article","og_title":"Accessibility - Q-bital Healthcare Solutions","og_description":"We have made every effort to make this site accessible and easy to use for everyone. Landmark roles Following guidance set by the Web Accessibility Initiative (WAI) and the Accessible Rich Internet Applications Suite (ARIA), landmark roles are provided to make the site more accessible. Roles used to identify specific content or navigation areas for [&hellip;]","og_url":"https:\/\/www.q-bital.com\/da_dk\/accessibility\/","og_site_name":"Q-bital Healthcare Solutions","article_modified_time":"2023-08-24T10:15:37+00:00","twitter_card":"summary_large_image","twitter_misc":{"Estimeret l\u00e6setid":"2 minutter"},"schema":{"@context":"https:\/\/schema.org","@graph":[{"@type":"WebPage","@id":"https:\/\/www.q-bital.com\/accessibility\/","url":"https:\/\/www.q-bital.com\/accessibility\/","name":"Tilg\u00e6ngelighed - Q-bital Healthcare Solutions","isPartOf":{"@id":"https:\/\/www.q-bital.com\/#website"},"datePublished":"2023-06-28T13:15:49+00:00","dateModified":"2023-08-24T10:15:37+00:00","inLanguage":"da-DK","potentialAction":[{"@type":"ReadAction","target":["https:\/\/www.q-bital.com\/accessibility\/"]}]},{"@type":"WebSite","@id":"https:\/\/www.q-bital.com\/#website","url":"https:\/\/www.q-bital.com\/","name":"Q-bital Healthcare Solutions","description":"","potentialAction":[{"@type":"SearchAction","target":{"@type":"EntryPoint","urlTemplate":"https:\/\/www.q-bital.com\/?s={search_term_string}"},"query-input":{"@type":"PropertyValueSpecification","valueRequired":true,"valueName":"search_term_string"}}],"inLanguage":"da-DK"}]}},"_links":{"self":[{"href":"https:\/\/www.q-bital.com\/da_dk\/wp-json\/wp\/v2\/pages\/367","targetHints":{"allow":["GET"]}}],"collection":[{"href":"https:\/\/www.q-bital.com\/da_dk\/wp-json\/wp\/v2\/pages"}],"about":[{"href":"https:\/\/www.q-bital.com\/da_dk\/wp-json\/wp\/v2\/types\/page"}],"author":[{"embeddable":true,"href":"https:\/\/www.q-bital.com\/da_dk\/wp-json\/wp\/v2\/users\/2"}],"replies":[{"embeddable":true,"href":"https:\/\/www.q-bital.com\/da_dk\/wp-json\/wp\/v2\/comments?post=367"}],"version-history":[{"count":0,"href":"https:\/\/www.q-bital.com\/da_dk\/wp-json\/wp\/v2\/pages\/367\/revisions"}],"wp:attachment":[{"href":"https:\/\/www.q-bital.com\/da_dk\/wp-json\/wp\/v2\/media?parent=367"}],"curies":[{"name":"wp","href":"https:\/\/api.w.org\/{rel}","templated":true}]}}