{"id":455,"date":"2023-07-03T14:28:23","date_gmt":"2023-07-03T14:28:23","guid":{"rendered":"https:\/\/www.q-bital.com\/?page_id=455"},"modified":"2023-09-07T11:11:00","modified_gmt":"2023-09-07T11:11:00","slug":"procurement","status":"publish","type":"page","link":"https:\/\/www.q-bital.com\/da_dk\/procurement\/","title":{"rendered":"Indk\u00f8b"},"content":{"rendered":"<section id=\"section-2-59\" class=\"ct-section\" style=\"background-image:url(https:\/\/www.q-bital.com\/wp-content\/uploads\/sites\/8\/2023\/05\/boulders-right.png);background-size: auto;\" >\n<div class=\"ct-section-inner-wrap\">\n<div id=\"div_block-8-59\" class=\"ct-div-block\" ><a id=\"link_text-6-59\" class=\"ct-link-text\" href=\"\/da_dk\/\" target=\"_self\"  >Hjem<\/a><\/p>\n<h1 id=\"headline-3-59\" class=\"ct-headline\"><span id=\"span-4-59\" class=\"ct-span\" >Indk\u00f8b<\/span><\/h1>\n<\/div>\n<\/div>\n<\/section>\n<section id=\"section-68-14-text-left-white\" class=\"ct-section\" >\n<div class=\"ct-section-inner-wrap\">\n<div id=\"new_columns-69-14text-left-white\" class=\"ct-new-columns\" >\n<div id=\"div_block-70-14\" class=\"ct-div-block\" >\n<h2 id=\"headline-71-14\" class=\"ct-headline\">Indk\u00f8bsplaner skr\u00e6ddersyet til dine behov<\/h2>\n<div id=\"_rich_text-72-14\" class=\"oxy-rich-text\" >\n<p dir=\"ltr\">Vi er specialister i at tilbyde sundhedsfaciliteter, der kan standardiseres eller skr\u00e6ddersyes, lejes eller k\u00f8bes, afh\u00e6ngigt af dine behov.&nbsp;<\/p>\n<p dir=\"ltr\">Vi tilbyder en r\u00e6kke kontraktmuligheder og kan arbejde i forhold til dine kapital- eller driftsudgifters prioriteter. Vores Healthcare Spaces er tilg\u00e6ngelige p\u00e5 flere forskellige rammer for enkelhed og bekvemmelighed.&nbsp;<a href=\"\/da_dk\/our-team\/\">Vores hold<\/a>&nbsp;vil tage dig gennem mulighederne og guide dig hvert trin p\u00e5 vejen.<\/p>\n<\/div>\n<\/div>\n<div id=\"div_block-74-14\" class=\"ct-div-block\" ><img decoding=\"async\"  id=\"image-75-14\" alt=\"\" src=\"https:\/\/www.q-bital.com\/wp-content\/uploads\/sites\/8\/2023\/05\/Staffed-operating-theatre1.jpg\" class=\"ct-image\"\/><\/div>\n<\/div>\n<\/div>\n<\/section>\n<section id=\"section-88-34-blue\" class=\"ct-section\" >\n<div class=\"ct-section-inner-wrap\">\n<div id=\"new_columns-89-34-blue\" class=\"ct-new-columns\" >\n<div id=\"div_block-94-34\" class=\"ct-div-block\" ><img decoding=\"async\"  id=\"image-95-34\" alt=\"\" src=\"https:\/\/www.q-bital.com\/wp-content\/uploads\/sites\/8\/2023\/09\/CO2_v2-1024x1024.jpg\" class=\"ct-image\"\/><\/div>\n<div id=\"div_block-90-34\" class=\"ct-div-block\" >\n<h2 id=\"headline-91-34\" class=\"ct-headline\">Milj\u00f8, social v\u00e6rdi og forvaltning (ESG)<\/h2>\n<div id=\"_rich_text-92-34\" class=\"oxy-rich-text\" >\n<p dir=\"ltr\">Vi tager vores etiske, b\u00e6redygtige og sociale ansvar alvorligt og indlejrer og anvender vores virksomheds sociale v\u00e6rdier p\u00e5 vores kommercielle aktiviteter. Som en international virksomhed prioriterer vi at finde m\u00e5der at reducere vejmil og internationale rejser, hvor det er muligt. I tilf\u00e6lde, hvor dette ikke er muligt, udligner vi vores rejses milj\u00f8p\u00e5virkning.<\/p>\n<p dir=\"ltr\">Som n\u00f8gleleverand\u00f8r til sundhedsudbydere har vi ansvar, som skal afspejles i vores drift og vores forsyningsk\u00e6de. Vi \u00f8nsker at se disse etiske v\u00e6rdier demonstreret af vores leverand\u00f8rer, som er kritiske for, hvordan vi arbejder, og som i fremtiden ser hen til vores n\u00f8gleleverand\u00f8rer, der har ISO 14001 og 45001 standarder eller andre relevante professionelle akkrediteringer.&nbsp;&nbsp;<\/p>\n<p dir=\"ltr\">Vores forventning er, at alle vores leverand\u00f8rer overholder de g\u00e6ldende milj\u00f8love, regulativer og standarder. Hvis de ikke allerede g\u00f8r det, anmoder vi dem om at ops\u00e6tte systemer og kontroller til at identificere og eliminere potentielle farer for&nbsp;<a href=\"\/da_dk\/environment\/\">milj\u00f8<\/a>, som st\u00e5r i forhold til risikoen.&nbsp;<\/p>\n<p>&nbsp;<\/p>\n<p>&nbsp;<\/p>\n<\/div>\n<\/div>\n<\/div>\n<\/div>\n<\/section>\n<section id=\"section-68-14-text-left-white\" class=\"ct-section\" >\n<div class=\"ct-section-inner-wrap\">\n<div id=\"new_columns-69-14text-left-white\" class=\"ct-new-columns\" >\n<div id=\"div_block-70-14\" class=\"ct-div-block\" >\n<h2 id=\"headline-71-14\" class=\"ct-headline\">Vores forsyningsk\u00e6de<\/h2>\n<div id=\"_rich_text-72-14\" class=\"oxy-rich-text\" >\n<p dir=\"ltr\">Vores forsyningsk\u00e6de str\u00e6kker sig over Storbritannien, Europa eller Australien. Vi er tydelige i vores kontrakter og kommercielle forhold til vores leverand\u00f8rs driftsstandarder.&nbsp;&nbsp;<\/p>\n<p dir=\"ltr\">Vi inkorporerer vores ESG-v\u00e6rdier i vores drift, vores medarbejdere og vores forsyningsk\u00e6de. Vi underst\u00f8tter vores forsyningsk\u00e6de, hvor der er behov for at tilpasse os for at opn\u00e5 vores&nbsp;<a href=\"..\/environment\/\">ESG m\u00e5l<\/a>.&nbsp;<\/p>\n<p dir=\"ltr\">Vores ESG-strategi er underst\u00f8ttet af vores:<\/p>\n<ul>\n<li dir=\"ltr\" aria-level=\"1\">\n<p dir=\"ltr\" role=\"presentation\">Ansvar som n\u00f8gleleverand\u00f8r til NHS<\/p>\n<\/li>\n<li dir=\"ltr\" aria-level=\"1\">\n<p dir=\"ltr\" role=\"presentation\">F\u00e6lles m\u00e5l som defineret i NHS Green Plan<\/p>\n<\/li>\n<li dir=\"ltr\" aria-level=\"1\">\n<p dir=\"ltr\" role=\"presentation\">\u00d8nske om at arbejde etisk og ansvarligt<\/p>\n<\/li>\n<li dir=\"ltr\" aria-level=\"1\">\n<p dir=\"ltr\" role=\"presentation\">Beredskab til ESG-regulering<\/p>\n<\/li>\n<li dir=\"ltr\" aria-level=\"1\">\n<p dir=\"ltr\" role=\"presentation\">Evne til at demonstrere vores engagement i ESG og etiske operationer over for investorer (nuv\u00e6rende og fremtidige)<\/p>\n<\/li>\n<\/ul>\n<\/div>\n<\/div>\n<div id=\"div_block-74-14\" class=\"ct-div-block\" ><img decoding=\"async\"  id=\"image-75-14\" alt=\"\" src=\"https:\/\/www.q-bital.com\/wp-content\/uploads\/sites\/8\/2023\/08\/Hospital_ward_delivery2-1024x768.jpg\" class=\"ct-image\"\/><\/div>\n<\/div>\n<\/div>\n<\/section>\n<section id=\"section-88-34-blue\" class=\"ct-section\" >\n<div class=\"ct-section-inner-wrap\">\n<div id=\"new_columns-89-34-blue\" class=\"ct-new-columns\" >\n<div id=\"div_block-94-34\" class=\"ct-div-block\" ><img decoding=\"async\"  id=\"image-95-34\" alt=\"\" src=\"https:\/\/www.q-bital.com\/wp-content\/uploads\/sites\/8\/2023\/06\/modular-surgical-hub-1024x683.jpg\" class=\"ct-image\"\/><\/div>\n<div id=\"div_block-90-34\" class=\"ct-div-block\" >\n<h2 id=\"headline-91-34\" class=\"ct-headline\">Vi vurderer vores leverand\u00f8rer ud fra risikoen og deres modenhed<\/h2>\n<div id=\"_rich_text-92-34\" class=\"oxy-rich-text\" >\n<p dir=\"ltr\">Vi betragter vores leverand\u00f8rers:<\/p>\n<ul>\n<li dir=\"ltr\" aria-level=\"1\">\n<p dir=\"ltr\" role=\"presentation\"><a href=\"..\/environment\/\">Virksomhedens sociale ansvar<\/a>&nbsp;(CSR)<\/p>\n<\/li>\n<li dir=\"ltr\" aria-level=\"1\">\n<p dir=\"ltr\" role=\"presentation\">Energi- og br\u00e6ndstofeffektivitet<\/p>\n<\/li>\n<li dir=\"ltr\" aria-level=\"1\">\n<p dir=\"ltr\" role=\"presentation\">Sundheds- og sikkerhedspolitikker<\/p>\n<\/li>\n<li dir=\"ltr\" aria-level=\"1\">\n<p dir=\"ltr\" role=\"presentation\">Transportpolitikker<\/p>\n<\/li>\n<li dir=\"ltr\" aria-level=\"1\">\n<p dir=\"ltr\" role=\"presentation\">Brug af lokal besk\u00e6ftigelse<\/p>\n<\/li>\n<li dir=\"ltr\" aria-level=\"1\">\n<p dir=\"ltr\" role=\"presentation\">L\u00e6rlinge- og uddannelsesrekord<\/p>\n<\/li>\n<\/ul>\n<p dir=\"ltr\">Som leverand\u00f8r af sundhedsl\u00f8sninger er vi patientfokuserede. Vores prioriteter ligger til enhver tid i pleje og sikkerhed for patienter og vores kunder; vi forventer, at vores leverand\u00f8rer deler disse prioriteter.&nbsp;&nbsp;<\/p>\n<p dir=\"ltr\">Vores omd\u00f8mme er bygget p\u00e5 vores evne til at levere sundhedsrum af h\u00f8j kvalitet. Efterh\u00e5nden som vores regulatoriske krav \u00f8ges, \u00f8nsker vi at fastholde de leverand\u00f8rer, der leverer til vores standarder, s\u00e5 vi kan forts\u00e6tte med at bygge videre p\u00e5 vores hidtidige succes.<\/p>\n<\/div>\n<\/div>\n<\/div>\n<\/div>\n<\/section>\n<section id=\"section-68-14-text-left-white\" class=\"ct-section\" >\n<div class=\"ct-section-inner-wrap\">\n<div id=\"new_columns-69-14text-left-white\" class=\"ct-new-columns\" >\n<div id=\"div_block-70-14\" class=\"ct-div-block\" >\n<h2 id=\"headline-71-14\" class=\"ct-headline\">Moderne metoder til konstruktion og innovation<\/h2>\n<div id=\"_rich_text-72-14\" class=\"oxy-rich-text\" >\n<p dir=\"ltr\">Selvom vi forbliver konkurrencedygtige, sikrer vi, at vores forsyningsk\u00e6de underst\u00f8tter vores virksomhedsambitioner ved at udforske og afpr\u00f8ve nye produkter, materialer og tjenester.<\/p>\n<\/div>\n<\/div>\n<div id=\"div_block-74-14\" class=\"ct-div-block\" ><img decoding=\"async\"  id=\"image-75-14\" alt=\"\" src=\"https:\/\/www.q-bital.com\/wp-content\/uploads\/sites\/8\/2023\/09\/Mobile_hospital_ward_first_floor_elevation_q-bital.jpg\" class=\"ct-image\"\/><\/div>\n<\/div>\n<\/div>\n<\/section>\n<section id=\"section-88-34-blue\" class=\"ct-section\" >\n<div class=\"ct-section-inner-wrap\">\n<div id=\"new_columns-89-34-blue\" class=\"ct-new-columns\" >\n<div id=\"div_block-94-34\" class=\"ct-div-block\" ><img decoding=\"async\"  id=\"image-95-34\" alt=\"\" src=\"https:\/\/www.q-bital.com\/wp-content\/uploads\/sites\/8\/2023\/09\/ESG_-_Earth_with_stethoscope-1017x1024.jpg\" class=\"ct-image\"\/><\/div>\n<div id=\"div_block-90-34\" class=\"ct-div-block\" >\n<h2 id=\"headline-91-34\" class=\"ct-headline\">B\u00e6redygtighed<\/h2>\n<div id=\"_rich_text-92-34\" class=\"oxy-rich-text\" >\n<p dir=\"ltr\">Vi er en international koncern, og vi er p\u00e5 en rejse mod at blive CO2-neutral. Med udgangspunkt i vores eksisterende forpligtelse vil vi forts\u00e6tte med at forbedre vores milj\u00f8m\u00e6ssige legitimationsoplysninger for at s\u00e6tte os i stand til at opfylde de b\u00e6redygtighedsm\u00e5l, vi s\u00e6tter for os selv i vores&nbsp;<a href=\"..\/environment\/\">ESG-strategi<\/a>&nbsp;2022\u20142035.<\/p>\n<\/div>\n<\/div>\n<\/div>\n<\/div>\n<\/section>\n<section id=\"section-144-59\" class=\"ct-section\" >\n<div class=\"ct-section-inner-wrap\">\n<div id=\"new_columns-145-59\" class=\"ct-new-columns\" >\n<div id=\"div_block-146-59\" class=\"ct-div-block\" >\n<div id=\"_rich_text-9-63\" class=\"oxy-rich-text\" >\n<p>At finde en l\u00f8sning, der fungerer for dit hospital, starter her...<\/p>\n<\/div>\n<p><a id=\"link_button-149-59\" class=\"ct-link-button\" href=\"\/da_dk\/contact\/\" target=\"_self\"  >Tag kontakt<\/a><\/div>\n<div id=\"div_block-150-59\" class=\"ct-div-block\" ><img decoding=\"async\"  id=\"image-151-59\" alt=\"\" src=\"https:\/\/www.q-bital.com\/wp-content\/uploads\/2023\/06\/kettering-2-scaled.jpg\" class=\"ct-image\"\/><\/div>\n<\/div>\n<\/div>\n<\/section>","protected":false},"excerpt":{"rendered":"","protected":false},"author":2,"featured_media":0,"parent":0,"menu_order":0,"comment_status":"closed","ping_status":"closed","template":"","meta":{"_acf_changed":false,"footnotes":""},"class_list":["post-455","page","type-page","status-publish","hentry"],"acf":[],"yoast_head":"<!-- This site is optimized with the Yoast SEO plugin v27.4 - https:\/\/yoast.com\/product\/yoast-seo-wordpress\/ -->\n<title>Procurement - Q-bital Healthcare Solutions<\/title>\n<meta name=\"robots\" content=\"index, follow, max-snippet:-1, max-image-preview:large, max-video-preview:-1\" \/>\n<link rel=\"canonical\" href=\"https:\/\/www.q-bital.com\/da_dk\/procurement\/\" \/>\n<meta property=\"og:locale\" content=\"da_DK\" \/>\n<meta property=\"og:type\" content=\"article\" \/>\n<meta property=\"og:title\" content=\"Procurement - Q-bital Healthcare Solutions\" \/>\n<meta property=\"og:url\" content=\"https:\/\/www.q-bital.com\/da_dk\/procurement\/\" \/>\n<meta property=\"og:site_name\" content=\"Q-bital Healthcare Solutions\" \/>\n<meta property=\"article:modified_time\" content=\"2023-09-07T11:11:00+00:00\" \/>\n<meta name=\"twitter:card\" content=\"summary_large_image\" \/>\n<script type=\"application\/ld+json\" class=\"yoast-schema-graph\">{\"@context\":\"https:\\\/\\\/schema.org\",\"@graph\":[{\"@type\":\"WebPage\",\"@id\":\"https:\\\/\\\/www.q-bital.com\\\/procurement\\\/\",\"url\":\"https:\\\/\\\/www.q-bital.com\\\/procurement\\\/\",\"name\":\"Procurement - Q-bital Healthcare Solutions\",\"isPartOf\":{\"@id\":\"https:\\\/\\\/www.q-bital.com\\\/#website\"},\"datePublished\":\"2023-07-03T14:28:23+00:00\",\"dateModified\":\"2023-09-07T11:11:00+00:00\",\"inLanguage\":\"da-DK\",\"potentialAction\":[{\"@type\":\"ReadAction\",\"target\":[\"https:\\\/\\\/www.q-bital.com\\\/procurement\\\/\"]}]},{\"@type\":\"WebSite\",\"@id\":\"https:\\\/\\\/www.q-bital.com\\\/#website\",\"url\":\"https:\\\/\\\/www.q-bital.com\\\/\",\"name\":\"Q-bital Healthcare Solutions\",\"description\":\"\",\"potentialAction\":[{\"@type\":\"SearchAction\",\"target\":{\"@type\":\"EntryPoint\",\"urlTemplate\":\"https:\\\/\\\/www.q-bital.com\\\/?s={search_term_string}\"},\"query-input\":{\"@type\":\"PropertyValueSpecification\",\"valueRequired\":true,\"valueName\":\"search_term_string\"}}],\"inLanguage\":\"da-DK\"}]}<\/script>\n<!-- \/ Yoast SEO plugin. -->","yoast_head_json":{"title":"Indk\u00f8b - Q-bital Healthcare Solutions","robots":{"index":"index","follow":"follow","max-snippet":"max-snippet:-1","max-image-preview":"max-image-preview:large","max-video-preview":"max-video-preview:-1"},"canonical":"https:\/\/www.q-bital.com\/da_dk\/procurement\/","og_locale":"da_DK","og_type":"article","og_title":"Procurement - Q-bital Healthcare Solutions","og_url":"https:\/\/www.q-bital.com\/da_dk\/procurement\/","og_site_name":"Q-bital Healthcare Solutions","article_modified_time":"2023-09-07T11:11:00+00:00","twitter_card":"summary_large_image","schema":{"@context":"https:\/\/schema.org","@graph":[{"@type":"WebPage","@id":"https:\/\/www.q-bital.com\/procurement\/","url":"https:\/\/www.q-bital.com\/procurement\/","name":"Indk\u00f8b - Q-bital Healthcare Solutions","isPartOf":{"@id":"https:\/\/www.q-bital.com\/#website"},"datePublished":"2023-07-03T14:28:23+00:00","dateModified":"2023-09-07T11:11:00+00:00","inLanguage":"da-DK","potentialAction":[{"@type":"ReadAction","target":["https:\/\/www.q-bital.com\/procurement\/"]}]},{"@type":"WebSite","@id":"https:\/\/www.q-bital.com\/#website","url":"https:\/\/www.q-bital.com\/","name":"Q-bital Healthcare Solutions","description":"","potentialAction":[{"@type":"SearchAction","target":{"@type":"EntryPoint","urlTemplate":"https:\/\/www.q-bital.com\/?s={search_term_string}"},"query-input":{"@type":"PropertyValueSpecification","valueRequired":true,"valueName":"search_term_string"}}],"inLanguage":"da-DK"}]}},"_links":{"self":[{"href":"https:\/\/www.q-bital.com\/da_dk\/wp-json\/wp\/v2\/pages\/455","targetHints":{"allow":["GET"]}}],"collection":[{"href":"https:\/\/www.q-bital.com\/da_dk\/wp-json\/wp\/v2\/pages"}],"about":[{"href":"https:\/\/www.q-bital.com\/da_dk\/wp-json\/wp\/v2\/types\/page"}],"author":[{"embeddable":true,"href":"https:\/\/www.q-bital.com\/da_dk\/wp-json\/wp\/v2\/users\/2"}],"replies":[{"embeddable":true,"href":"https:\/\/www.q-bital.com\/da_dk\/wp-json\/wp\/v2\/comments?post=455"}],"version-history":[{"count":0,"href":"https:\/\/www.q-bital.com\/da_dk\/wp-json\/wp\/v2\/pages\/455\/revisions"}],"wp:attachment":[{"href":"https:\/\/www.q-bital.com\/da_dk\/wp-json\/wp\/v2\/media?parent=455"}],"curies":[{"name":"wp","href":"https:\/\/api.w.org\/{rel}","templated":true}]}}