{"id":7284,"date":"2025-02-12T17:18:20","date_gmt":"2025-02-12T17:18:20","guid":{"rendered":"https:\/\/www.vanguardhealthcare.co.uk\/?page_id=7785"},"modified":"2026-01-13T16:04:17","modified_gmt":"2026-01-13T16:04:17","slug":"accreditations-and-certifications","status":"publish","type":"page","link":"https:\/\/www.q-bital.com\/da_dk\/accreditations-and-certifications\/","title":{"rendered":"Akkrediteringer og certificeringer"},"content":{"rendered":"<p>Vi kender den v\u00e6rdi, som certificering bringer til virksomheder og deres kunder, og derfor bliver vi \u00e5rligt eksternt revideret i forhold til f\u00f8lgende standarder. <strong>Akkrediteringerne og certificeringerne nedenfor er grupperet efter driftssted for klarhedens skyld.<\/strong><\/p>\n<div style=\"height:58px\" aria-hidden=\"true\" class=\"wp-block-spacer\"><\/div>\n<h2 class=\"wp-block-heading has-text-align-center\">Storbritannien og Irland<\/h2>\n<div style=\"height:24px\" aria-hidden=\"true\" class=\"wp-block-spacer\"><\/div>\n<div class=\"wp-block-media-text is-stacked-on-mobile\" style=\"grid-template-columns:25% auto\">\n<figure class=\"wp-block-media-text__media\"><img decoding=\"async\" src=\"https:\/\/www.vanguardhealthcare.co.uk\/wp-content\/uploads\/2025\/03\/Untitled-design-2.png\" alt=\"\" class=\"wp-image-7876 size-full\" \/><\/figure>\n<div class=\"wp-block-media-text__content\">\n<p><strong>Cyber Essentials Plus-certificering<\/strong>&nbsp;<\/p>\n<p>Cyber Essentials Plus er en britisk regeringsst\u00f8ttet ordning, der er designet til at hj\u00e6lpe organisationer med at beskytte sig mod almindelige onlinetrusler. Dette giver yderligere sikkerhed for, at vi beskytter klientdata mod cybertrusler med de n\u00f8dvendige tekniske kontroller.<\/p>\n<\/div>\n<\/div>\n<div class=\"wp-block-media-text is-stacked-on-mobile\" style=\"grid-template-columns:25% auto\">\n<figure class=\"wp-block-media-text__media\"><img decoding=\"async\" src=\"https:\/\/www.vanguardhealthcare.co.uk\/wp-content\/uploads\/2025\/02\/ISO9001_BAB-1024x1024.jpg\" alt=\"\" class=\"wp-image-7787 size-full\" \/><\/figure>\n<div class=\"wp-block-media-text__content\">\n<p><strong>ISO 9001 kvalitetsstyringsakkreditering<\/strong><\/p>\n<p>Vi er dedikerede til at overg\u00e5 kundernes forventninger og levere enest\u00e5ende service. Vores ISO 9001-certificering forst\u00e6rker denne dedikation og sikrer, at vi konsekvent im\u00f8dekommer kundernes behov og aktivt s\u00f8ger deres feedback. Denne tilgang hj\u00e6lper os med at identificere forbedringsmuligheder, forbedre vores kundeoplevelse og sikre, at vi konsekvent leverer femstjernet service.<\/p>\n<\/div>\n<\/div>\n<div class=\"wp-block-media-text is-stacked-on-mobile\" style=\"grid-template-columns:25% auto\">\n<figure class=\"wp-block-media-text__media\"><img decoding=\"async\" src=\"https:\/\/www.vanguardhealthcare.co.uk\/wp-content\/uploads\/2025\/02\/ISO14001_BAB-1024x1024.jpg\" alt=\"\" class=\"wp-image-7788 size-full\" \/><\/figure>\n<div class=\"wp-block-media-text__content\">\n<p><strong>ISO 14001 Milj\u00f8ledelsesakkreditering<\/strong><\/p>\n<p>For kunder, der prioriterer b\u00e6redygtighed, kan du v\u00e6re sikker p\u00e5, at vi er dedikeret til at minimere vores milj\u00f8m\u00e6ssige fodaftryk.<\/p>\n<p>Vores ISO 14001-certificering g\u00f8r det muligt for os at implementere effektive foranstaltninger til at h\u00e5ndtere vores milj\u00f8p\u00e5virkning. <\/p>\n<\/div>\n<\/div>\n<div class=\"wp-block-media-text is-stacked-on-mobile\" style=\"grid-template-columns:25% auto\">\n<figure class=\"wp-block-media-text__media\"><img decoding=\"async\" src=\"https:\/\/www.vanguardhealthcare.co.uk\/wp-content\/uploads\/2025\/02\/ISO45001_BAB-1024x1024.jpg\" alt=\"\" class=\"wp-image-7789 size-full\" \/><\/figure>\n<div class=\"wp-block-media-text__content\">\n<p><strong>ISO 45001 Akkreditering inden for sundheds- og sikkerhedsledelse<\/strong><\/p>\n<p>Vi er dedikerede til at overg\u00e5 vores kunders forventninger og levere enest\u00e5ende service. Vores ISO 45001-certificering understreger denne forpligtelse og sikrer, at vi konsekvent opfylder kravene til arbejdsmilj\u00f8 og sikkerhed og aktivt s\u00f8ger feedback. Denne tilgang hj\u00e6lper os med at identificere muligheder for forbedring, forbedre vores sikkerhed p\u00e5 arbejdspladsen og sikre, at vi l\u00f8bende leverer et sikkert og sundt milj\u00f8 for vores medarbejdere og kunder.<\/p>\n<\/div>\n<\/div>\n<div class=\"wp-block-media-text is-stacked-on-mobile is-vertically-aligned-center\" style=\"grid-template-columns:25% auto\">\n<figure class=\"wp-block-media-text__media\"><img loading=\"lazy\" decoding=\"async\" width=\"1280\" height=\"650\" src=\"https:\/\/www.q-bital.com\/wp-content\/uploads\/sites\/8\/2026\/01\/mark-of-trust-certificate-of-conformity-BIMdesignandconstruction-black-logo-En-GB-0524.jpg\" alt=\"\" class=\"wp-image-7292 size-full\" srcset=\"https:\/\/www.q-bital.com\/wp-content\/uploads\/sites\/8\/2026\/01\/mark-of-trust-certificate-of-conformity-BIMdesignandconstruction-black-logo-En-GB-0524.jpg 1280w, https:\/\/www.q-bital.com\/wp-content\/uploads\/sites\/8\/2026\/01\/mark-of-trust-certificate-of-conformity-BIMdesignandconstruction-black-logo-En-GB-0524-300x152.jpg 300w, https:\/\/www.q-bital.com\/wp-content\/uploads\/sites\/8\/2026\/01\/mark-of-trust-certificate-of-conformity-BIMdesignandconstruction-black-logo-En-GB-0524-768x390.jpg 768w, https:\/\/www.q-bital.com\/wp-content\/uploads\/sites\/8\/2026\/01\/mark-of-trust-certificate-of-conformity-BIMdesignandconstruction-black-logo-En-GB-0524-18x9.jpg 18w\" sizes=\"auto, (max-width: 1280px) 100vw, 1280px\" \/><\/figure>\n<div class=\"wp-block-media-text__content\">\n<p><strong><strong>ISO 19650-2-certificering<\/strong><\/strong><\/p>\n<p>BSI-certificering til&nbsp;<strong>BS EN ISO 19650-2:2018<\/strong>&nbsp;demonstrerer, at Vanguard Healthcare Solutions h\u00e5ndterer information under levering af sundhedsfaciliteter p\u00e5 en ensartet, sikker og internationalt anerkendt m\u00e5de. For vores kunder giver dette sikkerhed for, at klinisk design og kontraktinformation er n\u00f8jagtig, velforvaltet og administreret i samarbejde ved hj\u00e6lp af Building Information Modeling, hvilket hj\u00e6lper med at reducere risiko, forbedre koordineringen og underst\u00f8tte sikker beslutningstagning p\u00e5 tv\u00e6rs af komplekse sundhedsprojekter.<\/p>\n<\/div>\n<\/div>\n<div class=\"wp-block-media-text is-stacked-on-mobile is-vertically-aligned-center\" style=\"grid-template-columns:25% auto\">\n<figure class=\"wp-block-media-text__media\"><img decoding=\"async\" src=\"https:\/\/www.vanguardhealthcare.co.uk\/wp-content\/uploads\/2025\/07\/White-VF-CHAS_LtBG_jpg-1024x725.jpg\" alt=\"\" class=\"wp-image-8067 size-full\" \/><\/figure>\n<div class=\"wp-block-media-text__content\">\n<p><strong>CHAS Elite<\/strong><\/p>\n<p>Opn\u00e5else af CHAS Elite Status-akkreditering giver sikkerhed for, at vi opfylder strenge kriterier, hvilket ikke blot sikrer overholdelse af lovkrav, men ogs\u00e5 implementering af bedste praksis for beskyttelse af b\u00e5de personale og klienter. Det styrker vores engagement i at opretholde et sikkert arbejdsmilj\u00f8 og effektivt afb\u00f8de risici. CHAS Elite Status giver ro i sindet, at vi arbejder med integritet, ansvarlighed og professionalisme. <\/p>\n<\/p>\n<\/p>\n<\/div>\n<\/div>\n<div style=\"height:42px\" aria-hidden=\"true\" class=\"wp-block-spacer\"><\/div>\n<h2 class=\"wp-block-heading has-text-align-center\">Australien<\/h2>\n<div style=\"height:38px\" aria-hidden=\"true\" class=\"wp-block-spacer\"><\/div>\n<div class=\"wp-block-media-text is-stacked-on-mobile is-vertically-aligned-center\" style=\"grid-template-columns:25% auto\">\n<figure class=\"wp-block-media-text__media\"><img loading=\"lazy\" decoding=\"async\" width=\"569\" height=\"1024\" src=\"https:\/\/www.q-bital.com\/wp-content\/uploads\/sites\/8\/2026\/01\/Certifi_StandardsLogos_PORTRAIT_11.04.24_9001-569x1024.png\" alt=\"\" class=\"wp-image-7287 size-full\" srcset=\"https:\/\/www.q-bital.com\/wp-content\/uploads\/sites\/8\/2026\/01\/Certifi_StandardsLogos_PORTRAIT_11.04.24_9001-569x1024.png 569w, https:\/\/www.q-bital.com\/wp-content\/uploads\/sites\/8\/2026\/01\/Certifi_StandardsLogos_PORTRAIT_11.04.24_9001-167x300.png 167w, https:\/\/www.q-bital.com\/wp-content\/uploads\/sites\/8\/2026\/01\/Certifi_StandardsLogos_PORTRAIT_11.04.24_9001-768x1382.png 768w, https:\/\/www.q-bital.com\/wp-content\/uploads\/sites\/8\/2026\/01\/Certifi_StandardsLogos_PORTRAIT_11.04.24_9001-853x1536.png 853w, https:\/\/www.q-bital.com\/wp-content\/uploads\/sites\/8\/2026\/01\/Certifi_StandardsLogos_PORTRAIT_11.04.24_9001-7x12.png 7w, https:\/\/www.q-bital.com\/wp-content\/uploads\/sites\/8\/2026\/01\/Certifi_StandardsLogos_PORTRAIT_11.04.24_9001.png 945w\" sizes=\"auto, (max-width: 569px) 100vw, 569px\" \/><\/figure>\n<div class=\"wp-block-media-text__content\">\n<p><strong>ISO 9001 kvalitetsstyringsakkreditering<\/strong><\/p>\n<p>Vi er dedikerede til at overg\u00e5 kundernes forventninger og levere enest\u00e5ende service. Vores ISO 9001-certificering forst\u00e6rker denne dedikation og sikrer, at vi konsekvent im\u00f8dekommer kundernes behov og aktivt s\u00f8ger deres feedback. Denne tilgang hj\u00e6lper os med at identificere forbedringsmuligheder, forbedre vores kundeoplevelse og sikre, at vi konsekvent leverer femstjernet service.<\/p>\n<\/p>\n<\/p>\n<\/div>\n<\/div>\n<div class=\"wp-block-media-text is-stacked-on-mobile is-vertically-aligned-center\" style=\"grid-template-columns:25% auto\">\n<figure class=\"wp-block-media-text__media\"><img loading=\"lazy\" decoding=\"async\" width=\"569\" height=\"1024\" src=\"https:\/\/www.q-bital.com\/wp-content\/uploads\/sites\/8\/2026\/01\/Certifi_StandardsLogos_PORTRAIT_11.04.24_14001-569x1024.png\" alt=\"\" class=\"wp-image-7288 size-full\" srcset=\"https:\/\/www.q-bital.com\/wp-content\/uploads\/sites\/8\/2026\/01\/Certifi_StandardsLogos_PORTRAIT_11.04.24_14001-569x1024.png 569w, https:\/\/www.q-bital.com\/wp-content\/uploads\/sites\/8\/2026\/01\/Certifi_StandardsLogos_PORTRAIT_11.04.24_14001-167x300.png 167w, https:\/\/www.q-bital.com\/wp-content\/uploads\/sites\/8\/2026\/01\/Certifi_StandardsLogos_PORTRAIT_11.04.24_14001-768x1382.png 768w, https:\/\/www.q-bital.com\/wp-content\/uploads\/sites\/8\/2026\/01\/Certifi_StandardsLogos_PORTRAIT_11.04.24_14001-853x1536.png 853w, https:\/\/www.q-bital.com\/wp-content\/uploads\/sites\/8\/2026\/01\/Certifi_StandardsLogos_PORTRAIT_11.04.24_14001-7x12.png 7w, https:\/\/www.q-bital.com\/wp-content\/uploads\/sites\/8\/2026\/01\/Certifi_StandardsLogos_PORTRAIT_11.04.24_14001.png 945w\" sizes=\"auto, (max-width: 569px) 100vw, 569px\" \/><\/figure>\n<div class=\"wp-block-media-text__content\">\n<p><strong>ISO 14001 Milj\u00f8ledelsesakkreditering<\/strong><\/p>\n<p>For kunder, der prioriterer b\u00e6redygtighed, kan du v\u00e6re sikker p\u00e5, at vi er dedikeret til at minimere vores milj\u00f8m\u00e6ssige fodaftryk.<\/p>\n<p>Vores ISO 14001-certificering g\u00f8r det muligt for os at implementere effektive foranstaltninger til at h\u00e5ndtere vores milj\u00f8p\u00e5virkning.<\/p>\n<\/p>\n<\/p>\n<\/div>\n<\/div>","protected":false},"excerpt":{"rendered":"<p>We know the value that certification brings to businesses and their customers, which is why we are externally audited on an annual basis against the following standards. The accreditations and certifications below are grouped by operational location for clarity. UK &amp; Ireland Cyber Essentials Plus Certification&nbsp; Cyber Essentials Plus is a UK government-backed scheme designed [&hellip;]<\/p>\n","protected":false},"author":11,"featured_media":0,"parent":0,"menu_order":0,"comment_status":"closed","ping_status":"closed","template":"","meta":{"_acf_changed":false,"footnotes":""},"class_list":["post-7284","page","type-page","status-publish","hentry"],"acf":[],"yoast_head":"<!-- This site is optimized with the Yoast SEO plugin v27.3 - https:\/\/yoast.com\/product\/yoast-seo-wordpress\/ -->\n<title>Accreditations and Certifications - Q-bital Healthcare Solutions<\/title>\n<meta name=\"robots\" content=\"index, follow, max-snippet:-1, max-image-preview:large, max-video-preview:-1\" \/>\n<link rel=\"canonical\" href=\"https:\/\/www.q-bital.com\/da_dk\/accreditations-and-certifications\/\" \/>\n<meta property=\"og:locale\" content=\"da_DK\" \/>\n<meta property=\"og:type\" content=\"article\" \/>\n<meta property=\"og:title\" content=\"Accreditations and Certifications - Q-bital Healthcare Solutions\" \/>\n<meta property=\"og:description\" content=\"We know the value that certification brings to businesses and their customers, which is why we are externally audited on an annual basis against the following standards. The accreditations and certifications below are grouped by operational location for clarity. UK &amp; Ireland Cyber Essentials Plus Certification&nbsp; Cyber Essentials Plus is a UK government-backed scheme designed [&hellip;]\" \/>\n<meta property=\"og:url\" content=\"https:\/\/www.q-bital.com\/da_dk\/accreditations-and-certifications\/\" \/>\n<meta property=\"og:site_name\" content=\"Q-bital Healthcare Solutions\" \/>\n<meta property=\"article:modified_time\" content=\"2026-01-13T16:04:17+00:00\" \/>\n<meta name=\"twitter:card\" content=\"summary_large_image\" \/>\n<meta name=\"twitter:label1\" content=\"Estimeret l\u00e6setid\" \/>\n\t<meta name=\"twitter:data1\" content=\"4 minutter\" \/>\n<script type=\"application\/ld+json\" class=\"yoast-schema-graph\">{\"@context\":\"https:\\\/\\\/schema.org\",\"@graph\":[{\"@type\":\"WebPage\",\"@id\":\"https:\\\/\\\/www.q-bital.com\\\/accreditations-and-certifications\\\/\",\"url\":\"https:\\\/\\\/www.q-bital.com\\\/accreditations-and-certifications\\\/\",\"name\":\"Accreditations and Certifications - Q-bital Healthcare Solutions\",\"isPartOf\":{\"@id\":\"https:\\\/\\\/www.q-bital.com\\\/#website\"},\"primaryImageOfPage\":{\"@id\":\"https:\\\/\\\/www.q-bital.com\\\/accreditations-and-certifications\\\/#primaryimage\"},\"image\":{\"@id\":\"https:\\\/\\\/www.q-bital.com\\\/accreditations-and-certifications\\\/#primaryimage\"},\"thumbnailUrl\":\"https:\\\/\\\/www.vanguardhealthcare.co.uk\\\/wp-content\\\/uploads\\\/2025\\\/03\\\/Untitled-design-2.png\",\"datePublished\":\"2025-02-12T17:18:20+00:00\",\"dateModified\":\"2026-01-13T16:04:17+00:00\",\"inLanguage\":\"da-DK\",\"potentialAction\":[{\"@type\":\"ReadAction\",\"target\":[\"https:\\\/\\\/www.q-bital.com\\\/accreditations-and-certifications\\\/\"]}]},{\"@type\":\"ImageObject\",\"inLanguage\":\"da-DK\",\"@id\":\"https:\\\/\\\/www.q-bital.com\\\/accreditations-and-certifications\\\/#primaryimage\",\"url\":\"https:\\\/\\\/www.vanguardhealthcare.co.uk\\\/wp-content\\\/uploads\\\/2025\\\/03\\\/Untitled-design-2.png\",\"contentUrl\":\"https:\\\/\\\/www.vanguardhealthcare.co.uk\\\/wp-content\\\/uploads\\\/2025\\\/03\\\/Untitled-design-2.png\"},{\"@type\":\"WebSite\",\"@id\":\"https:\\\/\\\/www.q-bital.com\\\/#website\",\"url\":\"https:\\\/\\\/www.q-bital.com\\\/\",\"name\":\"Q-bital Healthcare Solutions\",\"description\":\"\",\"potentialAction\":[{\"@type\":\"SearchAction\",\"target\":{\"@type\":\"EntryPoint\",\"urlTemplate\":\"https:\\\/\\\/www.q-bital.com\\\/?s={search_term_string}\"},\"query-input\":{\"@type\":\"PropertyValueSpecification\",\"valueRequired\":true,\"valueName\":\"search_term_string\"}}],\"inLanguage\":\"da-DK\"}]}<\/script>\n<!-- \/ Yoast SEO plugin. -->","yoast_head_json":{"title":"Akkrediteringer og certificeringer - Q-bital Healthcare Solutions","robots":{"index":"index","follow":"follow","max-snippet":"max-snippet:-1","max-image-preview":"max-image-preview:large","max-video-preview":"max-video-preview:-1"},"canonical":"https:\/\/www.q-bital.com\/da_dk\/accreditations-and-certifications\/","og_locale":"da_DK","og_type":"article","og_title":"Accreditations and Certifications - Q-bital Healthcare Solutions","og_description":"We know the value that certification brings to businesses and their customers, which is why we are externally audited on an annual basis against the following standards. The accreditations and certifications below are grouped by operational location for clarity. UK &amp; Ireland Cyber Essentials Plus Certification&nbsp; Cyber Essentials Plus is a UK government-backed scheme designed [&hellip;]","og_url":"https:\/\/www.q-bital.com\/da_dk\/accreditations-and-certifications\/","og_site_name":"Q-bital Healthcare Solutions","article_modified_time":"2026-01-13T16:04:17+00:00","twitter_card":"summary_large_image","twitter_misc":{"Estimeret l\u00e6setid":"4 minutter"},"schema":{"@context":"https:\/\/schema.org","@graph":[{"@type":"WebPage","@id":"https:\/\/www.q-bital.com\/accreditations-and-certifications\/","url":"https:\/\/www.q-bital.com\/accreditations-and-certifications\/","name":"Akkrediteringer og certificeringer - Q-bital Healthcare Solutions","isPartOf":{"@id":"https:\/\/www.q-bital.com\/#website"},"primaryImageOfPage":{"@id":"https:\/\/www.q-bital.com\/accreditations-and-certifications\/#primaryimage"},"image":{"@id":"https:\/\/www.q-bital.com\/accreditations-and-certifications\/#primaryimage"},"thumbnailUrl":"https:\/\/www.vanguardhealthcare.co.uk\/wp-content\/uploads\/2025\/03\/Untitled-design-2.png","datePublished":"2025-02-12T17:18:20+00:00","dateModified":"2026-01-13T16:04:17+00:00","inLanguage":"da-DK","potentialAction":[{"@type":"ReadAction","target":["https:\/\/www.q-bital.com\/accreditations-and-certifications\/"]}]},{"@type":"ImageObject","inLanguage":"da-DK","@id":"https:\/\/www.q-bital.com\/accreditations-and-certifications\/#primaryimage","url":"https:\/\/www.vanguardhealthcare.co.uk\/wp-content\/uploads\/2025\/03\/Untitled-design-2.png","contentUrl":"https:\/\/www.vanguardhealthcare.co.uk\/wp-content\/uploads\/2025\/03\/Untitled-design-2.png"},{"@type":"WebSite","@id":"https:\/\/www.q-bital.com\/#website","url":"https:\/\/www.q-bital.com\/","name":"Q-bital Healthcare Solutions","description":"","potentialAction":[{"@type":"SearchAction","target":{"@type":"EntryPoint","urlTemplate":"https:\/\/www.q-bital.com\/?s={search_term_string}"},"query-input":{"@type":"PropertyValueSpecification","valueRequired":true,"valueName":"search_term_string"}}],"inLanguage":"da-DK"}]}},"_links":{"self":[{"href":"https:\/\/www.q-bital.com\/da_dk\/wp-json\/wp\/v2\/pages\/7284","targetHints":{"allow":["GET"]}}],"collection":[{"href":"https:\/\/www.q-bital.com\/da_dk\/wp-json\/wp\/v2\/pages"}],"about":[{"href":"https:\/\/www.q-bital.com\/da_dk\/wp-json\/wp\/v2\/types\/page"}],"author":[{"embeddable":true,"href":"https:\/\/www.q-bital.com\/da_dk\/wp-json\/wp\/v2\/users\/11"}],"replies":[{"embeddable":true,"href":"https:\/\/www.q-bital.com\/da_dk\/wp-json\/wp\/v2\/comments?post=7284"}],"version-history":[{"count":0,"href":"https:\/\/www.q-bital.com\/da_dk\/wp-json\/wp\/v2\/pages\/7284\/revisions"}],"wp:attachment":[{"href":"https:\/\/www.q-bital.com\/da_dk\/wp-json\/wp\/v2\/media?parent=7284"}],"curies":[{"name":"wp","href":"https:\/\/api.w.org\/{rel}","templated":true}]}}