{"id":14,"date":"2023-05-24T11:38:34","date_gmt":"2023-05-24T11:38:34","guid":{"rendered":"https:\/\/www.q-bital.com\/?page_id=14"},"modified":"2026-03-03T11:20:33","modified_gmt":"2026-03-03T11:20:33","slug":"homepage","status":"publish","type":"page","link":"https:\/\/www.q-bital.com\/de_de\/","title":{"rendered":"Startseite"},"content":{"rendered":"<section id=\"section-2-14\" class=\"ct-section\" >\n<div class=\"ct-section-inner-wrap\">\n<div id=\"new_columns-3-14\" class=\"ct-new-columns\" >\n<div id=\"div_block-4-14\" class=\"ct-div-block\" >\n<h1 id=\"headline-5-14\" class=\"ct-headline\">Fortschrittliche Gesundheitseinrichtungen, die in k\u00fcrzester Zeit bereitgestellt werden<\/h1>\n<p><a id=\"link_button-10-14\" class=\"ct-link-button\" href=\"\/de_de\/heritage\/\" target=\"_self\"  >Um<\/a><\/div>\n<div id=\"div_block-9-14\" class=\"ct-div-block\" ><link rel='stylesheet' id='oxygen-unslider-css'  href='https:\/\/www.q-bital.com\/wp-content\/plugins\/oxygen\/component-framework\/vendor\/unslider\/unslider.css' type='text\/css' media='all'\/>\n<div id=\"slider-88-14\" class=\"ct-slider ct_unique_slider_5622\" >\n<div class=\"oxygen-unslider-container\">\n<ul>\n<li>\n<div id=\"slide-89-14\" class=\"ct-slide\" ><img decoding=\"async\"  id=\"image-96-14\" alt=\"\" src=\"https:\/\/www.q-bital.com\/wp-content\/uploads\/sites\/8\/2023\/09\/home1.jpg\" class=\"ct-image\"\/><\/div>\n<\/li>\n<li>\n<div id=\"slide-12-65\" class=\"ct-slide\" ><img decoding=\"async\"  id=\"image-13-65\" alt=\"\" src=\"https:\/\/www.q-bital.com\/wp-content\/uploads\/sites\/8\/2023\/09\/home2.jpg\" class=\"ct-image\"\/><\/div>\n<\/li>\n<li>\n<div id=\"slide-14-65\" class=\"ct-slide\" ><img decoding=\"async\"  id=\"image-15-65\" alt=\"\" src=\"https:\/\/www.q-bital.com\/wp-content\/uploads\/sites\/8\/2023\/09\/home3.jpg\" class=\"ct-image\"\/><\/div>\n<\/li>\n<li>\n<div id=\"slide-101-14\" class=\"ct-slide\" ><img decoding=\"async\"  id=\"image-102-14\" alt=\"\" src=\"https:\/\/www.q-bital.com\/wp-content\/uploads\/sites\/8\/2023\/09\/Heartlands-Exterior-3-homepage-carousel-2.jpg\" class=\"ct-image\"\/><\/div>\n<\/li>\n<\/ul>\n<\/div>\n<\/div>\n<p><script class=\"ct-slider-script\">jQuery(document).ready(function($){$('#slider-88-14.ct_unique_slider_5622 .oxygen-unslider-container:not(.unslider-horizontal,.unslider-fade)').unslider({autoplay: true, delay: 3000, animation: 'horizontal', speed : 750, arrows: true, nav: false, infinite: true})});<\/script><\/div>\n<\/div>\n<\/div>\n<\/section>\n<section id=\"section-68-14\" class=\"ct-section\" >\n<div class=\"ct-section-inner-wrap\">\n<div id=\"new_columns-69-14\" class=\"ct-new-columns\" >\n<div id=\"div_block-70-14\" class=\"ct-div-block\" >\n<h2 id=\"headline-71-14\" class=\"ct-headline\">Bereitstellung mobiler und modularer Gesundheitsl\u00f6sungen<\/h2>\n<div id=\"_rich_text-72-14\" class=\"oxy-rich-text\" >\n<p>Vanguard Healthcare Solutions ist ein weltweit f\u00fchrender Anbieter flexibler klinischer Infrastruktur und Dienstleistungen, der durch die Zusammenarbeit mit unseren Kunden schnell hochwertige, technisch fortschrittliche L\u00f6sungen liefert, um die Gesundheitsergebnisse zu verbessern.&nbsp;<\/p>\n<p>Wir arbeiten mit unseren Kunden zusammen, um qualitativ hochwertige, nachhaltige Gesundheitsl\u00f6sungen mit ma\u00dfgeschneiderten mobilen und modularen Gesundheitsr\u00e4umen bereitzustellen, die auf die individuellen Bed\u00fcrfnisse jedes Gesundheitssystems zugeschnitten sind.&nbsp;<\/p>\n<\/div>\n<p><a id=\"link_button-73-14\" class=\"ct-link-button\" href=\"\/de_de\/our-facilities\/\" target=\"_self\"  >Unsere Einrichtungen<\/a><\/div>\n<div id=\"div_block-74-14\" class=\"ct-div-block\" ><img decoding=\"async\"  id=\"image-75-14\" alt=\"\" src=\"https:\/\/www.q-bital.com\/wp-content\/uploads\/sites\/8\/2023\/06\/kettering-2-1.jpg\" class=\"ct-image\"\/><\/div>\n<\/div>\n<\/div>\n<\/section>\n<section id=\"section-53-14\" class=\"ct-section\" >\n<div class=\"ct-section-inner-wrap\">\n<div id=\"new_columns-54-14\" class=\"ct-new-columns\" >\n<div id=\"div_block-55-14\" class=\"ct-div-block\" ><img decoding=\"async\"  id=\"image-59-14\" alt=\"\" src=\"https:\/\/www.q-bital.com\/wp-content\/uploads\/sites\/8\/2023\/06\/urgent_admission_centre_3D-1.png\" class=\"ct-image fade-up\"\/><\/div>\n<div id=\"div_block-56-14\" class=\"ct-div-block\" >\n<h2 id=\"headline-57-14\" class=\"ct-headline\">Was wir tun<\/h2>\n<div id=\"_rich_text-58-14\" class=\"oxy-rich-text\" >\n<p>Zu unseren mobilen Einrichtungen, die innerhalb weniger Wochen installiert und in Betrieb genommen werden k\u00f6nnen, geh\u00f6ren Operationss\u00e4le, Endoskopier\u00e4ume, Endoskopdekontamination, Sterilisation, Stationen, Kliniken, Abteilungen f\u00fcr leichte Verletzungen und die \u00dcbergabe an Krankenwagen. Sie sind skalierbar, einschlie\u00dflich der Integration in modulare Einrichtungen, und dienen als chirurgische Zentren und kommunale Diagnosezentren. Die von uns errichteten modularen Geb\u00e4ude bieten grenzenlose M\u00f6glichkeiten, v\u00f6llig einzigartige und ma\u00dfgeschneiderte Gesundheitsr\u00e4ume effizienter zu schaffen als mit herk\u00f6mmlichen Bauweisen.<\/p>\n<\/div>\n<p><a id=\"link_button-63-14\" class=\"ct-link-button\" href=\"\/de_de\/our-services\/\" target=\"_self\"  >Unsere Dienstleistungen<\/a><\/div>\n<\/div>\n<\/div>\n<\/section>\n<section id=\"section-64-208\" class=\"ct-section\" >\n<div class=\"ct-section-inner-wrap\">\n<div id=\"div_block-65-208\" class=\"ct-div-block\" >\n<h2 id=\"headline-66-208\" class=\"ct-headline\">Fallstudien<\/h2>\n<\/div>\n<div id=\"_dynamic_list-67-208\" class=\"oxy-dynamic-list\">\n<div id=\"div_block-68-208-1\" class=\"ct-div-block\" data-id=\"div_block-68-208\">\n<div id=\"div_block-69-208-1\" class=\"ct-div-block\" data-id=\"div_block-69-208\"><img decoding=\"async\" id=\"image-70-208-1\" alt=\"\" src=\"https:\/\/www.q-bital.com\/wp-content\/uploads\/sites\/8\/2024\/08\/Q-bital-still-1820x1024.jpg\" class=\"ct-image\" data-id=\"image-70-208\"><\/div>\n<div id=\"div_block-71-208-1\" class=\"ct-div-block\" data-id=\"div_block-71-208\"><a id=\"link-72-208-1\" class=\"ct-link\" href=\"https:\/\/www.q-bital.com\/de_de\/case-study\/a-600m%c2%b2-mixed-modality-solution-meets-north-bristol-nhs-fts-need-for-a-day-case-facility\/\" target=\"_self\" data-id=\"link-72-208\"><\/p>\n<h2 id=\"headline-73-208-1\" class=\"ct-headline\" data-id=\"headline-73-208\"><span id=\"span-74-208\" class=\"ct-span\" >Eine 600 m\u00b2 gro\u00dfe Mixed-Modality-L\u00f6sung erf\u00fcllt den Bedarf des North Bristol NHS FT an einer Tagesklinik<\/span><\/h2>\n<p><\/a><\/p>\n<div id=\"text_block-75-208-1\" class=\"ct-text-block\" data-id=\"text_block-75-208\"><span id=\"span-76-208\" class=\"ct-span\" >Eine Einrichtung f\u00fcr gemischte Modalit\u00e4ten, die aus mobilen Operationss\u00e4len und Unterst\u00fctzungsr\u00e4umen besteht, die mit modernen Baumethoden errichtet wurden, minimiert die Vorlaufzeiten und bietet gleichzeitig Flexibilit\u00e4t beim Design.<\/span><\/div>\n<p><a id=\"link_text-77-208-1\" class=\"ct-link-text\" href=\"https:\/\/www.q-bital.com\/de_de\/case-study\/a-600m%c2%b2-mixed-modality-solution-meets-north-bristol-nhs-fts-need-for-a-day-case-facility\/\" target=\"_self\" data-id=\"link_text-77-208\">Mehr Info<\/a><\/div>\n<\/div>\n<div id=\"div_block-68-208-2\" class=\"ct-div-block\" data-id=\"div_block-68-208\">\n<div id=\"div_block-69-208-2\" class=\"ct-div-block\" data-id=\"div_block-69-208\"><img decoding=\"async\" id=\"image-70-208-2\" alt=\"\" src=\"https:\/\/www.q-bital.com\/wp-content\/uploads\/sites\/8\/2024\/08\/Appendix-1_Layout-adjacency-and-images-003-3.jpg\" class=\"ct-image\" data-id=\"image-70-208\"><\/div>\n<div id=\"div_block-71-208-2\" class=\"ct-div-block\" data-id=\"div_block-71-208\"><a id=\"link-72-208-2\" class=\"ct-link\" href=\"https:\/\/www.q-bital.com\/de_de\/case-study\/milton-keynes-university-hospital-opens-a-new-day-case-unit-to-increase-surgical-capacity\/\" target=\"_self\" data-id=\"link-72-208\"><\/p>\n<h2 id=\"headline-73-208-2\" class=\"ct-headline\" data-id=\"headline-73-208\"><span id=\"span-74-208\" class=\"ct-span\" >Das Universit\u00e4tskrankenhaus Milton Keynes er\u00f6ffnet eine neue Tagesklinik zur Erweiterung der Operationskapazit\u00e4t<\/span><\/h2>\n<p><\/a><\/p>\n<div id=\"text_block-75-208-2\" class=\"ct-text-block\" data-id=\"text_block-75-208\"><span id=\"span-76-208\" class=\"ct-span\" >\u201eMein Erfolgsma\u00dfstab ist, dass ich jeden Montag meinen Bericht zur Patientenverfolgungsliste aktualisiere und schaue, um wie viel sich unsere Warteliste insgesamt verk\u00fcrzt hat. Und wir tun das Beste f\u00fcr unsere Patienten, und das ist das, was mir wirklich wichtig ist.\u201c \u2013 Claire McGillycuddy, MKUH<\/span><\/div>\n<p><a id=\"link_text-77-208-2\" class=\"ct-link-text\" href=\"https:\/\/www.q-bital.com\/de_de\/case-study\/milton-keynes-university-hospital-opens-a-new-day-case-unit-to-increase-surgical-capacity\/\" target=\"_self\" data-id=\"link_text-77-208\">Mehr Info<\/a><\/div>\n<\/div><\/div>\n<div id=\"div_block-78-208\" class=\"ct-div-block\" ><a id=\"link_button-79-208\" class=\"ct-link-button button-blue\" href=\"\/de_de\/case-studies\/\" target=\"_self\"  >Alle Fallstudien ansehen<\/a><\/div>\n<\/div>\n<\/section>\n<div class=\"wp-block-bozboz-hotspot\">\n<div class=\"hotspotContainer ct-section hotspotLayout-2\" style=\"background-color:#dae7f0;padding:50px 20px\">\n<div class=\"hotspotInnerWrap ct-section-inner-wrap\" style=\"border-radius:20px;padding:30px;background-color:#004983;color:#fff;display:flex\">\n<div class=\"hotspotCol hotspotColOne\">\n<div class=\"hotspotImageContainer\" style=\"position:relative;max-width:800px\">\n<div class=\"hotspotDot\" data-text=\"Clean storage\" data-x=\"21\" data-y=\"14\" style=\"position:absolute;top:14%;left:21%\">\n<div>A<\/div>\n<\/div>\n<div class=\"hotspotDot\" data-text=\"Corridor\" data-x=\"39\" data-y=\"15\" style=\"position:absolute;top:15%;left:39%\">\n<div>B<\/div>\n<\/div>\n<div class=\"hotspotDot\" data-text=\"corridor\" data-x=\"61\" data-y=\"8\" style=\"position:absolute;top:8%;left:61%\">\n<div>C<\/div>\n<\/div>\n<div class=\"hotspotDot\" data-text=\"Anaesthetic\" data-x=\"19\" data-y=\"29\" style=\"position:absolute;top:29%;left:19%\">\n<div>D<\/div>\n<\/div>\n<div class=\"hotspotDot\" data-text=\"Theatre\" data-x=\"44\" data-y=\"29\" style=\"position:absolute;top:29%;left:44%\">\n<div>E<\/div>\n<\/div>\n<div class=\"hotspotDot\" data-text=\"Recovery\" data-x=\"73\" data-y=\"46\" style=\"position:absolute;top:46%;left:73%\">\n<div>F<\/div>\n<\/div>\n<div class=\"hotspotDot\" data-text=\"Janitor room\" data-x=\"59\" data-y=\"66\" style=\"position:absolute;top:66%;left:59%\">\n<div>G<\/div>\n<\/div>\n<div class=\"hotspotDot\" data-text=\"Vacuum plant area\" data-x=\"59\" data-y=\"76\" style=\"position:absolute;top:76%;left:59%\">\n<div>H<\/div>\n<\/div>\n<div class=\"hotspotDot\" data-text=\"Dirty utility\" data-x=\"48\" data-y=\"63\" style=\"position:absolute;top:63%;left:48%\">\n<div>ICH<\/div>\n<\/div>\n<div class=\"hotspotDot\" data-text=\"Staff room\" data-x=\"18\" data-y=\"40\" style=\"position:absolute;top:40%;left:18%\">\n<div>J<\/div>\n<\/div>\n<div class=\"hotspotDot\" data-text=\"Staff toilet\" data-x=\"3\" data-y=\"41\" style=\"position:absolute;top:41%;left:3%\">\n<div>K<\/div>\n<\/div>\n<div class=\"hotspotDot\" data-text=\"Staff changing\" data-x=\"11\" data-y=\"34\" style=\"position:absolute;top:34%;left:11%\">\n<div>L<\/div>\n<\/div>\n<div class=\"hotspotDot\" data-text=\"Air Handling Unit\" data-x=\"10\" data-y=\"20\" style=\"position:absolute;top:20%;left:10%\">\n<div>M<\/div>\n<\/div>\n<p><img decoding=\"async\" src=\"https:\/\/www.q-bital.com\/wp-content\/uploads\/sites\/8\/2023\/06\/Theatre_3D_no-ramps_NO-SHADOWS_NO-KEY.png\" style=\"width:100%;height:auto\"\/><\/div>\n<\/div>\n<div class=\"hotspotCol hotspotColTwo hotspotTextCol hotspotColContent\">\n<h2 style=\"color:#fff\"><span class=\"headingContent\">Mobiler Operationssaal<\/span><\/h2>\n<div placeholder=\"text content\" class=\"textContent\">Unsere Laminar-Flow-, Ultra-Clean-, standardm\u00e4\u00dfigen und hybriden mobilen und modularen Operationss\u00e4le k\u00f6nnen ma\u00dfgeschneidert nach Ihren Anforderungen gebaut werden. Mehrere R\u00e4ume k\u00f6nnen mit anderen mobilen oder modularen Einrichtungstypen, einschlie\u00dflich Stationen, verbunden werden, um eine Tagespflegeeinrichtung bereitzustellen.<\/div>\n<\/div>\n<\/div>\n<\/div>\n<\/div>\n<section id=\"section-120-14\" class=\"ct-section\" >\n<div class=\"ct-section-inner-wrap\">\n<div id=\"div_block-24-70\" class=\"ct-div-block\" >\n<h2 id=\"headline-66-14\" class=\"ct-headline\">Neuesten Nachrichten<\/h2>\n<\/div>\n<div id=\"_dynamic_list-121-14\" class=\"oxy-dynamic-list\">\n<div id=\"div_block-122-14-1\" class=\"ct-div-block\" data-id=\"div_block-122-14\"><img decoding=\"async\" id=\"image-123-14-1\" alt=\"\" src=\"https:\/\/www.q-bital.com\/wp-content\/uploads\/sites\/8\/2026\/05\/ERILYAN_-_St_Vincents_Hospital_Launceston_015.jpg\" class=\"ct-image\" srcset-disabled=\"https:\/\/www.q-bital.com\/wp-content\/uploads\/sites\/8\/2026\/05\/ERILYAN_-_St_Vincents_Hospital_Launceston_015.jpg 2000w, https:\/\/www.q-bital.com\/wp-content\/uploads\/sites\/8\/2026\/05\/ERILYAN_-_St_Vincents_Hospital_Launceston_015-300x200.jpg 300w, https:\/\/www.q-bital.com\/wp-content\/uploads\/sites\/8\/2026\/05\/ERILYAN_-_St_Vincents_Hospital_Launceston_015-1538x1024.jpg 1538w, https:\/\/www.q-bital.com\/wp-content\/uploads\/sites\/8\/2026\/05\/ERILYAN_-_St_Vincents_Hospital_Launceston_015-768x511.jpg 768w, https:\/\/www.q-bital.com\/wp-content\/uploads\/sites\/8\/2026\/05\/ERILYAN_-_St_Vincents_Hospital_Launceston_015-1536x1023.jpg 1536w, https:\/\/www.q-bital.com\/wp-content\/uploads\/sites\/8\/2026\/05\/ERILYAN_-_St_Vincents_Hospital_Launceston_015-18x12.jpg 18w\" sizes=\"(max-width: 2000px) 100vw, 2000px\" data-id=\"image-123-14\"><\/p>\n<div id=\"div_block-124-14-1\" class=\"ct-div-block\" data-id=\"div_block-124-14\"><a id=\"link-125-14-1\" class=\"ct-link\" href=\"https:\/\/www.q-bital.com\/de_de\/q-bital-completes-two-new-theatre-installations-for-calvary-st-vincents-hospital-launceston-helping-to-future-proof-patient-care\/\" target=\"_self\" data-id=\"link-125-14\"><\/p>\n<h2 id=\"headline-126-14-1\" class=\"ct-headline\" data-id=\"headline-126-14\"><span id=\"span-127-14\" class=\"ct-span\" >Q-bital schlie\u00dft zwei neue OP-Saal-Installationen f\u00fcr das Calvary St Vincent&#039;s Hospital in Launceston ab \u2013 und tr\u00e4gt damit zur Zukunftsf\u00e4higkeit der Patientenversorgung bei.<\/span><\/h2>\n<p><\/a><\/p>\n<div id=\"text_block-128-14-1\" class=\"ct-text-block\" data-id=\"text_block-128-14\"><span id=\"span-129-14\" class=\"ct-span\" >Q-bital Healthcare Solutions freut sich, die Installation von zwei neuen modularen Operationss\u00e4len im Calvary St Vincent&#039;s Hospital in Launceston bekannt zu geben. Dies stellt einen bedeutenden Meilenstein f\u00fcr die St\u00e4rkung der chirurgischen Kapazit\u00e4ten in Nordtasmanien dar.<\/span><\/div>\n<p><a id=\"link_text-130-14-1\" class=\"ct-link-text\" href=\"https:\/\/www.q-bital.com\/de_de\/q-bital-completes-two-new-theatre-installations-for-calvary-st-vincents-hospital-launceston-helping-to-future-proof-patient-care\/\" target=\"_self\" data-id=\"link_text-130-14\">Weiterlesen<\/a><\/div>\n<\/div>\n<div id=\"div_block-122-14-2\" class=\"ct-div-block\" data-id=\"div_block-122-14\">\n<div id=\"div_block-124-14-2\" class=\"ct-div-block\" data-id=\"div_block-124-14\"><a id=\"link-125-14-2\" class=\"ct-link\" href=\"https:\/\/www.q-bital.com\/de_de\/building-better-healthcare-awards-2026\/\" target=\"_self\" data-id=\"link-125-14\"><\/p>\n<h2 id=\"headline-126-14-2\" class=\"ct-headline\" data-id=\"headline-126-14\"><span id=\"span-127-14\" class=\"ct-span\" >Auszeichnungen f\u00fcr ein besseres Gesundheitswesen 2026<\/span><\/h2>\n<p><\/a><\/p>\n<div id=\"text_block-128-14-2\" class=\"ct-text-block\" data-id=\"text_block-128-14\"><span id=\"span-129-14\" class=\"ct-span\" >Vanguard Healthcare Solutions freut sich, seine Teilnahme an den Building Better Healthcare Awards 2026 bekanntzugeben, die am 4. November 2026 in The Brewery, London, stattfinden. Wir freuen uns darauf, uns bei dieser renommierten Veranstaltung mit Kolleginnen und Kollegen aus den Bereichen Gesundheitswesen, Planung und Infrastruktur auszutauschen.<\/span><\/div>\n<p><a id=\"link_text-130-14-2\" class=\"ct-link-text\" href=\"https:\/\/www.q-bital.com\/de_de\/building-better-healthcare-awards-2026\/\" target=\"_self\" data-id=\"link_text-130-14\">Weiterlesen<\/a><\/div>\n<\/div>\n<div id=\"div_block-122-14-3\" class=\"ct-div-block\" data-id=\"div_block-122-14\">\n<div id=\"div_block-124-14-3\" class=\"ct-div-block\" data-id=\"div_block-124-14\"><a id=\"link-125-14-3\" class=\"ct-link\" href=\"https:\/\/www.q-bital.com\/de_de\/mpba-awards-2026\/\" target=\"_self\" data-id=\"link-125-14\"><\/p>\n<h2 id=\"headline-126-14-3\" class=\"ct-headline\" data-id=\"headline-126-14\"><span id=\"span-127-14\" class=\"ct-span\" >MPBA Awards 2026<\/span><\/h2>\n<p><\/a><\/p>\n<div id=\"text_block-128-14-3\" class=\"ct-text-block\" data-id=\"text_block-128-14\"><span id=\"span-129-14\" class=\"ct-span\" >Vanguard Healthcare Solutions freut sich, seine Teilnahme an den MPBA Awards 2026 bekanntzugeben, die am 7. Mai 2026 im Grand Hotel Birmingham stattfinden. Die diesj\u00e4hrige Veranstaltung ist f\u00fcr das Team von besonderer Bedeutung, da Vanguard f\u00fcr drei renommierte Auszeichnungen nominiert wurde, die herausragende Leistungen im Bereich der Gesundheitsinfrastruktur w\u00fcrdigen.<\/span><\/div>\n<p><a id=\"link_text-130-14-3\" class=\"ct-link-text\" href=\"https:\/\/www.q-bital.com\/de_de\/mpba-awards-2026\/\" target=\"_self\" data-id=\"link_text-130-14\">Weiterlesen<\/a><\/div>\n<\/div><\/div>\n<div id=\"div_block-144-14\" class=\"ct-div-block\" ><a id=\"link_button-146-14\" class=\"ct-link-button button-blue\" href=\"\/de_de\/news\/\" target=\"_self\"  >Alle Neuigkeiten anzeigen<\/a><\/div>\n<\/div>\n<\/section>\n<section id=\"section-144-59\" class=\"ct-section\" >\n<div class=\"ct-section-inner-wrap\">\n<div id=\"new_columns-145-59\" class=\"ct-new-columns\" >\n<div id=\"div_block-146-59\" class=\"ct-div-block\" >\n<div id=\"_rich_text-9-63\" class=\"oxy-rich-text\" >\n<p>Die Suche nach einer L\u00f6sung, die f\u00fcr Ihr Krankenhaus funktioniert, k\u00f6nnte hier beginnen \u2026<\/p>\n<\/div>\n<p><a id=\"link_button-149-59\" class=\"ct-link-button\" href=\"\/de_de\/contact\/\" target=\"_self\"  >In Kontakt kommen<\/a><\/div>\n<div id=\"div_block-150-59\" class=\"ct-div-block\" ><img decoding=\"async\"  id=\"image-151-59\" alt=\"\" src=\"https:\/\/www.q-bital.com\/wp-content\/uploads\/sites\/8\/2023\/07\/mobile-operating-theatre-3.jpg\" class=\"ct-image\"\/><\/div>\n<\/div>\n<\/div>\n<\/section>","protected":false},"excerpt":{"rendered":"","protected":false},"author":2,"featured_media":0,"parent":0,"menu_order":0,"comment_status":"closed","ping_status":"closed","template":"","meta":{"_acf_changed":false,"footnotes":""},"class_list":["post-14","page","type-page","status-publish","hentry"],"acf":[],"yoast_head":"<!-- This site is optimized with the Yoast SEO plugin v27.6 - https:\/\/yoast.com\/product\/yoast-seo-wordpress\/ -->\n<title>Homepage - Q-bital Healthcare Solutions<\/title>\n<meta name=\"robots\" content=\"index, follow, max-snippet:-1, max-image-preview:large, max-video-preview:-1\" \/>\n<link rel=\"canonical\" href=\"https:\/\/www.q-bital.com\/de_de\/\" \/>\n<meta property=\"og:locale\" content=\"de_DE\" \/>\n<meta property=\"og:type\" content=\"article\" \/>\n<meta property=\"og:title\" content=\"Homepage - Q-bital Healthcare Solutions\" \/>\n<meta property=\"og:url\" content=\"https:\/\/www.q-bital.com\/de_de\/\" \/>\n<meta property=\"og:site_name\" content=\"Q-bital Healthcare Solutions\" \/>\n<meta property=\"article:modified_time\" content=\"2026-03-03T11:20:33+00:00\" \/>\n<meta name=\"twitter:card\" content=\"summary_large_image\" \/>\n<meta name=\"twitter:label1\" content=\"Gesch\u00e4tzte Lesezeit\" \/>\n\t<meta name=\"twitter:data1\" content=\"1 Minute\" \/>\n<script type=\"application\/ld+json\" class=\"yoast-schema-graph\">{\"@context\":\"https:\\\/\\\/schema.org\",\"@graph\":[{\"@type\":\"WebPage\",\"@id\":\"https:\\\/\\\/www.q-bital.com\\\/\",\"url\":\"https:\\\/\\\/www.q-bital.com\\\/\",\"name\":\"Homepage - Q-bital Healthcare Solutions\",\"isPartOf\":{\"@id\":\"https:\\\/\\\/www.q-bital.com\\\/#website\"},\"datePublished\":\"2023-05-24T11:38:34+00:00\",\"dateModified\":\"2026-03-03T11:20:33+00:00\",\"inLanguage\":\"de-DE\",\"potentialAction\":[{\"@type\":\"ReadAction\",\"target\":[\"https:\\\/\\\/www.q-bital.com\\\/\"]}]},{\"@type\":\"WebSite\",\"@id\":\"https:\\\/\\\/www.q-bital.com\\\/#website\",\"url\":\"https:\\\/\\\/www.q-bital.com\\\/\",\"name\":\"Q-bital Healthcare Solutions\",\"description\":\"\",\"potentialAction\":[{\"@type\":\"SearchAction\",\"target\":{\"@type\":\"EntryPoint\",\"urlTemplate\":\"https:\\\/\\\/www.q-bital.com\\\/?s={search_term_string}\"},\"query-input\":{\"@type\":\"PropertyValueSpecification\",\"valueRequired\":true,\"valueName\":\"search_term_string\"}}],\"inLanguage\":\"de-DE\"}]}<\/script>\n<!-- \/ Yoast SEO plugin. -->","yoast_head_json":{"title":"Homepage - Q-bital Healthcare Solutions","robots":{"index":"index","follow":"follow","max-snippet":"max-snippet:-1","max-image-preview":"max-image-preview:large","max-video-preview":"max-video-preview:-1"},"canonical":"https:\/\/www.q-bital.com\/de_de\/","og_locale":"de_DE","og_type":"article","og_title":"Homepage - Q-bital Healthcare Solutions","og_url":"https:\/\/www.q-bital.com\/de_de\/","og_site_name":"Q-bital Healthcare Solutions","article_modified_time":"2026-03-03T11:20:33+00:00","twitter_card":"summary_large_image","twitter_misc":{"Gesch\u00e4tzte Lesezeit":"1 Minute"},"schema":{"@context":"https:\/\/schema.org","@graph":[{"@type":"WebPage","@id":"https:\/\/www.q-bital.com\/","url":"https:\/\/www.q-bital.com\/","name":"Homepage - Q-bital Healthcare Solutions","isPartOf":{"@id":"https:\/\/www.q-bital.com\/#website"},"datePublished":"2023-05-24T11:38:34+00:00","dateModified":"2026-03-03T11:20:33+00:00","inLanguage":"de-DE","potentialAction":[{"@type":"ReadAction","target":["https:\/\/www.q-bital.com\/"]}]},{"@type":"WebSite","@id":"https:\/\/www.q-bital.com\/#website","url":"https:\/\/www.q-bital.com\/","name":"Q-bital Healthcare Solutions","description":"","potentialAction":[{"@type":"SearchAction","target":{"@type":"EntryPoint","urlTemplate":"https:\/\/www.q-bital.com\/?s={search_term_string}"},"query-input":{"@type":"PropertyValueSpecification","valueRequired":true,"valueName":"search_term_string"}}],"inLanguage":"de-DE"}]}},"_links":{"self":[{"href":"https:\/\/www.q-bital.com\/de_de\/wp-json\/wp\/v2\/pages\/14","targetHints":{"allow":["GET"]}}],"collection":[{"href":"https:\/\/www.q-bital.com\/de_de\/wp-json\/wp\/v2\/pages"}],"about":[{"href":"https:\/\/www.q-bital.com\/de_de\/wp-json\/wp\/v2\/types\/page"}],"author":[{"embeddable":true,"href":"https:\/\/www.q-bital.com\/de_de\/wp-json\/wp\/v2\/users\/2"}],"replies":[{"embeddable":true,"href":"https:\/\/www.q-bital.com\/de_de\/wp-json\/wp\/v2\/comments?post=14"}],"version-history":[{"count":0,"href":"https:\/\/www.q-bital.com\/de_de\/wp-json\/wp\/v2\/pages\/14\/revisions"}],"wp:attachment":[{"href":"https:\/\/www.q-bital.com\/de_de\/wp-json\/wp\/v2\/media?parent=14"}],"curies":[{"name":"wp","href":"https:\/\/api.w.org\/{rel}","templated":true}]}}