{"id":143,"date":"2023-06-05T15:04:05","date_gmt":"2023-06-05T15:04:05","guid":{"rendered":"https:\/\/www.q-bital.com\/?page_id=143"},"modified":"2024-07-08T09:56:12","modified_gmt":"2024-07-08T09:56:12","slug":"careers","status":"publish","type":"page","link":"https:\/\/www.q-bital.com\/de_de\/careers\/","title":{"rendered":"Karriere"},"content":{"rendered":"<section id=\"section-2-14\" class=\"ct-section\" >\n<div class=\"ct-section-inner-wrap\">\n<div id=\"new_columns-3-14\" class=\"ct-new-columns\" >\n<div id=\"div_block-4-14\" class=\"ct-div-block\" >\n<div id=\"div_block-21-223\" class=\"ct-div-block\" ><a id=\"link_text-13-223\" class=\"ct-link-text\" href=\"\/de_de\/\" target=\"_self\"  >Heim<\/a><a id=\"link_text-25-223\" class=\"ct-link-text\" href=\"http:\/\/\" target=\"_self\"  >&gt;<\/a><\/p>\n<div id=\"text_block-26-223\" class=\"ct-text-block\" ><span id=\"span-27-223\" class=\"ct-span\" >Karriere<\/span><\/div>\n<\/div>\n<div id=\"div_block-17-223\" class=\"ct-div-block\" >\n<h1 id=\"headline-5-14\" class=\"ct-headline\">Unsere Leute<\/h1>\n<\/div>\n<\/div>\n<div id=\"div_block-9-14\" class=\"ct-div-block\" ><link rel='stylesheet' id='oxygen-unslider-css'  href='https:\/\/www.q-bital.com\/wp-content\/plugins\/oxygen\/component-framework\/vendor\/unslider\/unslider.css' type='text\/css' media='all'\/>\n<div id=\"slider-88-14\" class=\"ct-slider ct_unique_slider_2573\" >\n<div class=\"oxygen-unslider-container\">\n<ul>\n<li>\n<div id=\"slide-89-14\" class=\"ct-slide\" ><img decoding=\"async\"  id=\"image-96-14\" alt=\"\" src=\"https:\/\/www.q-bital.com\/wp-content\/uploads\/sites\/8\/legacy\/2023\/07\/IMG_6125_Adjusted-scaled.jpg\" class=\"ct-image\"\/><\/div>\n<\/li>\n<li>\n<div id=\"slide-101-14\" class=\"ct-slide\" ><img decoding=\"async\"  id=\"image-102-14\" alt=\"\" src=\"https:\/\/www.q-bital.com\/wp-content\/uploads\/sites\/8\/2023\/09\/Q-bital_people_sq.jpg\" class=\"ct-image\"\/><\/div>\n<\/li>\n<\/ul>\n<\/div>\n<\/div>\n<p><script class=\"ct-slider-script\">jQuery(document).ready(function($){$('#slider-88-14.ct_unique_slider_2573 .oxygen-unslider-container:not(.unslider-horizontal,.unslider-fade)').unslider({autoplay: true, delay: 3000, animation: 'horizontal', speed : 750, arrows: true, nav: false, infinite: true})});<\/script><\/div>\n<\/div>\n<\/div>\n<\/section>\n<section id=\"section-68-14-text-left-white\" class=\"ct-section\" >\n<div class=\"ct-section-inner-wrap\">\n<div id=\"new_columns-69-14text-left-white\" class=\"ct-new-columns\" >\n<div id=\"div_block-70-14\" class=\"ct-div-block\" >\n<h2 id=\"headline-71-14\" class=\"ct-headline\">Wie es ist, f\u00fcr uns zu arbeiten<\/h2>\n<div id=\"_rich_text-72-14\" class=\"oxy-rich-text\" >\n<p dir=\"ltr\">Wir sch\u00e4tzen unsere Mitarbeiter und bieten ihnen ein unterst\u00fctzendes Umfeld, in dem sie sich entfalten k\u00f6nnen.&nbsp;<\/p>\n<p dir=\"ltr\">Wir arbeiten seit der Pandemie weiterhin flexibel und erkennen die positive Bilanz des hybriden Arbeitens f\u00fcr viele unserer traditionellen Unterst\u00fctzungsfunktionen im B\u00fcro.<\/p>\n<p dir=\"ltr\">Wir sind ein unterst\u00fctzendes und f\u00fcrsorgliches Team und verf\u00fcgen \u00fcber geschulte Ersthelfer f\u00fcr die psychische Gesundheit aller unserer Mitarbeiter sowie \u00fcber eine Reihe von Vorteilen, die unser Wohlbefinden unterst\u00fctzen.<\/p>\n<p dir=\"ltr\">Wir lieben es, zu lernen und die Entwicklung im gesamten Unternehmen zu unterst\u00fctzen. Wir erstatten jedes Jahr Berufsmitgliedschaften und unterst\u00fctzen viele unserer Teammitglieder bei der Berufsausbildung als Teil ihrer Karriereentwicklung.&nbsp;<\/p>\n<p dir=\"ltr\">Mit einem schnell wachsenden Team von \u00fcber 150 Kollegen auf der ganzen Welt bestimmen unsere Werte, wie wir intern und extern mit unseren Kunden Gesch\u00e4fte machen: Patientenorientiert; Innovativ; Reaktionsfreudig; Leidenschaftlich; Zusammenarbeit.<\/p>\n<p dir=\"ltr\"><span id=\"docs-internal-guid-a22cdb77-7fff-d4c5-d8e3-ee58dff0a232\">Die Ergebnisse unserer Engagement-Umfrage im Jahr 2023 zeigen unser Engagement f\u00fcr unsere Mitarbeiter: 82% positives Engagement im gesamten Unternehmen und hohes Engagement in der gesamten Q-bital-Mitarbeiterpopulation.<\/span><\/p>\n<\/div>\n<\/div>\n<div id=\"div_block-74-14\" class=\"ct-div-block\" ><img decoding=\"async\"  id=\"image-75-14\" alt=\"\" src=\"https:\/\/www.q-bital.com\/wp-content\/uploads\/sites\/8\/2023\/09\/Q-bital_people_in_warehouse-1024x683.jpg\" class=\"ct-image\"\/><\/div>\n<\/div>\n<\/div>\n<\/section>\n<section id=\"section-2-802\" class=\"ct-section\" style=\"background-image:linear-gradient(rgba(0,73,131,0.73), rgba(0,73,131,0.73)), url(https:\/\/www.q-bital.com\/wp-content\/uploads\/sites\/8\/2023\/05\/boulders-right.png);background-size:auto,  auto;\" >\n<div class=\"ct-section-inner-wrap\">\n<div id=\"div_block-3-802\" class=\"ct-div-block\" >\n<div id=\"text_block-5-802\" class=\"ct-text-block\" >Unsere Mitarbeitervision ist:<\/div>\n<div id=\"_rich_text-4-802\" class=\"oxy-rich-text\" >\n<p><span id=\"docs-internal-guid-93af1b13-7fff-9522-9323-019a14bd4d7e\">Damit unsere Mitarbeiter au\u00dfergew\u00f6hnliche Ergebnisse erzielen k\u00f6nnen. Dies erreichen wir, indem wir bef\u00e4higte und agile Teams bilden, die von einer authentischen und mitf\u00fchlenden F\u00fchrung unterst\u00fctzt werden und ein integratives Umfeld f\u00fcr Wachstum bieten.<\/span><\/p>\n<\/div>\n<\/div>\n<\/div>\n<\/section>\n<section id=\"text-left-blue\" class=\"ct-section\" >\n<div class=\"ct-section-inner-wrap\">\n<div id=\"new_columns-107-34-blue\" class=\"ct-new-columns\" >\n<div id=\"div_block-108-34\" class=\"ct-div-block\" >\n<h2 id=\"headline-109-34\" class=\"ct-headline\">Unsere Vorteile<\/h2>\n<div id=\"_rich_text-110-34\" class=\"oxy-rich-text\" >\n<p dir=\"ltr\">Wir bieten wettbewerbsf\u00e4hige Gehaltspakete, die unsere internationalen Standorte widerspiegeln.<\/p>\n<p dir=\"ltr\">Wir zeichnen unsere Mitarbeiter regelm\u00e4\u00dfig durch die folgenden Anerkennungsaktivit\u00e4ten aus:<\/p>\n<ul>\n<li dir=\"ltr\">\n<p dir=\"ltr\" role=\"presentation\">Auszeichnungen f\u00fcr Q-Bital-Werte<\/p>\n<\/li>\n<li dir=\"ltr\">\n<p dir=\"ltr\" role=\"presentation\">Mitarbeiterfeiern<\/p>\n<\/li>\n<\/ul>\n<\/div>\n<\/div>\n<div id=\"div_block-112-34\" class=\"ct-div-block\" ><img decoding=\"async\"  id=\"image-113-34\" alt=\"\" src=\"https:\/\/www.q-bital.com\/wp-content\/uploads\/sites\/8\/2024\/07\/processed-3F837750-D17D-4E3D-BECD-0872DB208850-9AEB91D2-A4ED-4D67-977D-CCC0E54EAE2F-scaled.jpeg\" class=\"ct-image\"\/><\/div>\n<\/div>\n<\/div>\n<\/section>\n<section id=\"section-68-14-text-left-white\" class=\"ct-section\" >\n<div class=\"ct-section-inner-wrap\">\n<div id=\"new_columns-69-14text-left-white\" class=\"ct-new-columns\" >\n<div id=\"div_block-70-14\" class=\"ct-div-block\" >\n<h2 id=\"headline-71-14\" class=\"ct-headline\">Unsere Werte<\/h2>\n<div id=\"_rich_text-72-14\" class=\"oxy-rich-text\" >\n<p dir=\"ltr\">Unsere von unseren Mitarbeitern gew\u00e4hlten Werte bilden die Grundlage f\u00fcr alles, was wir tun.<\/p>\n<p dir=\"ltr\">Wir stellen klinische Infrastruktur und Wissen mit der erforderlichen Geschwindigkeit bereit, um die Kapazit\u00e4t zu erweitern, den klinischen Verlauf zu steuern und eine unterbrechungsfreie, patientenorientierte Versorgung zu gew\u00e4hrleisten.<\/p>\n<p dir=\"ltr\">Die Werte wurden im Rahmen eines beratenden Engagementprogramms festgelegt, an dem unser gesamtes Team teilnahm. Wir sind bestrebt, diese Werte durch unsere Prozesse, Produkte, Dienstleistungen und Interaktionen mit internen und externen Kunden zu vertreten.<\/p>\n<p dir=\"ltr\">Die folgenden Werte wurden im Konsens gew\u00e4hlt. Sie bringen am besten zum Ausdruck, wie wir die Bereitstellung von Qualit\u00e4t und Mehrwert f\u00fcr externe Interessengruppen und die breitere Patientengemeinschaft, der wir dienen, sicherstellen.<\/p>\n<\/div>\n<\/div>\n<div id=\"div_block-74-14\" class=\"ct-div-block\" ><img decoding=\"async\"  id=\"image-75-14\" alt=\"\" src=\"https:\/\/www.q-bital.com\/wp-content\/uploads\/sites\/8\/2023\/09\/Q-bital_image-1024x683.jpg\" class=\"ct-image\"\/><\/div>\n<\/div>\n<\/div>\n<\/section>\n<section id=\"section-2-149\" class=\"ct-section\" >\n<div class=\"ct-section-inner-wrap\">\n<div id=\"div_block-5-149\" class=\"ct-div-block\" >\n<div id=\"div_block-10-149\" class=\"ct-div-block\" ><img decoding=\"async\"  id=\"image-11-149\" alt=\"Passionate\" src=\"https:\/\/www.q-bital.com\/wp-content\/uploads\/sites\/8\/2023\/06\/passionate.png\" class=\"ct-image\"\/><\/p>\n<div id=\"text_block-12-149\" class=\"ct-text-block\" >Leidenschaftlich<\/div>\n<\/div>\n<\/div>\n<div id=\"div_block-6-149\" class=\"ct-div-block\" >\n<div id=\"div_block-13-149\" class=\"ct-div-block\" ><img decoding=\"async\"  id=\"image-14-149\" alt=\"Patient focussed\" src=\"https:\/\/www.q-bital.com\/wp-content\/uploads\/sites\/8\/2023\/06\/patient-focussed.png\" class=\"ct-image\"\/><\/p>\n<div id=\"text_block-15-149\" class=\"ct-text-block\" >Patientenorientiert<\/div>\n<\/div>\n<\/div>\n<div id=\"div_block-7-149\" class=\"ct-div-block\" >\n<div id=\"div_block-17-149\" class=\"ct-div-block\" ><img decoding=\"async\"  id=\"image-18-149\" alt=\"Responsive\" src=\"https:\/\/www.q-bital.com\/wp-content\/uploads\/sites\/8\/2023\/06\/responsive.png\" class=\"ct-image\"\/><\/p>\n<div id=\"text_block-19-149\" class=\"ct-text-block\" >Reaktionsfreudig<\/div>\n<\/div>\n<\/div>\n<div id=\"div_block-8-149\" class=\"ct-div-block\" >\n<div id=\"div_block-21-149\" class=\"ct-div-block\" ><img decoding=\"async\"  id=\"image-22-149\" alt=\"Teamwork\" src=\"https:\/\/www.q-bital.com\/wp-content\/uploads\/sites\/8\/2023\/06\/teamwork.png\" class=\"ct-image\"\/><\/p>\n<div id=\"text_block-23-149\" class=\"ct-text-block\" >Zusammenarbeit<\/div>\n<\/div>\n<\/div>\n<div id=\"div_block-9-149\" class=\"ct-div-block\" >\n<div id=\"div_block-25-149\" class=\"ct-div-block\" ><img decoding=\"async\"  id=\"image-26-149\" alt=\"Innovative\" src=\"https:\/\/www.q-bital.com\/wp-content\/uploads\/sites\/8\/2023\/06\/innovative.png\" class=\"ct-image\"\/><\/p>\n<div id=\"text_block-27-149\" class=\"ct-text-block\" >Innovativ<\/div>\n<\/div>\n<\/div>\n<\/div>\n<\/section>\n<section id=\"section-132-34\" class=\"ct-section\" >\n<div class=\"ct-section-inner-wrap\">\n<div id=\"new_columns-133-34\" class=\"ct-new-columns\" >\n<div id=\"div_block-138-34\" class=\"ct-div-block\" ><img decoding=\"async\"  id=\"image-139-34\" alt=\"\" src=\"https:\/\/www.q-bital.com\/wp-content\/uploads\/sites\/8\/2023\/09\/careers.jpg\" class=\"ct-image\"\/><\/div>\n<div id=\"div_block-134-34\" class=\"ct-div-block\" >\n<h2 id=\"headline-135-34\" class=\"ct-headline\">Finden Sie Ihren Karriereweg<\/h2>\n<div id=\"_rich_text-136-34\" class=\"oxy-rich-text\" >\n<p dir=\"ltr\">Wir haben eine Reihe von M\u00f6glichkeiten, uns auf unserer spannenden Reise zu begleiten, w\u00e4hrend wir in die n\u00e4chste Phase unserer Zukunft eintreten und unsere Wachstumsziele erreichen.&nbsp;<\/p>\n<p dir=\"ltr\">Wir erreichen unsere Ziele, indem wir als Team zusammenarbeiten, das an unseren Werten ausgerichtet ist.<\/p>\n<p dir=\"ltr\">Wir streben nach einem vielf\u00e4ltigen und integrativen Arbeitsplatz und ermutigen entsprechend qualifizierte Bewerber mit unterschiedlichem Hintergrund nachdr\u00fccklich, sich f\u00fcr die Verst\u00e4rkung unseres Teams zu bewerben.&nbsp;<\/p>\n<p dir=\"ltr\">Um f\u00fcr die ausgeschriebenen Stellen in Frage zu kommen, m\u00fcssen Sie \u00fcber die Berechtigung verf\u00fcgen, im entsprechenden Land zu arbeiten.<\/p>\n<\/div>\n<\/div>\n<\/div>\n<\/div>\n<\/section>","protected":false},"excerpt":{"rendered":"","protected":false},"author":2,"featured_media":0,"parent":0,"menu_order":0,"comment_status":"closed","ping_status":"closed","template":"","meta":{"_acf_changed":false,"footnotes":""},"class_list":["post-143","page","type-page","status-publish","hentry"],"acf":[],"yoast_head":"<!-- This site is optimized with the Yoast SEO plugin v27.3 - https:\/\/yoast.com\/product\/yoast-seo-wordpress\/ -->\n<title>Careers - Q-bital Healthcare Solutions<\/title>\n<meta name=\"robots\" content=\"index, follow, max-snippet:-1, max-image-preview:large, max-video-preview:-1\" \/>\n<link rel=\"canonical\" href=\"https:\/\/www.q-bital.com\/de_de\/careers\/\" \/>\n<meta property=\"og:locale\" content=\"de_DE\" \/>\n<meta property=\"og:type\" content=\"article\" \/>\n<meta property=\"og:title\" content=\"Careers - Q-bital Healthcare Solutions\" \/>\n<meta property=\"og:url\" content=\"https:\/\/www.q-bital.com\/de_de\/careers\/\" \/>\n<meta property=\"og:site_name\" content=\"Q-bital Healthcare Solutions\" \/>\n<meta property=\"article:modified_time\" content=\"2024-07-08T09:56:12+00:00\" \/>\n<meta name=\"twitter:card\" content=\"summary_large_image\" \/>\n<meta name=\"twitter:label1\" content=\"Gesch\u00e4tzte Lesezeit\" \/>\n\t<meta name=\"twitter:data1\" content=\"1 Minute\" \/>\n<script type=\"application\/ld+json\" class=\"yoast-schema-graph\">{\"@context\":\"https:\\\/\\\/schema.org\",\"@graph\":[{\"@type\":\"WebPage\",\"@id\":\"https:\\\/\\\/www.q-bital.com\\\/careers\\\/\",\"url\":\"https:\\\/\\\/www.q-bital.com\\\/careers\\\/\",\"name\":\"Careers - Q-bital Healthcare Solutions\",\"isPartOf\":{\"@id\":\"https:\\\/\\\/www.q-bital.com\\\/#website\"},\"datePublished\":\"2023-06-05T15:04:05+00:00\",\"dateModified\":\"2024-07-08T09:56:12+00:00\",\"inLanguage\":\"de-DE\",\"potentialAction\":[{\"@type\":\"ReadAction\",\"target\":[\"https:\\\/\\\/www.q-bital.com\\\/careers\\\/\"]}]},{\"@type\":\"WebSite\",\"@id\":\"https:\\\/\\\/www.q-bital.com\\\/#website\",\"url\":\"https:\\\/\\\/www.q-bital.com\\\/\",\"name\":\"Q-bital Healthcare Solutions\",\"description\":\"\",\"potentialAction\":[{\"@type\":\"SearchAction\",\"target\":{\"@type\":\"EntryPoint\",\"urlTemplate\":\"https:\\\/\\\/www.q-bital.com\\\/?s={search_term_string}\"},\"query-input\":{\"@type\":\"PropertyValueSpecification\",\"valueRequired\":true,\"valueName\":\"search_term_string\"}}],\"inLanguage\":\"de-DE\"}]}<\/script>\n<!-- \/ Yoast SEO plugin. -->","yoast_head_json":{"title":"Karriere \u2013 Q-bital Healthcare Solutions","robots":{"index":"index","follow":"follow","max-snippet":"max-snippet:-1","max-image-preview":"max-image-preview:large","max-video-preview":"max-video-preview:-1"},"canonical":"https:\/\/www.q-bital.com\/de_de\/careers\/","og_locale":"de_DE","og_type":"article","og_title":"Careers - Q-bital Healthcare Solutions","og_url":"https:\/\/www.q-bital.com\/de_de\/careers\/","og_site_name":"Q-bital Healthcare Solutions","article_modified_time":"2024-07-08T09:56:12+00:00","twitter_card":"summary_large_image","twitter_misc":{"Gesch\u00e4tzte Lesezeit":"1 Minute"},"schema":{"@context":"https:\/\/schema.org","@graph":[{"@type":"WebPage","@id":"https:\/\/www.q-bital.com\/careers\/","url":"https:\/\/www.q-bital.com\/careers\/","name":"Karriere \u2013 Q-bital Healthcare Solutions","isPartOf":{"@id":"https:\/\/www.q-bital.com\/#website"},"datePublished":"2023-06-05T15:04:05+00:00","dateModified":"2024-07-08T09:56:12+00:00","inLanguage":"de-DE","potentialAction":[{"@type":"ReadAction","target":["https:\/\/www.q-bital.com\/careers\/"]}]},{"@type":"WebSite","@id":"https:\/\/www.q-bital.com\/#website","url":"https:\/\/www.q-bital.com\/","name":"Q-bital Healthcare Solutions","description":"","potentialAction":[{"@type":"SearchAction","target":{"@type":"EntryPoint","urlTemplate":"https:\/\/www.q-bital.com\/?s={search_term_string}"},"query-input":{"@type":"PropertyValueSpecification","valueRequired":true,"valueName":"search_term_string"}}],"inLanguage":"de-DE"}]}},"_links":{"self":[{"href":"https:\/\/www.q-bital.com\/de_de\/wp-json\/wp\/v2\/pages\/143","targetHints":{"allow":["GET"]}}],"collection":[{"href":"https:\/\/www.q-bital.com\/de_de\/wp-json\/wp\/v2\/pages"}],"about":[{"href":"https:\/\/www.q-bital.com\/de_de\/wp-json\/wp\/v2\/types\/page"}],"author":[{"embeddable":true,"href":"https:\/\/www.q-bital.com\/de_de\/wp-json\/wp\/v2\/users\/2"}],"replies":[{"embeddable":true,"href":"https:\/\/www.q-bital.com\/de_de\/wp-json\/wp\/v2\/comments?post=143"}],"version-history":[{"count":0,"href":"https:\/\/www.q-bital.com\/de_de\/wp-json\/wp\/v2\/pages\/143\/revisions"}],"wp:attachment":[{"href":"https:\/\/www.q-bital.com\/de_de\/wp-json\/wp\/v2\/media?parent=143"}],"curies":[{"name":"wp","href":"https:\/\/api.w.org\/{rel}","templated":true}]}}