{"id":316,"date":"2023-06-26T15:37:53","date_gmt":"2023-06-26T15:37:53","guid":{"rendered":"https:\/\/www.q-bital.com\/?page_id=316"},"modified":"2023-06-28T09:59:04","modified_gmt":"2023-06-28T09:59:04","slug":"partner-programme","status":"publish","type":"page","link":"https:\/\/www.q-bital.com\/de_de\/partner-programme\/","title":{"rendered":"Partnerprogramm"},"content":{"rendered":"<section id=\"section-319-315\" class=\"ct-section\" >\n<div class=\"ct-section-inner-wrap\">\n<div id=\"new_columns-320-315\" class=\"ct-new-columns\" >\n<div id=\"div_block-321-315\" class=\"ct-div-block\" >\n<h2 id=\"headline-322-315\" class=\"ct-headline\">Unsere sorgf\u00e4ltig ausgew\u00e4hlten Partner werten unseren Service auf<\/h2>\n<div id=\"_rich_text-323-315\" class=\"oxy-rich-text\" >\n<p>Das Partnerprogramm b\u00fcndelt unser Fachwissen in der Bereitstellung flexibler Gesundheitsr\u00e4ume und -l\u00f6sungen mit anderen wichtigen Gesundheitsdienstleistern, um ein \u00d6kosystem zukunftsorientierter Partner zu erm\u00f6glichen, die sich einem kollaborativen und innovativen Ansatz verschrieben haben.<\/p>\n<p>Die offene und konstruktive Zusammenarbeit mit anderen Anbietern bei der Planung, Ausstattung, Personalausstattung und Bereitstellung dieser neuen Einrichtungen verbessert die Qualit\u00e4t der neuen klinischen Umgebung, bietet einen ganzheitlichen Ansatz und gew\u00e4hrleistet ein gutes Preis-Leistungs-Verh\u00e4ltnis f\u00fcr unsere gemeinsamen Kunden.<\/p>\n<\/div>\n<\/div>\n<div id=\"div_block-324-315\" class=\"ct-div-block\" ><img decoding=\"async\"  id=\"image-325-315\" alt=\"\" src=\"https:\/\/www.q-bital.com\/wp-content\/uploads\/sites\/8\/2023\/06\/partners-info.png\" class=\"ct-image\"\/><\/div>\n<\/div>\n<\/div>\n<\/section>\n<section id=\"section-332-315\" class=\"ct-section\" >\n<div class=\"ct-section-inner-wrap\">\n<h3 id=\"headline-339-315\" class=\"ct-headline\">Es gibt vier Hauptpartnertypen, mit denen wir typischerweise zusammenarbeiten:<\/h3>\n<div id=\"new_columns-333-315\" class=\"ct-new-columns\" >\n<div id=\"div_block-334-315\" class=\"ct-div-block\" >\n<div id=\"div_block-345-315\" class=\"ct-div-block box-shadow\" >\n<div id=\"_rich_text-346-315\" class=\"oxy-rich-text\" >\n<p><strong>Konstruktion<\/strong><br \/>Bieten Sie beim Bau von Neubau- und Sanierungsprojekten f\u00fcr Krankenh\u00e4user nahtlos spezialisierte modulare und mobile L\u00f6sungen f\u00fcr das Gesundheitswesen an, um die Kontinuit\u00e4t der Versorgung aufrechtzuerhalten und zu verbessern.\u00a0<\/p>\n<\/div>\n<\/div>\n<\/div>\n<div id=\"div_block-335-315\" class=\"ct-div-block\" >\n<div id=\"div_block-342-315\" class=\"ct-div-block box-shadow\" >\n<div id=\"_rich_text-337-315\" class=\"oxy-rich-text\" >\n<p><strong>Ger\u00e4tehersteller<\/strong><br \/>Diese Partnerschaft bietet Krankenh\u00e4usern eine End-to-End-L\u00f6sung. Modulare und mobile Einrichtungen werden komplett mit den neuesten Innovationen in der medizinischen Ausr\u00fcstung geliefert und sind stets darauf ausgelegt, den Bed\u00fcrfnissen der \u00c4rzte gerecht zu werden, die unsere Gesundheitsbereiche nutzen.<\/p>\n<\/div>\n<\/div>\n<\/div>\n<\/div>\n<div id=\"new_columns-350-315\" class=\"ct-new-columns\" >\n<div id=\"div_block-351-315\" class=\"ct-div-block\" >\n<div id=\"div_block-354-315\" class=\"ct-div-block box-shadow\" >\n<div id=\"_rich_text-355-315\" class=\"oxy-rich-text\" >\n<p><strong>Beratend<\/strong><br \/>Wir arbeiten eng mit Architekten und Designern zusammen, um moderne Baumethoden (MMC) in Krankenhausbau- und Sanierungsprogramme zu integrieren. Das Endergebnis ist eine nachhaltige, produktive und kosteng\u00fcnstige Arbeitsumgebung.\u00a0<\/p>\n<\/div>\n<\/div>\n<\/div>\n<div id=\"div_block-356-315\" class=\"ct-div-block\" >\n<div id=\"div_block-359-315\" class=\"ct-div-block box-shadow\" >\n<div id=\"_rich_text-360-315\" class=\"oxy-rich-text\" >\n<p><strong>Betreiber klinischer Dienstleistungen<\/strong><br \/>Unsere hochwertigen Gesundheitsbereiche werden durch fachkundige Personall\u00f6sungen erg\u00e4nzt, um einen vollst\u00e4ndig verwalteten End-to-End-Service zu bieten und Krankenh\u00e4usern dabei zu helfen, ihr Serviceniveau und ihre Produktivit\u00e4t aufrechtzuerhalten.\u00a0<\/p>\n<\/div>\n<\/div>\n<\/div>\n<\/div>\n<\/div>\n<\/section>","protected":false},"excerpt":{"rendered":"","protected":false},"author":2,"featured_media":0,"parent":0,"menu_order":0,"comment_status":"closed","ping_status":"closed","template":"","meta":{"_acf_changed":false,"footnotes":""},"class_list":["post-316","page","type-page","status-publish","hentry"],"acf":[],"yoast_head":"<!-- This site is optimized with the Yoast SEO plugin v27.5 - https:\/\/yoast.com\/product\/yoast-seo-wordpress\/ -->\n<title>Partner programme - Q-bital Healthcare Solutions<\/title>\n<meta name=\"robots\" content=\"index, follow, max-snippet:-1, max-image-preview:large, max-video-preview:-1\" \/>\n<link rel=\"canonical\" href=\"https:\/\/www.q-bital.com\/de_de\/partner-programme\/\" \/>\n<meta property=\"og:locale\" content=\"de_DE\" \/>\n<meta property=\"og:type\" content=\"article\" \/>\n<meta property=\"og:title\" content=\"Partner programme - Q-bital Healthcare Solutions\" \/>\n<meta property=\"og:url\" content=\"https:\/\/www.q-bital.com\/de_de\/partner-programme\/\" \/>\n<meta property=\"og:site_name\" content=\"Q-bital Healthcare Solutions\" \/>\n<meta property=\"article:modified_time\" content=\"2023-06-28T09:59:04+00:00\" \/>\n<meta name=\"twitter:card\" content=\"summary_large_image\" \/>\n<script type=\"application\/ld+json\" class=\"yoast-schema-graph\">{\"@context\":\"https:\\\/\\\/schema.org\",\"@graph\":[{\"@type\":\"WebPage\",\"@id\":\"https:\\\/\\\/www.q-bital.com\\\/partner-programme\\\/\",\"url\":\"https:\\\/\\\/www.q-bital.com\\\/partner-programme\\\/\",\"name\":\"Partner programme - Q-bital Healthcare Solutions\",\"isPartOf\":{\"@id\":\"https:\\\/\\\/www.q-bital.com\\\/#website\"},\"datePublished\":\"2023-06-26T15:37:53+00:00\",\"dateModified\":\"2023-06-28T09:59:04+00:00\",\"inLanguage\":\"de-DE\",\"potentialAction\":[{\"@type\":\"ReadAction\",\"target\":[\"https:\\\/\\\/www.q-bital.com\\\/partner-programme\\\/\"]}]},{\"@type\":\"WebSite\",\"@id\":\"https:\\\/\\\/www.q-bital.com\\\/#website\",\"url\":\"https:\\\/\\\/www.q-bital.com\\\/\",\"name\":\"Q-bital Healthcare Solutions\",\"description\":\"\",\"potentialAction\":[{\"@type\":\"SearchAction\",\"target\":{\"@type\":\"EntryPoint\",\"urlTemplate\":\"https:\\\/\\\/www.q-bital.com\\\/?s={search_term_string}\"},\"query-input\":{\"@type\":\"PropertyValueSpecification\",\"valueRequired\":true,\"valueName\":\"search_term_string\"}}],\"inLanguage\":\"de-DE\"}]}<\/script>\n<!-- \/ Yoast SEO plugin. -->","yoast_head_json":{"title":"Partnerprogramm - Q-bital Healthcare Solutions","robots":{"index":"index","follow":"follow","max-snippet":"max-snippet:-1","max-image-preview":"max-image-preview:large","max-video-preview":"max-video-preview:-1"},"canonical":"https:\/\/www.q-bital.com\/de_de\/partner-programme\/","og_locale":"de_DE","og_type":"article","og_title":"Partner programme - Q-bital Healthcare Solutions","og_url":"https:\/\/www.q-bital.com\/de_de\/partner-programme\/","og_site_name":"Q-bital Healthcare Solutions","article_modified_time":"2023-06-28T09:59:04+00:00","twitter_card":"summary_large_image","schema":{"@context":"https:\/\/schema.org","@graph":[{"@type":"WebPage","@id":"https:\/\/www.q-bital.com\/partner-programme\/","url":"https:\/\/www.q-bital.com\/partner-programme\/","name":"Partnerprogramm - Q-bital Healthcare Solutions","isPartOf":{"@id":"https:\/\/www.q-bital.com\/#website"},"datePublished":"2023-06-26T15:37:53+00:00","dateModified":"2023-06-28T09:59:04+00:00","inLanguage":"de-DE","potentialAction":[{"@type":"ReadAction","target":["https:\/\/www.q-bital.com\/partner-programme\/"]}]},{"@type":"WebSite","@id":"https:\/\/www.q-bital.com\/#website","url":"https:\/\/www.q-bital.com\/","name":"Q-bital Healthcare Solutions","description":"","potentialAction":[{"@type":"SearchAction","target":{"@type":"EntryPoint","urlTemplate":"https:\/\/www.q-bital.com\/?s={search_term_string}"},"query-input":{"@type":"PropertyValueSpecification","valueRequired":true,"valueName":"search_term_string"}}],"inLanguage":"de-DE"}]}},"_links":{"self":[{"href":"https:\/\/www.q-bital.com\/de_de\/wp-json\/wp\/v2\/pages\/316","targetHints":{"allow":["GET"]}}],"collection":[{"href":"https:\/\/www.q-bital.com\/de_de\/wp-json\/wp\/v2\/pages"}],"about":[{"href":"https:\/\/www.q-bital.com\/de_de\/wp-json\/wp\/v2\/types\/page"}],"author":[{"embeddable":true,"href":"https:\/\/www.q-bital.com\/de_de\/wp-json\/wp\/v2\/users\/2"}],"replies":[{"embeddable":true,"href":"https:\/\/www.q-bital.com\/de_de\/wp-json\/wp\/v2\/comments?post=316"}],"version-history":[{"count":0,"href":"https:\/\/www.q-bital.com\/de_de\/wp-json\/wp\/v2\/pages\/316\/revisions"}],"wp:attachment":[{"href":"https:\/\/www.q-bital.com\/de_de\/wp-json\/wp\/v2\/media?parent=316"}],"curies":[{"name":"wp","href":"https:\/\/api.w.org\/{rel}","templated":true}]}}