{"id":674,"date":"2023-07-19T14:17:08","date_gmt":"2023-07-19T14:17:08","guid":{"rendered":"https:\/\/www.q-bital.com\/?page_id=674"},"modified":"2024-01-18T10:20:31","modified_gmt":"2024-01-18T10:20:31","slug":"heritage","status":"publish","type":"page","link":"https:\/\/www.q-bital.com\/de_de\/heritage\/","title":{"rendered":"Erbe"},"content":{"rendered":"<section id=\"section-2-59\" class=\"ct-section\" style=\"background-image:url(https:\/\/www.q-bital.com\/wp-content\/uploads\/sites\/8\/2023\/05\/boulders-right.png);background-size: auto;\" >\n<div class=\"ct-section-inner-wrap\">\n<div id=\"div_block-8-59\" class=\"ct-div-block\" ><a id=\"link_text-6-59\" class=\"ct-link-text\" href=\"\/de_de\/\" target=\"_self\"  >Heim<\/a><\/p>\n<h1 id=\"headline-3-59\" class=\"ct-headline\"><span id=\"span-4-59\" class=\"ct-span\" >Erbe<\/span><\/h1>\n<\/div>\n<\/div>\n<\/section>\n<section id=\"section-68-14-text-left-white\" class=\"ct-section\" >\n<div class=\"ct-section-inner-wrap\">\n<div id=\"new_columns-69-14text-left-white\" class=\"ct-new-columns\" >\n<div id=\"div_block-70-14\" class=\"ct-div-block\" >\n<h2 id=\"headline-71-14\" class=\"ct-headline\">Seit \u00fcber zwei Jahrzehnten entwickeln wir innovative L\u00f6sungen f\u00fcr Gesundheitsdienstleister<\/h2>\n<div id=\"_rich_text-72-14\" class=\"oxy-rich-text\" >\n<p dir=\"ltr\">Seit unserer Gr\u00fcndung im Jahr 1999 ist unser Ruf als weltweit f\u00fchrender Anbieter flexibler klinischer Infrastruktur und Dienstleistungen stetig gewachsen. Wir sind stolz darauf, mit Gesundheitsdienstleistern und unabh\u00e4ngigen Branchenorganisationen zusammenzuarbeiten, und \u00fcber 50% \u00f6ffentlicher Krankenhausanbieter in Gro\u00dfbritannien haben inzwischen einen unserer Gesundheitsbereiche genutzt. Unsere Kunden vertrauen darauf, dass wir qualitativ hochwertige, technisch fortschrittliche L\u00f6sungen liefern, um die Gesundheitsergebnisse schnell zu verbessern, und kommen immer wieder zu uns zur\u00fcck, wenn sich die Anforderungen \u00e4ndern.&nbsp;<\/p>\n<p dir=\"ltr\">Im Jahr 2018 wurde die internationale Abteilung von Q-bital Healthcare Solutions offiziell er\u00f6ffnet und die Expansion des Unternehmens wurde sowohl im Vereinigten K\u00f6nigreich als auch international unvermindert fortgesetzt.<\/p>\n<p dir=\"ltr\">Nachdem die Produktion bereits im Jahr 2023 in den Niederlanden etabliert wurde, wurde das Unternehmen um eine weitere speziell errichtete Produktionsst\u00e4tte in Hull, Gro\u00dfbritannien, erweitert.<\/p>\n<p dir=\"ltr\">Wir sind mittlerweile international in den Niederlanden, Schweden, Australien und Frankreich t\u00e4tig und suchen weiterhin nach neuen M\u00e4rkten, in die wir expandieren k\u00f6nnen, und bieten Unterst\u00fctzung, wo immer sie ben\u00f6tigt wird.&nbsp;<\/p>\n<\/div>\n<\/div>\n<div id=\"div_block-74-14\" class=\"ct-div-block\" ><img decoding=\"async\"  id=\"image-75-14\" alt=\"\" src=\"https:\/\/www.q-bital.com\/wp-content\/uploads\/sites\/8\/2023\/07\/Creating-innovative-solutions-for-healthcare-providers-for-over-two-decades-image.jpg\" class=\"ct-image\"\/><\/div>\n<\/div>\n<\/div>\n<\/section>\n<section id=\"section-132-34\" class=\"ct-section\" >\n<div class=\"ct-section-inner-wrap\">\n<div id=\"new_columns-133-34\" class=\"ct-new-columns\" >\n<div id=\"div_block-138-34\" class=\"ct-div-block\" ><img decoding=\"async\"  id=\"image-139-34\" alt=\"\" src=\"https:\/\/www.q-bital.com\/wp-content\/uploads\/sites\/8\/2023\/07\/Drone-1.jpg\" class=\"ct-image\"\/><\/div>\n<div id=\"div_block-134-34\" class=\"ct-div-block\" >\n<h2 id=\"headline-135-34\" class=\"ct-headline\">Jedes Detail wird ber\u00fccksichtigt, damit unsere Gesundheitsr\u00e4ume f\u00fcr unsere Kunden funktionieren<\/h2>\n<div id=\"_rich_text-136-34\" class=\"oxy-rich-text\" >\n<p dir=\"ltr\">Wir arbeiten mit unseren Kunden zusammen, um hochwertige, nachhaltige Gesundheitsl\u00f6sungen mit ma\u00dfgeschneiderten mobilen und modularen Gesundheitsr\u00e4umen bereitzustellen, die auf die besonderen Bed\u00fcrfnisse jedes Gesundheitssystems zugeschnitten sind. Unsere Einrichtungen k\u00f6nnen mit einer Reihe von Optionen ma\u00dfgeschneidert werden, darunter Operationss\u00e4le, chirurgische Zentren, Community Diagnostic Centers (CDCs), Endoskopie-Suiten, Dekontaminations- und Sterilisationseinrichtungen, Stationen, Kliniken und Einheiten f\u00fcr leichte Verletzungen (MIU). Unsere Produkt- und Serviceoptionen k\u00f6nnen kombiniert werden, um unendliche M\u00f6glichkeiten zu bieten; Jedes neue Projekt ist eine Gelegenheit, einen v\u00f6llig einzigartigen Gesundheitsraum zu schaffen.<\/p>\n<p dir=\"ltr\">Unser Ruf entstand durch unsere F\u00e4higkeit, Krankenh\u00e4user mit zus\u00e4tzlichen Kapazit\u00e4tseinrichtungen zu unterst\u00fctzen, die innerhalb weniger Tage bereitgestellt werden konnten. Wir bieten unseren Kunden jedoch noch viel mehr: Unsere vertrauensw\u00fcrdigen Partner haben unz\u00e4hlige M\u00f6glichkeiten, die Grenzen ihrer Gesundheitsversorgung zu erweitern.&nbsp;<\/p>\n<p dir=\"ltr\">Unsere Expertise beruht auf dem Aufbau enger Beziehungen zu unseren Kunden und der Entwicklung von M\u00f6glichkeiten zur Verbesserung der bestehenden Infrastruktur des Gesundheitswesens. Unser treibendes Ziel ist es, an der Entwicklung der weltweit flexibelsten Infrastrukturl\u00f6sungen f\u00fcr das Gesundheitswesen mitzuwirken. Neben der Bereitstellung von Gesundheitsr\u00e4umen zur Bew\u00e4ltigung hoher Patientennachfrage und langer Wartelisten k\u00f6nnen wir Ihnen helfen, betriebliche Herausforderungen wie Renovierungen zu bew\u00e4ltigen und im Falle eines Brandes, einer \u00dcberschwemmung oder eines Ausfalls eines Operationssaals Notfallma\u00dfnahmen anzubieten.&nbsp;<\/p>\n<p dir=\"ltr\">Ein engagiertes Expertenteam unterst\u00fctzt Sie bei der Projektverwaltung, dem Entwurf, der Implementierung und der Bereitstellung klinischer Dienstleistungen jeder Einrichtung von der ersten Konzeption bis zum Umzug vom Standort.<\/p>\n<\/div>\n<\/div>\n<\/div>\n<\/div>\n<\/section>\n<section id=\"section-2-202\" class=\"ct-section\" >\n<div class=\"ct-section-inner-wrap\">\n<div id=\"div_block-3-202\" class=\"ct-div-block\" >\n<h2 id=\"headline-4-202\" class=\"ct-headline\">\u00dcber 350.000 Eingriffe, Tendenz steigend \u2026<\/h2>\n<div id=\"_rich_text-5-202\" class=\"oxy-rich-text\" >\n<p dir=\"ltr\">Bis heute wurden in unseren mobilen Einrichtungen mit Klinikpersonal \u00fcber 350.000 Eingriffe durchgef\u00fchrt.<\/p>\n<p dir=\"ltr\">Als erstklassiger klinischer Dienstleister sind wir stolz darauf, dass unsere Gesundheitsbereiche f\u00fcr alle Arten klinischer Eingriffe geeignet sind, die in einem gro\u00dfen Akutkrankenhaus durchgef\u00fchrt werden, von H\u00fcftgelenkersatz bis hin zu Kataraktoperationen, Endoskopieverfahren und plastischer Chirurgie.<\/p>\n<\/div>\n<div id=\"div_block-6-202\" class=\"ct-div-block\" ><img decoding=\"async\"  id=\"image-7-202\" alt=\"\" src=\"https:\/\/www.q-bital.com\/wp-content\/uploads\/sites\/8\/2023\/07\/proceedures-infographic.png\" class=\"ct-image\"\/><\/div>\n<\/div>\n<\/div>\n<\/section>\n<section id=\"section-144-59\" class=\"ct-section\" >\n<div class=\"ct-section-inner-wrap\">\n<div id=\"new_columns-145-59\" class=\"ct-new-columns\" >\n<div id=\"div_block-146-59\" class=\"ct-div-block\" >\n<div id=\"_rich_text-9-63\" class=\"oxy-rich-text\" >\n<p>Die Suche nach einer L\u00f6sung, die f\u00fcr Ihr Krankenhaus funktioniert, beginnt hier \u2026<\/p>\n<\/div>\n<p><a id=\"link_button-149-59\" class=\"ct-link-button\" href=\"\/de_de\/contact\/\" target=\"_self\"  >In Kontakt kommen<\/a><\/div>\n<div id=\"div_block-150-59\" class=\"ct-div-block\" ><img decoding=\"async\"  id=\"image-151-59\" alt=\"\" src=\"https:\/\/www.q-bital.com\/wp-content\/uploads\/2023\/06\/kettering-2-scaled.jpg\" class=\"ct-image\"\/><\/div>\n<\/div>\n<\/div>\n<\/section>","protected":false},"excerpt":{"rendered":"","protected":false},"author":2,"featured_media":0,"parent":0,"menu_order":0,"comment_status":"closed","ping_status":"closed","template":"","meta":{"_acf_changed":false,"footnotes":""},"class_list":["post-674","page","type-page","status-publish","hentry"],"acf":[],"yoast_head":"<!-- This site is optimized with the Yoast SEO plugin v27.4 - https:\/\/yoast.com\/product\/yoast-seo-wordpress\/ -->\n<title>Heritage - Q-bital Healthcare Solutions<\/title>\n<meta name=\"robots\" content=\"index, follow, max-snippet:-1, max-image-preview:large, max-video-preview:-1\" \/>\n<link rel=\"canonical\" href=\"https:\/\/www.q-bital.com\/de_de\/heritage\/\" \/>\n<meta property=\"og:locale\" content=\"de_DE\" \/>\n<meta property=\"og:type\" content=\"article\" \/>\n<meta property=\"og:title\" content=\"Heritage - Q-bital Healthcare Solutions\" \/>\n<meta property=\"og:url\" content=\"https:\/\/www.q-bital.com\/de_de\/heritage\/\" \/>\n<meta property=\"og:site_name\" content=\"Q-bital Healthcare Solutions\" \/>\n<meta property=\"article:modified_time\" content=\"2024-01-18T10:20:31+00:00\" \/>\n<meta name=\"twitter:card\" content=\"summary_large_image\" \/>\n<meta name=\"twitter:label1\" content=\"Gesch\u00e4tzte Lesezeit\" \/>\n\t<meta name=\"twitter:data1\" content=\"1 Minute\" \/>\n<script type=\"application\/ld+json\" class=\"yoast-schema-graph\">{\"@context\":\"https:\\\/\\\/schema.org\",\"@graph\":[{\"@type\":\"WebPage\",\"@id\":\"https:\\\/\\\/www.q-bital.com\\\/heritage\\\/\",\"url\":\"https:\\\/\\\/www.q-bital.com\\\/heritage\\\/\",\"name\":\"Heritage - Q-bital Healthcare Solutions\",\"isPartOf\":{\"@id\":\"https:\\\/\\\/www.q-bital.com\\\/#website\"},\"datePublished\":\"2023-07-19T14:17:08+00:00\",\"dateModified\":\"2024-01-18T10:20:31+00:00\",\"inLanguage\":\"de-DE\",\"potentialAction\":[{\"@type\":\"ReadAction\",\"target\":[\"https:\\\/\\\/www.q-bital.com\\\/heritage\\\/\"]}]},{\"@type\":\"WebSite\",\"@id\":\"https:\\\/\\\/www.q-bital.com\\\/#website\",\"url\":\"https:\\\/\\\/www.q-bital.com\\\/\",\"name\":\"Q-bital Healthcare Solutions\",\"description\":\"\",\"potentialAction\":[{\"@type\":\"SearchAction\",\"target\":{\"@type\":\"EntryPoint\",\"urlTemplate\":\"https:\\\/\\\/www.q-bital.com\\\/?s={search_term_string}\"},\"query-input\":{\"@type\":\"PropertyValueSpecification\",\"valueRequired\":true,\"valueName\":\"search_term_string\"}}],\"inLanguage\":\"de-DE\"}]}<\/script>\n<!-- \/ Yoast SEO plugin. -->","yoast_head_json":{"title":"Erbe - Q-bital Healthcare Solutions","robots":{"index":"index","follow":"follow","max-snippet":"max-snippet:-1","max-image-preview":"max-image-preview:large","max-video-preview":"max-video-preview:-1"},"canonical":"https:\/\/www.q-bital.com\/de_de\/heritage\/","og_locale":"de_DE","og_type":"article","og_title":"Heritage - Q-bital Healthcare Solutions","og_url":"https:\/\/www.q-bital.com\/de_de\/heritage\/","og_site_name":"Q-bital Healthcare Solutions","article_modified_time":"2024-01-18T10:20:31+00:00","twitter_card":"summary_large_image","twitter_misc":{"Gesch\u00e4tzte Lesezeit":"1 Minute"},"schema":{"@context":"https:\/\/schema.org","@graph":[{"@type":"WebPage","@id":"https:\/\/www.q-bital.com\/heritage\/","url":"https:\/\/www.q-bital.com\/heritage\/","name":"Erbe - Q-bital Healthcare Solutions","isPartOf":{"@id":"https:\/\/www.q-bital.com\/#website"},"datePublished":"2023-07-19T14:17:08+00:00","dateModified":"2024-01-18T10:20:31+00:00","inLanguage":"de-DE","potentialAction":[{"@type":"ReadAction","target":["https:\/\/www.q-bital.com\/heritage\/"]}]},{"@type":"WebSite","@id":"https:\/\/www.q-bital.com\/#website","url":"https:\/\/www.q-bital.com\/","name":"Q-bital Healthcare Solutions","description":"","potentialAction":[{"@type":"SearchAction","target":{"@type":"EntryPoint","urlTemplate":"https:\/\/www.q-bital.com\/?s={search_term_string}"},"query-input":{"@type":"PropertyValueSpecification","valueRequired":true,"valueName":"search_term_string"}}],"inLanguage":"de-DE"}]}},"_links":{"self":[{"href":"https:\/\/www.q-bital.com\/de_de\/wp-json\/wp\/v2\/pages\/674","targetHints":{"allow":["GET"]}}],"collection":[{"href":"https:\/\/www.q-bital.com\/de_de\/wp-json\/wp\/v2\/pages"}],"about":[{"href":"https:\/\/www.q-bital.com\/de_de\/wp-json\/wp\/v2\/types\/page"}],"author":[{"embeddable":true,"href":"https:\/\/www.q-bital.com\/de_de\/wp-json\/wp\/v2\/users\/2"}],"replies":[{"embeddable":true,"href":"https:\/\/www.q-bital.com\/de_de\/wp-json\/wp\/v2\/comments?post=674"}],"version-history":[{"count":0,"href":"https:\/\/www.q-bital.com\/de_de\/wp-json\/wp\/v2\/pages\/674\/revisions"}],"wp:attachment":[{"href":"https:\/\/www.q-bital.com\/de_de\/wp-json\/wp\/v2\/media?parent=674"}],"curies":[{"name":"wp","href":"https:\/\/api.w.org\/{rel}","templated":true}]}}