{"id":689,"date":"2023-07-19T15:15:33","date_gmt":"2023-07-19T15:15:33","guid":{"rendered":"https:\/\/www.q-bital.com\/?page_id=689"},"modified":"2023-09-08T13:41:12","modified_gmt":"2023-09-08T13:41:12","slug":"who-we-help","status":"publish","type":"page","link":"https:\/\/www.q-bital.com\/de_de\/who-we-help\/","title":{"rendered":"Wem wir helfen"},"content":{"rendered":"<section id=\"section-2-59\" class=\"ct-section\" style=\"background-image:url(https:\/\/www.q-bital.com\/wp-content\/uploads\/sites\/8\/2023\/05\/boulders-right.png);background-size: auto;\" >\n<div class=\"ct-section-inner-wrap\">\n<div id=\"div_block-8-59\" class=\"ct-div-block\" ><a id=\"link_text-6-59\" class=\"ct-link-text\" href=\"\/de_de\/\" target=\"_self\"  >Heim<\/a><\/p>\n<h1 id=\"headline-3-59\" class=\"ct-headline\"><span id=\"span-4-59\" class=\"ct-span\" >Wem wir helfen<\/span><\/h1>\n<\/div>\n<\/div>\n<\/section>\n<section id=\"section-68-14-text-left-white\" class=\"ct-section\" >\n<div class=\"ct-section-inner-wrap\">\n<div id=\"new_columns-69-14text-left-white\" class=\"ct-new-columns\" >\n<div id=\"div_block-70-14\" class=\"ct-div-block\" >\n<h2 id=\"headline-71-14\" class=\"ct-headline\">Wem wir helfen<\/h2>\n<div id=\"_rich_text-72-14\" class=\"oxy-rich-text\" >\n<p dir=\"ltr\">Wenn wir mit einem Kunden an einem neuen Projekt arbeiten, m\u00f6chten wir sicherstellen, dass der Prozess f\u00fcr alle Beteiligten m\u00f6glichst reibungslos verl\u00e4uft. Hier sind einige Beispiele daf\u00fcr, wie wir verschiedene F\u00fchrungsteams in Krankenh\u00e4usern unterst\u00fctzen k\u00f6nnen.<\/p>\n<\/div>\n<\/div>\n<div id=\"div_block-74-14\" class=\"ct-div-block\" ><img decoding=\"async\"  id=\"image-75-14\" alt=\"\" src=\"https:\/\/www.q-bital.com\/wp-content\/uploads\/sites\/8\/2023\/07\/team-4.jpg\" class=\"ct-image\"\/><\/div>\n<\/div>\n<\/div>\n<\/section>\n<section id=\"section-88-34-blue\" class=\"ct-section\" >\n<div class=\"ct-section-inner-wrap\">\n<div id=\"new_columns-89-34-blue\" class=\"ct-new-columns\" >\n<div id=\"div_block-94-34\" class=\"ct-div-block\" ><img decoding=\"async\"  id=\"image-95-34\" alt=\"\" src=\"https:\/\/www.q-bital.com\/wp-content\/uploads\/sites\/8\/2023\/07\/How-we-help-management-executives-image.jpg\" class=\"ct-image\"\/><\/div>\n<div id=\"div_block-90-34\" class=\"ct-div-block\" >\n<h2 id=\"headline-91-34\" class=\"ct-headline\">Wie wir F\u00fchrungskr\u00e4ften helfen<\/h2>\n<div id=\"_rich_text-92-34\" class=\"oxy-rich-text\" >\n<p dir=\"ltr\">Bei der Entwicklung des Gesch\u00e4ftsszenarios f\u00fcr die Integration zus\u00e4tzlicher Leistungserbringung in den Arbeitsablauf des Krankenhauses ist es wichtig, die Vorteile und wichtigsten Leistungsindikatoren einfach formulieren zu k\u00f6nnen. Es kann wichtig sein, den Return on Investment des Projekts nachzuweisen, insbesondere wenn erhebliche Vorlaufkosten anfallen. Mit unserer zwei Jahrzehnte langen Erfahrung sind wir bestens aufgestellt, um Ihnen zu helfen.<\/p>\n<p dir=\"ltr\">Jedes Projekt hat seine einzigartigen Anforderungen und Herausforderungen, die es zu bew\u00e4ltigen gilt. Einige Beispiele erfolgreicher Implementierungen sind jedoch:<\/p>\n<ul>\n<li dir=\"ltr\" aria-level=\"1\">\n<p dir=\"ltr\" role=\"presentation\">Steigende Einnahmen f\u00fcr die Durchf\u00fchrung zus\u00e4tzlicher Verfahren<\/p>\n<\/li>\n<li dir=\"ltr\" aria-level=\"1\">\n<p dir=\"ltr\" role=\"presentation\">Testen des Falles f\u00fcr neue Serviceentwicklungen<\/p>\n<\/li>\n<li dir=\"ltr\" aria-level=\"1\">\n<p dir=\"ltr\" role=\"presentation\">Vermeidung von Umsatzeinbu\u00dfen bei Anlagenstillst\u00e4nden<\/p>\n<\/li>\n<li dir=\"ltr\" aria-level=\"1\">\n<p dir=\"ltr\" role=\"presentation\">Vermeidung von Vertragsstrafen und anderen Leistungsma\u00dfnahmen<\/p>\n<\/li>\n<li dir=\"ltr\" aria-level=\"1\">\n<p dir=\"ltr\" role=\"presentation\">Verk\u00fcrzung der Reisezeit f\u00fcr \u00c4rzte zwischen den Standorten<\/p>\n<\/li>\n<li dir=\"ltr\" aria-level=\"1\">\n<p dir=\"ltr\" role=\"presentation\">Verbesserung der Patientenergebnisse<\/p>\n<\/li>\n<li dir=\"ltr\" aria-level=\"1\">\n<p dir=\"ltr\" role=\"presentation\">Vermeidung von St\u00f6rungen der Arbeitsabl\u00e4ufe der Mitarbeiter<\/p>\n<\/li>\n<li dir=\"ltr\" aria-level=\"1\">\n<p dir=\"ltr\" role=\"presentation\">Eliminierung von Service-Ausfallzeiten<\/p>\n<\/li>\n<li dir=\"ltr\" aria-level=\"1\">\n<p dir=\"ltr\" role=\"presentation\">\u00dcberwindung eines katastrophalen Scheiterns<\/p>\n<\/li>\n<li dir=\"ltr\" aria-level=\"1\">\n<p dir=\"ltr\" role=\"presentation\">Verk\u00fcrzung der Projektlaufzeiten<\/p>\n<\/li>\n<\/ul>\n<p dir=\"ltr\">Unser engagiertes Team steht Ihnen bei jedem Schritt des Prozesses unterst\u00fctzend zur Seite und ist jederzeit bereit, Abweichungen zu ber\u00fccksichtigen, falls das Projekt eine andere Richtung einschlagen muss.<\/p>\n<\/div>\n<\/div>\n<\/div>\n<\/div>\n<\/section>\n<section id=\"section-68-14-text-left-white\" class=\"ct-section\" >\n<div class=\"ct-section-inner-wrap\">\n<div id=\"new_columns-69-14text-left-white\" class=\"ct-new-columns\" >\n<div id=\"div_block-70-14\" class=\"ct-div-block\" >\n<h2 id=\"headline-71-14\" class=\"ct-headline\">Wie wir \u00c4rzten helfen<\/h2>\n<div id=\"_rich_text-72-14\" class=\"oxy-rich-text\" >\n<p dir=\"ltr\">Wir sind seit mehr als zwei Jahrzehnten f\u00fcr die Bereitstellung hochwertiger, sicherer und konformer klinischer Umgebungen in verschiedenen Fachgebieten verantwortlich, sodass Sie in sicheren H\u00e4nden sind.<\/p>\n<p dir=\"ltr\"><strong>Unser Angebot an klinischen Einrichtungen umfasst:&nbsp;<\/strong><\/p>\n<ul>\n<li dir=\"ltr\" aria-level=\"1\">\n<p dir=\"ltr\" role=\"presentation\">Standard-Operationss\u00e4le<\/p>\n<\/li>\n<li dir=\"ltr\" aria-level=\"1\">\n<p dir=\"ltr\" role=\"presentation\">Operationss\u00e4le mit Laminarstr\u00f6mung<\/p>\n<\/li>\n<li dir=\"ltr\" aria-level=\"1\">\n<p dir=\"ltr\" role=\"presentation\">Ultrareine Operationss\u00e4le<\/p>\n<\/li>\n<li dir=\"ltr\" aria-level=\"1\">\n<p dir=\"ltr\" role=\"presentation\">Hybride Operationss\u00e4le<\/p>\n<\/li>\n<li dir=\"ltr\" aria-level=\"1\">\n<p dir=\"ltr\" role=\"presentation\">Tageskoffer-Einrichtungen<\/p>\n<\/li>\n<li dir=\"ltr\" aria-level=\"1\">\n<p dir=\"ltr\" role=\"presentation\">Endoskopie-Suiten<\/p>\n<\/li>\n<li dir=\"ltr\" aria-level=\"1\">\n<p dir=\"ltr\" role=\"presentation\">Einrichtungen zur Dekontamination von Endoskopen<\/p>\n<\/li>\n<li dir=\"ltr\" aria-level=\"1\">\n<p dir=\"ltr\" role=\"presentation\">Zentrale Abteilungen f\u00fcr Sterilisationsdienste<\/p>\n<\/li>\n<li dir=\"ltr\" aria-level=\"1\">\n<p dir=\"ltr\" role=\"presentation\">Ambulanzen<\/p>\n<\/li>\n<li dir=\"ltr\" aria-level=\"1\">\n<p dir=\"ltr\" role=\"presentation\">Krankenstationen<\/p>\n<\/li>\n<li dir=\"ltr\" aria-level=\"1\">\n<p dir=\"ltr\" role=\"presentation\">Besuche in Krankenh\u00e4usern<\/p>\n<\/li>\n<li dir=\"ltr\" aria-level=\"1\">\n<p dir=\"ltr\" role=\"presentation\">Gemeinschaftsdiagnosezentren<\/p>\n<\/li>\n<\/ul>\n<p dir=\"ltr\">Einer der einzigartigen Vorteile der Zusammenarbeit mit uns besteht darin, dass wir f\u00fcr jeden von uns abgeschlossenen Vertrag eine klinische Aufsicht und \u00dcbersicht bieten k\u00f6nnen, von der Konzeption bis zur Fertigstellung. Jeder Vertrag wird von einem Clinical Services Manager (CSM) geleitet, der ein erfahrener klinischer Leiter mit aktueller klinischer Registrierung (NMC oder HCPC) und umfassenden Kenntnissen unserer mobilen und modularen Einrichtungen ist.<\/p>\n<\/div>\n<\/div>\n<div id=\"div_block-74-14\" class=\"ct-div-block\" ><img decoding=\"async\"  id=\"image-75-14\" alt=\"\" src=\"https:\/\/www.q-bital.com\/wp-content\/uploads\/sites\/8\/2023\/07\/clinical.jpg\" class=\"ct-image\"\/><\/div>\n<\/div>\n<\/div>\n<\/section>\n<section id=\"section-144-59\" class=\"ct-section\" >\n<div class=\"ct-section-inner-wrap\">\n<div id=\"new_columns-145-59\" class=\"ct-new-columns\" >\n<div id=\"div_block-146-59\" class=\"ct-div-block\" >\n<div id=\"_rich_text-9-63\" class=\"oxy-rich-text\" >\n<p>Die Suche nach einer L\u00f6sung, die f\u00fcr Ihr Krankenhaus funktioniert, k\u00f6nnte hier beginnen \u2026<\/p>\n<\/div>\n<p><a id=\"link_button-149-59\" class=\"ct-link-button\" href=\"\/de_de\/contact\/\" target=\"_self\"  >In Kontakt kommen<\/a><\/div>\n<div id=\"div_block-150-59\" class=\"ct-div-block\" ><img decoding=\"async\"  id=\"image-151-59\" alt=\"\" src=\"https:\/\/www.q-bital.com\/wp-content\/uploads\/sites\/8\/2023\/06\/kettering-2-1.jpg\" class=\"ct-image\"\/><\/div>\n<\/div>\n<\/div>\n<\/section>","protected":false},"excerpt":{"rendered":"","protected":false},"author":2,"featured_media":0,"parent":0,"menu_order":0,"comment_status":"closed","ping_status":"closed","template":"","meta":{"_acf_changed":false,"footnotes":""},"class_list":["post-689","page","type-page","status-publish","hentry"],"acf":[],"yoast_head":"<!-- This site is optimized with the Yoast SEO plugin v27.5 - https:\/\/yoast.com\/product\/yoast-seo-wordpress\/ -->\n<title>Who we help - Q-bital Healthcare Solutions<\/title>\n<meta name=\"robots\" content=\"index, follow, max-snippet:-1, max-image-preview:large, max-video-preview:-1\" \/>\n<link rel=\"canonical\" href=\"https:\/\/www.q-bital.com\/de_de\/who-we-help\/\" \/>\n<meta property=\"og:locale\" content=\"de_DE\" \/>\n<meta property=\"og:type\" content=\"article\" \/>\n<meta property=\"og:title\" content=\"Who we help - Q-bital Healthcare Solutions\" \/>\n<meta property=\"og:url\" content=\"https:\/\/www.q-bital.com\/de_de\/who-we-help\/\" \/>\n<meta property=\"og:site_name\" content=\"Q-bital Healthcare Solutions\" \/>\n<meta property=\"article:modified_time\" content=\"2023-09-08T13:41:12+00:00\" \/>\n<meta name=\"twitter:card\" content=\"summary_large_image\" \/>\n<script type=\"application\/ld+json\" class=\"yoast-schema-graph\">{\"@context\":\"https:\\\/\\\/schema.org\",\"@graph\":[{\"@type\":\"WebPage\",\"@id\":\"https:\\\/\\\/www.q-bital.com\\\/who-we-help\\\/\",\"url\":\"https:\\\/\\\/www.q-bital.com\\\/who-we-help\\\/\",\"name\":\"Who we help - Q-bital Healthcare Solutions\",\"isPartOf\":{\"@id\":\"https:\\\/\\\/www.q-bital.com\\\/#website\"},\"datePublished\":\"2023-07-19T15:15:33+00:00\",\"dateModified\":\"2023-09-08T13:41:12+00:00\",\"inLanguage\":\"de-DE\",\"potentialAction\":[{\"@type\":\"ReadAction\",\"target\":[\"https:\\\/\\\/www.q-bital.com\\\/who-we-help\\\/\"]}]},{\"@type\":\"WebSite\",\"@id\":\"https:\\\/\\\/www.q-bital.com\\\/#website\",\"url\":\"https:\\\/\\\/www.q-bital.com\\\/\",\"name\":\"Q-bital Healthcare Solutions\",\"description\":\"\",\"potentialAction\":[{\"@type\":\"SearchAction\",\"target\":{\"@type\":\"EntryPoint\",\"urlTemplate\":\"https:\\\/\\\/www.q-bital.com\\\/?s={search_term_string}\"},\"query-input\":{\"@type\":\"PropertyValueSpecification\",\"valueRequired\":true,\"valueName\":\"search_term_string\"}}],\"inLanguage\":\"de-DE\"}]}<\/script>\n<!-- \/ Yoast SEO plugin. -->","yoast_head_json":{"title":"Wem wir helfen - Q-bital Healthcare Solutions","robots":{"index":"index","follow":"follow","max-snippet":"max-snippet:-1","max-image-preview":"max-image-preview:large","max-video-preview":"max-video-preview:-1"},"canonical":"https:\/\/www.q-bital.com\/de_de\/who-we-help\/","og_locale":"de_DE","og_type":"article","og_title":"Who we help - Q-bital Healthcare Solutions","og_url":"https:\/\/www.q-bital.com\/de_de\/who-we-help\/","og_site_name":"Q-bital Healthcare Solutions","article_modified_time":"2023-09-08T13:41:12+00:00","twitter_card":"summary_large_image","schema":{"@context":"https:\/\/schema.org","@graph":[{"@type":"WebPage","@id":"https:\/\/www.q-bital.com\/who-we-help\/","url":"https:\/\/www.q-bital.com\/who-we-help\/","name":"Wem wir helfen - Q-bital Healthcare Solutions","isPartOf":{"@id":"https:\/\/www.q-bital.com\/#website"},"datePublished":"2023-07-19T15:15:33+00:00","dateModified":"2023-09-08T13:41:12+00:00","inLanguage":"de-DE","potentialAction":[{"@type":"ReadAction","target":["https:\/\/www.q-bital.com\/who-we-help\/"]}]},{"@type":"WebSite","@id":"https:\/\/www.q-bital.com\/#website","url":"https:\/\/www.q-bital.com\/","name":"Q-bital Healthcare Solutions","description":"","potentialAction":[{"@type":"SearchAction","target":{"@type":"EntryPoint","urlTemplate":"https:\/\/www.q-bital.com\/?s={search_term_string}"},"query-input":{"@type":"PropertyValueSpecification","valueRequired":true,"valueName":"search_term_string"}}],"inLanguage":"de-DE"}]}},"_links":{"self":[{"href":"https:\/\/www.q-bital.com\/de_de\/wp-json\/wp\/v2\/pages\/689","targetHints":{"allow":["GET"]}}],"collection":[{"href":"https:\/\/www.q-bital.com\/de_de\/wp-json\/wp\/v2\/pages"}],"about":[{"href":"https:\/\/www.q-bital.com\/de_de\/wp-json\/wp\/v2\/types\/page"}],"author":[{"embeddable":true,"href":"https:\/\/www.q-bital.com\/de_de\/wp-json\/wp\/v2\/users\/2"}],"replies":[{"embeddable":true,"href":"https:\/\/www.q-bital.com\/de_de\/wp-json\/wp\/v2\/comments?post=689"}],"version-history":[{"count":0,"href":"https:\/\/www.q-bital.com\/de_de\/wp-json\/wp\/v2\/pages\/689\/revisions"}],"wp:attachment":[{"href":"https:\/\/www.q-bital.com\/de_de\/wp-json\/wp\/v2\/media?parent=689"}],"curies":[{"name":"wp","href":"https:\/\/api.w.org\/{rel}","templated":true}]}}