{"id":693,"date":"2023-07-19T15:41:55","date_gmt":"2023-07-19T15:41:55","guid":{"rendered":"https:\/\/www.q-bital.com\/?page_id=693"},"modified":"2023-10-20T11:41:54","modified_gmt":"2023-10-20T11:41:54","slug":"faqs","status":"publish","type":"page","link":"https:\/\/www.q-bital.com\/de_de\/faqs\/","title":{"rendered":"FAQs"},"content":{"rendered":"<section id=\"section-2-59\" class=\"ct-section\" style=\"background-image:url(https:\/\/www.q-bital.com\/wp-content\/uploads\/sites\/8\/2023\/05\/boulders-right.png);background-size: auto;\" >\n<div class=\"ct-section-inner-wrap\">\n<div id=\"div_block-8-59\" class=\"ct-div-block\" ><a id=\"link_text-6-59\" class=\"ct-link-text\" href=\"\/de_de\/\" target=\"_self\"  >Heim<\/a><\/p>\n<h1 id=\"headline-3-59\" class=\"ct-headline\"><span id=\"span-4-59\" class=\"ct-span\" >FAQs<\/span><\/h1>\n<\/div>\n<\/div>\n<\/section>\n<div class=\"wp-block-vanguard-concertina\">\n<section class=\"ct-section\">\n<div class=\"ct-section-inner-wrap\">\n<div id=\"accordion-i9PUm1SAuAIPWb4o\" class=\"concertina accordion concertina-2col\">\n<div class=\"wp-block-vanguard-concertina-item accordion-item\">\n<h2 class=\"accordion-header\" id=\"heading-d078635e-3876-4394-8c4b-860ab9bdab1a\">\n<div class=\"title\">Wie lange dauert die Installation einer modularen Anlage?<\/div>\n<p><span class=\"indicator\"><\/span><\/h2>\n<div id=\"collapse-d078635e-3876-4394-8c4b-860ab9bdab1a\" class=\"accordion-collapse collapse\" aria-labelledby=\"heading-d078635e-3876-4394-8c4b-860ab9bdab1a\" data-bs-parent=\"#accordion-i9PUm1SAuAIPWb4o\">\n<div class=\"accordion-body\">\n<div class=\"text\">Die kurze Antwort lautet: weniger Zeit, als Sie vielleicht denken. Modulare Anlagen mit modernen Baumethoden k\u00f6nnen weitaus schneller entwickelt werden als herk\u00f6mmliche Geb\u00e4ude aus Ziegeln und M\u00f6rtel. Beispielsweise k\u00f6nnte der Bau von vier modularen Tages-OP-S\u00e4len, Aufwachr\u00e4umen und anderen Versorgungsr\u00e4umen in einem Krankenhaus von der Bestellung bis zur \u00dcbergabe nur 12 Wochen oder bis zu 26 Wochen dauern, wenn eine ma\u00dfgeschneiderte Rauml\u00f6sung f\u00fcr das Gesundheitswesen erforderlich ist.<\/p>\n<p><a href=\"\/de_de\/facilities\/operating-rooms\/\">Entdecken Sie, wie schnell eine modulare Anlage an Ihrem Krankenhausstandort eintreffen k\u00f6nnte<\/a>.<\/div>\n<\/div>\n<\/div>\n<\/div>\n<div class=\"wp-block-vanguard-concertina-item accordion-item\">\n<h2 class=\"accordion-header\" id=\"heading-1de95927-d811-4aff-adcf-0aefddbe059e\">\n<div class=\"title\">Kann ich eine Anlage mieten oder kaufen?<\/div>\n<p><span class=\"indicator\"><\/span><\/h2>\n<div id=\"collapse-1de95927-d811-4aff-adcf-0aefddbe059e\" class=\"accordion-collapse collapse\" aria-labelledby=\"heading-1de95927-d811-4aff-adcf-0aefddbe059e\" data-bs-parent=\"#accordion-i9PUm1SAuAIPWb4o\">\n<div class=\"accordion-body\">\n<div class=\"text\">Die Antwort lautet auf beides Ja. Wir bieten eine flexible <a data-type=\"page\" data-id=\"455\" href=\"\/de_de\/procurement\/\">Beschaffungsansatz<\/a> f\u00fcr unsere modularen Einrichtungen mit Miet-, Miet-\/Kauf- und Kaufoptionen, die entweder direkt oder \u00fcber verschiedene Frameworks verf\u00fcgbar sind.<\/p>\n<p><a data-type=\"page\" data-id=\"164\" href=\"\/de_de\/our-facilities\/\">Unsere mobilen Einheiten<\/a> stehen nur zur Vermietung zur Verf\u00fcgung, so k\u00f6nnen wir auf dringende Bed\u00fcrfnisse reagieren.<\/div>\n<\/div>\n<\/div>\n<\/div>\n<div class=\"wp-block-vanguard-concertina-item accordion-item\">\n<h2 class=\"accordion-header\" id=\"heading-6af607bb-17f3-405d-a620-f36c0dc0e622\">\n<div class=\"title\">Gibt es eine Mindestmietdauer?<\/div>\n<p><span class=\"indicator\"><\/span><\/h2>\n<div id=\"collapse-6af607bb-17f3-405d-a620-f36c0dc0e622\" class=\"accordion-collapse collapse\" aria-labelledby=\"heading-6af607bb-17f3-405d-a620-f36c0dc0e622\" data-bs-parent=\"#accordion-i9PUm1SAuAIPWb4o\">\n<div class=\"accordion-body\">\n<div class=\"text\">Generell gilt f\u00fcr unsere mobilen Anlagen eine Mindestmietdauer von 13 Wochen, f\u00fcr unsere modularen Anlagen k\u00f6nnen wir ein Preismodell ab 26 Wochen erstellen. Wir verfolgen jedoch einen flexiblen Ansatz, da unsere Priorit\u00e4t immer darin besteht, unsere L\u00f6sungen an den Bed\u00fcrfnissen unserer Kunden auszurichten und nicht daran, ihnen Zw\u00e4nge aufzuerlegen.<\/div>\n<\/div>\n<\/div>\n<\/div>\n<div class=\"wp-block-vanguard-concertina-item accordion-item\">\n<h2 class=\"accordion-header\" id=\"heading-343fc496-20ba-4e00-a725-9d3b2efbdbb7\">\n<div class=\"title\">Welche Eingriffe k\u00f6nnen in einem mobilen Operationssaal durchgef\u00fchrt werden?<\/div>\n<p><span class=\"indicator\"><\/span><\/h2>\n<div id=\"collapse-343fc496-20ba-4e00-a725-9d3b2efbdbb7\" class=\"accordion-collapse collapse\" aria-labelledby=\"heading-343fc496-20ba-4e00-a725-9d3b2efbdbb7\" data-bs-parent=\"#accordion-i9PUm1SAuAIPWb4o\">\n<div class=\"accordion-body\">\n<div class=\"text\">75% aller Arten klinischer Eingriffe, die in einem gro\u00dfen Akutkrankenhaus durchgef\u00fchrt werden, k\u00f6nnen in unseren mobilen Operationss\u00e4len durchgef\u00fchrt werden, vom H\u00fcftgelenkersatz bis zur Kataraktoperation, von Endoskopieverfahren bis zur plastischen Chirurgie. Dazu kommen spezielle Herzchirurgie und komplexe Krebseingriffe. Die vollst\u00e4ndige Liste ist viel zu lang, um sie hier aufzunehmen, aber Sie k\u00f6nnen mehr auf unserer Seite erfahren <a data-type=\"page\" data-id=\"674\" href=\"\/de_de\/heritage\/\">Heritage-Seite<\/a>.<\/div>\n<\/div>\n<\/div>\n<\/div>\n<div class=\"wp-block-vanguard-concertina-item accordion-item\">\n<h2 class=\"accordion-header\" id=\"heading-63aa3f64-7374-48b4-9834-2e0222f8eb3d\">\n<div class=\"title\">Welche Vorteile bieten modulare Geb\u00e4ude gegen\u00fcber herk\u00f6mmlichen Gesundheitsgeb\u00e4uden?<\/div>\n<p><span class=\"indicator\"><\/span><\/h2>\n<div id=\"collapse-63aa3f64-7374-48b4-9834-2e0222f8eb3d\" class=\"accordion-collapse collapse\" aria-labelledby=\"heading-63aa3f64-7374-48b4-9834-2e0222f8eb3d\" data-bs-parent=\"#accordion-i9PUm1SAuAIPWb4o\">\n<div class=\"accordion-body\">\n<div class=\"text\">Der Hauptvorteil besteht darin, dass sie schneller vor Ort sein und die ersten Patienten durch die T\u00fcr lassen k\u00f6nnen. MMC- und Off-Site-Baugeb\u00e4ude sind genauso robust und hochwertig wie herk\u00f6mmliche Geb\u00e4ude aus Ziegeln und M\u00f6rtel. Der gro\u00dfe Unterschied besteht darin, dass sie gleichzeitig mit der Ausf\u00fchrung der Unterkonstruktionsarbeiten vor Ort gebaut werden k\u00f6nnen.<\/p>\n<p>Moduldesign und MMC k\u00f6nnen die Bauzeit um bis zu 45% verk\u00fcrzen, die Kosten um 16% senken und die Produktivit\u00e4t w\u00e4hrend des gesamten Bauprozesses um 30% steigern.<sup>1<\/sup> Es gibt auch Vorteile f\u00fcr die Umwelt, da im Vergleich zu herk\u00f6mmlichen Baustellenlieferungen weniger Abfall entsteht und der CO2-Aussto\u00df reduziert wird.<\/p>\n<p>Ein Beispiel: Das St. Joseph&#039;s Hospital in Denver, Colorado, stellte fest, dass der externe Bau seiner Einrichtungen die Lieferzeit um 72 Tage verk\u00fcrzte und die Kosten um gesch\u00e4tzte $4,3 Millionen senkte.<sup>2<\/sup><\/p>\n<p>1. Whitepaper \u201eBuilding Better Healthcare\u201c.<br \/>2. Geiger, 2017.<\/div>\n<\/div>\n<\/div>\n<\/div>\n<div class=\"wp-block-vanguard-concertina-item accordion-item\">\n<h2 class=\"accordion-header\" id=\"heading-34124cfa-e6e2-45a3-bf73-0b32f35190c3\">\n<div class=\"title\">K\u00f6nnen Sie eine Anlage bauen, die genau auf unsere Anforderungen zugeschnitten ist?<\/div>\n<p><span class=\"indicator\"><\/span><\/h2>\n<div id=\"collapse-34124cfa-e6e2-45a3-bf73-0b32f35190c3\" class=\"accordion-collapse collapse\" aria-labelledby=\"heading-34124cfa-e6e2-45a3-bf73-0b32f35190c3\" data-bs-parent=\"#accordion-i9PUm1SAuAIPWb4o\">\n<div class=\"accordion-body\">\n<div class=\"text\">Auf jeden Fall, daf\u00fcr sind wir bekannt. Wir werden mit Ihnen zusammenarbeiten, um einen Gesundheitsraum zu schaffen, der Ihren spezifischen Anforderungen entspricht, von der Verwaltung des Patientenflusses \u00fcber Effizienzma\u00dfnahmen bis hin zum \u00e4u\u00dferen Erscheinungsbild.<\/div>\n<\/div>\n<\/div>\n<\/div>\n<div class=\"wp-block-vanguard-concertina-item accordion-item\">\n<h2 class=\"accordion-header\" id=\"heading-b2903f31-9b7b-4f6b-8001-9561a50b590e\">\n<div class=\"title\">Wie kann ich mehr dar\u00fcber erfahren, wie ich einen Operationssaal vor Ort bekommen kann?<\/div>\n<p><span class=\"indicator\"><\/span><\/h2>\n<div id=\"collapse-b2903f31-9b7b-4f6b-8001-9561a50b590e\" class=\"accordion-collapse collapse\" aria-labelledby=\"heading-b2903f31-9b7b-4f6b-8001-9561a50b590e\" data-bs-parent=\"#accordion-i9PUm1SAuAIPWb4o\">\n<div class=\"accordion-body\">\n<div class=\"text\">Kontaktieren Sie einfach unser freundliches Team und es wird Sie durch die einzelnen Schritte f\u00fchren. Sie werden wahrscheinlich feststellen, dass der Prozess einfacher ist, als Sie es sich vorgestellt haben. Wir k\u00f6nnen Ihnen die harte Arbeit abnehmen und sogar eine bereitstellen <a data-type=\"service\" href=\"\/de_de\/service\/turnkey-solutions\/\">schl\u00fcsselfertige L\u00f6sung<\/a> wenn das am besten zu dir passt.<\/p>\n<p><a data-type=\"page\" data-id=\"117\" href=\"\/de_de\/contact\/\" class=\"gform_button\">In Kontakt kommen<\/a><\/div>\n<\/div>\n<\/div>\n<\/div>\n<div class=\"wp-block-vanguard-concertina-item accordion-item\">\n<h2 class=\"accordion-header\" id=\"heading-868c76d8-3257-4fcf-957d-67bf4859f5ec\">\n<div class=\"title\">Beliefern Sie Einrichtungen weltweit?<\/div>\n<p><span class=\"indicator\"><\/span><\/h2>\n<div id=\"collapse-868c76d8-3257-4fcf-957d-67bf4859f5ec\" class=\"accordion-collapse collapse\" aria-labelledby=\"heading-868c76d8-3257-4fcf-957d-67bf4859f5ec\" data-bs-parent=\"#accordion-i9PUm1SAuAIPWb4o\">\n<div class=\"accordion-body\">\n<div class=\"text\">Ja, wir sind international t\u00e4tig. Wir haben Erfahrung mit der Bereitstellung von Einrichtungen in Australien, Neuseeland, den Benelux-L\u00e4ndern, den nordischen L\u00e4ndern, Irland und Gro\u00dfbritannien. In Gro\u00dfbritannien sind wir unter unserer Marke ###Vanguard### Healthcare Solutions t\u00e4tig. Weitere Informationen finden Sie unter <a href=\"https:\/\/www.vanguardhealthcare.co.uk\">www.vanguardhealthcare.co.uk<\/a>.<\/div>\n<\/div>\n<\/div>\n<\/div>\n<div class=\"wp-block-vanguard-concertina-item accordion-item\">\n<h2 class=\"accordion-header\" id=\"heading-32b61ab8-f388-43b3-8c99-1399b90140cf\">\n<div class=\"title\">Wie gehen Sie mit Ihren Auswirkungen auf die Umwelt um, insbesondere bei Ihren gr\u00f6\u00dferen Anlagen?<\/div>\n<p><span class=\"indicator\"><\/span><\/h2>\n<div id=\"collapse-32b61ab8-f388-43b3-8c99-1399b90140cf\" class=\"accordion-collapse collapse\" aria-labelledby=\"heading-32b61ab8-f388-43b3-8c99-1399b90140cf\" data-bs-parent=\"#accordion-i9PUm1SAuAIPWb4o\">\n<div class=\"accordion-body\">\n<div class=\"text\">Unsere L\u00f6sungen werden mit gr\u00f6\u00dfter Sorgfalt und Ber\u00fccksichtigung der Umwelt entworfen, gebaut und geliefert, wodurch der CO2-Aussto\u00df in jedem Schritt unseres Herstellungsprozesses reduziert wird. Wir sind st\u00e4ndig auf der Suche nach M\u00f6glichkeiten, die Auswirkungen unserer Ressourcennutzung zu minimieren, wobei wir uns besonders darauf konzentrieren, einen Beitrag zur globalen Agenda zum Klimawandel zu leisten.<\/p>\n<p>Unser Ziel ist es, bis Ende 2023 f\u00fcr Scope-1- und Scope-2-Emissionen und bis 2035 f\u00fcr Scope-3-Emissionen Netto-CO2-Null zu erreichen. Um dies zu erreichen, verf\u00fcgen wir \u00fcber einen soliden CO2-Reduktionsplan. Wir sind stolz auf unsere Fortschritte auf dem Weg zu CO2-Netto-Null. <a data-type=\"page\" data-id=\"705\" href=\"\/de_de\/carbon-reduction-plan\/\">Schauen Sie hier genauer hin\u2026<\/a> <\/p>\n<p>Wir haben uns k\u00fcrzlich mit Klimate zusammengetan, um eine Strategie zur CO2-Entfernung zu entwickeln, die uns dabei helfen soll, unsere Netto-Null-Ziele zu erreichen. Das innovative Portfolio an Projekten zur CO2-Entfernung umfasst Projekte wie direkte Luftabscheidung, Tieflagerung von Bio\u00f6l, Meerestang und restaurative Baumpflanzungen. Alle werden unabh\u00e4ngig \u00fcberpr\u00fcft, um ihre Integrit\u00e4t sicherzustellen.<\/p><\/div>\n<\/div>\n<\/div>\n<\/div>\n<div class=\"wp-block-vanguard-concertina-item accordion-item\">\n<h2 class=\"accordion-header\" id=\"heading-7562bf47-5278-48e0-b4d4-61a2e1dac74f\">\n<div class=\"title\">Arbeiten Sie mit Partnern zusammen?<\/div>\n<p><span class=\"indicator\"><\/span><\/h2>\n<div id=\"collapse-7562bf47-5278-48e0-b4d4-61a2e1dac74f\" class=\"accordion-collapse collapse\" aria-labelledby=\"heading-7562bf47-5278-48e0-b4d4-61a2e1dac74f\" data-bs-parent=\"#accordion-i9PUm1SAuAIPWb4o\">\n<div class=\"accordion-body\">\n<div class=\"text\">Ja, wir sind immer bereit, Nachforschungen anzustellen <a href=\"\/de_de\/partner-programme\/\" data-type=\"page\" data-id=\"316\">Partnerschaftsm\u00f6glichkeiten<\/a> und arbeiten derzeit mit Ger\u00e4teherstellern, Architekten, Bauunternehmern und Betreibern klinischer Dienstleistungen zusammen.<\/div>\n<\/div>\n<\/div>\n<\/div>\n<div class=\"wp-block-vanguard-concertina-item accordion-item\">\n<h2 class=\"accordion-header\" id=\"heading-fa666c52-3c78-40f9-895c-adcd67fb5d8b\">\n<div class=\"title\">Ist eine schl\u00fcsselfertige Komplettl\u00f6sung verf\u00fcgbar?<\/div>\n<p><span class=\"indicator\"><\/span><\/h2>\n<div id=\"collapse-fa666c52-3c78-40f9-895c-adcd67fb5d8b\" class=\"accordion-collapse collapse\" aria-labelledby=\"heading-fa666c52-3c78-40f9-895c-adcd67fb5d8b\" data-bs-parent=\"#accordion-i9PUm1SAuAIPWb4o\">\n<div class=\"accordion-body\">\n<div class=\"text\">Auf jeden Fall k\u00f6nnen wir uns um den gesamten Prozess k\u00fcmmern und eine liefern <a href=\"\/de_de\/service\/turnkey-solutions\/\" data-type=\"service\" data-id=\"185\">schl\u00fcsselfertige L\u00f6sung<\/a>. Dieser Service umfasst die vollst\u00e4ndige Verwaltung des Designprozesses (einschlie\u00dflich der Genehmigung des Gesch\u00e4ftsfalls), die hausinterne Fertigung, die Installation vor Ort und die Inbetriebnahme des Projekts. Durch unser spezialisiertes Designteam f\u00fcr das Gesundheitswesen verf\u00fcgen wir \u00fcber umfangreiche Erfahrung in der Beschaffung und Bereitstellung s\u00e4mtlicher Arbeiten vor Ort.<\/div>\n<\/div>\n<\/div>\n<\/div>\n<\/div>\n<\/div>\n<\/section>\n<\/div>\n<section id=\"section-144-59\" class=\"ct-section\" >\n<div class=\"ct-section-inner-wrap\">\n<div id=\"new_columns-145-59\" class=\"ct-new-columns\" >\n<div id=\"div_block-146-59\" class=\"ct-div-block\" >\n<div id=\"_rich_text-9-63\" class=\"oxy-rich-text\" >\n<p>Die Suche nach einer L\u00f6sung, die f\u00fcr Ihr Krankenhaus funktioniert, beginnt hier \u2026<\/p>\n<\/div>\n<p><a id=\"link_button-149-59\" class=\"ct-link-button\" href=\"\/de_de\/contact\/\" target=\"_self\"  >In Kontakt kommen<\/a><\/div>\n<div id=\"div_block-150-59\" class=\"ct-div-block\" ><img decoding=\"async\"  id=\"image-151-59\" alt=\"\" src=\"https:\/\/www.q-bital.com\/wp-content\/uploads\/2023\/06\/kettering-2-scaled.jpg\" class=\"ct-image\"\/><\/div>\n<\/div>\n<\/div>\n<\/section>","protected":false},"excerpt":{"rendered":"","protected":false},"author":2,"featured_media":0,"parent":0,"menu_order":0,"comment_status":"closed","ping_status":"closed","template":"","meta":{"_acf_changed":false,"footnotes":""},"class_list":["post-693","page","type-page","status-publish","hentry"],"acf":[],"yoast_head":"<!-- This site is optimized with the Yoast SEO plugin v27.5 - https:\/\/yoast.com\/product\/yoast-seo-wordpress\/ -->\n<title>FAQs - Q-bital Healthcare Solutions<\/title>\n<meta name=\"robots\" content=\"index, follow, max-snippet:-1, max-image-preview:large, max-video-preview:-1\" \/>\n<link rel=\"canonical\" href=\"https:\/\/www.q-bital.com\/de_de\/faqs\/\" \/>\n<meta property=\"og:locale\" content=\"de_DE\" \/>\n<meta property=\"og:type\" content=\"article\" \/>\n<meta property=\"og:title\" content=\"FAQs - Q-bital Healthcare Solutions\" \/>\n<meta property=\"og:url\" content=\"https:\/\/www.q-bital.com\/de_de\/faqs\/\" \/>\n<meta property=\"og:site_name\" content=\"Q-bital Healthcare Solutions\" \/>\n<meta property=\"article:modified_time\" content=\"2023-10-20T11:41:54+00:00\" \/>\n<meta name=\"twitter:card\" content=\"summary_large_image\" \/>\n<meta name=\"twitter:label1\" content=\"Gesch\u00e4tzte Lesezeit\" \/>\n\t<meta name=\"twitter:data1\" content=\"4 Minuten\" \/>\n<script type=\"application\/ld+json\" class=\"yoast-schema-graph\">{\"@context\":\"https:\\\/\\\/schema.org\",\"@graph\":[{\"@type\":\"WebPage\",\"@id\":\"https:\\\/\\\/www.q-bital.com\\\/faqs\\\/\",\"url\":\"https:\\\/\\\/www.q-bital.com\\\/faqs\\\/\",\"name\":\"FAQs - Q-bital Healthcare Solutions\",\"isPartOf\":{\"@id\":\"https:\\\/\\\/www.q-bital.com\\\/#website\"},\"datePublished\":\"2023-07-19T15:41:55+00:00\",\"dateModified\":\"2023-10-20T11:41:54+00:00\",\"inLanguage\":\"de-DE\",\"potentialAction\":[{\"@type\":\"ReadAction\",\"target\":[\"https:\\\/\\\/www.q-bital.com\\\/faqs\\\/\"]}]},{\"@type\":\"WebSite\",\"@id\":\"https:\\\/\\\/www.q-bital.com\\\/#website\",\"url\":\"https:\\\/\\\/www.q-bital.com\\\/\",\"name\":\"Q-bital Healthcare Solutions\",\"description\":\"\",\"potentialAction\":[{\"@type\":\"SearchAction\",\"target\":{\"@type\":\"EntryPoint\",\"urlTemplate\":\"https:\\\/\\\/www.q-bital.com\\\/?s={search_term_string}\"},\"query-input\":{\"@type\":\"PropertyValueSpecification\",\"valueRequired\":true,\"valueName\":\"search_term_string\"}}],\"inLanguage\":\"de-DE\"}]}<\/script>\n<!-- \/ Yoast SEO plugin. -->","yoast_head_json":{"title":"FAQs - Q-bital Healthcare Solutions","robots":{"index":"index","follow":"follow","max-snippet":"max-snippet:-1","max-image-preview":"max-image-preview:large","max-video-preview":"max-video-preview:-1"},"canonical":"https:\/\/www.q-bital.com\/de_de\/faqs\/","og_locale":"de_DE","og_type":"article","og_title":"FAQs - Q-bital Healthcare Solutions","og_url":"https:\/\/www.q-bital.com\/de_de\/faqs\/","og_site_name":"Q-bital Healthcare Solutions","article_modified_time":"2023-10-20T11:41:54+00:00","twitter_card":"summary_large_image","twitter_misc":{"Gesch\u00e4tzte Lesezeit":"4 Minuten"},"schema":{"@context":"https:\/\/schema.org","@graph":[{"@type":"WebPage","@id":"https:\/\/www.q-bital.com\/faqs\/","url":"https:\/\/www.q-bital.com\/faqs\/","name":"FAQs - Q-bital Healthcare Solutions","isPartOf":{"@id":"https:\/\/www.q-bital.com\/#website"},"datePublished":"2023-07-19T15:41:55+00:00","dateModified":"2023-10-20T11:41:54+00:00","inLanguage":"de-DE","potentialAction":[{"@type":"ReadAction","target":["https:\/\/www.q-bital.com\/faqs\/"]}]},{"@type":"WebSite","@id":"https:\/\/www.q-bital.com\/#website","url":"https:\/\/www.q-bital.com\/","name":"Q-bital Healthcare Solutions","description":"","potentialAction":[{"@type":"SearchAction","target":{"@type":"EntryPoint","urlTemplate":"https:\/\/www.q-bital.com\/?s={search_term_string}"},"query-input":{"@type":"PropertyValueSpecification","valueRequired":true,"valueName":"search_term_string"}}],"inLanguage":"de-DE"}]}},"_links":{"self":[{"href":"https:\/\/www.q-bital.com\/de_de\/wp-json\/wp\/v2\/pages\/693","targetHints":{"allow":["GET"]}}],"collection":[{"href":"https:\/\/www.q-bital.com\/de_de\/wp-json\/wp\/v2\/pages"}],"about":[{"href":"https:\/\/www.q-bital.com\/de_de\/wp-json\/wp\/v2\/types\/page"}],"author":[{"embeddable":true,"href":"https:\/\/www.q-bital.com\/de_de\/wp-json\/wp\/v2\/users\/2"}],"replies":[{"embeddable":true,"href":"https:\/\/www.q-bital.com\/de_de\/wp-json\/wp\/v2\/comments?post=693"}],"version-history":[{"count":0,"href":"https:\/\/www.q-bital.com\/de_de\/wp-json\/wp\/v2\/pages\/693\/revisions"}],"wp:attachment":[{"href":"https:\/\/www.q-bital.com\/de_de\/wp-json\/wp\/v2\/media?parent=693"}],"curies":[{"name":"wp","href":"https:\/\/api.w.org\/{rel}","templated":true}]}}