{"id":7163,"date":"2024-07-05T14:09:53","date_gmt":"2024-07-05T14:09:53","guid":{"rendered":"https:\/\/www.q-bital.com\/?page_id=7163"},"modified":"2024-07-08T15:15:56","modified_gmt":"2024-07-08T15:15:56","slug":"advisory-board","status":"publish","type":"page","link":"https:\/\/www.q-bital.com\/de_de\/advisory-board\/","title":{"rendered":"Beirat"},"content":{"rendered":"<section id=\"section-2-59\" class=\"ct-section\" style=\"background-image:url(https:\/\/www.q-bital.com\/wp-content\/uploads\/sites\/8\/2023\/05\/boulders-right.png);background-size: auto;\" >\n<div class=\"ct-section-inner-wrap\">\n<div id=\"div_block-8-59\" class=\"ct-div-block\" ><a id=\"link_text-6-59\" class=\"ct-link-text\" href=\"\/de_de\/\" target=\"_self\"  >Heim<\/a><\/p>\n<h1 id=\"headline-3-59\" class=\"ct-headline\"><span id=\"span-4-59\" class=\"ct-span\" >Beirat<\/span><\/h1>\n<\/div>\n<\/div>\n<\/section>\n<section id=\"section-319-315\" class=\"ct-section\" >\n<div class=\"ct-section-inner-wrap\">\n<div id=\"new_columns-320-315\" class=\"ct-new-columns\" >\n<div id=\"div_block-321-315\" class=\"ct-div-block\" >\n<h2 id=\"headline-322-315\" class=\"ct-headline\">Unser sorgf\u00e4ltig ausgew\u00e4hlter Beirat steigert den Wert unseres Services<\/h2>\n<div id=\"_rich_text-323-315\" class=\"oxy-rich-text\" >\n<p>Wir sind stolz darauf, mit einem angesehenen Beirat zusammenzuarbeiten, der sich aus glaubw\u00fcrdigen und renommierten Unternehmen aus verschiedenen Branchen zusammensetzt. Diese Partner bringen wertvolle Erkenntnisse, Fachwissen und Beratung mit, die es uns erm\u00f6glichen, kontinuierlich Innovationen zu entwickeln und h\u00f6chste Standards aufrechtzuerhalten.<\/p>\n<\/div>\n<\/div>\n<div id=\"div_block-324-315\" class=\"ct-div-block\" ><img decoding=\"async\"  id=\"image-325-315\" alt=\"\" src=\"https:\/\/www.q-bital.com\/wp-content\/uploads\/sites\/8\/2024\/07\/Advisory-Board.png\" class=\"ct-image\"\/><\/div>\n<\/div>\n<\/div>\n<\/section>\n<div class=\"wp-block-vanguard-vanguard-listing-boxes-container\">\n<section class=\"ct-section vanguard-listing-boxes\">\n<div class=\"ct-section-inner-wrap\">\n<div class=\"\">\n<h3 identifier=\"heading\" class=\"vanguard-listing-boxes__heading\">Beirat<\/h3>\n<div class=\"vanguard-listing-boxes__container\">\n<div class=\"wp-block-vanguard-vanguard-listing-boxes-box\">\n<div class=\"vanguard-listing-box\">\n<div class=\"vanguard-listing-box__image\"><img decoding=\"async\" src=\"https:\/\/www.q-bital.com\/wp-content\/uploads\/sites\/8\/2024\/07\/BRE_logo_Indigo_100mm.jpg\"\/><\/div>\n<div class=\"vanguard-listing-box__copy\">\n<h3 identifier=\"heading\" class=\"vanguard-listing-box__heading\">Das British Research Establishment (BRE)<\/h3>\n<h4 identifier=\"subheading\" class=\"vanguard-listing-box__subeading\"><\/h4>\n<p>Zusammenarbeit mit BRE, um sicherzustellen, dass die thermische Modellierung<\/p>\n<p><a href=\"https:\/\/www.q-bital.com\/de_de\/working-in-partnership-with-bre-to-ensure-thermal-modelling-meets-regulations\/\" class=\"vanguard-listing-box__button\"><span identifier=\"buttonText\" class=\"vanguard-listing-box__button__text\">Klicken Sie hier<\/span><\/a><\/div>\n<\/div>\n<\/div>\n<div class=\"wp-block-vanguard-vanguard-listing-boxes-box\">\n<div class=\"vanguard-listing-box\">\n<div class=\"vanguard-listing-box__image\"><img decoding=\"async\" src=\"https:\/\/www.q-bital.com\/wp-content\/uploads\/sites\/8\/2024\/07\/TAB_col_white_background.png\"\/><\/div>\n<div class=\"vanguard-listing-box__copy\">\n<h3 identifier=\"heading\" class=\"vanguard-listing-box__heading\">Universit\u00e4t Manchester<\/h3>\n<h4 identifier=\"subheading\" class=\"vanguard-listing-box__subeading\"><\/h4>\n<p>Zusammenarbeit mit der Universit\u00e4t Manchester zur Gew\u00e4hrleistung einer speziellen strukturellen Feuerbest\u00e4ndigkeit<\/p>\n<p><a href=\"https:\/\/www.q-bital.com\/de_de\/working-with-the-university-of-manchester-to-ensure-specialist-structural-fire-resistance\/\" class=\"vanguard-listing-box__button\"><span identifier=\"buttonText\" class=\"vanguard-listing-box__button__text\">Klicken Sie hier<\/span><\/a><\/div>\n<\/div>\n<\/div>\n<div class=\"wp-block-vanguard-vanguard-listing-boxes-box\">\n<div class=\"vanguard-listing-box\">\n<div class=\"vanguard-listing-box__image\"><img decoding=\"async\" src=\"https:\/\/www.q-bital.com\/wp-content\/uploads\/sites\/8\/2024\/07\/AVIE-Logo-RGB.svg\"\/><\/div>\n<div class=\"vanguard-listing-box__copy\">\n<h3 identifier=\"heading\" class=\"vanguard-listing-box__heading\">Avie Consulting GmbH<\/h3>\n<h4 identifier=\"subheading\" class=\"vanguard-listing-box__subeading\"><\/h4>\n<p>Zusammenarbeit mit Avie Consulting im Bereich Baustatik und Bodenschwingungskompatibilit\u00e4t<\/p>\n<p><a href=\"https:\/\/www.q-bital.com\/de_de\/working-in-partnership-with-avie-consulting-on-structural-engineering-and-floor-vibration-compliance\/\" class=\"vanguard-listing-box__button\"><span identifier=\"buttonText\" class=\"vanguard-listing-box__button__text\">Klicken Sie hier<\/span><\/a><\/div>\n<\/div>\n<\/div>\n<\/div>\n<\/div>\n<\/div>\n<\/section>\n<\/div>","protected":false},"excerpt":{"rendered":"","protected":false},"author":11,"featured_media":0,"parent":0,"menu_order":0,"comment_status":"closed","ping_status":"closed","template":"","meta":{"_acf_changed":false,"footnotes":""},"class_list":["post-7163","page","type-page","status-publish","hentry"],"acf":[],"yoast_head":"<!-- This site is optimized with the Yoast SEO plugin v27.5 - https:\/\/yoast.com\/product\/yoast-seo-wordpress\/ -->\n<title>Advisory board - Q-bital Healthcare Solutions<\/title>\n<meta name=\"robots\" content=\"index, follow, max-snippet:-1, max-image-preview:large, max-video-preview:-1\" \/>\n<link rel=\"canonical\" href=\"https:\/\/www.q-bital.com\/de_de\/advisory-board\/\" \/>\n<meta property=\"og:locale\" content=\"de_DE\" \/>\n<meta property=\"og:type\" content=\"article\" \/>\n<meta property=\"og:title\" content=\"Advisory board - Q-bital Healthcare Solutions\" \/>\n<meta property=\"og:url\" content=\"https:\/\/www.q-bital.com\/de_de\/advisory-board\/\" \/>\n<meta property=\"og:site_name\" content=\"Q-bital Healthcare Solutions\" \/>\n<meta property=\"article:modified_time\" content=\"2024-07-08T15:15:56+00:00\" \/>\n<meta property=\"og:image\" content=\"https:\/\/www.q-bital.com\/wp-content\/uploads\/sites\/8\/2024\/07\/BRE_logo_Indigo_100mm.jpg\" \/>\n<meta name=\"twitter:card\" content=\"summary_large_image\" \/>\n<meta name=\"twitter:label1\" content=\"Gesch\u00e4tzte Lesezeit\" \/>\n\t<meta name=\"twitter:data1\" content=\"1 Minute\" \/>\n<script type=\"application\/ld+json\" class=\"yoast-schema-graph\">{\"@context\":\"https:\\\/\\\/schema.org\",\"@graph\":[{\"@type\":\"WebPage\",\"@id\":\"https:\\\/\\\/www.q-bital.com\\\/advisory-board\\\/\",\"url\":\"https:\\\/\\\/www.q-bital.com\\\/advisory-board\\\/\",\"name\":\"Advisory board - Q-bital Healthcare Solutions\",\"isPartOf\":{\"@id\":\"https:\\\/\\\/www.q-bital.com\\\/#website\"},\"primaryImageOfPage\":{\"@id\":\"https:\\\/\\\/www.q-bital.com\\\/advisory-board\\\/#primaryimage\"},\"image\":{\"@id\":\"https:\\\/\\\/www.q-bital.com\\\/advisory-board\\\/#primaryimage\"},\"thumbnailUrl\":\"https:\\\/\\\/www.q-bital.com\\\/wp-content\\\/uploads\\\/sites\\\/8\\\/2024\\\/07\\\/BRE_logo_Indigo_100mm.jpg\",\"datePublished\":\"2024-07-05T14:09:53+00:00\",\"dateModified\":\"2024-07-08T15:15:56+00:00\",\"inLanguage\":\"de-DE\",\"potentialAction\":[{\"@type\":\"ReadAction\",\"target\":[\"https:\\\/\\\/www.q-bital.com\\\/advisory-board\\\/\"]}]},{\"@type\":\"ImageObject\",\"inLanguage\":\"de-DE\",\"@id\":\"https:\\\/\\\/www.q-bital.com\\\/advisory-board\\\/#primaryimage\",\"url\":\"https:\\\/\\\/www.q-bital.com\\\/wp-content\\\/uploads\\\/sites\\\/8\\\/2024\\\/07\\\/BRE_logo_Indigo_100mm.jpg\",\"contentUrl\":\"https:\\\/\\\/www.q-bital.com\\\/wp-content\\\/uploads\\\/sites\\\/8\\\/2024\\\/07\\\/BRE_logo_Indigo_100mm.jpg\"},{\"@type\":\"WebSite\",\"@id\":\"https:\\\/\\\/www.q-bital.com\\\/#website\",\"url\":\"https:\\\/\\\/www.q-bital.com\\\/\",\"name\":\"Q-bital Healthcare Solutions\",\"description\":\"\",\"potentialAction\":[{\"@type\":\"SearchAction\",\"target\":{\"@type\":\"EntryPoint\",\"urlTemplate\":\"https:\\\/\\\/www.q-bital.com\\\/?s={search_term_string}\"},\"query-input\":{\"@type\":\"PropertyValueSpecification\",\"valueRequired\":true,\"valueName\":\"search_term_string\"}}],\"inLanguage\":\"de-DE\"}]}<\/script>\n<!-- \/ Yoast SEO plugin. -->","yoast_head_json":{"title":"Beirat - Q-bital Healthcare Solutions","robots":{"index":"index","follow":"follow","max-snippet":"max-snippet:-1","max-image-preview":"max-image-preview:large","max-video-preview":"max-video-preview:-1"},"canonical":"https:\/\/www.q-bital.com\/de_de\/advisory-board\/","og_locale":"de_DE","og_type":"article","og_title":"Advisory board - Q-bital Healthcare Solutions","og_url":"https:\/\/www.q-bital.com\/de_de\/advisory-board\/","og_site_name":"Q-bital Healthcare Solutions","article_modified_time":"2024-07-08T15:15:56+00:00","og_image":[{"url":"https:\/\/www.q-bital.com\/wp-content\/uploads\/sites\/8\/2024\/07\/BRE_logo_Indigo_100mm.jpg","type":"","width":"","height":""}],"twitter_card":"summary_large_image","twitter_misc":{"Gesch\u00e4tzte Lesezeit":"1 Minute"},"schema":{"@context":"https:\/\/schema.org","@graph":[{"@type":"WebPage","@id":"https:\/\/www.q-bital.com\/advisory-board\/","url":"https:\/\/www.q-bital.com\/advisory-board\/","name":"Beirat - Q-bital Healthcare Solutions","isPartOf":{"@id":"https:\/\/www.q-bital.com\/#website"},"primaryImageOfPage":{"@id":"https:\/\/www.q-bital.com\/advisory-board\/#primaryimage"},"image":{"@id":"https:\/\/www.q-bital.com\/advisory-board\/#primaryimage"},"thumbnailUrl":"https:\/\/www.q-bital.com\/wp-content\/uploads\/sites\/8\/2024\/07\/BRE_logo_Indigo_100mm.jpg","datePublished":"2024-07-05T14:09:53+00:00","dateModified":"2024-07-08T15:15:56+00:00","inLanguage":"de-DE","potentialAction":[{"@type":"ReadAction","target":["https:\/\/www.q-bital.com\/advisory-board\/"]}]},{"@type":"ImageObject","inLanguage":"de-DE","@id":"https:\/\/www.q-bital.com\/advisory-board\/#primaryimage","url":"https:\/\/www.q-bital.com\/wp-content\/uploads\/sites\/8\/2024\/07\/BRE_logo_Indigo_100mm.jpg","contentUrl":"https:\/\/www.q-bital.com\/wp-content\/uploads\/sites\/8\/2024\/07\/BRE_logo_Indigo_100mm.jpg"},{"@type":"WebSite","@id":"https:\/\/www.q-bital.com\/#website","url":"https:\/\/www.q-bital.com\/","name":"Q-bital Healthcare Solutions","description":"","potentialAction":[{"@type":"SearchAction","target":{"@type":"EntryPoint","urlTemplate":"https:\/\/www.q-bital.com\/?s={search_term_string}"},"query-input":{"@type":"PropertyValueSpecification","valueRequired":true,"valueName":"search_term_string"}}],"inLanguage":"de-DE"}]}},"_links":{"self":[{"href":"https:\/\/www.q-bital.com\/de_de\/wp-json\/wp\/v2\/pages\/7163","targetHints":{"allow":["GET"]}}],"collection":[{"href":"https:\/\/www.q-bital.com\/de_de\/wp-json\/wp\/v2\/pages"}],"about":[{"href":"https:\/\/www.q-bital.com\/de_de\/wp-json\/wp\/v2\/types\/page"}],"author":[{"embeddable":true,"href":"https:\/\/www.q-bital.com\/de_de\/wp-json\/wp\/v2\/users\/11"}],"replies":[{"embeddable":true,"href":"https:\/\/www.q-bital.com\/de_de\/wp-json\/wp\/v2\/comments?post=7163"}],"version-history":[{"count":0,"href":"https:\/\/www.q-bital.com\/de_de\/wp-json\/wp\/v2\/pages\/7163\/revisions"}],"wp:attachment":[{"href":"https:\/\/www.q-bital.com\/de_de\/wp-json\/wp\/v2\/media?parent=7163"}],"curies":[{"name":"wp","href":"https:\/\/api.w.org\/{rel}","templated":true}]}}