{"id":7284,"date":"2025-02-12T17:18:20","date_gmt":"2025-02-12T17:18:20","guid":{"rendered":"https:\/\/www.vanguardhealthcare.co.uk\/?page_id=7785"},"modified":"2026-01-13T16:04:17","modified_gmt":"2026-01-13T16:04:17","slug":"accreditations-and-certifications","status":"publish","type":"page","link":"https:\/\/www.q-bital.com\/de_de\/accreditations-and-certifications\/","title":{"rendered":"Akkreditierungen und Zertifizierungen"},"content":{"rendered":"<p>Wir wissen um den Wert, den Zertifizierungen f\u00fcr Unternehmen und ihre Kunden haben. Deshalb lassen wir uns j\u00e4hrlich extern anhand der folgenden Standards pr\u00fcfen. <strong>Die folgenden Akkreditierungen und Zertifizierungen sind der \u00dcbersichtlichkeit halber nach Einsatzort gruppiert.<\/strong><\/p>\n<div style=\"height:58px\" aria-hidden=\"true\" class=\"wp-block-spacer\"><\/div>\n<h2 class=\"wp-block-heading has-text-align-center\">Vereinigtes K\u00f6nigreich und Irland<\/h2>\n<div style=\"height:24px\" aria-hidden=\"true\" class=\"wp-block-spacer\"><\/div>\n<div class=\"wp-block-media-text is-stacked-on-mobile\" style=\"grid-template-columns:25% auto\">\n<figure class=\"wp-block-media-text__media\"><img decoding=\"async\" src=\"https:\/\/www.vanguardhealthcare.co.uk\/wp-content\/uploads\/2025\/03\/Untitled-design-2.png\" alt=\"\" class=\"wp-image-7876 size-full\" \/><\/figure>\n<div class=\"wp-block-media-text__content\">\n<p><strong>Cyber Essentials Plus-Zertifizierung<\/strong>&nbsp;<\/p>\n<p>Cyber Essentials Plus ist ein von der britischen Regierung gef\u00f6rdertes Programm, das Unternehmen beim Schutz vor g\u00e4ngigen Online-Bedrohungen unterst\u00fctzt. Es bietet zus\u00e4tzliche Sicherheit, dass wir Kundendaten mit den notwendigen technischen Ma\u00dfnahmen vor Cyberangriffen sch\u00fctzen.<\/p>\n<\/div>\n<\/div>\n<div class=\"wp-block-media-text is-stacked-on-mobile\" style=\"grid-template-columns:25% auto\">\n<figure class=\"wp-block-media-text__media\"><img decoding=\"async\" src=\"https:\/\/www.vanguardhealthcare.co.uk\/wp-content\/uploads\/2025\/02\/ISO9001_BAB-1024x1024.jpg\" alt=\"\" class=\"wp-image-7787 size-full\" \/><\/figure>\n<div class=\"wp-block-media-text__content\">\n<p><strong>ISO 9001 Qualit\u00e4tsmanagement-Akkreditierung<\/strong><\/p>\n<p>Wir haben uns zum Ziel gesetzt, die Erwartungen unserer Kunden zu \u00fcbertreffen und einen au\u00dfergew\u00f6hnlichen Service zu bieten. Unsere ISO 9001-Zertifizierung unterstreicht dieses Engagement und stellt sicher, dass wir die Bed\u00fcrfnisse unserer Kunden stets erf\u00fcllen und aktiv ihr Feedback einholen. Dieser Ansatz hilft uns, Verbesserungspotenziale zu erkennen, das Kundenerlebnis zu optimieren und einen konstant erstklassigen Service zu gew\u00e4hrleisten.<\/p>\n<\/div>\n<\/div>\n<div class=\"wp-block-media-text is-stacked-on-mobile\" style=\"grid-template-columns:25% auto\">\n<figure class=\"wp-block-media-text__media\"><img decoding=\"async\" src=\"https:\/\/www.vanguardhealthcare.co.uk\/wp-content\/uploads\/2025\/02\/ISO14001_BAB-1024x1024.jpg\" alt=\"\" class=\"wp-image-7788 size-full\" \/><\/figure>\n<div class=\"wp-block-media-text__content\">\n<p><strong>ISO 14001 Umweltmanagement-Akkreditierung<\/strong><\/p>\n<p>Kunden, denen Nachhaltigkeit wichtig ist, k\u00f6nnen sich darauf verlassen, dass wir uns der Minimierung unseres \u00f6kologischen Fu\u00dfabdrucks verschrieben haben.<\/p>\n<p>Unsere ISO 14001-Zertifizierung erm\u00f6glicht es uns, wirksame Ma\u00dfnahmen zur Steuerung unserer Umweltauswirkungen umzusetzen. <\/p>\n<\/div>\n<\/div>\n<div class=\"wp-block-media-text is-stacked-on-mobile\" style=\"grid-template-columns:25% auto\">\n<figure class=\"wp-block-media-text__media\"><img decoding=\"async\" src=\"https:\/\/www.vanguardhealthcare.co.uk\/wp-content\/uploads\/2025\/02\/ISO45001_BAB-1024x1024.jpg\" alt=\"\" class=\"wp-image-7789 size-full\" \/><\/figure>\n<div class=\"wp-block-media-text__content\">\n<p><strong>ISO 45001-Zertifizierung f\u00fcr Gesundheits- und Sicherheitsmanagement<\/strong><\/p>\n<p>Wir setzen alles daran, die Erwartungen unserer Kunden zu \u00fcbertreffen und exzellenten Service zu bieten. Unsere ISO 45001-Zertifizierung unterstreicht dieses Engagement und stellt sicher, dass wir die Anforderungen an Arbeitsschutz und Sicherheit stets erf\u00fcllen und aktiv Feedback einholen. Dieser Ansatz hilft uns, Verbesserungspotenziale zu erkennen, die Sicherheit am Arbeitsplatz zu erh\u00f6hen und unseren Mitarbeitern und Kunden dauerhaft ein sicheres und gesundes Umfeld zu bieten.<\/p>\n<\/div>\n<\/div>\n<div class=\"wp-block-media-text is-stacked-on-mobile is-vertically-aligned-center\" style=\"grid-template-columns:25% auto\">\n<figure class=\"wp-block-media-text__media\"><img loading=\"lazy\" decoding=\"async\" width=\"1280\" height=\"650\" src=\"https:\/\/www.q-bital.com\/wp-content\/uploads\/sites\/8\/2026\/01\/mark-of-trust-certificate-of-conformity-BIMdesignandconstruction-black-logo-En-GB-0524.jpg\" alt=\"\" class=\"wp-image-7292 size-full\" srcset=\"https:\/\/www.q-bital.com\/wp-content\/uploads\/sites\/8\/2026\/01\/mark-of-trust-certificate-of-conformity-BIMdesignandconstruction-black-logo-En-GB-0524.jpg 1280w, https:\/\/www.q-bital.com\/wp-content\/uploads\/sites\/8\/2026\/01\/mark-of-trust-certificate-of-conformity-BIMdesignandconstruction-black-logo-En-GB-0524-300x152.jpg 300w, https:\/\/www.q-bital.com\/wp-content\/uploads\/sites\/8\/2026\/01\/mark-of-trust-certificate-of-conformity-BIMdesignandconstruction-black-logo-En-GB-0524-768x390.jpg 768w, https:\/\/www.q-bital.com\/wp-content\/uploads\/sites\/8\/2026\/01\/mark-of-trust-certificate-of-conformity-BIMdesignandconstruction-black-logo-En-GB-0524-18x9.jpg 18w\" sizes=\"auto, (max-width: 1280px) 100vw, 1280px\" \/><\/figure>\n<div class=\"wp-block-media-text__content\">\n<p><strong><strong>ISO 19650-2 Zertifizierung<\/strong><\/strong><\/p>\n<p>BSI-Zertifizierung&nbsp;<strong>BS EN ISO 19650-2:2018<\/strong>&nbsp;Dies beweist, dass Vanguard Healthcare Solutions Informationen w\u00e4hrend der Errichtung von Gesundheitseinrichtungen einheitlich, sicher und nach international anerkannten Standards verwaltet. F\u00fcr unsere Kunden bedeutet dies die Gewissheit, dass klinische Planungs- und Vertragsinformationen pr\u00e4zise, gut dokumentiert und mithilfe von Building Information Modeling (BIM) kollaborativ verwaltet werden. Dies tr\u00e4gt dazu bei, Risiken zu minimieren, die Koordination zu verbessern und fundierte Entscheidungen in komplexen Gesundheitsprojekten zu erm\u00f6glichen.<\/p>\n<\/div>\n<\/div>\n<div class=\"wp-block-media-text is-stacked-on-mobile is-vertically-aligned-center\" style=\"grid-template-columns:25% auto\">\n<figure class=\"wp-block-media-text__media\"><img decoding=\"async\" src=\"https:\/\/www.vanguardhealthcare.co.uk\/wp-content\/uploads\/2025\/07\/White-VF-CHAS_LtBG_jpg-1024x725.jpg\" alt=\"\" class=\"wp-image-8067 size-full\" \/><\/figure>\n<div class=\"wp-block-media-text__content\">\n<p><strong>CHAS Elite<\/strong><\/p>\n<p>Die Erlangung des CHAS Elite-Status best\u00e4tigt, dass wir strenge Kriterien erf\u00fcllen und somit nicht nur die gesetzlichen Bestimmungen einhalten, sondern auch bew\u00e4hrte Verfahren zum Schutz von Mitarbeitern und Kunden umsetzen. Sie unterstreicht unser Engagement f\u00fcr ein sicheres Arbeitsumfeld und die effektive Risikominderung. Der CHAS Elite-Status gibt Ihnen die Gewissheit, dass wir integer, verantwortungsbewusst und professionell handeln. <\/p>\n<\/p>\n<\/p>\n<\/div>\n<\/div>\n<div style=\"height:42px\" aria-hidden=\"true\" class=\"wp-block-spacer\"><\/div>\n<h2 class=\"wp-block-heading has-text-align-center\">Australien<\/h2>\n<div style=\"height:38px\" aria-hidden=\"true\" class=\"wp-block-spacer\"><\/div>\n<div class=\"wp-block-media-text is-stacked-on-mobile is-vertically-aligned-center\" style=\"grid-template-columns:25% auto\">\n<figure class=\"wp-block-media-text__media\"><img loading=\"lazy\" decoding=\"async\" width=\"569\" height=\"1024\" src=\"https:\/\/www.q-bital.com\/wp-content\/uploads\/sites\/8\/2026\/01\/Certifi_StandardsLogos_PORTRAIT_11.04.24_9001-569x1024.png\" alt=\"\" class=\"wp-image-7287 size-full\" srcset=\"https:\/\/www.q-bital.com\/wp-content\/uploads\/sites\/8\/2026\/01\/Certifi_StandardsLogos_PORTRAIT_11.04.24_9001-569x1024.png 569w, https:\/\/www.q-bital.com\/wp-content\/uploads\/sites\/8\/2026\/01\/Certifi_StandardsLogos_PORTRAIT_11.04.24_9001-167x300.png 167w, https:\/\/www.q-bital.com\/wp-content\/uploads\/sites\/8\/2026\/01\/Certifi_StandardsLogos_PORTRAIT_11.04.24_9001-768x1382.png 768w, https:\/\/www.q-bital.com\/wp-content\/uploads\/sites\/8\/2026\/01\/Certifi_StandardsLogos_PORTRAIT_11.04.24_9001-853x1536.png 853w, https:\/\/www.q-bital.com\/wp-content\/uploads\/sites\/8\/2026\/01\/Certifi_StandardsLogos_PORTRAIT_11.04.24_9001-7x12.png 7w, https:\/\/www.q-bital.com\/wp-content\/uploads\/sites\/8\/2026\/01\/Certifi_StandardsLogos_PORTRAIT_11.04.24_9001.png 945w\" sizes=\"auto, (max-width: 569px) 100vw, 569px\" \/><\/figure>\n<div class=\"wp-block-media-text__content\">\n<p><strong>ISO 9001 Qualit\u00e4tsmanagement-Akkreditierung<\/strong><\/p>\n<p>Wir haben uns zum Ziel gesetzt, die Erwartungen unserer Kunden zu \u00fcbertreffen und einen au\u00dfergew\u00f6hnlichen Service zu bieten. Unsere ISO 9001-Zertifizierung unterstreicht dieses Engagement und stellt sicher, dass wir die Bed\u00fcrfnisse unserer Kunden stets erf\u00fcllen und aktiv ihr Feedback einholen. Dieser Ansatz hilft uns, Verbesserungspotenziale zu erkennen, das Kundenerlebnis zu optimieren und einen konstant erstklassigen Service zu gew\u00e4hrleisten.<\/p>\n<\/p>\n<\/p>\n<\/div>\n<\/div>\n<div class=\"wp-block-media-text is-stacked-on-mobile is-vertically-aligned-center\" style=\"grid-template-columns:25% auto\">\n<figure class=\"wp-block-media-text__media\"><img loading=\"lazy\" decoding=\"async\" width=\"569\" height=\"1024\" src=\"https:\/\/www.q-bital.com\/wp-content\/uploads\/sites\/8\/2026\/01\/Certifi_StandardsLogos_PORTRAIT_11.04.24_14001-569x1024.png\" alt=\"\" class=\"wp-image-7288 size-full\" srcset=\"https:\/\/www.q-bital.com\/wp-content\/uploads\/sites\/8\/2026\/01\/Certifi_StandardsLogos_PORTRAIT_11.04.24_14001-569x1024.png 569w, https:\/\/www.q-bital.com\/wp-content\/uploads\/sites\/8\/2026\/01\/Certifi_StandardsLogos_PORTRAIT_11.04.24_14001-167x300.png 167w, https:\/\/www.q-bital.com\/wp-content\/uploads\/sites\/8\/2026\/01\/Certifi_StandardsLogos_PORTRAIT_11.04.24_14001-768x1382.png 768w, https:\/\/www.q-bital.com\/wp-content\/uploads\/sites\/8\/2026\/01\/Certifi_StandardsLogos_PORTRAIT_11.04.24_14001-853x1536.png 853w, https:\/\/www.q-bital.com\/wp-content\/uploads\/sites\/8\/2026\/01\/Certifi_StandardsLogos_PORTRAIT_11.04.24_14001-7x12.png 7w, https:\/\/www.q-bital.com\/wp-content\/uploads\/sites\/8\/2026\/01\/Certifi_StandardsLogos_PORTRAIT_11.04.24_14001.png 945w\" sizes=\"auto, (max-width: 569px) 100vw, 569px\" \/><\/figure>\n<div class=\"wp-block-media-text__content\">\n<p><strong>ISO 14001 Umweltmanagement-Akkreditierung<\/strong><\/p>\n<p>Kunden, denen Nachhaltigkeit wichtig ist, k\u00f6nnen sich darauf verlassen, dass wir uns der Minimierung unseres \u00f6kologischen Fu\u00dfabdrucks verschrieben haben.<\/p>\n<p>Unsere ISO 14001-Zertifizierung erm\u00f6glicht es uns, wirksame Ma\u00dfnahmen zur Steuerung unserer Umweltauswirkungen umzusetzen.<\/p>\n<\/p>\n<\/p>\n<\/div>\n<\/div>","protected":false},"excerpt":{"rendered":"<p>We know the value that certification brings to businesses and their customers, which is why we are externally audited on an annual basis against the following standards. The accreditations and certifications below are grouped by operational location for clarity. UK &amp; Ireland Cyber Essentials Plus Certification&nbsp; Cyber Essentials Plus is a UK government-backed scheme designed [&hellip;]<\/p>\n","protected":false},"author":11,"featured_media":0,"parent":0,"menu_order":0,"comment_status":"closed","ping_status":"closed","template":"","meta":{"_acf_changed":false,"footnotes":""},"class_list":["post-7284","page","type-page","status-publish","hentry"],"acf":[],"yoast_head":"<!-- This site is optimized with the Yoast SEO plugin v27.3 - https:\/\/yoast.com\/product\/yoast-seo-wordpress\/ -->\n<title>Accreditations and Certifications - Q-bital Healthcare Solutions<\/title>\n<meta name=\"robots\" content=\"index, follow, max-snippet:-1, max-image-preview:large, max-video-preview:-1\" \/>\n<link rel=\"canonical\" href=\"https:\/\/www.q-bital.com\/de_de\/accreditations-and-certifications\/\" \/>\n<meta property=\"og:locale\" content=\"de_DE\" \/>\n<meta property=\"og:type\" content=\"article\" \/>\n<meta property=\"og:title\" content=\"Accreditations and Certifications - Q-bital Healthcare Solutions\" \/>\n<meta property=\"og:description\" content=\"We know the value that certification brings to businesses and their customers, which is why we are externally audited on an annual basis against the following standards. The accreditations and certifications below are grouped by operational location for clarity. UK &amp; Ireland Cyber Essentials Plus Certification&nbsp; Cyber Essentials Plus is a UK government-backed scheme designed [&hellip;]\" \/>\n<meta property=\"og:url\" content=\"https:\/\/www.q-bital.com\/de_de\/accreditations-and-certifications\/\" \/>\n<meta property=\"og:site_name\" content=\"Q-bital Healthcare Solutions\" \/>\n<meta property=\"article:modified_time\" content=\"2026-01-13T16:04:17+00:00\" \/>\n<meta name=\"twitter:card\" content=\"summary_large_image\" \/>\n<meta name=\"twitter:label1\" content=\"Gesch\u00e4tzte Lesezeit\" \/>\n\t<meta name=\"twitter:data1\" content=\"4 Minuten\" \/>\n<script type=\"application\/ld+json\" class=\"yoast-schema-graph\">{\"@context\":\"https:\\\/\\\/schema.org\",\"@graph\":[{\"@type\":\"WebPage\",\"@id\":\"https:\\\/\\\/www.q-bital.com\\\/accreditations-and-certifications\\\/\",\"url\":\"https:\\\/\\\/www.q-bital.com\\\/accreditations-and-certifications\\\/\",\"name\":\"Accreditations and Certifications - Q-bital Healthcare Solutions\",\"isPartOf\":{\"@id\":\"https:\\\/\\\/www.q-bital.com\\\/#website\"},\"primaryImageOfPage\":{\"@id\":\"https:\\\/\\\/www.q-bital.com\\\/accreditations-and-certifications\\\/#primaryimage\"},\"image\":{\"@id\":\"https:\\\/\\\/www.q-bital.com\\\/accreditations-and-certifications\\\/#primaryimage\"},\"thumbnailUrl\":\"https:\\\/\\\/www.vanguardhealthcare.co.uk\\\/wp-content\\\/uploads\\\/2025\\\/03\\\/Untitled-design-2.png\",\"datePublished\":\"2025-02-12T17:18:20+00:00\",\"dateModified\":\"2026-01-13T16:04:17+00:00\",\"inLanguage\":\"de-DE\",\"potentialAction\":[{\"@type\":\"ReadAction\",\"target\":[\"https:\\\/\\\/www.q-bital.com\\\/accreditations-and-certifications\\\/\"]}]},{\"@type\":\"ImageObject\",\"inLanguage\":\"de-DE\",\"@id\":\"https:\\\/\\\/www.q-bital.com\\\/accreditations-and-certifications\\\/#primaryimage\",\"url\":\"https:\\\/\\\/www.vanguardhealthcare.co.uk\\\/wp-content\\\/uploads\\\/2025\\\/03\\\/Untitled-design-2.png\",\"contentUrl\":\"https:\\\/\\\/www.vanguardhealthcare.co.uk\\\/wp-content\\\/uploads\\\/2025\\\/03\\\/Untitled-design-2.png\"},{\"@type\":\"WebSite\",\"@id\":\"https:\\\/\\\/www.q-bital.com\\\/#website\",\"url\":\"https:\\\/\\\/www.q-bital.com\\\/\",\"name\":\"Q-bital Healthcare Solutions\",\"description\":\"\",\"potentialAction\":[{\"@type\":\"SearchAction\",\"target\":{\"@type\":\"EntryPoint\",\"urlTemplate\":\"https:\\\/\\\/www.q-bital.com\\\/?s={search_term_string}\"},\"query-input\":{\"@type\":\"PropertyValueSpecification\",\"valueRequired\":true,\"valueName\":\"search_term_string\"}}],\"inLanguage\":\"de-DE\"}]}<\/script>\n<!-- \/ Yoast SEO plugin. -->","yoast_head_json":{"title":"Akkreditierungen und Zertifizierungen \u2013 Q-bital Healthcare Solutions","robots":{"index":"index","follow":"follow","max-snippet":"max-snippet:-1","max-image-preview":"max-image-preview:large","max-video-preview":"max-video-preview:-1"},"canonical":"https:\/\/www.q-bital.com\/de_de\/accreditations-and-certifications\/","og_locale":"de_DE","og_type":"article","og_title":"Accreditations and Certifications - Q-bital Healthcare Solutions","og_description":"We know the value that certification brings to businesses and their customers, which is why we are externally audited on an annual basis against the following standards. The accreditations and certifications below are grouped by operational location for clarity. UK &amp; Ireland Cyber Essentials Plus Certification&nbsp; Cyber Essentials Plus is a UK government-backed scheme designed [&hellip;]","og_url":"https:\/\/www.q-bital.com\/de_de\/accreditations-and-certifications\/","og_site_name":"Q-bital Healthcare Solutions","article_modified_time":"2026-01-13T16:04:17+00:00","twitter_card":"summary_large_image","twitter_misc":{"Gesch\u00e4tzte Lesezeit":"4 Minuten"},"schema":{"@context":"https:\/\/schema.org","@graph":[{"@type":"WebPage","@id":"https:\/\/www.q-bital.com\/accreditations-and-certifications\/","url":"https:\/\/www.q-bital.com\/accreditations-and-certifications\/","name":"Akkreditierungen und Zertifizierungen \u2013 Q-bital Healthcare Solutions","isPartOf":{"@id":"https:\/\/www.q-bital.com\/#website"},"primaryImageOfPage":{"@id":"https:\/\/www.q-bital.com\/accreditations-and-certifications\/#primaryimage"},"image":{"@id":"https:\/\/www.q-bital.com\/accreditations-and-certifications\/#primaryimage"},"thumbnailUrl":"https:\/\/www.vanguardhealthcare.co.uk\/wp-content\/uploads\/2025\/03\/Untitled-design-2.png","datePublished":"2025-02-12T17:18:20+00:00","dateModified":"2026-01-13T16:04:17+00:00","inLanguage":"de-DE","potentialAction":[{"@type":"ReadAction","target":["https:\/\/www.q-bital.com\/accreditations-and-certifications\/"]}]},{"@type":"ImageObject","inLanguage":"de-DE","@id":"https:\/\/www.q-bital.com\/accreditations-and-certifications\/#primaryimage","url":"https:\/\/www.vanguardhealthcare.co.uk\/wp-content\/uploads\/2025\/03\/Untitled-design-2.png","contentUrl":"https:\/\/www.vanguardhealthcare.co.uk\/wp-content\/uploads\/2025\/03\/Untitled-design-2.png"},{"@type":"WebSite","@id":"https:\/\/www.q-bital.com\/#website","url":"https:\/\/www.q-bital.com\/","name":"Q-bital Healthcare Solutions","description":"","potentialAction":[{"@type":"SearchAction","target":{"@type":"EntryPoint","urlTemplate":"https:\/\/www.q-bital.com\/?s={search_term_string}"},"query-input":{"@type":"PropertyValueSpecification","valueRequired":true,"valueName":"search_term_string"}}],"inLanguage":"de-DE"}]}},"_links":{"self":[{"href":"https:\/\/www.q-bital.com\/de_de\/wp-json\/wp\/v2\/pages\/7284","targetHints":{"allow":["GET"]}}],"collection":[{"href":"https:\/\/www.q-bital.com\/de_de\/wp-json\/wp\/v2\/pages"}],"about":[{"href":"https:\/\/www.q-bital.com\/de_de\/wp-json\/wp\/v2\/types\/page"}],"author":[{"embeddable":true,"href":"https:\/\/www.q-bital.com\/de_de\/wp-json\/wp\/v2\/users\/11"}],"replies":[{"embeddable":true,"href":"https:\/\/www.q-bital.com\/de_de\/wp-json\/wp\/v2\/comments?post=7284"}],"version-history":[{"count":0,"href":"https:\/\/www.q-bital.com\/de_de\/wp-json\/wp\/v2\/pages\/7284\/revisions"}],"wp:attachment":[{"href":"https:\/\/www.q-bital.com\/de_de\/wp-json\/wp\/v2\/media?parent=7284"}],"curies":[{"name":"wp","href":"https:\/\/api.w.org\/{rel}","templated":true}]}}