{"id":143,"date":"2023-06-05T15:04:05","date_gmt":"2023-06-05T15:04:05","guid":{"rendered":"https:\/\/www.q-bital.com\/?page_id=143"},"modified":"2024-07-08T09:56:12","modified_gmt":"2024-07-08T09:56:12","slug":"careers","status":"publish","type":"page","link":"https:\/\/www.q-bital.com\/es_es\/careers\/","title":{"rendered":"Carreras"},"content":{"rendered":"<section id=\"section-2-14\" class=\"ct-section\" >\n<div class=\"ct-section-inner-wrap\">\n<div id=\"new_columns-3-14\" class=\"ct-new-columns\" >\n<div id=\"div_block-4-14\" class=\"ct-div-block\" >\n<div id=\"div_block-21-223\" class=\"ct-div-block\" ><a id=\"link_text-13-223\" class=\"ct-link-text\" href=\"\/es_es\/\" target=\"_self\"  >Hogar<\/a><a id=\"link_text-25-223\" class=\"ct-link-text\" href=\"http:\/\/\" target=\"_self\"  >&gt;<\/a><\/p>\n<div id=\"text_block-26-223\" class=\"ct-text-block\" ><span id=\"span-27-223\" class=\"ct-span\" >Carreras<\/span><\/div>\n<\/div>\n<div id=\"div_block-17-223\" class=\"ct-div-block\" >\n<h1 id=\"headline-5-14\" class=\"ct-headline\">Nuestra gente<\/h1>\n<\/div>\n<\/div>\n<div id=\"div_block-9-14\" class=\"ct-div-block\" ><link rel='stylesheet' id='oxygen-unslider-css'  href='https:\/\/www.q-bital.com\/wp-content\/plugins\/oxygen\/component-framework\/vendor\/unslider\/unslider.css' type='text\/css' media='all'\/>\n<div id=\"slider-88-14\" class=\"ct-slider ct_unique_slider_5184\" >\n<div class=\"oxygen-unslider-container\">\n<ul>\n<li>\n<div id=\"slide-89-14\" class=\"ct-slide\" ><img decoding=\"async\"  id=\"image-96-14\" alt=\"\" src=\"https:\/\/www.q-bital.com\/wp-content\/uploads\/sites\/8\/legacy\/2023\/07\/IMG_6125_Adjusted-scaled.jpg\" class=\"ct-image\"\/><\/div>\n<\/li>\n<li>\n<div id=\"slide-101-14\" class=\"ct-slide\" ><img decoding=\"async\"  id=\"image-102-14\" alt=\"\" src=\"https:\/\/www.q-bital.com\/wp-content\/uploads\/sites\/8\/2023\/09\/Q-bital_people_sq.jpg\" class=\"ct-image\"\/><\/div>\n<\/li>\n<\/ul>\n<\/div>\n<\/div>\n<p><script class=\"ct-slider-script\">jQuery(document).ready(function($){$('#slider-88-14.ct_unique_slider_5184 .oxygen-unslider-container:not(.unslider-horizontal,.unslider-fade)').unslider({autoplay: true, delay: 3000, animation: 'horizontal', speed : 750, arrows: true, nav: false, infinite: true})});<\/script><\/div>\n<\/div>\n<\/div>\n<\/section>\n<section id=\"section-68-14-text-left-white\" class=\"ct-section\" >\n<div class=\"ct-section-inner-wrap\">\n<div id=\"new_columns-69-14text-left-white\" class=\"ct-new-columns\" >\n<div id=\"div_block-70-14\" class=\"ct-div-block\" >\n<h2 id=\"headline-71-14\" class=\"ct-headline\">C\u00f3mo es trabajar para nosotros<\/h2>\n<div id=\"_rich_text-72-14\" class=\"oxy-rich-text\" >\n<p dir=\"ltr\">Valoramos a nuestra gente y les brindamos un entorno de apoyo para que prosperen.&nbsp;<\/p>\n<p dir=\"ltr\">Hemos seguido trabajando de manera flexible desde la pandemia y reconocemos el equilibrio positivo del trabajo h\u00edbrido para muchas de nuestras funciones tradicionales de apoyo en la oficina.<\/p>\n<p dir=\"ltr\">Somos un equipo comprensivo y solidario y contamos con socorristas capacitados en salud mental para toda nuestra poblaci\u00f3n de empleados y una variedad de beneficios que respaldan nuestro bienestar.<\/p>\n<p dir=\"ltr\">Nos encanta aprender y apoyar el desarrollo en toda la empresa. Proporcionamos reembolsos por membres\u00edas profesionales cada a\u00f1o y apoyamos a muchos de los miembros de nuestro equipo con estudios profesionales como parte de su desarrollo profesional.&nbsp;<\/p>\n<p dir=\"ltr\">Con un equipo en r\u00e1pido crecimiento de m\u00e1s de 150 colegas a nivel internacional, nuestros valores definen c\u00f3mo hacemos negocios con nuestros clientes, interna y externamente: centrado en el paciente; Innovador; Sensible; Apasionado; Trabajo en equipo.<\/p>\n<p dir=\"ltr\"><span id=\"docs-internal-guid-a22cdb77-7fff-d4c5-d8e3-ee58dff0a232\">Los resultados de nuestra encuesta de compromiso de 2023 demuestran nuestro compromiso con nuestra gente, con un compromiso positivo 82% en toda la empresa y un alto compromiso en toda nuestra poblaci\u00f3n de empleados de Q-bital.<\/span><\/p>\n<\/div>\n<\/div>\n<div id=\"div_block-74-14\" class=\"ct-div-block\" ><img decoding=\"async\"  id=\"image-75-14\" alt=\"\" src=\"https:\/\/www.q-bital.com\/wp-content\/uploads\/sites\/8\/2023\/09\/Q-bital_people_in_warehouse-1024x683.jpg\" class=\"ct-image\"\/><\/div>\n<\/div>\n<\/div>\n<\/section>\n<section id=\"section-2-802\" class=\"ct-section\" style=\"background-image:linear-gradient(rgba(0,73,131,0.73), rgba(0,73,131,0.73)), url(https:\/\/www.q-bital.com\/wp-content\/uploads\/sites\/8\/2023\/05\/boulders-right.png);background-size:auto,  auto;\" >\n<div class=\"ct-section-inner-wrap\">\n<div id=\"div_block-3-802\" class=\"ct-div-block\" >\n<div id=\"text_block-5-802\" class=\"ct-text-block\" >La visi\u00f3n de nuestra gente es:<\/div>\n<div id=\"_rich_text-4-802\" class=\"oxy-rich-text\" >\n<p><span id=\"docs-internal-guid-93af1b13-7fff-9522-9323-019a14bd4d7e\">Permitir que nuestra gente logre resultados excepcionales. Hacemos esto creando equipos \u00e1giles y empoderados, respaldados por un liderazgo aut\u00e9ntico y compasivo y brindando un entorno inclusivo para el crecimiento.<\/span><\/p>\n<\/div>\n<\/div>\n<\/div>\n<\/section>\n<section id=\"text-left-blue\" class=\"ct-section\" >\n<div class=\"ct-section-inner-wrap\">\n<div id=\"new_columns-107-34-blue\" class=\"ct-new-columns\" >\n<div id=\"div_block-108-34\" class=\"ct-div-block\" >\n<h2 id=\"headline-109-34\" class=\"ct-headline\">Nuestros beneficios<\/h2>\n<div id=\"_rich_text-110-34\" class=\"oxy-rich-text\" >\n<p dir=\"ltr\">Ofrecemos paquetes salariales competitivos que reflejan nuestras ubicaciones internacionales.<\/p>\n<p dir=\"ltr\">Reconocemos regularmente a nuestra gente a trav\u00e9s de las siguientes actividades de reconocimiento:<\/p>\n<ul>\n<li dir=\"ltr\">\n<p dir=\"ltr\" role=\"presentation\">Premios de valores Q-bital<\/p>\n<\/li>\n<li dir=\"ltr\">\n<p dir=\"ltr\" role=\"presentation\">Eventos de celebraci\u00f3n de empleados.<\/p>\n<\/li>\n<\/ul>\n<\/div>\n<\/div>\n<div id=\"div_block-112-34\" class=\"ct-div-block\" ><img decoding=\"async\"  id=\"image-113-34\" alt=\"\" src=\"https:\/\/www.q-bital.com\/wp-content\/uploads\/sites\/8\/2024\/07\/processed-3F837750-D17D-4E3D-BECD-0872DB208850-9AEB91D2-A4ED-4D67-977D-CCC0E54EAE2F-scaled.jpeg\" class=\"ct-image\"\/><\/div>\n<\/div>\n<\/div>\n<\/section>\n<section id=\"section-68-14-text-left-white\" class=\"ct-section\" >\n<div class=\"ct-section-inner-wrap\">\n<div id=\"new_columns-69-14text-left-white\" class=\"ct-new-columns\" >\n<div id=\"div_block-70-14\" class=\"ct-div-block\" >\n<h2 id=\"headline-71-14\" class=\"ct-headline\">Nuestros valores<\/h2>\n<div id=\"_rich_text-72-14\" class=\"oxy-rich-text\" >\n<p dir=\"ltr\">Nuestros valores, elegidos por nuestros empleados, sustentan todo lo que hacemos.<\/p>\n<p dir=\"ltr\">Brindamos infraestructura cl\u00ednica y conocimiento con la velocidad necesaria para ampliar la capacidad, controlar la v\u00eda cl\u00ednica y brindar atenci\u00f3n ininterrumpida centrada en el paciente.<\/p>\n<p dir=\"ltr\">Los valores se decidieron a trav\u00e9s de un programa de participaci\u00f3n consultiva que incluy\u00f3 la participaci\u00f3n de todo nuestro equipo. Estamos comprometidos a representar estos valores a trav\u00e9s de sus procesos, productos, servicios e interacciones con clientes internos y externos.<\/p>\n<p dir=\"ltr\">Los siguientes valores fueron elegidos por consenso. Articulan mejor las formas en que garantizamos la provisi\u00f3n de calidad y valor a las partes interesadas externas y a la comunidad de pacientes m\u00e1s amplia a la que servimos.<\/p>\n<\/div>\n<\/div>\n<div id=\"div_block-74-14\" class=\"ct-div-block\" ><img decoding=\"async\"  id=\"image-75-14\" alt=\"\" src=\"https:\/\/www.q-bital.com\/wp-content\/uploads\/sites\/8\/2023\/09\/Q-bital_image-1024x683.jpg\" class=\"ct-image\"\/><\/div>\n<\/div>\n<\/div>\n<\/section>\n<section id=\"section-2-149\" class=\"ct-section\" >\n<div class=\"ct-section-inner-wrap\">\n<div id=\"div_block-5-149\" class=\"ct-div-block\" >\n<div id=\"div_block-10-149\" class=\"ct-div-block\" ><img decoding=\"async\"  id=\"image-11-149\" alt=\"Passionate\" src=\"https:\/\/www.q-bital.com\/wp-content\/uploads\/sites\/8\/2023\/06\/passionate.png\" class=\"ct-image\"\/><\/p>\n<div id=\"text_block-12-149\" class=\"ct-text-block\" >Apasionado<\/div>\n<\/div>\n<\/div>\n<div id=\"div_block-6-149\" class=\"ct-div-block\" >\n<div id=\"div_block-13-149\" class=\"ct-div-block\" ><img decoding=\"async\"  id=\"image-14-149\" alt=\"Patient focussed\" src=\"https:\/\/www.q-bital.com\/wp-content\/uploads\/sites\/8\/2023\/06\/patient-focussed.png\" class=\"ct-image\"\/><\/p>\n<div id=\"text_block-15-149\" class=\"ct-text-block\" >Centrado en el paciente<\/div>\n<\/div>\n<\/div>\n<div id=\"div_block-7-149\" class=\"ct-div-block\" >\n<div id=\"div_block-17-149\" class=\"ct-div-block\" ><img decoding=\"async\"  id=\"image-18-149\" alt=\"Responsive\" src=\"https:\/\/www.q-bital.com\/wp-content\/uploads\/sites\/8\/2023\/06\/responsive.png\" class=\"ct-image\"\/><\/p>\n<div id=\"text_block-19-149\" class=\"ct-text-block\" >Sensible<\/div>\n<\/div>\n<\/div>\n<div id=\"div_block-8-149\" class=\"ct-div-block\" >\n<div id=\"div_block-21-149\" class=\"ct-div-block\" ><img decoding=\"async\"  id=\"image-22-149\" alt=\"Teamwork\" src=\"https:\/\/www.q-bital.com\/wp-content\/uploads\/sites\/8\/2023\/06\/teamwork.png\" class=\"ct-image\"\/><\/p>\n<div id=\"text_block-23-149\" class=\"ct-text-block\" >Trabajo en equipo<\/div>\n<\/div>\n<\/div>\n<div id=\"div_block-9-149\" class=\"ct-div-block\" >\n<div id=\"div_block-25-149\" class=\"ct-div-block\" ><img decoding=\"async\"  id=\"image-26-149\" alt=\"Innovative\" src=\"https:\/\/www.q-bital.com\/wp-content\/uploads\/sites\/8\/2023\/06\/innovative.png\" class=\"ct-image\"\/><\/p>\n<div id=\"text_block-27-149\" class=\"ct-text-block\" >Innovador<\/div>\n<\/div>\n<\/div>\n<\/div>\n<\/section>\n<section id=\"section-132-34\" class=\"ct-section\" >\n<div class=\"ct-section-inner-wrap\">\n<div id=\"new_columns-133-34\" class=\"ct-new-columns\" >\n<div id=\"div_block-138-34\" class=\"ct-div-block\" ><img decoding=\"async\"  id=\"image-139-34\" alt=\"\" src=\"https:\/\/www.q-bital.com\/wp-content\/uploads\/sites\/8\/2023\/09\/careers.jpg\" class=\"ct-image\"\/><\/div>\n<div id=\"div_block-134-34\" class=\"ct-div-block\" >\n<h2 id=\"headline-135-34\" class=\"ct-headline\">Encuentra tu trayectoria profesional<\/h2>\n<div id=\"_rich_text-136-34\" class=\"oxy-rich-text\" >\n<p dir=\"ltr\">Tenemos una variedad de oportunidades para unirse a nosotros en nuestro emocionante viaje a medida que avanzamos hacia la siguiente fase de nuestro futuro para cumplir nuestra ambici\u00f3n de crecimiento.&nbsp;<\/p>\n<p dir=\"ltr\">Logramos nuestros objetivos trabajando juntos como un equipo alineado con nuestros valores.<\/p>\n<p dir=\"ltr\">Aspiramos a tener un lugar de trabajo diverso e inclusivo y recomendamos encarecidamente a los solicitantes debidamente calificados de una amplia gama de or\u00edgenes que soliciten unirse a nuestro equipo.&nbsp;<\/p>\n<p dir=\"ltr\">Para ser elegible para los puestos anunciados, deber\u00e1 tener derecho a trabajar en el pa\u00eds correspondiente.<\/p>\n<\/div>\n<\/div>\n<\/div>\n<\/div>\n<\/section>","protected":false},"excerpt":{"rendered":"","protected":false},"author":2,"featured_media":0,"parent":0,"menu_order":0,"comment_status":"closed","ping_status":"closed","template":"","meta":{"_acf_changed":false,"footnotes":""},"class_list":["post-143","page","type-page","status-publish","hentry"],"acf":[],"yoast_head":"<!-- This site is optimized with the Yoast SEO plugin v27.5 - https:\/\/yoast.com\/product\/yoast-seo-wordpress\/ -->\n<title>Careers - Q-bital Healthcare Solutions<\/title>\n<meta name=\"robots\" content=\"index, follow, max-snippet:-1, max-image-preview:large, max-video-preview:-1\" \/>\n<link rel=\"canonical\" href=\"https:\/\/www.q-bital.com\/es_es\/careers\/\" \/>\n<meta property=\"og:locale\" content=\"es_ES\" \/>\n<meta property=\"og:type\" content=\"article\" \/>\n<meta property=\"og:title\" content=\"Careers - Q-bital Healthcare Solutions\" \/>\n<meta property=\"og:url\" content=\"https:\/\/www.q-bital.com\/es_es\/careers\/\" \/>\n<meta property=\"og:site_name\" content=\"Q-bital Healthcare Solutions\" \/>\n<meta property=\"article:modified_time\" content=\"2024-07-08T09:56:12+00:00\" \/>\n<meta name=\"twitter:card\" content=\"summary_large_image\" \/>\n<meta name=\"twitter:label1\" content=\"Tiempo de lectura\" \/>\n\t<meta name=\"twitter:data1\" content=\"1 minuto\" \/>\n<script type=\"application\/ld+json\" class=\"yoast-schema-graph\">{\"@context\":\"https:\\\/\\\/schema.org\",\"@graph\":[{\"@type\":\"WebPage\",\"@id\":\"https:\\\/\\\/www.q-bital.com\\\/careers\\\/\",\"url\":\"https:\\\/\\\/www.q-bital.com\\\/careers\\\/\",\"name\":\"Careers - Q-bital Healthcare Solutions\",\"isPartOf\":{\"@id\":\"https:\\\/\\\/www.q-bital.com\\\/#website\"},\"datePublished\":\"2023-06-05T15:04:05+00:00\",\"dateModified\":\"2024-07-08T09:56:12+00:00\",\"inLanguage\":\"es\",\"potentialAction\":[{\"@type\":\"ReadAction\",\"target\":[\"https:\\\/\\\/www.q-bital.com\\\/careers\\\/\"]}]},{\"@type\":\"WebSite\",\"@id\":\"https:\\\/\\\/www.q-bital.com\\\/#website\",\"url\":\"https:\\\/\\\/www.q-bital.com\\\/\",\"name\":\"Q-bital Healthcare Solutions\",\"description\":\"\",\"potentialAction\":[{\"@type\":\"SearchAction\",\"target\":{\"@type\":\"EntryPoint\",\"urlTemplate\":\"https:\\\/\\\/www.q-bital.com\\\/?s={search_term_string}\"},\"query-input\":{\"@type\":\"PropertyValueSpecification\",\"valueRequired\":true,\"valueName\":\"search_term_string\"}}],\"inLanguage\":\"es\"}]}<\/script>\n<!-- \/ Yoast SEO plugin. -->","yoast_head_json":{"title":"Carreras - Soluciones de salud Q-bital","robots":{"index":"index","follow":"follow","max-snippet":"max-snippet:-1","max-image-preview":"max-image-preview:large","max-video-preview":"max-video-preview:-1"},"canonical":"https:\/\/www.q-bital.com\/es_es\/careers\/","og_locale":"es_ES","og_type":"article","og_title":"Careers - Q-bital Healthcare Solutions","og_url":"https:\/\/www.q-bital.com\/es_es\/careers\/","og_site_name":"Q-bital Healthcare Solutions","article_modified_time":"2024-07-08T09:56:12+00:00","twitter_card":"summary_large_image","twitter_misc":{"Tiempo de lectura":"1 minuto"},"schema":{"@context":"https:\/\/schema.org","@graph":[{"@type":"WebPage","@id":"https:\/\/www.q-bital.com\/careers\/","url":"https:\/\/www.q-bital.com\/careers\/","name":"Carreras - Soluciones de salud Q-bital","isPartOf":{"@id":"https:\/\/www.q-bital.com\/#website"},"datePublished":"2023-06-05T15:04:05+00:00","dateModified":"2024-07-08T09:56:12+00:00","inLanguage":"es","potentialAction":[{"@type":"ReadAction","target":["https:\/\/www.q-bital.com\/careers\/"]}]},{"@type":"WebSite","@id":"https:\/\/www.q-bital.com\/#website","url":"https:\/\/www.q-bital.com\/","name":"Q-bital Healthcare Solutions","description":"","potentialAction":[{"@type":"SearchAction","target":{"@type":"EntryPoint","urlTemplate":"https:\/\/www.q-bital.com\/?s={search_term_string}"},"query-input":{"@type":"PropertyValueSpecification","valueRequired":true,"valueName":"search_term_string"}}],"inLanguage":"es"}]}},"_links":{"self":[{"href":"https:\/\/www.q-bital.com\/es_es\/wp-json\/wp\/v2\/pages\/143","targetHints":{"allow":["GET"]}}],"collection":[{"href":"https:\/\/www.q-bital.com\/es_es\/wp-json\/wp\/v2\/pages"}],"about":[{"href":"https:\/\/www.q-bital.com\/es_es\/wp-json\/wp\/v2\/types\/page"}],"author":[{"embeddable":true,"href":"https:\/\/www.q-bital.com\/es_es\/wp-json\/wp\/v2\/users\/2"}],"replies":[{"embeddable":true,"href":"https:\/\/www.q-bital.com\/es_es\/wp-json\/wp\/v2\/comments?post=143"}],"version-history":[{"count":0,"href":"https:\/\/www.q-bital.com\/es_es\/wp-json\/wp\/v2\/pages\/143\/revisions"}],"wp:attachment":[{"href":"https:\/\/www.q-bital.com\/es_es\/wp-json\/wp\/v2\/media?parent=143"}],"curies":[{"name":"gracias","href":"https:\/\/api.w.org\/{rel}","templated":true}]}}