{"id":209,"date":"2023-06-14T14:38:36","date_gmt":"2023-06-14T14:38:36","guid":{"rendered":"https:\/\/www.q-bital.com\/?page_id=209"},"modified":"2023-08-30T15:11:30","modified_gmt":"2023-08-30T15:11:30","slug":"environment","status":"publish","type":"page","link":"https:\/\/www.q-bital.com\/es_es\/environment\/","title":{"rendered":"Ambiente"},"content":{"rendered":"<section id=\"section-2-59\" class=\"ct-section\" style=\"background-image:url(https:\/\/www.q-bital.com\/wp-content\/uploads\/sites\/8\/2023\/05\/boulders-right.png);background-size: auto;\" >\n<div class=\"ct-section-inner-wrap\">\n<div id=\"div_block-8-59\" class=\"ct-div-block\" ><a id=\"link_text-6-59\" class=\"ct-link-text\" href=\"\/es_es\/\" target=\"_self\"  >Hogar<\/a><\/p>\n<h1 id=\"headline-3-59\" class=\"ct-headline\"><span id=\"span-4-59\" class=\"ct-span\" >Ambiente<\/span><\/h1>\n<\/div>\n<\/div>\n<\/section>\n<section id=\"section-68-14-text-left-white\" class=\"ct-section\" >\n<div class=\"ct-section-inner-wrap\">\n<div id=\"new_columns-69-14text-left-white\" class=\"ct-new-columns\" >\n<div id=\"div_block-70-14\" class=\"ct-div-block\" >\n<h2 id=\"headline-71-14\" class=\"ct-headline\">Nuestros compromisos de sostenibilidad y responsabilidad social<\/h2>\n<div id=\"_rich_text-72-14\" class=\"oxy-rich-text\" >\n<p>Estamos comprometidos a convertirnos en una organizaci\u00f3n ambientalmente sostenible y socialmente responsable que cree espacios de atenci\u00f3n m\u00e9dica cl\u00ednica l\u00edderes en el mundo con un impacto m\u00ednimo en el medio ambiente.<\/p>\n<p><strong>Nuestros objetivos<\/strong><\/p>\n<p>1. Nuestras pr\u00e1cticas comerciales est\u00e1n en constante evoluci\u00f3n; Nuestra hoja de ruta ambiental nos compromete a ser carbono neutral para las emisiones 1 y 2 para fines de 2023 y convertirnos en carbono neto cero para 2035.<\/p>\n<p>2. Nos esforzamos constantemente por ofrecer productos y servicios que ayuden a nuestros clientes a alcanzar sus propios objetivos medioambientales. Nuestros espacios de atenci\u00f3n m\u00e9dica ser\u00e1n neutros en carbono en el d\u00eda a d\u00eda para 2025.<\/p>\n<\/div>\n<\/div>\n<div id=\"div_block-74-14\" class=\"ct-div-block\" ><img decoding=\"async\"  id=\"image-75-14\" alt=\"\" src=\"https:\/\/www.q-bital.com\/wp-content\/uploads\/sites\/8\/2023\/07\/Solar-Panels.jpg\" class=\"ct-image\"\/><\/div>\n<\/div>\n<\/div>\n<\/section>\n<section id=\"section-88-34-blue\" class=\"ct-section\" >\n<div class=\"ct-section-inner-wrap\">\n<div id=\"new_columns-89-34-blue\" class=\"ct-new-columns\" >\n<div id=\"div_block-94-34\" class=\"ct-div-block\" ><img decoding=\"async\"  id=\"image-95-34\" alt=\"\" src=\"https:\/\/www.q-bital.com\/wp-content\/uploads\/sites\/8\/2023\/07\/CO2.jpg\" class=\"ct-image\"\/><\/div>\n<div id=\"div_block-90-34\" class=\"ct-div-block\" >\n<h2 id=\"headline-91-34\" class=\"ct-headline\">Nuestros compromisos <\/h2>\n<div id=\"_rich_text-92-34\" class=\"oxy-rich-text\" >\n<ul>\n<li>Tener un plan estrat\u00e9gico claro a largo plazo con objetivos basados en la ciencia para garantizar que alcancemos nuestros objetivos a largo plazo y realicemos nuestra actividad t\u00e1ctica anual.<\/li>\n<li>Publicaci\u00f3n anual de un <a href=\"\/es_es\/carbon-reduction-plan\/\">plan de reducci\u00f3n de carbono<\/a><\/li>\n<li>Medici\u00f3n anual de nuestra huella de carbono<\/li>\n<li>Ofrecer una cartera modular de construcci\u00f3n neta cero para 2024 &nbsp;<\/li>\n<li>Garantizar que tenemos una cadena de suministro sostenible, utilizando materiales y dise\u00f1os capaces de extender la vida \u00fatil de nuestros edificios.<\/li>\n<li>Maximizar el nivel de reutilizaci\u00f3n\/reutilizaci\u00f3n o reciclaje para proyectos futuros<\/li>\n<li>Aumentar el uso de fuentes de energ\u00eda renovables en todas nuestras instalaciones hasta que en 2025 estemos totalmente alimentados por energ\u00edas renovables.<\/li>\n<li>Transici\u00f3n a una flota el\u00e9ctrica para 2025, eliminando gradualmente los veh\u00edculos que utilizan combustibles f\u00f3siles<\/li>\n<li>Reducir las emisiones de la cadena de suministro mediante 80%<\/li>\n<li>Inversi\u00f3n continua en proyectos de eliminaci\u00f3n de carbono que secuestran carbono de la atm\u00f3sfera para eliminar 500 toneladas de CO2 por a\u00f1o.<\/li>\n<li>Garantizar que nuestra cadena de suministro cuente con pr\u00e1cticas para reducir su impacto ambiental, incluida la elecci\u00f3n de materiales.&nbsp;<\/li>\n<li>No se entregan residuos al vertedero<\/li>\n<\/ul>\n<p>Vea nuestro viaje a&nbsp;<a href=\"\/wp-content\/uploads\/sites\/8\/2023\/07\/Vanguard-Carbon-Net-Zero-Graphics-July-2023-1.pdf\" target=\"_blank\" rel=\"noopener\">Hoja de ruta de carbono neto cero<\/a><\/p>\n<\/div>\n<\/div>\n<\/div>\n<\/div>\n<\/section>\n<section id=\"section-68-14-text-left-white\" class=\"ct-section\" >\n<div class=\"ct-section-inner-wrap\">\n<div id=\"new_columns-69-14text-left-white\" class=\"ct-new-columns\" >\n<div id=\"div_block-70-14\" class=\"ct-div-block\" >\n<h2 id=\"headline-71-14\" class=\"ct-headline\">C\u00f3mo entregamos productos y servicios que ayudan a nuestros clientes a cumplir sus objetivos medioambientales:<\/h2>\n<div id=\"_rich_text-72-14\" class=\"oxy-rich-text\" >\n<ul>\n<li>Espacios sanitarios fabricados en nuestros propios entornos controlados por f\u00e1brica.<\/li>\n<li>Los niveles de finalizaci\u00f3n de f\u00e1brica del 80% minimizan las actividades en el sitio<\/li>\n<li>Introducci\u00f3n de edificios modulares carbono neutral en nuestra cartera de servicios.&nbsp;<\/li>\n<li>Todos los edificios alcanzar\u00e1n los niveles BREEAM &#039;Excelente&#039; como est\u00e1ndar<\/li>\n<li>Entrega de edificios energ\u00e9ticamente eficientes que no comprometan los requisitos de seguridad, pr\u00e1cticos o funcionales.&nbsp;<\/li>\n<li>Uso de tecnolog\u00edas modernas para capturar y utilizar fuentes de energ\u00eda renovables para controlar los entornos operativos.<\/li>\n<li>M\u00f3dulos de subestructura de subsuelo de hormig\u00f3n con estructura de acero fabricados en una f\u00e1brica neutra en carbono<\/li>\n<\/ul>\n<\/div>\n<\/div>\n<div id=\"div_block-74-14\" class=\"ct-div-block\" ><img decoding=\"async\"  id=\"image-75-14\" alt=\"\" src=\"https:\/\/www.q-bital.com\/wp-content\/uploads\/sites\/8\/2023\/07\/Roof.jpg\" class=\"ct-image\"\/><\/div>\n<\/div>\n<\/div>\n<\/section>\n<section id=\"section-88-34-blue\" class=\"ct-section\" >\n<div class=\"ct-section-inner-wrap\">\n<div id=\"new_columns-89-34-blue\" class=\"ct-new-columns\" >\n<div id=\"div_block-94-34\" class=\"ct-div-block\" ><img decoding=\"async\"  id=\"image-95-34\" alt=\"\" src=\"https:\/\/www.q-bital.com\/wp-content\/uploads\/sites\/8\/2023\/07\/Crane.jpg\" class=\"ct-image\"\/><\/div>\n<div id=\"div_block-90-34\" class=\"ct-div-block\" >\n<h2 id=\"headline-91-34\" class=\"ct-headline\">Una econom\u00eda circular<\/h2>\n<div id=\"_rich_text-92-34\" class=\"oxy-rich-text\" >\n<p>A trav\u00e9s de su dise\u00f1o adaptable y sostenible, las instalaciones sanitarias modulares y m\u00f3viles desempe\u00f1an un papel vital en el avance de la econom\u00eda circular al tiempo que ofrecen beneficios medioambientales y sostenibles. El uso de componentes modulares permite un f\u00e1cil desmontaje, reubicaci\u00f3n y reconfiguraci\u00f3n, lo que permite brindar servicios de atenci\u00f3n m\u00e9dica de manera eficiente donde sea necesario.&nbsp;<\/p>\n<p>Esta flexibilidad no solo reduce los costos operativos y de construcci\u00f3n, sino que tambi\u00e9n disminuye la huella ambiental asociada con las estructuras sanitarias fijas tradicionales. Adem\u00e1s, las instalaciones modulares promueven la reutilizaci\u00f3n y el reciclaje de materiales, contribuyendo a la econom\u00eda circular al extender su vida \u00fatil y reducir la demanda de nuevos recursos.&nbsp;<\/p>\n<\/div>\n<\/div>\n<\/div>\n<\/div>\n<\/section>\n<section id=\"section-332-315\" class=\"ct-section\" >\n<div class=\"ct-section-inner-wrap\">\n<div id=\"new_columns-333-315\" class=\"ct-new-columns\" >\n<div id=\"div_block-334-315\" class=\"ct-div-block\" >\n<div id=\"div_block-345-315\" class=\"ct-div-block box-shadow\" >\n<div id=\"_rich_text-346-315\" class=\"oxy-rich-text\" >\n<h3>Nuestra cadena de suministro<\/h3>\n<p>\u2022 Nuestros m\u00f3dulos de subestructura de subsuelo de hormig\u00f3n con estructura de acero se fabrican en una f\u00e1brica neutra en carbono<\/p>\n<p>\u2022 Nuestros sistemas de paredes est\u00e1n especificados y dise\u00f1ados para nuestros edificios, lo que reduce el desperdicio y la repetici\u00f3n de defectos.<\/p>\n<p>\u2022 Estamos trabajando con nuestras cadenas de suministro para reducir su impacto ambiental a trav\u00e9s de los materiales seleccionados y sus propias pr\u00e1cticas.<\/p>\n<\/div>\n<\/div>\n<\/div>\n<div id=\"div_block-335-315\" class=\"ct-div-block\" >\n<div id=\"div_block-342-315\" class=\"ct-div-block box-shadow\" >\n<div id=\"_rich_text-337-315\" class=\"oxy-rich-text\" >\n<h3>Entorno controlado de f\u00e1brica<\/h3>\n<p>\u2022 Se minimizan los retrabajos y los episodios de defectos.<\/p>\n<p>\u2022 Reducci\u00f3n del desperdicio de material mediante el control de la producci\u00f3n.<\/p>\n<p>\u2022 Incrementar nuestros niveles de segregaci\u00f3n y reciclaje de residuos.<\/p>\n<\/div>\n<\/div>\n<\/div>\n<\/div>\n<div id=\"new_columns-350-315\" class=\"ct-new-columns\" >\n<div id=\"div_block-351-315\" class=\"ct-div-block\" >\n<div id=\"div_block-354-315\" class=\"ct-div-block box-shadow\" >\n<div id=\"_rich_text-355-315\" class=\"oxy-rich-text\" >\n<h3>Dise\u00f1os energ\u00e9ticamente eficientes<\/h3>\n<p>\u2022 Utilizar luz y ventilaci\u00f3n naturales siempre que sea posible.<\/p>\n<p>\u2022 Ofrecer altos valores de aislamiento dentro de nuestros sistemas modulares de paredes, techos y acristalamientos<\/p>\n<p>\u2022 Captura de energ\u00eda cuando sea pr\u00e1ctico<\/p>\n<p>\u2022 Muros verdes<\/p>\n<\/div>\n<\/div>\n<\/div>\n<div id=\"div_block-356-315\" class=\"ct-div-block\" >\n<div id=\"div_block-359-315\" class=\"ct-div-block box-shadow\" >\n<div id=\"_rich_text-360-315\" class=\"oxy-rich-text\" >\n<h3>Uso de tecnolog\u00edas modernas y sostenibles.<\/h3>\n<p>\u2022 Opciones de calefacci\u00f3n con fuente de aire\/tierra<\/p>\n<p>\u2022 Paneles fotovoltaicos<\/p>\n<p>\u2022 Monitoreo integrado de CO2<\/p>\n<p>\u2022 Recuperaci\u00f3n de agua de lluvia<\/p>\n<\/div>\n<\/div>\n<\/div>\n<\/div>\n<\/div>\n<\/section>\n<section id=\"section-68-14-text-left-white\" class=\"ct-section\" >\n<div class=\"ct-section-inner-wrap\">\n<div id=\"new_columns-69-14text-left-white\" class=\"ct-new-columns\" >\n<div id=\"div_block-70-14\" class=\"ct-div-block\" >\n<h2 id=\"headline-71-14\" class=\"ct-headline\">Responsabilidad social<\/h2>\n<div id=\"_rich_text-72-14\" class=\"oxy-rich-text\" >\n<p>Utilizamos nuestro alcance corporativo para beneficiar el medio ambiente, las comunidades y brindar espacios de atenci\u00f3n m\u00e9dica seguros y de alta calidad.&nbsp;<\/p>\n<p>Nuestro enfoque est\u00e1 en:<\/p>\n<ul>\n<li>Logro de los est\u00e1ndares ISO14001 y 45001<\/li>\n<li>Trabajar con fideicomisos de conservaci\u00f3n de la vida silvestre para mejorar la calidad de los r\u00edos y canales del Reino Unido&nbsp;<\/li>\n<li>Ofreciendo a los empleados trabajo voluntario remunerado con el equipo de Ark Business Conservation<\/li>\n<li>Mejorar las oportunidades de vida de los j\u00f3venes con acceso al trabajo en el \u00e1mbito de la salud y la ingenier\u00eda sanitaria. Las pasant\u00edas y tutor\u00edas espec\u00edficas constituyen 10% de nuestra fuerza laboral<\/li>\n<li>Capacitar al 10% de nuestra fuerza laboral para que se conviertan en socorristas de salud mental<\/li>\n<li>Apoyar las causas de las primeras naciones en Australia a trav\u00e9s de oportunidades de voluntariado remunerado<\/li>\n<li>Mejorar los entornos laborales<\/li>\n<li>Apoyar a las organizaciones sanitarias y al sector sanitario privado para ayudar a los pacientes a volver al trabajo o a sus responsabilidades asistenciales.<\/li>\n<li>Crear un sentido de responsabilidad compartida y rendici\u00f3n de cuentas en todo nuestro negocio a trav\u00e9s de capacitaci\u00f3n y desarrollo, rutas y sistemas de comunicaci\u00f3n.<\/li>\n<li>Garantizar la acreditaci\u00f3n de Empresa B para 2025 para reflejar nuestro compromiso de cumplir con altos est\u00e1ndares de desempe\u00f1o, transparencia y responsabilidad social y ambiental.&nbsp;<\/li>\n<\/ul>\n<p>Ver nuestro <a href=\"\/wp-content\/uploads\/sites\/8\/2023\/07\/Vanguard-Corp-Responsibilty-Graphics-July-2023-1.pdf\" target=\"_blank\" rel=\"noopener\">hoja de ruta del viaje de responsabilidad social corporativa<\/a><\/p>\n<\/div>\n<\/div>\n<div id=\"div_block-74-14\" class=\"ct-div-block\" ><img decoding=\"async\"  id=\"image-75-14\" alt=\"\" src=\"https:\/\/www.q-bital.com\/wp-content\/uploads\/sites\/8\/2023\/07\/Social-Responsibility.jpg\" class=\"ct-image\"\/><\/div>\n<\/div>\n<\/div>\n<\/section>\n<section id=\"section-88-34-blue\" class=\"ct-section\" >\n<div class=\"ct-section-inner-wrap\">\n<div id=\"new_columns-89-34-blue\" class=\"ct-new-columns\" >\n<div id=\"div_block-94-34\" class=\"ct-div-block\" ><img decoding=\"async\"  id=\"image-95-34\" alt=\"\" src=\"https:\/\/www.q-bital.com\/wp-content\/uploads\/sites\/8\/2023\/05\/Staffed-operating-theatre1.jpg\" class=\"ct-image\"\/><\/div>\n<div id=\"div_block-90-34\" class=\"ct-div-block\" >\n<h2 id=\"headline-91-34\" class=\"ct-headline\">Nuestros contratistas y gesti\u00f3n de la cadena de suministro.<\/h2>\n<div id=\"_rich_text-92-34\" class=\"oxy-rich-text\" >\n<p>Nos aseguramos de que nuestros contratistas cumplan con los m\u00e1s altos est\u00e1ndares operativos de salud y seguridad, as\u00ed como con los requisitos legales y de regularidad pertinentes, como la Ley de Igualdad, y <a href=\"..\/modern-slavery-and-human-trafficking-statement\/\">Ley sobre esclavitud moderna y trata de personas<\/a>.&nbsp;<\/p>\n<p>Estamos comprometidos con pr\u00e1cticas de pago justas como se describe en la gu\u00eda de la antigua Oficina de Comercio del Gobierno y los principios de Construcci\u00f3n 2025:&nbsp;<\/p>\n<ul>\n<li>Transparencia en los procedimientos de pago&nbsp;<\/li>\n<li>Confirmaci\u00f3n de pagos contra hitos&nbsp;<\/li>\n<li>Cualquier cantidad que se retenga en retenci\u00f3n con plazo y motivo.&nbsp;<\/li>\n<\/ul>\n<p>Somos un miembro acreditado del Programa de Contratistas Considerados y operamos a trav\u00e9s de una cadena de suministro de socios valiosos.&nbsp;<\/p>\n<\/div>\n<\/div>\n<\/div>\n<\/div>\n<\/section>\n<section id=\"section-68-14-text-left-white\" class=\"ct-section\" >\n<div class=\"ct-section-inner-wrap\">\n<div id=\"new_columns-69-14text-left-white\" class=\"ct-new-columns\" >\n<div id=\"div_block-70-14\" class=\"ct-div-block\" >\n<h2 id=\"headline-71-14\" class=\"ct-headline\">Gobernancia<\/h2>\n<div id=\"_rich_text-72-14\" class=\"oxy-rich-text\" >\n<p>Nuestras rigurosas pol\u00edticas de gobernanza respaldan la seguridad y el cumplimiento. La seguridad de los pacientes, nuestros clientes y nuestro personal est\u00e1 en el centro de todo lo que hacemos. Nuestro sistema de gobierno ha sido dise\u00f1ado para ser s\u00f3lido y ofrecer una mejora continua.<\/p>\n<p>Nuestra pol\u00edtica activa de gobernanza integrada est\u00e1 dise\u00f1ada para respaldar la prestaci\u00f3n de un servicio seguro y conforme. Auditamos esta pol\u00edtica y monitoreamos sus resultados en todos los niveles de nuestra organizaci\u00f3n. En las raras ocasiones en que las cosas no salieron seg\u00fan lo planeado, las corregimos y utilizamos lo aprendido para mejorar nuestros servicios futuros.<\/p>\n<p>Existe un estricto proceso de calidad para identificar y abordar cualquier problema cl\u00ednico y abordar todos los riesgos. Esto incluye procesos de auditor\u00eda tanto internos como externos para monitorear y verificar los servicios prestados.<\/p>\n<\/div>\n<\/div>\n<div id=\"div_block-74-14\" class=\"ct-div-block\" ><img decoding=\"async\"  id=\"image-75-14\" alt=\"\" src=\"https:\/\/www.q-bital.com\/wp-content\/uploads\/sites\/8\/2023\/07\/Governance.jpg\" class=\"ct-image\"\/><\/div>\n<\/div>\n<\/div>\n<\/section>","protected":false},"excerpt":{"rendered":"","protected":false},"author":2,"featured_media":0,"parent":0,"menu_order":0,"comment_status":"closed","ping_status":"closed","template":"","meta":{"_acf_changed":false,"footnotes":""},"class_list":["post-209","page","type-page","status-publish","hentry"],"acf":[],"yoast_head":"<!-- This site is optimized with the Yoast SEO plugin v27.3 - https:\/\/yoast.com\/product\/yoast-seo-wordpress\/ -->\n<title>Environment - Q-bital Healthcare Solutions<\/title>\n<meta name=\"robots\" content=\"index, follow, max-snippet:-1, max-image-preview:large, max-video-preview:-1\" \/>\n<link rel=\"canonical\" href=\"https:\/\/www.q-bital.com\/es_es\/environment\/\" \/>\n<meta property=\"og:locale\" content=\"es_ES\" \/>\n<meta property=\"og:type\" content=\"article\" \/>\n<meta property=\"og:title\" content=\"Environment - Q-bital Healthcare Solutions\" \/>\n<meta property=\"og:url\" content=\"https:\/\/www.q-bital.com\/es_es\/environment\/\" \/>\n<meta property=\"og:site_name\" content=\"Q-bital Healthcare Solutions\" \/>\n<meta property=\"article:modified_time\" content=\"2023-08-30T15:11:30+00:00\" \/>\n<meta name=\"twitter:card\" content=\"summary_large_image\" \/>\n<script type=\"application\/ld+json\" class=\"yoast-schema-graph\">{\"@context\":\"https:\\\/\\\/schema.org\",\"@graph\":[{\"@type\":\"WebPage\",\"@id\":\"https:\\\/\\\/www.q-bital.com\\\/environment\\\/\",\"url\":\"https:\\\/\\\/www.q-bital.com\\\/environment\\\/\",\"name\":\"Environment - Q-bital Healthcare Solutions\",\"isPartOf\":{\"@id\":\"https:\\\/\\\/www.q-bital.com\\\/#website\"},\"datePublished\":\"2023-06-14T14:38:36+00:00\",\"dateModified\":\"2023-08-30T15:11:30+00:00\",\"inLanguage\":\"es\",\"potentialAction\":[{\"@type\":\"ReadAction\",\"target\":[\"https:\\\/\\\/www.q-bital.com\\\/environment\\\/\"]}]},{\"@type\":\"WebSite\",\"@id\":\"https:\\\/\\\/www.q-bital.com\\\/#website\",\"url\":\"https:\\\/\\\/www.q-bital.com\\\/\",\"name\":\"Q-bital Healthcare Solutions\",\"description\":\"\",\"potentialAction\":[{\"@type\":\"SearchAction\",\"target\":{\"@type\":\"EntryPoint\",\"urlTemplate\":\"https:\\\/\\\/www.q-bital.com\\\/?s={search_term_string}\"},\"query-input\":{\"@type\":\"PropertyValueSpecification\",\"valueRequired\":true,\"valueName\":\"search_term_string\"}}],\"inLanguage\":\"es\"}]}<\/script>\n<!-- \/ Yoast SEO plugin. -->","yoast_head_json":{"title":"Medio ambiente - Soluciones sanitarias Q-bital","robots":{"index":"index","follow":"follow","max-snippet":"max-snippet:-1","max-image-preview":"max-image-preview:large","max-video-preview":"max-video-preview:-1"},"canonical":"https:\/\/www.q-bital.com\/es_es\/environment\/","og_locale":"es_ES","og_type":"article","og_title":"Environment - Q-bital Healthcare Solutions","og_url":"https:\/\/www.q-bital.com\/es_es\/environment\/","og_site_name":"Q-bital Healthcare Solutions","article_modified_time":"2023-08-30T15:11:30+00:00","twitter_card":"summary_large_image","schema":{"@context":"https:\/\/schema.org","@graph":[{"@type":"WebPage","@id":"https:\/\/www.q-bital.com\/environment\/","url":"https:\/\/www.q-bital.com\/environment\/","name":"Medio ambiente - Soluciones sanitarias Q-bital","isPartOf":{"@id":"https:\/\/www.q-bital.com\/#website"},"datePublished":"2023-06-14T14:38:36+00:00","dateModified":"2023-08-30T15:11:30+00:00","inLanguage":"es","potentialAction":[{"@type":"ReadAction","target":["https:\/\/www.q-bital.com\/environment\/"]}]},{"@type":"WebSite","@id":"https:\/\/www.q-bital.com\/#website","url":"https:\/\/www.q-bital.com\/","name":"Q-bital Healthcare Solutions","description":"","potentialAction":[{"@type":"SearchAction","target":{"@type":"EntryPoint","urlTemplate":"https:\/\/www.q-bital.com\/?s={search_term_string}"},"query-input":{"@type":"PropertyValueSpecification","valueRequired":true,"valueName":"search_term_string"}}],"inLanguage":"es"}]}},"_links":{"self":[{"href":"https:\/\/www.q-bital.com\/es_es\/wp-json\/wp\/v2\/pages\/209","targetHints":{"allow":["GET"]}}],"collection":[{"href":"https:\/\/www.q-bital.com\/es_es\/wp-json\/wp\/v2\/pages"}],"about":[{"href":"https:\/\/www.q-bital.com\/es_es\/wp-json\/wp\/v2\/types\/page"}],"author":[{"embeddable":true,"href":"https:\/\/www.q-bital.com\/es_es\/wp-json\/wp\/v2\/users\/2"}],"replies":[{"embeddable":true,"href":"https:\/\/www.q-bital.com\/es_es\/wp-json\/wp\/v2\/comments?post=209"}],"version-history":[{"count":0,"href":"https:\/\/www.q-bital.com\/es_es\/wp-json\/wp\/v2\/pages\/209\/revisions"}],"wp:attachment":[{"href":"https:\/\/www.q-bital.com\/es_es\/wp-json\/wp\/v2\/media?parent=209"}],"curies":[{"name":"gracias","href":"https:\/\/api.w.org\/{rel}","templated":true}]}}