{"id":693,"date":"2023-07-19T15:41:55","date_gmt":"2023-07-19T15:41:55","guid":{"rendered":"https:\/\/www.q-bital.com\/?page_id=693"},"modified":"2023-10-20T11:41:54","modified_gmt":"2023-10-20T11:41:54","slug":"faqs","status":"publish","type":"page","link":"https:\/\/www.q-bital.com\/es_es\/faqs\/","title":{"rendered":"preguntas frecuentes"},"content":{"rendered":"<section id=\"section-2-59\" class=\"ct-section\" style=\"background-image:url(https:\/\/www.q-bital.com\/wp-content\/uploads\/sites\/8\/2023\/05\/boulders-right.png);background-size: auto;\" >\n<div class=\"ct-section-inner-wrap\">\n<div id=\"div_block-8-59\" class=\"ct-div-block\" ><a id=\"link_text-6-59\" class=\"ct-link-text\" href=\"\/es_es\/\" target=\"_self\"  >Hogar<\/a><\/p>\n<h1 id=\"headline-3-59\" class=\"ct-headline\"><span id=\"span-4-59\" class=\"ct-span\" >preguntas frecuentes<\/span><\/h1>\n<\/div>\n<\/div>\n<\/section>\n<div class=\"wp-block-vanguard-concertina\">\n<section class=\"ct-section\">\n<div class=\"ct-section-inner-wrap\">\n<div id=\"accordion-i9PUm1SAuAIPWb4o\" class=\"concertina accordion concertina-2col\">\n<div class=\"wp-block-vanguard-concertina-item accordion-item\">\n<h2 class=\"accordion-header\" id=\"heading-d078635e-3876-4394-8c4b-860ab9bdab1a\">\n<div class=\"title\">\u00bfCu\u00e1nto tiempo se tarda en instalar una instalaci\u00f3n modular?<\/div>\n<p><span class=\"indicator\"><\/span><\/h2>\n<div id=\"collapse-d078635e-3876-4394-8c4b-860ab9bdab1a\" class=\"accordion-collapse collapse\" aria-labelledby=\"heading-d078635e-3876-4394-8c4b-860ab9bdab1a\" data-bs-parent=\"#accordion-i9PUm1SAuAIPWb4o\">\n<div class=\"accordion-body\">\n<div class=\"text\">La respuesta corta es menos tiempo del que podr\u00eda pensar. Las instalaciones modulares que utilizan m\u00e9todos modernos de construcci\u00f3n se pueden desarrollar mucho m\u00e1s r\u00e1pidamente que los edificios tradicionales de ladrillo y mortero. Por ejemplo, desde la orden de compra hasta la entrega, la construcci\u00f3n de cuatro quir\u00f3fanos modulares de d\u00eda, espacio de recuperaci\u00f3n y otras salas de apoyo en un hospital podr\u00eda tardar tan solo 12 semanas o hasta 26 semanas si se requiere una soluci\u00f3n de espacio sanitario personalizada.<\/p>\n<p><a href=\"\/es_es\/facilities\/operating-rooms\/\">Descubra qu\u00e9 tan r\u00e1pido podr\u00eda llegar una instalaci\u00f3n modular a su hospital<\/a>.<\/div>\n<\/div>\n<\/div>\n<\/div>\n<div class=\"wp-block-vanguard-concertina-item accordion-item\">\n<h2 class=\"accordion-header\" id=\"heading-1de95927-d811-4aff-adcf-0aefddbe059e\">\n<div class=\"title\">\u00bfPuedo alquilar o comprar una instalaci\u00f3n?<\/div>\n<p><span class=\"indicator\"><\/span><\/h2>\n<div id=\"collapse-1de95927-d811-4aff-adcf-0aefddbe059e\" class=\"accordion-collapse collapse\" aria-labelledby=\"heading-1de95927-d811-4aff-adcf-0aefddbe059e\" data-bs-parent=\"#accordion-i9PUm1SAuAIPWb4o\">\n<div class=\"accordion-body\">\n<div class=\"text\">La respuesta es s\u00ed a ambos. Ofrecemos una flexibilidad <a data-type=\"page\" data-id=\"455\" href=\"\/es_es\/procurement\/\">enfoque de adquisiciones<\/a> para nuestras instalaciones modulares con opciones de alquiler, alquiler\/compra y compra disponibles directamente o a trav\u00e9s de varios marcos.<\/p>\n<p><a data-type=\"page\" data-id=\"164\" href=\"\/es_es\/our-facilities\/\">Nuestras unidades m\u00f3viles<\/a> Est\u00e1n disponibles \u00fanicamente para alquiler, esto nos permite poder responder a necesidades urgentes.<\/div>\n<\/div>\n<\/div>\n<\/div>\n<div class=\"wp-block-vanguard-concertina-item accordion-item\">\n<h2 class=\"accordion-header\" id=\"heading-6af607bb-17f3-405d-a620-f36c0dc0e622\">\n<div class=\"title\">\u00bfExiste un periodo m\u00ednimo de alquiler?<\/div>\n<p><span class=\"indicator\"><\/span><\/h2>\n<div id=\"collapse-6af607bb-17f3-405d-a620-f36c0dc0e622\" class=\"accordion-collapse collapse\" aria-labelledby=\"heading-6af607bb-17f3-405d-a620-f36c0dc0e622\" data-bs-parent=\"#accordion-i9PUm1SAuAIPWb4o\">\n<div class=\"accordion-body\">\n<div class=\"text\">En general, existe un per\u00edodo m\u00ednimo de alquiler de 13 semanas para nuestras instalaciones m\u00f3viles y podemos construir un modelo de precios para nuestras instalaciones modulares a partir de 26 semanas. Sin embargo, adoptamos un enfoque flexible ya que nuestra prioridad es siempre basar nuestras soluciones en las necesidades de nuestros clientes en lugar de imponer restricciones.<\/div>\n<\/div>\n<\/div>\n<\/div>\n<div class=\"wp-block-vanguard-concertina-item accordion-item\">\n<h2 class=\"accordion-header\" id=\"heading-343fc496-20ba-4e00-a725-9d3b2efbdbb7\">\n<div class=\"title\">\u00bfQu\u00e9 procedimientos se pueden realizar en un quir\u00f3fano m\u00f3vil?<\/div>\n<p><span class=\"indicator\"><\/span><\/h2>\n<div id=\"collapse-343fc496-20ba-4e00-a725-9d3b2efbdbb7\" class=\"accordion-collapse collapse\" aria-labelledby=\"heading-343fc496-20ba-4e00-a725-9d3b2efbdbb7\" data-bs-parent=\"#accordion-i9PUm1SAuAIPWb4o\">\n<div class=\"accordion-body\">\n<div class=\"text\">En nuestros quir\u00f3fanos m\u00f3viles se pueden realizar 75% de todos los tipos de procedimientos cl\u00ednicos realizados en un importante hospital de agudos, desde reemplazos de cadera hasta cirug\u00eda de cataratas, desde procedimientos de endoscopia hasta cirug\u00eda pl\u00e1stica. Adem\u00e1s de cirug\u00eda card\u00edaca especializada y procedimientos oncol\u00f3gicos complejos. La lista completa es demasiado larga para incluirla aqu\u00ed, pero puede obtener m\u00e1s informaci\u00f3n en nuestro <a data-type=\"page\" data-id=\"674\" href=\"\/es_es\/heritage\/\">P\u00e1gina de patrimonio<\/a>.<\/div>\n<\/div>\n<\/div>\n<\/div>\n<div class=\"wp-block-vanguard-concertina-item accordion-item\">\n<h2 class=\"accordion-header\" id=\"heading-63aa3f64-7374-48b4-9834-2e0222f8eb3d\">\n<div class=\"title\">\u00bfQu\u00e9 ventajas ofrecen los edificios modulares frente a los edificios sanitarios tradicionales?<\/div>\n<p><span class=\"indicator\"><\/span><\/h2>\n<div id=\"collapse-63aa3f64-7374-48b4-9834-2e0222f8eb3d\" class=\"accordion-collapse collapse\" aria-labelledby=\"heading-63aa3f64-7374-48b4-9834-2e0222f8eb3d\" data-bs-parent=\"#accordion-i9PUm1SAuAIPWb4o\">\n<div class=\"accordion-body\">\n<div class=\"text\">El principal beneficio es la rapidez con la que pueden llegar al lugar y dejar pasar a los primeros pacientes. Los edificios MMC y de construcci\u00f3n externa son tan robustos y de alta calidad como los edificios tradicionales de &quot;ladrillo y mortero&quot;, la gran diferencia es que se pueden construir al mismo tiempo que se realizan los trabajos de subestructura en el sitio.<\/p>\n<p>El dise\u00f1o de m\u00f3dulos y MMC pueden reducir los tiempos de construcci\u00f3n hasta en 45%, reducir los costos en 16% y aumentar la productividad en 30% durante todo el proceso de construcci\u00f3n.<sup>1<\/sup> Tambi\u00e9n existen beneficios ambientales, con residuos limitados y reducci\u00f3n de carbono en comparaci\u00f3n con las entregas tradicionales en el sitio de construcci\u00f3n.<\/p>\n<p>Como ejemplo, el Hospital St Joseph en Denver, Colorado, descubri\u00f3 que la construcci\u00f3n externa de sus instalaciones redujo el tiempo de entrega en 72 d\u00edas y redujo el costo en aproximadamente $4,3 millones.<sup>2<\/sup><\/p>\n<p>1. Informe t\u00e9cnico sobre c\u00f3mo construir una mejor atenci\u00f3n sanitaria.<br \/>2. Geiger, 2017.<\/div>\n<\/div>\n<\/div>\n<\/div>\n<div class=\"wp-block-vanguard-concertina-item accordion-item\">\n<h2 class=\"accordion-header\" id=\"heading-34124cfa-e6e2-45a3-bf73-0b32f35190c3\">\n<div class=\"title\">\u00bfPueden hacer una instalaci\u00f3n que se adapte a nuestros requisitos?<\/div>\n<p><span class=\"indicator\"><\/span><\/h2>\n<div id=\"collapse-34124cfa-e6e2-45a3-bf73-0b32f35190c3\" class=\"accordion-collapse collapse\" aria-labelledby=\"heading-34124cfa-e6e2-45a3-bf73-0b32f35190c3\" data-bs-parent=\"#accordion-i9PUm1SAuAIPWb4o\">\n<div class=\"accordion-body\">\n<div class=\"text\">Absolutamente, es por lo que somos conocidos. Trabajaremos con usted para crear un espacio de atenci\u00f3n m\u00e9dica dise\u00f1ado para satisfacer sus requisitos espec\u00edficos, desde la gesti\u00f3n del flujo de pacientes y las medidas de eficiencia hasta la apariencia externa.<\/div>\n<\/div>\n<\/div>\n<\/div>\n<div class=\"wp-block-vanguard-concertina-item accordion-item\">\n<h2 class=\"accordion-header\" id=\"heading-b2903f31-9b7b-4f6b-8001-9561a50b590e\">\n<div class=\"title\">\u00bfC\u00f3mo puedo obtener m\u00e1s informaci\u00f3n sobre c\u00f3mo conseguir un quir\u00f3fano en el lugar?<\/div>\n<p><span class=\"indicator\"><\/span><\/h2>\n<div id=\"collapse-b2903f31-9b7b-4f6b-8001-9561a50b590e\" class=\"accordion-collapse collapse\" aria-labelledby=\"heading-b2903f31-9b7b-4f6b-8001-9561a50b590e\" data-bs-parent=\"#accordion-i9PUm1SAuAIPWb4o\">\n<div class=\"accordion-body\">\n<div class=\"text\">Simplemente p\u00f3ngase en contacto con nuestro amigable equipo y ellos lo guiar\u00e1n a trav\u00e9s de los pasos; probablemente encontrar\u00e1 que el proceso es m\u00e1s sencillo de lo que hab\u00eda imaginado. Podemos quitarle el trabajo duro e incluso proporcionarle un <a data-type=\"service\" href=\"\/es_es\/service\/turnkey-solutions\/\">soluci\u00f3n llave en mano<\/a> si eso te conviene m\u00e1s.<\/p>\n<p><a data-type=\"page\" data-id=\"117\" href=\"\/es_es\/contact\/\" class=\"gform_button\">Ponerse en contacto<\/a><\/div>\n<\/div>\n<\/div>\n<\/div>\n<div class=\"wp-block-vanguard-concertina-item accordion-item\">\n<h2 class=\"accordion-header\" id=\"heading-868c76d8-3257-4fcf-957d-67bf4859f5ec\">\n<div class=\"title\">\u00bfSuministran instalaciones en todo el mundo?<\/div>\n<p><span class=\"indicator\"><\/span><\/h2>\n<div id=\"collapse-868c76d8-3257-4fcf-957d-67bf4859f5ec\" class=\"accordion-collapse collapse\" aria-labelledby=\"heading-868c76d8-3257-4fcf-957d-67bf4859f5ec\" data-bs-parent=\"#accordion-i9PUm1SAuAIPWb4o\">\n<div class=\"accordion-body\">\n<div class=\"text\">S\u00ed, operamos a nivel internacional. Tenemos experiencia en proporcionar instalaciones en Australia, Nueva Zelanda, Benelux, los pa\u00edses n\u00f3rdicos, Irlanda y el Reino Unido. Dentro de Gran Breta\u00f1a operamos bajo nuestra marca ###Vanguard### Healthcare Solutions, para m\u00e1s informaci\u00f3n visite <a href=\"https:\/\/www.vanguardhealthcare.co.uk\">www.vanguardhealthcare.co.uk<\/a>.<\/div>\n<\/div>\n<\/div>\n<\/div>\n<div class=\"wp-block-vanguard-concertina-item accordion-item\">\n<h2 class=\"accordion-header\" id=\"heading-32b61ab8-f388-43b3-8c99-1399b90140cf\">\n<div class=\"title\">\u00bfC\u00f3mo gestiona su impacto en el medio ambiente, particularmente con sus instalaciones m\u00e1s grandes?<\/div>\n<p><span class=\"indicator\"><\/span><\/h2>\n<div id=\"collapse-32b61ab8-f388-43b3-8c99-1399b90140cf\" class=\"accordion-collapse collapse\" aria-labelledby=\"heading-32b61ab8-f388-43b3-8c99-1399b90140cf\" data-bs-parent=\"#accordion-i9PUm1SAuAIPWb4o\">\n<div class=\"accordion-body\">\n<div class=\"text\">Nuestras soluciones se dise\u00f1an, construyen y entregan con gran cuidado y consideraci\u00f3n por el medio ambiente, reduciendo las emisiones de carbono en cada paso de nuestro proceso de fabricaci\u00f3n. Buscamos constantemente formas de minimizar el impacto de c\u00f3mo utilizamos los recursos con un enfoque particular en garantizar que contribuimos a la agenda global sobre el cambio clim\u00e1tico.<\/p>\n<p>Nuestro objetivo es ser carbono neto cero para las emisiones de alcance 1 y 2 para finales de 2023, y para las de alcance 3 para 2035; Contamos con un s\u00f3lido Plan de Reducci\u00f3n de Carbono para ayudarnos a lograrlo. Estamos orgullosos de nuestro progreso en el camino hacia el carbono neto cero. <a data-type=\"page\" data-id=\"705\" href=\"\/es_es\/carbon-reduction-plan\/\">echa un vistazo m\u00e1s de cerca aqu\u00ed...<\/a> <\/p>\n<p>Recientemente nos asociamos con Klimate para crear una estrategia de eliminaci\u00f3n de carbono que nos ayude a alcanzar nuestras ambiciones de cero emisiones netas. La innovadora cartera de proyectos de eliminaci\u00f3n de carbono incluye proyectos como captura directa de aire, bioaceite de almacenamiento profundo, algas marinas y plantaci\u00f3n de \u00e1rboles reconstituyentes. Todos se verifican de forma independiente para garantizar su integridad.<\/p><\/div>\n<\/div>\n<\/div>\n<\/div>\n<div class=\"wp-block-vanguard-concertina-item accordion-item\">\n<h2 class=\"accordion-header\" id=\"heading-7562bf47-5278-48e0-b4d4-61a2e1dac74f\">\n<div class=\"title\">\u00bfTrabaja con socios?<\/div>\n<p><span class=\"indicator\"><\/span><\/h2>\n<div id=\"collapse-7562bf47-5278-48e0-b4d4-61a2e1dac74f\" class=\"accordion-collapse collapse\" aria-labelledby=\"heading-7562bf47-5278-48e0-b4d4-61a2e1dac74f\" data-bs-parent=\"#accordion-i9PUm1SAuAIPWb4o\">\n<div class=\"accordion-body\">\n<div class=\"text\">S\u00ed, siempre estamos dispuestos a investigar. <a href=\"\/es_es\/partner-programme\/\" data-type=\"page\" data-id=\"316\">oportunidades de asociaci\u00f3n<\/a> y actualmente estamos trabajando con fabricantes de equipos, arquitectos, operadores de construcci\u00f3n y servicios cl\u00ednicos.<\/div>\n<\/div>\n<\/div>\n<\/div>\n<div class=\"wp-block-vanguard-concertina-item accordion-item\">\n<h2 class=\"accordion-header\" id=\"heading-fa666c52-3c78-40f9-895c-adcd67fb5d8b\">\n<div class=\"title\">\u00bfEst\u00e1 disponible una soluci\u00f3n completa llave en mano?<\/div>\n<p><span class=\"indicator\"><\/span><\/h2>\n<div id=\"collapse-fa666c52-3c78-40f9-895c-adcd67fb5d8b\" class=\"accordion-collapse collapse\" aria-labelledby=\"heading-fa666c52-3c78-40f9-895c-adcd67fb5d8b\" data-bs-parent=\"#accordion-i9PUm1SAuAIPWb4o\">\n<div class=\"accordion-body\">\n<div class=\"text\">Por supuesto, podemos encargarnos de todo el proceso y ofrecer un <a href=\"\/es_es\/service\/turnkey-solutions\/\" data-type=\"service\" data-id=\"185\">soluci\u00f3n llave en mano<\/a>. Este servicio incluye la gesti\u00f3n completa del proceso de dise\u00f1o (incluida la aprobaci\u00f3n del caso de negocio), la fabricaci\u00f3n interna, la instalaci\u00f3n en el sitio y la puesta en marcha del proyecto. Tenemos una gran experiencia en la adquisici\u00f3n y entrega de todos los trabajos del sitio a trav\u00e9s de nuestro equipo especializado en dise\u00f1o de atenci\u00f3n m\u00e9dica.<\/div>\n<\/div>\n<\/div>\n<\/div>\n<\/div>\n<\/div>\n<\/section>\n<\/div>\n<section id=\"section-144-59\" class=\"ct-section\" >\n<div class=\"ct-section-inner-wrap\">\n<div id=\"new_columns-145-59\" class=\"ct-new-columns\" >\n<div id=\"div_block-146-59\" class=\"ct-div-block\" >\n<div id=\"_rich_text-9-63\" class=\"oxy-rich-text\" >\n<p>Encontrar una soluci\u00f3n que funcione para su hospital comienza aqu\u00ed...<\/p>\n<\/div>\n<p><a id=\"link_button-149-59\" class=\"ct-link-button\" href=\"\/es_es\/contact\/\" target=\"_self\"  >Ponerse en contacto<\/a><\/div>\n<div id=\"div_block-150-59\" class=\"ct-div-block\" ><img decoding=\"async\"  id=\"image-151-59\" alt=\"\" src=\"https:\/\/www.q-bital.com\/wp-content\/uploads\/2023\/06\/kettering-2-scaled.jpg\" class=\"ct-image\"\/><\/div>\n<\/div>\n<\/div>\n<\/section>","protected":false},"excerpt":{"rendered":"","protected":false},"author":2,"featured_media":0,"parent":0,"menu_order":0,"comment_status":"closed","ping_status":"closed","template":"","meta":{"_acf_changed":false,"footnotes":""},"class_list":["post-693","page","type-page","status-publish","hentry"],"acf":[],"yoast_head":"<!-- This site is optimized with the Yoast SEO plugin v27.3 - https:\/\/yoast.com\/product\/yoast-seo-wordpress\/ -->\n<title>FAQs - Q-bital Healthcare Solutions<\/title>\n<meta name=\"robots\" content=\"index, follow, max-snippet:-1, max-image-preview:large, max-video-preview:-1\" \/>\n<link rel=\"canonical\" href=\"https:\/\/www.q-bital.com\/es_es\/faqs\/\" \/>\n<meta property=\"og:locale\" content=\"es_ES\" \/>\n<meta property=\"og:type\" content=\"article\" \/>\n<meta property=\"og:title\" content=\"FAQs - Q-bital Healthcare Solutions\" \/>\n<meta property=\"og:url\" content=\"https:\/\/www.q-bital.com\/es_es\/faqs\/\" \/>\n<meta property=\"og:site_name\" content=\"Q-bital Healthcare Solutions\" \/>\n<meta property=\"article:modified_time\" content=\"2023-10-20T11:41:54+00:00\" \/>\n<meta name=\"twitter:card\" content=\"summary_large_image\" \/>\n<meta name=\"twitter:label1\" content=\"Tiempo de lectura\" \/>\n\t<meta name=\"twitter:data1\" content=\"4 minutos\" \/>\n<script type=\"application\/ld+json\" class=\"yoast-schema-graph\">{\"@context\":\"https:\\\/\\\/schema.org\",\"@graph\":[{\"@type\":\"WebPage\",\"@id\":\"https:\\\/\\\/www.q-bital.com\\\/faqs\\\/\",\"url\":\"https:\\\/\\\/www.q-bital.com\\\/faqs\\\/\",\"name\":\"FAQs - Q-bital Healthcare Solutions\",\"isPartOf\":{\"@id\":\"https:\\\/\\\/www.q-bital.com\\\/#website\"},\"datePublished\":\"2023-07-19T15:41:55+00:00\",\"dateModified\":\"2023-10-20T11:41:54+00:00\",\"inLanguage\":\"es\",\"potentialAction\":[{\"@type\":\"ReadAction\",\"target\":[\"https:\\\/\\\/www.q-bital.com\\\/faqs\\\/\"]}]},{\"@type\":\"WebSite\",\"@id\":\"https:\\\/\\\/www.q-bital.com\\\/#website\",\"url\":\"https:\\\/\\\/www.q-bital.com\\\/\",\"name\":\"Q-bital Healthcare Solutions\",\"description\":\"\",\"potentialAction\":[{\"@type\":\"SearchAction\",\"target\":{\"@type\":\"EntryPoint\",\"urlTemplate\":\"https:\\\/\\\/www.q-bital.com\\\/?s={search_term_string}\"},\"query-input\":{\"@type\":\"PropertyValueSpecification\",\"valueRequired\":true,\"valueName\":\"search_term_string\"}}],\"inLanguage\":\"es\"}]}<\/script>\n<!-- \/ Yoast SEO plugin. -->","yoast_head_json":{"title":"Preguntas frecuentes - Soluciones de salud Q-bital","robots":{"index":"index","follow":"follow","max-snippet":"max-snippet:-1","max-image-preview":"max-image-preview:large","max-video-preview":"max-video-preview:-1"},"canonical":"https:\/\/www.q-bital.com\/es_es\/faqs\/","og_locale":"es_ES","og_type":"article","og_title":"FAQs - Q-bital Healthcare Solutions","og_url":"https:\/\/www.q-bital.com\/es_es\/faqs\/","og_site_name":"Q-bital Healthcare Solutions","article_modified_time":"2023-10-20T11:41:54+00:00","twitter_card":"summary_large_image","twitter_misc":{"Tiempo de lectura":"4 minutos"},"schema":{"@context":"https:\/\/schema.org","@graph":[{"@type":"WebPage","@id":"https:\/\/www.q-bital.com\/faqs\/","url":"https:\/\/www.q-bital.com\/faqs\/","name":"Preguntas frecuentes - Soluciones de salud Q-bital","isPartOf":{"@id":"https:\/\/www.q-bital.com\/#website"},"datePublished":"2023-07-19T15:41:55+00:00","dateModified":"2023-10-20T11:41:54+00:00","inLanguage":"es","potentialAction":[{"@type":"ReadAction","target":["https:\/\/www.q-bital.com\/faqs\/"]}]},{"@type":"WebSite","@id":"https:\/\/www.q-bital.com\/#website","url":"https:\/\/www.q-bital.com\/","name":"Q-bital Healthcare Solutions","description":"","potentialAction":[{"@type":"SearchAction","target":{"@type":"EntryPoint","urlTemplate":"https:\/\/www.q-bital.com\/?s={search_term_string}"},"query-input":{"@type":"PropertyValueSpecification","valueRequired":true,"valueName":"search_term_string"}}],"inLanguage":"es"}]}},"_links":{"self":[{"href":"https:\/\/www.q-bital.com\/es_es\/wp-json\/wp\/v2\/pages\/693","targetHints":{"allow":["GET"]}}],"collection":[{"href":"https:\/\/www.q-bital.com\/es_es\/wp-json\/wp\/v2\/pages"}],"about":[{"href":"https:\/\/www.q-bital.com\/es_es\/wp-json\/wp\/v2\/types\/page"}],"author":[{"embeddable":true,"href":"https:\/\/www.q-bital.com\/es_es\/wp-json\/wp\/v2\/users\/2"}],"replies":[{"embeddable":true,"href":"https:\/\/www.q-bital.com\/es_es\/wp-json\/wp\/v2\/comments?post=693"}],"version-history":[{"count":0,"href":"https:\/\/www.q-bital.com\/es_es\/wp-json\/wp\/v2\/pages\/693\/revisions"}],"wp:attachment":[{"href":"https:\/\/www.q-bital.com\/es_es\/wp-json\/wp\/v2\/media?parent=693"}],"curies":[{"name":"gracias","href":"https:\/\/api.w.org\/{rel}","templated":true}]}}