{"id":7163,"date":"2024-07-05T14:09:53","date_gmt":"2024-07-05T14:09:53","guid":{"rendered":"https:\/\/www.q-bital.com\/?page_id=7163"},"modified":"2024-07-08T15:15:56","modified_gmt":"2024-07-08T15:15:56","slug":"advisory-board","status":"publish","type":"page","link":"https:\/\/www.q-bital.com\/es_es\/advisory-board\/","title":{"rendered":"consejo asesor"},"content":{"rendered":"<section id=\"section-2-59\" class=\"ct-section\" style=\"background-image:url(https:\/\/www.q-bital.com\/wp-content\/uploads\/sites\/8\/2023\/05\/boulders-right.png);background-size: auto;\" >\n<div class=\"ct-section-inner-wrap\">\n<div id=\"div_block-8-59\" class=\"ct-div-block\" ><a id=\"link_text-6-59\" class=\"ct-link-text\" href=\"\/es_es\/\" target=\"_self\"  >Hogar<\/a><\/p>\n<h1 id=\"headline-3-59\" class=\"ct-headline\"><span id=\"span-4-59\" class=\"ct-span\" >consejo asesor<\/span><\/h1>\n<\/div>\n<\/div>\n<\/section>\n<section id=\"section-319-315\" class=\"ct-section\" >\n<div class=\"ct-section-inner-wrap\">\n<div id=\"new_columns-320-315\" class=\"ct-new-columns\" >\n<div id=\"div_block-321-315\" class=\"ct-div-block\" >\n<h2 id=\"headline-322-315\" class=\"ct-headline\">Nuestro Consejo Asesor cuidadosamente seleccionado agrega valor a nuestro servicio.<\/h2>\n<div id=\"_rich_text-323-315\" class=\"oxy-rich-text\" >\n<p>Estamos orgullosos de colaborar con un distinguido consejo asesor compuesto por empresas cre\u00edbles y reconocidas de diversas industrias. Estos socios aportan conocimientos, experiencia y orientaci\u00f3n invaluables, lo que nos permite innovar continuamente y mantener los m\u00e1s altos est\u00e1ndares.<\/p>\n<\/div>\n<\/div>\n<div id=\"div_block-324-315\" class=\"ct-div-block\" ><img decoding=\"async\"  id=\"image-325-315\" alt=\"\" src=\"https:\/\/www.q-bital.com\/wp-content\/uploads\/sites\/8\/2024\/07\/Advisory-Board.png\" class=\"ct-image\"\/><\/div>\n<\/div>\n<\/div>\n<\/section>\n<div class=\"wp-block-vanguard-vanguard-listing-boxes-container\">\n<section class=\"ct-section vanguard-listing-boxes\">\n<div class=\"ct-section-inner-wrap\">\n<div class=\"\">\n<h3 identifier=\"heading\" class=\"vanguard-listing-boxes__heading\">Consejo Asesor<\/h3>\n<div class=\"vanguard-listing-boxes__container\">\n<div class=\"wp-block-vanguard-vanguard-listing-boxes-box\">\n<div class=\"vanguard-listing-box\">\n<div class=\"vanguard-listing-box__image\"><img decoding=\"async\" src=\"https:\/\/www.q-bital.com\/wp-content\/uploads\/sites\/8\/2024\/07\/BRE_logo_Indigo_100mm.jpg\"\/><\/div>\n<div class=\"vanguard-listing-box__copy\">\n<h3 identifier=\"heading\" class=\"vanguard-listing-box__heading\">El Establecimiento de Investigaci\u00f3n Brit\u00e1nico (BRE)<\/h3>\n<h4 identifier=\"subheading\" class=\"vanguard-listing-box__subeading\"><\/h4>\n<p>Trabajando en asociaci\u00f3n con BRE para garantizar que el modelado t\u00e9rmico cumpla<\/p>\n<p><a href=\"https:\/\/www.q-bital.com\/es_es\/working-in-partnership-with-bre-to-ensure-thermal-modelling-meets-regulations\/\" class=\"vanguard-listing-box__button\"><span identifier=\"buttonText\" class=\"vanguard-listing-box__button__text\">Haga clic aqu\u00ed<\/span><\/a><\/div>\n<\/div>\n<\/div>\n<div class=\"wp-block-vanguard-vanguard-listing-boxes-box\">\n<div class=\"vanguard-listing-box\">\n<div class=\"vanguard-listing-box__image\"><img decoding=\"async\" src=\"https:\/\/www.q-bital.com\/wp-content\/uploads\/sites\/8\/2024\/07\/TAB_col_white_background.png\"\/><\/div>\n<div class=\"vanguard-listing-box__copy\">\n<h3 identifier=\"heading\" class=\"vanguard-listing-box__heading\">Universidad de M\u00e1nchester<\/h3>\n<h4 identifier=\"subheading\" class=\"vanguard-listing-box__subeading\"><\/h4>\n<p>Trabajando con la Universidad de Manchester para garantizar una resistencia estructural al fuego especializada<\/p>\n<p><a href=\"https:\/\/www.q-bital.com\/es_es\/working-with-the-university-of-manchester-to-ensure-specialist-structural-fire-resistance\/\" class=\"vanguard-listing-box__button\"><span identifier=\"buttonText\" class=\"vanguard-listing-box__button__text\">Haga clic aqu\u00ed<\/span><\/a><\/div>\n<\/div>\n<\/div>\n<div class=\"wp-block-vanguard-vanguard-listing-boxes-box\">\n<div class=\"vanguard-listing-box\">\n<div class=\"vanguard-listing-box__image\"><img decoding=\"async\" src=\"https:\/\/www.q-bital.com\/wp-content\/uploads\/sites\/8\/2024\/07\/AVIE-Logo-RGB.svg\"\/><\/div>\n<div class=\"vanguard-listing-box__copy\">\n<h3 identifier=\"heading\" class=\"vanguard-listing-box__heading\">Avie Consulting Ltd.<\/h3>\n<h4 identifier=\"subheading\" class=\"vanguard-listing-box__subeading\"><\/h4>\n<p>Trabajando en asociaci\u00f3n con Avie Consulting en ingenier\u00eda estructural y cumplimiento de vibraci\u00f3n de pisos<\/p>\n<p><a href=\"https:\/\/www.q-bital.com\/es_es\/working-in-partnership-with-avie-consulting-on-structural-engineering-and-floor-vibration-compliance\/\" class=\"vanguard-listing-box__button\"><span identifier=\"buttonText\" class=\"vanguard-listing-box__button__text\">Haga clic aqu\u00ed<\/span><\/a><\/div>\n<\/div>\n<\/div>\n<\/div>\n<\/div>\n<\/div>\n<\/section>\n<\/div>","protected":false},"excerpt":{"rendered":"","protected":false},"author":11,"featured_media":0,"parent":0,"menu_order":0,"comment_status":"closed","ping_status":"closed","template":"","meta":{"_acf_changed":false,"footnotes":""},"class_list":["post-7163","page","type-page","status-publish","hentry"],"acf":[],"yoast_head":"<!-- This site is optimized with the Yoast SEO plugin v27.3 - https:\/\/yoast.com\/product\/yoast-seo-wordpress\/ -->\n<title>Advisory board - Q-bital Healthcare Solutions<\/title>\n<meta name=\"robots\" content=\"index, follow, max-snippet:-1, max-image-preview:large, max-video-preview:-1\" \/>\n<link rel=\"canonical\" href=\"https:\/\/www.q-bital.com\/es_es\/advisory-board\/\" \/>\n<meta property=\"og:locale\" content=\"es_ES\" \/>\n<meta property=\"og:type\" content=\"article\" \/>\n<meta property=\"og:title\" content=\"Advisory board - Q-bital Healthcare Solutions\" \/>\n<meta property=\"og:url\" content=\"https:\/\/www.q-bital.com\/es_es\/advisory-board\/\" \/>\n<meta property=\"og:site_name\" content=\"Q-bital Healthcare Solutions\" \/>\n<meta property=\"article:modified_time\" content=\"2024-07-08T15:15:56+00:00\" \/>\n<meta property=\"og:image\" content=\"https:\/\/www.q-bital.com\/wp-content\/uploads\/sites\/8\/2024\/07\/BRE_logo_Indigo_100mm.jpg\" \/>\n<meta name=\"twitter:card\" content=\"summary_large_image\" \/>\n<meta name=\"twitter:label1\" content=\"Tiempo de lectura\" \/>\n\t<meta name=\"twitter:data1\" content=\"1 minuto\" \/>\n<script type=\"application\/ld+json\" class=\"yoast-schema-graph\">{\"@context\":\"https:\\\/\\\/schema.org\",\"@graph\":[{\"@type\":\"WebPage\",\"@id\":\"https:\\\/\\\/www.q-bital.com\\\/advisory-board\\\/\",\"url\":\"https:\\\/\\\/www.q-bital.com\\\/advisory-board\\\/\",\"name\":\"Advisory board - Q-bital Healthcare Solutions\",\"isPartOf\":{\"@id\":\"https:\\\/\\\/www.q-bital.com\\\/#website\"},\"primaryImageOfPage\":{\"@id\":\"https:\\\/\\\/www.q-bital.com\\\/advisory-board\\\/#primaryimage\"},\"image\":{\"@id\":\"https:\\\/\\\/www.q-bital.com\\\/advisory-board\\\/#primaryimage\"},\"thumbnailUrl\":\"https:\\\/\\\/www.q-bital.com\\\/wp-content\\\/uploads\\\/sites\\\/8\\\/2024\\\/07\\\/BRE_logo_Indigo_100mm.jpg\",\"datePublished\":\"2024-07-05T14:09:53+00:00\",\"dateModified\":\"2024-07-08T15:15:56+00:00\",\"inLanguage\":\"es\",\"potentialAction\":[{\"@type\":\"ReadAction\",\"target\":[\"https:\\\/\\\/www.q-bital.com\\\/advisory-board\\\/\"]}]},{\"@type\":\"ImageObject\",\"inLanguage\":\"es\",\"@id\":\"https:\\\/\\\/www.q-bital.com\\\/advisory-board\\\/#primaryimage\",\"url\":\"https:\\\/\\\/www.q-bital.com\\\/wp-content\\\/uploads\\\/sites\\\/8\\\/2024\\\/07\\\/BRE_logo_Indigo_100mm.jpg\",\"contentUrl\":\"https:\\\/\\\/www.q-bital.com\\\/wp-content\\\/uploads\\\/sites\\\/8\\\/2024\\\/07\\\/BRE_logo_Indigo_100mm.jpg\"},{\"@type\":\"WebSite\",\"@id\":\"https:\\\/\\\/www.q-bital.com\\\/#website\",\"url\":\"https:\\\/\\\/www.q-bital.com\\\/\",\"name\":\"Q-bital Healthcare Solutions\",\"description\":\"\",\"potentialAction\":[{\"@type\":\"SearchAction\",\"target\":{\"@type\":\"EntryPoint\",\"urlTemplate\":\"https:\\\/\\\/www.q-bital.com\\\/?s={search_term_string}\"},\"query-input\":{\"@type\":\"PropertyValueSpecification\",\"valueRequired\":true,\"valueName\":\"search_term_string\"}}],\"inLanguage\":\"es\"}]}<\/script>\n<!-- \/ Yoast SEO plugin. -->","yoast_head_json":{"title":"Consejo asesor - Q-bital Healthcare Solutions","robots":{"index":"index","follow":"follow","max-snippet":"max-snippet:-1","max-image-preview":"max-image-preview:large","max-video-preview":"max-video-preview:-1"},"canonical":"https:\/\/www.q-bital.com\/es_es\/advisory-board\/","og_locale":"es_ES","og_type":"article","og_title":"Advisory board - Q-bital Healthcare Solutions","og_url":"https:\/\/www.q-bital.com\/es_es\/advisory-board\/","og_site_name":"Q-bital Healthcare Solutions","article_modified_time":"2024-07-08T15:15:56+00:00","og_image":[{"url":"https:\/\/www.q-bital.com\/wp-content\/uploads\/sites\/8\/2024\/07\/BRE_logo_Indigo_100mm.jpg","type":"","width":"","height":""}],"twitter_card":"summary_large_image","twitter_misc":{"Tiempo de lectura":"1 minuto"},"schema":{"@context":"https:\/\/schema.org","@graph":[{"@type":"WebPage","@id":"https:\/\/www.q-bital.com\/advisory-board\/","url":"https:\/\/www.q-bital.com\/advisory-board\/","name":"Consejo asesor - Q-bital Healthcare Solutions","isPartOf":{"@id":"https:\/\/www.q-bital.com\/#website"},"primaryImageOfPage":{"@id":"https:\/\/www.q-bital.com\/advisory-board\/#primaryimage"},"image":{"@id":"https:\/\/www.q-bital.com\/advisory-board\/#primaryimage"},"thumbnailUrl":"https:\/\/www.q-bital.com\/wp-content\/uploads\/sites\/8\/2024\/07\/BRE_logo_Indigo_100mm.jpg","datePublished":"2024-07-05T14:09:53+00:00","dateModified":"2024-07-08T15:15:56+00:00","inLanguage":"es","potentialAction":[{"@type":"ReadAction","target":["https:\/\/www.q-bital.com\/advisory-board\/"]}]},{"@type":"ImageObject","inLanguage":"es","@id":"https:\/\/www.q-bital.com\/advisory-board\/#primaryimage","url":"https:\/\/www.q-bital.com\/wp-content\/uploads\/sites\/8\/2024\/07\/BRE_logo_Indigo_100mm.jpg","contentUrl":"https:\/\/www.q-bital.com\/wp-content\/uploads\/sites\/8\/2024\/07\/BRE_logo_Indigo_100mm.jpg"},{"@type":"WebSite","@id":"https:\/\/www.q-bital.com\/#website","url":"https:\/\/www.q-bital.com\/","name":"Q-bital Healthcare Solutions","description":"","potentialAction":[{"@type":"SearchAction","target":{"@type":"EntryPoint","urlTemplate":"https:\/\/www.q-bital.com\/?s={search_term_string}"},"query-input":{"@type":"PropertyValueSpecification","valueRequired":true,"valueName":"search_term_string"}}],"inLanguage":"es"}]}},"_links":{"self":[{"href":"https:\/\/www.q-bital.com\/es_es\/wp-json\/wp\/v2\/pages\/7163","targetHints":{"allow":["GET"]}}],"collection":[{"href":"https:\/\/www.q-bital.com\/es_es\/wp-json\/wp\/v2\/pages"}],"about":[{"href":"https:\/\/www.q-bital.com\/es_es\/wp-json\/wp\/v2\/types\/page"}],"author":[{"embeddable":true,"href":"https:\/\/www.q-bital.com\/es_es\/wp-json\/wp\/v2\/users\/11"}],"replies":[{"embeddable":true,"href":"https:\/\/www.q-bital.com\/es_es\/wp-json\/wp\/v2\/comments?post=7163"}],"version-history":[{"count":0,"href":"https:\/\/www.q-bital.com\/es_es\/wp-json\/wp\/v2\/pages\/7163\/revisions"}],"wp:attachment":[{"href":"https:\/\/www.q-bital.com\/es_es\/wp-json\/wp\/v2\/media?parent=7163"}],"curies":[{"name":"gracias","href":"https:\/\/api.w.org\/{rel}","templated":true}]}}