{"id":14,"date":"2023-05-24T11:38:34","date_gmt":"2023-05-24T11:38:34","guid":{"rendered":"https:\/\/www.q-bital.com\/?page_id=14"},"modified":"2026-03-03T11:20:33","modified_gmt":"2026-03-03T11:20:33","slug":"homepage","status":"publish","type":"page","link":"https:\/\/www.q-bital.com\/fi_fi\/","title":{"rendered":"Kotisivu"},"content":{"rendered":"<section id=\"section-2-14\" class=\"ct-section\" >\n<div class=\"ct-section-inner-wrap\">\n<div id=\"new_columns-3-14\" class=\"ct-new-columns\" >\n<div id=\"div_block-4-14\" class=\"ct-div-block\" >\n<h1 id=\"headline-5-14\" class=\"ct-headline\">Edistykselliset terveydenhuollon laitokset, toimitettuna nopeaan tahtiin<\/h1>\n<p><a id=\"link_button-10-14\" class=\"ct-link-button\" href=\"\/fi_fi\/heritage\/\" target=\"_self\"  >Noin<\/a><\/div>\n<div id=\"div_block-9-14\" class=\"ct-div-block\" ><link rel='stylesheet' id='oxygen-unslider-css'  href='https:\/\/www.q-bital.com\/wp-content\/plugins\/oxygen\/component-framework\/vendor\/unslider\/unslider.css' type='text\/css' media='all'\/>\n<div id=\"slider-88-14\" class=\"ct-slider ct_unique_slider_4245\" >\n<div class=\"oxygen-unslider-container\">\n<ul>\n<li>\n<div id=\"slide-89-14\" class=\"ct-slide\" ><img decoding=\"async\"  id=\"image-96-14\" alt=\"\" src=\"https:\/\/www.q-bital.com\/wp-content\/uploads\/sites\/8\/2023\/09\/home1.jpg\" class=\"ct-image\"\/><\/div>\n<\/li>\n<li>\n<div id=\"slide-12-65\" class=\"ct-slide\" ><img decoding=\"async\"  id=\"image-13-65\" alt=\"\" src=\"https:\/\/www.q-bital.com\/wp-content\/uploads\/sites\/8\/2023\/09\/home2.jpg\" class=\"ct-image\"\/><\/div>\n<\/li>\n<li>\n<div id=\"slide-14-65\" class=\"ct-slide\" ><img decoding=\"async\"  id=\"image-15-65\" alt=\"\" src=\"https:\/\/www.q-bital.com\/wp-content\/uploads\/sites\/8\/2023\/09\/home3.jpg\" class=\"ct-image\"\/><\/div>\n<\/li>\n<li>\n<div id=\"slide-101-14\" class=\"ct-slide\" ><img decoding=\"async\"  id=\"image-102-14\" alt=\"\" src=\"https:\/\/www.q-bital.com\/wp-content\/uploads\/sites\/8\/2023\/09\/Heartlands-Exterior-3-homepage-carousel-2.jpg\" class=\"ct-image\"\/><\/div>\n<\/li>\n<\/ul>\n<\/div>\n<\/div>\n<p><script class=\"ct-slider-script\">jQuery(document).ready(function($){$('#slider-88-14.ct_unique_slider_4245 .oxygen-unslider-container:not(.unslider-horizontal,.unslider-fade)').unslider({autoplay: true, delay: 3000, animation: 'horizontal', speed : 750, arrows: true, nav: false, infinite: true})});<\/script><\/div>\n<\/div>\n<\/div>\n<\/section>\n<section id=\"section-68-14\" class=\"ct-section\" >\n<div class=\"ct-section-inner-wrap\">\n<div id=\"new_columns-69-14\" class=\"ct-new-columns\" >\n<div id=\"div_block-70-14\" class=\"ct-div-block\" >\n<h2 id=\"headline-71-14\" class=\"ct-headline\">Mobiili- ja modulaaristen terveydenhuoltoratkaisujen tarjoaminen<\/h2>\n<div id=\"_rich_text-72-14\" class=\"oxy-rich-text\" >\n<p>Vanguard Healthcare Solutions on johtava maailmanlaajuinen joustavan kliinisen infrastruktuurin ja palvelujen toimittaja, joka toimittaa korkealaatuisia, teknisesti edistyneit\u00e4 ratkaisuja nopeasti tekem\u00e4ll\u00e4 yhteisty\u00f6t\u00e4 asiakkaidemme kanssa parantaakseen terveystuloksia.&nbsp;<\/p>\n<p>Ty\u00f6skentelemme asiakkaidemme kanssa tarjotaksemme korkealaatuisia ja kest\u00e4vi\u00e4 terveydenhuoltoratkaisuja, joissa on r\u00e4\u00e4t\u00e4l\u00f6ityj\u00e4 mobiili- ja modulaarisia terveydenhuoltotiloja, jotka vastaavat kunkin terveydenhuoltoj\u00e4rjestelm\u00e4n ainutlaatuisiin tarpeisiin.&nbsp;<\/p>\n<\/div>\n<p><a id=\"link_button-73-14\" class=\"ct-link-button\" href=\"\/fi_fi\/our-facilities\/\" target=\"_self\"  >Tilamme<\/a><\/div>\n<div id=\"div_block-74-14\" class=\"ct-div-block\" ><img decoding=\"async\"  id=\"image-75-14\" alt=\"\" src=\"https:\/\/www.q-bital.com\/wp-content\/uploads\/sites\/8\/2023\/06\/kettering-2-1.jpg\" class=\"ct-image\"\/><\/div>\n<\/div>\n<\/div>\n<\/section>\n<section id=\"section-53-14\" class=\"ct-section\" >\n<div class=\"ct-section-inner-wrap\">\n<div id=\"new_columns-54-14\" class=\"ct-new-columns\" >\n<div id=\"div_block-55-14\" class=\"ct-div-block\" ><img decoding=\"async\"  id=\"image-59-14\" alt=\"\" src=\"https:\/\/www.q-bital.com\/wp-content\/uploads\/sites\/8\/2023\/06\/urgent_admission_centre_3D-1.png\" class=\"ct-image fade-up\"\/><\/div>\n<div id=\"div_block-56-14\" class=\"ct-div-block\" >\n<h2 id=\"headline-57-14\" class=\"ct-headline\">Mit\u00e4 me teemme<\/h2>\n<div id=\"_rich_text-58-14\" class=\"oxy-rich-text\" >\n<p>Liikkuvia tilojamme, jotka voidaan asentaa ja ottaa k\u00e4ytt\u00f6\u00f6n viikkojen kuluessa, ovat leikkaussalit, endoskopiayksik\u00f6t, endoskooppidekontaminaatio, sterilointi, osastot, klinikat, lievi\u00e4 vammoja ja ambulanssin luovutus. Skaalautuvat, mukaan lukien integrointi modulaarisiin tiloihin, ne toimivat kirurgisina keskusina ja yhteis\u00f6n diagnostiikkakeskuksina. Rakentamamme moduulirakennukset tarjoavat rajattomat mahdollisuudet luoda t\u00e4ysin ainutlaatuisia ja r\u00e4\u00e4t\u00e4l\u00f6ityj\u00e4 terveydenhuoltotiloja tehokkaammin kuin perinteisi\u00e4 rakennusmenetelmi\u00e4 k\u00e4ytett\u00e4ess\u00e4.<\/p>\n<\/div>\n<p><a id=\"link_button-63-14\" class=\"ct-link-button\" href=\"\/fi_fi\/our-services\/\" target=\"_self\"  >Palvelumme<\/a><\/div>\n<\/div>\n<\/div>\n<\/section>\n<section id=\"section-64-208\" class=\"ct-section\" >\n<div class=\"ct-section-inner-wrap\">\n<div id=\"div_block-65-208\" class=\"ct-div-block\" >\n<h2 id=\"headline-66-208\" class=\"ct-headline\">Tapaustutkimuksia<\/h2>\n<\/div>\n<div id=\"_dynamic_list-67-208\" class=\"oxy-dynamic-list\">\n<div id=\"div_block-68-208-1\" class=\"ct-div-block\" data-id=\"div_block-68-208\">\n<div id=\"div_block-69-208-1\" class=\"ct-div-block\" data-id=\"div_block-69-208\"><img decoding=\"async\" id=\"image-70-208-1\" alt=\"\" src=\"https:\/\/www.q-bital.com\/wp-content\/uploads\/sites\/8\/2024\/08\/Q-bital-still-1820x1024.jpg\" class=\"ct-image\" data-id=\"image-70-208\"><\/div>\n<div id=\"div_block-71-208-1\" class=\"ct-div-block\" data-id=\"div_block-71-208\"><a id=\"link-72-208-1\" class=\"ct-link\" href=\"https:\/\/www.q-bital.com\/fi_fi\/case-study\/a-600m%c2%b2-mixed-modality-solution-meets-north-bristol-nhs-fts-need-for-a-day-case-facility\/\" target=\"_self\" data-id=\"link-72-208\"><\/p>\n<h2 id=\"headline-73-208-1\" class=\"ct-headline\" data-id=\"headline-73-208\"><span id=\"span-74-208\" class=\"ct-span\" >600 m\u00b2:n sekamuotoinen ratkaisu vastaa North Bristol NHS FT:n p\u00e4iv\u00e4kotelon tarpeeseen<\/span><\/h2>\n<p><\/a><\/p>\n<div id=\"text_block-75-208-1\" class=\"ct-text-block\" data-id=\"text_block-75-208\"><span id=\"span-76-208\" class=\"ct-span\" >Monimuotoinen laitos, joka koostuu siirrett\u00e4vist\u00e4 teattereista ja tukihuoneista, jotka on rakennettu nykyaikaisilla rakennusmenetelmill\u00e4, minimoi l\u00e4pimenoajat ja tarjoaa suunnittelun joustavuutta.<\/span><\/div>\n<p><a id=\"link_text-77-208-1\" class=\"ct-link-text\" href=\"https:\/\/www.q-bital.com\/fi_fi\/case-study\/a-600m%c2%b2-mixed-modality-solution-meets-north-bristol-nhs-fts-need-for-a-day-case-facility\/\" target=\"_self\" data-id=\"link_text-77-208\">Lis\u00e4tietoja<\/a><\/div>\n<\/div>\n<div id=\"div_block-68-208-2\" class=\"ct-div-block\" data-id=\"div_block-68-208\">\n<div id=\"div_block-69-208-2\" class=\"ct-div-block\" data-id=\"div_block-69-208\"><img decoding=\"async\" id=\"image-70-208-2\" alt=\"\" src=\"https:\/\/www.q-bital.com\/wp-content\/uploads\/sites\/8\/2024\/08\/Appendix-1_Layout-adjacency-and-images-003-3.jpg\" class=\"ct-image\" data-id=\"image-70-208\"><\/div>\n<div id=\"div_block-71-208-2\" class=\"ct-div-block\" data-id=\"div_block-71-208\"><a id=\"link-72-208-2\" class=\"ct-link\" href=\"https:\/\/www.q-bital.com\/fi_fi\/case-study\/milton-keynes-university-hospital-opens-a-new-day-case-unit-to-increase-surgical-capacity\/\" target=\"_self\" data-id=\"link-72-208\"><\/p>\n<h2 id=\"headline-73-208-2\" class=\"ct-headline\" data-id=\"headline-73-208\"><span id=\"span-74-208\" class=\"ct-span\" >Milton Keynesin yliopistollinen sairaala avaa uuden p\u00e4iv\u00e4hoitoyksik\u00f6n lis\u00e4t\u00e4kseen leikkauskapasiteettia<\/span><\/h2>\n<p><\/a><\/p>\n<div id=\"text_block-75-208-2\" class=\"ct-text-block\" data-id=\"text_block-75-208\"><span id=\"span-76-208\" class=\"ct-span\" >&quot;Menestykseni mittana on p\u00e4ivitt\u00e4\u00e4 potilasseurantaraporttini maanantaina ja katsoa kuinka paljon odotuslistamme on v\u00e4hentynyt. Ja teemme parhaamme potilaidemme hyv\u00e4ksi, ja se on minulle todella t\u00e4rke\u00e4\u00e4.&quot; - Claire McGillycuddy, MKUH<\/span><\/div>\n<p><a id=\"link_text-77-208-2\" class=\"ct-link-text\" href=\"https:\/\/www.q-bital.com\/fi_fi\/case-study\/milton-keynes-university-hospital-opens-a-new-day-case-unit-to-increase-surgical-capacity\/\" target=\"_self\" data-id=\"link_text-77-208\">Lis\u00e4tietoja<\/a><\/div>\n<\/div><\/div>\n<div id=\"div_block-78-208\" class=\"ct-div-block\" ><a id=\"link_button-79-208\" class=\"ct-link-button button-blue\" href=\"\/fi_fi\/case-studies\/\" target=\"_self\"  >Katso kaikki tapaustutkimukset<\/a><\/div>\n<\/div>\n<\/section>\n<div class=\"wp-block-bozboz-hotspot\">\n<div class=\"hotspotContainer ct-section hotspotLayout-2\" style=\"background-color:#dae7f0;padding:50px 20px\">\n<div class=\"hotspotInnerWrap ct-section-inner-wrap\" style=\"border-radius:20px;padding:30px;background-color:#004983;color:#fff;display:flex\">\n<div class=\"hotspotCol hotspotColOne\">\n<div class=\"hotspotImageContainer\" style=\"position:relative;max-width:800px\">\n<div class=\"hotspotDot\" data-text=\"Clean storage\" data-x=\"21\" data-y=\"14\" style=\"position:absolute;top:14%;left:21%\">\n<div>A<\/div>\n<\/div>\n<div class=\"hotspotDot\" data-text=\"Corridor\" data-x=\"39\" data-y=\"15\" style=\"position:absolute;top:15%;left:39%\">\n<div>B<\/div>\n<\/div>\n<div class=\"hotspotDot\" data-text=\"corridor\" data-x=\"61\" data-y=\"8\" style=\"position:absolute;top:8%;left:61%\">\n<div>C<\/div>\n<\/div>\n<div class=\"hotspotDot\" data-text=\"Anaesthetic\" data-x=\"19\" data-y=\"29\" style=\"position:absolute;top:29%;left:19%\">\n<div>D<\/div>\n<\/div>\n<div class=\"hotspotDot\" data-text=\"Theatre\" data-x=\"44\" data-y=\"29\" style=\"position:absolute;top:29%;left:44%\">\n<div>E<\/div>\n<\/div>\n<div class=\"hotspotDot\" data-text=\"Recovery\" data-x=\"73\" data-y=\"46\" style=\"position:absolute;top:46%;left:73%\">\n<div>F<\/div>\n<\/div>\n<div class=\"hotspotDot\" data-text=\"Janitor room\" data-x=\"59\" data-y=\"66\" style=\"position:absolute;top:66%;left:59%\">\n<div>G<\/div>\n<\/div>\n<div class=\"hotspotDot\" data-text=\"Vacuum plant area\" data-x=\"59\" data-y=\"76\" style=\"position:absolute;top:76%;left:59%\">\n<div>H<\/div>\n<\/div>\n<div class=\"hotspotDot\" data-text=\"Dirty utility\" data-x=\"48\" data-y=\"63\" style=\"position:absolute;top:63%;left:48%\">\n<div>min\u00e4<\/div>\n<\/div>\n<div class=\"hotspotDot\" data-text=\"Staff room\" data-x=\"18\" data-y=\"40\" style=\"position:absolute;top:40%;left:18%\">\n<div>J<\/div>\n<\/div>\n<div class=\"hotspotDot\" data-text=\"Staff toilet\" data-x=\"3\" data-y=\"41\" style=\"position:absolute;top:41%;left:3%\">\n<div>K<\/div>\n<\/div>\n<div class=\"hotspotDot\" data-text=\"Staff changing\" data-x=\"11\" data-y=\"34\" style=\"position:absolute;top:34%;left:11%\">\n<div>L<\/div>\n<\/div>\n<div class=\"hotspotDot\" data-text=\"Air Handling Unit\" data-x=\"10\" data-y=\"20\" style=\"position:absolute;top:20%;left:10%\">\n<div>M<\/div>\n<\/div>\n<p><img decoding=\"async\" src=\"https:\/\/www.q-bital.com\/wp-content\/uploads\/sites\/8\/2023\/06\/Theatre_3D_no-ramps_NO-SHADOWS_NO-KEY.png\" style=\"width:100%;height:auto\"\/><\/div>\n<\/div>\n<div class=\"hotspotCol hotspotColTwo hotspotTextCol hotspotColContent\">\n<h2 style=\"color:#fff\"><span class=\"headingContent\">Liikkuva leikkaussali<\/span><\/h2>\n<div placeholder=\"text content\" class=\"textContent\">Laminaarivirtaus, ultrapuhtaat, standardi- ja hybridi-mobiili- ja modulaariset leikkaussalimme voidaan rakentaa r\u00e4\u00e4t\u00e4l\u00f6ityn\u00e4 tarpeidesi mukaan. Useita huoneita voidaan yhdist\u00e4\u00e4 muihin liikkuviin tai modulaarisiin tiloihin, mukaan lukien osastot, p\u00e4iv\u00e4kotitilan tarjoamiseksi.<\/div>\n<\/div>\n<\/div>\n<\/div>\n<\/div>\n<section id=\"section-120-14\" class=\"ct-section\" >\n<div class=\"ct-section-inner-wrap\">\n<div id=\"div_block-24-70\" class=\"ct-div-block\" >\n<h2 id=\"headline-66-14\" class=\"ct-headline\">Uusimmat uutiset<\/h2>\n<\/div>\n<div id=\"_dynamic_list-121-14\" class=\"oxy-dynamic-list\">\n<div id=\"div_block-122-14-1\" class=\"ct-div-block\" data-id=\"div_block-122-14\">\n<div id=\"div_block-124-14-1\" class=\"ct-div-block\" data-id=\"div_block-124-14\"><a id=\"link-125-14-1\" class=\"ct-link\" href=\"https:\/\/www.q-bital.com\/fi_fi\/building-better-healthcare-awards-2026\/\" target=\"_self\" data-id=\"link-125-14\"><\/p>\n<h2 id=\"headline-126-14-1\" class=\"ct-headline\" data-id=\"headline-126-14\"><span id=\"span-127-14\" class=\"ct-span\" >Paremman terveydenhuollon rakentamisen palkinnot 2026<\/span><\/h2>\n<p><\/a><\/p>\n<div id=\"text_block-128-14-1\" class=\"ct-text-block\" data-id=\"text_block-128-14\"><span id=\"span-129-14\" class=\"ct-span\" >Vanguard Healthcare Solutionsilla on ilo ilmoittaa osallistuvansa Building Better Healthcare Awards 2026 -palkintogaalaan, joka j\u00e4rjestet\u00e4\u00e4n 4. marraskuuta 2026 The Breweryss\u00e4 Lontoossa. Odotamme innolla tapaamista terveydenhuollon kiinteist\u00f6-, suunnittelu- ja infrastruktuurialan kollegoiden kanssa t\u00e4ss\u00e4 arvostetussa tapahtumassa.<\/span><\/div>\n<p><a id=\"link_text-130-14-1\" class=\"ct-link-text\" href=\"https:\/\/www.q-bital.com\/fi_fi\/building-better-healthcare-awards-2026\/\" target=\"_self\" data-id=\"link_text-130-14\">Lue lis\u00e4\u00e4<\/a><\/div>\n<\/div>\n<div id=\"div_block-122-14-2\" class=\"ct-div-block\" data-id=\"div_block-122-14\">\n<div id=\"div_block-124-14-2\" class=\"ct-div-block\" data-id=\"div_block-124-14\"><a id=\"link-125-14-2\" class=\"ct-link\" href=\"https:\/\/www.q-bital.com\/fi_fi\/mpba-awards-2026\/\" target=\"_self\" data-id=\"link-125-14\"><\/p>\n<h2 id=\"headline-126-14-2\" class=\"ct-headline\" data-id=\"headline-126-14\"><span id=\"span-127-14\" class=\"ct-span\" >MPBA-palkinnot 2026<\/span><\/h2>\n<p><\/a><\/p>\n<div id=\"text_block-128-14-2\" class=\"ct-text-block\" data-id=\"text_block-128-14\"><span id=\"span-129-14\" class=\"ct-span\" >Vanguard Healthcare Solutions on ylpe\u00e4 voidessaan ilmoittaa osallistuvansa MPBA Awards 2026 -palkintogaalaan, joka j\u00e4rjestet\u00e4\u00e4n 7. toukokuuta 2026 Grand Hotel Birminghamissa. T\u00e4m\u00e4n vuoden tapahtuma on erityisen merkitt\u00e4v\u00e4 tiimille, sill\u00e4 Vanguard on p\u00e4\u00e4ssyt ehdolle kolmen arvostetun palkinnon saajaksi, jotka tunnustavat terveydenhuollon infrastruktuuritoimitusten erinomaisuutta.<\/span><\/div>\n<p><a id=\"link_text-130-14-2\" class=\"ct-link-text\" href=\"https:\/\/www.q-bital.com\/fi_fi\/mpba-awards-2026\/\" target=\"_self\" data-id=\"link_text-130-14\">Lue lis\u00e4\u00e4<\/a><\/div>\n<\/div>\n<div id=\"div_block-122-14-3\" class=\"ct-div-block\" data-id=\"div_block-122-14\">\n<div id=\"div_block-124-14-3\" class=\"ct-div-block\" data-id=\"div_block-124-14\"><a id=\"link-125-14-3\" class=\"ct-link\" href=\"https:\/\/www.q-bital.com\/fi_fi\/healthcare-estates-2026\/\" target=\"_self\" data-id=\"link-125-14\"><\/p>\n<h2 id=\"headline-126-14-3\" class=\"ct-headline\" data-id=\"headline-126-14\"><span id=\"span-127-14\" class=\"ct-span\" >Terveydenhuollon kiinteist\u00f6t 2026<\/span><\/h2>\n<p><\/a><\/p>\n<div id=\"text_block-128-14-3\" class=\"ct-text-block\" data-id=\"text_block-128-14\"><span id=\"span-129-14\" class=\"ct-span\" >Yhten\u00e4 Ison-Britannian johtavista terveydenhuollon johtajille ja ammattilaisille suunnatuista tapahtumista NHS ConfedExpo tarjoaa Vanguard Healthcare Solutionsille mahdollisuuden osallistua Healthcare Estates 2026 -tapahtumaan, joka on Ison-Britannian johtava terveydenhuollon tekniikan, kiinteist\u00f6jen ja laitosten ammattilaisille suunnattu tapahtuma.<\/span><\/div>\n<p><a id=\"link_text-130-14-3\" class=\"ct-link-text\" href=\"https:\/\/www.q-bital.com\/fi_fi\/healthcare-estates-2026\/\" target=\"_self\" data-id=\"link_text-130-14\">Lue lis\u00e4\u00e4<\/a><\/div>\n<\/div><\/div>\n<div id=\"div_block-144-14\" class=\"ct-div-block\" ><a id=\"link_button-146-14\" class=\"ct-link-button button-blue\" href=\"\/fi_fi\/news\/\" target=\"_self\"  >Katso kaikki uutiset<\/a><\/div>\n<\/div>\n<\/section>\n<section id=\"section-144-59\" class=\"ct-section\" >\n<div class=\"ct-section-inner-wrap\">\n<div id=\"new_columns-145-59\" class=\"ct-new-columns\" >\n<div id=\"div_block-146-59\" class=\"ct-div-block\" >\n<div id=\"_rich_text-9-63\" class=\"oxy-rich-text\" >\n<p>Sairaalallesi sopivan ratkaisun l\u00f6yt\u00e4minen voisi alkaa t\u00e4st\u00e4\u2026<\/p>\n<\/div>\n<p><a id=\"link_button-149-59\" class=\"ct-link-button\" href=\"\/fi_fi\/contact\/\" target=\"_self\"  >Ota yhteytt\u00e4<\/a><\/div>\n<div id=\"div_block-150-59\" class=\"ct-div-block\" ><img decoding=\"async\"  id=\"image-151-59\" alt=\"\" src=\"https:\/\/www.q-bital.com\/wp-content\/uploads\/sites\/8\/2023\/07\/mobile-operating-theatre-3.jpg\" class=\"ct-image\"\/><\/div>\n<\/div>\n<\/div>\n<\/section>","protected":false},"excerpt":{"rendered":"","protected":false},"author":2,"featured_media":0,"parent":0,"menu_order":0,"comment_status":"closed","ping_status":"closed","template":"","meta":{"_acf_changed":false,"footnotes":""},"class_list":["post-14","page","type-page","status-publish","hentry"],"acf":[],"yoast_head":"<!-- This site is optimized with the Yoast SEO plugin v27.5 - https:\/\/yoast.com\/product\/yoast-seo-wordpress\/ -->\n<title>Homepage - Q-bital Healthcare Solutions<\/title>\n<meta name=\"robots\" content=\"index, follow, max-snippet:-1, max-image-preview:large, max-video-preview:-1\" \/>\n<link rel=\"canonical\" href=\"https:\/\/www.q-bital.com\/fi_fi\/\" \/>\n<meta property=\"og:locale\" content=\"fi_FI\" \/>\n<meta property=\"og:type\" content=\"article\" \/>\n<meta property=\"og:title\" content=\"Homepage - Q-bital Healthcare Solutions\" \/>\n<meta property=\"og:url\" content=\"https:\/\/www.q-bital.com\/fi_fi\/\" \/>\n<meta property=\"og:site_name\" content=\"Q-bital Healthcare Solutions\" \/>\n<meta property=\"article:modified_time\" content=\"2026-03-03T11:20:33+00:00\" \/>\n<meta name=\"twitter:card\" content=\"summary_large_image\" \/>\n<meta name=\"twitter:label1\" content=\"Arvioitu lukuaika\" \/>\n\t<meta name=\"twitter:data1\" content=\"1 minuutti\" \/>\n<script type=\"application\/ld+json\" class=\"yoast-schema-graph\">{\"@context\":\"https:\\\/\\\/schema.org\",\"@graph\":[{\"@type\":\"WebPage\",\"@id\":\"https:\\\/\\\/www.q-bital.com\\\/\",\"url\":\"https:\\\/\\\/www.q-bital.com\\\/\",\"name\":\"Homepage - Q-bital Healthcare Solutions\",\"isPartOf\":{\"@id\":\"https:\\\/\\\/www.q-bital.com\\\/#website\"},\"datePublished\":\"2023-05-24T11:38:34+00:00\",\"dateModified\":\"2026-03-03T11:20:33+00:00\",\"inLanguage\":\"fi\",\"potentialAction\":[{\"@type\":\"ReadAction\",\"target\":[\"https:\\\/\\\/www.q-bital.com\\\/\"]}]},{\"@type\":\"WebSite\",\"@id\":\"https:\\\/\\\/www.q-bital.com\\\/#website\",\"url\":\"https:\\\/\\\/www.q-bital.com\\\/\",\"name\":\"Q-bital Healthcare Solutions\",\"description\":\"\",\"potentialAction\":[{\"@type\":\"SearchAction\",\"target\":{\"@type\":\"EntryPoint\",\"urlTemplate\":\"https:\\\/\\\/www.q-bital.com\\\/?s={search_term_string}\"},\"query-input\":{\"@type\":\"PropertyValueSpecification\",\"valueRequired\":true,\"valueName\":\"search_term_string\"}}],\"inLanguage\":\"fi\"}]}<\/script>\n<!-- \/ Yoast SEO plugin. -->","yoast_head_json":{"title":"Etusivu - Q-bital Healthcare Solutions","robots":{"index":"index","follow":"follow","max-snippet":"max-snippet:-1","max-image-preview":"max-image-preview:large","max-video-preview":"max-video-preview:-1"},"canonical":"https:\/\/www.q-bital.com\/fi_fi\/","og_locale":"fi_FI","og_type":"article","og_title":"Homepage - Q-bital Healthcare Solutions","og_url":"https:\/\/www.q-bital.com\/fi_fi\/","og_site_name":"Q-bital Healthcare Solutions","article_modified_time":"2026-03-03T11:20:33+00:00","twitter_card":"summary_large_image","twitter_misc":{"Arvioitu lukuaika":"1 minuutti"},"schema":{"@context":"https:\/\/schema.org","@graph":[{"@type":"WebPage","@id":"https:\/\/www.q-bital.com\/","url":"https:\/\/www.q-bital.com\/","name":"Etusivu - Q-bital Healthcare Solutions","isPartOf":{"@id":"https:\/\/www.q-bital.com\/#website"},"datePublished":"2023-05-24T11:38:34+00:00","dateModified":"2026-03-03T11:20:33+00:00","inLanguage":"fi","potentialAction":[{"@type":"ReadAction","target":["https:\/\/www.q-bital.com\/"]}]},{"@type":"WebSite","@id":"https:\/\/www.q-bital.com\/#website","url":"https:\/\/www.q-bital.com\/","name":"Q-bital Healthcare Solutions","description":"","potentialAction":[{"@type":"SearchAction","target":{"@type":"EntryPoint","urlTemplate":"https:\/\/www.q-bital.com\/?s={search_term_string}"},"query-input":{"@type":"PropertyValueSpecification","valueRequired":true,"valueName":"search_term_string"}}],"inLanguage":"fi"}]}},"_links":{"self":[{"href":"https:\/\/www.q-bital.com\/fi_fi\/wp-json\/wp\/v2\/pages\/14","targetHints":{"allow":["GET"]}}],"collection":[{"href":"https:\/\/www.q-bital.com\/fi_fi\/wp-json\/wp\/v2\/pages"}],"about":[{"href":"https:\/\/www.q-bital.com\/fi_fi\/wp-json\/wp\/v2\/types\/page"}],"author":[{"embeddable":true,"href":"https:\/\/www.q-bital.com\/fi_fi\/wp-json\/wp\/v2\/users\/2"}],"replies":[{"embeddable":true,"href":"https:\/\/www.q-bital.com\/fi_fi\/wp-json\/wp\/v2\/comments?post=14"}],"version-history":[{"count":0,"href":"https:\/\/www.q-bital.com\/fi_fi\/wp-json\/wp\/v2\/pages\/14\/revisions"}],"wp:attachment":[{"href":"https:\/\/www.q-bital.com\/fi_fi\/wp-json\/wp\/v2\/media?parent=14"}],"curies":[{"name":"wp","href":"https:\/\/api.w.org\/{rel}","templated":true}]}}