{"id":209,"date":"2023-06-14T14:38:36","date_gmt":"2023-06-14T14:38:36","guid":{"rendered":"https:\/\/www.q-bital.com\/?page_id=209"},"modified":"2023-08-30T15:11:30","modified_gmt":"2023-08-30T15:11:30","slug":"environment","status":"publish","type":"page","link":"https:\/\/www.q-bital.com\/fi_fi\/environment\/","title":{"rendered":"Ymp\u00e4rist\u00f6"},"content":{"rendered":"<section id=\"section-2-59\" class=\"ct-section\" style=\"background-image:url(https:\/\/www.q-bital.com\/wp-content\/uploads\/sites\/8\/2023\/05\/boulders-right.png);background-size: auto;\" >\n<div class=\"ct-section-inner-wrap\">\n<div id=\"div_block-8-59\" class=\"ct-div-block\" ><a id=\"link_text-6-59\" class=\"ct-link-text\" href=\"\/fi_fi\/\" target=\"_self\"  >Koti<\/a><\/p>\n<h1 id=\"headline-3-59\" class=\"ct-headline\"><span id=\"span-4-59\" class=\"ct-span\" >Ymp\u00e4rist\u00f6<\/span><\/h1>\n<\/div>\n<\/div>\n<\/section>\n<section id=\"section-68-14-text-left-white\" class=\"ct-section\" >\n<div class=\"ct-section-inner-wrap\">\n<div id=\"new_columns-69-14text-left-white\" class=\"ct-new-columns\" >\n<div id=\"div_block-70-14\" class=\"ct-div-block\" >\n<h2 id=\"headline-71-14\" class=\"ct-headline\">Sitoumuksemme kest\u00e4v\u00e4\u00e4n kehitykseen ja yhteiskuntavastuuseen<\/h2>\n<div id=\"_rich_text-72-14\" class=\"oxy-rich-text\" >\n<p>Olemme sitoutuneet kehittym\u00e4\u00e4n ymp\u00e4rist\u00f6n kannalta kest\u00e4v\u00e4ksi ja sosiaalisesti vastuulliseksi organisaatioksi, joka luo maailman johtavia kliinisi\u00e4 terveydenhuoltotiloja minimaalisilla ymp\u00e4rist\u00f6vaikutuksilla.<\/p>\n<p><strong>Tavoitteemme<\/strong><\/p>\n<p>1. Liiketoimintak\u00e4yt\u00e4nt\u00f6mme kehittyv\u00e4t jatkuvasti; Ymp\u00e4rist\u00f6n tiekarttamme sitoo meid\u00e4t olemaan hiilineutraali 1 ja 2 p\u00e4\u00e4st\u00f6jen osalta vuoden 2023 loppuun menness\u00e4 ja hiilidioksidin netto nolla vuoteen 2035 menness\u00e4.<\/p>\n<p>2. Pyrimme jatkuvasti tarjoamaan tuotteita ja palveluita, jotka auttavat asiakkaitamme saavuttamaan omat ymp\u00e4rist\u00f6tavoitteensa. Terveydenhuollon tilamme ovat p\u00e4ivitt\u00e4isess\u00e4 k\u00e4yt\u00f6ss\u00e4 hiilineutraaleja vuoteen 2025 menness\u00e4.<\/p>\n<\/div>\n<\/div>\n<div id=\"div_block-74-14\" class=\"ct-div-block\" ><img decoding=\"async\"  id=\"image-75-14\" alt=\"\" src=\"https:\/\/www.q-bital.com\/wp-content\/uploads\/sites\/8\/2023\/07\/Solar-Panels.jpg\" class=\"ct-image\"\/><\/div>\n<\/div>\n<\/div>\n<\/section>\n<section id=\"section-88-34-blue\" class=\"ct-section\" >\n<div class=\"ct-section-inner-wrap\">\n<div id=\"new_columns-89-34-blue\" class=\"ct-new-columns\" >\n<div id=\"div_block-94-34\" class=\"ct-div-block\" ><img decoding=\"async\"  id=\"image-95-34\" alt=\"\" src=\"https:\/\/www.q-bital.com\/wp-content\/uploads\/sites\/8\/2023\/07\/CO2.jpg\" class=\"ct-image\"\/><\/div>\n<div id=\"div_block-90-34\" class=\"ct-div-block\" >\n<h2 id=\"headline-91-34\" class=\"ct-headline\">Meid\u00e4n sitoumukset <\/h2>\n<div id=\"_rich_text-92-34\" class=\"oxy-rich-text\" >\n<ul>\n<li>Selke\u00e4, pitk\u00e4n aikav\u00e4lin strateginen suunnitelma tieteeseen perustuvilla tavoitteilla varmistaaksemme, ett\u00e4 saavutamme pitk\u00e4n aikav\u00e4lin tavoitteemme ja toimitamme vuotuisen taktisen toimintamme<\/li>\n<li>Vuosittainen julkaisu a <a href=\"\/fi_fi\/carbon-reduction-plan\/\">hiilidioksidip\u00e4\u00e4st\u00f6jen v\u00e4hent\u00e4missuunnitelma<\/a><\/li>\n<li>Vuosittainen hiilijalanj\u00e4lkemme mittaus<\/li>\n<li>Toimita nettonolla rakennusten modulaarinen portfolio vuoteen 2024 menness\u00e4 &nbsp;<\/li>\n<li>Varmistamme kest\u00e4v\u00e4n toimitusketjun k\u00e4ytt\u00e4m\u00e4ll\u00e4 materiaaleja ja malleja, jotka voivat pident\u00e4\u00e4 rakennustemme k\u00e4ytt\u00f6ik\u00e4\u00e4<\/li>\n<li>Uudelleenk\u00e4yt\u00f6n\/uudelleenk\u00e4yt\u00f6n tai kierr\u00e4tyksen maksimointi tulevia projekteja varten<\/li>\n<li>Lis\u00e4\u00e4mme uusiutuvien energial\u00e4hteiden k\u00e4ytt\u00f6\u00e4 tiloissamme, kunnes olemme kokonaan uusiutuvilla vuonna 2025<\/li>\n<li>Siirtyminen s\u00e4hk\u00f6k\u00e4ytt\u00f6iseen kalustoon vuoteen 2025 menness\u00e4, fossiilisia polttoaineita k\u00e4ytt\u00e4vien ajoneuvojen asteittainen lopettaminen<\/li>\n<li>Toimitusketjun p\u00e4\u00e4st\u00f6jen v\u00e4hent\u00e4minen 80%:lla<\/li>\n<li>Meneill\u00e4\u00e4n olevat investoinnit hiilenpoistoprojekteihin, jotka sitovat hiilt\u00e4 ilmakeh\u00e4st\u00e4 ja poistavat 500 tonnia hiilidioksidia vuodessa<\/li>\n<li>Varmistamme, ett\u00e4 toimitusketjullamme on k\u00e4yt\u00e4nt\u00f6j\u00e4, joilla v\u00e4hennet\u00e4\u00e4n niiden ymp\u00e4rist\u00f6vaikutuksia, mukaan lukien materiaalien valinta&nbsp;<\/li>\n<li>J\u00e4tett\u00e4 ei toimitettu kaatopaikalle<\/li>\n<\/ul>\n<p>Katso matkamme kohteeseen&nbsp;<a href=\"\/wp-content\/uploads\/sites\/8\/2023\/07\/Vanguard-Carbon-Net-Zero-Graphics-July-2023-1.pdf\" target=\"_blank\" rel=\"noopener\">Carbon Net Zero tiekartta<\/a><\/p>\n<\/div>\n<\/div>\n<\/div>\n<\/div>\n<\/section>\n<section id=\"section-68-14-text-left-white\" class=\"ct-section\" >\n<div class=\"ct-section-inner-wrap\">\n<div id=\"new_columns-69-14text-left-white\" class=\"ct-new-columns\" >\n<div id=\"div_block-70-14\" class=\"ct-div-block\" >\n<h2 id=\"headline-71-14\" class=\"ct-headline\">Kuinka toimitamme tuotteita ja palveluita, jotka auttavat asiakkaitamme saavuttamaan ymp\u00e4rist\u00f6tavoitteensa:<\/h2>\n<div id=\"_rich_text-72-14\" class=\"oxy-rich-text\" >\n<ul>\n<li>Terveydenhuollon tilat valmistetaan omissa tehdasohjatuissa ymp\u00e4rist\u00f6iss\u00e4mme<\/li>\n<li>80% tehtaan valmiusaste minimoi paikan p\u00e4\u00e4ll\u00e4 tapahtuvan toiminnan<\/li>\n<li>Hiilineutraalien moduulirakennusten k\u00e4ytt\u00f6\u00f6notto palveluvalikoimaamme&nbsp;<\/li>\n<li>Kaikki rakennukset saavuttavat BREEAM &quot;Excellent&quot; -tason vakiona<\/li>\n<li>Energiatehokkaiden rakennusten toimitus, jotka eiv\u00e4t vaaranna turvallisuutta, k\u00e4yt\u00e4nn\u00f6n tai toiminnallisia vaatimuksia&nbsp;<\/li>\n<li>Nykyaikaisten tekniikoiden k\u00e4ytt\u00f6 uusiutuvien energial\u00e4hteiden talteenottamiseen ja hy\u00f6dynt\u00e4miseen toimintaymp\u00e4rist\u00f6jen ohjaamiseen<\/li>\n<li>Ter\u00e4srunkoiset, betoniset aluslattian alusrakennemoduulit valmistettu hiilineutraalissa tehtaassa<\/li>\n<\/ul>\n<\/div>\n<\/div>\n<div id=\"div_block-74-14\" class=\"ct-div-block\" ><img decoding=\"async\"  id=\"image-75-14\" alt=\"\" src=\"https:\/\/www.q-bital.com\/wp-content\/uploads\/sites\/8\/2023\/07\/Roof.jpg\" class=\"ct-image\"\/><\/div>\n<\/div>\n<\/div>\n<\/section>\n<section id=\"section-88-34-blue\" class=\"ct-section\" >\n<div class=\"ct-section-inner-wrap\">\n<div id=\"new_columns-89-34-blue\" class=\"ct-new-columns\" >\n<div id=\"div_block-94-34\" class=\"ct-div-block\" ><img decoding=\"async\"  id=\"image-95-34\" alt=\"\" src=\"https:\/\/www.q-bital.com\/wp-content\/uploads\/sites\/8\/2023\/07\/Crane.jpg\" class=\"ct-image\"\/><\/div>\n<div id=\"div_block-90-34\" class=\"ct-div-block\" >\n<h2 id=\"headline-91-34\" class=\"ct-headline\">Kiertotalous<\/h2>\n<div id=\"_rich_text-92-34\" class=\"oxy-rich-text\" >\n<p>Mukautuvan ja kest\u00e4v\u00e4n suunnittelunsa ansiosta modulaariset ja mobiilit terveydenhuollon tilat ovat t\u00e4rke\u00e4ss\u00e4 roolissa kiertotalouden edist\u00e4misess\u00e4 ja tarjoavat samalla ymp\u00e4rist\u00f6llisi\u00e4 ja kest\u00e4vi\u00e4 etuja. Modulaaristen komponenttien k\u00e4ytt\u00f6 mahdollistaa helpon purkamisen, siirt\u00e4misen ja uudelleenkonfiguroinnin, mik\u00e4 mahdollistaa terveydenhuoltopalvelujen tehokkaan toimituksen tarvittaessa.&nbsp;<\/p>\n<p>T\u00e4m\u00e4 joustavuus ei ainoastaan v\u00e4henn\u00e4 rakennus- ja k\u00e4ytt\u00f6kustannuksia, vaan my\u00f6s pienent\u00e4\u00e4 perinteisiin kiinteisiin terveydenhuoltorakenteisiin liittyv\u00e4\u00e4 ymp\u00e4rist\u00f6jalanj\u00e4lke\u00e4. Lis\u00e4ksi modulaariset tilat edist\u00e4v\u00e4t materiaalien uudelleenk\u00e4ytt\u00f6\u00e4 ja kierr\u00e4tyst\u00e4 ja edist\u00e4v\u00e4t kiertotaloutta pident\u00e4m\u00e4ll\u00e4 niiden k\u00e4ytt\u00f6ik\u00e4\u00e4 ja v\u00e4hent\u00e4m\u00e4ll\u00e4 uusien resurssien kysynt\u00e4\u00e4.&nbsp;<\/p>\n<\/div>\n<\/div>\n<\/div>\n<\/div>\n<\/section>\n<section id=\"section-332-315\" class=\"ct-section\" >\n<div class=\"ct-section-inner-wrap\">\n<div id=\"new_columns-333-315\" class=\"ct-new-columns\" >\n<div id=\"div_block-334-315\" class=\"ct-div-block\" >\n<div id=\"div_block-345-315\" class=\"ct-div-block box-shadow\" >\n<div id=\"_rich_text-346-315\" class=\"oxy-rich-text\" >\n<h3>Meid\u00e4n toimitusketjumme<\/h3>\n<p>\u2022 Ter\u00e4srunkoiset betonilattian alusrakennemoduulimme valmistetaan hiilineutraalissa tehtaassa<\/p>\n<p>\u2022 Sein\u00e4j\u00e4rjestelm\u00e4mme on m\u00e4\u00e4ritelty ja suunniteltu rakennuksillemme, mik\u00e4 v\u00e4hent\u00e4\u00e4 hukkaa ja vikojen uudelleenk\u00e4sittely\u00e4<\/p>\n<p>\u2022 Ty\u00f6skentelemme toimitusketjujemme kanssa v\u00e4hent\u00e4\u00e4ksemme niiden ymp\u00e4rist\u00f6vaikutuksia valittujen materiaalien ja omien k\u00e4yt\u00e4nt\u00f6jen avulla<\/p>\n<\/div>\n<\/div>\n<\/div>\n<div id=\"div_block-335-315\" class=\"ct-div-block\" >\n<div id=\"div_block-342-315\" class=\"ct-div-block box-shadow\" >\n<div id=\"_rich_text-337-315\" class=\"oxy-rich-text\" >\n<h3>Tehdasohjattu ymp\u00e4rist\u00f6<\/h3>\n<p>\u2022 Uudelleenty\u00f6skentely- ja vikajaksot minimoidaan<\/p>\n<p>\u2022 Materiaalih\u00e4vikin v\u00e4hent\u00e4minen tuotannonohjauksella<\/p>\n<p>\u2022 J\u00e4tteiden lajittelun ja kierr\u00e4tyksen nostaminen<\/p>\n<\/div>\n<\/div>\n<\/div>\n<\/div>\n<div id=\"new_columns-350-315\" class=\"ct-new-columns\" >\n<div id=\"div_block-351-315\" class=\"ct-div-block\" >\n<div id=\"div_block-354-315\" class=\"ct-div-block box-shadow\" >\n<div id=\"_rich_text-355-315\" class=\"oxy-rich-text\" >\n<h3>Energiatehokkaat mallit<\/h3>\n<p>\u2022 K\u00e4yt\u00e4 luonnonvaloa ja ilmanvaihtoa mahdollisuuksien mukaan<\/p>\n<p>\u2022 Korkeat eristysarvot modulaarisissa sein\u00e4-, katto- ja lasitusj\u00e4rjestelmiss\u00e4mme<\/p>\n<p>\u2022 Energian talteenotto mahdollisuuksien mukaan<\/p>\n<p>\u2022 Vihre\u00e4 muuri<\/p>\n<\/div>\n<\/div>\n<\/div>\n<div id=\"div_block-356-315\" class=\"ct-div-block\" >\n<div id=\"div_block-359-315\" class=\"ct-div-block box-shadow\" >\n<div id=\"_rich_text-360-315\" class=\"oxy-rich-text\" >\n<h3>Nykyaikaisten kest\u00e4vien teknologioiden k\u00e4ytt\u00f6<\/h3>\n<p>\u2022 Maa-\/ilmal\u00e4mmitysvaihtoehdot<\/p>\n<p>\u2022 PV-paneelit<\/p>\n<p>\u2022 Integroitu CO2-valvonta<\/p>\n<p>\u2022 Sadeveden talteenotto<\/p>\n<\/div>\n<\/div>\n<\/div>\n<\/div>\n<\/div>\n<\/section>\n<section id=\"section-68-14-text-left-white\" class=\"ct-section\" >\n<div class=\"ct-section-inner-wrap\">\n<div id=\"new_columns-69-14text-left-white\" class=\"ct-new-columns\" >\n<div id=\"div_block-70-14\" class=\"ct-div-block\" >\n<h2 id=\"headline-71-14\" class=\"ct-headline\">Sosiaalinen vastuu<\/h2>\n<div id=\"_rich_text-72-14\" class=\"oxy-rich-text\" >\n<p>K\u00e4yt\u00e4mme yritystoimintaamme hy\u00f6dytt\u00e4\u00e4ksemme ymp\u00e4rist\u00f6\u00e4, yhteis\u00f6j\u00e4 ja tarjotaksemme turvallisia, laadukkaita terveydenhuoltotiloja.&nbsp;<\/p>\n<p>Painopisteemme on:<\/p>\n<ul>\n<li>ISO14001- ja 45001-standardien saavuttaminen<\/li>\n<li>Yhteisty\u00f6 villiel\u00e4inten suojelurahastojen kanssa parantaa Yhdistyneen kuningaskunnan jokien ja kanavien laatua&nbsp;<\/li>\n<li>Tarjoaa ty\u00f6ntekij\u00f6ille palkallista vapaaehtoisty\u00f6t\u00e4 Ark Business Conservation -tiimin kanssa<\/li>\n<li>Terveydenhuollon ja terveydenhuoltotekniikan parissa ty\u00f6skentelevien nuorten el\u00e4m\u00e4nmahdollisuuksien parantaminen. Kohdennettu oppisopimuskoulutus ja mentorointi muodostavat 10% ty\u00f6voimastamme<\/li>\n<li>Koulutamme 10% ty\u00f6voimamme mielenterveyden ensiavun antajiksi<\/li>\n<li>Ensimm\u00e4isten kansakuntien tukeminen Australiassa palkallisten vapaaehtoisty\u00f6mahdollisuuksien kautta<\/li>\n<li>Ty\u00f6ymp\u00e4rist\u00f6jen parantaminen<\/li>\n<li>Terveydenhuoltoorganisaatioiden ja yksityisen terveydenhuoltosektorin tukeminen potilaiden auttamiseksi palaamaan ty\u00f6h\u00f6n tai hoitovelvollisuuksiinsa<\/li>\n<li>Luomme jaetun vastuun ja vastuullisuuden tunteen koko liiketoiminnassamme koulutuksen ja kehityksen, viestint\u00e4reittien ja j\u00e4rjestelmien avulla<\/li>\n<li>B-yhti\u00f6n akkreditoinnin varmistaminen vuoteen 2025 menness\u00e4, mik\u00e4 kuvastaa sitoutumistamme sosiaalisen ja ymp\u00e4rist\u00f6llisen suorituskyvyn, avoimuuden ja vastuullisuuden korkeiden standardien t\u00e4ytt\u00e4miseen.&nbsp;<\/li>\n<\/ul>\n<p>Katso meid\u00e4n <a href=\"\/wp-content\/uploads\/sites\/8\/2023\/07\/Vanguard-Corp-Responsibilty-Graphics-July-2023-1.pdf\" target=\"_blank\" rel=\"noopener\">yritysten sosiaalisen vastuun matkan tiekartta<\/a><\/p>\n<\/div>\n<\/div>\n<div id=\"div_block-74-14\" class=\"ct-div-block\" ><img decoding=\"async\"  id=\"image-75-14\" alt=\"\" src=\"https:\/\/www.q-bital.com\/wp-content\/uploads\/sites\/8\/2023\/07\/Social-Responsibility.jpg\" class=\"ct-image\"\/><\/div>\n<\/div>\n<\/div>\n<\/section>\n<section id=\"section-88-34-blue\" class=\"ct-section\" >\n<div class=\"ct-section-inner-wrap\">\n<div id=\"new_columns-89-34-blue\" class=\"ct-new-columns\" >\n<div id=\"div_block-94-34\" class=\"ct-div-block\" ><img decoding=\"async\"  id=\"image-95-34\" alt=\"\" src=\"https:\/\/www.q-bital.com\/wp-content\/uploads\/sites\/8\/2023\/05\/Staffed-operating-theatre1.jpg\" class=\"ct-image\"\/><\/div>\n<div id=\"div_block-90-34\" class=\"ct-div-block\" >\n<h2 id=\"headline-91-34\" class=\"ct-headline\">Urakoitsijamme ja toimitusketjun hallinta<\/h2>\n<div id=\"_rich_text-92-34\" class=\"oxy-rich-text\" >\n<p>Varmistamme, ett\u00e4 urakoitsijamme t\u00e4ytt\u00e4v\u00e4t korkeimmat ty\u00f6terveys- ja turvallisuusstandardit sek\u00e4 asiaankuuluvat laki- ja s\u00e4\u00e4nn\u00f6llisyysvaatimukset, kuten tasa-arvolaki, ja <a href=\"..\/modern-slavery-and-human-trafficking-statement\/\">Nykyaikainen orjuus- ja ihmiskauppalaki<\/a>.&nbsp;<\/p>\n<p>Olemme sitoutuneet oikeudenmukaisiin maksuk\u00e4yt\u00e4nt\u00f6ihin entisen kauppahallituksen ohjeistuksen ja Rakennus 2025:n periaatteiden mukaisesti:&nbsp;<\/p>\n<ul>\n<li>Maksumenettelyjen avoimuus&nbsp;<\/li>\n<li>Maksujen vahvistus virstanpylv\u00e4it\u00e4 vastaan&nbsp;<\/li>\n<li>Kaikki m\u00e4\u00e4r\u00e4t, jotka on s\u00e4ilytetty ajanjaksolla ja syyst\u00e4.&nbsp;<\/li>\n<\/ul>\n<p>Olemme huomioivien urakoitsijoiden j\u00e4rjestelm\u00e4n akkreditoitu j\u00e4sen ja toimimme arvostettujen kumppaneiden toimitusketjun kautta.&nbsp;<\/p>\n<\/div>\n<\/div>\n<\/div>\n<\/div>\n<\/section>\n<section id=\"section-68-14-text-left-white\" class=\"ct-section\" >\n<div class=\"ct-section-inner-wrap\">\n<div id=\"new_columns-69-14text-left-white\" class=\"ct-new-columns\" >\n<div id=\"div_block-70-14\" class=\"ct-div-block\" >\n<h2 id=\"headline-71-14\" class=\"ct-headline\">Hallinto<\/h2>\n<div id=\"_rich_text-72-14\" class=\"oxy-rich-text\" >\n<p>Tiukat hallintopolitiikkamme tukevat turvallisuutta ja vaatimustenmukaisuutta. Potilaiden, asiakkaidemme ja henkil\u00f6kuntamme turvallisuus on kaiken toimintamme keski\u00f6ss\u00e4. Hallintoj\u00e4rjestelm\u00e4mme on suunniteltu kest\u00e4v\u00e4ksi ja jatkuvaksi parantamiseksi.<\/p>\n<p>Aktiivinen integroitu hallintopolitiikkamme on suunniteltu tukemaan turvallisen ja vaatimustenmukaisen palvelun toimittamista. Tarkastamme t\u00e4m\u00e4n politiikan ja seuraamme sen tuloksia organisaatiomme kaikilla tasoilla. Niiss\u00e4 harvoissa tapauksissa, joissa asiat eiv\u00e4t menneet suunnitelmien mukaan, laitamme ne kuntoon ja hy\u00f6dynn\u00e4mme oppimia tulevaisuuden palveluidemme kehitt\u00e4misess\u00e4.<\/p>\n<p>K\u00e4yt\u00f6ss\u00e4 on tiukka laatuprosessi kliinisten ongelmien tunnistamiseksi ja k\u00e4sittelemiseksi sek\u00e4 kaikkien riskien k\u00e4sittelemiseksi. T\u00e4m\u00e4 sis\u00e4lt\u00e4\u00e4 sek\u00e4 sis\u00e4iset ett\u00e4 ulkoiset auditointiprosessit tarjottujen palvelujen seuraamiseksi ja tarkistamiseksi.<\/p>\n<\/div>\n<\/div>\n<div id=\"div_block-74-14\" class=\"ct-div-block\" ><img decoding=\"async\"  id=\"image-75-14\" alt=\"\" src=\"https:\/\/www.q-bital.com\/wp-content\/uploads\/sites\/8\/2023\/07\/Governance.jpg\" class=\"ct-image\"\/><\/div>\n<\/div>\n<\/div>\n<\/section>","protected":false},"excerpt":{"rendered":"","protected":false},"author":2,"featured_media":0,"parent":0,"menu_order":0,"comment_status":"closed","ping_status":"closed","template":"","meta":{"_acf_changed":false,"footnotes":""},"class_list":["post-209","page","type-page","status-publish","hentry"],"acf":[],"yoast_head":"<!-- This site is optimized with the Yoast SEO plugin v27.3 - https:\/\/yoast.com\/product\/yoast-seo-wordpress\/ -->\n<title>Environment - Q-bital Healthcare Solutions<\/title>\n<meta name=\"robots\" content=\"index, follow, max-snippet:-1, max-image-preview:large, max-video-preview:-1\" \/>\n<link rel=\"canonical\" href=\"https:\/\/www.q-bital.com\/fi_fi\/environment\/\" \/>\n<meta property=\"og:locale\" content=\"fi_FI\" \/>\n<meta property=\"og:type\" content=\"article\" \/>\n<meta property=\"og:title\" content=\"Environment - Q-bital Healthcare Solutions\" \/>\n<meta property=\"og:url\" content=\"https:\/\/www.q-bital.com\/fi_fi\/environment\/\" \/>\n<meta property=\"og:site_name\" content=\"Q-bital Healthcare Solutions\" \/>\n<meta property=\"article:modified_time\" content=\"2023-08-30T15:11:30+00:00\" \/>\n<meta name=\"twitter:card\" content=\"summary_large_image\" \/>\n<script type=\"application\/ld+json\" class=\"yoast-schema-graph\">{\"@context\":\"https:\\\/\\\/schema.org\",\"@graph\":[{\"@type\":\"WebPage\",\"@id\":\"https:\\\/\\\/www.q-bital.com\\\/environment\\\/\",\"url\":\"https:\\\/\\\/www.q-bital.com\\\/environment\\\/\",\"name\":\"Environment - Q-bital Healthcare Solutions\",\"isPartOf\":{\"@id\":\"https:\\\/\\\/www.q-bital.com\\\/#website\"},\"datePublished\":\"2023-06-14T14:38:36+00:00\",\"dateModified\":\"2023-08-30T15:11:30+00:00\",\"inLanguage\":\"fi\",\"potentialAction\":[{\"@type\":\"ReadAction\",\"target\":[\"https:\\\/\\\/www.q-bital.com\\\/environment\\\/\"]}]},{\"@type\":\"WebSite\",\"@id\":\"https:\\\/\\\/www.q-bital.com\\\/#website\",\"url\":\"https:\\\/\\\/www.q-bital.com\\\/\",\"name\":\"Q-bital Healthcare Solutions\",\"description\":\"\",\"potentialAction\":[{\"@type\":\"SearchAction\",\"target\":{\"@type\":\"EntryPoint\",\"urlTemplate\":\"https:\\\/\\\/www.q-bital.com\\\/?s={search_term_string}\"},\"query-input\":{\"@type\":\"PropertyValueSpecification\",\"valueRequired\":true,\"valueName\":\"search_term_string\"}}],\"inLanguage\":\"fi\"}]}<\/script>\n<!-- \/ Yoast SEO plugin. -->","yoast_head_json":{"title":"Ymp\u00e4rist\u00f6 - Q-bital Healthcare Solutions","robots":{"index":"index","follow":"follow","max-snippet":"max-snippet:-1","max-image-preview":"max-image-preview:large","max-video-preview":"max-video-preview:-1"},"canonical":"https:\/\/www.q-bital.com\/fi_fi\/environment\/","og_locale":"fi_FI","og_type":"article","og_title":"Environment - Q-bital Healthcare Solutions","og_url":"https:\/\/www.q-bital.com\/fi_fi\/environment\/","og_site_name":"Q-bital Healthcare Solutions","article_modified_time":"2023-08-30T15:11:30+00:00","twitter_card":"summary_large_image","schema":{"@context":"https:\/\/schema.org","@graph":[{"@type":"WebPage","@id":"https:\/\/www.q-bital.com\/environment\/","url":"https:\/\/www.q-bital.com\/environment\/","name":"Ymp\u00e4rist\u00f6 - Q-bital Healthcare Solutions","isPartOf":{"@id":"https:\/\/www.q-bital.com\/#website"},"datePublished":"2023-06-14T14:38:36+00:00","dateModified":"2023-08-30T15:11:30+00:00","inLanguage":"fi","potentialAction":[{"@type":"ReadAction","target":["https:\/\/www.q-bital.com\/environment\/"]}]},{"@type":"WebSite","@id":"https:\/\/www.q-bital.com\/#website","url":"https:\/\/www.q-bital.com\/","name":"Q-bital Healthcare Solutions","description":"","potentialAction":[{"@type":"SearchAction","target":{"@type":"EntryPoint","urlTemplate":"https:\/\/www.q-bital.com\/?s={search_term_string}"},"query-input":{"@type":"PropertyValueSpecification","valueRequired":true,"valueName":"search_term_string"}}],"inLanguage":"fi"}]}},"_links":{"self":[{"href":"https:\/\/www.q-bital.com\/fi_fi\/wp-json\/wp\/v2\/pages\/209","targetHints":{"allow":["GET"]}}],"collection":[{"href":"https:\/\/www.q-bital.com\/fi_fi\/wp-json\/wp\/v2\/pages"}],"about":[{"href":"https:\/\/www.q-bital.com\/fi_fi\/wp-json\/wp\/v2\/types\/page"}],"author":[{"embeddable":true,"href":"https:\/\/www.q-bital.com\/fi_fi\/wp-json\/wp\/v2\/users\/2"}],"replies":[{"embeddable":true,"href":"https:\/\/www.q-bital.com\/fi_fi\/wp-json\/wp\/v2\/comments?post=209"}],"version-history":[{"count":0,"href":"https:\/\/www.q-bital.com\/fi_fi\/wp-json\/wp\/v2\/pages\/209\/revisions"}],"wp:attachment":[{"href":"https:\/\/www.q-bital.com\/fi_fi\/wp-json\/wp\/v2\/media?parent=209"}],"curies":[{"name":"wp","href":"https:\/\/api.w.org\/{rel}","templated":true}]}}