{"id":366,"date":"2023-06-28T13:13:23","date_gmt":"2023-06-28T13:13:23","guid":{"rendered":"https:\/\/www.q-bital.com\/?page_id=366"},"modified":"2025-06-18T10:30:44","modified_gmt":"2025-06-18T10:30:44","slug":"modern-slavery-and-human-trafficking-statement","status":"publish","type":"page","link":"https:\/\/www.q-bital.com\/fi_fi\/modern-slavery-and-human-trafficking-statement\/","title":{"rendered":"Moderni orjuus ja ihmiskauppa lausunto"},"content":{"rendered":"<h3 class=\"wp-block-heading\">K\u00e4yt\u00e4nt\u00f6<\/h3>\n<p>Nykyaikainen orjuus on rikos ja loukkaa perusihmisoikeuksia. Se esiintyy eri muodoissa, kuten orjuus, orjuus, pakko- ja pakollinen ty\u00f6 ja ihmiskauppa, joille kaikille on yhteist\u00e4 se, ett\u00e4 toinen henkil\u00f6 riist\u00e4\u00e4 vapauden k\u00e4ytt\u00e4\u00e4kseen h\u00e4nt\u00e4 henkil\u00f6kohtaiseen tai kaupalliseen hy\u00f6tyyn. Konsernilla on nollatoleranssi l\u00e4hestymistapa nykyaikaiseen orjuuteen. Toimimme eettisesti ja rehellisesti kaikissa liiketoimissamme ja suhteissamme, otamme k\u00e4ytt\u00f6\u00f6n ja valvomme tehokkaita j\u00e4rjestelmi\u00e4 ja valvontaa varmistaaksemme, ett\u00e4 nykyaikaista orjuutta ei tapahdu miss\u00e4\u00e4n konsernissamme tai toimitusketjuissamme. Ymm\u00e4rr\u00e4mme, ett\u00e4 orjuutta ja ihmiskauppaa k\u00e4ytet\u00e4\u00e4n usein kollektiivisesti.<\/p>\n<p>Olemme sitoutuneet varmistamaan l\u00e4pin\u00e4kyvyyden konsernissamme, liiketoiminnassamme ja nykyaikaisen orjuuden torjunnassa kaikissa toimitusketjuissamme. T\u00e4m\u00e4 on yhdenmukainen Modern Slavery Act 2015 -lain mukaisten tiedonantovelvoitteidemme kanssa.<\/p>\n<h4 class=\"wp-block-heading\">Toimitusketjumme ja ihmiset<\/h4>\n<p>Odotamme samoja korkeita eettisi\u00e4 standardeja kaikilta urakoitsijoiltamme, tavarantoimittajiltamme ja muilta yhteisty\u00f6kumppaneiltamme. Osana sopimusprosessiamme n\u00e4m\u00e4 standardit ja vaatimukset ovat osa sopimustamme alihankkijoidemme kanssa.<\/p>\n<p>T\u00e4m\u00e4 lausunto koskee kaikkia henkil\u00f6it\u00e4, jotka ty\u00f6skentelev\u00e4t meille toimitusketjussamme, puolestamme kaikissa teht\u00e4viss\u00e4mme. T\u00e4m\u00e4 koskee ty\u00f6ntekij\u00f6it\u00e4 kaikilla tasoilla, johtajia, virkailijoita, vuokraty\u00f6ntekij\u00f6it\u00e4, tilap\u00e4isi\u00e4 ty\u00f6ntekij\u00f6it\u00e4, vapaaehtoisia, agentteja, urakoitsijoita, ulkopuolisia konsultteja, kolmansien osapuolien edustajia. ja liikekumppaneita.<\/p>\n<p>Teemme tiivist\u00e4 yhteisty\u00f6t\u00e4 toimittajiemme kanssa, mink\u00e4 ansiosta voimme tunnistaa mahdolliset vaatimustenvastaisuusriskit.<\/p>\n<h4 class=\"wp-block-heading\">Hallinto<\/h4>\n<p>Kehit\u00e4mme jatkuvasti hallintotapaamme ja sis\u00e4ist\u00e4 valvontaamme tunnistaaksemme pakkoty\u00f6voiman, pakollisen ty\u00f6voiman tai ihmiskaupan uhrien k\u00e4ytt\u00f6\u00f6n tai orjuudessa tai orjuudessa pidettyihin henkil\u00f6ihin, olivatpa he sitten aikuisia tai lapsia, liittyvi\u00e4 huolenaiheita tai riskej\u00e4. Olemme ottaneet k\u00e4ytt\u00f6\u00f6n valvontaa, jotta toimitusketju noudattaa samoja korkeita standardeja. Olemme tietoisia riskeist\u00e4 ja meill\u00e4 on valvontaa niiden hallitsemiseksi, ja varmuus varmistetaan hallintorakenteemme avulla.<\/p>\n<h3 class=\"wp-block-heading\">lausunto<\/h3>\n<ol class=\"wp-block-list\">\n<li><strong>Johdanto<\/strong><br \/>T\u00e4m\u00e4 lausunto on annettu vuoden 2015 nykyaikaista orjuutta koskevan lain pyk\u00e4l\u00e4n 54(6) nojalla, ja siin\u00e4 esitet\u00e4\u00e4n toimenpiteemme ymm\u00e4rt\u00e4\u00e4ksemme kaikki liiketoimintaamme liittyv\u00e4t mahdolliset nykyaikaisen orjuuden riskit ja ottaaksemme k\u00e4ytt\u00f6\u00f6n valvontatoimenpiteit\u00e4, joilla pyrit\u00e4\u00e4n varmistamaan, ettei omissa yrityksiss\u00e4mme ja toimitusketjuissamme esiinny orjuutta tai ihmiskauppaa. T\u00e4m\u00e4 lausunto liittyy 31. joulukuuta 2024 p\u00e4\u00e4ttyneen tilikauden aikana toteutettuihin toimiin.<\/li>\n<\/ol>\n<p>2. <strong>Yritys<\/strong><br \/>T\u00e4m\u00e4 selvitys kattaa seuraavien Yhdistyneen kuningaskunnan yksik\u00f6iden toiminnan ###Vanguard###-konsernissa (\u201cKonserni\u201d):<\/p>\n<ul class=\"wp-block-list\">\n<li>###Vanguard#### Healthcare Solutions Limited<\/li>\n<li>Armada Topco Limited <\/li>\n<li>Armada Midco Limited<\/li>\n<li>Armada Bidco Limited <\/li>\n<li>Projekti Darwin Bidco Limited<\/li>\n<li>###Vanguard#### Terveydenhuollon ratkaisut (modulaarinen) Limited<\/li>\n<\/ul>\n<p>Konserni on tarjonnut joustavaa kliinist\u00e4 infrastruktuuria, mukaan lukien laitteita, henkil\u00f6st\u00f6\u00e4 ja oheispalveluita, sek\u00e4 julkiselle ett\u00e4 yksityiselle terveydenhuoltosektorille Isossa-Britanniassa ja ulkomailla, yli 25 vuoden ajan. Konsernilla on toimipisteit\u00e4 Isossa-Britanniassa ja Australiassa. Vuonna 2024 meill\u00e4 oli keskim\u00e4\u00e4rin 153 ty\u00f6ntekij\u00e4\u00e4, mutta organisaationa olemme riippuvaisia vuokraty\u00f6ntekij\u00f6ist\u00e4 ja urakoitsijoista.<\/p>\n<p>3. <strong>Toimitusketju ja ihmiset<\/strong><br \/>Toimitusketju, joka liittyy joustavan kliinisen rakenteen hallintaan ja suunnitteluun, valmistukseen ja asennukseen sek\u00e4 sit\u00e4 seuraavaan henkil\u00f6st\u00f6n ja laitteiden hankintaan, on monimutkainen. Siihen osallistuu useita tasoja ja erikokoisia organisaatioita. Kaikki toimittajamme sijaitsevat joko Isossa-Britanniassa, Euroopassa tai Australiassa. K\u00e4yt\u00e4mme suoria toimittajiamme hallitsemaan modernin orjuuden ja ihmiskaupan riskej\u00e4 koko toimitusketjussa. Olemme ilmoittaneet odotuksemme ja vaatimuksemme standardeista tullaksemme yhdeksi hyv\u00e4ksytyist\u00e4 toimittajistamme konsernillemme, ja t\u00e4m\u00e4 on levitetty toimitusketjun l\u00e4pi.<\/p>\n<p>Noudatamme ty\u00f6llisyyspolitiikkaa ja -menettelyj\u00e4, jotka on suunniteltu kohtelemaan kaikkia liiketoiminnassamme ty\u00f6skentelevi\u00e4 henkil\u00f6it\u00e4 arvokkaasti ja kunnioittavasti. Palkitsemme heid\u00e4t reilusti heid\u00e4n ty\u00f6st\u00e4\u00e4n emmek\u00e4 k\u00e4yt\u00e4 heit\u00e4 hyv\u00e4kseen. T\u00e4m\u00e4 koskee ty\u00f6suhteita vuokraty\u00f6ntekij\u00f6iden ja urakoitsijoiden kanssa. Vuosittain tarkastetaan, ett\u00e4 palkkataso on riitt\u00e4v\u00e4n korkeampi kuin kansanel\u00e4ke. Suoritamme asianmukaiset ennen ty\u00f6llistymist\u00e4 koskevat tarkastukset kaikille ty\u00f6ntekij\u00f6illemme. Edellyt\u00e4mme kaikkien ty\u00f6voimatoimistojen tekev\u00e4n samoin, ja People-tiimimme pyyt\u00e4\u00e4 varmuutta siit\u00e4, ett\u00e4 t\u00e4m\u00e4 on tehty. Noudatamme ammatillisia k\u00e4yt\u00e4nnes\u00e4\u00e4nt\u00f6j\u00e4 kaikille p\u00e4teville ty\u00f6ntekij\u00f6illemme ja ty\u00f6ntekij\u00f6illemme.<\/p>\n<p>Kehittyess\u00e4mme haluamme varmistaa, ett\u00e4 yll\u00e4pid\u00e4mme oikeaa kulttuuria koko konsernissa. Ty\u00f6ntekij\u00f6it\u00e4 ja ty\u00f6ntekij\u00f6it\u00e4 rohkaistaan ilmoittamaan kaikista huolenaiheistamme Puhumisvapaus: Huolien esittely (whistleblowing) -k\u00e4yt\u00e4nt\u00f6mme mukaisesti. Olemme j\u00e4rjest\u00e4neet inhimilliset tekij\u00e4t -koulutusta koko konsernissa. Jatkamme rakentamistamme <em>Vain kulttuuria<\/em>varmistaen turvallisen ymp\u00e4rist\u00f6n, jossa yksil\u00f6t luottavat siihen, ett\u00e4 he voivat ja heid\u00e4n pit\u00e4isi ilmoittaa huolenaiheistaan ilman syyttely\u00e4. Konsernillamme on ty\u00f6terveys-, ty\u00f6turvallisuus- ja ymp\u00e4rist\u00f6p\u00e4\u00e4llikk\u00f6, joka vastaa oikean ty\u00f6kulttuurin yll\u00e4pit\u00e4misest\u00e4. Hallintorakenteemme tarkoittaa, ett\u00e4 opitut kokemukset tai virheet raportoidaan organisaatiotasolla ja niit\u00e4 seurataan, mik\u00e4 on tietoinen jatkuvasta parantamisestamme ja ISO9001-standardista.<\/p>\n<p>Meill\u00e4 on toimitusketjullemme esikarsintaprosessi, jossa arvioidaan toimitusketjujamme ja mahdollisia orjuuden, lapsity\u00f6voiman k\u00e4yt\u00f6n ja ihmiskaupan riskej\u00e4. Koska useimmat toimittajamme sijaitsevat Isossa-Britanniassa ja Australiassa ja monet toimivat erikoistuneilla eik\u00e4 v\u00e4h\u00e4n ammattitaitoa vaativilla aloilla, toimitusketjujemme kokonaisarvio on ollut v\u00e4h\u00e4inen lain noudattamatta j\u00e4tt\u00e4misen riski. Toimitusketjuumme kohdistuvia riskej\u00e4 kuitenkin seurataan ja p\u00e4ivit\u00e4mme esikarsintaprosessiamme tarvittaessa.<\/p>\n<p>Ty\u00f6skentelemme vain toimitusketjussamme olevien organisaatioiden kanssa, joilla on konsernin mukaisia sitoumuksia ja jotka voivat taata, etteiv\u00e4t ne ole osallisena nykyaikaisessa orjuudessa tai ihmiskaupassa. Vaikka n\u00e4iden organisaatioiden velvollisuutena on noudattaa omia k\u00e4yt\u00e4nt\u00f6j\u00e4\u00e4n ja menettelyj\u00e4\u00e4n t\u00e4m\u00e4n tavoitteen saavuttamiseksi, valvomme esikelpoisuusprosessimme, sopimushallinnan ja olemassa olevien k\u00e4yt\u00e4nt\u00f6jemme kautta varmistaaksemme, ett\u00e4 ryhdymme kaikkiin kohtuullisiin toimiin lain noudattamisen varmistamiseksi.<\/p>\n<p>4. <strong>Viimeisten 12 kuukauden aikana toteutetut toimet<\/strong><\/p>\n<p>Meill\u00e4 on:<\/p>\n<ul class=\"wp-block-list\">\n<li>Tarkistimme ja paransimme toimitusketjuumme liittyvi\u00e4 riskej\u00e4 ja niiden lievent\u00e4mistoimenpiteit\u00e4.<\/li>\n<li>Olemme tarkistaneet toimitusketjumme varmistaakseen lain noudattamisen.<\/li>\n<li>Tarkistimme, ett\u00e4 toimittajastandardejamme sovelletaan koko toimitusketjussamme sek\u00e4 olemassa olevien ett\u00e4 uusien toimittajien osalta.<\/li>\n<li>Arvioimme jatkuvasti hallintorakenteemme tehokkuutta ja teemme muutoksia varmistaaksemme, ett\u00e4 valvonta on olemassa lain mukaisesti.<\/li>\n<li>Jatkoimme tietoisuuden lis\u00e4\u00e4mist\u00e4 laista ja siihen liittyvist\u00e4 riskeist\u00e4 osana perehdytysprosessiamme.<\/li>\n<\/ul>\n<p>5. <strong>Parannussuunnitelmat<\/strong><\/p>\n<p>Me tulemme olemaan:<\/p>\n<ul class=\"wp-block-list\">\n<li>Seuraamme nykyaikaisen orjuuden vastaisen lain mahdollisen muutoksen edistymist\u00e4 ja tarkastelemme jatkuvasti lain s\u00e4\u00e4nn\u00f6ksi\u00e4 liiketoimintaamme sovellettavilta osin.<\/li>\n<li>Edist\u00e4mme yrityksen ymp\u00e4rist\u00f6-, sosiaali- ja hallintositoumustamme (ESG) koko konsernissamme.<\/li>\n<li>P\u00e4ivit\u00e4mme hallintotapaamme varmistaaksemme ESG-tavoitteiden saavuttamisen ja seurannan.<\/li>\n<li>Tarkistamme toimitusketjumme v\u00e4hint\u00e4\u00e4n vuosittain tai aina kun riski tunnistetaan osana toimitusketjumme hallintaa.<\/li>\n<li>Suorita moderni orjuuden riskinarviointi virastojemme ja kriittisten toimittajiemme kanssa.<\/li>\n<li>S\u00e4ilyt\u00e4 toimittajastandardimme varmistaaksesi, ett\u00e4 se t\u00e4ytt\u00e4\u00e4 ESG- ja Social Value -tavoitteemme.<\/li>\n<li>Valvomme NHS:n toimittajastandardien vaatimuksia, jotta t\u00e4yt\u00e4mme ne, mutta tavoitteemme on edelleen ylitt\u00e4\u00e4 ne.<\/li>\n<li>Mahdollistamme hallintorakenteemme niin, ett\u00e4 se tukee jatkuvaa parantamista lain noudattamatta j\u00e4tt\u00e4miseen tai toimitusketjumme huonoon k\u00e4yt\u00e4nt\u00f6\u00f6n liittyvien riskien v\u00e4hent\u00e4miseksi.<\/li>\n<li>Konsernin tietoisuuden lis\u00e4\u00e4minen lain noudattamisesta, mukaan lukien lahjonta ja korruptio ja lapsity\u00f6voima.<\/li>\n<li>Valvonnan ja kulttuurin luominen rohkaisemaan toimia lain noudattamatta j\u00e4tt\u00e4misen riskien v\u00e4hent\u00e4miseksi koko konsernissamme.<\/li>\n<\/ul>\n<p>Hallitus on hyv\u00e4ksynyt t\u00e4m\u00e4n selvityksen 6. kes\u00e4kuuta 2025 ja tarkistaa ja p\u00e4ivitt\u00e4\u00e4 sit\u00e4 vuosittain.<\/p>\n<p><strong>Chris Blackwell-Frost<br \/>toimitusjohtaja<br \/>6. kes\u00e4kuuta 2025<\/strong><\/p>","protected":false},"excerpt":{"rendered":"<p>Policy Modern slavery is a crime and a violation of fundamental human rights. It takes various forms, such as slavery, servitude, forced and compulsory labour and human trafficking, all of which have in common the deprivation of a person\u2019s liberty by another in order to exploit them for personal or commercial gain. The Group has [&hellip;]<\/p>\n","protected":false},"author":2,"featured_media":0,"parent":0,"menu_order":0,"comment_status":"closed","ping_status":"closed","template":"","meta":{"_acf_changed":false,"footnotes":""},"class_list":["post-366","page","type-page","status-publish","hentry"],"acf":[],"yoast_head":"<!-- This site is optimized with the Yoast SEO plugin v27.5 - https:\/\/yoast.com\/product\/yoast-seo-wordpress\/ -->\n<title>Modern slavery and human trafficking statement - Q-bital Healthcare Solutions<\/title>\n<meta name=\"robots\" content=\"index, follow, max-snippet:-1, max-image-preview:large, max-video-preview:-1\" \/>\n<link rel=\"canonical\" href=\"https:\/\/www.q-bital.com\/fi_fi\/modern-slavery-and-human-trafficking-statement\/\" \/>\n<meta property=\"og:locale\" content=\"fi_FI\" \/>\n<meta property=\"og:type\" content=\"article\" \/>\n<meta property=\"og:title\" content=\"Modern slavery and human trafficking statement - Q-bital Healthcare Solutions\" \/>\n<meta property=\"og:description\" content=\"Policy Modern slavery is a crime and a violation of fundamental human rights. It takes various forms, such as slavery, servitude, forced and compulsory labour and human trafficking, all of which have in common the deprivation of a person\u2019s liberty by another in order to exploit them for personal or commercial gain. The Group has [&hellip;]\" \/>\n<meta property=\"og:url\" content=\"https:\/\/www.q-bital.com\/fi_fi\/modern-slavery-and-human-trafficking-statement\/\" \/>\n<meta property=\"og:site_name\" content=\"Q-bital Healthcare Solutions\" \/>\n<meta property=\"article:modified_time\" content=\"2025-06-18T10:30:44+00:00\" \/>\n<meta name=\"twitter:card\" content=\"summary_large_image\" \/>\n<meta name=\"twitter:label1\" content=\"Arvioitu lukuaika\" \/>\n\t<meta name=\"twitter:data1\" content=\"6 minuuttia\" \/>\n<script type=\"application\/ld+json\" class=\"yoast-schema-graph\">{\"@context\":\"https:\\\/\\\/schema.org\",\"@graph\":[{\"@type\":\"WebPage\",\"@id\":\"https:\\\/\\\/www.q-bital.com\\\/modern-slavery-and-human-trafficking-statement\\\/\",\"url\":\"https:\\\/\\\/www.q-bital.com\\\/modern-slavery-and-human-trafficking-statement\\\/\",\"name\":\"Modern slavery and human trafficking statement - Q-bital Healthcare Solutions\",\"isPartOf\":{\"@id\":\"https:\\\/\\\/www.q-bital.com\\\/#website\"},\"datePublished\":\"2023-06-28T13:13:23+00:00\",\"dateModified\":\"2025-06-18T10:30:44+00:00\",\"inLanguage\":\"fi\",\"potentialAction\":[{\"@type\":\"ReadAction\",\"target\":[\"https:\\\/\\\/www.q-bital.com\\\/modern-slavery-and-human-trafficking-statement\\\/\"]}]},{\"@type\":\"WebSite\",\"@id\":\"https:\\\/\\\/www.q-bital.com\\\/#website\",\"url\":\"https:\\\/\\\/www.q-bital.com\\\/\",\"name\":\"Q-bital Healthcare Solutions\",\"description\":\"\",\"potentialAction\":[{\"@type\":\"SearchAction\",\"target\":{\"@type\":\"EntryPoint\",\"urlTemplate\":\"https:\\\/\\\/www.q-bital.com\\\/?s={search_term_string}\"},\"query-input\":{\"@type\":\"PropertyValueSpecification\",\"valueRequired\":true,\"valueName\":\"search_term_string\"}}],\"inLanguage\":\"fi\"}]}<\/script>\n<!-- \/ Yoast SEO plugin. -->","yoast_head_json":{"title":"Lausunto nykyaikaisesta orjuudesta ja ihmiskaupasta - Q-bital Healthcare Solutions","robots":{"index":"index","follow":"follow","max-snippet":"max-snippet:-1","max-image-preview":"max-image-preview:large","max-video-preview":"max-video-preview:-1"},"canonical":"https:\/\/www.q-bital.com\/fi_fi\/modern-slavery-and-human-trafficking-statement\/","og_locale":"fi_FI","og_type":"article","og_title":"Modern slavery and human trafficking statement - Q-bital Healthcare Solutions","og_description":"Policy Modern slavery is a crime and a violation of fundamental human rights. It takes various forms, such as slavery, servitude, forced and compulsory labour and human trafficking, all of which have in common the deprivation of a person\u2019s liberty by another in order to exploit them for personal or commercial gain. The Group has [&hellip;]","og_url":"https:\/\/www.q-bital.com\/fi_fi\/modern-slavery-and-human-trafficking-statement\/","og_site_name":"Q-bital Healthcare Solutions","article_modified_time":"2025-06-18T10:30:44+00:00","twitter_card":"summary_large_image","twitter_misc":{"Arvioitu lukuaika":"6 minuuttia"},"schema":{"@context":"https:\/\/schema.org","@graph":[{"@type":"WebPage","@id":"https:\/\/www.q-bital.com\/modern-slavery-and-human-trafficking-statement\/","url":"https:\/\/www.q-bital.com\/modern-slavery-and-human-trafficking-statement\/","name":"Lausunto nykyaikaisesta orjuudesta ja ihmiskaupasta - Q-bital Healthcare Solutions","isPartOf":{"@id":"https:\/\/www.q-bital.com\/#website"},"datePublished":"2023-06-28T13:13:23+00:00","dateModified":"2025-06-18T10:30:44+00:00","inLanguage":"fi","potentialAction":[{"@type":"ReadAction","target":["https:\/\/www.q-bital.com\/modern-slavery-and-human-trafficking-statement\/"]}]},{"@type":"WebSite","@id":"https:\/\/www.q-bital.com\/#website","url":"https:\/\/www.q-bital.com\/","name":"Q-bital Healthcare Solutions","description":"","potentialAction":[{"@type":"SearchAction","target":{"@type":"EntryPoint","urlTemplate":"https:\/\/www.q-bital.com\/?s={search_term_string}"},"query-input":{"@type":"PropertyValueSpecification","valueRequired":true,"valueName":"search_term_string"}}],"inLanguage":"fi"}]}},"_links":{"self":[{"href":"https:\/\/www.q-bital.com\/fi_fi\/wp-json\/wp\/v2\/pages\/366","targetHints":{"allow":["GET"]}}],"collection":[{"href":"https:\/\/www.q-bital.com\/fi_fi\/wp-json\/wp\/v2\/pages"}],"about":[{"href":"https:\/\/www.q-bital.com\/fi_fi\/wp-json\/wp\/v2\/types\/page"}],"author":[{"embeddable":true,"href":"https:\/\/www.q-bital.com\/fi_fi\/wp-json\/wp\/v2\/users\/2"}],"replies":[{"embeddable":true,"href":"https:\/\/www.q-bital.com\/fi_fi\/wp-json\/wp\/v2\/comments?post=366"}],"version-history":[{"count":0,"href":"https:\/\/www.q-bital.com\/fi_fi\/wp-json\/wp\/v2\/pages\/366\/revisions"}],"wp:attachment":[{"href":"https:\/\/www.q-bital.com\/fi_fi\/wp-json\/wp\/v2\/media?parent=366"}],"curies":[{"name":"wp","href":"https:\/\/api.w.org\/{rel}","templated":true}]}}