{"id":455,"date":"2023-07-03T14:28:23","date_gmt":"2023-07-03T14:28:23","guid":{"rendered":"https:\/\/www.q-bital.com\/?page_id=455"},"modified":"2023-09-07T11:11:00","modified_gmt":"2023-09-07T11:11:00","slug":"procurement","status":"publish","type":"page","link":"https:\/\/www.q-bital.com\/fi_fi\/procurement\/","title":{"rendered":"Hankinta"},"content":{"rendered":"<section id=\"section-2-59\" class=\"ct-section\" style=\"background-image:url(https:\/\/www.q-bital.com\/wp-content\/uploads\/sites\/8\/2023\/05\/boulders-right.png);background-size: auto;\" >\n<div class=\"ct-section-inner-wrap\">\n<div id=\"div_block-8-59\" class=\"ct-div-block\" ><a id=\"link_text-6-59\" class=\"ct-link-text\" href=\"\/fi_fi\/\" target=\"_self\"  >Koti<\/a><\/p>\n<h1 id=\"headline-3-59\" class=\"ct-headline\"><span id=\"span-4-59\" class=\"ct-span\" >Hankinta<\/span><\/h1>\n<\/div>\n<\/div>\n<\/section>\n<section id=\"section-68-14-text-left-white\" class=\"ct-section\" >\n<div class=\"ct-section-inner-wrap\">\n<div id=\"new_columns-69-14text-left-white\" class=\"ct-new-columns\" >\n<div id=\"div_block-70-14\" class=\"ct-div-block\" >\n<h2 id=\"headline-71-14\" class=\"ct-headline\">Sinun tarpeisiisi r\u00e4\u00e4t\u00e4l\u00f6idyt hankintasuunnitelmat<\/h2>\n<div id=\"_rich_text-72-14\" class=\"oxy-rich-text\" >\n<p dir=\"ltr\">Olemme asiantuntijoita tarjoamaan terveydenhuollon laitosratkaisuja, jotka voidaan standardoida tai r\u00e4\u00e4t\u00e4l\u00f6id\u00e4, vuokrata tai ostaa tarpeidesi mukaan.&nbsp;<\/p>\n<p dir=\"ltr\">Tarjoamme erilaisia urakkavaihtoehtoja ja voimme ty\u00f6skennell\u00e4 p\u00e4\u00e4oma- tai toimintamenojen prioriteettien mukaan. Terveydenhuollon tilat ovat saatavilla useilla eri kehyksill\u00e4 yksinkertaisuuden ja mukavuuden vuoksi.&nbsp;<a href=\"\/fi_fi\/our-team\/\">Tiimimme<\/a>&nbsp;vie sinut vaihtoehtojen l\u00e4pi ja opastaa sinua jokaisessa vaiheessa.<\/p>\n<\/div>\n<\/div>\n<div id=\"div_block-74-14\" class=\"ct-div-block\" ><img decoding=\"async\"  id=\"image-75-14\" alt=\"\" src=\"https:\/\/www.q-bital.com\/wp-content\/uploads\/sites\/8\/2023\/05\/Staffed-operating-theatre1.jpg\" class=\"ct-image\"\/><\/div>\n<\/div>\n<\/div>\n<\/section>\n<section id=\"section-88-34-blue\" class=\"ct-section\" >\n<div class=\"ct-section-inner-wrap\">\n<div id=\"new_columns-89-34-blue\" class=\"ct-new-columns\" >\n<div id=\"div_block-94-34\" class=\"ct-div-block\" ><img decoding=\"async\"  id=\"image-95-34\" alt=\"\" src=\"https:\/\/www.q-bital.com\/wp-content\/uploads\/sites\/8\/2023\/09\/CO2_v2-1024x1024.jpg\" class=\"ct-image\"\/><\/div>\n<div id=\"div_block-90-34\" class=\"ct-div-block\" >\n<h2 id=\"headline-91-34\" class=\"ct-headline\">Ymp\u00e4rist\u00f6, sosiaalinen arvo ja hallinto (ESG)<\/h2>\n<div id=\"_rich_text-92-34\" class=\"oxy-rich-text\" >\n<p dir=\"ltr\">Otamme eettiset, kest\u00e4v\u00e4n kehityksen ja sosiaaliset vastuumme vakavasti ja johdonmukaisesti sis\u00e4llyt\u00e4mme ja sovellamme yritysyhteiskunnallisia arvojamme kaupalliseen toimintaamme. Kansainv\u00e4lisen\u00e4 yrityksen\u00e4 asetamme etusijalle tapoja v\u00e4hent\u00e4\u00e4 maantiekilometrej\u00e4 ja kansainv\u00e4list\u00e4 matkustamista aina kun mahdollista. Silloin kun t\u00e4m\u00e4 ei ole mahdollista, kompensoimme matkamme ymp\u00e4rist\u00f6vaikutukset.<\/p>\n<p dir=\"ltr\">Terveydenhuollon tarjoajien keskeisen\u00e4 toimittajana meill\u00e4 on vastuita, joiden tulee n\u00e4ky\u00e4 toiminnassamme ja toimitusketjussamme. Haluamme, ett\u00e4 toimittajiemme, jotka ovat kriittisi\u00e4 toiminnallemme, osoittavat n\u00e4m\u00e4 eettiset arvot. Jatkossa katsomme avaintoimittajiamme, joilla on ISO 14001- ja 45001 -standardit tai muut asiaankuuluvat ammattiakkreditoinnit.&nbsp;&nbsp;<\/p>\n<p dir=\"ltr\">Odotamme, ett\u00e4 kaikki toimittajamme noudattavat sovellettavia ymp\u00e4rist\u00f6lakeja, -m\u00e4\u00e4r\u00e4yksi\u00e4 ja -standardeja. Jos he eiv\u00e4t viel\u00e4 tee niin, pyyd\u00e4mme, ett\u00e4 he perustavat j\u00e4rjestelm\u00e4t ja hallintalaitteet mahdollisten vaarojen tunnistamiseksi ja poistamiseksi.&nbsp;<a href=\"\/fi_fi\/environment\/\">ymp\u00e4rist\u00f6\u00f6n<\/a>, jotka ovat oikeassa suhteessa riskiin.&nbsp;<\/p>\n<p>&nbsp;<\/p>\n<p>&nbsp;<\/p>\n<\/div>\n<\/div>\n<\/div>\n<\/div>\n<\/section>\n<section id=\"section-68-14-text-left-white\" class=\"ct-section\" >\n<div class=\"ct-section-inner-wrap\">\n<div id=\"new_columns-69-14text-left-white\" class=\"ct-new-columns\" >\n<div id=\"div_block-70-14\" class=\"ct-div-block\" >\n<h2 id=\"headline-71-14\" class=\"ct-headline\">Meid\u00e4n toimitusketjumme<\/h2>\n<div id=\"_rich_text-72-14\" class=\"oxy-rich-text\" >\n<p dir=\"ltr\">Toimitusketjumme ulottuu Isossa-Britanniassa, Euroopassa tai Australiassa. Olemme sopimuksissamme ja kaupallisissa suhteissamme selke\u00e4t toimittajamme toimintastandardit.&nbsp;&nbsp;<\/p>\n<p dir=\"ltr\">Sis\u00e4llyt\u00e4mme ESG-arvomme toimintaamme, henkil\u00f6st\u00f6\u00e4mme ja toimitusketjuamme. Tuemme toimitusketjuamme siell\u00e4, miss\u00e4 on tarve mukautua saavuttaaksemme tavoitteemme&nbsp;<a href=\"..\/environment\/\">ESG:n tavoitteet<\/a>.&nbsp;<\/p>\n<p dir=\"ltr\">ESG-strategiamme tukena ovat:<\/p>\n<ul>\n<li dir=\"ltr\" aria-level=\"1\">\n<p dir=\"ltr\" role=\"presentation\">Vastuut NHS:n keskeisen\u00e4 toimittajana<\/p>\n<\/li>\n<li dir=\"ltr\" aria-level=\"1\">\n<p dir=\"ltr\" role=\"presentation\">Yhteiset tavoitteet NHS:n vihre\u00e4n suunnitelman mukaisesti<\/p>\n<\/li>\n<li dir=\"ltr\" aria-level=\"1\">\n<p dir=\"ltr\" role=\"presentation\">Halu toimia eettisesti ja vastuullisesti<\/p>\n<\/li>\n<li dir=\"ltr\" aria-level=\"1\">\n<p dir=\"ltr\" role=\"presentation\">ESG-s\u00e4\u00e4ntelyyn valmistautuminen<\/p>\n<\/li>\n<li dir=\"ltr\" aria-level=\"1\">\n<p dir=\"ltr\" role=\"presentation\">Kyky osoittaa sitoutumisemme ESG:hen ja eettiseen toimintaan sijoittajille (nykyinen ja tuleva)<\/p>\n<\/li>\n<\/ul>\n<\/div>\n<\/div>\n<div id=\"div_block-74-14\" class=\"ct-div-block\" ><img decoding=\"async\"  id=\"image-75-14\" alt=\"\" src=\"https:\/\/www.q-bital.com\/wp-content\/uploads\/sites\/8\/2023\/08\/Hospital_ward_delivery2-1024x768.jpg\" class=\"ct-image\"\/><\/div>\n<\/div>\n<\/div>\n<\/section>\n<section id=\"section-88-34-blue\" class=\"ct-section\" >\n<div class=\"ct-section-inner-wrap\">\n<div id=\"new_columns-89-34-blue\" class=\"ct-new-columns\" >\n<div id=\"div_block-94-34\" class=\"ct-div-block\" ><img decoding=\"async\"  id=\"image-95-34\" alt=\"\" src=\"https:\/\/www.q-bital.com\/wp-content\/uploads\/sites\/8\/2023\/06\/modular-surgical-hub-1024x683.jpg\" class=\"ct-image\"\/><\/div>\n<div id=\"div_block-90-34\" class=\"ct-div-block\" >\n<h2 id=\"headline-91-34\" class=\"ct-headline\">Arvioimme toimittajamme riskin ja kypsyysasteen mukaan<\/h2>\n<div id=\"_rich_text-92-34\" class=\"oxy-rich-text\" >\n<p dir=\"ltr\">Otamme toimittajamme huomioon:<\/p>\n<ul>\n<li dir=\"ltr\" aria-level=\"1\">\n<p dir=\"ltr\" role=\"presentation\"><a href=\"..\/environment\/\">Yritysten sosiaalinen vastuu<\/a>&nbsp;(CSR)<\/p>\n<\/li>\n<li dir=\"ltr\" aria-level=\"1\">\n<p dir=\"ltr\" role=\"presentation\">Energia- ja polttoainetehokkuus<\/p>\n<\/li>\n<li dir=\"ltr\" aria-level=\"1\">\n<p dir=\"ltr\" role=\"presentation\">Terveys- ja turvallisuuspolitiikka<\/p>\n<\/li>\n<li dir=\"ltr\" aria-level=\"1\">\n<p dir=\"ltr\" role=\"presentation\">Liikennepolitiikka<\/p>\n<\/li>\n<li dir=\"ltr\" aria-level=\"1\">\n<p dir=\"ltr\" role=\"presentation\">Paikallisen ty\u00f6voiman k\u00e4ytt\u00f6<\/p>\n<\/li>\n<li dir=\"ltr\" aria-level=\"1\">\n<p dir=\"ltr\" role=\"presentation\">Oppisopimus- ja koulutuskirja<\/p>\n<\/li>\n<\/ul>\n<p dir=\"ltr\">Terveydenhuollon ratkaisujen toimittajana olemme potilaskeskeisi\u00e4. Potilaiden ja asiakkaidemme huolenpito ja turvallisuus ovat aina etusijalla. Odotamme toimittajiemme jakavan n\u00e4m\u00e4 prioriteetit.&nbsp;&nbsp;<\/p>\n<p dir=\"ltr\">Maineemme perustuu kykyymme tarjota korkealaatuisia terveydenhuollon tiloja. S\u00e4\u00e4ntelyvaatimustemme kasvaessa haluamme s\u00e4ilytt\u00e4\u00e4 ne toimittajat, jotka toimittavat standardejamme, jotta voimme jatkaa t\u00e4h\u00e4nastisen menestyksemme rakentamista.<\/p>\n<\/div>\n<\/div>\n<\/div>\n<\/div>\n<\/section>\n<section id=\"section-68-14-text-left-white\" class=\"ct-section\" >\n<div class=\"ct-section-inner-wrap\">\n<div id=\"new_columns-69-14text-left-white\" class=\"ct-new-columns\" >\n<div id=\"div_block-70-14\" class=\"ct-div-block\" >\n<h2 id=\"headline-71-14\" class=\"ct-headline\">Nykyaikaiset rakentamis- ja innovaatiomenetelm\u00e4t<\/h2>\n<div id=\"_rich_text-72-14\" class=\"oxy-rich-text\" >\n<p dir=\"ltr\">Samalla kun pysymme kilpailukykyisin\u00e4, varmistamme, ett\u00e4 toimitusketjumme tukee yritystavoitteitamme tutkimalla ja pilotoimalla uusia tuotteita, materiaaleja ja palveluita.<\/p>\n<\/div>\n<\/div>\n<div id=\"div_block-74-14\" class=\"ct-div-block\" ><img decoding=\"async\"  id=\"image-75-14\" alt=\"\" src=\"https:\/\/www.q-bital.com\/wp-content\/uploads\/sites\/8\/2023\/09\/Mobile_hospital_ward_first_floor_elevation_q-bital.jpg\" class=\"ct-image\"\/><\/div>\n<\/div>\n<\/div>\n<\/section>\n<section id=\"section-88-34-blue\" class=\"ct-section\" >\n<div class=\"ct-section-inner-wrap\">\n<div id=\"new_columns-89-34-blue\" class=\"ct-new-columns\" >\n<div id=\"div_block-94-34\" class=\"ct-div-block\" ><img decoding=\"async\"  id=\"image-95-34\" alt=\"\" src=\"https:\/\/www.q-bital.com\/wp-content\/uploads\/sites\/8\/2023\/09\/ESG_-_Earth_with_stethoscope-1017x1024.jpg\" class=\"ct-image\"\/><\/div>\n<div id=\"div_block-90-34\" class=\"ct-div-block\" >\n<h2 id=\"headline-91-34\" class=\"ct-headline\">Kest\u00e4vyys<\/h2>\n<div id=\"_rich_text-92-34\" class=\"oxy-rich-text\" >\n<p dir=\"ltr\">Olemme kansainv\u00e4linen konserni ja olemme matkalla kohti hiilineutraaliutta. Nykyisen sitoumuksemme pohjalta jatkamme ymp\u00e4rist\u00f6valtuutemme parantamista, jotta voimme saavuttaa itsellemme asettamamme kest\u00e4v\u00e4n kehityksen tavoitteet.&nbsp;<a href=\"..\/environment\/\">ESG-strategia<\/a>&nbsp;2022-2035.<\/p>\n<\/div>\n<\/div>\n<\/div>\n<\/div>\n<\/section>\n<section id=\"section-144-59\" class=\"ct-section\" >\n<div class=\"ct-section-inner-wrap\">\n<div id=\"new_columns-145-59\" class=\"ct-new-columns\" >\n<div id=\"div_block-146-59\" class=\"ct-div-block\" >\n<div id=\"_rich_text-9-63\" class=\"oxy-rich-text\" >\n<p>Sairaalallesi sopivan ratkaisun l\u00f6yt\u00e4minen alkaa t\u00e4st\u00e4\u2026<\/p>\n<\/div>\n<p><a id=\"link_button-149-59\" class=\"ct-link-button\" href=\"\/fi_fi\/contact\/\" target=\"_self\"  >Ota yhteytt\u00e4<\/a><\/div>\n<div id=\"div_block-150-59\" class=\"ct-div-block\" ><img decoding=\"async\"  id=\"image-151-59\" alt=\"\" src=\"https:\/\/www.q-bital.com\/wp-content\/uploads\/2023\/06\/kettering-2-scaled.jpg\" class=\"ct-image\"\/><\/div>\n<\/div>\n<\/div>\n<\/section>","protected":false},"excerpt":{"rendered":"","protected":false},"author":2,"featured_media":0,"parent":0,"menu_order":0,"comment_status":"closed","ping_status":"closed","template":"","meta":{"_acf_changed":false,"footnotes":""},"class_list":["post-455","page","type-page","status-publish","hentry"],"acf":[],"yoast_head":"<!-- This site is optimized with the Yoast SEO plugin v27.5 - https:\/\/yoast.com\/product\/yoast-seo-wordpress\/ -->\n<title>Procurement - Q-bital Healthcare Solutions<\/title>\n<meta name=\"robots\" content=\"index, follow, max-snippet:-1, max-image-preview:large, max-video-preview:-1\" \/>\n<link rel=\"canonical\" href=\"https:\/\/www.q-bital.com\/fi_fi\/procurement\/\" \/>\n<meta property=\"og:locale\" content=\"fi_FI\" \/>\n<meta property=\"og:type\" content=\"article\" \/>\n<meta property=\"og:title\" content=\"Procurement - Q-bital Healthcare Solutions\" \/>\n<meta property=\"og:url\" content=\"https:\/\/www.q-bital.com\/fi_fi\/procurement\/\" \/>\n<meta property=\"og:site_name\" content=\"Q-bital Healthcare Solutions\" \/>\n<meta property=\"article:modified_time\" content=\"2023-09-07T11:11:00+00:00\" \/>\n<meta name=\"twitter:card\" content=\"summary_large_image\" \/>\n<script type=\"application\/ld+json\" class=\"yoast-schema-graph\">{\"@context\":\"https:\\\/\\\/schema.org\",\"@graph\":[{\"@type\":\"WebPage\",\"@id\":\"https:\\\/\\\/www.q-bital.com\\\/procurement\\\/\",\"url\":\"https:\\\/\\\/www.q-bital.com\\\/procurement\\\/\",\"name\":\"Procurement - Q-bital Healthcare Solutions\",\"isPartOf\":{\"@id\":\"https:\\\/\\\/www.q-bital.com\\\/#website\"},\"datePublished\":\"2023-07-03T14:28:23+00:00\",\"dateModified\":\"2023-09-07T11:11:00+00:00\",\"inLanguage\":\"fi\",\"potentialAction\":[{\"@type\":\"ReadAction\",\"target\":[\"https:\\\/\\\/www.q-bital.com\\\/procurement\\\/\"]}]},{\"@type\":\"WebSite\",\"@id\":\"https:\\\/\\\/www.q-bital.com\\\/#website\",\"url\":\"https:\\\/\\\/www.q-bital.com\\\/\",\"name\":\"Q-bital Healthcare Solutions\",\"description\":\"\",\"potentialAction\":[{\"@type\":\"SearchAction\",\"target\":{\"@type\":\"EntryPoint\",\"urlTemplate\":\"https:\\\/\\\/www.q-bital.com\\\/?s={search_term_string}\"},\"query-input\":{\"@type\":\"PropertyValueSpecification\",\"valueRequired\":true,\"valueName\":\"search_term_string\"}}],\"inLanguage\":\"fi\"}]}<\/script>\n<!-- \/ Yoast SEO plugin. -->","yoast_head_json":{"title":"Hankinta - Q-bital Healthcare Solutions","robots":{"index":"index","follow":"follow","max-snippet":"max-snippet:-1","max-image-preview":"max-image-preview:large","max-video-preview":"max-video-preview:-1"},"canonical":"https:\/\/www.q-bital.com\/fi_fi\/procurement\/","og_locale":"fi_FI","og_type":"article","og_title":"Procurement - Q-bital Healthcare Solutions","og_url":"https:\/\/www.q-bital.com\/fi_fi\/procurement\/","og_site_name":"Q-bital Healthcare Solutions","article_modified_time":"2023-09-07T11:11:00+00:00","twitter_card":"summary_large_image","schema":{"@context":"https:\/\/schema.org","@graph":[{"@type":"WebPage","@id":"https:\/\/www.q-bital.com\/procurement\/","url":"https:\/\/www.q-bital.com\/procurement\/","name":"Hankinta - Q-bital Healthcare Solutions","isPartOf":{"@id":"https:\/\/www.q-bital.com\/#website"},"datePublished":"2023-07-03T14:28:23+00:00","dateModified":"2023-09-07T11:11:00+00:00","inLanguage":"fi","potentialAction":[{"@type":"ReadAction","target":["https:\/\/www.q-bital.com\/procurement\/"]}]},{"@type":"WebSite","@id":"https:\/\/www.q-bital.com\/#website","url":"https:\/\/www.q-bital.com\/","name":"Q-bital Healthcare Solutions","description":"","potentialAction":[{"@type":"SearchAction","target":{"@type":"EntryPoint","urlTemplate":"https:\/\/www.q-bital.com\/?s={search_term_string}"},"query-input":{"@type":"PropertyValueSpecification","valueRequired":true,"valueName":"search_term_string"}}],"inLanguage":"fi"}]}},"_links":{"self":[{"href":"https:\/\/www.q-bital.com\/fi_fi\/wp-json\/wp\/v2\/pages\/455","targetHints":{"allow":["GET"]}}],"collection":[{"href":"https:\/\/www.q-bital.com\/fi_fi\/wp-json\/wp\/v2\/pages"}],"about":[{"href":"https:\/\/www.q-bital.com\/fi_fi\/wp-json\/wp\/v2\/types\/page"}],"author":[{"embeddable":true,"href":"https:\/\/www.q-bital.com\/fi_fi\/wp-json\/wp\/v2\/users\/2"}],"replies":[{"embeddable":true,"href":"https:\/\/www.q-bital.com\/fi_fi\/wp-json\/wp\/v2\/comments?post=455"}],"version-history":[{"count":0,"href":"https:\/\/www.q-bital.com\/fi_fi\/wp-json\/wp\/v2\/pages\/455\/revisions"}],"wp:attachment":[{"href":"https:\/\/www.q-bital.com\/fi_fi\/wp-json\/wp\/v2\/media?parent=455"}],"curies":[{"name":"wp","href":"https:\/\/api.w.org\/{rel}","templated":true}]}}