{"id":674,"date":"2023-07-19T14:17:08","date_gmt":"2023-07-19T14:17:08","guid":{"rendered":"https:\/\/www.q-bital.com\/?page_id=674"},"modified":"2024-01-18T10:20:31","modified_gmt":"2024-01-18T10:20:31","slug":"heritage","status":"publish","type":"page","link":"https:\/\/www.q-bital.com\/fi_fi\/heritage\/","title":{"rendered":"Perint\u00f6"},"content":{"rendered":"<section id=\"section-2-59\" class=\"ct-section\" style=\"background-image:url(https:\/\/www.q-bital.com\/wp-content\/uploads\/sites\/8\/2023\/05\/boulders-right.png);background-size: auto;\" >\n<div class=\"ct-section-inner-wrap\">\n<div id=\"div_block-8-59\" class=\"ct-div-block\" ><a id=\"link_text-6-59\" class=\"ct-link-text\" href=\"\/fi_fi\/\" target=\"_self\"  >Koti<\/a><\/p>\n<h1 id=\"headline-3-59\" class=\"ct-headline\"><span id=\"span-4-59\" class=\"ct-span\" >Perint\u00f6<\/span><\/h1>\n<\/div>\n<\/div>\n<\/section>\n<section id=\"section-68-14-text-left-white\" class=\"ct-section\" >\n<div class=\"ct-section-inner-wrap\">\n<div id=\"new_columns-69-14text-left-white\" class=\"ct-new-columns\" >\n<div id=\"div_block-70-14\" class=\"ct-div-block\" >\n<h2 id=\"headline-71-14\" class=\"ct-headline\">Innovatiivisten ratkaisujen luominen terveydenhuollon tarjoajille yli kahden vuosikymmenen ajan<\/h2>\n<div id=\"_rich_text-72-14\" class=\"oxy-rich-text\" >\n<p dir=\"ltr\">Vuonna 1999 perustettu maineemme johtavana globaalina joustavan kliinisen infrastruktuurin ja palveluiden toimittajana on kasvanut tasaisesti. Olemme ylpeit\u00e4 voidessamme ty\u00f6skennell\u00e4 yhteisty\u00f6ss\u00e4 terveydenhuollon tarjoajien ja riippumattomien sektoriorganisaatioiden kanssa, ja yli 501 TP3T Ison-Britannian julkisten sairaaloiden tarjoajia on nyt k\u00e4ytt\u00e4nyt yht\u00e4 terveydenhuollon tiloistamme. Asiakkaamme luottavat meihin toimittamaan korkealaatuisia, teknisesti edistyneit\u00e4 ratkaisuja terveydellisten tulosten parantamiseksi vauhdissa ja palaamaan meille kerta toisensa j\u00e4lkeen, kun tarpeet muuttuvat.&nbsp;<\/p>\n<p dir=\"ltr\">Q-bital Healthcare Solutionsin kansainv\u00e4linen divisioona k\u00e4ynnistettiin virallisesti vuonna 2018, ja yhti\u00f6n laajentuminen on jatkunut tasaisesti sek\u00e4 Isossa-Britanniassa ett\u00e4 kansainv\u00e4lisesti.<\/p>\n<p dir=\"ltr\">Valmistus aloitettiin Alankomaissa jo vuonna 2023, joten liiketoimintaan lis\u00e4ttiin yksi tarkoitukseen rakennettu tuotantolaitos Hullissa Isossa-Britanniassa.<\/p>\n<p dir=\"ltr\">Toimimme nyt kansainv\u00e4lisesti Alankomaissa, Ruotsissa, Australiassa ja Ranskassa ja etsimme jatkuvasti uusia markkinoita, joille voimme laajentaa toimintaamme ja tarjota tukea siell\u00e4, miss\u00e4 sit\u00e4 tarvitaan.&nbsp;<\/p>\n<\/div>\n<\/div>\n<div id=\"div_block-74-14\" class=\"ct-div-block\" ><img decoding=\"async\"  id=\"image-75-14\" alt=\"\" src=\"https:\/\/www.q-bital.com\/wp-content\/uploads\/sites\/8\/2023\/07\/Creating-innovative-solutions-for-healthcare-providers-for-over-two-decades-image.jpg\" class=\"ct-image\"\/><\/div>\n<\/div>\n<\/div>\n<\/section>\n<section id=\"section-132-34\" class=\"ct-section\" >\n<div class=\"ct-section-inner-wrap\">\n<div id=\"new_columns-133-34\" class=\"ct-new-columns\" >\n<div id=\"div_block-138-34\" class=\"ct-div-block\" ><img decoding=\"async\"  id=\"image-139-34\" alt=\"\" src=\"https:\/\/www.q-bital.com\/wp-content\/uploads\/sites\/8\/2023\/07\/Drone-1.jpg\" class=\"ct-image\"\/><\/div>\n<div id=\"div_block-134-34\" class=\"ct-div-block\" >\n<h2 id=\"headline-135-34\" class=\"ct-headline\">Jokainen yksityiskohta on otettu huomioon, jotta terveydenhuollon tilat toimisivat asiakkaidemme hyv\u00e4ksi<\/h2>\n<div id=\"_rich_text-136-34\" class=\"oxy-rich-text\" >\n<p dir=\"ltr\">Ty\u00f6skentelemme asiakkaidemme kanssa tarjotaksemme korkealaatuisia ja kest\u00e4vi\u00e4 terveydenhuoltoratkaisuja, joissa on r\u00e4\u00e4t\u00e4l\u00f6ityj\u00e4 mobiili- ja modulaarisia terveydenhuoltotiloja, jotka vastaavat kunkin terveydenhuoltoj\u00e4rjestelm\u00e4n ainutlaatuisiin tarpeisiin. Tilojamme voidaan r\u00e4\u00e4t\u00e4l\u00f6id\u00e4 erilaisilla valinnoilla, mukaan lukien leikkaussalit, kirurgiset keskukset, yhteis\u00f6diagnostiikkakeskukset (CDC:t), endoskopiayksik\u00f6t, dekontaminaatio- ja sterilointitilat, osastot, klinikat ja pienten vammojen yksik\u00f6t (MIU). Tuotteitamme ja palvelujamme voidaan yhdist\u00e4\u00e4 tarjoamaan loputtomasti mahdollisuuksia; jokainen uusi projekti on mahdollisuus luoda t\u00e4ysin ainutlaatuinen terveydenhuoltotila.<\/p>\n<p dir=\"ltr\">Maineemme muodostui kyvyst\u00e4mme tukea sairaaloita lis\u00e4kapasiteettitiloilla, jotka voidaan toimittaa muutamassa p\u00e4iv\u00e4ss\u00e4. Tarjoamme asiakkaillemme kuitenkin paljon enemm\u00e4n, ja luotetuilla kumppaneillamme on loputtomasti mahdollisuuksia laajentaa terveydenhuoltonsa rajoja.&nbsp;<\/p>\n<p dir=\"ltr\">Asiantuntemuksemme perustuu vahvojen suhteiden solmimiseen asiakkaidemme kanssa ja tapojen kehitt\u00e4miseen terveydenhuollon nykyisen infrastruktuurin parantamiseksi. Tavoitteemme on olla mukana kehitt\u00e4m\u00e4ss\u00e4 maailman joustavimpia terveydenhuollon infrastruktuuriratkaisuja. Sen lis\u00e4ksi, ett\u00e4 tarjoamme terveydenhuollon tiloja suuren potilastarpeen ja pitkien jonotusjonojen auttamiseksi, voimme auttaa sinua selviytym\u00e4\u00e4n operatiivisista haasteista, kuten kunnostust\u00f6ist\u00e4, ja tarjoamaan h\u00e4t\u00e4apua tulipalon, tulvan tai teatterivaurion sattuessa.&nbsp;<\/p>\n<p dir=\"ltr\">Asiantuntijatiimi auttaa projektinhallinnassa kunkin laitoksen suunnittelussa, toteutuksessa ja kliinisen palvelun toimittamisessa alusta alkaen suunnittelusta poistoon asti.<\/p>\n<\/div>\n<\/div>\n<\/div>\n<\/div>\n<\/section>\n<section id=\"section-2-202\" class=\"ct-section\" >\n<div class=\"ct-section-inner-wrap\">\n<div id=\"div_block-3-202\" class=\"ct-div-block\" >\n<h2 id=\"headline-4-202\" class=\"ct-headline\">Yli 350 000 toimenpidett\u00e4 ja lis\u00e4\u00e4\u2026<\/h2>\n<div id=\"_rich_text-5-202\" class=\"oxy-rich-text\" >\n<p dir=\"ltr\">Yli 350 000 toimenpidett\u00e4 on suoritettu t\u00e4h\u00e4n menness\u00e4 liikkuvissa tiloissamme, joissa on kliinikkoja.<\/p>\n<p dir=\"ltr\">Maailmanluokan kliinisen\u00e4 palveluntarjoajana olemme ylpeit\u00e4 siit\u00e4, ett\u00e4 Healthcare-tilamme sopivat 75%:lle kaikista kliinisist\u00e4 toimenpiteist\u00e4, jotka suoritetaan suuressa akuutissa sairaalassa, lonkkaproteesista kaihileikkauksiin, endoskopiatoimenpiteist\u00e4 plastiikkakirurgiaan.<\/p>\n<\/div>\n<div id=\"div_block-6-202\" class=\"ct-div-block\" ><img decoding=\"async\"  id=\"image-7-202\" alt=\"\" src=\"https:\/\/www.q-bital.com\/wp-content\/uploads\/sites\/8\/2023\/07\/proceedures-infographic.png\" class=\"ct-image\"\/><\/div>\n<\/div>\n<\/div>\n<\/section>\n<section id=\"section-144-59\" class=\"ct-section\" >\n<div class=\"ct-section-inner-wrap\">\n<div id=\"new_columns-145-59\" class=\"ct-new-columns\" >\n<div id=\"div_block-146-59\" class=\"ct-div-block\" >\n<div id=\"_rich_text-9-63\" class=\"oxy-rich-text\" >\n<p>Sairaalallesi sopivan ratkaisun l\u00f6yt\u00e4minen alkaa t\u00e4st\u00e4\u2026<\/p>\n<\/div>\n<p><a id=\"link_button-149-59\" class=\"ct-link-button\" href=\"\/fi_fi\/contact\/\" target=\"_self\"  >Ota yhteytt\u00e4<\/a><\/div>\n<div id=\"div_block-150-59\" class=\"ct-div-block\" ><img decoding=\"async\"  id=\"image-151-59\" alt=\"\" src=\"https:\/\/www.q-bital.com\/wp-content\/uploads\/2023\/06\/kettering-2-scaled.jpg\" class=\"ct-image\"\/><\/div>\n<\/div>\n<\/div>\n<\/section>","protected":false},"excerpt":{"rendered":"","protected":false},"author":2,"featured_media":0,"parent":0,"menu_order":0,"comment_status":"closed","ping_status":"closed","template":"","meta":{"_acf_changed":false,"footnotes":""},"class_list":["post-674","page","type-page","status-publish","hentry"],"acf":[],"yoast_head":"<!-- This site is optimized with the Yoast SEO plugin v27.5 - https:\/\/yoast.com\/product\/yoast-seo-wordpress\/ -->\n<title>Heritage - Q-bital Healthcare Solutions<\/title>\n<meta name=\"robots\" content=\"index, follow, max-snippet:-1, max-image-preview:large, max-video-preview:-1\" \/>\n<link rel=\"canonical\" href=\"https:\/\/www.q-bital.com\/fi_fi\/heritage\/\" \/>\n<meta property=\"og:locale\" content=\"fi_FI\" \/>\n<meta property=\"og:type\" content=\"article\" \/>\n<meta property=\"og:title\" content=\"Heritage - Q-bital Healthcare Solutions\" \/>\n<meta property=\"og:url\" content=\"https:\/\/www.q-bital.com\/fi_fi\/heritage\/\" \/>\n<meta property=\"og:site_name\" content=\"Q-bital Healthcare Solutions\" \/>\n<meta property=\"article:modified_time\" content=\"2024-01-18T10:20:31+00:00\" \/>\n<meta name=\"twitter:card\" content=\"summary_large_image\" \/>\n<meta name=\"twitter:label1\" content=\"Arvioitu lukuaika\" \/>\n\t<meta name=\"twitter:data1\" content=\"1 minuutti\" \/>\n<script type=\"application\/ld+json\" class=\"yoast-schema-graph\">{\"@context\":\"https:\\\/\\\/schema.org\",\"@graph\":[{\"@type\":\"WebPage\",\"@id\":\"https:\\\/\\\/www.q-bital.com\\\/heritage\\\/\",\"url\":\"https:\\\/\\\/www.q-bital.com\\\/heritage\\\/\",\"name\":\"Heritage - Q-bital Healthcare Solutions\",\"isPartOf\":{\"@id\":\"https:\\\/\\\/www.q-bital.com\\\/#website\"},\"datePublished\":\"2023-07-19T14:17:08+00:00\",\"dateModified\":\"2024-01-18T10:20:31+00:00\",\"inLanguage\":\"fi\",\"potentialAction\":[{\"@type\":\"ReadAction\",\"target\":[\"https:\\\/\\\/www.q-bital.com\\\/heritage\\\/\"]}]},{\"@type\":\"WebSite\",\"@id\":\"https:\\\/\\\/www.q-bital.com\\\/#website\",\"url\":\"https:\\\/\\\/www.q-bital.com\\\/\",\"name\":\"Q-bital Healthcare Solutions\",\"description\":\"\",\"potentialAction\":[{\"@type\":\"SearchAction\",\"target\":{\"@type\":\"EntryPoint\",\"urlTemplate\":\"https:\\\/\\\/www.q-bital.com\\\/?s={search_term_string}\"},\"query-input\":{\"@type\":\"PropertyValueSpecification\",\"valueRequired\":true,\"valueName\":\"search_term_string\"}}],\"inLanguage\":\"fi\"}]}<\/script>\n<!-- \/ Yoast SEO plugin. -->","yoast_head_json":{"title":"Perint\u00f6 - Q-bital Healthcare Solutions","robots":{"index":"index","follow":"follow","max-snippet":"max-snippet:-1","max-image-preview":"max-image-preview:large","max-video-preview":"max-video-preview:-1"},"canonical":"https:\/\/www.q-bital.com\/fi_fi\/heritage\/","og_locale":"fi_FI","og_type":"article","og_title":"Heritage - Q-bital Healthcare Solutions","og_url":"https:\/\/www.q-bital.com\/fi_fi\/heritage\/","og_site_name":"Q-bital Healthcare Solutions","article_modified_time":"2024-01-18T10:20:31+00:00","twitter_card":"summary_large_image","twitter_misc":{"Arvioitu lukuaika":"1 minuutti"},"schema":{"@context":"https:\/\/schema.org","@graph":[{"@type":"WebPage","@id":"https:\/\/www.q-bital.com\/heritage\/","url":"https:\/\/www.q-bital.com\/heritage\/","name":"Perint\u00f6 - Q-bital Healthcare Solutions","isPartOf":{"@id":"https:\/\/www.q-bital.com\/#website"},"datePublished":"2023-07-19T14:17:08+00:00","dateModified":"2024-01-18T10:20:31+00:00","inLanguage":"fi","potentialAction":[{"@type":"ReadAction","target":["https:\/\/www.q-bital.com\/heritage\/"]}]},{"@type":"WebSite","@id":"https:\/\/www.q-bital.com\/#website","url":"https:\/\/www.q-bital.com\/","name":"Q-bital Healthcare Solutions","description":"","potentialAction":[{"@type":"SearchAction","target":{"@type":"EntryPoint","urlTemplate":"https:\/\/www.q-bital.com\/?s={search_term_string}"},"query-input":{"@type":"PropertyValueSpecification","valueRequired":true,"valueName":"search_term_string"}}],"inLanguage":"fi"}]}},"_links":{"self":[{"href":"https:\/\/www.q-bital.com\/fi_fi\/wp-json\/wp\/v2\/pages\/674","targetHints":{"allow":["GET"]}}],"collection":[{"href":"https:\/\/www.q-bital.com\/fi_fi\/wp-json\/wp\/v2\/pages"}],"about":[{"href":"https:\/\/www.q-bital.com\/fi_fi\/wp-json\/wp\/v2\/types\/page"}],"author":[{"embeddable":true,"href":"https:\/\/www.q-bital.com\/fi_fi\/wp-json\/wp\/v2\/users\/2"}],"replies":[{"embeddable":true,"href":"https:\/\/www.q-bital.com\/fi_fi\/wp-json\/wp\/v2\/comments?post=674"}],"version-history":[{"count":0,"href":"https:\/\/www.q-bital.com\/fi_fi\/wp-json\/wp\/v2\/pages\/674\/revisions"}],"wp:attachment":[{"href":"https:\/\/www.q-bital.com\/fi_fi\/wp-json\/wp\/v2\/media?parent=674"}],"curies":[{"name":"wp","href":"https:\/\/api.w.org\/{rel}","templated":true}]}}