{"id":209,"date":"2023-06-14T14:38:36","date_gmt":"2023-06-14T14:38:36","guid":{"rendered":"https:\/\/www.q-bital.com\/?page_id=209"},"modified":"2023-08-30T15:11:30","modified_gmt":"2023-08-30T15:11:30","slug":"environment","status":"publish","type":"page","link":"https:\/\/www.q-bital.com\/fr_fr\/environment\/","title":{"rendered":"Environnement"},"content":{"rendered":"<section id=\"section-2-59\" class=\"ct-section\" style=\"background-image:url(https:\/\/www.q-bital.com\/wp-content\/uploads\/sites\/8\/2023\/05\/boulders-right.png);background-size: auto;\" >\n<div class=\"ct-section-inner-wrap\">\n<div id=\"div_block-8-59\" class=\"ct-div-block\" ><a id=\"link_text-6-59\" class=\"ct-link-text\" href=\"\/fr_fr\/\" target=\"_self\"  >Maison<\/a><\/p>\n<h1 id=\"headline-3-59\" class=\"ct-headline\"><span id=\"span-4-59\" class=\"ct-span\" >Environnement<\/span><\/h1>\n<\/div>\n<\/div>\n<\/section>\n<section id=\"section-68-14-text-left-white\" class=\"ct-section\" >\n<div class=\"ct-section-inner-wrap\">\n<div id=\"new_columns-69-14text-left-white\" class=\"ct-new-columns\" >\n<div id=\"div_block-70-14\" class=\"ct-div-block\" >\n<h2 id=\"headline-71-14\" class=\"ct-headline\">Nos engagements en mati\u00e8re de durabilit\u00e9 et de responsabilit\u00e9 sociale<\/h2>\n<div id=\"_rich_text-72-14\" class=\"oxy-rich-text\" >\n<p>Nous nous engageons \u00e0 devenir une organisation \u00e9cologiquement durable et socialement responsable qui cr\u00e9e des espaces de soins cliniques de premier plan au monde avec un impact minimal sur l&#039;environnement.<\/p>\n<p><strong>Nos objectifs<\/strong><\/p>\n<p>1. Nos pratiques commerciales \u00e9voluent constamment\u00a0; notre feuille de route environnementale nous engage \u00e0 \u00eatre neutres en carbone pour les \u00e9missions 1 et 2 d\u2019ici fin 2023 et \u00e0 devenir z\u00e9ro carbone net d\u2019ici 2035.<\/p>\n<p>2. Nous nous effor\u00e7ons constamment d&#039;offrir des produits et services qui aident nos clients \u00e0 atteindre leurs propres objectifs environnementaux. Nos Espaces de Sant\u00e9 seront neutres en carbone au quotidien d\u2019ici 2025.<\/p>\n<\/div>\n<\/div>\n<div id=\"div_block-74-14\" class=\"ct-div-block\" ><img decoding=\"async\"  id=\"image-75-14\" alt=\"\" src=\"https:\/\/www.q-bital.com\/wp-content\/uploads\/sites\/8\/2023\/07\/Solar-Panels.jpg\" class=\"ct-image\"\/><\/div>\n<\/div>\n<\/div>\n<\/section>\n<section id=\"section-88-34-blue\" class=\"ct-section\" >\n<div class=\"ct-section-inner-wrap\">\n<div id=\"new_columns-89-34-blue\" class=\"ct-new-columns\" >\n<div id=\"div_block-94-34\" class=\"ct-div-block\" ><img decoding=\"async\"  id=\"image-95-34\" alt=\"\" src=\"https:\/\/www.q-bital.com\/wp-content\/uploads\/sites\/8\/2023\/07\/CO2.jpg\" class=\"ct-image\"\/><\/div>\n<div id=\"div_block-90-34\" class=\"ct-div-block\" >\n<h2 id=\"headline-91-34\" class=\"ct-headline\">Nos engagements <\/h2>\n<div id=\"_rich_text-92-34\" class=\"oxy-rich-text\" >\n<ul>\n<li>Avoir un plan strat\u00e9gique clair \u00e0 long terme avec des objectifs fond\u00e9s sur des donn\u00e9es scientifiques pour garantir que nous atteignons nos objectifs \u00e0 long terme et que nous menons notre activit\u00e9 tactique annuelle.<\/li>\n<li>Publication annuelle d&#039;un <a href=\"\/fr_fr\/carbon-reduction-plan\/\">plan de r\u00e9duction du carbone<\/a><\/li>\n<li>Mesure annuelle de notre empreinte carbone<\/li>\n<li>Livrer un portefeuille modulaire de b\u00e2timents net z\u00e9ro d\u2019ici 2024 &nbsp;<\/li>\n<li>Garantir que nous disposons d\u2019une cha\u00eene d\u2019approvisionnement durable, utilisant des mat\u00e9riaux et des conceptions capables de prolonger la dur\u00e9e de vie de nos b\u00e2timents<\/li>\n<li>Maximiser le niveau de r\u00e9utilisation\/r\u00e9utilisation ou recyclage pour de futurs projets<\/li>\n<li>Augmenter l&#039;utilisation de sources d&#039;\u00e9nergie renouvelables dans nos locaux jusqu&#039;\u00e0 ce que nous soyons enti\u00e8rement aliment\u00e9s par des \u00e9nergies renouvelables en 2025.<\/li>\n<li>Transition vers une flotte \u00e9lectrique d\u2019ici 2025, en supprimant progressivement les v\u00e9hicules \u00e0 combustibles fossiles<\/li>\n<li>R\u00e9duire les \u00e9missions de la cha\u00eene d&#039;approvisionnement par 80%<\/li>\n<li>Investissement continu dans des projets d&#039;\u00e9limination du carbone qui s\u00e9questrent le carbone de l&#039;atmosph\u00e8re pour \u00e9liminer 500 tonnes de CO2 par an<\/li>\n<li>S&#039;assurer que notre cha\u00eene d&#039;approvisionnement dispose de pratiques en place pour r\u00e9duire leur impact environnemental, y compris le choix des mat\u00e9riaux.&nbsp;<\/li>\n<li>Aucun d\u00e9chet mis en d\u00e9charge<\/li>\n<\/ul>\n<p>D\u00e9couvrez notre voyage vers&nbsp;<a href=\"\/wp-content\/uploads\/sites\/8\/2023\/07\/Vanguard-Carbon-Net-Zero-Graphics-July-2023-1.pdf\" target=\"_blank\" rel=\"noopener\">Feuille de route carbone net z\u00e9ro<\/a><\/p>\n<\/div>\n<\/div>\n<\/div>\n<\/div>\n<\/section>\n<section id=\"section-68-14-text-left-white\" class=\"ct-section\" >\n<div class=\"ct-section-inner-wrap\">\n<div id=\"new_columns-69-14text-left-white\" class=\"ct-new-columns\" >\n<div id=\"div_block-70-14\" class=\"ct-div-block\" >\n<h2 id=\"headline-71-14\" class=\"ct-headline\">Comment nous fournissons des produits et services qui aident nos clients \u00e0 atteindre leurs objectifs environnementaux\u00a0:<\/h2>\n<div id=\"_rich_text-72-14\" class=\"oxy-rich-text\" >\n<ul>\n<li>Espaces de soins de sant\u00e9 fabriqu\u00e9s dans nos propres environnements contr\u00f4l\u00e9s en usine<\/li>\n<li>Les niveaux d&#039;ach\u00e8vement en usine du 80% minimisent les activit\u00e9s sur site<\/li>\n<li>Introduction de b\u00e2timents modulaires neutres en carbone dans notre portefeuille de services&nbsp;<\/li>\n<li>Tous les b\u00e2timents doivent atteindre les niveaux BREEAM \u00ab\u00a0Excellent\u00a0\u00bb en standard<\/li>\n<li>Livraison de b\u00e2timents \u00e9conomes en \u00e9nergie qui ne compromettent pas les exigences de s\u00e9curit\u00e9, pratiques ou fonctionnelles&nbsp;<\/li>\n<li>Utilisation de technologies modernes pour capturer et utiliser des sources d&#039;\u00e9nergie renouvelables afin de contr\u00f4ler les environnements d&#039;exploitation<\/li>\n<li>Modules de sous-structure de sous-plancher en b\u00e9ton \u00e0 ossature d&#039;acier fabriqu\u00e9s dans une usine neutre en carbone<\/li>\n<\/ul>\n<\/div>\n<\/div>\n<div id=\"div_block-74-14\" class=\"ct-div-block\" ><img decoding=\"async\"  id=\"image-75-14\" alt=\"\" src=\"https:\/\/www.q-bital.com\/wp-content\/uploads\/sites\/8\/2023\/07\/Roof.jpg\" class=\"ct-image\"\/><\/div>\n<\/div>\n<\/div>\n<\/section>\n<section id=\"section-88-34-blue\" class=\"ct-section\" >\n<div class=\"ct-section-inner-wrap\">\n<div id=\"new_columns-89-34-blue\" class=\"ct-new-columns\" >\n<div id=\"div_block-94-34\" class=\"ct-div-block\" ><img decoding=\"async\"  id=\"image-95-34\" alt=\"\" src=\"https:\/\/www.q-bital.com\/wp-content\/uploads\/sites\/8\/2023\/07\/Crane.jpg\" class=\"ct-image\"\/><\/div>\n<div id=\"div_block-90-34\" class=\"ct-div-block\" >\n<h2 id=\"headline-91-34\" class=\"ct-headline\">Une \u00e9conomie circulaire<\/h2>\n<div id=\"_rich_text-92-34\" class=\"oxy-rich-text\" >\n<p>Gr\u00e2ce \u00e0 leur conception adaptable et durable, les \u00e9tablissements de sant\u00e9 modulaires et mobiles jouent un r\u00f4le essentiel dans la promotion de l&#039;\u00e9conomie circulaire tout en offrant des avantages environnementaux et durables. L&#039;utilisation de composants modulaires permet un d\u00e9montage, un d\u00e9placement et une reconfiguration faciles, permettant ainsi aux services de sant\u00e9 d&#039;\u00eatre fournis efficacement l\u00e0 o\u00f9 ils sont n\u00e9cessaires.&nbsp;<\/p>\n<p>Cette flexibilit\u00e9 r\u00e9duit non seulement les co\u00fbts de construction et d&#039;exploitation, mais diminue \u00e9galement l&#039;empreinte environnementale associ\u00e9e aux structures de soins de sant\u00e9 fixes traditionnelles. De plus, les installations modulaires favorisent la r\u00e9utilisation et le recyclage des mat\u00e9riaux, contribuant ainsi \u00e0 l&#039;\u00e9conomie circulaire en prolongeant leur dur\u00e9e de vie et en r\u00e9duisant la demande de nouvelles ressources.&nbsp;<\/p>\n<\/div>\n<\/div>\n<\/div>\n<\/div>\n<\/section>\n<section id=\"section-332-315\" class=\"ct-section\" >\n<div class=\"ct-section-inner-wrap\">\n<div id=\"new_columns-333-315\" class=\"ct-new-columns\" >\n<div id=\"div_block-334-315\" class=\"ct-div-block\" >\n<div id=\"div_block-345-315\" class=\"ct-div-block box-shadow\" >\n<div id=\"_rich_text-346-315\" class=\"oxy-rich-text\" >\n<h3>Notre cha\u00eene d&#039;approvisionnement<\/h3>\n<p>\u2022 Nos modules de sous-structure en b\u00e9ton \u00e0 ossature d&#039;acier sont fabriqu\u00e9s dans une usine neutre en carbone.<\/p>\n<p>\u2022 Nos syst\u00e8mes de murs sont sp\u00e9cifi\u00e9s et con\u00e7us pour nos b\u00e2timents, r\u00e9duisant ainsi les d\u00e9chets et la reprise des d\u00e9fauts.<\/p>\n<p>\u2022 Nous travaillons avec nos cha\u00eenes d&#039;approvisionnement pour r\u00e9duire leur impact environnemental gr\u00e2ce aux mat\u00e9riaux s\u00e9lectionn\u00e9s et \u00e0 leurs propres pratiques.<\/p>\n<\/div>\n<\/div>\n<\/div>\n<div id=\"div_block-335-315\" class=\"ct-div-block\" >\n<div id=\"div_block-342-315\" class=\"ct-div-block box-shadow\" >\n<div id=\"_rich_text-337-315\" class=\"oxy-rich-text\" >\n<h3>Environnement contr\u00f4l\u00e9 en usine<\/h3>\n<p>\u2022 Les retouches et les \u00e9pisodes de d\u00e9fauts sont minimis\u00e9s<\/p>\n<p>\u2022 R\u00e9duire le gaspillage de mat\u00e9riaux gr\u00e2ce au contr\u00f4le de la production<\/p>\n<p>\u2022 Augmenter nos niveaux de tri et de recyclage des d\u00e9chets<\/p>\n<\/div>\n<\/div>\n<\/div>\n<\/div>\n<div id=\"new_columns-350-315\" class=\"ct-new-columns\" >\n<div id=\"div_block-351-315\" class=\"ct-div-block\" >\n<div id=\"div_block-354-315\" class=\"ct-div-block box-shadow\" >\n<div id=\"_rich_text-355-315\" class=\"oxy-rich-text\" >\n<h3>Conceptions \u00e9conomes en \u00e9nergie<\/h3>\n<p>\u2022 Utiliser la lumi\u00e8re naturelle et la ventilation lorsque cela est possible<\/p>\n<p>\u2022 Fournir des valeurs d&#039;isolation \u00e9lev\u00e9es dans nos syst\u00e8mes modulaires de murs, de toitures et de vitrages<\/p>\n<p>\u2022 Captage d&#039;\u00e9nergie lorsque cela est possible<\/p>\n<p>\u2022 Murs verts<\/p>\n<\/div>\n<\/div>\n<\/div>\n<div id=\"div_block-356-315\" class=\"ct-div-block\" >\n<div id=\"div_block-359-315\" class=\"ct-div-block box-shadow\" >\n<div id=\"_rich_text-360-315\" class=\"oxy-rich-text\" >\n<h3>Utilisation de technologies modernes et durables<\/h3>\n<p>\u2022 Options de chauffage par le sol\/air<\/p>\n<p>\u2022 Panneaux photovolta\u00efques<\/p>\n<p>\u2022 Surveillance int\u00e9gr\u00e9e du CO2<\/p>\n<p>\u2022 R\u00e9cup\u00e9ration des eaux de pluie<\/p>\n<\/div>\n<\/div>\n<\/div>\n<\/div>\n<\/div>\n<\/section>\n<section id=\"section-68-14-text-left-white\" class=\"ct-section\" >\n<div class=\"ct-section-inner-wrap\">\n<div id=\"new_columns-69-14text-left-white\" class=\"ct-new-columns\" >\n<div id=\"div_block-70-14\" class=\"ct-div-block\" >\n<h2 id=\"headline-71-14\" class=\"ct-headline\">Responsabilit\u00e9 sociale<\/h2>\n<div id=\"_rich_text-72-14\" class=\"oxy-rich-text\" >\n<p>Nous utilisons notre port\u00e9e d&#039;entreprise au profit de l&#039;environnement, des communaut\u00e9s et fournissons des espaces de sant\u00e9 s\u00fbrs et de haute qualit\u00e9.&nbsp;<\/p>\n<p>Nous nous concentrons sur\u00a0:<\/p>\n<ul>\n<li>Atteindre les normes ISO14001 et 45001<\/li>\n<li>Travailler avec des fiducies de conservation de la faune pour am\u00e9liorer la qualit\u00e9 des rivi\u00e8res et des canaux du Royaume-Uni&nbsp;<\/li>\n<li>Proposer aux employ\u00e9s un travail b\u00e9n\u00e9vole r\u00e9mun\u00e9r\u00e9 avec l&#039;\u00e9quipe Ark Business Conservation<\/li>\n<li>Am\u00e9liorer les chances de vie des jeunes en ayant acc\u00e8s \u00e0 un travail dans le domaine de la sant\u00e9 et de l&#039;ing\u00e9nierie de la sant\u00e9. Les apprentissages et mentorats cibl\u00e9s repr\u00e9sentent 10% de notre effectif<\/li>\n<li>Formation 10% de notre effectif pour devenir secouristes en sant\u00e9 mentale<\/li>\n<li>Soutenir les causes des Premi\u00e8res nations d&#039;Australie via des opportunit\u00e9s de volontariat r\u00e9mun\u00e9r\u00e9<\/li>\n<li>Am\u00e9liorer les environnements de travail<\/li>\n<li>Soutenir les organismes de sant\u00e9 et le secteur priv\u00e9 de la sant\u00e9 pour aider les patients \u00e0 retourner au travail ou \u00e0 leurs responsabilit\u00e9s de soins.<\/li>\n<li>Cr\u00e9er un sentiment de responsabilit\u00e9 partag\u00e9e au sein de notre entreprise gr\u00e2ce \u00e0 la formation et au d\u00e9veloppement, aux voies et syst\u00e8mes de communication.<\/li>\n<li>Obtenir l\u2019accr\u00e9ditation B Corp d\u2019ici 2025 pour refl\u00e9ter notre engagement \u00e0 respecter des normes \u00e9lev\u00e9es de performance sociale et environnementale, de transparence et de responsabilit\u00e9.&nbsp;<\/li>\n<\/ul>\n<p>Consultez notre <a href=\"\/wp-content\/uploads\/sites\/8\/2023\/07\/Vanguard-Corp-Responsibilty-Graphics-July-2023-1.pdf\" target=\"_blank\" rel=\"noopener\">feuille de route du parcours de responsabilit\u00e9 sociale des entreprises<\/a><\/p>\n<\/div>\n<\/div>\n<div id=\"div_block-74-14\" class=\"ct-div-block\" ><img decoding=\"async\"  id=\"image-75-14\" alt=\"\" src=\"https:\/\/www.q-bital.com\/wp-content\/uploads\/sites\/8\/2023\/07\/Social-Responsibility.jpg\" class=\"ct-image\"\/><\/div>\n<\/div>\n<\/div>\n<\/section>\n<section id=\"section-88-34-blue\" class=\"ct-section\" >\n<div class=\"ct-section-inner-wrap\">\n<div id=\"new_columns-89-34-blue\" class=\"ct-new-columns\" >\n<div id=\"div_block-94-34\" class=\"ct-div-block\" ><img decoding=\"async\"  id=\"image-95-34\" alt=\"\" src=\"https:\/\/www.q-bital.com\/wp-content\/uploads\/sites\/8\/2023\/05\/Staffed-operating-theatre1.jpg\" class=\"ct-image\"\/><\/div>\n<div id=\"div_block-90-34\" class=\"ct-div-block\" >\n<h2 id=\"headline-91-34\" class=\"ct-headline\">Nos sous-traitants et gestion de la cha\u00eene d\u2019approvisionnement<\/h2>\n<div id=\"_rich_text-92-34\" class=\"oxy-rich-text\" >\n<p>Nous veillons \u00e0 ce que nos sous-traitants satisfassent aux normes op\u00e9rationnelles les plus \u00e9lev\u00e9es en mati\u00e8re de sant\u00e9 et de s\u00e9curit\u00e9, ainsi qu&#039;aux exigences l\u00e9gales et de r\u00e9gularit\u00e9 pertinentes telles que la loi sur l&#039;\u00e9galit\u00e9, et <a href=\"..\/modern-slavery-and-human-trafficking-statement\/\">Loi sur l&#039;esclavage moderne et la traite des \u00eatres humains<\/a>.&nbsp;<\/p>\n<p>Nous nous engageons \u00e0 appliquer des pratiques de paiement \u00e9quitables, comme indiqu\u00e9 dans les directives de l&#039;ancien Bureau du commerce gouvernemental et les principes de Construction 2025\u00a0:&nbsp;<\/p>\n<ul>\n<li>Transparence dans les proc\u00e9dures de paiement&nbsp;<\/li>\n<li>Confirmation des paiements par rapport aux \u00e9tapes&nbsp;<\/li>\n<li>Tous les montants retenus en r\u00e9tention avec dur\u00e9e et motif.&nbsp;<\/li>\n<\/ul>\n<p>Nous sommes un membre accr\u00e9dit\u00e9 du Consid\u00e9rate Contractors Scheme et op\u00e9rons \u00e0 travers une cha\u00eene d\u2019approvisionnement de partenaires pr\u00e9cieux.&nbsp;<\/p>\n<\/div>\n<\/div>\n<\/div>\n<\/div>\n<\/section>\n<section id=\"section-68-14-text-left-white\" class=\"ct-section\" >\n<div class=\"ct-section-inner-wrap\">\n<div id=\"new_columns-69-14text-left-white\" class=\"ct-new-columns\" >\n<div id=\"div_block-70-14\" class=\"ct-div-block\" >\n<h2 id=\"headline-71-14\" class=\"ct-headline\">Gouvernance<\/h2>\n<div id=\"_rich_text-72-14\" class=\"oxy-rich-text\" >\n<p>Nos politiques de gouvernance rigoureuses soutiennent la s\u00e9curit\u00e9 et la conformit\u00e9. La s\u00e9curit\u00e9 des patients, de nos clients et de notre personnel est au centre de tout ce que nous faisons. Notre syst\u00e8me de gouvernance a \u00e9t\u00e9 con\u00e7u pour \u00eatre robuste et offrir une am\u00e9lioration continue.<\/p>\n<p>Notre politique de gouvernance int\u00e9gr\u00e9e active est con\u00e7ue pour soutenir la fourniture d\u2019un service s\u00fbr et conforme. Nous auditons cette politique et surveillons ses r\u00e9sultats \u00e0 tous les niveaux de notre organisation. Dans les rares cas o\u00f9 les choses ne se sont pas d\u00e9roul\u00e9es comme pr\u00e9vu, nous les avons corrig\u00e9es et utilis\u00e9 les enseignements tir\u00e9s pour am\u00e9liorer nos futurs services.<\/p>\n<p>Un processus qualit\u00e9 rigoureux est en place pour identifier et r\u00e9soudre tout probl\u00e8me clinique et g\u00e9rer tous les risques. Cela comprend des processus d&#039;audit internes et externes pour surveiller et v\u00e9rifier les services fournis.<\/p>\n<\/div>\n<\/div>\n<div id=\"div_block-74-14\" class=\"ct-div-block\" ><img decoding=\"async\"  id=\"image-75-14\" alt=\"\" src=\"https:\/\/www.q-bital.com\/wp-content\/uploads\/sites\/8\/2023\/07\/Governance.jpg\" class=\"ct-image\"\/><\/div>\n<\/div>\n<\/div>\n<\/section>","protected":false},"excerpt":{"rendered":"","protected":false},"author":2,"featured_media":0,"parent":0,"menu_order":0,"comment_status":"closed","ping_status":"closed","template":"","meta":{"_acf_changed":false,"footnotes":""},"class_list":["post-209","page","type-page","status-publish","hentry"],"acf":[],"yoast_head":"<!-- This site is optimized with the Yoast SEO plugin v27.5 - https:\/\/yoast.com\/product\/yoast-seo-wordpress\/ -->\n<title>Environment - Q-bital Healthcare Solutions<\/title>\n<meta name=\"robots\" content=\"index, follow, max-snippet:-1, max-image-preview:large, max-video-preview:-1\" \/>\n<link rel=\"canonical\" href=\"https:\/\/www.q-bital.com\/fr_fr\/environment\/\" \/>\n<meta property=\"og:locale\" content=\"fr_FR\" \/>\n<meta property=\"og:type\" content=\"article\" \/>\n<meta property=\"og:title\" content=\"Environment - Q-bital Healthcare Solutions\" \/>\n<meta property=\"og:url\" content=\"https:\/\/www.q-bital.com\/fr_fr\/environment\/\" \/>\n<meta property=\"og:site_name\" content=\"Q-bital Healthcare Solutions\" \/>\n<meta property=\"article:modified_time\" content=\"2023-08-30T15:11:30+00:00\" \/>\n<meta name=\"twitter:card\" content=\"summary_large_image\" \/>\n<script type=\"application\/ld+json\" class=\"yoast-schema-graph\">{\"@context\":\"https:\\\/\\\/schema.org\",\"@graph\":[{\"@type\":\"WebPage\",\"@id\":\"https:\\\/\\\/www.q-bital.com\\\/environment\\\/\",\"url\":\"https:\\\/\\\/www.q-bital.com\\\/environment\\\/\",\"name\":\"Environment - Q-bital Healthcare Solutions\",\"isPartOf\":{\"@id\":\"https:\\\/\\\/www.q-bital.com\\\/#website\"},\"datePublished\":\"2023-06-14T14:38:36+00:00\",\"dateModified\":\"2023-08-30T15:11:30+00:00\",\"inLanguage\":\"fr-FR\",\"potentialAction\":[{\"@type\":\"ReadAction\",\"target\":[\"https:\\\/\\\/www.q-bital.com\\\/environment\\\/\"]}]},{\"@type\":\"WebSite\",\"@id\":\"https:\\\/\\\/www.q-bital.com\\\/#website\",\"url\":\"https:\\\/\\\/www.q-bital.com\\\/\",\"name\":\"Q-bital Healthcare Solutions\",\"description\":\"\",\"potentialAction\":[{\"@type\":\"SearchAction\",\"target\":{\"@type\":\"EntryPoint\",\"urlTemplate\":\"https:\\\/\\\/www.q-bital.com\\\/?s={search_term_string}\"},\"query-input\":{\"@type\":\"PropertyValueSpecification\",\"valueRequired\":true,\"valueName\":\"search_term_string\"}}],\"inLanguage\":\"fr-FR\"}]}<\/script>\n<!-- \/ Yoast SEO plugin. -->","yoast_head_json":{"title":"Environnement - Q-bital Healthcare Solutions","robots":{"index":"index","follow":"follow","max-snippet":"max-snippet:-1","max-image-preview":"max-image-preview:large","max-video-preview":"max-video-preview:-1"},"canonical":"https:\/\/www.q-bital.com\/fr_fr\/environment\/","og_locale":"fr_FR","og_type":"article","og_title":"Environment - Q-bital Healthcare Solutions","og_url":"https:\/\/www.q-bital.com\/fr_fr\/environment\/","og_site_name":"Q-bital Healthcare Solutions","article_modified_time":"2023-08-30T15:11:30+00:00","twitter_card":"summary_large_image","schema":{"@context":"https:\/\/schema.org","@graph":[{"@type":"WebPage","@id":"https:\/\/www.q-bital.com\/environment\/","url":"https:\/\/www.q-bital.com\/environment\/","name":"Environnement - Q-bital Healthcare Solutions","isPartOf":{"@id":"https:\/\/www.q-bital.com\/#website"},"datePublished":"2023-06-14T14:38:36+00:00","dateModified":"2023-08-30T15:11:30+00:00","inLanguage":"fr-FR","potentialAction":[{"@type":"ReadAction","target":["https:\/\/www.q-bital.com\/environment\/"]}]},{"@type":"WebSite","@id":"https:\/\/www.q-bital.com\/#website","url":"https:\/\/www.q-bital.com\/","name":"Q-bital Healthcare Solutions","description":"","potentialAction":[{"@type":"SearchAction","target":{"@type":"EntryPoint","urlTemplate":"https:\/\/www.q-bital.com\/?s={search_term_string}"},"query-input":{"@type":"PropertyValueSpecification","valueRequired":true,"valueName":"search_term_string"}}],"inLanguage":"fr-FR"}]}},"_links":{"self":[{"href":"https:\/\/www.q-bital.com\/fr_fr\/wp-json\/wp\/v2\/pages\/209","targetHints":{"allow":["GET"]}}],"collection":[{"href":"https:\/\/www.q-bital.com\/fr_fr\/wp-json\/wp\/v2\/pages"}],"about":[{"href":"https:\/\/www.q-bital.com\/fr_fr\/wp-json\/wp\/v2\/types\/page"}],"author":[{"embeddable":true,"href":"https:\/\/www.q-bital.com\/fr_fr\/wp-json\/wp\/v2\/users\/2"}],"replies":[{"embeddable":true,"href":"https:\/\/www.q-bital.com\/fr_fr\/wp-json\/wp\/v2\/comments?post=209"}],"version-history":[{"count":0,"href":"https:\/\/www.q-bital.com\/fr_fr\/wp-json\/wp\/v2\/pages\/209\/revisions"}],"wp:attachment":[{"href":"https:\/\/www.q-bital.com\/fr_fr\/wp-json\/wp\/v2\/media?parent=209"}],"curies":[{"name":"wp","href":"https:\/\/api.w.org\/{rel}","templated":true}]}}