{"id":455,"date":"2023-07-03T14:28:23","date_gmt":"2023-07-03T14:28:23","guid":{"rendered":"https:\/\/www.q-bital.com\/?page_id=455"},"modified":"2023-09-07T11:11:00","modified_gmt":"2023-09-07T11:11:00","slug":"procurement","status":"publish","type":"page","link":"https:\/\/www.q-bital.com\/fr_fr\/procurement\/","title":{"rendered":"Approvisionnement"},"content":{"rendered":"<section id=\"section-2-59\" class=\"ct-section\" style=\"background-image:url(https:\/\/www.q-bital.com\/wp-content\/uploads\/sites\/8\/2023\/05\/boulders-right.png);background-size: auto;\" >\n<div class=\"ct-section-inner-wrap\">\n<div id=\"div_block-8-59\" class=\"ct-div-block\" ><a id=\"link_text-6-59\" class=\"ct-link-text\" href=\"\/fr_fr\/\" target=\"_self\"  >Maison<\/a><\/p>\n<h1 id=\"headline-3-59\" class=\"ct-headline\"><span id=\"span-4-59\" class=\"ct-span\" >Approvisionnement<\/span><\/h1>\n<\/div>\n<\/div>\n<\/section>\n<section id=\"section-68-14-text-left-white\" class=\"ct-section\" >\n<div class=\"ct-section-inner-wrap\">\n<div id=\"new_columns-69-14text-left-white\" class=\"ct-new-columns\" >\n<div id=\"div_block-70-14\" class=\"ct-div-block\" >\n<h2 id=\"headline-71-14\" class=\"ct-headline\">Plans d&#039;approvisionnement adapt\u00e9s \u00e0 vos besoins<\/h2>\n<div id=\"_rich_text-72-14\" class=\"oxy-rich-text\" >\n<p dir=\"ltr\">Nous sommes sp\u00e9cialis\u00e9s dans l&#039;offre de solutions pour \u00e9tablissements de sant\u00e9 qui peuvent \u00eatre standardis\u00e9es ou sur mesure, lou\u00e9es ou achet\u00e9es, en fonction de vos besoins.&nbsp;<\/p>\n<p dir=\"ltr\">Nous proposons une gamme d\u2019options contractuelles et pouvons r\u00e9pondre \u00e0 vos priorit\u00e9s en mati\u00e8re de d\u00e9penses d\u2019investissement ou de fonctionnement. Nos espaces de soins de sant\u00e9 sont disponibles sur plusieurs cadres diff\u00e9rents pour plus de simplicit\u00e9 et de commodit\u00e9.&nbsp;<a href=\"\/fr_fr\/our-team\/\">Notre \u00e9quipe<\/a>&nbsp;vous guidera \u00e0 travers les options et vous guidera \u00e0 chaque \u00e9tape du processus.<\/p>\n<\/div>\n<\/div>\n<div id=\"div_block-74-14\" class=\"ct-div-block\" ><img decoding=\"async\"  id=\"image-75-14\" alt=\"\" src=\"https:\/\/www.q-bital.com\/wp-content\/uploads\/sites\/8\/2023\/05\/Staffed-operating-theatre1.jpg\" class=\"ct-image\"\/><\/div>\n<\/div>\n<\/div>\n<\/section>\n<section id=\"section-88-34-blue\" class=\"ct-section\" >\n<div class=\"ct-section-inner-wrap\">\n<div id=\"new_columns-89-34-blue\" class=\"ct-new-columns\" >\n<div id=\"div_block-94-34\" class=\"ct-div-block\" ><img decoding=\"async\"  id=\"image-95-34\" alt=\"\" src=\"https:\/\/www.q-bital.com\/wp-content\/uploads\/sites\/8\/2023\/09\/CO2_v2-1024x1024.jpg\" class=\"ct-image\"\/><\/div>\n<div id=\"div_block-90-34\" class=\"ct-div-block\" >\n<h2 id=\"headline-91-34\" class=\"ct-headline\">Valeur environnementale, sociale et gouvernance (ESG)<\/h2>\n<div id=\"_rich_text-92-34\" class=\"oxy-rich-text\" >\n<p dir=\"ltr\">Nous prenons au s\u00e9rieux nos responsabilit\u00e9s \u00e9thiques, durables et sociales et int\u00e9grons et appliquons syst\u00e9matiquement nos valeurs sociales d\u2019entreprise \u00e0 nos op\u00e9rations commerciales. En tant qu&#039;entreprise internationale, nous accordons la priorit\u00e9 \u00e0 la recherche de moyens de r\u00e9duire les kilom\u00e8tres parcourus et les d\u00e9placements internationaux autant que possible. Lorsque cela n\u2019est pas r\u00e9alisable, nous compensons l\u2019impact environnemental de nos voyages.<\/p>\n<p dir=\"ltr\">En tant que fournisseur cl\u00e9 des prestataires de soins de sant\u00e9, nous avons des responsabilit\u00e9s qui doivent se refl\u00e9ter dans nos op\u00e9rations et notre cha\u00eene d&#039;approvisionnement. Nous souhaitons voir ces valeurs \u00e9thiques d\u00e9montr\u00e9es par nos fournisseurs qui sont essentiels \u00e0 notre fa\u00e7on de fonctionner, en nous tournant \u00e0 l&#039;avenir vers nos principaux fournisseurs ayant les normes ISO 14001 et 45001 ou d&#039;autres accr\u00e9ditations professionnelles pertinentes.&nbsp;&nbsp;<\/p>\n<p dir=\"ltr\">Nous attendons que tous nos fournisseurs se conforment aux lois, r\u00e9glementations et normes environnementales applicables. S&#039;ils ne le font pas d\u00e9j\u00e0, nous leur demandons de mettre en place des syst\u00e8mes et des contr\u00f4les pour identifier et \u00e9liminer les dangers potentiels pour le&nbsp;<a href=\"\/fr_fr\/environment\/\">environnement<\/a>, qui sont proportionn\u00e9s au risque.&nbsp;<\/p>\n<p>&nbsp;<\/p>\n<p>&nbsp;<\/p>\n<\/div>\n<\/div>\n<\/div>\n<\/div>\n<\/section>\n<section id=\"section-68-14-text-left-white\" class=\"ct-section\" >\n<div class=\"ct-section-inner-wrap\">\n<div id=\"new_columns-69-14text-left-white\" class=\"ct-new-columns\" >\n<div id=\"div_block-70-14\" class=\"ct-div-block\" >\n<h2 id=\"headline-71-14\" class=\"ct-headline\">Notre cha\u00eene d&#039;approvisionnement<\/h2>\n<div id=\"_rich_text-72-14\" class=\"oxy-rich-text\" >\n<p dir=\"ltr\">Notre cha\u00eene d&#039;approvisionnement s&#039;\u00e9tend au Royaume-Uni, en Europe ou en Australie. Nous sommes clairs dans nos contrats et relations commerciales sur les normes de fonctionnement de nos fournisseurs.&nbsp;&nbsp;<\/p>\n<p dir=\"ltr\">Nous int\u00e9grons nos valeurs ESG dans nos op\u00e9rations, nos collaborateurs et notre cha\u00eene d\u2019approvisionnement. Nous soutenons notre cha\u00eene d&#039;approvisionnement l\u00e0 o\u00f9 il est n\u00e9cessaire de s&#039;adapter pour atteindre nos objectifs.&nbsp;<a href=\"..\/environment\/\">Objectifs ESG<\/a>.&nbsp;<\/p>\n<p dir=\"ltr\">Notre strat\u00e9gie ESG s\u2019appuie sur :<\/p>\n<ul>\n<li dir=\"ltr\" aria-level=\"1\">\n<p dir=\"ltr\" role=\"presentation\">Responsabilit\u00e9s en tant que fournisseur cl\u00e9 du NHS<\/p>\n<\/li>\n<li dir=\"ltr\" aria-level=\"1\">\n<p dir=\"ltr\" role=\"presentation\">Objectifs partag\u00e9s tels que d\u00e9finis dans le plan vert du NHS<\/p>\n<\/li>\n<li dir=\"ltr\" aria-level=\"1\">\n<p dir=\"ltr\" role=\"presentation\">D\u00e9sir d\u2019op\u00e9rer de mani\u00e8re \u00e9thique et responsable<\/p>\n<\/li>\n<li dir=\"ltr\" aria-level=\"1\">\n<p dir=\"ltr\" role=\"presentation\">Pr\u00e9paration \u00e0 la r\u00e9glementation ESG<\/p>\n<\/li>\n<li dir=\"ltr\" aria-level=\"1\">\n<p dir=\"ltr\" role=\"presentation\">Capacit\u00e9 \u00e0 d\u00e9montrer notre engagement envers les op\u00e9rations ESG et \u00e9thiques aupr\u00e8s des investisseurs (actuels et futurs)<\/p>\n<\/li>\n<\/ul>\n<\/div>\n<\/div>\n<div id=\"div_block-74-14\" class=\"ct-div-block\" ><img decoding=\"async\"  id=\"image-75-14\" alt=\"\" src=\"https:\/\/www.q-bital.com\/wp-content\/uploads\/sites\/8\/2023\/08\/Hospital_ward_delivery2-1024x768.jpg\" class=\"ct-image\"\/><\/div>\n<\/div>\n<\/div>\n<\/section>\n<section id=\"section-88-34-blue\" class=\"ct-section\" >\n<div class=\"ct-section-inner-wrap\">\n<div id=\"new_columns-89-34-blue\" class=\"ct-new-columns\" >\n<div id=\"div_block-94-34\" class=\"ct-div-block\" ><img decoding=\"async\"  id=\"image-95-34\" alt=\"\" src=\"https:\/\/www.q-bital.com\/wp-content\/uploads\/sites\/8\/2023\/06\/modular-surgical-hub-1024x683.jpg\" class=\"ct-image\"\/><\/div>\n<div id=\"div_block-90-34\" class=\"ct-div-block\" >\n<h2 id=\"headline-91-34\" class=\"ct-headline\">Nous \u00e9valuons nos fournisseurs en fonction du risque et de leur maturit\u00e9<\/h2>\n<div id=\"_rich_text-92-34\" class=\"oxy-rich-text\" >\n<p dir=\"ltr\">Nous consid\u00e9rons nos fournisseurs\u00a0:<\/p>\n<ul>\n<li dir=\"ltr\" aria-level=\"1\">\n<p dir=\"ltr\" role=\"presentation\"><a href=\"..\/environment\/\">Responsabilit\u00e9 sociale des entreprises<\/a>&nbsp;(RSE)<\/p>\n<\/li>\n<li dir=\"ltr\" aria-level=\"1\">\n<p dir=\"ltr\" role=\"presentation\">Efficacit\u00e9 \u00e9nerg\u00e9tique et carburant<\/p>\n<\/li>\n<li dir=\"ltr\" aria-level=\"1\">\n<p dir=\"ltr\" role=\"presentation\">Politiques de sant\u00e9 et de s\u00e9curit\u00e9<\/p>\n<\/li>\n<li dir=\"ltr\" aria-level=\"1\">\n<p dir=\"ltr\" role=\"presentation\">Politiques de transport<\/p>\n<\/li>\n<li dir=\"ltr\" aria-level=\"1\">\n<p dir=\"ltr\" role=\"presentation\">Utilisation de l&#039;emploi local<\/p>\n<\/li>\n<li dir=\"ltr\" aria-level=\"1\">\n<p dir=\"ltr\" role=\"presentation\">Dossier d&#039;apprentissage et de formation<\/p>\n<\/li>\n<\/ul>\n<p dir=\"ltr\">En tant que fournisseur de solutions de soins de sant\u00e9, nous sommes ax\u00e9s sur le patient. \u00c0 tout moment, nos priorit\u00e9s reposent sur les soins et la s\u00e9curit\u00e9 des patients et de nos clients\u00a0; nous attendons de nos fournisseurs qu\u2019ils partagent ces priorit\u00e9s.&nbsp;&nbsp;<\/p>\n<p dir=\"ltr\">Notre r\u00e9putation repose sur notre capacit\u00e9 \u00e0 fournir des espaces de sant\u00e9 de haute qualit\u00e9. \u00c0 mesure que nos exigences r\u00e9glementaires augmentent, nous souhaitons retenir les fournisseurs qui respectent nos normes afin de pouvoir continuer \u00e0 b\u00e2tir sur notre succ\u00e8s jusqu&#039;\u00e0 pr\u00e9sent.<\/p>\n<\/div>\n<\/div>\n<\/div>\n<\/div>\n<\/section>\n<section id=\"section-68-14-text-left-white\" class=\"ct-section\" >\n<div class=\"ct-section-inner-wrap\">\n<div id=\"new_columns-69-14text-left-white\" class=\"ct-new-columns\" >\n<div id=\"div_block-70-14\" class=\"ct-div-block\" >\n<h2 id=\"headline-71-14\" class=\"ct-headline\">M\u00e9thodes modernes de construction et d\u2019innovation<\/h2>\n<div id=\"_rich_text-72-14\" class=\"oxy-rich-text\" >\n<p dir=\"ltr\">Tout en restant comp\u00e9titifs, nous veillons \u00e0 ce que notre cha\u00eene d&#039;approvisionnement soutienne nos ambitions d&#039;entreprise, en explorant et en testant de nouveaux produits, mat\u00e9riaux et services.<\/p>\n<\/div>\n<\/div>\n<div id=\"div_block-74-14\" class=\"ct-div-block\" ><img decoding=\"async\"  id=\"image-75-14\" alt=\"\" src=\"https:\/\/www.q-bital.com\/wp-content\/uploads\/sites\/8\/2023\/09\/Mobile_hospital_ward_first_floor_elevation_q-bital.jpg\" class=\"ct-image\"\/><\/div>\n<\/div>\n<\/div>\n<\/section>\n<section id=\"section-88-34-blue\" class=\"ct-section\" >\n<div class=\"ct-section-inner-wrap\">\n<div id=\"new_columns-89-34-blue\" class=\"ct-new-columns\" >\n<div id=\"div_block-94-34\" class=\"ct-div-block\" ><img decoding=\"async\"  id=\"image-95-34\" alt=\"\" src=\"https:\/\/www.q-bital.com\/wp-content\/uploads\/sites\/8\/2023\/09\/ESG_-_Earth_with_stethoscope-1017x1024.jpg\" class=\"ct-image\"\/><\/div>\n<div id=\"div_block-90-34\" class=\"ct-div-block\" >\n<h2 id=\"headline-91-34\" class=\"ct-headline\">Durabilit\u00e9<\/h2>\n<div id=\"_rich_text-92-34\" class=\"oxy-rich-text\" >\n<p dir=\"ltr\">Nous sommes un groupe international et nous sommes en route vers la neutralit\u00e9 carbone. En nous appuyant sur notre engagement existant, nous continuerons d&#039;am\u00e9liorer nos r\u00e9f\u00e9rences environnementales pour nous permettre d&#039;atteindre les objectifs de d\u00e9veloppement durable que nous nous sommes fix\u00e9s dans notre&nbsp;<a href=\"..\/environment\/\">Strat\u00e9gie ESG<\/a>&nbsp;2022-2035.<\/p>\n<\/div>\n<\/div>\n<\/div>\n<\/div>\n<\/section>\n<section id=\"section-144-59\" class=\"ct-section\" >\n<div class=\"ct-section-inner-wrap\">\n<div id=\"new_columns-145-59\" class=\"ct-new-columns\" >\n<div id=\"div_block-146-59\" class=\"ct-div-block\" >\n<div id=\"_rich_text-9-63\" class=\"oxy-rich-text\" >\n<p>Trouver une solution qui fonctionne pour votre h\u00f4pital commence ici\u2026<\/p>\n<\/div>\n<p><a id=\"link_button-149-59\" class=\"ct-link-button\" href=\"\/fr_fr\/contact\/\" target=\"_self\"  >Entrer en contact<\/a><\/div>\n<div id=\"div_block-150-59\" class=\"ct-div-block\" ><img decoding=\"async\"  id=\"image-151-59\" alt=\"\" src=\"https:\/\/www.q-bital.com\/wp-content\/uploads\/2023\/06\/kettering-2-scaled.jpg\" class=\"ct-image\"\/><\/div>\n<\/div>\n<\/div>\n<\/section>","protected":false},"excerpt":{"rendered":"","protected":false},"author":2,"featured_media":0,"parent":0,"menu_order":0,"comment_status":"closed","ping_status":"closed","template":"","meta":{"_acf_changed":false,"footnotes":""},"class_list":["post-455","page","type-page","status-publish","hentry"],"acf":[],"yoast_head":"<!-- This site is optimized with the Yoast SEO plugin v27.5 - https:\/\/yoast.com\/product\/yoast-seo-wordpress\/ -->\n<title>Procurement - Q-bital Healthcare Solutions<\/title>\n<meta name=\"robots\" content=\"index, follow, max-snippet:-1, max-image-preview:large, max-video-preview:-1\" \/>\n<link rel=\"canonical\" href=\"https:\/\/www.q-bital.com\/fr_fr\/procurement\/\" \/>\n<meta property=\"og:locale\" content=\"fr_FR\" \/>\n<meta property=\"og:type\" content=\"article\" \/>\n<meta property=\"og:title\" content=\"Procurement - Q-bital Healthcare Solutions\" \/>\n<meta property=\"og:url\" content=\"https:\/\/www.q-bital.com\/fr_fr\/procurement\/\" \/>\n<meta property=\"og:site_name\" content=\"Q-bital Healthcare Solutions\" \/>\n<meta property=\"article:modified_time\" content=\"2023-09-07T11:11:00+00:00\" \/>\n<meta name=\"twitter:card\" content=\"summary_large_image\" \/>\n<script type=\"application\/ld+json\" class=\"yoast-schema-graph\">{\"@context\":\"https:\\\/\\\/schema.org\",\"@graph\":[{\"@type\":\"WebPage\",\"@id\":\"https:\\\/\\\/www.q-bital.com\\\/procurement\\\/\",\"url\":\"https:\\\/\\\/www.q-bital.com\\\/procurement\\\/\",\"name\":\"Procurement - Q-bital Healthcare Solutions\",\"isPartOf\":{\"@id\":\"https:\\\/\\\/www.q-bital.com\\\/#website\"},\"datePublished\":\"2023-07-03T14:28:23+00:00\",\"dateModified\":\"2023-09-07T11:11:00+00:00\",\"inLanguage\":\"fr-FR\",\"potentialAction\":[{\"@type\":\"ReadAction\",\"target\":[\"https:\\\/\\\/www.q-bital.com\\\/procurement\\\/\"]}]},{\"@type\":\"WebSite\",\"@id\":\"https:\\\/\\\/www.q-bital.com\\\/#website\",\"url\":\"https:\\\/\\\/www.q-bital.com\\\/\",\"name\":\"Q-bital Healthcare Solutions\",\"description\":\"\",\"potentialAction\":[{\"@type\":\"SearchAction\",\"target\":{\"@type\":\"EntryPoint\",\"urlTemplate\":\"https:\\\/\\\/www.q-bital.com\\\/?s={search_term_string}\"},\"query-input\":{\"@type\":\"PropertyValueSpecification\",\"valueRequired\":true,\"valueName\":\"search_term_string\"}}],\"inLanguage\":\"fr-FR\"}]}<\/script>\n<!-- \/ Yoast SEO plugin. -->","yoast_head_json":{"title":"Approvisionnement \u2013 Q-bital Healthcare Solutions","robots":{"index":"index","follow":"follow","max-snippet":"max-snippet:-1","max-image-preview":"max-image-preview:large","max-video-preview":"max-video-preview:-1"},"canonical":"https:\/\/www.q-bital.com\/fr_fr\/procurement\/","og_locale":"fr_FR","og_type":"article","og_title":"Procurement - Q-bital Healthcare Solutions","og_url":"https:\/\/www.q-bital.com\/fr_fr\/procurement\/","og_site_name":"Q-bital Healthcare Solutions","article_modified_time":"2023-09-07T11:11:00+00:00","twitter_card":"summary_large_image","schema":{"@context":"https:\/\/schema.org","@graph":[{"@type":"WebPage","@id":"https:\/\/www.q-bital.com\/procurement\/","url":"https:\/\/www.q-bital.com\/procurement\/","name":"Approvisionnement \u2013 Q-bital Healthcare Solutions","isPartOf":{"@id":"https:\/\/www.q-bital.com\/#website"},"datePublished":"2023-07-03T14:28:23+00:00","dateModified":"2023-09-07T11:11:00+00:00","inLanguage":"fr-FR","potentialAction":[{"@type":"ReadAction","target":["https:\/\/www.q-bital.com\/procurement\/"]}]},{"@type":"WebSite","@id":"https:\/\/www.q-bital.com\/#website","url":"https:\/\/www.q-bital.com\/","name":"Q-bital Healthcare Solutions","description":"","potentialAction":[{"@type":"SearchAction","target":{"@type":"EntryPoint","urlTemplate":"https:\/\/www.q-bital.com\/?s={search_term_string}"},"query-input":{"@type":"PropertyValueSpecification","valueRequired":true,"valueName":"search_term_string"}}],"inLanguage":"fr-FR"}]}},"_links":{"self":[{"href":"https:\/\/www.q-bital.com\/fr_fr\/wp-json\/wp\/v2\/pages\/455","targetHints":{"allow":["GET"]}}],"collection":[{"href":"https:\/\/www.q-bital.com\/fr_fr\/wp-json\/wp\/v2\/pages"}],"about":[{"href":"https:\/\/www.q-bital.com\/fr_fr\/wp-json\/wp\/v2\/types\/page"}],"author":[{"embeddable":true,"href":"https:\/\/www.q-bital.com\/fr_fr\/wp-json\/wp\/v2\/users\/2"}],"replies":[{"embeddable":true,"href":"https:\/\/www.q-bital.com\/fr_fr\/wp-json\/wp\/v2\/comments?post=455"}],"version-history":[{"count":0,"href":"https:\/\/www.q-bital.com\/fr_fr\/wp-json\/wp\/v2\/pages\/455\/revisions"}],"wp:attachment":[{"href":"https:\/\/www.q-bital.com\/fr_fr\/wp-json\/wp\/v2\/media?parent=455"}],"curies":[{"name":"wp","href":"https:\/\/api.w.org\/{rel}","templated":true}]}}