{"id":674,"date":"2023-07-19T14:17:08","date_gmt":"2023-07-19T14:17:08","guid":{"rendered":"https:\/\/www.q-bital.com\/?page_id=674"},"modified":"2024-01-18T10:20:31","modified_gmt":"2024-01-18T10:20:31","slug":"heritage","status":"publish","type":"page","link":"https:\/\/www.q-bital.com\/fr_fr\/heritage\/","title":{"rendered":"Patrimoine"},"content":{"rendered":"<section id=\"section-2-59\" class=\"ct-section\" style=\"background-image:url(https:\/\/www.q-bital.com\/wp-content\/uploads\/sites\/8\/2023\/05\/boulders-right.png);background-size: auto;\" >\n<div class=\"ct-section-inner-wrap\">\n<div id=\"div_block-8-59\" class=\"ct-div-block\" ><a id=\"link_text-6-59\" class=\"ct-link-text\" href=\"\/fr_fr\/\" target=\"_self\"  >Maison<\/a><\/p>\n<h1 id=\"headline-3-59\" class=\"ct-headline\"><span id=\"span-4-59\" class=\"ct-span\" >Patrimoine<\/span><\/h1>\n<\/div>\n<\/div>\n<\/section>\n<section id=\"section-68-14-text-left-white\" class=\"ct-section\" >\n<div class=\"ct-section-inner-wrap\">\n<div id=\"new_columns-69-14text-left-white\" class=\"ct-new-columns\" >\n<div id=\"div_block-70-14\" class=\"ct-div-block\" >\n<h2 id=\"headline-71-14\" class=\"ct-headline\">Cr\u00e9er des solutions innovantes pour les prestataires de soins de sant\u00e9 depuis plus de deux d\u00e9cennies<\/h2>\n<div id=\"_rich_text-72-14\" class=\"oxy-rich-text\" >\n<p dir=\"ltr\">Cr\u00e9\u00e9e en 1999, notre r\u00e9putation en tant que fournisseur mondial leader d\u2019infrastructures et de services cliniques flexibles n\u2019a cess\u00e9 de cro\u00eetre. Nous sommes fiers de travailler en partenariat avec des prestataires de soins de sant\u00e9 et des organisations ind\u00e9pendantes du secteur et plus de 501 TP3T de prestataires hospitaliers publics britanniques ont d\u00e9sormais utilis\u00e9 l&#039;un de nos espaces de sant\u00e9. Nos clients nous font confiance pour leur fournir des solutions techniquement avanc\u00e9es de haute qualit\u00e9 afin d&#039;am\u00e9liorer rapidement les r\u00e9sultats en mati\u00e8re de sant\u00e9, et nous reviennent r\u00e9guli\u00e8rement lorsque les besoins changent.&nbsp;<\/p>\n<p dir=\"ltr\">2018 a vu le lancement officiel de la division internationale de Q-bital Healthcare Solutions et l&#039;expansion de la soci\u00e9t\u00e9 s&#039;est poursuivie sans rel\u00e2che au Royaume-Uni et \u00e0 l&#039;international.<\/p>\n<p dir=\"ltr\">La fabrication \u00e9tant d\u00e9j\u00e0 \u00e9tablie aux Pays-Bas en 2023, une autre usine de fabrication sp\u00e9cialement construite \u00e0 Hull au Royaume-Uni a \u00e9t\u00e9 ajout\u00e9e \u00e0 l&#039;entreprise.<\/p>\n<p dir=\"ltr\">Nous op\u00e9rons d\u00e9sormais \u00e0 l&#039;\u00e9chelle internationale aux Pays-Bas, en Su\u00e8de, en Australie et en France et continuons \u00e0 rechercher de nouveaux march\u00e9s dans lesquels nous d\u00e9velopper, en fournissant une assistance partout o\u00f9 cela est n\u00e9cessaire.&nbsp;<\/p>\n<\/div>\n<\/div>\n<div id=\"div_block-74-14\" class=\"ct-div-block\" ><img decoding=\"async\"  id=\"image-75-14\" alt=\"\" src=\"https:\/\/www.q-bital.com\/wp-content\/uploads\/sites\/8\/2023\/07\/Creating-innovative-solutions-for-healthcare-providers-for-over-two-decades-image.jpg\" class=\"ct-image\"\/><\/div>\n<\/div>\n<\/div>\n<\/section>\n<section id=\"section-132-34\" class=\"ct-section\" >\n<div class=\"ct-section-inner-wrap\">\n<div id=\"new_columns-133-34\" class=\"ct-new-columns\" >\n<div id=\"div_block-138-34\" class=\"ct-div-block\" ><img decoding=\"async\"  id=\"image-139-34\" alt=\"\" src=\"https:\/\/www.q-bital.com\/wp-content\/uploads\/sites\/8\/2023\/07\/Drone-1.jpg\" class=\"ct-image\"\/><\/div>\n<div id=\"div_block-134-34\" class=\"ct-div-block\" >\n<h2 id=\"headline-135-34\" class=\"ct-headline\">Chaque d\u00e9tail est pris en compte pour que nos espaces de sant\u00e9 fonctionnent pour nos clients<\/h2>\n<div id=\"_rich_text-136-34\" class=\"oxy-rich-text\" >\n<p dir=\"ltr\">Nous travaillons avec nos clients pour fournir des solutions de sant\u00e9 durables et de haute qualit\u00e9, avec des espaces de sant\u00e9 mobiles et modulaires sur mesure qui r\u00e9pondent aux besoins uniques de chaque syst\u00e8me de sant\u00e9. Nos installations peuvent \u00eatre adapt\u00e9es avec un \u00e9ventail de choix, notamment des salles d&#039;op\u00e9ration, des centres chirurgicaux, des centres de diagnostic communautaire (CDC), des suites d&#039;endoscopie, des installations de d\u00e9contamination et de st\u00e9rilisation, des services, des cliniques et des unit\u00e9s de blessures mineures (MIU). Nos options de produits et services peuvent \u00eatre combin\u00e9es pour offrir des possibilit\u00e9s infinies\u00a0; chaque nouveau projet est l&#039;occasion de cr\u00e9er un Espace Sant\u00e9 totalement unique.<\/p>\n<p dir=\"ltr\">Notre r\u00e9putation s&#039;est form\u00e9e gr\u00e2ce \u00e0 notre capacit\u00e9 \u00e0 soutenir les h\u00f4pitaux avec des installations de capacit\u00e9 suppl\u00e9mentaire pouvant \u00eatre livr\u00e9es en quelques jours. Cependant, nous offrons bien plus \u00e0 nos clients, avec des possibilit\u00e9s infinies pour nos partenaires de confiance d&#039;\u00e9largir les limites de leur prestation de soins de sant\u00e9.&nbsp;<\/p>\n<p dir=\"ltr\">Notre expertise repose sur l\u2019\u00e9tablissement de relations solides avec nos clients et le d\u00e9veloppement de moyens d\u2019am\u00e9liorer l\u2019infrastructure existante du domaine de la sant\u00e9. Notre ambition principale est de participer au d\u00e9veloppement des solutions d\u2019infrastructure de sant\u00e9 les plus flexibles au monde. En plus de fournir des espaces de soins de sant\u00e9 pour r\u00e9pondre \u00e0 la forte demande des patients et aux longues listes d&#039;attente, nous pouvons vous aider \u00e0 surmonter les d\u00e9fis op\u00e9rationnels tels qu&#039;une r\u00e9novation et proposer une intervention d&#039;urgence en cas d&#039;incendie, d&#039;inondation ou de panne de th\u00e9\u00e2tre.&nbsp;<\/p>\n<p dir=\"ltr\">Une \u00e9quipe d\u00e9di\u00e9e d&#039;experts participe \u00e0 la gestion de projet, \u00e0 la conception, \u00e0 la mise en \u0153uvre et \u00e0 la prestation de services cliniques de chaque \u00e9tablissement, depuis la conception initiale jusqu&#039;au retrait du site.<\/p>\n<\/div>\n<\/div>\n<\/div>\n<\/div>\n<\/section>\n<section id=\"section-2-202\" class=\"ct-section\" >\n<div class=\"ct-section-inner-wrap\">\n<div id=\"div_block-3-202\" class=\"ct-div-block\" >\n<h2 id=\"headline-4-202\" class=\"ct-headline\">Plus de 350 000 proc\u00e9dures et ce n\u2019est pas fini\u2026<\/h2>\n<div id=\"_rich_text-5-202\" class=\"oxy-rich-text\" >\n<p dir=\"ltr\">\u00c0 ce jour, plus de 350 000 proc\u00e9dures ont \u00e9t\u00e9 r\u00e9alis\u00e9es dans nos installations mobiles dot\u00e9es de cliniciens.<\/p>\n<p dir=\"ltr\">En tant que fournisseur de services cliniques de classe mondiale, nous sommes fiers que nos espaces de soins de sant\u00e9 soient adapt\u00e9s \u00e0 tous les types d&#039;interventions cliniques effectu\u00e9es dans un grand h\u00f4pital de soins aigus, des arthroplasties de la hanche \u00e0 la chirurgie de la cataracte, des proc\u00e9dures d&#039;endoscopie \u00e0 la chirurgie plastique.<\/p>\n<\/div>\n<div id=\"div_block-6-202\" class=\"ct-div-block\" ><img decoding=\"async\"  id=\"image-7-202\" alt=\"\" src=\"https:\/\/www.q-bital.com\/wp-content\/uploads\/sites\/8\/2023\/07\/proceedures-infographic.png\" class=\"ct-image\"\/><\/div>\n<\/div>\n<\/div>\n<\/section>\n<section id=\"section-144-59\" class=\"ct-section\" >\n<div class=\"ct-section-inner-wrap\">\n<div id=\"new_columns-145-59\" class=\"ct-new-columns\" >\n<div id=\"div_block-146-59\" class=\"ct-div-block\" >\n<div id=\"_rich_text-9-63\" class=\"oxy-rich-text\" >\n<p>Trouver une solution qui fonctionne pour votre h\u00f4pital commence ici\u2026<\/p>\n<\/div>\n<p><a id=\"link_button-149-59\" class=\"ct-link-button\" href=\"\/fr_fr\/contact\/\" target=\"_self\"  >Entrer en contact<\/a><\/div>\n<div id=\"div_block-150-59\" class=\"ct-div-block\" ><img decoding=\"async\"  id=\"image-151-59\" alt=\"\" src=\"https:\/\/www.q-bital.com\/wp-content\/uploads\/2023\/06\/kettering-2-scaled.jpg\" class=\"ct-image\"\/><\/div>\n<\/div>\n<\/div>\n<\/section>","protected":false},"excerpt":{"rendered":"","protected":false},"author":2,"featured_media":0,"parent":0,"menu_order":0,"comment_status":"closed","ping_status":"closed","template":"","meta":{"_acf_changed":false,"footnotes":""},"class_list":["post-674","page","type-page","status-publish","hentry"],"acf":[],"yoast_head":"<!-- This site is optimized with the Yoast SEO plugin v27.3 - https:\/\/yoast.com\/product\/yoast-seo-wordpress\/ -->\n<title>Heritage - Q-bital Healthcare Solutions<\/title>\n<meta name=\"robots\" content=\"index, follow, max-snippet:-1, max-image-preview:large, max-video-preview:-1\" \/>\n<link rel=\"canonical\" href=\"https:\/\/www.q-bital.com\/fr_fr\/heritage\/\" \/>\n<meta property=\"og:locale\" content=\"fr_FR\" \/>\n<meta property=\"og:type\" content=\"article\" \/>\n<meta property=\"og:title\" content=\"Heritage - Q-bital Healthcare Solutions\" \/>\n<meta property=\"og:url\" content=\"https:\/\/www.q-bital.com\/fr_fr\/heritage\/\" \/>\n<meta property=\"og:site_name\" content=\"Q-bital Healthcare Solutions\" \/>\n<meta property=\"article:modified_time\" content=\"2024-01-18T10:20:31+00:00\" \/>\n<meta name=\"twitter:card\" content=\"summary_large_image\" \/>\n<meta name=\"twitter:label1\" content=\"Dur\u00e9e de lecture estim\u00e9e\" \/>\n\t<meta name=\"twitter:data1\" content=\"1 minute\" \/>\n<script type=\"application\/ld+json\" class=\"yoast-schema-graph\">{\"@context\":\"https:\\\/\\\/schema.org\",\"@graph\":[{\"@type\":\"WebPage\",\"@id\":\"https:\\\/\\\/www.q-bital.com\\\/heritage\\\/\",\"url\":\"https:\\\/\\\/www.q-bital.com\\\/heritage\\\/\",\"name\":\"Heritage - Q-bital Healthcare Solutions\",\"isPartOf\":{\"@id\":\"https:\\\/\\\/www.q-bital.com\\\/#website\"},\"datePublished\":\"2023-07-19T14:17:08+00:00\",\"dateModified\":\"2024-01-18T10:20:31+00:00\",\"inLanguage\":\"fr-FR\",\"potentialAction\":[{\"@type\":\"ReadAction\",\"target\":[\"https:\\\/\\\/www.q-bital.com\\\/heritage\\\/\"]}]},{\"@type\":\"WebSite\",\"@id\":\"https:\\\/\\\/www.q-bital.com\\\/#website\",\"url\":\"https:\\\/\\\/www.q-bital.com\\\/\",\"name\":\"Q-bital Healthcare Solutions\",\"description\":\"\",\"potentialAction\":[{\"@type\":\"SearchAction\",\"target\":{\"@type\":\"EntryPoint\",\"urlTemplate\":\"https:\\\/\\\/www.q-bital.com\\\/?s={search_term_string}\"},\"query-input\":{\"@type\":\"PropertyValueSpecification\",\"valueRequired\":true,\"valueName\":\"search_term_string\"}}],\"inLanguage\":\"fr-FR\"}]}<\/script>\n<!-- \/ Yoast SEO plugin. -->","yoast_head_json":{"title":"Patrimoine - Q-bital Healthcare Solutions","robots":{"index":"index","follow":"follow","max-snippet":"max-snippet:-1","max-image-preview":"max-image-preview:large","max-video-preview":"max-video-preview:-1"},"canonical":"https:\/\/www.q-bital.com\/fr_fr\/heritage\/","og_locale":"fr_FR","og_type":"article","og_title":"Heritage - Q-bital Healthcare Solutions","og_url":"https:\/\/www.q-bital.com\/fr_fr\/heritage\/","og_site_name":"Q-bital Healthcare Solutions","article_modified_time":"2024-01-18T10:20:31+00:00","twitter_card":"summary_large_image","twitter_misc":{"Dur\u00e9e de lecture estim\u00e9e":"1 minute"},"schema":{"@context":"https:\/\/schema.org","@graph":[{"@type":"WebPage","@id":"https:\/\/www.q-bital.com\/heritage\/","url":"https:\/\/www.q-bital.com\/heritage\/","name":"Patrimoine - Q-bital Healthcare Solutions","isPartOf":{"@id":"https:\/\/www.q-bital.com\/#website"},"datePublished":"2023-07-19T14:17:08+00:00","dateModified":"2024-01-18T10:20:31+00:00","inLanguage":"fr-FR","potentialAction":[{"@type":"ReadAction","target":["https:\/\/www.q-bital.com\/heritage\/"]}]},{"@type":"WebSite","@id":"https:\/\/www.q-bital.com\/#website","url":"https:\/\/www.q-bital.com\/","name":"Q-bital Healthcare Solutions","description":"","potentialAction":[{"@type":"SearchAction","target":{"@type":"EntryPoint","urlTemplate":"https:\/\/www.q-bital.com\/?s={search_term_string}"},"query-input":{"@type":"PropertyValueSpecification","valueRequired":true,"valueName":"search_term_string"}}],"inLanguage":"fr-FR"}]}},"_links":{"self":[{"href":"https:\/\/www.q-bital.com\/fr_fr\/wp-json\/wp\/v2\/pages\/674","targetHints":{"allow":["GET"]}}],"collection":[{"href":"https:\/\/www.q-bital.com\/fr_fr\/wp-json\/wp\/v2\/pages"}],"about":[{"href":"https:\/\/www.q-bital.com\/fr_fr\/wp-json\/wp\/v2\/types\/page"}],"author":[{"embeddable":true,"href":"https:\/\/www.q-bital.com\/fr_fr\/wp-json\/wp\/v2\/users\/2"}],"replies":[{"embeddable":true,"href":"https:\/\/www.q-bital.com\/fr_fr\/wp-json\/wp\/v2\/comments?post=674"}],"version-history":[{"count":0,"href":"https:\/\/www.q-bital.com\/fr_fr\/wp-json\/wp\/v2\/pages\/674\/revisions"}],"wp:attachment":[{"href":"https:\/\/www.q-bital.com\/fr_fr\/wp-json\/wp\/v2\/media?parent=674"}],"curies":[{"name":"wp","href":"https:\/\/api.w.org\/{rel}","templated":true}]}}