{"id":693,"date":"2023-07-19T15:41:55","date_gmt":"2023-07-19T15:41:55","guid":{"rendered":"https:\/\/www.q-bital.com\/?page_id=693"},"modified":"2023-10-20T11:41:54","modified_gmt":"2023-10-20T11:41:54","slug":"faqs","status":"publish","type":"page","link":"https:\/\/www.q-bital.com\/fr_fr\/faqs\/","title":{"rendered":"FAQ"},"content":{"rendered":"<section id=\"section-2-59\" class=\"ct-section\" style=\"background-image:url(https:\/\/www.q-bital.com\/wp-content\/uploads\/sites\/8\/2023\/05\/boulders-right.png);background-size: auto;\" >\n<div class=\"ct-section-inner-wrap\">\n<div id=\"div_block-8-59\" class=\"ct-div-block\" ><a id=\"link_text-6-59\" class=\"ct-link-text\" href=\"\/fr_fr\/\" target=\"_self\"  >Maison<\/a><\/p>\n<h1 id=\"headline-3-59\" class=\"ct-headline\"><span id=\"span-4-59\" class=\"ct-span\" >FAQ<\/span><\/h1>\n<\/div>\n<\/div>\n<\/section>\n<div class=\"wp-block-vanguard-concertina\">\n<section class=\"ct-section\">\n<div class=\"ct-section-inner-wrap\">\n<div id=\"accordion-i9PUm1SAuAIPWb4o\" class=\"concertina accordion concertina-2col\">\n<div class=\"wp-block-vanguard-concertina-item accordion-item\">\n<h2 class=\"accordion-header\" id=\"heading-d078635e-3876-4394-8c4b-860ab9bdab1a\">\n<div class=\"title\">Combien de temps faut-il pour installer une installation modulaire ?<\/div>\n<p><span class=\"indicator\"><\/span><\/h2>\n<div id=\"collapse-d078635e-3876-4394-8c4b-860ab9bdab1a\" class=\"accordion-collapse collapse\" aria-labelledby=\"heading-d078635e-3876-4394-8c4b-860ab9bdab1a\" data-bs-parent=\"#accordion-i9PUm1SAuAIPWb4o\">\n<div class=\"accordion-body\">\n<div class=\"text\">La r\u00e9ponse courte est moins de temps que vous ne le pensez. Les installations modulaires utilisant des m\u00e9thodes de construction modernes peuvent \u00eatre d\u00e9velopp\u00e9es beaucoup plus rapidement que les b\u00e2timents traditionnels en briques et mortier. \u00c0 titre d&#039;exemple, depuis le bon de commande jusqu&#039;\u00e0 la remise, la construction de quatre salles d&#039;op\u00e9ration de jour modulaires, d&#039;un espace de r\u00e9cup\u00e9ration et d&#039;autres salles de soutien dans un h\u00f4pital pourrait prendre aussi peu que 12 semaines, voire jusqu&#039;\u00e0 26 semaines si une solution d&#039;espace de soins de sant\u00e9 sur mesure est requise.<\/p>\n<p><a href=\"\/fr_fr\/facilities\/operating-rooms\/\">D\u00e9couvrez \u00e0 quelle vitesse une installation modulaire pourrait arriver sur votre site hospitalier<\/a>.<\/div>\n<\/div>\n<\/div>\n<\/div>\n<div class=\"wp-block-vanguard-concertina-item accordion-item\">\n<h2 class=\"accordion-header\" id=\"heading-1de95927-d811-4aff-adcf-0aefddbe059e\">\n<div class=\"title\">Puis-je louer ou acheter une installation ?<\/div>\n<p><span class=\"indicator\"><\/span><\/h2>\n<div id=\"collapse-1de95927-d811-4aff-adcf-0aefddbe059e\" class=\"accordion-collapse collapse\" aria-labelledby=\"heading-1de95927-d811-4aff-adcf-0aefddbe059e\" data-bs-parent=\"#accordion-i9PUm1SAuAIPWb4o\">\n<div class=\"accordion-body\">\n<div class=\"text\">La r\u00e9ponse est oui aux deux. Nous offrons une flexibilit\u00e9 <a data-type=\"page\" data-id=\"455\" href=\"\/fr_fr\/procurement\/\">approche d&#039;approvisionnement<\/a> pour nos installations modulaires avec des options de location, de location\/achat et d&#039;achat disponibles soit directement, soit \u00e0 travers diff\u00e9rents cadres.<\/p>\n<p><a data-type=\"page\" data-id=\"164\" href=\"\/fr_fr\/our-facilities\/\">Nos unit\u00e9s mobiles<\/a> sont disponibles en location uniquement, cela nous permet de pouvoir r\u00e9pondre aux besoins urgents.<\/div>\n<\/div>\n<\/div>\n<\/div>\n<div class=\"wp-block-vanguard-concertina-item accordion-item\">\n<h2 class=\"accordion-header\" id=\"heading-6af607bb-17f3-405d-a620-f36c0dc0e622\">\n<div class=\"title\">Y a-t-il une dur\u00e9e minimale de location ?<\/div>\n<p><span class=\"indicator\"><\/span><\/h2>\n<div id=\"collapse-6af607bb-17f3-405d-a620-f36c0dc0e622\" class=\"accordion-collapse collapse\" aria-labelledby=\"heading-6af607bb-17f3-405d-a620-f36c0dc0e622\" data-bs-parent=\"#accordion-i9PUm1SAuAIPWb4o\">\n<div class=\"accordion-body\">\n<div class=\"text\">En g\u00e9n\u00e9ral, la dur\u00e9e de location de nos installations mobiles est minimale de 13 semaines et nous pouvons construire un mod\u00e8le tarifaire pour nos installations modulaires \u00e0 partir de 26 semaines. Cependant, nous adoptons une approche flexible car notre priorit\u00e9 est toujours de baser nos solutions sur les besoins de nos clients plut\u00f4t que d&#039;imposer des contraintes.<\/div>\n<\/div>\n<\/div>\n<\/div>\n<div class=\"wp-block-vanguard-concertina-item accordion-item\">\n<h2 class=\"accordion-header\" id=\"heading-343fc496-20ba-4e00-a725-9d3b2efbdbb7\">\n<div class=\"title\">Quelles interventions peuvent \u00eatre r\u00e9alis\u00e9es dans une salle d\u2019op\u00e9ration mobile ?<\/div>\n<p><span class=\"indicator\"><\/span><\/h2>\n<div id=\"collapse-343fc496-20ba-4e00-a725-9d3b2efbdbb7\" class=\"accordion-collapse collapse\" aria-labelledby=\"heading-343fc496-20ba-4e00-a725-9d3b2efbdbb7\" data-bs-parent=\"#accordion-i9PUm1SAuAIPWb4o\">\n<div class=\"accordion-body\">\n<div class=\"text\">75% Tous les types d&#039;interventions cliniques r\u00e9alis\u00e9es dans un grand h\u00f4pital de soins aigus peuvent \u00eatre r\u00e9alis\u00e9s dans nos salles d&#039;op\u00e9ration mobiles, des arthroplasties de la hanche \u00e0 la chirurgie de la cataracte, des proc\u00e9dures d&#039;endoscopie \u00e0 la chirurgie plastique. Plus une chirurgie cardiaque sp\u00e9cialis\u00e9e et des proc\u00e9dures complexes contre le cancer. La liste compl\u00e8te est beaucoup trop longue pour \u00eatre incluse ici, mais vous pouvez en savoir plus sur notre <a data-type=\"page\" data-id=\"674\" href=\"\/fr_fr\/heritage\/\">Page patrimoine<\/a>.<\/div>\n<\/div>\n<\/div>\n<\/div>\n<div class=\"wp-block-vanguard-concertina-item accordion-item\">\n<h2 class=\"accordion-header\" id=\"heading-63aa3f64-7374-48b4-9834-2e0222f8eb3d\">\n<div class=\"title\">Quels avantages les b\u00e2timents modulaires offrent-ils par rapport aux b\u00e2timents de sant\u00e9 traditionnels ?<\/div>\n<p><span class=\"indicator\"><\/span><\/h2>\n<div id=\"collapse-63aa3f64-7374-48b4-9834-2e0222f8eb3d\" class=\"accordion-collapse collapse\" aria-labelledby=\"heading-63aa3f64-7374-48b4-9834-2e0222f8eb3d\" data-bs-parent=\"#accordion-i9PUm1SAuAIPWb4o\">\n<div class=\"accordion-body\">\n<div class=\"text\">Le principal avantage est la rapidit\u00e9 avec laquelle ils peuvent arriver sur place et laisser passer les premiers patients. Les b\u00e2timents MMC et de construction hors site sont tout aussi robustes et de haute qualit\u00e9 que les b\u00e2timents traditionnels en brique et mortier, la grande diff\u00e9rence est qu&#039;ils peuvent \u00eatre construits en m\u00eame temps que les travaux de sous-structure sur site sont r\u00e9alis\u00e9s.<\/p>\n<p>La conception des modules et MMC peuvent r\u00e9duire les d\u00e9lais de construction jusqu&#039;\u00e0 45%, r\u00e9duire les co\u00fbts de 16% et augmenter la productivit\u00e9 de 30% tout au long du processus de construction.<sup>1<\/sup> Il existe \u00e9galement des avantages environnementaux, avec des d\u00e9chets limit\u00e9s et une r\u00e9duction des \u00e9missions de carbone par rapport aux livraisons traditionnelles sur chantier.<\/p>\n<p>\u00c0 titre d&#039;exemple, l&#039;h\u00f4pital St Joseph de Denver, au Colorado, a constat\u00e9 que la construction hors site de ses installations a permis de r\u00e9duire de 72 jours le d\u00e9lai de livraison et de r\u00e9duire le co\u00fbt d&#039;environ $4,3 millions.<sup>2<\/sup><\/p>\n<p>1. Livre blanc sur la cr\u00e9ation de meilleurs soins de sant\u00e9.<br \/>2. Geiger, 2017.<\/div>\n<\/div>\n<\/div>\n<\/div>\n<div class=\"wp-block-vanguard-concertina-item accordion-item\">\n<h2 class=\"accordion-header\" id=\"heading-34124cfa-e6e2-45a3-bf73-0b32f35190c3\">\n<div class=\"title\">Pouvez-vous r\u00e9aliser une installation adapt\u00e9e \u00e0 nos besoins ?<\/div>\n<p><span class=\"indicator\"><\/span><\/h2>\n<div id=\"collapse-34124cfa-e6e2-45a3-bf73-0b32f35190c3\" class=\"accordion-collapse collapse\" aria-labelledby=\"heading-34124cfa-e6e2-45a3-bf73-0b32f35190c3\" data-bs-parent=\"#accordion-i9PUm1SAuAIPWb4o\">\n<div class=\"accordion-body\">\n<div class=\"text\">Absolument, c&#039;est ce pour quoi nous sommes connus. Nous travaillerons avec vous pour cr\u00e9er un espace de soins de sant\u00e9 con\u00e7u pour r\u00e9pondre \u00e0 vos besoins sp\u00e9cifiques, depuis la gestion du flux des patients, les mesures d&#039;efficacit\u00e9, jusqu&#039;\u00e0 l&#039;apparence ext\u00e9rieure.<\/div>\n<\/div>\n<\/div>\n<\/div>\n<div class=\"wp-block-vanguard-concertina-item accordion-item\">\n<h2 class=\"accordion-header\" id=\"heading-b2903f31-9b7b-4f6b-8001-9561a50b590e\">\n<div class=\"title\">Comment puis-je en savoir plus sur la mise \u00e0 disposition d\u2019une salle d\u2019op\u00e9ration sur place ?<\/div>\n<p><span class=\"indicator\"><\/span><\/h2>\n<div id=\"collapse-b2903f31-9b7b-4f6b-8001-9561a50b590e\" class=\"accordion-collapse collapse\" aria-labelledby=\"heading-b2903f31-9b7b-4f6b-8001-9561a50b590e\" data-bs-parent=\"#accordion-i9PUm1SAuAIPWb4o\">\n<div class=\"accordion-body\">\n<div class=\"text\">Entrez simplement en contact avec notre \u00e9quipe amicale et ils vous guideront \u00e0 travers les \u00e9tapes, vous constaterez probablement que le processus est plus simple que vous ne l&#039;aviez imagin\u00e9. Nous pouvons vous d\u00e9charger du travail acharn\u00e9 et m\u00eame vous fournir un <a data-type=\"service\" href=\"\/fr_fr\/service\/turnkey-solutions\/\">solution cl\u00e9 en main<\/a> si cela vous convient le mieux.<\/p>\n<p><a data-type=\"page\" data-id=\"117\" href=\"\/fr_fr\/contact\/\" class=\"gform_button\">Entrer en contact<\/a><\/div>\n<\/div>\n<\/div>\n<\/div>\n<div class=\"wp-block-vanguard-concertina-item accordion-item\">\n<h2 class=\"accordion-header\" id=\"heading-868c76d8-3257-4fcf-957d-67bf4859f5ec\">\n<div class=\"title\">Fournissez-vous des installations dans le monde entier ?<\/div>\n<p><span class=\"indicator\"><\/span><\/h2>\n<div id=\"collapse-868c76d8-3257-4fcf-957d-67bf4859f5ec\" class=\"accordion-collapse collapse\" aria-labelledby=\"heading-868c76d8-3257-4fcf-957d-67bf4859f5ec\" data-bs-parent=\"#accordion-i9PUm1SAuAIPWb4o\">\n<div class=\"accordion-body\">\n<div class=\"text\">Oui, nous op\u00e9rons \u00e0 l\u2019international. Nous avons l\u2019exp\u00e9rience de la fourniture d\u2019installations en Australie, en Nouvelle-Z\u00e9lande, au Benelux, dans les pays nordiques, en Irlande et au Royaume-Uni. En Grande-Bretagne, nous op\u00e9rons sous notre marque ###Vanguard### Healthcare Solutions. Pour plus d&#039;informations, visitez <a href=\"https:\/\/www.vanguardhealthcare.co.uk\">www.vanguardhealthcare.co.uk<\/a>.<\/div>\n<\/div>\n<\/div>\n<\/div>\n<div class=\"wp-block-vanguard-concertina-item accordion-item\">\n<h2 class=\"accordion-header\" id=\"heading-32b61ab8-f388-43b3-8c99-1399b90140cf\">\n<div class=\"title\">Comment g\u00e9rez-vous votre impact sur l\u2019environnement, notamment avec vos plus grandes installations ?<\/div>\n<p><span class=\"indicator\"><\/span><\/h2>\n<div id=\"collapse-32b61ab8-f388-43b3-8c99-1399b90140cf\" class=\"accordion-collapse collapse\" aria-labelledby=\"heading-32b61ab8-f388-43b3-8c99-1399b90140cf\" data-bs-parent=\"#accordion-i9PUm1SAuAIPWb4o\">\n<div class=\"accordion-body\">\n<div class=\"text\">Nos solutions sont con\u00e7ues, construites et livr\u00e9es avec le plus grand soin et en tenant compte de l&#039;environnement, r\u00e9duisant ainsi les \u00e9missions de carbone \u00e0 chaque \u00e9tape de notre processus de fabrication. Nous recherchons constamment des moyens de minimiser l&#039;impact de la fa\u00e7on dont nous utilisons les ressources, en veillant particuli\u00e8rement \u00e0 garantir notre contribution \u00e0 l&#039;agenda mondial sur le changement climatique.<\/p>\n<p>Notre objectif est d\u2019atteindre z\u00e9ro carbone net pour les \u00e9missions des scopes 1 et 2 d\u2019ici fin 2023, et pour celles du scope 3 d\u2019ici 2035 ; nous avons mis en place un solide plan de r\u00e9duction des \u00e9missions de carbone pour nous aider \u00e0 y parvenir. Nous sommes fiers de nos progr\u00e8s sur la voie du z\u00e9ro carbone net, <a data-type=\"page\" data-id=\"705\" href=\"\/fr_fr\/carbon-reduction-plan\/\">regardez de plus pr\u00e8s ici\u2026<\/a> <\/p>\n<p>Nous nous sommes r\u00e9cemment associ\u00e9s \u00e0 Klimate pour cr\u00e9er une strat\u00e9gie d\u2019\u00e9limination du carbone afin de nous aider \u00e0 atteindre nos ambitions de z\u00e9ro \u00e9mission nette. Le portefeuille innovant de projets d&#039;\u00e9limination du carbone comprend des projets tels que la capture directe de l&#039;air, le stockage en profondeur de la biohuile, le varech oc\u00e9anique et la plantation d&#039;arbres r\u00e9paratrice. Tous sont v\u00e9rifi\u00e9s de mani\u00e8re ind\u00e9pendante pour garantir leur int\u00e9grit\u00e9.<\/p><\/div>\n<\/div>\n<\/div>\n<\/div>\n<div class=\"wp-block-vanguard-concertina-item accordion-item\">\n<h2 class=\"accordion-header\" id=\"heading-7562bf47-5278-48e0-b4d4-61a2e1dac74f\">\n<div class=\"title\">Travaillez-vous avec des partenaires ?<\/div>\n<p><span class=\"indicator\"><\/span><\/h2>\n<div id=\"collapse-7562bf47-5278-48e0-b4d4-61a2e1dac74f\" class=\"accordion-collapse collapse\" aria-labelledby=\"heading-7562bf47-5278-48e0-b4d4-61a2e1dac74f\" data-bs-parent=\"#accordion-i9PUm1SAuAIPWb4o\">\n<div class=\"accordion-body\">\n<div class=\"text\">Oui, nous sommes toujours pr\u00eats \u00e0 enqu\u00eater <a href=\"\/fr_fr\/partner-programme\/\" data-type=\"page\" data-id=\"316\">opportunit\u00e9s de partenariat<\/a> et travaillent actuellement avec des fabricants d&#039;\u00e9quipements, des architectes, des op\u00e9rateurs de construction et de services cliniques.<\/div>\n<\/div>\n<\/div>\n<\/div>\n<div class=\"wp-block-vanguard-concertina-item accordion-item\">\n<h2 class=\"accordion-header\" id=\"heading-fa666c52-3c78-40f9-895c-adcd67fb5d8b\">\n<div class=\"title\">Une solution cl\u00e9 en main compl\u00e8te est-elle disponible\u00a0?<\/div>\n<p><span class=\"indicator\"><\/span><\/h2>\n<div id=\"collapse-fa666c52-3c78-40f9-895c-adcd67fb5d8b\" class=\"accordion-collapse collapse\" aria-labelledby=\"heading-fa666c52-3c78-40f9-895c-adcd67fb5d8b\" data-bs-parent=\"#accordion-i9PUm1SAuAIPWb4o\">\n<div class=\"accordion-body\">\n<div class=\"text\">Absolument, nous pouvons nous occuper de l&#039;ensemble du processus et fournir un <a href=\"\/fr_fr\/service\/turnkey-solutions\/\" data-type=\"service\" data-id=\"185\">solution cl\u00e9 en main<\/a>. Ce service comprend la gestion compl\u00e8te du processus de conception (y compris l&#039;approbation de l&#039;analyse de rentabilit\u00e9), la fabrication en interne, l&#039;installation sur site et la mise en service du projet. Nous poss\u00e9dons une riche exp\u00e9rience dans l\u2019acquisition et la livraison de tous les travaux sur site gr\u00e2ce \u00e0 notre \u00e9quipe de conception sp\u00e9cialis\u00e9e dans les soins de sant\u00e9.<\/div>\n<\/div>\n<\/div>\n<\/div>\n<\/div>\n<\/div>\n<\/section>\n<\/div>\n<section id=\"section-144-59\" class=\"ct-section\" >\n<div class=\"ct-section-inner-wrap\">\n<div id=\"new_columns-145-59\" class=\"ct-new-columns\" >\n<div id=\"div_block-146-59\" class=\"ct-div-block\" >\n<div id=\"_rich_text-9-63\" class=\"oxy-rich-text\" >\n<p>Trouver une solution qui fonctionne pour votre h\u00f4pital commence ici\u2026<\/p>\n<\/div>\n<p><a id=\"link_button-149-59\" class=\"ct-link-button\" href=\"\/fr_fr\/contact\/\" target=\"_self\"  >Entrer en contact<\/a><\/div>\n<div id=\"div_block-150-59\" class=\"ct-div-block\" ><img decoding=\"async\"  id=\"image-151-59\" alt=\"\" src=\"https:\/\/www.q-bital.com\/wp-content\/uploads\/2023\/06\/kettering-2-scaled.jpg\" class=\"ct-image\"\/><\/div>\n<\/div>\n<\/div>\n<\/section>","protected":false},"excerpt":{"rendered":"","protected":false},"author":2,"featured_media":0,"parent":0,"menu_order":0,"comment_status":"closed","ping_status":"closed","template":"","meta":{"_acf_changed":false,"footnotes":""},"class_list":["post-693","page","type-page","status-publish","hentry"],"acf":[],"yoast_head":"<!-- This site is optimized with the Yoast SEO plugin v27.3 - https:\/\/yoast.com\/product\/yoast-seo-wordpress\/ -->\n<title>FAQs - Q-bital Healthcare Solutions<\/title>\n<meta name=\"robots\" content=\"index, follow, max-snippet:-1, max-image-preview:large, max-video-preview:-1\" \/>\n<link rel=\"canonical\" href=\"https:\/\/www.q-bital.com\/fr_fr\/faqs\/\" \/>\n<meta property=\"og:locale\" content=\"fr_FR\" \/>\n<meta property=\"og:type\" content=\"article\" \/>\n<meta property=\"og:title\" content=\"FAQs - Q-bital Healthcare Solutions\" \/>\n<meta property=\"og:url\" content=\"https:\/\/www.q-bital.com\/fr_fr\/faqs\/\" \/>\n<meta property=\"og:site_name\" content=\"Q-bital Healthcare Solutions\" \/>\n<meta property=\"article:modified_time\" content=\"2023-10-20T11:41:54+00:00\" \/>\n<meta name=\"twitter:card\" content=\"summary_large_image\" \/>\n<meta name=\"twitter:label1\" content=\"Dur\u00e9e de lecture estim\u00e9e\" \/>\n\t<meta name=\"twitter:data1\" content=\"4 minutes\" \/>\n<script type=\"application\/ld+json\" class=\"yoast-schema-graph\">{\"@context\":\"https:\\\/\\\/schema.org\",\"@graph\":[{\"@type\":\"WebPage\",\"@id\":\"https:\\\/\\\/www.q-bital.com\\\/faqs\\\/\",\"url\":\"https:\\\/\\\/www.q-bital.com\\\/faqs\\\/\",\"name\":\"FAQs - Q-bital Healthcare Solutions\",\"isPartOf\":{\"@id\":\"https:\\\/\\\/www.q-bital.com\\\/#website\"},\"datePublished\":\"2023-07-19T15:41:55+00:00\",\"dateModified\":\"2023-10-20T11:41:54+00:00\",\"inLanguage\":\"fr-FR\",\"potentialAction\":[{\"@type\":\"ReadAction\",\"target\":[\"https:\\\/\\\/www.q-bital.com\\\/faqs\\\/\"]}]},{\"@type\":\"WebSite\",\"@id\":\"https:\\\/\\\/www.q-bital.com\\\/#website\",\"url\":\"https:\\\/\\\/www.q-bital.com\\\/\",\"name\":\"Q-bital Healthcare Solutions\",\"description\":\"\",\"potentialAction\":[{\"@type\":\"SearchAction\",\"target\":{\"@type\":\"EntryPoint\",\"urlTemplate\":\"https:\\\/\\\/www.q-bital.com\\\/?s={search_term_string}\"},\"query-input\":{\"@type\":\"PropertyValueSpecification\",\"valueRequired\":true,\"valueName\":\"search_term_string\"}}],\"inLanguage\":\"fr-FR\"}]}<\/script>\n<!-- \/ Yoast SEO plugin. -->","yoast_head_json":{"title":"FAQ - Q-bital Healthcare Solutions","robots":{"index":"index","follow":"follow","max-snippet":"max-snippet:-1","max-image-preview":"max-image-preview:large","max-video-preview":"max-video-preview:-1"},"canonical":"https:\/\/www.q-bital.com\/fr_fr\/faqs\/","og_locale":"fr_FR","og_type":"article","og_title":"FAQs - Q-bital Healthcare Solutions","og_url":"https:\/\/www.q-bital.com\/fr_fr\/faqs\/","og_site_name":"Q-bital Healthcare Solutions","article_modified_time":"2023-10-20T11:41:54+00:00","twitter_card":"summary_large_image","twitter_misc":{"Dur\u00e9e de lecture estim\u00e9e":"4 minutes"},"schema":{"@context":"https:\/\/schema.org","@graph":[{"@type":"WebPage","@id":"https:\/\/www.q-bital.com\/faqs\/","url":"https:\/\/www.q-bital.com\/faqs\/","name":"FAQ - Q-bital Healthcare Solutions","isPartOf":{"@id":"https:\/\/www.q-bital.com\/#website"},"datePublished":"2023-07-19T15:41:55+00:00","dateModified":"2023-10-20T11:41:54+00:00","inLanguage":"fr-FR","potentialAction":[{"@type":"ReadAction","target":["https:\/\/www.q-bital.com\/faqs\/"]}]},{"@type":"WebSite","@id":"https:\/\/www.q-bital.com\/#website","url":"https:\/\/www.q-bital.com\/","name":"Q-bital Healthcare Solutions","description":"","potentialAction":[{"@type":"SearchAction","target":{"@type":"EntryPoint","urlTemplate":"https:\/\/www.q-bital.com\/?s={search_term_string}"},"query-input":{"@type":"PropertyValueSpecification","valueRequired":true,"valueName":"search_term_string"}}],"inLanguage":"fr-FR"}]}},"_links":{"self":[{"href":"https:\/\/www.q-bital.com\/fr_fr\/wp-json\/wp\/v2\/pages\/693","targetHints":{"allow":["GET"]}}],"collection":[{"href":"https:\/\/www.q-bital.com\/fr_fr\/wp-json\/wp\/v2\/pages"}],"about":[{"href":"https:\/\/www.q-bital.com\/fr_fr\/wp-json\/wp\/v2\/types\/page"}],"author":[{"embeddable":true,"href":"https:\/\/www.q-bital.com\/fr_fr\/wp-json\/wp\/v2\/users\/2"}],"replies":[{"embeddable":true,"href":"https:\/\/www.q-bital.com\/fr_fr\/wp-json\/wp\/v2\/comments?post=693"}],"version-history":[{"count":0,"href":"https:\/\/www.q-bital.com\/fr_fr\/wp-json\/wp\/v2\/pages\/693\/revisions"}],"wp:attachment":[{"href":"https:\/\/www.q-bital.com\/fr_fr\/wp-json\/wp\/v2\/media?parent=693"}],"curies":[{"name":"wp","href":"https:\/\/api.w.org\/{rel}","templated":true}]}}