{"id":367,"date":"2023-06-28T13:15:49","date_gmt":"2023-06-28T13:15:49","guid":{"rendered":"https:\/\/www.q-bital.com\/?page_id=367"},"modified":"2023-08-24T10:15:37","modified_gmt":"2023-08-24T10:15:37","slug":"accessibility","status":"publish","type":"page","link":"https:\/\/www.q-bital.com\/hr_hr\/accessibility\/","title":{"rendered":"Pristupa\u010dnost"},"content":{"rendered":"<p>Ulo\u017eili smo sve napore da ovu stranicu u\u010dinimo dostupnom i jednostavnom za kori\u0161tenje svima.<\/p>\n<h4 class=\"wp-block-heading\">Zna\u010dajne uloge<\/h4>\n<p>Slijede\u0107i smjernice koje su postavili Inicijative za pristupa\u010dnost weba (WAI) i Accessible Rich Internet Applications Suite (ARIA), osigurane su uloge orijentira kako bi se stranica u\u010dinila pristupa\u010dnijom. Uloge koje se koriste za identifikaciju odre\u0111enog sadr\u017eaja ili navigacijskih podru\u010dja za strojne \u010dita\u010de i pomo\u0107ne ure\u0111aje kao \u0161to su \u010dita\u010di zaslona.<\/p>\n<p>Orijentiri su kori\u0161teni za identifikaciju glavnih odjeljaka stranice, a ARIA atributi odgovaraju njihovim ulogama.<\/p>\n<h4 class=\"wp-block-heading\">Podr\u0161ka za preglednik<\/h4>\n<p>Stranica je izgra\u0111ena na fleksibilan na\u010din i potpuno responzivna kako bi se osiguralo najbolje mogu\u0107e korisni\u010dko iskustvo na stolnim, mobilnim i tablet ure\u0111ajima.<\/p>\n<p>Stranica je u potpunosti podr\u017eana (\u0161to zna\u010di optimalno iskustvo gdje se sav sadr\u017eaj isporu\u010duje i pristupa kako je predvi\u0111eno) za najnoviju verziju Chromea, Firefoxa, Safarija i Edgea na stolnom ra\u010dunalu, kao i najnoviju verziju Chromea na Androidu i Safarija na iOS-u.<\/p>\n<p>Podr\u0161ka za prethodne dvije verzije gore navedenih preglednika je zastarjela (\u0161to zna\u010di da je sav sadr\u017eaj dostupan, ali korisni\u010dko iskustvo mo\u017ee biti smanjeno. HTML, Javascript i CSS prezentacija \u0107e se graciozno degradirati (tj. ne\u0107e izbacivati pogre\u0161ke) ako preglednik nije u stanju isporu\u010diti funkcionalnost).<\/p>\n<p>Stariji preglednici ili preglednici koji nisu gore navedeni nisu podr\u017eani (\u0161to zna\u010di da preglednik nije testiran i stoga neki sadr\u017eaji mogu biti nedostupni, a iskustvo mo\u017ee biti ozbiljno ugro\u017eeno).<\/p>\n<h4 class=\"wp-block-heading\">Semantika<\/h4>\n<p>HTML5 ozna\u010davanje koristi se za strukturiranje stranice s odgovaraju\u0107im elementima koji se koriste za jasno i logi\u010dno prepoznavanje sadr\u017eaja za tra\u017eilice ili \u010dita\u010de zaslona.<\/p>\n<h4 class=\"wp-block-heading\">JavaScript<\/h4>\n<p>Kori\u0161tenje JavaScripta \u0107e korisniku dati pobolj\u0161ane zna\u010dajke stranice. Tamo gdje nije dostupan, sve stranice i proces su i dalje dostupni.<\/p>\n<h4 class=\"wp-block-heading\">Obrasci<\/h4>\n<p>Sva polja obrazaca slijede logi\u010dan slijed kartica kako bi se osigurala laka navigacija. Polja obrasca tako\u0111er imaju atribute &#039;label&#039; i &#039;id&#039; za povezivanje polja obrasca s njegovom oznakom radi lak\u0161eg unosa podataka.<\/p>\n<h4 class=\"wp-block-heading\">Linkovi<\/h4>\n<p>Sve veze su napisane tako da imaju smisla kada su izva\u0111ene iz konteksta. Gdje je prikladno, tako\u0111er smo dodali atribute naslova veze kako bismo detaljnije opisali vezu.<\/p>\n<h4 class=\"wp-block-heading\">Veli\u010dina fonta<\/h4>\n<p>Veli\u010dine fontova koji se koriste na web stranici su potpuno fleksibilne. Mo\u017eete promijeniti veli\u010dinu fonta da bude ve\u0107i ili manji putem postavki preglednika.<\/p>\n<h4 class=\"wp-block-heading\">Boje<\/h4>\n<p>Pobrinuli smo se za to da kombinacije boja i kontrast stranice budu u\u010dinkoviti u osiguravanju da su informacije i dalje jasne kada ih svi gledaju tako \u0161to imamo minimalni omjer kontrasta od 3 na cijeloj stranici.<\/p>\n<h4 class=\"wp-block-heading\">Preuzimanja<\/h4>\n<p>Za dodatne informacije i preuzimanja koristimo Adobe PDF. Adobe PDF Reader je besplatno dostupan za kori\u0161tenje na bilo kojem ra\u010dunalu i mo\u017ee se preuzeti <a href=\"https:\/\/get.adobe.com\/uk\/reader\/\" target=\"_blank\" rel=\"noreferrer noopener\">ovdje<\/a>.<\/p>","protected":false},"excerpt":{"rendered":"<p>We have made every effort to make this site accessible and easy to use for everyone. Landmark roles Following guidance set by the Web Accessibility Initiative (WAI) and the Accessible Rich Internet Applications Suite (ARIA), landmark roles are provided to make the site more accessible. Roles used to identify specific content or navigation areas for [&hellip;]<\/p>\n","protected":false},"author":2,"featured_media":0,"parent":0,"menu_order":0,"comment_status":"closed","ping_status":"closed","template":"","meta":{"_acf_changed":false,"footnotes":""},"class_list":["post-367","page","type-page","status-publish","hentry"],"acf":[],"yoast_head":"<!-- This site is optimized with the Yoast SEO plugin v27.5 - https:\/\/yoast.com\/product\/yoast-seo-wordpress\/ -->\n<title>Accessibility - Q-bital Healthcare Solutions<\/title>\n<meta name=\"robots\" content=\"index, follow, max-snippet:-1, max-image-preview:large, max-video-preview:-1\" \/>\n<link rel=\"canonical\" href=\"https:\/\/www.q-bital.com\/hr_hr\/accessibility\/\" \/>\n<meta property=\"og:locale\" content=\"hr_HR\" \/>\n<meta property=\"og:type\" content=\"article\" \/>\n<meta property=\"og:title\" content=\"Accessibility - Q-bital Healthcare Solutions\" \/>\n<meta property=\"og:description\" content=\"We have made every effort to make this site accessible and easy to use for everyone. Landmark roles Following guidance set by the Web Accessibility Initiative (WAI) and the Accessible Rich Internet Applications Suite (ARIA), landmark roles are provided to make the site more accessible. Roles used to identify specific content or navigation areas for [&hellip;]\" \/>\n<meta property=\"og:url\" content=\"https:\/\/www.q-bital.com\/hr_hr\/accessibility\/\" \/>\n<meta property=\"og:site_name\" content=\"Q-bital Healthcare Solutions\" \/>\n<meta property=\"article:modified_time\" content=\"2023-08-24T10:15:37+00:00\" \/>\n<meta name=\"twitter:card\" content=\"summary_large_image\" \/>\n<meta name=\"twitter:label1\" content=\"Procijenjeno vrijeme \u010ditanja\" \/>\n\t<meta name=\"twitter:data1\" content=\"2 minute\" \/>\n<script type=\"application\/ld+json\" class=\"yoast-schema-graph\">{\"@context\":\"https:\\\/\\\/schema.org\",\"@graph\":[{\"@type\":\"WebPage\",\"@id\":\"https:\\\/\\\/www.q-bital.com\\\/accessibility\\\/\",\"url\":\"https:\\\/\\\/www.q-bital.com\\\/accessibility\\\/\",\"name\":\"Accessibility - Q-bital Healthcare Solutions\",\"isPartOf\":{\"@id\":\"https:\\\/\\\/www.q-bital.com\\\/#website\"},\"datePublished\":\"2023-06-28T13:15:49+00:00\",\"dateModified\":\"2023-08-24T10:15:37+00:00\",\"inLanguage\":\"hr\",\"potentialAction\":[{\"@type\":\"ReadAction\",\"target\":[\"https:\\\/\\\/www.q-bital.com\\\/accessibility\\\/\"]}]},{\"@type\":\"WebSite\",\"@id\":\"https:\\\/\\\/www.q-bital.com\\\/#website\",\"url\":\"https:\\\/\\\/www.q-bital.com\\\/\",\"name\":\"Q-bital Healthcare Solutions\",\"description\":\"\",\"potentialAction\":[{\"@type\":\"SearchAction\",\"target\":{\"@type\":\"EntryPoint\",\"urlTemplate\":\"https:\\\/\\\/www.q-bital.com\\\/?s={search_term_string}\"},\"query-input\":{\"@type\":\"PropertyValueSpecification\",\"valueRequired\":true,\"valueName\":\"search_term_string\"}}],\"inLanguage\":\"hr\"}]}<\/script>\n<!-- \/ Yoast SEO plugin. -->","yoast_head_json":{"title":"Pristupa\u010dnost - Q-bital zdravstvena rje\u0161enja","robots":{"index":"index","follow":"follow","max-snippet":"max-snippet:-1","max-image-preview":"max-image-preview:large","max-video-preview":"max-video-preview:-1"},"canonical":"https:\/\/www.q-bital.com\/hr_hr\/accessibility\/","og_locale":"hr_HR","og_type":"article","og_title":"Accessibility - Q-bital Healthcare Solutions","og_description":"We have made every effort to make this site accessible and easy to use for everyone. Landmark roles Following guidance set by the Web Accessibility Initiative (WAI) and the Accessible Rich Internet Applications Suite (ARIA), landmark roles are provided to make the site more accessible. Roles used to identify specific content or navigation areas for [&hellip;]","og_url":"https:\/\/www.q-bital.com\/hr_hr\/accessibility\/","og_site_name":"Q-bital Healthcare Solutions","article_modified_time":"2023-08-24T10:15:37+00:00","twitter_card":"summary_large_image","twitter_misc":{"Procijenjeno vrijeme \u010ditanja":"2 minute"},"schema":{"@context":"https:\/\/schema.org","@graph":[{"@type":"WebPage","@id":"https:\/\/www.q-bital.com\/accessibility\/","url":"https:\/\/www.q-bital.com\/accessibility\/","name":"Pristupa\u010dnost - Q-bital zdravstvena rje\u0161enja","isPartOf":{"@id":"https:\/\/www.q-bital.com\/#website"},"datePublished":"2023-06-28T13:15:49+00:00","dateModified":"2023-08-24T10:15:37+00:00","inLanguage":"hr","potentialAction":[{"@type":"ReadAction","target":["https:\/\/www.q-bital.com\/accessibility\/"]}]},{"@type":"WebSite","@id":"https:\/\/www.q-bital.com\/#website","url":"https:\/\/www.q-bital.com\/","name":"Q-bital Healthcare Solutions","description":"","potentialAction":[{"@type":"SearchAction","target":{"@type":"EntryPoint","urlTemplate":"https:\/\/www.q-bital.com\/?s={search_term_string}"},"query-input":{"@type":"PropertyValueSpecification","valueRequired":true,"valueName":"search_term_string"}}],"inLanguage":"hr"}]}},"_links":{"self":[{"href":"https:\/\/www.q-bital.com\/hr_hr\/wp-json\/wp\/v2\/pages\/367","targetHints":{"allow":["GET"]}}],"collection":[{"href":"https:\/\/www.q-bital.com\/hr_hr\/wp-json\/wp\/v2\/pages"}],"about":[{"href":"https:\/\/www.q-bital.com\/hr_hr\/wp-json\/wp\/v2\/types\/page"}],"author":[{"embeddable":true,"href":"https:\/\/www.q-bital.com\/hr_hr\/wp-json\/wp\/v2\/users\/2"}],"replies":[{"embeddable":true,"href":"https:\/\/www.q-bital.com\/hr_hr\/wp-json\/wp\/v2\/comments?post=367"}],"version-history":[{"count":0,"href":"https:\/\/www.q-bital.com\/hr_hr\/wp-json\/wp\/v2\/pages\/367\/revisions"}],"wp:attachment":[{"href":"https:\/\/www.q-bital.com\/hr_hr\/wp-json\/wp\/v2\/media?parent=367"}],"curies":[{"name":"radni list","href":"https:\/\/api.w.org\/{rel}","templated":true}]}}