{"id":455,"date":"2023-07-03T14:28:23","date_gmt":"2023-07-03T14:28:23","guid":{"rendered":"https:\/\/www.q-bital.com\/?page_id=455"},"modified":"2023-09-07T11:11:00","modified_gmt":"2023-09-07T11:11:00","slug":"procurement","status":"publish","type":"page","link":"https:\/\/www.q-bital.com\/hr_hr\/procurement\/","title":{"rendered":"Nabava"},"content":{"rendered":"<section id=\"section-2-59\" class=\"ct-section\" style=\"background-image:url(https:\/\/www.q-bital.com\/wp-content\/uploads\/sites\/8\/2023\/05\/boulders-right.png);background-size: auto;\" >\n<div class=\"ct-section-inner-wrap\">\n<div id=\"div_block-8-59\" class=\"ct-div-block\" ><a id=\"link_text-6-59\" class=\"ct-link-text\" href=\"\/hr_hr\/\" target=\"_self\"  >Dom<\/a><\/p>\n<h1 id=\"headline-3-59\" class=\"ct-headline\"><span id=\"span-4-59\" class=\"ct-span\" >Nabava<\/span><\/h1>\n<\/div>\n<\/div>\n<\/section>\n<section id=\"section-68-14-text-left-white\" class=\"ct-section\" >\n<div class=\"ct-section-inner-wrap\">\n<div id=\"new_columns-69-14text-left-white\" class=\"ct-new-columns\" >\n<div id=\"div_block-70-14\" class=\"ct-div-block\" >\n<h2 id=\"headline-71-14\" class=\"ct-headline\">Planovi nabave prilago\u0111eni Va\u0161im potrebama<\/h2>\n<div id=\"_rich_text-72-14\" class=\"oxy-rich-text\" >\n<p dir=\"ltr\">Mi smo stru\u010dnjaci za ponudu rje\u0161enja za zdravstvene ustanove koja se mogu standardizirati ili prilagoditi, iznajmiti ili kupiti, ovisno o va\u0161im zahtjevima.&nbsp;<\/p>\n<p dir=\"ltr\">Nudimo niz mogu\u0107nosti ugovaranja i mo\u017eemo raditi prema va\u0161im prioritetima kapitalnih ili operativnih tro\u0161kova. Na\u0161i zdravstveni prostori dostupni su na nekoliko razli\u010ditih okvira radi jednostavnosti i prakti\u010dnosti.&nbsp;<a href=\"\/hr_hr\/our-team\/\">Na\u0161 tim<\/a>&nbsp;\u0107e vas provesti kroz opcije i voditi vas na svakom koraku.<\/p>\n<\/div>\n<\/div>\n<div id=\"div_block-74-14\" class=\"ct-div-block\" ><img decoding=\"async\"  id=\"image-75-14\" alt=\"\" src=\"https:\/\/www.q-bital.com\/wp-content\/uploads\/sites\/8\/2023\/05\/Staffed-operating-theatre1.jpg\" class=\"ct-image\"\/><\/div>\n<\/div>\n<\/div>\n<\/section>\n<section id=\"section-88-34-blue\" class=\"ct-section\" >\n<div class=\"ct-section-inner-wrap\">\n<div id=\"new_columns-89-34-blue\" class=\"ct-new-columns\" >\n<div id=\"div_block-94-34\" class=\"ct-div-block\" ><img decoding=\"async\"  id=\"image-95-34\" alt=\"\" src=\"https:\/\/www.q-bital.com\/wp-content\/uploads\/sites\/8\/2023\/09\/CO2_v2-1024x1024.jpg\" class=\"ct-image\"\/><\/div>\n<div id=\"div_block-90-34\" class=\"ct-div-block\" >\n<h2 id=\"headline-91-34\" class=\"ct-headline\">Okoli\u0161, dru\u0161tvena vrijednost i upravljanje (ESG)<\/h2>\n<div id=\"_rich_text-92-34\" class=\"oxy-rich-text\" >\n<p dir=\"ltr\">Ozbiljno shva\u0107amo na\u0161e eti\u010dke, odr\u017eive i dru\u0161tvene odgovornosti te dosljedno ugra\u0111ujemo i primjenjujemo na\u0161e korporativne dru\u0161tvene vrijednosti u na\u0161e komercijalne operacije. Kao me\u0111unarodna tvrtka, prioritet nam je pronala\u017eenje na\u010dina za smanjenje cestovnih kilometara i me\u0111unarodnih putovanja gdje god je to mogu\u0107e. U slu\u010dajevima kada to nije mogu\u0107e, kompenziramo utjecaj na\u0161eg putovanja na okoli\u0161.<\/p>\n<p dir=\"ltr\">Kao klju\u010dni dobavlja\u010d pru\u017eateljima zdravstvenih usluga, imamo odgovornosti koje se moraju odra\u017eavati u na\u0161im operacijama i na\u0161em opskrbnom lancu. \u017delimo da ove eti\u010dke vrijednosti demonstriraju na\u0161i dobavlja\u010di koji su klju\u010dni za na\u0161 rad, u budu\u0107nosti gledaju\u0107i prema na\u0161im klju\u010dnim dobavlja\u010dima koji imaju standarde ISO 14001 i 45001 ili druge relevantne profesionalne akreditacije.&nbsp;&nbsp;<\/p>\n<p dir=\"ltr\">O\u010dekujemo da se svi na\u0161i dobavlja\u010di pridr\u017eavaju va\u017ee\u0107ih zakona o za\u0161titi okoli\u0161a, propisa i standarda. Ako to ve\u0107 ne \u010dine, tra\u017eimo da uspostave sustave i kontrole za prepoznavanje i uklanjanje potencijalnih opasnosti za&nbsp;<a href=\"\/hr_hr\/environment\/\">okoli\u0161<\/a>, koji su razmjerni riziku.&nbsp;<\/p>\n<p>&nbsp;<\/p>\n<p>&nbsp;<\/p>\n<\/div>\n<\/div>\n<\/div>\n<\/div>\n<\/section>\n<section id=\"section-68-14-text-left-white\" class=\"ct-section\" >\n<div class=\"ct-section-inner-wrap\">\n<div id=\"new_columns-69-14text-left-white\" class=\"ct-new-columns\" >\n<div id=\"div_block-70-14\" class=\"ct-div-block\" >\n<h2 id=\"headline-71-14\" class=\"ct-headline\">Na\u0161 opskrbni lanac<\/h2>\n<div id=\"_rich_text-72-14\" class=\"oxy-rich-text\" >\n<p dir=\"ltr\">Na\u0161 opskrbni lanac prote\u017ee se diljem Ujedinjenog Kraljevstva, Europe ili Australije. U na\u0161im ugovorima i komercijalnim odnosima jasni smo operativni standardi na\u0161ih dobavlja\u010da.&nbsp;&nbsp;<\/p>\n<p dir=\"ltr\">Na\u0161e ESG vrijednosti uklju\u010dujemo u svoje operacije, na\u0161e ljude i na\u0161 opskrbni lanac. Podr\u017eavamo na\u0161 opskrbni lanac tamo gdje postoji potreba za prilagodbom kako bismo postigli svoje&nbsp;<a href=\"..\/environment\/\">ESG ciljevi<\/a>.&nbsp;<\/p>\n<p dir=\"ltr\">Na\u0161a ESG strategija je poduprta na\u0161im:<\/p>\n<ul>\n<li dir=\"ltr\" aria-level=\"1\">\n<p dir=\"ltr\" role=\"presentation\">Odgovornosti kao klju\u010dnog dobavlja\u010da za NHS<\/p>\n<\/li>\n<li dir=\"ltr\" aria-level=\"1\">\n<p dir=\"ltr\" role=\"presentation\">Zajedni\u010dki ciljevi definirani u Zelenom planu NHS-a<\/p>\n<\/li>\n<li dir=\"ltr\" aria-level=\"1\">\n<p dir=\"ltr\" role=\"presentation\">\u017delja za eti\u010dkim i odgovornim poslovanjem<\/p>\n<\/li>\n<li dir=\"ltr\" aria-level=\"1\">\n<p dir=\"ltr\" role=\"presentation\">Pripremljenost za ESG regulaciju<\/p>\n<\/li>\n<li dir=\"ltr\" aria-level=\"1\">\n<p dir=\"ltr\" role=\"presentation\">Sposobnost pokazivanja na\u0161e predanosti ESG-u i eti\u010dkom poslovanju investitorima (sada\u0161njim i budu\u0107im)<\/p>\n<\/li>\n<\/ul>\n<\/div>\n<\/div>\n<div id=\"div_block-74-14\" class=\"ct-div-block\" ><img decoding=\"async\"  id=\"image-75-14\" alt=\"\" src=\"https:\/\/www.q-bital.com\/wp-content\/uploads\/sites\/8\/2023\/08\/Hospital_ward_delivery2-1024x768.jpg\" class=\"ct-image\"\/><\/div>\n<\/div>\n<\/div>\n<\/section>\n<section id=\"section-88-34-blue\" class=\"ct-section\" >\n<div class=\"ct-section-inner-wrap\">\n<div id=\"new_columns-89-34-blue\" class=\"ct-new-columns\" >\n<div id=\"div_block-94-34\" class=\"ct-div-block\" ><img decoding=\"async\"  id=\"image-95-34\" alt=\"\" src=\"https:\/\/www.q-bital.com\/wp-content\/uploads\/sites\/8\/2023\/06\/modular-surgical-hub-1024x683.jpg\" class=\"ct-image\"\/><\/div>\n<div id=\"div_block-90-34\" class=\"ct-div-block\" >\n<h2 id=\"headline-91-34\" class=\"ct-headline\">Na\u0161e dobavlja\u010de procjenjujemo prema riziku i njihovoj zrelosti<\/h2>\n<div id=\"_rich_text-92-34\" class=\"oxy-rich-text\" >\n<p dir=\"ltr\">Smatramo da na\u0161i dobavlja\u010di:<\/p>\n<ul>\n<li dir=\"ltr\" aria-level=\"1\">\n<p dir=\"ltr\" role=\"presentation\"><a href=\"..\/environment\/\">Dru\u0161tvena odgovornost<\/a>&nbsp;(CSR)<\/p>\n<\/li>\n<li dir=\"ltr\" aria-level=\"1\">\n<p dir=\"ltr\" role=\"presentation\">U\u010dinkovitost energije i goriva<\/p>\n<\/li>\n<li dir=\"ltr\" aria-level=\"1\">\n<p dir=\"ltr\" role=\"presentation\">Zdravstvena i sigurnosna politika<\/p>\n<\/li>\n<li dir=\"ltr\" aria-level=\"1\">\n<p dir=\"ltr\" role=\"presentation\">Politike prijevoza<\/p>\n<\/li>\n<li dir=\"ltr\" aria-level=\"1\">\n<p dir=\"ltr\" role=\"presentation\">Kori\u0161tenje lokalnog zapo\u0161ljavanja<\/p>\n<\/li>\n<li dir=\"ltr\" aria-level=\"1\">\n<p dir=\"ltr\" role=\"presentation\">Evidencija o naukovanju i obuci<\/p>\n<\/li>\n<\/ul>\n<p dir=\"ltr\">Kao pru\u017eatelj zdravstvenih rje\u0161enja, usredoto\u010deni smo na pacijente. U svakom trenutku, na\u0161i prioriteti su briga i sigurnost pacijenata i na\u0161ih kupaca; o\u010dekujemo da na\u0161i dobavlja\u010di dijele te prioritete.&nbsp;&nbsp;<\/p>\n<p dir=\"ltr\">Na\u0161 ugled izgra\u0111en je na na\u0161oj sposobnosti pru\u017eanja visokokvalitetnih zdravstvenih prostora. Kako se na\u0161i regulatorni zahtjevi pove\u0107avaju, \u017eelimo zadr\u017eati one dobavlja\u010de koji ispunjavaju na\u0161e standarde kako bismo mogli nastaviti graditi na dosada\u0161njem uspjehu.<\/p>\n<\/div>\n<\/div>\n<\/div>\n<\/div>\n<\/section>\n<section id=\"section-68-14-text-left-white\" class=\"ct-section\" >\n<div class=\"ct-section-inner-wrap\">\n<div id=\"new_columns-69-14text-left-white\" class=\"ct-new-columns\" >\n<div id=\"div_block-70-14\" class=\"ct-div-block\" >\n<h2 id=\"headline-71-14\" class=\"ct-headline\">Suvremene metode gradnje i inovacije<\/h2>\n<div id=\"_rich_text-72-14\" class=\"oxy-rich-text\" >\n<p dir=\"ltr\">Dok ostajemo konkurentni, osiguravamo da na\u0161 opskrbni lanac podr\u017eava na\u0161e korporativne ambicije, istra\u017eivanjem i pilotiranjem novih proizvoda, materijala i usluga.<\/p>\n<\/div>\n<\/div>\n<div id=\"div_block-74-14\" class=\"ct-div-block\" ><img decoding=\"async\"  id=\"image-75-14\" alt=\"\" src=\"https:\/\/www.q-bital.com\/wp-content\/uploads\/sites\/8\/2023\/09\/Mobile_hospital_ward_first_floor_elevation_q-bital.jpg\" class=\"ct-image\"\/><\/div>\n<\/div>\n<\/div>\n<\/section>\n<section id=\"section-88-34-blue\" class=\"ct-section\" >\n<div class=\"ct-section-inner-wrap\">\n<div id=\"new_columns-89-34-blue\" class=\"ct-new-columns\" >\n<div id=\"div_block-94-34\" class=\"ct-div-block\" ><img decoding=\"async\"  id=\"image-95-34\" alt=\"\" src=\"https:\/\/www.q-bital.com\/wp-content\/uploads\/sites\/8\/2023\/09\/ESG_-_Earth_with_stethoscope-1017x1024.jpg\" class=\"ct-image\"\/><\/div>\n<div id=\"div_block-90-34\" class=\"ct-div-block\" >\n<h2 id=\"headline-91-34\" class=\"ct-headline\">Odr\u017eivost<\/h2>\n<div id=\"_rich_text-92-34\" class=\"oxy-rich-text\" >\n<p dir=\"ltr\">Mi smo me\u0111unarodna grupa i na putu smo da postanemo uglji\u010dno neutralni. Nadovezuju\u0107i se na na\u0161u postoje\u0107u predanost, nastavit \u0107emo pobolj\u0161avati svoje ekolo\u0161ke vjerodajnice kako bismo mogli ispuniti ciljeve odr\u017eivosti koje smo si postavili u na\u0161em&nbsp;<a href=\"..\/environment\/\">ESG strategija<\/a>&nbsp;2022\u20142035.<\/p>\n<\/div>\n<\/div>\n<\/div>\n<\/div>\n<\/section>\n<section id=\"section-144-59\" class=\"ct-section\" >\n<div class=\"ct-section-inner-wrap\">\n<div id=\"new_columns-145-59\" class=\"ct-new-columns\" >\n<div id=\"div_block-146-59\" class=\"ct-div-block\" >\n<div id=\"_rich_text-9-63\" class=\"oxy-rich-text\" >\n<p>Pronala\u017eenje rje\u0161enja koje odgovara va\u0161oj bolnici po\u010dinje ovdje\u2026<\/p>\n<\/div>\n<p><a id=\"link_button-149-59\" class=\"ct-link-button\" href=\"\/hr_hr\/contact\/\" target=\"_self\"  >Javite se<\/a><\/div>\n<div id=\"div_block-150-59\" class=\"ct-div-block\" ><img decoding=\"async\"  id=\"image-151-59\" alt=\"\" src=\"https:\/\/www.q-bital.com\/wp-content\/uploads\/2023\/06\/kettering-2-scaled.jpg\" class=\"ct-image\"\/><\/div>\n<\/div>\n<\/div>\n<\/section>","protected":false},"excerpt":{"rendered":"","protected":false},"author":2,"featured_media":0,"parent":0,"menu_order":0,"comment_status":"closed","ping_status":"closed","template":"","meta":{"_acf_changed":false,"footnotes":""},"class_list":["post-455","page","type-page","status-publish","hentry"],"acf":[],"yoast_head":"<!-- This site is optimized with the Yoast SEO plugin v27.4 - https:\/\/yoast.com\/product\/yoast-seo-wordpress\/ -->\n<title>Procurement - Q-bital Healthcare Solutions<\/title>\n<meta name=\"robots\" content=\"index, follow, max-snippet:-1, max-image-preview:large, max-video-preview:-1\" \/>\n<link rel=\"canonical\" href=\"https:\/\/www.q-bital.com\/hr_hr\/procurement\/\" \/>\n<meta property=\"og:locale\" content=\"hr_HR\" \/>\n<meta property=\"og:type\" content=\"article\" \/>\n<meta property=\"og:title\" content=\"Procurement - Q-bital Healthcare Solutions\" \/>\n<meta property=\"og:url\" content=\"https:\/\/www.q-bital.com\/hr_hr\/procurement\/\" \/>\n<meta property=\"og:site_name\" content=\"Q-bital Healthcare Solutions\" \/>\n<meta property=\"article:modified_time\" content=\"2023-09-07T11:11:00+00:00\" \/>\n<meta name=\"twitter:card\" content=\"summary_large_image\" \/>\n<script type=\"application\/ld+json\" class=\"yoast-schema-graph\">{\"@context\":\"https:\\\/\\\/schema.org\",\"@graph\":[{\"@type\":\"WebPage\",\"@id\":\"https:\\\/\\\/www.q-bital.com\\\/procurement\\\/\",\"url\":\"https:\\\/\\\/www.q-bital.com\\\/procurement\\\/\",\"name\":\"Procurement - Q-bital Healthcare Solutions\",\"isPartOf\":{\"@id\":\"https:\\\/\\\/www.q-bital.com\\\/#website\"},\"datePublished\":\"2023-07-03T14:28:23+00:00\",\"dateModified\":\"2023-09-07T11:11:00+00:00\",\"inLanguage\":\"hr\",\"potentialAction\":[{\"@type\":\"ReadAction\",\"target\":[\"https:\\\/\\\/www.q-bital.com\\\/procurement\\\/\"]}]},{\"@type\":\"WebSite\",\"@id\":\"https:\\\/\\\/www.q-bital.com\\\/#website\",\"url\":\"https:\\\/\\\/www.q-bital.com\\\/\",\"name\":\"Q-bital Healthcare Solutions\",\"description\":\"\",\"potentialAction\":[{\"@type\":\"SearchAction\",\"target\":{\"@type\":\"EntryPoint\",\"urlTemplate\":\"https:\\\/\\\/www.q-bital.com\\\/?s={search_term_string}\"},\"query-input\":{\"@type\":\"PropertyValueSpecification\",\"valueRequired\":true,\"valueName\":\"search_term_string\"}}],\"inLanguage\":\"hr\"}]}<\/script>\n<!-- \/ Yoast SEO plugin. -->","yoast_head_json":{"title":"Nabava - Q-bital Healthcare Solutions","robots":{"index":"index","follow":"follow","max-snippet":"max-snippet:-1","max-image-preview":"max-image-preview:large","max-video-preview":"max-video-preview:-1"},"canonical":"https:\/\/www.q-bital.com\/hr_hr\/procurement\/","og_locale":"hr_HR","og_type":"article","og_title":"Procurement - Q-bital Healthcare Solutions","og_url":"https:\/\/www.q-bital.com\/hr_hr\/procurement\/","og_site_name":"Q-bital Healthcare Solutions","article_modified_time":"2023-09-07T11:11:00+00:00","twitter_card":"summary_large_image","schema":{"@context":"https:\/\/schema.org","@graph":[{"@type":"WebPage","@id":"https:\/\/www.q-bital.com\/procurement\/","url":"https:\/\/www.q-bital.com\/procurement\/","name":"Nabava - Q-bital Healthcare Solutions","isPartOf":{"@id":"https:\/\/www.q-bital.com\/#website"},"datePublished":"2023-07-03T14:28:23+00:00","dateModified":"2023-09-07T11:11:00+00:00","inLanguage":"hr","potentialAction":[{"@type":"ReadAction","target":["https:\/\/www.q-bital.com\/procurement\/"]}]},{"@type":"WebSite","@id":"https:\/\/www.q-bital.com\/#website","url":"https:\/\/www.q-bital.com\/","name":"Q-bital Healthcare Solutions","description":"","potentialAction":[{"@type":"SearchAction","target":{"@type":"EntryPoint","urlTemplate":"https:\/\/www.q-bital.com\/?s={search_term_string}"},"query-input":{"@type":"PropertyValueSpecification","valueRequired":true,"valueName":"search_term_string"}}],"inLanguage":"hr"}]}},"_links":{"self":[{"href":"https:\/\/www.q-bital.com\/hr_hr\/wp-json\/wp\/v2\/pages\/455","targetHints":{"allow":["GET"]}}],"collection":[{"href":"https:\/\/www.q-bital.com\/hr_hr\/wp-json\/wp\/v2\/pages"}],"about":[{"href":"https:\/\/www.q-bital.com\/hr_hr\/wp-json\/wp\/v2\/types\/page"}],"author":[{"embeddable":true,"href":"https:\/\/www.q-bital.com\/hr_hr\/wp-json\/wp\/v2\/users\/2"}],"replies":[{"embeddable":true,"href":"https:\/\/www.q-bital.com\/hr_hr\/wp-json\/wp\/v2\/comments?post=455"}],"version-history":[{"count":0,"href":"https:\/\/www.q-bital.com\/hr_hr\/wp-json\/wp\/v2\/pages\/455\/revisions"}],"wp:attachment":[{"href":"https:\/\/www.q-bital.com\/hr_hr\/wp-json\/wp\/v2\/media?parent=455"}],"curies":[{"name":"radni list","href":"https:\/\/api.w.org\/{rel}","templated":true}]}}