{"id":59,"date":"2023-05-31T14:28:45","date_gmt":"2023-05-31T14:28:45","guid":{"rendered":"https:\/\/www.q-bital.com\/?page_id=59"},"modified":"2023-08-16T14:55:12","modified_gmt":"2023-08-16T14:55:12","slug":"our-team","status":"publish","type":"page","link":"https:\/\/www.q-bital.com\/hr_hr\/our-team\/","title":{"rendered":"Upoznajte na\u0161 tim"},"content":{"rendered":"<section id=\"section-2-59\" class=\"ct-section\" style=\"background-image:url(https:\/\/www.q-bital.com\/wp-content\/uploads\/sites\/8\/2023\/05\/boulders-right.png);background-size: auto;\" >\n<div class=\"ct-section-inner-wrap\">\n<div id=\"div_block-8-59\" class=\"ct-div-block\" ><a id=\"link_text-6-59\" class=\"ct-link-text\" href=\"\/hr_hr\/\" target=\"_self\"  >Dom<\/a><\/p>\n<h1 id=\"headline-3-59\" class=\"ct-headline\"><span id=\"span-4-59\" class=\"ct-span\" >Upoznajte na\u0161 tim<\/span><\/h1>\n<\/div>\n<\/div>\n<\/section>\n<section id=\"section-13-59\" class=\"ct-section\" >\n<div class=\"ct-section-inner-wrap\">\n<h2 id=\"headline-14-59\" class=\"ct-headline\">Na\u0161 izvr\u0161ni tim<\/h2>\n<div id=\"_rich_text-70-62\" class=\"oxy-rich-text\" >\n<p>Vodi nas dinami\u010dan izvr\u0161ni tim koji dolazi s dugogodi\u0161njim iskustvom u zdravstvu.<\/p>\n<\/div>\n<div id=\"_dynamic_list-16-59\" class=\"oxy-dynamic-list\">\n<div id=\"div_block-17-59-1\" class=\"ct-div-block\" data-id=\"div_block-17-59\">\n<div id=\"div_block-115-62-1\" class=\"ct-div-block\" data-id=\"div_block-115-62\"><a id=\"link-141-59-1\" class=\"ct-link\" href=\"https:\/\/www.q-bital.com\/hr_hr\/our-team\/graham-rich\/\" data-id=\"link-141-59\"><img decoding=\"async\" id=\"image-25-59-1\" alt=\"\" src=\"https:\/\/www.q-bital.com\/wp-content\/uploads\/sites\/8\/2025\/11\/Graham-Rich-Picture.jpg\" class=\"ct-image\" data-id=\"image-25-59\"><\/a><\/div>\n<div id=\"div_block-49-59-1\" class=\"ct-div-block\" data-id=\"div_block-49-59\">\n<h3 id=\"headline-34-59-1\" class=\"ct-headline\" data-id=\"headline-34-59\"><span id=\"span-42-59\" class=\"ct-span\" ><a href='https:\/\/www.q-bital.com\/hr_hr\/our-team\/graham-rich\/'>Graham Rich<\/a><\/span><\/h3>\n<div id=\"text_block-50-59-1\" class=\"ct-text-block\" data-id=\"text_block-50-59\"><span id=\"span-64-59\" class=\"ct-span\" ><\/span><\/div>\n<div id=\"text_block-71-59-1\" class=\"ct-text-block\" data-id=\"text_block-71-59\"><span id=\"span-78-59\" class=\"ct-span\" >Graham je imenovan predsjednikom tvrtke Vanguard Healthcare Solutions u srpnju 2021., a trenutno obna\u0161a i du\u017enost glavnog izvr\u0161nog direktora. Ima opse\u017eno iskustvo u strate\u0161kom i operativnom vodstvu ste\u010deno u pru\u017eanju zdravstvene skrbi, digitalnoj transformaciji i korporativnom upravljanju. <\/span><\/div>\n<p><a id=\"link_text-86-59-1\" class=\"ct-link-text\" href=\"https:\/\/www.q-bital.com\/hr_hr\/our-team\/graham-rich\/\" target=\"_self\" data-id=\"link_text-86-59\">\u010citaj vi\u0161e<\/a><\/div>\n<\/div>\n<div id=\"div_block-17-59-2\" class=\"ct-div-block\" data-id=\"div_block-17-59\">\n<div id=\"div_block-115-62-2\" class=\"ct-div-block\" data-id=\"div_block-115-62\"><a id=\"link-141-59-2\" class=\"ct-link\" href=\"https:\/\/www.q-bital.com\/hr_hr\/our-team\/tobi-gowers\/\" data-id=\"link-141-59\"><img decoding=\"async\" id=\"image-25-59-2\" alt=\"\" src=\"https:\/\/www.q-bital.com\/wp-content\/uploads\/sites\/8\/2023\/05\/Tobi-Gowers-square.jpg\" class=\"ct-image\" data-id=\"image-25-59\"><\/a><\/div>\n<div id=\"div_block-49-59-2\" class=\"ct-div-block\" data-id=\"div_block-49-59\">\n<h3 id=\"headline-34-59-2\" class=\"ct-headline\" data-id=\"headline-34-59\"><span id=\"span-42-59\" class=\"ct-span\" ><a href='https:\/\/www.q-bital.com\/hr_hr\/our-team\/tobi-gowers\/'>Tobi Gowers<\/a><\/span><\/h3>\n<div id=\"text_block-50-59-2\" class=\"ct-text-block\" data-id=\"text_block-50-59\"><span id=\"span-64-59\" class=\"ct-span\" ><\/span><\/div>\n<div id=\"text_block-71-59-2\" class=\"ct-text-block\" data-id=\"text_block-71-59\"><span id=\"span-78-59\" class=\"ct-span\" >Tobi se pridru\u017eio Vanguardu u sije\u010dnju 2019. kao glavni financijski direktor.<\/span><\/div>\n<p><a id=\"link_text-86-59-2\" class=\"ct-link-text\" href=\"https:\/\/www.q-bital.com\/hr_hr\/our-team\/tobi-gowers\/\" target=\"_self\" data-id=\"link_text-86-59\">\u010citaj vi\u0161e<\/a><\/div>\n<\/div>\n<div id=\"div_block-17-59-3\" class=\"ct-div-block\" data-id=\"div_block-17-59\">\n<div id=\"div_block-115-62-3\" class=\"ct-div-block\" data-id=\"div_block-115-62\"><a id=\"link-141-59-3\" class=\"ct-link\" href=\"https:\/\/www.q-bital.com\/hr_hr\/our-team\/lindsay-dransfield\/\" data-id=\"link-141-59\"><img decoding=\"async\" id=\"image-25-59-3\" alt=\"\" src=\"https:\/\/www.q-bital.com\/wp-content\/uploads\/sites\/8\/2023\/05\/Lindsay-Dransfield-square-1.jpg\" class=\"ct-image\" data-id=\"image-25-59\"><\/a><\/div>\n<div id=\"div_block-49-59-3\" class=\"ct-div-block\" data-id=\"div_block-49-59\">\n<h3 id=\"headline-34-59-3\" class=\"ct-headline\" data-id=\"headline-34-59\"><span id=\"span-42-59\" class=\"ct-span\" ><a href='https:\/\/www.q-bital.com\/hr_hr\/our-team\/lindsay-dransfield\/'>Lindsay Dransfield<\/a><\/span><\/h3>\n<div id=\"text_block-50-59-3\" class=\"ct-text-block\" data-id=\"text_block-50-59\"><span id=\"span-64-59\" class=\"ct-span\" ><\/span><\/div>\n<div id=\"text_block-71-59-3\" class=\"ct-text-block\" data-id=\"text_block-71-59\"><span id=\"span-78-59\" class=\"ct-span\" >Lindsay se Vanguardu pridru\u017eila u rujnu 2018. i na tu ulogu donosi zna\u010dajno iskustvo u prodaji i poslovnom razvoju.<\/span><\/div>\n<p><a id=\"link_text-86-59-3\" class=\"ct-link-text\" href=\"https:\/\/www.q-bital.com\/hr_hr\/our-team\/lindsay-dransfield\/\" target=\"_self\" data-id=\"link_text-86-59\">\u010citaj vi\u0161e<\/a><\/div>\n<\/div>\n<div id=\"div_block-17-59-4\" class=\"ct-div-block\" data-id=\"div_block-17-59\">\n<div id=\"div_block-115-62-4\" class=\"ct-div-block\" data-id=\"div_block-115-62\"><a id=\"link-141-59-4\" class=\"ct-link\" href=\"https:\/\/www.q-bital.com\/hr_hr\/our-team\/angela-dillon\/\" data-id=\"link-141-59\"><img decoding=\"async\" id=\"image-25-59-4\" alt=\"\" src=\"https:\/\/www.q-bital.com\/wp-content\/uploads\/sites\/8\/2023\/05\/Ange-Dillon-picture.png\" class=\"ct-image\" data-id=\"image-25-59\"><\/a><\/div>\n<div id=\"div_block-49-59-4\" class=\"ct-div-block\" data-id=\"div_block-49-59\">\n<h3 id=\"headline-34-59-4\" class=\"ct-headline\" data-id=\"headline-34-59\"><span id=\"span-42-59\" class=\"ct-span\" ><a href='https:\/\/www.q-bital.com\/hr_hr\/our-team\/angela-dillon\/'>Angela Dillon<\/a><\/span><\/h3>\n<div id=\"text_block-50-59-4\" class=\"ct-text-block\" data-id=\"text_block-50-59\"><span id=\"span-64-59\" class=\"ct-span\" ><\/span><\/div>\n<div id=\"text_block-71-59-4\" class=\"ct-text-block\" data-id=\"text_block-71-59\"><span id=\"span-78-59\" class=\"ct-span\" >Angela je 2017. imenovana u izvr\u0161ni tim kao direktorica financija, a 2020. imenovana je direktoricom operativnih financija.<\/span><\/div>\n<p><a id=\"link_text-86-59-4\" class=\"ct-link-text\" href=\"https:\/\/www.q-bital.com\/hr_hr\/our-team\/angela-dillon\/\" target=\"_self\" data-id=\"link_text-86-59\">\u010citaj vi\u0161e<\/a><\/div>\n<\/div>\n<div id=\"div_block-17-59-5\" class=\"ct-div-block\" data-id=\"div_block-17-59\">\n<div id=\"div_block-115-62-5\" class=\"ct-div-block\" data-id=\"div_block-115-62\"><a id=\"link-141-59-5\" class=\"ct-link\" href=\"https:\/\/www.q-bital.com\/hr_hr\/our-team\/mark-fox\/\" data-id=\"link-141-59\"><img decoding=\"async\" id=\"image-25-59-5\" alt=\"\" src=\"https:\/\/www.q-bital.com\/wp-content\/uploads\/sites\/8\/2025\/11\/Mark-Fox-Picture.jpg\" class=\"ct-image\" data-id=\"image-25-59\"><\/a><\/div>\n<div id=\"div_block-49-59-5\" class=\"ct-div-block\" data-id=\"div_block-49-59\">\n<h3 id=\"headline-34-59-5\" class=\"ct-headline\" data-id=\"headline-34-59\"><span id=\"span-42-59\" class=\"ct-span\" ><a href='https:\/\/www.q-bital.com\/hr_hr\/our-team\/mark-fox\/'>Marko Fox<\/a><\/span><\/h3>\n<div id=\"text_block-50-59-5\" class=\"ct-text-block\" data-id=\"text_block-50-59\"><span id=\"span-64-59\" class=\"ct-span\" ><\/span><\/div>\n<div id=\"text_block-71-59-5\" class=\"ct-text-block\" data-id=\"text_block-71-59\"><span id=\"span-78-59\" class=\"ct-span\" >Mark se pridru\u017eio Vanguardu u studenom 2023. s vi\u0161e od dva desetlje\u0107a iskustva u gradnji, proizvodnji i velikim operacijama izvan lokacije.  <\/span><\/div>\n<p><a id=\"link_text-86-59-5\" class=\"ct-link-text\" href=\"https:\/\/www.q-bital.com\/hr_hr\/our-team\/mark-fox\/\" target=\"_self\" data-id=\"link_text-86-59\">\u010citaj vi\u0161e<\/a><\/div>\n<\/div>\n<div id=\"div_block-17-59-6\" class=\"ct-div-block\" data-id=\"div_block-17-59\">\n<div id=\"div_block-115-62-6\" class=\"ct-div-block\" data-id=\"div_block-115-62\"><a id=\"link-141-59-6\" class=\"ct-link\" href=\"https:\/\/www.q-bital.com\/hr_hr\/our-team\/lucy-williams\/\" data-id=\"link-141-59\"><img decoding=\"async\" id=\"image-25-59-6\" alt=\"\" src=\"https:\/\/www.q-bital.com\/wp-content\/uploads\/sites\/8\/2025\/11\/Lucy-Williams-Picture.jpg\" class=\"ct-image\" data-id=\"image-25-59\"><\/a><\/div>\n<div id=\"div_block-49-59-6\" class=\"ct-div-block\" data-id=\"div_block-49-59\">\n<h3 id=\"headline-34-59-6\" class=\"ct-headline\" data-id=\"headline-34-59\"><span id=\"span-42-59\" class=\"ct-span\" ><a href='https:\/\/www.q-bital.com\/hr_hr\/our-team\/lucy-williams\/'>Lucy Williams<\/a><\/span><\/h3>\n<div id=\"text_block-50-59-6\" class=\"ct-text-block\" data-id=\"text_block-50-59\"><span id=\"span-64-59\" class=\"ct-span\" ><\/span><\/div>\n<div id=\"text_block-71-59-6\" class=\"ct-text-block\" data-id=\"text_block-71-59\"><span id=\"span-78-59\" class=\"ct-span\" >Lucy se pridru\u017eila tvrtki Vanguard Healthcare Solutions 2021. godine i pru\u017ea strate\u0161ko vodstvo programa ljudskih resursa Grupe diljem Ujedinjenog Kraljevstva i me\u0111unarodnih operacija.<\/span><\/div>\n<p><a id=\"link_text-86-59-6\" class=\"ct-link-text\" href=\"https:\/\/www.q-bital.com\/hr_hr\/our-team\/lucy-williams\/\" target=\"_self\" data-id=\"link_text-86-59\">\u010citaj vi\u0161e<\/a><\/div>\n<\/div><\/div>\n<\/div>\n<\/section>\n<section id=\"section-13-59\" class=\"ct-section\" >\n<div class=\"ct-section-inner-wrap\">\n<h2 id=\"headline-93-328\" class=\"ct-headline\">Na\u0161 me\u0111unarodni tim<\/h2>\n<div id=\"_rich_text-96-328\" class=\"oxy-rich-text\" >\n<p>Na\u0161 tim regionalnih stru\u010dnjaka tu je da vam pru\u017ei podr\u0161ku tijekom va\u0161eg puta nabave i spremni su odgovoriti na sva va\u0161a pitanja u bilo kojem trenutku.<\/p>\n<\/div>\n<div id=\"_dynamic_list-16-59\" class=\"oxy-dynamic-list\">\n<div id=\"div_block-17-59-1\" class=\"ct-div-block\" data-id=\"div_block-17-59\">\n<div id=\"div_block-175-328-1\" class=\"ct-div-block\" data-id=\"div_block-175-328\">\n<div id=\"div_block-176-328-1\" class=\"ct-div-block\" data-id=\"div_block-176-328\"><a id=\"link-177-328-1\" class=\"ct-link\" href=\"https:\/\/www.q-bital.com\/hr_hr\/our-team\/peter-spryszynski\/\" data-id=\"link-177-328\"><img decoding=\"async\" id=\"image-178-328-1\" alt=\"\" src=\"https:\/\/www.q-bital.com\/wp-content\/uploads\/sites\/8\/2023\/08\/Peter-Spryszynski-.jpg\" class=\"ct-image\" data-id=\"image-178-328\"><\/a><\/div>\n<div id=\"div_block-179-328-1\" class=\"ct-div-block\" data-id=\"div_block-179-328\">\n<h3 id=\"headline-180-328-1\" class=\"ct-headline\" data-id=\"headline-180-328\"><span id=\"span-181-328\" class=\"ct-span\" ><a href='https:\/\/www.q-bital.com\/hr_hr\/our-team\/peter-spryszynski\/'>Peter Spryszynski<\/a><\/span><\/h3>\n<div id=\"text_block-182-328-1\" class=\"ct-text-block\" data-id=\"text_block-182-328\"><span id=\"span-183-328\" class=\"ct-span\" ><\/span><\/div>\n<div id=\"text_block-184-328-1\" class=\"ct-text-block\" data-id=\"text_block-184-328\"><span id=\"span-185-328\" class=\"ct-span\" >Peter se pridru\u017eio Q-bital Healthcare Solutions (Australija) 2019. kao Country Manager u kojem svojstvu vodi organizaciju.<\/span><\/div>\n<p><a id=\"link_text-186-328-1\" class=\"ct-link-text\" href=\"https:\/\/www.q-bital.com\/hr_hr\/our-team\/peter-spryszynski\/\" target=\"_self\" data-id=\"link_text-186-328\">\u010citaj vi\u0161e<\/a><\/div>\n<\/div>\n<\/div><\/div>\n<\/div>\n<\/section>\n<section id=\"section-144-59\" class=\"ct-section\" >\n<div class=\"ct-section-inner-wrap\">\n<div id=\"new_columns-145-59\" class=\"ct-new-columns\" >\n<div id=\"div_block-146-59\" class=\"ct-div-block\" >\n<div id=\"_rich_text-9-63\" class=\"oxy-rich-text\" >\n<p>Pronala\u017eenje rje\u0161enja koje odgovara va\u0161oj bolnici moglo bi zapo\u010deti ovdje...<\/p>\n<\/div>\n<p><a id=\"link_button-149-59\" class=\"ct-link-button\" href=\"\/hr_hr\/contact\/\" target=\"_self\"  >Javite se<\/a><\/div>\n<div id=\"div_block-150-59\" class=\"ct-div-block\" ><img decoding=\"async\"  id=\"image-151-59\" alt=\"\" src=\"https:\/\/www.q-bital.com\/wp-content\/uploads\/sites\/8\/2023\/06\/kettering-2-1.jpg\" class=\"ct-image\"\/><\/div>\n<\/div>\n<\/div>\n<\/section>","protected":false},"excerpt":{"rendered":"","protected":false},"author":2,"featured_media":0,"parent":0,"menu_order":0,"comment_status":"closed","ping_status":"closed","template":"","meta":{"_acf_changed":false,"footnotes":""},"class_list":["post-59","page","type-page","status-publish","hentry"],"acf":[],"yoast_head":"<!-- This site is optimized with the Yoast SEO plugin v27.5 - https:\/\/yoast.com\/product\/yoast-seo-wordpress\/ -->\n<title>Meet our team - Q-bital Healthcare Solutions<\/title>\n<meta name=\"robots\" content=\"index, follow, max-snippet:-1, max-image-preview:large, max-video-preview:-1\" \/>\n<link rel=\"canonical\" href=\"https:\/\/www.q-bital.com\/hr_hr\/our-team\/\" \/>\n<meta property=\"og:locale\" content=\"hr_HR\" \/>\n<meta property=\"og:type\" content=\"article\" \/>\n<meta property=\"og:title\" content=\"Meet our team - Q-bital Healthcare Solutions\" \/>\n<meta property=\"og:url\" content=\"https:\/\/www.q-bital.com\/hr_hr\/our-team\/\" \/>\n<meta property=\"og:site_name\" content=\"Q-bital Healthcare Solutions\" \/>\n<meta property=\"article:modified_time\" content=\"2023-08-16T14:55:12+00:00\" \/>\n<meta name=\"twitter:card\" content=\"summary_large_image\" \/>\n<script type=\"application\/ld+json\" class=\"yoast-schema-graph\">{\"@context\":\"https:\\\/\\\/schema.org\",\"@graph\":[{\"@type\":\"WebPage\",\"@id\":\"https:\\\/\\\/www.q-bital.com\\\/our-team\\\/\",\"url\":\"https:\\\/\\\/www.q-bital.com\\\/our-team\\\/\",\"name\":\"Meet our team - Q-bital Healthcare Solutions\",\"isPartOf\":{\"@id\":\"https:\\\/\\\/www.q-bital.com\\\/#website\"},\"datePublished\":\"2023-05-31T14:28:45+00:00\",\"dateModified\":\"2023-08-16T14:55:12+00:00\",\"inLanguage\":\"hr\",\"potentialAction\":[{\"@type\":\"ReadAction\",\"target\":[\"https:\\\/\\\/www.q-bital.com\\\/our-team\\\/\"]}]},{\"@type\":\"WebSite\",\"@id\":\"https:\\\/\\\/www.q-bital.com\\\/#website\",\"url\":\"https:\\\/\\\/www.q-bital.com\\\/\",\"name\":\"Q-bital Healthcare Solutions\",\"description\":\"\",\"potentialAction\":[{\"@type\":\"SearchAction\",\"target\":{\"@type\":\"EntryPoint\",\"urlTemplate\":\"https:\\\/\\\/www.q-bital.com\\\/?s={search_term_string}\"},\"query-input\":{\"@type\":\"PropertyValueSpecification\",\"valueRequired\":true,\"valueName\":\"search_term_string\"}}],\"inLanguage\":\"hr\"}]}<\/script>\n<!-- \/ Yoast SEO plugin. -->","yoast_head_json":{"title":"Upoznajte na\u0161 tim - Q-bital Healthcare Solutions","robots":{"index":"index","follow":"follow","max-snippet":"max-snippet:-1","max-image-preview":"max-image-preview:large","max-video-preview":"max-video-preview:-1"},"canonical":"https:\/\/www.q-bital.com\/hr_hr\/our-team\/","og_locale":"hr_HR","og_type":"article","og_title":"Meet our team - Q-bital Healthcare Solutions","og_url":"https:\/\/www.q-bital.com\/hr_hr\/our-team\/","og_site_name":"Q-bital Healthcare Solutions","article_modified_time":"2023-08-16T14:55:12+00:00","twitter_card":"summary_large_image","schema":{"@context":"https:\/\/schema.org","@graph":[{"@type":"WebPage","@id":"https:\/\/www.q-bital.com\/our-team\/","url":"https:\/\/www.q-bital.com\/our-team\/","name":"Upoznajte na\u0161 tim - Q-bital Healthcare Solutions","isPartOf":{"@id":"https:\/\/www.q-bital.com\/#website"},"datePublished":"2023-05-31T14:28:45+00:00","dateModified":"2023-08-16T14:55:12+00:00","inLanguage":"hr","potentialAction":[{"@type":"ReadAction","target":["https:\/\/www.q-bital.com\/our-team\/"]}]},{"@type":"WebSite","@id":"https:\/\/www.q-bital.com\/#website","url":"https:\/\/www.q-bital.com\/","name":"Q-bital Healthcare Solutions","description":"","potentialAction":[{"@type":"SearchAction","target":{"@type":"EntryPoint","urlTemplate":"https:\/\/www.q-bital.com\/?s={search_term_string}"},"query-input":{"@type":"PropertyValueSpecification","valueRequired":true,"valueName":"search_term_string"}}],"inLanguage":"hr"}]}},"_links":{"self":[{"href":"https:\/\/www.q-bital.com\/hr_hr\/wp-json\/wp\/v2\/pages\/59","targetHints":{"allow":["GET"]}}],"collection":[{"href":"https:\/\/www.q-bital.com\/hr_hr\/wp-json\/wp\/v2\/pages"}],"about":[{"href":"https:\/\/www.q-bital.com\/hr_hr\/wp-json\/wp\/v2\/types\/page"}],"author":[{"embeddable":true,"href":"https:\/\/www.q-bital.com\/hr_hr\/wp-json\/wp\/v2\/users\/2"}],"replies":[{"embeddable":true,"href":"https:\/\/www.q-bital.com\/hr_hr\/wp-json\/wp\/v2\/comments?post=59"}],"version-history":[{"count":0,"href":"https:\/\/www.q-bital.com\/hr_hr\/wp-json\/wp\/v2\/pages\/59\/revisions"}],"wp:attachment":[{"href":"https:\/\/www.q-bital.com\/hr_hr\/wp-json\/wp\/v2\/media?parent=59"}],"curies":[{"name":"radni list","href":"https:\/\/api.w.org\/{rel}","templated":true}]}}