{"id":14,"date":"2023-05-24T11:38:34","date_gmt":"2023-05-24T11:38:34","guid":{"rendered":"https:\/\/www.q-bital.com\/?page_id=14"},"modified":"2026-03-03T11:20:33","modified_gmt":"2026-03-03T11:20:33","slug":"homepage","status":"publish","type":"page","link":"https:\/\/www.q-bital.com\/hu_hu\/","title":{"rendered":"Kezd\u0151lap"},"content":{"rendered":"<section id=\"section-2-14\" class=\"ct-section\" >\n<div class=\"ct-section-inner-wrap\">\n<div id=\"new_columns-3-14\" class=\"ct-new-columns\" >\n<div id=\"div_block-4-14\" class=\"ct-div-block\" >\n<h1 id=\"headline-5-14\" class=\"ct-headline\">Korszer\u0171 eg\u00e9szs\u00e9g\u00fcgyi int\u00e9zm\u00e9nyek, gyors\u00edtott kivitelez\u00e9sben<\/h1>\n<p><a id=\"link_button-10-14\" class=\"ct-link-button\" href=\"\/hu_hu\/heritage\/\" target=\"_self\"  >R\u00f3l r\u0151l<\/a><\/div>\n<div id=\"div_block-9-14\" class=\"ct-div-block\" ><link rel='stylesheet' id='oxygen-unslider-css'  href='https:\/\/www.q-bital.com\/wp-content\/plugins\/oxygen\/component-framework\/vendor\/unslider\/unslider.css' type='text\/css' media='all'\/>\n<div id=\"slider-88-14\" class=\"ct-slider ct_unique_slider_7745\" >\n<div class=\"oxygen-unslider-container\">\n<ul>\n<li>\n<div id=\"slide-89-14\" class=\"ct-slide\" ><img decoding=\"async\"  id=\"image-96-14\" alt=\"\" src=\"https:\/\/www.q-bital.com\/wp-content\/uploads\/sites\/8\/2023\/09\/home1.jpg\" class=\"ct-image\"\/><\/div>\n<\/li>\n<li>\n<div id=\"slide-12-65\" class=\"ct-slide\" ><img decoding=\"async\"  id=\"image-13-65\" alt=\"\" src=\"https:\/\/www.q-bital.com\/wp-content\/uploads\/sites\/8\/2023\/09\/home2.jpg\" class=\"ct-image\"\/><\/div>\n<\/li>\n<li>\n<div id=\"slide-14-65\" class=\"ct-slide\" ><img decoding=\"async\"  id=\"image-15-65\" alt=\"\" src=\"https:\/\/www.q-bital.com\/wp-content\/uploads\/sites\/8\/2023\/09\/home3.jpg\" class=\"ct-image\"\/><\/div>\n<\/li>\n<li>\n<div id=\"slide-101-14\" class=\"ct-slide\" ><img decoding=\"async\"  id=\"image-102-14\" alt=\"\" src=\"https:\/\/www.q-bital.com\/wp-content\/uploads\/sites\/8\/2023\/09\/Heartlands-Exterior-3-homepage-carousel-2.jpg\" class=\"ct-image\"\/><\/div>\n<\/li>\n<\/ul>\n<\/div>\n<\/div>\n<p><script class=\"ct-slider-script\">jQuery(document).ready(function($){$('#slider-88-14.ct_unique_slider_7745 .oxygen-unslider-container:not(.unslider-horizontal,.unslider-fade)').unslider({autoplay: true, delay: 3000, animation: 'horizontal', speed : 750, arrows: true, nav: false, infinite: true})});<\/script><\/div>\n<\/div>\n<\/div>\n<\/section>\n<section id=\"section-68-14\" class=\"ct-section\" >\n<div class=\"ct-section-inner-wrap\">\n<div id=\"new_columns-69-14\" class=\"ct-new-columns\" >\n<div id=\"div_block-70-14\" class=\"ct-div-block\" >\n<h2 id=\"headline-71-14\" class=\"ct-headline\">Mobil \u00e9s modul\u00e1ris eg\u00e9szs\u00e9g\u00fcgyi megold\u00e1sok biztos\u00edt\u00e1sa<\/h2>\n<div id=\"_rich_text-72-14\" class=\"oxy-rich-text\" >\n<p>A Vanguard Healthcare Solutions a rugalmas klinikai infrastrukt\u00fara \u00e9s szolg\u00e1ltat\u00e1sok vezet\u0151 glob\u00e1lis szolg\u00e1ltat\u00f3ja, amely magas sz\u00ednvonal\u00fa, m\u0171szakilag fejlett megold\u00e1sokat k\u00edn\u00e1l \u00fcgyfeleinkkel az eg\u00e9szs\u00e9g\u00fcgyi eredm\u00e9nyek jav\u00edt\u00e1sa \u00e9rdek\u00e9ben.&nbsp;<\/p>\n<p>\u00dcgyfeleinkkel azon dolgozunk, hogy kiv\u00e1l\u00f3 min\u0151s\u00e9g\u0171, fenntarthat\u00f3 eg\u00e9szs\u00e9g\u00fcgyi megold\u00e1sokat k\u00edn\u00e1ljunk, testre szabott mobil \u00e9s modul\u00e1ris eg\u00e9szs\u00e9g\u00fcgyi terekkel, amelyek megfelelnek az egyes eg\u00e9szs\u00e9g\u00fcgyi rendszerek egyedi ig\u00e9nyeinek.&nbsp;<\/p>\n<\/div>\n<p><a id=\"link_button-73-14\" class=\"ct-link-button\" href=\"\/hu_hu\/our-facilities\/\" target=\"_self\"  >A l\u00e9tes\u00edtm\u00e9nyeink<\/a><\/div>\n<div id=\"div_block-74-14\" class=\"ct-div-block\" ><img decoding=\"async\"  id=\"image-75-14\" alt=\"\" src=\"https:\/\/www.q-bital.com\/wp-content\/uploads\/sites\/8\/2023\/06\/kettering-2-1.jpg\" class=\"ct-image\"\/><\/div>\n<\/div>\n<\/div>\n<\/section>\n<section id=\"section-53-14\" class=\"ct-section\" >\n<div class=\"ct-section-inner-wrap\">\n<div id=\"new_columns-54-14\" class=\"ct-new-columns\" >\n<div id=\"div_block-55-14\" class=\"ct-div-block\" ><img decoding=\"async\"  id=\"image-59-14\" alt=\"\" src=\"https:\/\/www.q-bital.com\/wp-content\/uploads\/sites\/8\/2023\/06\/urgent_admission_centre_3D-1.png\" class=\"ct-image fade-up\"\/><\/div>\n<div id=\"div_block-56-14\" class=\"ct-div-block\" >\n<h2 id=\"headline-57-14\" class=\"ct-headline\">Amit csin\u00e1lunk<\/h2>\n<div id=\"_rich_text-58-14\" class=\"oxy-rich-text\" >\n<p>A heteken bel\u00fcl be\u00e9p\u00edthet\u0151 \u00e9s \u00fczembe helyezhet\u0151 mobil l\u00e9tes\u00edtm\u00e9nyeink k\u00f6z\u00e9 tartoznak a m\u0171t\u0151k, az endoszk\u00f3pos helyis\u00e9gek, az endoszk\u00f3pos dekontamin\u00e1ci\u00f3, a steriliz\u00e1l\u00e1s, az oszt\u00e1lyok, a klinik\u00e1k, a k\u00f6nny\u0171s\u00e9r\u00fcl\u00e9si oszt\u00e1lyok \u00e9s a ment\u0151k \u00e1tad\u00e1sa. Sk\u00e1l\u00e1zhat\u00f3k, bele\u00e9rtve a modul\u00e1ris l\u00e9tes\u00edtm\u00e9nyekkel val\u00f3 integr\u00e1ci\u00f3t is, seb\u00e9szeti k\u00f6zpontk\u00e9nt \u00e9s k\u00f6z\u00f6ss\u00e9gi diagnosztikai k\u00f6zpontk\u00e9nt szolg\u00e1lnak. Az \u00e1ltalunk \u00e9p\u00edtett modul\u00e1ris \u00e9p\u00fcletek korl\u00e1tlan lehet\u0151s\u00e9get k\u00edn\u00e1lnak arra, hogy teljesen egyedi \u00e9s speci\u00e1lisan testre szabott eg\u00e9szs\u00e9g\u00fcgyi tereket hozzunk l\u00e9tre, hat\u00e9konyabban, mint a hagyom\u00e1nyos \u00e9p\u00edt\u00e9si m\u00f3dszerek alkalmaz\u00e1sakor.<\/p>\n<\/div>\n<p><a id=\"link_button-63-14\" class=\"ct-link-button\" href=\"\/hu_hu\/our-services\/\" target=\"_self\"  >Szolg\u00e1ltat\u00e1saink<\/a><\/div>\n<\/div>\n<\/div>\n<\/section>\n<section id=\"section-64-208\" class=\"ct-section\" >\n<div class=\"ct-section-inner-wrap\">\n<div id=\"div_block-65-208\" class=\"ct-div-block\" >\n<h2 id=\"headline-66-208\" class=\"ct-headline\">Esettanulm\u00e1nyok<\/h2>\n<\/div>\n<div id=\"_dynamic_list-67-208\" class=\"oxy-dynamic-list\">\n<div id=\"div_block-68-208-1\" class=\"ct-div-block\" data-id=\"div_block-68-208\">\n<div id=\"div_block-69-208-1\" class=\"ct-div-block\" data-id=\"div_block-69-208\"><img decoding=\"async\" id=\"image-70-208-1\" alt=\"\" src=\"https:\/\/www.q-bital.com\/wp-content\/uploads\/sites\/8\/2024\/08\/Q-bital-still-1820x1024.jpg\" class=\"ct-image\" data-id=\"image-70-208\"><\/div>\n<div id=\"div_block-71-208-1\" class=\"ct-div-block\" data-id=\"div_block-71-208\"><a id=\"link-72-208-1\" class=\"ct-link\" href=\"https:\/\/www.q-bital.com\/hu_hu\/case-study\/a-600m%c2%b2-mixed-modality-solution-meets-north-bristol-nhs-fts-need-for-a-day-case-facility\/\" target=\"_self\" data-id=\"link-72-208\"><\/p>\n<h2 id=\"headline-73-208-1\" class=\"ct-headline\" data-id=\"headline-73-208\"><span id=\"span-74-208\" class=\"ct-span\" >A 600 m\u00b2-es vegyes modalit\u00e1s\u00fa megold\u00e1s kiel\u00e9g\u00edti a North Bristol NHS FT nappali tok ir\u00e1nti ig\u00e9ny\u00e9t<\/span><\/h2>\n<p><\/a><\/p>\n<div id=\"text_block-75-208-1\" class=\"ct-text-block\" data-id=\"text_block-75-208\"><span id=\"span-76-208\" class=\"ct-span\" >A modern \u00e9p\u00edt\u00e9si m\u00f3dszerekkel \u00e9p\u00edtett, mobil sz\u00ednh\u00e1zakb\u00f3l \u00e9s t\u00e1mogat\u00f3 helyis\u00e9gekb\u0151l \u00e1ll\u00f3 vegyes m\u00f3dozat\u00fa l\u00e9tes\u00edtm\u00e9ny minim\u00e1lisra cs\u00f6kkenti az \u00e1tfut\u00e1si id\u0151t, mik\u00f6zben rugalmas tervez\u00e9st biztos\u00edt.<\/span><\/div>\n<p><a id=\"link_text-77-208-1\" class=\"ct-link-text\" href=\"https:\/\/www.q-bital.com\/hu_hu\/case-study\/a-600m%c2%b2-mixed-modality-solution-meets-north-bristol-nhs-fts-need-for-a-day-case-facility\/\" target=\"_self\" data-id=\"link_text-77-208\">T\u00f6bb inform\u00e1ci\u00f3<\/a><\/div>\n<\/div>\n<div id=\"div_block-68-208-2\" class=\"ct-div-block\" data-id=\"div_block-68-208\">\n<div id=\"div_block-69-208-2\" class=\"ct-div-block\" data-id=\"div_block-69-208\"><img decoding=\"async\" id=\"image-70-208-2\" alt=\"\" src=\"https:\/\/www.q-bital.com\/wp-content\/uploads\/sites\/8\/2024\/08\/Appendix-1_Layout-adjacency-and-images-003-3.jpg\" class=\"ct-image\" data-id=\"image-70-208\"><\/div>\n<div id=\"div_block-71-208-2\" class=\"ct-div-block\" data-id=\"div_block-71-208\"><a id=\"link-72-208-2\" class=\"ct-link\" href=\"https:\/\/www.q-bital.com\/hu_hu\/case-study\/milton-keynes-university-hospital-opens-a-new-day-case-unit-to-increase-surgical-capacity\/\" target=\"_self\" data-id=\"link-72-208\"><\/p>\n<h2 id=\"headline-73-208-2\" class=\"ct-headline\" data-id=\"headline-73-208\"><span id=\"span-74-208\" class=\"ct-span\" >A Milton Keynes Egyetemi K\u00f3rh\u00e1z \u00faj nappali egys\u00e9get nyit a seb\u00e9szeti kapacit\u00e1s n\u00f6vel\u00e9se \u00e9rdek\u00e9ben<\/span><\/h2>\n<p><\/a><\/p>\n<div id=\"text_block-75-208-2\" class=\"ct-text-block\" data-id=\"text_block-75-208\"><span id=\"span-76-208\" class=\"ct-span\" >&quot;A sikerem m\u00e9rc\u00e9je az, hogy h\u00e9tf\u0151n friss\u00edtem a betegk\u00f6vet\u00e9si list\u00e1mr\u00f3l sz\u00f3l\u00f3 jelent\u00e9st, \u00e9s megn\u00e9zem, mennyivel cs\u00f6kkent a teljes v\u00e1r\u00f3list\u00e1nk. Mi pedig mindent megtesz\u00fcnk p\u00e1cienseink\u00e9rt, \u00e9s ez az, ami igaz\u00e1n sz\u00e1m\u00edt sz\u00e1momra.&quot; - Claire McGillycuddy, MKUH<\/span><\/div>\n<p><a id=\"link_text-77-208-2\" class=\"ct-link-text\" href=\"https:\/\/www.q-bital.com\/hu_hu\/case-study\/milton-keynes-university-hospital-opens-a-new-day-case-unit-to-increase-surgical-capacity\/\" target=\"_self\" data-id=\"link_text-77-208\">T\u00f6bb inform\u00e1ci\u00f3<\/a><\/div>\n<\/div><\/div>\n<div id=\"div_block-78-208\" class=\"ct-div-block\" ><a id=\"link_button-79-208\" class=\"ct-link-button button-blue\" href=\"\/hu_hu\/case-studies\/\" target=\"_self\"  >Tekintse meg az \u00f6sszes esettanulm\u00e1nyt<\/a><\/div>\n<\/div>\n<\/section>\n<div class=\"wp-block-bozboz-hotspot\">\n<div class=\"hotspotContainer ct-section hotspotLayout-2\" style=\"background-color:#dae7f0;padding:50px 20px\">\n<div class=\"hotspotInnerWrap ct-section-inner-wrap\" style=\"border-radius:20px;padding:30px;background-color:#004983;color:#fff;display:flex\">\n<div class=\"hotspotCol hotspotColOne\">\n<div class=\"hotspotImageContainer\" style=\"position:relative;max-width:800px\">\n<div class=\"hotspotDot\" data-text=\"Clean storage\" data-x=\"21\" data-y=\"14\" style=\"position:absolute;top:14%;left:21%\">\n<div>A<\/div>\n<\/div>\n<div class=\"hotspotDot\" data-text=\"Corridor\" data-x=\"39\" data-y=\"15\" style=\"position:absolute;top:15%;left:39%\">\n<div>B<\/div>\n<\/div>\n<div class=\"hotspotDot\" data-text=\"corridor\" data-x=\"61\" data-y=\"8\" style=\"position:absolute;top:8%;left:61%\">\n<div>C<\/div>\n<\/div>\n<div class=\"hotspotDot\" data-text=\"Anaesthetic\" data-x=\"19\" data-y=\"29\" style=\"position:absolute;top:29%;left:19%\">\n<div>D<\/div>\n<\/div>\n<div class=\"hotspotDot\" data-text=\"Theatre\" data-x=\"44\" data-y=\"29\" style=\"position:absolute;top:29%;left:44%\">\n<div>E<\/div>\n<\/div>\n<div class=\"hotspotDot\" data-text=\"Recovery\" data-x=\"73\" data-y=\"46\" style=\"position:absolute;top:46%;left:73%\">\n<div>F<\/div>\n<\/div>\n<div class=\"hotspotDot\" data-text=\"Janitor room\" data-x=\"59\" data-y=\"66\" style=\"position:absolute;top:66%;left:59%\">\n<div>G<\/div>\n<\/div>\n<div class=\"hotspotDot\" data-text=\"Vacuum plant area\" data-x=\"59\" data-y=\"76\" style=\"position:absolute;top:76%;left:59%\">\n<div>H<\/div>\n<\/div>\n<div class=\"hotspotDot\" data-text=\"Dirty utility\" data-x=\"48\" data-y=\"63\" style=\"position:absolute;top:63%;left:48%\">\n<div>\u00e9n<\/div>\n<\/div>\n<div class=\"hotspotDot\" data-text=\"Staff room\" data-x=\"18\" data-y=\"40\" style=\"position:absolute;top:40%;left:18%\">\n<div>J<\/div>\n<\/div>\n<div class=\"hotspotDot\" data-text=\"Staff toilet\" data-x=\"3\" data-y=\"41\" style=\"position:absolute;top:41%;left:3%\">\n<div>K<\/div>\n<\/div>\n<div class=\"hotspotDot\" data-text=\"Staff changing\" data-x=\"11\" data-y=\"34\" style=\"position:absolute;top:34%;left:11%\">\n<div>L<\/div>\n<\/div>\n<div class=\"hotspotDot\" data-text=\"Air Handling Unit\" data-x=\"10\" data-y=\"20\" style=\"position:absolute;top:20%;left:10%\">\n<div>M<\/div>\n<\/div>\n<p><img decoding=\"async\" src=\"https:\/\/www.q-bital.com\/wp-content\/uploads\/sites\/8\/2023\/06\/Theatre_3D_no-ramps_NO-SHADOWS_NO-KEY.png\" style=\"width:100%;height:auto\"\/><\/div>\n<\/div>\n<div class=\"hotspotCol hotspotColTwo hotspotTextCol hotspotColContent\">\n<h2 style=\"color:#fff\"><span class=\"headingContent\">Mobil m\u0171t\u0151<\/span><\/h2>\n<div placeholder=\"text content\" class=\"textContent\">Lamin\u00e1ris \u00e1raml\u00e1s\u00fa, ultratiszta, standard \u00e9s hibrid mobil \u00e9s modul\u00e1ris m\u0171t\u0151ink az \u00d6n ig\u00e9nyei szerint \u00e9p\u00edthet\u0151k fel. T\u00f6bb helyis\u00e9g csatlakoztathat\u00f3 m\u00e1s mobil vagy modul\u00e1ris l\u00e9tes\u00edtm\u00e9nyt\u00edpusokhoz, bele\u00e9rtve a k\u00f3rtermeket is, \u00edgy biztos\u00edtva a nappali szekr\u00e9nyt.<\/div>\n<\/div>\n<\/div>\n<\/div>\n<\/div>\n<section id=\"section-120-14\" class=\"ct-section\" >\n<div class=\"ct-section-inner-wrap\">\n<div id=\"div_block-24-70\" class=\"ct-div-block\" >\n<h2 id=\"headline-66-14\" class=\"ct-headline\">Legfrissebb h\u00edrek<\/h2>\n<\/div>\n<div id=\"_dynamic_list-121-14\" class=\"oxy-dynamic-list\">\n<div id=\"div_block-122-14-1\" class=\"ct-div-block\" data-id=\"div_block-122-14\">\n<div id=\"div_block-124-14-1\" class=\"ct-div-block\" data-id=\"div_block-124-14\"><a id=\"link-125-14-1\" class=\"ct-link\" href=\"https:\/\/www.q-bital.com\/hu_hu\/building-better-healthcare-awards-2026\/\" target=\"_self\" data-id=\"link-125-14\"><\/p>\n<h2 id=\"headline-126-14-1\" class=\"ct-headline\" data-id=\"headline-126-14\"><span id=\"span-127-14\" class=\"ct-span\" >Jobb Eg\u00e9szs\u00e9g\u00fcgyi \u00c9p\u00edt\u00e9s D\u00edjak 2026<\/span><\/h2>\n<p><\/a><\/p>\n<div id=\"text_block-128-14-1\" class=\"ct-text-block\" data-id=\"text_block-128-14\"><span id=\"span-129-14\" class=\"ct-span\" >A Vanguard Healthcare Solutions \u00f6r\u00f6mmel jelenti be, hogy r\u00e9szt vesz a 2026-os Building Better Healthcare Awards 2026 d\u00edj\u00e1tad\u00f3n, amelyre 2026. november 4-\u00e9n ker\u00fcl sor a londoni The Brewery-ben. V\u00e1rjuk, hogy ezen a rangos esem\u00e9nyen tal\u00e1lkozhassunk az eg\u00e9szs\u00e9g\u00fcgyi ingatlanok, a tervez\u00e9s \u00e9s az infrastrukt\u00fara k\u00f6z\u00f6ss\u00e9g\u00e9nek koll\u00e9g\u00e1ival.<\/span><\/div>\n<p><a id=\"link_text-130-14-1\" class=\"ct-link-text\" href=\"https:\/\/www.q-bital.com\/hu_hu\/building-better-healthcare-awards-2026\/\" target=\"_self\" data-id=\"link_text-130-14\">Olvass tov\u00e1bb<\/a><\/div>\n<\/div>\n<div id=\"div_block-122-14-2\" class=\"ct-div-block\" data-id=\"div_block-122-14\">\n<div id=\"div_block-124-14-2\" class=\"ct-div-block\" data-id=\"div_block-124-14\"><a id=\"link-125-14-2\" class=\"ct-link\" href=\"https:\/\/www.q-bital.com\/hu_hu\/mpba-awards-2026\/\" target=\"_self\" data-id=\"link-125-14\"><\/p>\n<h2 id=\"headline-126-14-2\" class=\"ct-headline\" data-id=\"headline-126-14\"><span id=\"span-127-14\" class=\"ct-span\" >MPBA-d\u00edjak 2026<\/span><\/h2>\n<p><\/a><\/p>\n<div id=\"text_block-128-14-2\" class=\"ct-text-block\" data-id=\"text_block-128-14\"><span id=\"span-129-14\" class=\"ct-span\" >A Vanguard Healthcare Solutions b\u00fcszk\u00e9n jelenti be r\u00e9szv\u00e9tel\u00e9t a 2026-os MPBA Awards d\u00edj\u00e1tad\u00f3n, amelyre 2026. m\u00e1jus 7-\u00e9n ker\u00fcl sor a Grand Hotel Birmingham-ben. Az idei esem\u00e9ny k\u00fcl\u00f6n\u00f6sen jelent\u0151s a csapat sz\u00e1m\u00e1ra, mivel a Vanguard h\u00e1rom rangos d\u00edjra is beker\u00fclt, amelyek az eg\u00e9szs\u00e9g\u00fcgyi infrastrukt\u00fara-ki\u00e9p\u00edt\u00e9sben el\u00e9rt kiv\u00e1l\u00f3s\u00e1got ismerik el.<\/span><\/div>\n<p><a id=\"link_text-130-14-2\" class=\"ct-link-text\" href=\"https:\/\/www.q-bital.com\/hu_hu\/mpba-awards-2026\/\" target=\"_self\" data-id=\"link_text-130-14\">Olvass tov\u00e1bb<\/a><\/div>\n<\/div>\n<div id=\"div_block-122-14-3\" class=\"ct-div-block\" data-id=\"div_block-122-14\">\n<div id=\"div_block-124-14-3\" class=\"ct-div-block\" data-id=\"div_block-124-14\"><a id=\"link-125-14-3\" class=\"ct-link\" href=\"https:\/\/www.q-bital.com\/hu_hu\/healthcare-estates-2026\/\" target=\"_self\" data-id=\"link-125-14\"><\/p>\n<h2 id=\"headline-126-14-3\" class=\"ct-headline\" data-id=\"headline-126-14\"><span id=\"span-127-14\" class=\"ct-span\" >Eg\u00e9szs\u00e9g\u00fcgyi ingatlanok 2026<\/span><\/h2>\n<p><\/a><\/p>\n<div id=\"text_block-128-14-3\" class=\"ct-text-block\" data-id=\"text_block-128-14\"><span id=\"span-129-14\" class=\"ct-span\" >Az Egyes\u00fclt Kir\u00e1lys\u00e1g egyik vezet\u0151 eg\u00e9szs\u00e9g\u00fcgyi vezet\u0151k \u00e9s szakemberek sz\u00e1m\u00e1ra szervezett rendezv\u00e9nyek\u00e9nt az NHS ConfedExpo egy olyan Vanguard Healthcare Solutions rendezv\u00e9nyt szervez, amely r\u00e9szt vesz a Healthcare Estates 2026 rendezv\u00e9nyen, az Egyes\u00fclt Kir\u00e1lys\u00e1g vezet\u0151 rendezv\u00e9ny\u00e9n az eg\u00e9szs\u00e9g\u00fcgyi m\u00e9rn\u00f6k\u00f6k, ingatlanok \u00e9s l\u00e9tes\u00edtm\u00e9nygazd\u00e1lkod\u00f3k sz\u00e1m\u00e1ra.<\/span><\/div>\n<p><a id=\"link_text-130-14-3\" class=\"ct-link-text\" href=\"https:\/\/www.q-bital.com\/hu_hu\/healthcare-estates-2026\/\" target=\"_self\" data-id=\"link_text-130-14\">Olvass tov\u00e1bb<\/a><\/div>\n<\/div><\/div>\n<div id=\"div_block-144-14\" class=\"ct-div-block\" ><a id=\"link_button-146-14\" class=\"ct-link-button button-blue\" href=\"\/hu_hu\/news\/\" target=\"_self\"  >Az \u00f6sszes h\u00edr megtekint\u00e9se<\/a><\/div>\n<\/div>\n<\/section>\n<section id=\"section-144-59\" class=\"ct-section\" >\n<div class=\"ct-section-inner-wrap\">\n<div id=\"new_columns-145-59\" class=\"ct-new-columns\" >\n<div id=\"div_block-146-59\" class=\"ct-div-block\" >\n<div id=\"_rich_text-9-63\" class=\"oxy-rich-text\" >\n<p>A k\u00f3rh\u00e1za sz\u00e1m\u00e1ra megfelel\u0151 megold\u00e1s megtal\u00e1l\u00e1sa itt kezd\u0151dhet\u2026<\/p>\n<\/div>\n<p><a id=\"link_button-149-59\" class=\"ct-link-button\" href=\"\/hu_hu\/contact\/\" target=\"_self\"  >Felveszi a kapcsolatot<\/a><\/div>\n<div id=\"div_block-150-59\" class=\"ct-div-block\" ><img decoding=\"async\"  id=\"image-151-59\" alt=\"\" src=\"https:\/\/www.q-bital.com\/wp-content\/uploads\/sites\/8\/2023\/07\/mobile-operating-theatre-3.jpg\" class=\"ct-image\"\/><\/div>\n<\/div>\n<\/div>\n<\/section>","protected":false},"excerpt":{"rendered":"","protected":false},"author":2,"featured_media":0,"parent":0,"menu_order":0,"comment_status":"closed","ping_status":"closed","template":"","meta":{"_acf_changed":false,"footnotes":""},"class_list":["post-14","page","type-page","status-publish","hentry"],"acf":[],"yoast_head":"<!-- This site is optimized with the Yoast SEO plugin v27.4 - https:\/\/yoast.com\/product\/yoast-seo-wordpress\/ -->\n<title>Homepage - Q-bital Healthcare Solutions<\/title>\n<meta name=\"robots\" content=\"index, follow, max-snippet:-1, max-image-preview:large, max-video-preview:-1\" \/>\n<link rel=\"canonical\" href=\"https:\/\/www.q-bital.com\/hu_hu\/\" \/>\n<meta property=\"og:locale\" content=\"hu_HU\" \/>\n<meta property=\"og:type\" content=\"article\" \/>\n<meta property=\"og:title\" content=\"Homepage - Q-bital Healthcare Solutions\" \/>\n<meta property=\"og:url\" content=\"https:\/\/www.q-bital.com\/hu_hu\/\" \/>\n<meta property=\"og:site_name\" content=\"Q-bital Healthcare Solutions\" \/>\n<meta property=\"article:modified_time\" content=\"2026-03-03T11:20:33+00:00\" \/>\n<meta name=\"twitter:card\" content=\"summary_large_image\" \/>\n<meta name=\"twitter:label1\" content=\"Becs\u00fclt olvas\u00e1si id\u0151\" \/>\n\t<meta name=\"twitter:data1\" content=\"1 perc\" \/>\n<script type=\"application\/ld+json\" class=\"yoast-schema-graph\">{\"@context\":\"https:\\\/\\\/schema.org\",\"@graph\":[{\"@type\":\"WebPage\",\"@id\":\"https:\\\/\\\/www.q-bital.com\\\/\",\"url\":\"https:\\\/\\\/www.q-bital.com\\\/\",\"name\":\"Homepage - Q-bital Healthcare Solutions\",\"isPartOf\":{\"@id\":\"https:\\\/\\\/www.q-bital.com\\\/#website\"},\"datePublished\":\"2023-05-24T11:38:34+00:00\",\"dateModified\":\"2026-03-03T11:20:33+00:00\",\"inLanguage\":\"hu\",\"potentialAction\":[{\"@type\":\"ReadAction\",\"target\":[\"https:\\\/\\\/www.q-bital.com\\\/\"]}]},{\"@type\":\"WebSite\",\"@id\":\"https:\\\/\\\/www.q-bital.com\\\/#website\",\"url\":\"https:\\\/\\\/www.q-bital.com\\\/\",\"name\":\"Q-bital Healthcare Solutions\",\"description\":\"\",\"potentialAction\":[{\"@type\":\"SearchAction\",\"target\":{\"@type\":\"EntryPoint\",\"urlTemplate\":\"https:\\\/\\\/www.q-bital.com\\\/?s={search_term_string}\"},\"query-input\":{\"@type\":\"PropertyValueSpecification\",\"valueRequired\":true,\"valueName\":\"search_term_string\"}}],\"inLanguage\":\"hu\"}]}<\/script>\n<!-- \/ Yoast SEO plugin. -->","yoast_head_json":{"title":"Kezd\u0151lap - Q-bital Eg\u00e9szs\u00e9g\u00fcgyi Megold\u00e1sok","robots":{"index":"index","follow":"follow","max-snippet":"max-snippet:-1","max-image-preview":"max-image-preview:large","max-video-preview":"max-video-preview:-1"},"canonical":"https:\/\/www.q-bital.com\/hu_hu\/","og_locale":"hu_HU","og_type":"article","og_title":"Homepage - Q-bital Healthcare Solutions","og_url":"https:\/\/www.q-bital.com\/hu_hu\/","og_site_name":"Q-bital Healthcare Solutions","article_modified_time":"2026-03-03T11:20:33+00:00","twitter_card":"summary_large_image","twitter_misc":{"Becs\u00fclt olvas\u00e1si id\u0151":"1 perc"},"schema":{"@context":"https:\/\/schema.org","@graph":[{"@type":"WebPage","@id":"https:\/\/www.q-bital.com\/","url":"https:\/\/www.q-bital.com\/","name":"Kezd\u0151lap - Q-bital Eg\u00e9szs\u00e9g\u00fcgyi Megold\u00e1sok","isPartOf":{"@id":"https:\/\/www.q-bital.com\/#website"},"datePublished":"2023-05-24T11:38:34+00:00","dateModified":"2026-03-03T11:20:33+00:00","inLanguage":"hu","potentialAction":[{"@type":"ReadAction","target":["https:\/\/www.q-bital.com\/"]}]},{"@type":"WebSite","@id":"https:\/\/www.q-bital.com\/#website","url":"https:\/\/www.q-bital.com\/","name":"Q-bital Healthcare Solutions","description":"","potentialAction":[{"@type":"SearchAction","target":{"@type":"EntryPoint","urlTemplate":"https:\/\/www.q-bital.com\/?s={search_term_string}"},"query-input":{"@type":"PropertyValueSpecification","valueRequired":true,"valueName":"search_term_string"}}],"inLanguage":"hu"}]}},"_links":{"self":[{"href":"https:\/\/www.q-bital.com\/hu_hu\/wp-json\/wp\/v2\/pages\/14","targetHints":{"allow":["GET"]}}],"collection":[{"href":"https:\/\/www.q-bital.com\/hu_hu\/wp-json\/wp\/v2\/pages"}],"about":[{"href":"https:\/\/www.q-bital.com\/hu_hu\/wp-json\/wp\/v2\/types\/page"}],"author":[{"embeddable":true,"href":"https:\/\/www.q-bital.com\/hu_hu\/wp-json\/wp\/v2\/users\/2"}],"replies":[{"embeddable":true,"href":"https:\/\/www.q-bital.com\/hu_hu\/wp-json\/wp\/v2\/comments?post=14"}],"version-history":[{"count":0,"href":"https:\/\/www.q-bital.com\/hu_hu\/wp-json\/wp\/v2\/pages\/14\/revisions"}],"wp:attachment":[{"href":"https:\/\/www.q-bital.com\/hu_hu\/wp-json\/wp\/v2\/media?parent=14"}],"curies":[{"name":"munkaf\u00fczet","href":"https:\/\/api.w.org\/{rel}","templated":true}]}}