{"id":143,"date":"2023-06-05T15:04:05","date_gmt":"2023-06-05T15:04:05","guid":{"rendered":"https:\/\/www.q-bital.com\/?page_id=143"},"modified":"2024-07-08T09:56:12","modified_gmt":"2024-07-08T09:56:12","slug":"careers","status":"publish","type":"page","link":"https:\/\/www.q-bital.com\/hu_hu\/careers\/","title":{"rendered":"Karrierek"},"content":{"rendered":"<section id=\"section-2-14\" class=\"ct-section\" >\n<div class=\"ct-section-inner-wrap\">\n<div id=\"new_columns-3-14\" class=\"ct-new-columns\" >\n<div id=\"div_block-4-14\" class=\"ct-div-block\" >\n<div id=\"div_block-21-223\" class=\"ct-div-block\" ><a id=\"link_text-13-223\" class=\"ct-link-text\" href=\"\/hu_hu\/\" target=\"_self\"  >itthon<\/a><a id=\"link_text-25-223\" class=\"ct-link-text\" href=\"http:\/\/\" target=\"_self\"  >&gt;<\/a><\/p>\n<div id=\"text_block-26-223\" class=\"ct-text-block\" ><span id=\"span-27-223\" class=\"ct-span\" >Karrierek<\/span><\/div>\n<\/div>\n<div id=\"div_block-17-223\" class=\"ct-div-block\" >\n<h1 id=\"headline-5-14\" class=\"ct-headline\">Embereink<\/h1>\n<\/div>\n<\/div>\n<div id=\"div_block-9-14\" class=\"ct-div-block\" ><link rel='stylesheet' id='oxygen-unslider-css'  href='https:\/\/www.q-bital.com\/wp-content\/plugins\/oxygen\/component-framework\/vendor\/unslider\/unslider.css' type='text\/css' media='all'\/>\n<div id=\"slider-88-14\" class=\"ct-slider ct_unique_slider_1916\" >\n<div class=\"oxygen-unslider-container\">\n<ul>\n<li>\n<div id=\"slide-89-14\" class=\"ct-slide\" ><img decoding=\"async\"  id=\"image-96-14\" alt=\"\" src=\"https:\/\/www.q-bital.com\/wp-content\/uploads\/sites\/8\/legacy\/2023\/07\/IMG_6125_Adjusted-scaled.jpg\" class=\"ct-image\"\/><\/div>\n<\/li>\n<li>\n<div id=\"slide-101-14\" class=\"ct-slide\" ><img decoding=\"async\"  id=\"image-102-14\" alt=\"\" src=\"https:\/\/www.q-bital.com\/wp-content\/uploads\/sites\/8\/2023\/09\/Q-bital_people_sq.jpg\" class=\"ct-image\"\/><\/div>\n<\/li>\n<\/ul>\n<\/div>\n<\/div>\n<p><script class=\"ct-slider-script\">jQuery(document).ready(function($){$('#slider-88-14.ct_unique_slider_1916 .oxygen-unslider-container:not(.unslider-horizontal,.unslider-fade)').unslider({autoplay: true, delay: 3000, animation: 'horizontal', speed : 750, arrows: true, nav: false, infinite: true})});<\/script><\/div>\n<\/div>\n<\/div>\n<\/section>\n<section id=\"section-68-14-text-left-white\" class=\"ct-section\" >\n<div class=\"ct-section-inner-wrap\">\n<div id=\"new_columns-69-14text-left-white\" class=\"ct-new-columns\" >\n<div id=\"div_block-70-14\" class=\"ct-div-block\" >\n<h2 id=\"headline-71-14\" class=\"ct-headline\">Milyen nek\u00fcnk dolgozni<\/h2>\n<div id=\"_rich_text-72-14\" class=\"oxy-rich-text\" >\n<p dir=\"ltr\">\u00c9rt\u00e9kelj\u00fck embereinket, \u00e9s t\u00e1mogat\u00f3 k\u00f6rnyezetet biztos\u00edtunk sz\u00e1mukra a vir\u00e1gz\u00e1shoz.&nbsp;<\/p>\n<p dir=\"ltr\">A vil\u00e1gj\u00e1rv\u00e1ny \u00f3ta tov\u00e1bbra is rugalmasan dolgozunk, \u00e9s elismerj\u00fck a hibrid munkav\u00e9gz\u00e9s pozit\u00edv egyens\u00faly\u00e1t sz\u00e1mos hagyom\u00e1nyos irodai t\u00e1mogat\u00f3 szerepk\u00f6r\u00fcnkben.<\/p>\n<p dir=\"ltr\">T\u00e1mogat\u00f3 \u00e9s gondoskod\u00f3 csapat vagyunk, \u00e9s k\u00e9pzett ment\u00e1lis eg\u00e9szs\u00e9g\u00fcgyi els\u0151seg\u00e9lyny\u00fajt\u00f3kkal dolgozunk az alkalmazotti popul\u00e1ci\u00f3n bel\u00fcl, \u00e9s sz\u00e1mos olyan juttat\u00e1ssal rendelkez\u00fcnk, amelyek t\u00e1mogatj\u00e1k j\u00f3l\u00e9t\u00fcnket.<\/p>\n<p dir=\"ltr\">Szeret\u00fcnk tanulni \u00e9s t\u00e1mogatni a fejl\u0151d\u00e9st az eg\u00e9sz \u00fczlet\u00e1gban. Minden \u00e9vben k\u00f6lts\u00e9gt\u00e9r\u00edt\u00e9st biztos\u00edtunk a szakmai tags\u00e1g\u00e9rt, \u00e9s sok csapattagunkat t\u00e1mogatjuk szakmai tanul\u00e1sban a karrierfejleszt\u00e9s r\u00e9szek\u00e9nt.&nbsp;<\/p>\n<p dir=\"ltr\">A gyorsan n\u00f6vekv\u0151, t\u00f6bb mint 150 koll\u00e9g\u00e1b\u00f3l \u00e1ll\u00f3 nemzetk\u00f6zi csapatunknak k\u00f6sz\u00f6nhet\u0151en \u00e9rt\u00e9keink hat\u00e1rozz\u00e1k meg, hogyan kommunik\u00e1lunk \u00fcgyfeleinkkel bel\u00fcl \u00e9s k\u00edv\u00fcl: betegk\u00f6zpont\u00fa; \u00daj\u00edt\u00f3; Fog\u00e9kony; Szenved\u00e9lyes; Csapatmunka.<\/p>\n<p dir=\"ltr\"><span id=\"docs-internal-guid-a22cdb77-7fff-d4c5-d8e3-ee58dff0a232\">A 2023-as elk\u00f6telezetts\u00e9g-felm\u00e9r\u00e9s\u00fcnk eredm\u00e9nye az alkalmazottaink ir\u00e1nti elk\u00f6telezetts\u00e9g\u00fcnkr\u0151l tan\u00faskodik: a 82% pozit\u00edv elk\u00f6telez\u0151d\u00e9s az eg\u00e9sz \u00fczlet\u00e1gban, valamint a Q-bital munkav\u00e1llal\u00f3i k\u00f6r\u00e9ben magas szint\u0171 elk\u00f6telezetts\u00e9g.<\/span><\/p>\n<\/div>\n<\/div>\n<div id=\"div_block-74-14\" class=\"ct-div-block\" ><img decoding=\"async\"  id=\"image-75-14\" alt=\"\" src=\"https:\/\/www.q-bital.com\/wp-content\/uploads\/sites\/8\/2023\/09\/Q-bital_people_in_warehouse-1024x683.jpg\" class=\"ct-image\"\/><\/div>\n<\/div>\n<\/div>\n<\/section>\n<section id=\"section-2-802\" class=\"ct-section\" style=\"background-image:linear-gradient(rgba(0,73,131,0.73), rgba(0,73,131,0.73)), url(https:\/\/www.q-bital.com\/wp-content\/uploads\/sites\/8\/2023\/05\/boulders-right.png);background-size:auto,  auto;\" >\n<div class=\"ct-section-inner-wrap\">\n<div id=\"div_block-3-802\" class=\"ct-div-block\" >\n<div id=\"text_block-5-802\" class=\"ct-text-block\" >Emberi j\u00f6v\u0151k\u00e9p\u00fcnk a k\u00f6vetkez\u0151:<\/div>\n<div id=\"_rich_text-4-802\" class=\"oxy-rich-text\" >\n<p><span id=\"docs-internal-guid-93af1b13-7fff-9522-9323-019a14bd4d7e\">Annak \u00e9rdek\u00e9ben, hogy munkat\u00e1rsaink kiv\u00e9teles eredm\u00e9nyeket \u00e9rjenek el. Ezt \u00fagy tessz\u00fck, hogy er\u0151s \u00e9s agilis csapatokat hozunk l\u00e9tre, amelyeket hiteles \u00e9s egy\u00fctt\u00e9rz\u0151 vezet\u00e9s t\u00e1mogat, \u00e9s befogad\u00f3 k\u00f6rnyezetet biztos\u00edtunk a n\u00f6veked\u00e9shez.<\/span><\/p>\n<\/div>\n<\/div>\n<\/div>\n<\/section>\n<section id=\"text-left-blue\" class=\"ct-section\" >\n<div class=\"ct-section-inner-wrap\">\n<div id=\"new_columns-107-34-blue\" class=\"ct-new-columns\" >\n<div id=\"div_block-108-34\" class=\"ct-div-block\" >\n<h2 id=\"headline-109-34\" class=\"ct-headline\">El\u0151nyeink<\/h2>\n<div id=\"_rich_text-110-34\" class=\"oxy-rich-text\" >\n<p dir=\"ltr\">Versenyk\u00e9pes fizet\u00e9si csomagokat k\u00edn\u00e1lunk, amelyek t\u00fckr\u00f6zik nemzetk\u00f6zi telephelyeinket.<\/p>\n<p dir=\"ltr\">Munkat\u00e1rsainkat rendszeresen elismerj\u00fck az al\u00e1bbi elismer\u00e9si tev\u00e9kenys\u00e9gekkel:<\/p>\n<ul>\n<li dir=\"ltr\">\n<p dir=\"ltr\" role=\"presentation\">Q-bit\u00e1lis \u00e9rt\u00e9kek d\u00edjai<\/p>\n<\/li>\n<li dir=\"ltr\">\n<p dir=\"ltr\" role=\"presentation\">Munkav\u00e1llal\u00f3i \u00fcnnepi rendezv\u00e9nyek<\/p>\n<\/li>\n<\/ul>\n<\/div>\n<\/div>\n<div id=\"div_block-112-34\" class=\"ct-div-block\" ><img decoding=\"async\"  id=\"image-113-34\" alt=\"\" src=\"https:\/\/www.q-bital.com\/wp-content\/uploads\/sites\/8\/2024\/07\/processed-3F837750-D17D-4E3D-BECD-0872DB208850-9AEB91D2-A4ED-4D67-977D-CCC0E54EAE2F-scaled.jpeg\" class=\"ct-image\"\/><\/div>\n<\/div>\n<\/div>\n<\/section>\n<section id=\"section-68-14-text-left-white\" class=\"ct-section\" >\n<div class=\"ct-section-inner-wrap\">\n<div id=\"new_columns-69-14text-left-white\" class=\"ct-new-columns\" >\n<div id=\"div_block-70-14\" class=\"ct-div-block\" >\n<h2 id=\"headline-71-14\" class=\"ct-headline\">Az \u00e9rt\u00e9keink<\/h2>\n<div id=\"_rich_text-72-14\" class=\"oxy-rich-text\" >\n<p dir=\"ltr\">Munkat\u00e1rsaink \u00e1ltal v\u00e1lasztott \u00e9rt\u00e9keink minden tev\u00e9kenys\u00e9g\u00fcnk alapj\u00e1t k\u00e9pezik.<\/p>\n<p dir=\"ltr\">Klinikai infrastrukt\u00far\u00e1t \u00e9s tud\u00e1st biztos\u00edtunk a kapacit\u00e1sb\u0151v\u00edt\u00e9shez, a klinikai folyamatok ellen\u0151rz\u00e9s\u00e9hez \u00e9s a megszak\u00edt\u00e1s n\u00e9lk\u00fcli, betegk\u00f6zpont\u00fa ell\u00e1t\u00e1shoz sz\u00fcks\u00e9ges sebess\u00e9ggel.<\/p>\n<p dir=\"ltr\">Az \u00e9rt\u00e9kekr\u0151l egy konzult\u00e1ci\u00f3s elk\u00f6telez\u0151d\u00e9si program keret\u00e9ben d\u00f6nt\u00f6tt\u00fcnk, melyben az eg\u00e9sz csapatunk r\u00e9szt vett. Elk\u00f6telezettek vagyunk amellett, hogy ezeket az \u00e9rt\u00e9keket k\u00e9pviselj\u00fck folyamatainkon, term\u00e9keinken, szolg\u00e1ltat\u00e1sainkon, valamint bels\u0151 \u00e9s k\u00fcls\u0151 vev\u0151kkel folytatott interakci\u00f3in kereszt\u00fcl.<\/p>\n<p dir=\"ltr\">Az al\u00e1bbi \u00e9rt\u00e9keket konszenzussal v\u00e1lasztottuk ki. \u0150k fogalmazz\u00e1k meg legjobban azokat a m\u00f3dokat, amelyekkel biztos\u00edtjuk a min\u0151s\u00e9g \u00e9s az \u00e9rt\u00e9k biztos\u00edt\u00e1s\u00e1t a k\u00fcls\u0151 \u00e9rdekelt felek \u00e9s az \u00e1ltalunk kiszolg\u00e1lt sz\u00e9lesebb betegk\u00f6z\u00f6ss\u00e9g sz\u00e1m\u00e1ra.<\/p>\n<\/div>\n<\/div>\n<div id=\"div_block-74-14\" class=\"ct-div-block\" ><img decoding=\"async\"  id=\"image-75-14\" alt=\"\" src=\"https:\/\/www.q-bital.com\/wp-content\/uploads\/sites\/8\/2023\/09\/Q-bital_image-1024x683.jpg\" class=\"ct-image\"\/><\/div>\n<\/div>\n<\/div>\n<\/section>\n<section id=\"section-2-149\" class=\"ct-section\" >\n<div class=\"ct-section-inner-wrap\">\n<div id=\"div_block-5-149\" class=\"ct-div-block\" >\n<div id=\"div_block-10-149\" class=\"ct-div-block\" ><img decoding=\"async\"  id=\"image-11-149\" alt=\"Passionate\" src=\"https:\/\/www.q-bital.com\/wp-content\/uploads\/sites\/8\/2023\/06\/passionate.png\" class=\"ct-image\"\/><\/p>\n<div id=\"text_block-12-149\" class=\"ct-text-block\" >Szenved\u00e9lyes<\/div>\n<\/div>\n<\/div>\n<div id=\"div_block-6-149\" class=\"ct-div-block\" >\n<div id=\"div_block-13-149\" class=\"ct-div-block\" ><img decoding=\"async\"  id=\"image-14-149\" alt=\"Patient focussed\" src=\"https:\/\/www.q-bital.com\/wp-content\/uploads\/sites\/8\/2023\/06\/patient-focussed.png\" class=\"ct-image\"\/><\/p>\n<div id=\"text_block-15-149\" class=\"ct-text-block\" >Betegk\u00f6zpont\u00fa<\/div>\n<\/div>\n<\/div>\n<div id=\"div_block-7-149\" class=\"ct-div-block\" >\n<div id=\"div_block-17-149\" class=\"ct-div-block\" ><img decoding=\"async\"  id=\"image-18-149\" alt=\"Responsive\" src=\"https:\/\/www.q-bital.com\/wp-content\/uploads\/sites\/8\/2023\/06\/responsive.png\" class=\"ct-image\"\/><\/p>\n<div id=\"text_block-19-149\" class=\"ct-text-block\" >Fog\u00e9kony<\/div>\n<\/div>\n<\/div>\n<div id=\"div_block-8-149\" class=\"ct-div-block\" >\n<div id=\"div_block-21-149\" class=\"ct-div-block\" ><img decoding=\"async\"  id=\"image-22-149\" alt=\"Teamwork\" src=\"https:\/\/www.q-bital.com\/wp-content\/uploads\/sites\/8\/2023\/06\/teamwork.png\" class=\"ct-image\"\/><\/p>\n<div id=\"text_block-23-149\" class=\"ct-text-block\" >Csapatmunka<\/div>\n<\/div>\n<\/div>\n<div id=\"div_block-9-149\" class=\"ct-div-block\" >\n<div id=\"div_block-25-149\" class=\"ct-div-block\" ><img decoding=\"async\"  id=\"image-26-149\" alt=\"Innovative\" src=\"https:\/\/www.q-bital.com\/wp-content\/uploads\/sites\/8\/2023\/06\/innovative.png\" class=\"ct-image\"\/><\/p>\n<div id=\"text_block-27-149\" class=\"ct-text-block\" >\u00daj\u00edt\u00f3<\/div>\n<\/div>\n<\/div>\n<\/div>\n<\/section>\n<section id=\"section-132-34\" class=\"ct-section\" >\n<div class=\"ct-section-inner-wrap\">\n<div id=\"new_columns-133-34\" class=\"ct-new-columns\" >\n<div id=\"div_block-138-34\" class=\"ct-div-block\" ><img decoding=\"async\"  id=\"image-139-34\" alt=\"\" src=\"https:\/\/www.q-bital.com\/wp-content\/uploads\/sites\/8\/2023\/09\/careers.jpg\" class=\"ct-image\"\/><\/div>\n<div id=\"div_block-134-34\" class=\"ct-div-block\" >\n<h2 id=\"headline-135-34\" class=\"ct-headline\">Tal\u00e1lja meg karrierj\u00e9t<\/h2>\n<div id=\"_rich_text-136-34\" class=\"oxy-rich-text\" >\n<p dir=\"ltr\">Sz\u00e1mos lehet\u0151s\u00e9g\u00fcnk van, hogy csatlakozzunk izgalmas utunkhoz, mik\u00f6zben j\u00f6v\u0151nk k\u00f6vetkez\u0151 szakasz\u00e1ba l\u00e9p\u00fcnk n\u00f6veked\u00e9si amb\u00edci\u00f3ink megval\u00f3s\u00edt\u00e1sa ter\u00e9n.&nbsp;<\/p>\n<p dir=\"ltr\">C\u00e9ljainkat az \u00e9rt\u00e9keinkhez igazod\u00f3 csapatmunk\u00e1val \u00e9rj\u00fck el.<\/p>\n<p dir=\"ltr\">Arra t\u00f6reksz\u00fcnk, hogy soksz\u00edn\u0171 \u00e9s befogad\u00f3 munkahely\u00fcnk legyen, \u00e9s hat\u00e1rozottan \u00f6szt\u00f6n\u00f6zz\u00fck a legk\u00fcl\u00f6nf\u00e9l\u00e9bb h\u00e1tt\u00e9rrel rendelkez\u0151, megfelel\u0151en k\u00e9pzett jelentkez\u0151ket, hogy jelentkezzenek csapatunkba.&nbsp;<\/p>\n<p dir=\"ltr\">Ahhoz, hogy jogosult legyen a meghirdetett szerepekre, rendelkeznie kell az adott orsz\u00e1gban val\u00f3 munkav\u00e9gz\u00e9s jog\u00e1val.<\/p>\n<\/div>\n<\/div>\n<\/div>\n<\/div>\n<\/section>","protected":false},"excerpt":{"rendered":"","protected":false},"author":2,"featured_media":0,"parent":0,"menu_order":0,"comment_status":"closed","ping_status":"closed","template":"","meta":{"_acf_changed":false,"footnotes":""},"class_list":["post-143","page","type-page","status-publish","hentry"],"acf":[],"yoast_head":"<!-- This site is optimized with the Yoast SEO plugin v27.3 - https:\/\/yoast.com\/product\/yoast-seo-wordpress\/ -->\n<title>Careers - Q-bital Healthcare Solutions<\/title>\n<meta name=\"robots\" content=\"index, follow, max-snippet:-1, max-image-preview:large, max-video-preview:-1\" \/>\n<link rel=\"canonical\" href=\"https:\/\/www.q-bital.com\/hu_hu\/careers\/\" \/>\n<meta property=\"og:locale\" content=\"hu_HU\" \/>\n<meta property=\"og:type\" content=\"article\" \/>\n<meta property=\"og:title\" content=\"Careers - Q-bital Healthcare Solutions\" \/>\n<meta property=\"og:url\" content=\"https:\/\/www.q-bital.com\/hu_hu\/careers\/\" \/>\n<meta property=\"og:site_name\" content=\"Q-bital Healthcare Solutions\" \/>\n<meta property=\"article:modified_time\" content=\"2024-07-08T09:56:12+00:00\" \/>\n<meta name=\"twitter:card\" content=\"summary_large_image\" \/>\n<meta name=\"twitter:label1\" content=\"Becs\u00fclt olvas\u00e1si id\u0151\" \/>\n\t<meta name=\"twitter:data1\" content=\"1 perc\" \/>\n<script type=\"application\/ld+json\" class=\"yoast-schema-graph\">{\"@context\":\"https:\\\/\\\/schema.org\",\"@graph\":[{\"@type\":\"WebPage\",\"@id\":\"https:\\\/\\\/www.q-bital.com\\\/careers\\\/\",\"url\":\"https:\\\/\\\/www.q-bital.com\\\/careers\\\/\",\"name\":\"Careers - Q-bital Healthcare Solutions\",\"isPartOf\":{\"@id\":\"https:\\\/\\\/www.q-bital.com\\\/#website\"},\"datePublished\":\"2023-06-05T15:04:05+00:00\",\"dateModified\":\"2024-07-08T09:56:12+00:00\",\"inLanguage\":\"hu\",\"potentialAction\":[{\"@type\":\"ReadAction\",\"target\":[\"https:\\\/\\\/www.q-bital.com\\\/careers\\\/\"]}]},{\"@type\":\"WebSite\",\"@id\":\"https:\\\/\\\/www.q-bital.com\\\/#website\",\"url\":\"https:\\\/\\\/www.q-bital.com\\\/\",\"name\":\"Q-bital Healthcare Solutions\",\"description\":\"\",\"potentialAction\":[{\"@type\":\"SearchAction\",\"target\":{\"@type\":\"EntryPoint\",\"urlTemplate\":\"https:\\\/\\\/www.q-bital.com\\\/?s={search_term_string}\"},\"query-input\":{\"@type\":\"PropertyValueSpecification\",\"valueRequired\":true,\"valueName\":\"search_term_string\"}}],\"inLanguage\":\"hu\"}]}<\/script>\n<!-- \/ Yoast SEO plugin. -->","yoast_head_json":{"title":"Karrierlehet\u0151s\u00e9gek - Q-bital Eg\u00e9szs\u00e9g\u00fcgyi Megold\u00e1sok","robots":{"index":"index","follow":"follow","max-snippet":"max-snippet:-1","max-image-preview":"max-image-preview:large","max-video-preview":"max-video-preview:-1"},"canonical":"https:\/\/www.q-bital.com\/hu_hu\/careers\/","og_locale":"hu_HU","og_type":"article","og_title":"Careers - Q-bital Healthcare Solutions","og_url":"https:\/\/www.q-bital.com\/hu_hu\/careers\/","og_site_name":"Q-bital Healthcare Solutions","article_modified_time":"2024-07-08T09:56:12+00:00","twitter_card":"summary_large_image","twitter_misc":{"Becs\u00fclt olvas\u00e1si id\u0151":"1 perc"},"schema":{"@context":"https:\/\/schema.org","@graph":[{"@type":"WebPage","@id":"https:\/\/www.q-bital.com\/careers\/","url":"https:\/\/www.q-bital.com\/careers\/","name":"Karrierlehet\u0151s\u00e9gek - Q-bital Eg\u00e9szs\u00e9g\u00fcgyi Megold\u00e1sok","isPartOf":{"@id":"https:\/\/www.q-bital.com\/#website"},"datePublished":"2023-06-05T15:04:05+00:00","dateModified":"2024-07-08T09:56:12+00:00","inLanguage":"hu","potentialAction":[{"@type":"ReadAction","target":["https:\/\/www.q-bital.com\/careers\/"]}]},{"@type":"WebSite","@id":"https:\/\/www.q-bital.com\/#website","url":"https:\/\/www.q-bital.com\/","name":"Q-bital Healthcare Solutions","description":"","potentialAction":[{"@type":"SearchAction","target":{"@type":"EntryPoint","urlTemplate":"https:\/\/www.q-bital.com\/?s={search_term_string}"},"query-input":{"@type":"PropertyValueSpecification","valueRequired":true,"valueName":"search_term_string"}}],"inLanguage":"hu"}]}},"_links":{"self":[{"href":"https:\/\/www.q-bital.com\/hu_hu\/wp-json\/wp\/v2\/pages\/143","targetHints":{"allow":["GET"]}}],"collection":[{"href":"https:\/\/www.q-bital.com\/hu_hu\/wp-json\/wp\/v2\/pages"}],"about":[{"href":"https:\/\/www.q-bital.com\/hu_hu\/wp-json\/wp\/v2\/types\/page"}],"author":[{"embeddable":true,"href":"https:\/\/www.q-bital.com\/hu_hu\/wp-json\/wp\/v2\/users\/2"}],"replies":[{"embeddable":true,"href":"https:\/\/www.q-bital.com\/hu_hu\/wp-json\/wp\/v2\/comments?post=143"}],"version-history":[{"count":0,"href":"https:\/\/www.q-bital.com\/hu_hu\/wp-json\/wp\/v2\/pages\/143\/revisions"}],"wp:attachment":[{"href":"https:\/\/www.q-bital.com\/hu_hu\/wp-json\/wp\/v2\/media?parent=143"}],"curies":[{"name":"munkaf\u00fczet","href":"https:\/\/api.w.org\/{rel}","templated":true}]}}