{"id":209,"date":"2023-06-14T14:38:36","date_gmt":"2023-06-14T14:38:36","guid":{"rendered":"https:\/\/www.q-bital.com\/?page_id=209"},"modified":"2023-08-30T15:11:30","modified_gmt":"2023-08-30T15:11:30","slug":"environment","status":"publish","type":"page","link":"https:\/\/www.q-bital.com\/hu_hu\/environment\/","title":{"rendered":"K\u00f6rnyezet"},"content":{"rendered":"<section id=\"section-2-59\" class=\"ct-section\" style=\"background-image:url(https:\/\/www.q-bital.com\/wp-content\/uploads\/sites\/8\/2023\/05\/boulders-right.png);background-size: auto;\" >\n<div class=\"ct-section-inner-wrap\">\n<div id=\"div_block-8-59\" class=\"ct-div-block\" ><a id=\"link_text-6-59\" class=\"ct-link-text\" href=\"\/hu_hu\/\" target=\"_self\"  >itthon<\/a><\/p>\n<h1 id=\"headline-3-59\" class=\"ct-headline\"><span id=\"span-4-59\" class=\"ct-span\" >K\u00f6rnyezet<\/span><\/h1>\n<\/div>\n<\/div>\n<\/section>\n<section id=\"section-68-14-text-left-white\" class=\"ct-section\" >\n<div class=\"ct-section-inner-wrap\">\n<div id=\"new_columns-69-14text-left-white\" class=\"ct-new-columns\" >\n<div id=\"div_block-70-14\" class=\"ct-div-block\" >\n<h2 id=\"headline-71-14\" class=\"ct-headline\">Fenntarthat\u00f3s\u00e1gi \u00e9s t\u00e1rsadalmi felel\u0151ss\u00e9gv\u00e1llal\u00e1si k\u00f6telezetts\u00e9geink<\/h2>\n<div id=\"_rich_text-72-14\" class=\"oxy-rich-text\" >\n<p>Elk\u00f6telezettek vagyunk amellett, hogy k\u00f6rnyezeti szempontb\u00f3l fenntarthat\u00f3 \u00e9s t\u00e1rsadalmilag felel\u0151s szervezett\u00e9 v\u00e1ljunk, amely vil\u00e1gvezet\u0151 klinikai eg\u00e9szs\u00e9g\u00fcgyi tereket hoz l\u00e9tre a k\u00f6rnyezetre minim\u00e1lis hat\u00e1ssal.<\/p>\n<p><strong>C\u00e9ljaink<\/strong><\/p>\n<p>1. \u00dczleti gyakorlatunk folyamatosan fejl\u0151dik; k\u00f6rnyezetv\u00e9delmi \u00fctemterv\u00fcnk arra k\u00f6telez benn\u00fcnket, hogy 2023 v\u00e9g\u00e9re 1 \u00e9s 2 kibocs\u00e1t\u00e1s tekintet\u00e9ben sz\u00e9n-dioxid-semlegesek legy\u00fcnk, 2035-re pedig nulla sz\u00e9n-dioxid-kibocs\u00e1t\u00e1s\u00fav\u00e1 v\u00e1ljunk.<\/p>\n<p>2. Folyamatosan arra t\u00f6reksz\u00fcnk, hogy olyan term\u00e9keket \u00e9s szolg\u00e1ltat\u00e1sokat k\u00edn\u00e1ljunk, amelyek seg\u00edtik \u00fcgyfeleinket saj\u00e1t k\u00f6rnyezetv\u00e9delmi c\u00e9ljaik el\u00e9r\u00e9s\u00e9ben. Eg\u00e9szs\u00e9g\u00fcgyi tereink 2025-re napi szinten sz\u00e9n-dioxid-semlegesek lesznek.<\/p>\n<\/div>\n<\/div>\n<div id=\"div_block-74-14\" class=\"ct-div-block\" ><img decoding=\"async\"  id=\"image-75-14\" alt=\"\" src=\"https:\/\/www.q-bital.com\/wp-content\/uploads\/sites\/8\/2023\/07\/Solar-Panels.jpg\" class=\"ct-image\"\/><\/div>\n<\/div>\n<\/div>\n<\/section>\n<section id=\"section-88-34-blue\" class=\"ct-section\" >\n<div class=\"ct-section-inner-wrap\">\n<div id=\"new_columns-89-34-blue\" class=\"ct-new-columns\" >\n<div id=\"div_block-94-34\" class=\"ct-div-block\" ><img decoding=\"async\"  id=\"image-95-34\" alt=\"\" src=\"https:\/\/www.q-bital.com\/wp-content\/uploads\/sites\/8\/2023\/07\/CO2.jpg\" class=\"ct-image\"\/><\/div>\n<div id=\"div_block-90-34\" class=\"ct-div-block\" >\n<h2 id=\"headline-91-34\" class=\"ct-headline\">K\u00f6telezetts\u00e9geink <\/h2>\n<div id=\"_rich_text-92-34\" class=\"oxy-rich-text\" >\n<ul>\n<li>Vil\u00e1gos, hossz\u00fa t\u00e1v\u00fa strat\u00e9giai terv\u00fcnk tudom\u00e1nyos alap\u00fa c\u00e9lokkal, amelyek biztos\u00edtj\u00e1k hossz\u00fa t\u00e1v\u00fa c\u00e9ljaink el\u00e9r\u00e9s\u00e9t \u00e9s \u00e9ves taktikai tev\u00e9kenys\u00e9g\u00fcnket<\/li>\n<li>\u00c9vente megjelen\u0151 a <a href=\"\/hu_hu\/carbon-reduction-plan\/\">sz\u00e9n-dioxid-cs\u00f6kkent\u00e9si terv<\/a><\/li>\n<li>A sz\u00e9nl\u00e1bnyomunk \u00e9ves m\u00e9r\u00e9se<\/li>\n<li>Egy nett\u00f3 nulla \u00e9p\u00fclet modul\u00e1ris portf\u00f3li\u00f3 biztos\u00edt\u00e1sa 2024-re &nbsp;<\/li>\n<li>Fenntarthat\u00f3 ell\u00e1t\u00e1si l\u00e1ncunk biztos\u00edt\u00e1sa, olyan anyagok \u00e9s mint\u00e1k felhaszn\u00e1l\u00e1s\u00e1val, amelyek k\u00e9pesek meghosszabb\u00edtani \u00e9p\u00fcleteink \u00e9lettartam\u00e1t<\/li>\n<li>Az \u00fajrahaszn\u00e1lat\/\u00fajrafelhaszn\u00e1l\u00e1s vagy \u00fajrahasznos\u00edt\u00e1s szintj\u00e9nek maximaliz\u00e1l\u00e1sa a j\u00f6v\u0151beli projektekhez<\/li>\n<li>A meg\u00fajul\u00f3 energiaforr\u00e1sok haszn\u00e1lat\u00e1nak n\u00f6vel\u00e9se telephely\u00fcnk\u00f6n, am\u00edg 2025-ig teljes eg\u00e9sz\u00e9ben meg\u00fajul\u00f3 energiaforr\u00e1sokkal nem fogunk m\u0171k\u00f6dni<\/li>\n<li>\u00c1t\u00e1ll\u00e1s elektromos meghajt\u00e1s\u00fa flott\u00e1ra 2025-re, a fosszilis t\u00fczel\u00e9s\u0171 j\u00e1rm\u0171vek fokozatos megsz\u00fcntet\u00e9se<\/li>\n<li>Az ell\u00e1t\u00e1si l\u00e1nc kibocs\u00e1t\u00e1s\u00e1nak cs\u00f6kkent\u00e9se 80%-vel<\/li>\n<li>Folyamatban l\u00e9v\u0151 beruh\u00e1z\u00e1sok olyan sz\u00e9n-dioxid-elt\u00e1vol\u00edt\u00e1si projektekbe, amelyek sz\u00e9n-dioxid-lek\u00f6t\u00e9st tesznek lehet\u0151v\u00e9 a l\u00e9gk\u00f6rb\u0151l \u00e9vi 500 tonna CO2 elt\u00e1vol\u00edt\u00e1sa \u00e9rdek\u00e9ben<\/li>\n<li>Gondoskodni kell arr\u00f3l, hogy az ell\u00e1t\u00e1si l\u00e1ncunk olyan gyakorlatokkal rendelkezzen, amelyek cs\u00f6kkentik a k\u00f6rnyezeti hat\u00e1sukat, bele\u00e9rtve az anyagok kiv\u00e1laszt\u00e1s\u00e1t&nbsp;<\/li>\n<li>Hullad\u00e9kot nem sz\u00e1ll\u00edtanak lerak\u00f3ba<\/li>\n<\/ul>\n<p>Tekintse meg utaz\u00e1sunkat ide&nbsp;<a href=\"\/wp-content\/uploads\/sites\/8\/2023\/07\/Vanguard-Carbon-Net-Zero-Graphics-July-2023-1.pdf\" target=\"_blank\" rel=\"noopener\">Carbon Net Zero \u00fctemterv<\/a><\/p>\n<\/div>\n<\/div>\n<\/div>\n<\/div>\n<\/section>\n<section id=\"section-68-14-text-left-white\" class=\"ct-section\" >\n<div class=\"ct-section-inner-wrap\">\n<div id=\"new_columns-69-14text-left-white\" class=\"ct-new-columns\" >\n<div id=\"div_block-70-14\" class=\"ct-div-block\" >\n<h2 id=\"headline-71-14\" class=\"ct-headline\">Hogyan sz\u00e1ll\u00edtunk olyan term\u00e9keket \u00e9s szolg\u00e1ltat\u00e1sokat, amelyek seg\u00edtik \u00fcgyfeleinket k\u00f6rnyezetv\u00e9delmi c\u00e9ljaik el\u00e9r\u00e9s\u00e9ben:<\/h2>\n<div id=\"_rich_text-72-14\" class=\"oxy-rich-text\" >\n<ul>\n<li>Saj\u00e1t gy\u00e1rilag ellen\u0151rz\u00f6tt k\u00f6rnyezet\u00fcnkben gy\u00e1rtott eg\u00e9szs\u00e9g\u00fcgyi terek<\/li>\n<li>A 80% gy\u00e1ri befejezetts\u00e9gi szintek minimaliz\u00e1lj\u00e1k a helysz\u00edni tev\u00e9kenys\u00e9geket<\/li>\n<li>Sz\u00e9n-semleges modul\u00e1ris \u00e9p\u00fcletek bevezet\u00e9se szolg\u00e1ltat\u00e1si portf\u00f3li\u00f3nkba&nbsp;<\/li>\n<li>Minden \u00e9p\u00fclet a BREEAM \u201eKiv\u00e1l\u00f3\u201d szint el\u00e9r\u00e9se \u00e9rdek\u00e9ben alapkivitelben<\/li>\n<li>Energiahat\u00e9kony \u00e9p\u00fcletek sz\u00e1ll\u00edt\u00e1sa, amelyek nem vesz\u00e9lyeztetik a biztons\u00e1got, a gyakorlati vagy funkcion\u00e1lis k\u00f6vetelm\u00e9nyeket&nbsp;<\/li>\n<li>Modern technol\u00f3gi\u00e1k alkalmaz\u00e1sa a meg\u00fajul\u00f3 energiaforr\u00e1sok megszerz\u00e9s\u00e9re \u00e9s hasznos\u00edt\u00e1s\u00e1ra a m\u0171k\u00f6d\u00e9si k\u00f6rnyezet szab\u00e1lyoz\u00e1s\u00e1ra<\/li>\n<li>Sz\u00e9nsemleges gy\u00e1rban gy\u00e1rtott ac\u00e9l v\u00e1zas, beton aljzat alv\u00e1z modulok<\/li>\n<\/ul>\n<\/div>\n<\/div>\n<div id=\"div_block-74-14\" class=\"ct-div-block\" ><img decoding=\"async\"  id=\"image-75-14\" alt=\"\" src=\"https:\/\/www.q-bital.com\/wp-content\/uploads\/sites\/8\/2023\/07\/Roof.jpg\" class=\"ct-image\"\/><\/div>\n<\/div>\n<\/div>\n<\/section>\n<section id=\"section-88-34-blue\" class=\"ct-section\" >\n<div class=\"ct-section-inner-wrap\">\n<div id=\"new_columns-89-34-blue\" class=\"ct-new-columns\" >\n<div id=\"div_block-94-34\" class=\"ct-div-block\" ><img decoding=\"async\"  id=\"image-95-34\" alt=\"\" src=\"https:\/\/www.q-bital.com\/wp-content\/uploads\/sites\/8\/2023\/07\/Crane.jpg\" class=\"ct-image\"\/><\/div>\n<div id=\"div_block-90-34\" class=\"ct-div-block\" >\n<h2 id=\"headline-91-34\" class=\"ct-headline\">Egy k\u00f6rk\u00f6r\u00f6s gazdas\u00e1g<\/h2>\n<div id=\"_rich_text-92-34\" class=\"oxy-rich-text\" >\n<p>A modul\u00e1ris \u00e9s mobil eg\u00e9szs\u00e9g\u00fcgyi l\u00e9tes\u00edtm\u00e9nyek alkalmazkod\u00f3 \u00e9s fenntarthat\u00f3 tervez\u00e9s\u00fck r\u00e9v\u00e9n l\u00e9tfontoss\u00e1g\u00fa szerepet j\u00e1tszanak a k\u00f6rforg\u00e1sos gazdas\u00e1g el\u0151mozd\u00edt\u00e1s\u00e1ban, mik\u00f6zben k\u00f6rnyezeti \u00e9s fenntarthat\u00f3 el\u0151ny\u00f6ket k\u00edn\u00e1lnak. A modul\u00e1ris komponensek haszn\u00e1lata lehet\u0151v\u00e9 teszi az egyszer\u0171 sz\u00e9tszerel\u00e9st, \u00e1thelyez\u00e9st \u00e9s \u00fajrakonfigur\u00e1l\u00e1st, lehet\u0151v\u00e9 t\u00e9ve az eg\u00e9szs\u00e9g\u00fcgyi szolg\u00e1ltat\u00e1sok hat\u00e9kony sz\u00e1ll\u00edt\u00e1s\u00e1t, ahol sz\u00fcks\u00e9ges.&nbsp;<\/p>\n<p>Ez a rugalmass\u00e1g nemcsak az \u00e9p\u00edt\u00e9si \u00e9s \u00fczemeltet\u00e9si k\u00f6lts\u00e9geket cs\u00f6kkenti, hanem a hagyom\u00e1nyos r\u00f6gz\u00edtett eg\u00e9szs\u00e9g\u00fcgyi strukt\u00far\u00e1khoz kapcsol\u00f3d\u00f3 k\u00f6rnyezeti l\u00e1bnyomot is. Ezenk\u00edv\u00fcl a modul\u00e1ris l\u00e9tes\u00edtm\u00e9nyek el\u0151seg\u00edtik az anyagok \u00fajrahasznos\u00edt\u00e1s\u00e1t \u00e9s \u00fajrahasznos\u00edt\u00e1s\u00e1t, hozz\u00e1j\u00e1rulva a k\u00f6rforg\u00e1sos gazdas\u00e1ghoz az\u00e1ltal, hogy meghosszabb\u00edtj\u00e1k \u00e9lettartamukat \u00e9s cs\u00f6kkentik az \u00faj er\u0151forr\u00e1sok ir\u00e1nti keresletet.&nbsp;<\/p>\n<\/div>\n<\/div>\n<\/div>\n<\/div>\n<\/section>\n<section id=\"section-332-315\" class=\"ct-section\" >\n<div class=\"ct-section-inner-wrap\">\n<div id=\"new_columns-333-315\" class=\"ct-new-columns\" >\n<div id=\"div_block-334-315\" class=\"ct-div-block\" >\n<div id=\"div_block-345-315\" class=\"ct-div-block box-shadow\" >\n<div id=\"_rich_text-346-315\" class=\"oxy-rich-text\" >\n<h3>Az ell\u00e1t\u00e1si l\u00e1ncunk<\/h3>\n<p>\u2022 Ac\u00e9lv\u00e1zas, beton aljzat-aljzat-moduljaink sz\u00e9nsemleges gy\u00e1rban k\u00e9sz\u00fclnek<\/p>\n<p>\u2022 Falazati rendszereinket \u00e9p\u00fcleteinkhez szabtuk \u00e9s tervezt\u00fck, cs\u00f6kkentve a hullad\u00e9kot \u00e9s a hib\u00e1kat<\/p>\n<p>\u2022 Az ell\u00e1t\u00e1si l\u00e1ncainkkal azon dolgozunk, hogy a kiv\u00e1lasztott anyagokon \u00e9s saj\u00e1t gyakorlatukon kereszt\u00fcl cs\u00f6kkents\u00fck k\u00f6rnyezeti hat\u00e1sukat<\/p>\n<\/div>\n<\/div>\n<\/div>\n<div id=\"div_block-335-315\" class=\"ct-div-block\" >\n<div id=\"div_block-342-315\" class=\"ct-div-block box-shadow\" >\n<div id=\"_rich_text-337-315\" class=\"oxy-rich-text\" >\n<h3>Gy\u00e1rilag ellen\u0151rz\u00f6tt k\u00f6rnyezet<\/h3>\n<p>\u2022 Az \u00fajradolgoz\u00e1s \u00e9s a hib\u00e1s epiz\u00f3dok minim\u00e1lisra cs\u00f6kkennek<\/p>\n<p>\u2022 Az anyagpazarl\u00e1s cs\u00f6kkent\u00e9se a gy\u00e1rt\u00e1sellen\u0151rz\u00e9s r\u00e9v\u00e9n<\/p>\n<p>\u2022 A hullad\u00e9k elk\u00fcl\u00f6n\u00edt\u00e9si \u00e9s \u00fajrahasznos\u00edt\u00e1si szintj\u00e9nek n\u00f6vel\u00e9se<\/p>\n<\/div>\n<\/div>\n<\/div>\n<\/div>\n<div id=\"new_columns-350-315\" class=\"ct-new-columns\" >\n<div id=\"div_block-351-315\" class=\"ct-div-block\" >\n<div id=\"div_block-354-315\" class=\"ct-div-block box-shadow\" >\n<div id=\"_rich_text-355-315\" class=\"oxy-rich-text\" >\n<h3>Energiahat\u00e9kony kialak\u00edt\u00e1sok<\/h3>\n<p>\u2022 Lehet\u0151s\u00e9g szerint term\u00e9szetes f\u00e9ny \u00e9s szell\u0151z\u00e9s haszn\u00e1lata<\/p>\n<p>\u2022 Magas szigetel\u00e9si \u00e9rt\u00e9kek biztos\u00edt\u00e1sa modul\u00e1ris fal-, tet\u0151- \u00e9s \u00fcvegez\u00e9si rendszereinken bel\u00fcl<\/p>\n<p>\u2022 Energiafelv\u00e9tel, ahol praktikus<\/p>\n<p>\u2022 Z\u00f6ldfalaz\u00e1s<\/p>\n<\/div>\n<\/div>\n<\/div>\n<div id=\"div_block-356-315\" class=\"ct-div-block\" >\n<div id=\"div_block-359-315\" class=\"ct-div-block box-shadow\" >\n<div id=\"_rich_text-360-315\" class=\"oxy-rich-text\" >\n<h3>Modern fenntarthat\u00f3 technol\u00f3gi\u00e1k alkalmaz\u00e1sa<\/h3>\n<p>\u2022 F\u00f6ld\/leveg\u0151s f\u0171t\u00e9si lehet\u0151s\u00e9gek<\/p>\n<p>\u2022 PV panelek<\/p>\n<p>\u2022 Integr\u00e1lt CO2 fel\u00fcgyelet<\/p>\n<p>\u2022 Es\u0151v\u00edz visszanyer\u00e9se<\/p>\n<\/div>\n<\/div>\n<\/div>\n<\/div>\n<\/div>\n<\/section>\n<section id=\"section-68-14-text-left-white\" class=\"ct-section\" >\n<div class=\"ct-section-inner-wrap\">\n<div id=\"new_columns-69-14text-left-white\" class=\"ct-new-columns\" >\n<div id=\"div_block-70-14\" class=\"ct-div-block\" >\n<h2 id=\"headline-71-14\" class=\"ct-headline\">T\u00e1rsadalmi felel\u0151ss\u00e9g<\/h2>\n<div id=\"_rich_text-72-14\" class=\"oxy-rich-text\" >\n<p>V\u00e1llalati el\u00e9rhet\u0151s\u00e9g\u00fcnket arra haszn\u00e1ljuk, hogy a k\u00f6rnyezet \u00e9s a k\u00f6z\u00f6ss\u00e9gek jav\u00e1t szolg\u00e1ljuk, \u00e9s biztons\u00e1gos, j\u00f3 min\u0151s\u00e9g\u0171 eg\u00e9szs\u00e9g\u00fcgyi tereket biztos\u00edtsunk.&nbsp;<\/p>\n<p>F\u00f3kuszunk a k\u00f6vetkez\u0151kre ir\u00e1nyul:<\/p>\n<ul>\n<li>ISO14001 \u00e9s 45001 szabv\u00e1nyok el\u00e9r\u00e9se<\/li>\n<li>Egy\u00fcttm\u0171k\u00f6d\u00e9s a vadv\u00e9delmi alapokkal az Egyes\u00fclt Kir\u00e1lys\u00e1g foly\u00f3inak \u00e9s csatorn\u00e1inak min\u0151s\u00e9g\u00e9nek jav\u00edt\u00e1sa \u00e9rdek\u00e9ben&nbsp;<\/li>\n<li>Fizetett \u00f6nk\u00e9ntes munka felaj\u00e1nl\u00e1sa az alkalmazottaknak az Ark Business Conservation csapat\u00e1val<\/li>\n<li>Az eg\u00e9szs\u00e9g\u00fcgyi \u00e9s eg\u00e9szs\u00e9g\u00fcgyi m\u00e9rn\u00f6ki ter\u00fcleten munk\u00e1hoz jut\u00f3 fiatalok \u00e9letes\u00e9lyeinek jav\u00edt\u00e1sa. Munkaer\u0151nk 10%-j\u00e1t teszik ki a c\u00e9lzott szakmai gyakorlatok \u00e9s mentork\u00e9pz\u00e9sek<\/li>\n<li>Munkat\u00e1rsaink 10% k\u00e9pz\u00e9se ment\u00e1lis eg\u00e9szs\u00e9g\u00fcgyi els\u0151seg\u00e9lyny\u00fajt\u00f3v\u00e1<\/li>\n<li>Az els\u0151 nemzet \u00fcgyeinek t\u00e1mogat\u00e1sa Ausztr\u00e1li\u00e1ban fizetett \u00f6nk\u00e9ntess\u00e9gen kereszt\u00fcl<\/li>\n<li>A munkahelyi k\u00f6rnyezet jav\u00edt\u00e1sa<\/li>\n<li>Az eg\u00e9szs\u00e9g\u00fcgyi szervezetek \u00e9s az eg\u00e9szs\u00e9g\u00fcgyi mag\u00e1nszektor t\u00e1mogat\u00e1sa a betegek munk\u00e1ba val\u00f3 visszat\u00e9r\u00e9s\u00e9nek vagy gondoz\u00e1si k\u00f6telezetts\u00e9geik teljes\u00edt\u00e9s\u00e9nek el\u0151seg\u00edt\u00e9se \u00e9rdek\u00e9ben<\/li>\n<li>A megosztott felel\u0151ss\u00e9g \u00e9s elsz\u00e1moltathat\u00f3s\u00e1g \u00e9rz\u00e9s\u00e9nek megteremt\u00e9se \u00fczlet\u00fcnkben k\u00e9pz\u00e9s \u00e9s fejleszt\u00e9s, kommunik\u00e1ci\u00f3s \u00fatvonalak \u00e9s rendszerek seg\u00edts\u00e9g\u00e9vel<\/li>\n<li>A B Corp akkredit\u00e1ci\u00f3j\u00e1nak biztos\u00edt\u00e1sa 2025-ig, hogy t\u00fckr\u00f6zze elk\u00f6telezetts\u00e9g\u00fcnket a t\u00e1rsadalmi \u00e9s k\u00f6rnyezeti teljes\u00edtm\u00e9ny, az \u00e1tl\u00e1that\u00f3s\u00e1g \u00e9s az elsz\u00e1moltathat\u00f3s\u00e1g magas sz\u00ednvonal\u00e1nak teljes\u00edt\u00e9se ir\u00e1nt.&nbsp;<\/li>\n<\/ul>\n<p>Tekintse meg a mi <a href=\"\/wp-content\/uploads\/sites\/8\/2023\/07\/Vanguard-Corp-Responsibilty-Graphics-July-2023-1.pdf\" target=\"_blank\" rel=\"noopener\">v\u00e1llalati t\u00e1rsadalmi felel\u0151ss\u00e9gv\u00e1llal\u00e1si \u00fatiterv<\/a><\/p>\n<\/div>\n<\/div>\n<div id=\"div_block-74-14\" class=\"ct-div-block\" ><img decoding=\"async\"  id=\"image-75-14\" alt=\"\" src=\"https:\/\/www.q-bital.com\/wp-content\/uploads\/sites\/8\/2023\/07\/Social-Responsibility.jpg\" class=\"ct-image\"\/><\/div>\n<\/div>\n<\/div>\n<\/section>\n<section id=\"section-88-34-blue\" class=\"ct-section\" >\n<div class=\"ct-section-inner-wrap\">\n<div id=\"new_columns-89-34-blue\" class=\"ct-new-columns\" >\n<div id=\"div_block-94-34\" class=\"ct-div-block\" ><img decoding=\"async\"  id=\"image-95-34\" alt=\"\" src=\"https:\/\/www.q-bital.com\/wp-content\/uploads\/sites\/8\/2023\/05\/Staffed-operating-theatre1.jpg\" class=\"ct-image\"\/><\/div>\n<div id=\"div_block-90-34\" class=\"ct-div-block\" >\n<h2 id=\"headline-91-34\" class=\"ct-headline\">V\u00e1llalkoz\u00f3ink \u00e9s ell\u00e1t\u00e1si l\u00e1nc menedzsment<\/h2>\n<div id=\"_rich_text-92-34\" class=\"oxy-rich-text\" >\n<p>Biztos\u00edtjuk, hogy v\u00e1llalkoz\u00f3ink megfeleljenek a legmagasabb szint\u0171 eg\u00e9szs\u00e9g\u00fcgyi \u00e9s biztons\u00e1gi el\u0151\u00edr\u00e1soknak, valamint megfeleljenek a vonatkoz\u00f3 t\u00f6rv\u00e9nyi \u00e9s szab\u00e1lyszer\u0171s\u00e9gi k\u00f6vetelm\u00e9nyeknek, mint p\u00e9ld\u00e1ul az Egyenl\u0151s\u00e9gi T\u00f6rv\u00e9ny, ill. <a href=\"..\/modern-slavery-and-human-trafficking-statement\/\">Modern rabszolgas\u00e1gr\u00f3l \u00e9s embercsemp\u00e9szetr\u0151l sz\u00f3l\u00f3 t\u00f6rv\u00e9ny<\/a>.&nbsp;<\/p>\n<p>Elk\u00f6telezettek vagyunk a tisztess\u00e9ges fizet\u00e9si gyakorlat mellett, ahogyan azt a Korm\u00e1nyzati Kereskedelmi Hivatal \u00fatmutat\u00f3ja \u00e9s az \u00c9p\u00edt\u00e9s 2025 alapelvei felv\u00e1zolj\u00e1k:&nbsp;<\/p>\n<ul>\n<li>A fizet\u00e9si elj\u00e1r\u00e1sok \u00e1tl\u00e1that\u00f3s\u00e1ga&nbsp;<\/li>\n<li>Befizet\u00e9sek visszaigazol\u00e1sa m\u00e9rf\u00f6ldk\u00f6vek ellen\u00e9ben&nbsp;<\/li>\n<li>B\u00e1rmely \u00f6sszeg, amelyet visszatartanak, id\u0151tartammal \u00e9s indokl\u00e1ssal.&nbsp;<\/li>\n<\/ul>\n<p>A Megfontolt V\u00e1llalkoz\u00f3k Rendszer akkredit\u00e1lt tagjai vagyunk, \u00e9s \u00e9rt\u00e9kes partnerekb\u0151l \u00e1ll\u00f3 ell\u00e1t\u00e1si l\u00e1ncon kereszt\u00fcl m\u0171k\u00f6d\u00fcnk.&nbsp;<\/p>\n<\/div>\n<\/div>\n<\/div>\n<\/div>\n<\/section>\n<section id=\"section-68-14-text-left-white\" class=\"ct-section\" >\n<div class=\"ct-section-inner-wrap\">\n<div id=\"new_columns-69-14text-left-white\" class=\"ct-new-columns\" >\n<div id=\"div_block-70-14\" class=\"ct-div-block\" >\n<h2 id=\"headline-71-14\" class=\"ct-headline\">Korm\u00e1nyz\u00e1s<\/h2>\n<div id=\"_rich_text-72-14\" class=\"oxy-rich-text\" >\n<p>Szigor\u00fa ir\u00e1ny\u00edt\u00e1si ir\u00e1nyelveink t\u00e1mogatj\u00e1k a biztons\u00e1got \u00e9s a megfelel\u00e9st. A betegek, \u00fcgyfeleink \u00e9s munkat\u00e1rsaink biztons\u00e1ga minden tev\u00e9kenys\u00e9g\u00fcnk k\u00f6z\u00e9ppontj\u00e1ban \u00e1ll. Ir\u00e1ny\u00edt\u00e1si rendszer\u00fcnket \u00fagy alak\u00edtottuk ki, hogy robusztus legyen, \u00e9s folyamatos fejl\u0151d\u00e9st biztos\u00edtson.<\/p>\n<p>Akt\u00edv integr\u00e1lt ir\u00e1ny\u00edt\u00e1si politik\u00e1nk c\u00e9lja, hogy t\u00e1mogassa a biztons\u00e1gos \u00e9s megfelel\u0151 szolg\u00e1ltat\u00e1s ny\u00fajt\u00e1s\u00e1t. Ellen\u0151rizz\u00fck ezt a szab\u00e1lyzatot, \u00e9s nyomon k\u00f6vetj\u00fck annak eredm\u00e9nyeit szervezet\u00fcnk minden szintj\u00e9n. Azon ritka esetekben, amikor a dolgok nem a tervek szerint mentek, rendbe hozzuk azokat, \u00e9s a tanultakat felhaszn\u00e1ljuk j\u00f6v\u0151beli szolg\u00e1ltat\u00e1saink fejleszt\u00e9s\u00e9re.<\/p>\n<p>Szigor\u00fa min\u0151s\u00e9gi elj\u00e1r\u00e1s van \u00e9rv\u00e9nyben a klinikai probl\u00e9m\u00e1k azonos\u00edt\u00e1s\u00e1ra \u00e9s kezel\u00e9s\u00e9re, valamint az \u00f6sszes kock\u00e1zat kezel\u00e9s\u00e9re. Ez mag\u00e1ban foglalja mind a bels\u0151, mind a k\u00fcls\u0151 ellen\u0151rz\u00e9si folyamatokat a ny\u00fajtott szolg\u00e1ltat\u00e1sok nyomon k\u00f6vet\u00e9s\u00e9re \u00e9s ellen\u0151rz\u00e9s\u00e9re.<\/p>\n<\/div>\n<\/div>\n<div id=\"div_block-74-14\" class=\"ct-div-block\" ><img decoding=\"async\"  id=\"image-75-14\" alt=\"\" src=\"https:\/\/www.q-bital.com\/wp-content\/uploads\/sites\/8\/2023\/07\/Governance.jpg\" class=\"ct-image\"\/><\/div>\n<\/div>\n<\/div>\n<\/section>","protected":false},"excerpt":{"rendered":"","protected":false},"author":2,"featured_media":0,"parent":0,"menu_order":0,"comment_status":"closed","ping_status":"closed","template":"","meta":{"_acf_changed":false,"footnotes":""},"class_list":["post-209","page","type-page","status-publish","hentry"],"acf":[],"yoast_head":"<!-- This site is optimized with the Yoast SEO plugin v27.5 - https:\/\/yoast.com\/product\/yoast-seo-wordpress\/ -->\n<title>Environment - Q-bital Healthcare Solutions<\/title>\n<meta name=\"robots\" content=\"index, follow, max-snippet:-1, max-image-preview:large, max-video-preview:-1\" \/>\n<link rel=\"canonical\" href=\"https:\/\/www.q-bital.com\/hu_hu\/environment\/\" \/>\n<meta property=\"og:locale\" content=\"hu_HU\" \/>\n<meta property=\"og:type\" content=\"article\" \/>\n<meta property=\"og:title\" content=\"Environment - Q-bital Healthcare Solutions\" \/>\n<meta property=\"og:url\" content=\"https:\/\/www.q-bital.com\/hu_hu\/environment\/\" \/>\n<meta property=\"og:site_name\" content=\"Q-bital Healthcare Solutions\" \/>\n<meta property=\"article:modified_time\" content=\"2023-08-30T15:11:30+00:00\" \/>\n<meta name=\"twitter:card\" content=\"summary_large_image\" \/>\n<script type=\"application\/ld+json\" class=\"yoast-schema-graph\">{\"@context\":\"https:\\\/\\\/schema.org\",\"@graph\":[{\"@type\":\"WebPage\",\"@id\":\"https:\\\/\\\/www.q-bital.com\\\/environment\\\/\",\"url\":\"https:\\\/\\\/www.q-bital.com\\\/environment\\\/\",\"name\":\"Environment - Q-bital Healthcare Solutions\",\"isPartOf\":{\"@id\":\"https:\\\/\\\/www.q-bital.com\\\/#website\"},\"datePublished\":\"2023-06-14T14:38:36+00:00\",\"dateModified\":\"2023-08-30T15:11:30+00:00\",\"inLanguage\":\"hu\",\"potentialAction\":[{\"@type\":\"ReadAction\",\"target\":[\"https:\\\/\\\/www.q-bital.com\\\/environment\\\/\"]}]},{\"@type\":\"WebSite\",\"@id\":\"https:\\\/\\\/www.q-bital.com\\\/#website\",\"url\":\"https:\\\/\\\/www.q-bital.com\\\/\",\"name\":\"Q-bital Healthcare Solutions\",\"description\":\"\",\"potentialAction\":[{\"@type\":\"SearchAction\",\"target\":{\"@type\":\"EntryPoint\",\"urlTemplate\":\"https:\\\/\\\/www.q-bital.com\\\/?s={search_term_string}\"},\"query-input\":{\"@type\":\"PropertyValueSpecification\",\"valueRequired\":true,\"valueName\":\"search_term_string\"}}],\"inLanguage\":\"hu\"}]}<\/script>\n<!-- \/ Yoast SEO plugin. -->","yoast_head_json":{"title":"K\u00f6rnyezetv\u00e9delem - Q-bital Eg\u00e9szs\u00e9g\u00fcgyi Megold\u00e1sok","robots":{"index":"index","follow":"follow","max-snippet":"max-snippet:-1","max-image-preview":"max-image-preview:large","max-video-preview":"max-video-preview:-1"},"canonical":"https:\/\/www.q-bital.com\/hu_hu\/environment\/","og_locale":"hu_HU","og_type":"article","og_title":"Environment - Q-bital Healthcare Solutions","og_url":"https:\/\/www.q-bital.com\/hu_hu\/environment\/","og_site_name":"Q-bital Healthcare Solutions","article_modified_time":"2023-08-30T15:11:30+00:00","twitter_card":"summary_large_image","schema":{"@context":"https:\/\/schema.org","@graph":[{"@type":"WebPage","@id":"https:\/\/www.q-bital.com\/environment\/","url":"https:\/\/www.q-bital.com\/environment\/","name":"K\u00f6rnyezetv\u00e9delem - Q-bital Eg\u00e9szs\u00e9g\u00fcgyi Megold\u00e1sok","isPartOf":{"@id":"https:\/\/www.q-bital.com\/#website"},"datePublished":"2023-06-14T14:38:36+00:00","dateModified":"2023-08-30T15:11:30+00:00","inLanguage":"hu","potentialAction":[{"@type":"ReadAction","target":["https:\/\/www.q-bital.com\/environment\/"]}]},{"@type":"WebSite","@id":"https:\/\/www.q-bital.com\/#website","url":"https:\/\/www.q-bital.com\/","name":"Q-bital Healthcare Solutions","description":"","potentialAction":[{"@type":"SearchAction","target":{"@type":"EntryPoint","urlTemplate":"https:\/\/www.q-bital.com\/?s={search_term_string}"},"query-input":{"@type":"PropertyValueSpecification","valueRequired":true,"valueName":"search_term_string"}}],"inLanguage":"hu"}]}},"_links":{"self":[{"href":"https:\/\/www.q-bital.com\/hu_hu\/wp-json\/wp\/v2\/pages\/209","targetHints":{"allow":["GET"]}}],"collection":[{"href":"https:\/\/www.q-bital.com\/hu_hu\/wp-json\/wp\/v2\/pages"}],"about":[{"href":"https:\/\/www.q-bital.com\/hu_hu\/wp-json\/wp\/v2\/types\/page"}],"author":[{"embeddable":true,"href":"https:\/\/www.q-bital.com\/hu_hu\/wp-json\/wp\/v2\/users\/2"}],"replies":[{"embeddable":true,"href":"https:\/\/www.q-bital.com\/hu_hu\/wp-json\/wp\/v2\/comments?post=209"}],"version-history":[{"count":0,"href":"https:\/\/www.q-bital.com\/hu_hu\/wp-json\/wp\/v2\/pages\/209\/revisions"}],"wp:attachment":[{"href":"https:\/\/www.q-bital.com\/hu_hu\/wp-json\/wp\/v2\/media?parent=209"}],"curies":[{"name":"munkaf\u00fczet","href":"https:\/\/api.w.org\/{rel}","templated":true}]}}