{"id":674,"date":"2023-07-19T14:17:08","date_gmt":"2023-07-19T14:17:08","guid":{"rendered":"https:\/\/www.q-bital.com\/?page_id=674"},"modified":"2024-01-18T10:20:31","modified_gmt":"2024-01-18T10:20:31","slug":"heritage","status":"publish","type":"page","link":"https:\/\/www.q-bital.com\/hu_hu\/heritage\/","title":{"rendered":"\u00d6r\u00f6ks\u00e9g"},"content":{"rendered":"<section id=\"section-2-59\" class=\"ct-section\" style=\"background-image:url(https:\/\/www.q-bital.com\/wp-content\/uploads\/sites\/8\/2023\/05\/boulders-right.png);background-size: auto;\" >\n<div class=\"ct-section-inner-wrap\">\n<div id=\"div_block-8-59\" class=\"ct-div-block\" ><a id=\"link_text-6-59\" class=\"ct-link-text\" href=\"\/hu_hu\/\" target=\"_self\"  >itthon<\/a><\/p>\n<h1 id=\"headline-3-59\" class=\"ct-headline\"><span id=\"span-4-59\" class=\"ct-span\" >\u00d6r\u00f6ks\u00e9g<\/span><\/h1>\n<\/div>\n<\/div>\n<\/section>\n<section id=\"section-68-14-text-left-white\" class=\"ct-section\" >\n<div class=\"ct-section-inner-wrap\">\n<div id=\"new_columns-69-14text-left-white\" class=\"ct-new-columns\" >\n<div id=\"div_block-70-14\" class=\"ct-div-block\" >\n<h2 id=\"headline-71-14\" class=\"ct-headline\">Innovat\u00edv megold\u00e1sok l\u00e9trehoz\u00e1sa eg\u00e9szs\u00e9g\u00fcgyi szolg\u00e1ltat\u00f3k sz\u00e1m\u00e1ra t\u00f6bb mint k\u00e9t \u00e9vtizede<\/h2>\n<div id=\"_rich_text-72-14\" class=\"oxy-rich-text\" >\n<p dir=\"ltr\">Az 1999-ben alap\u00edtott h\u00edrnev\u00fcnk a rugalmas klinikai infrastrukt\u00fara \u00e9s szolg\u00e1ltat\u00e1sok vezet\u0151 glob\u00e1lis szolg\u00e1ltat\u00f3jak\u00e9nt folyamatosan n\u0151tt. B\u00fcszk\u00e9k vagyunk arra, hogy eg\u00e9szs\u00e9g\u00fcgyi szolg\u00e1ltat\u00f3kkal \u00e9s f\u00fcggetlen \u00e1gazati szervezetekkel egy\u00fcttm\u0171k\u00f6dve dolgozhatunk, \u00e9s az Egyes\u00fclt Kir\u00e1lys\u00e1gban m\u00e1r t\u00f6bb mint 501 TP3T \u00e1llami k\u00f3rh\u00e1zi szolg\u00e1ltat\u00f3 vette ig\u00e9nybe valamelyik eg\u00e9szs\u00e9g\u00fcgyi ter\u00fclet\u00fcnket. \u00dcgyfeleink b\u00edznak benn\u00fcnk, hogy kiv\u00e1l\u00f3 min\u0151s\u00e9g\u0171, m\u0171szakilag fejlett megold\u00e1sokat k\u00edn\u00e1lunk az eg\u00e9szs\u00e9g\u00fcgyi eredm\u00e9nyek gyors jav\u00edt\u00e1s\u00e1ra, \u00e9s \u00fajra \u00e9s \u00fajra visszat\u00e9rnek hozz\u00e1nk, ha az ig\u00e9nyek v\u00e1ltoznak.&nbsp;<\/p>\n<p dir=\"ltr\">2018-ban hivatalosan elindult a Q-bital Healthcare Solutions nemzetk\u00f6zi div\u00edzi\u00f3ja, \u00e9s a v\u00e1llalat terjeszked\u00e9se t\u00f6retlen\u00fcl folytat\u00f3dott mind az Egyes\u00fclt Kir\u00e1lys\u00e1gban, mind nemzetk\u00f6zi szinten.<\/p>\n<p dir=\"ltr\">Mivel a gy\u00e1rt\u00e1st m\u00e1r 2023-ban megalap\u00edtott\u00e1k Hollandi\u00e1ban, egy tov\u00e1bbi, erre a c\u00e9lra \u00e9p\u00edtett gy\u00e1rt\u00f3\u00fczemet b\u0151v\u00edtettek az Egyes\u00fclt Kir\u00e1lys\u00e1gban, Hullban.<\/p>\n<p dir=\"ltr\">Jelenleg Hollandi\u00e1ban, Sv\u00e9dorsz\u00e1gban, Ausztr\u00e1li\u00e1ban \u00e9s Franciaorsz\u00e1gban m\u0171k\u00f6d\u00fcnk nemzetk\u00f6zi szinten, \u00e9s tov\u00e1bbra is keres\u00fcnk \u00faj piacokat, amelyekre terjeszkedhet\u00fcnk, \u00e9s ott ny\u00fajtunk t\u00e1mogat\u00e1st, ahol sz\u00fcks\u00e9g van r\u00e1.&nbsp;<\/p>\n<\/div>\n<\/div>\n<div id=\"div_block-74-14\" class=\"ct-div-block\" ><img decoding=\"async\"  id=\"image-75-14\" alt=\"\" src=\"https:\/\/www.q-bital.com\/wp-content\/uploads\/sites\/8\/2023\/07\/Creating-innovative-solutions-for-healthcare-providers-for-over-two-decades-image.jpg\" class=\"ct-image\"\/><\/div>\n<\/div>\n<\/div>\n<\/section>\n<section id=\"section-132-34\" class=\"ct-section\" >\n<div class=\"ct-section-inner-wrap\">\n<div id=\"new_columns-133-34\" class=\"ct-new-columns\" >\n<div id=\"div_block-138-34\" class=\"ct-div-block\" ><img decoding=\"async\"  id=\"image-139-34\" alt=\"\" src=\"https:\/\/www.q-bital.com\/wp-content\/uploads\/sites\/8\/2023\/07\/Drone-1.jpg\" class=\"ct-image\"\/><\/div>\n<div id=\"div_block-134-34\" class=\"ct-div-block\" >\n<h2 id=\"headline-135-34\" class=\"ct-headline\">Minden r\u00e9szletet figyelembe vesz\u00fcnk, hogy eg\u00e9szs\u00e9g\u00fcgyi tereink \u00fcgyfeleink sz\u00e1m\u00e1ra m\u0171k\u00f6djenek<\/h2>\n<div id=\"_rich_text-136-34\" class=\"oxy-rich-text\" >\n<p dir=\"ltr\">\u00dcgyfeleinkkel azon dolgozunk, hogy kiv\u00e1l\u00f3 min\u0151s\u00e9g\u0171, fenntarthat\u00f3 eg\u00e9szs\u00e9g\u00fcgyi megold\u00e1sokat k\u00edn\u00e1ljunk, testre szabott mobil \u00e9s modul\u00e1ris eg\u00e9szs\u00e9g\u00fcgyi terekkel, amelyek megfelelnek az egyes eg\u00e9szs\u00e9g\u00fcgyi rendszerek egyedi ig\u00e9nyeinek. L\u00e9tes\u00edtm\u00e9nyeink sz\u00e1mos v\u00e1laszt\u00e1si lehet\u0151s\u00e9ggel testreszabhat\u00f3k, bele\u00e9rtve a m\u0171t\u0151ket, seb\u00e9szeti k\u00f6zpontokat, k\u00f6z\u00f6ss\u00e9gi diagnosztikai k\u00f6zpontokat (CDC), endoszk\u00f3pos egys\u00e9geket, dekontamin\u00e1l\u00f3 \u00e9s steriliz\u00e1l\u00f3 l\u00e9tes\u00edtm\u00e9nyeket, oszt\u00e1lyokat, klinik\u00e1kat \u00e9s kisebb s\u00e9r\u00fcl\u00e9sek oszt\u00e1lyait (MIU). Term\u00e9keink \u00e9s szolg\u00e1ltat\u00e1saink kombin\u00e1lhat\u00f3k, hogy v\u00e9gtelen lehet\u0151s\u00e9geket k\u00edn\u00e1ljanak; minden \u00faj projekt lehet\u0151s\u00e9get k\u00edn\u00e1l egy teljesen egyedi Eg\u00e9szs\u00e9g\u00fcgyi T\u00e9r l\u00e9trehoz\u00e1s\u00e1ra.<\/p>\n<p dir=\"ltr\">H\u00edrnev\u00fcnket az alak\u00edtotta ki, hogy k\u00e9pesek voltunk a k\u00f3rh\u00e1zakat olyan tov\u00e1bbi kapacit\u00e1ssal t\u00e1mogatni, amelyek n\u00e9h\u00e1ny napon bel\u00fcl \u00e1tadhat\u00f3k. \u00dcgyfeleinknek azonban sokkal t\u00f6bbet k\u00edn\u00e1lunk, megb\u00edzhat\u00f3 partnereink sz\u00e1m\u00e1ra v\u00e9gtelen lehet\u0151s\u00e9geket k\u00edn\u00e1lunk eg\u00e9szs\u00e9g\u00fcgyi ell\u00e1t\u00e1suk hat\u00e1rainak b\u0151v\u00edt\u00e9s\u00e9re.&nbsp;<\/p>\n<p dir=\"ltr\">Szak\u00e9rtelm\u00fcnk az \u00fcgyfeleinkkel val\u00f3 er\u0151s kapcsolatok kialak\u00edt\u00e1s\u00e1n \u00e9s az eg\u00e9szs\u00e9g\u00fcgyi ingatlan megl\u00e9v\u0151 infrastrukt\u00far\u00e1j\u00e1nak fejleszt\u00e9s\u00e9n alapul. C\u00e9lunk, hogy r\u00e9szesei legy\u00fcnk a vil\u00e1g legrugalmasabb eg\u00e9szs\u00e9g\u00fcgyi infrastruktur\u00e1lis megold\u00e1sainak fejleszt\u00e9s\u00e9ben. Amellett, hogy eg\u00e9szs\u00e9g\u00fcgyi tereket biztos\u00edtunk a nagy betegig\u00e9nyek \u00e9s a hossz\u00fa v\u00e1r\u00f3list\u00e1k lek\u00fczd\u00e9s\u00e9re, seg\u00edthet\u00fcnk az olyan m\u0171k\u00f6d\u00e9si kih\u00edv\u00e1sok lek\u00fczd\u00e9s\u00e9ben, mint p\u00e9ld\u00e1ul a fel\u00faj\u00edt\u00e1s, \u00e9s v\u00e9szhelyzeti megold\u00e1st k\u00edn\u00e1lunk, ha t\u0171z, \u00e1rv\u00edz vagy sz\u00ednh\u00e1zi \u00fczemzavart tapasztal.&nbsp;<\/p>\n<p dir=\"ltr\">Egy dedik\u00e1lt szak\u00e9rt\u0151i csapat seg\u00edt a projektmenedzsmentben az egyes l\u00e9tes\u00edtm\u00e9nyek tervez\u00e9s\u00e9ben, megval\u00f3s\u00edt\u00e1s\u00e1ban \u00e9s klinikai szolg\u00e1ltat\u00e1sny\u00fajt\u00e1s\u00e1ban a kezdeti koncepci\u00f3t\u00f3l a helysz\u00ednr\u0151l val\u00f3 elt\u00e1vol\u00edt\u00e1sig.<\/p>\n<\/div>\n<\/div>\n<\/div>\n<\/div>\n<\/section>\n<section id=\"section-2-202\" class=\"ct-section\" >\n<div class=\"ct-section-inner-wrap\">\n<div id=\"div_block-3-202\" class=\"ct-div-block\" >\n<h2 id=\"headline-4-202\" class=\"ct-headline\">T\u00f6bb mint 350 000 elj\u00e1r\u00e1s \u00e9s egyre n\u00f6vekszik\u2026<\/h2>\n<div id=\"_rich_text-5-202\" class=\"oxy-rich-text\" >\n<p dir=\"ltr\">Eddig t\u00f6bb mint 350 000 elj\u00e1r\u00e1st hajtottak v\u00e9gre klinikusokkal ell\u00e1tott mobil l\u00e9tes\u00edtm\u00e9nyeinkben.<\/p>\n<p dir=\"ltr\">Vil\u00e1gsz\u00ednvonal\u00fa klinikai szolg\u00e1ltat\u00f3k\u00e9nt b\u00fcszk\u00e9k vagyunk r\u00e1, hogy Eg\u00e9szs\u00e9g\u00fcgyi Ter\u00fcleteink 75% alkalmasak a nagy akut k\u00f3rh\u00e1zban v\u00e9gzett \u00f6sszes klinikai beavatkoz\u00e1st\u00edpusra, a cs\u00edp\u0151prot\u00e9zist\u0151l a sz\u00fcrkeh\u00e1lyog m\u0171t\u00e9tig, az endoszk\u00f3pos elj\u00e1r\u00e1sokt\u00f3l a plasztikai seb\u00e9szetig.<\/p>\n<\/div>\n<div id=\"div_block-6-202\" class=\"ct-div-block\" ><img decoding=\"async\"  id=\"image-7-202\" alt=\"\" src=\"https:\/\/www.q-bital.com\/wp-content\/uploads\/sites\/8\/2023\/07\/proceedures-infographic.png\" class=\"ct-image\"\/><\/div>\n<\/div>\n<\/div>\n<\/section>\n<section id=\"section-144-59\" class=\"ct-section\" >\n<div class=\"ct-section-inner-wrap\">\n<div id=\"new_columns-145-59\" class=\"ct-new-columns\" >\n<div id=\"div_block-146-59\" class=\"ct-div-block\" >\n<div id=\"_rich_text-9-63\" class=\"oxy-rich-text\" >\n<p>A k\u00f3rh\u00e1za sz\u00e1m\u00e1ra megfelel\u0151 megold\u00e1s megtal\u00e1l\u00e1sa itt kezd\u0151dik\u2026<\/p>\n<\/div>\n<p><a id=\"link_button-149-59\" class=\"ct-link-button\" href=\"\/hu_hu\/contact\/\" target=\"_self\"  >Felveszi a kapcsolatot<\/a><\/div>\n<div id=\"div_block-150-59\" class=\"ct-div-block\" ><img decoding=\"async\"  id=\"image-151-59\" alt=\"\" src=\"https:\/\/www.q-bital.com\/wp-content\/uploads\/2023\/06\/kettering-2-scaled.jpg\" class=\"ct-image\"\/><\/div>\n<\/div>\n<\/div>\n<\/section>","protected":false},"excerpt":{"rendered":"","protected":false},"author":2,"featured_media":0,"parent":0,"menu_order":0,"comment_status":"closed","ping_status":"closed","template":"","meta":{"_acf_changed":false,"footnotes":""},"class_list":["post-674","page","type-page","status-publish","hentry"],"acf":[],"yoast_head":"<!-- This site is optimized with the Yoast SEO plugin v27.5 - https:\/\/yoast.com\/product\/yoast-seo-wordpress\/ -->\n<title>Heritage - Q-bital Healthcare Solutions<\/title>\n<meta name=\"robots\" content=\"index, follow, max-snippet:-1, max-image-preview:large, max-video-preview:-1\" \/>\n<link rel=\"canonical\" href=\"https:\/\/www.q-bital.com\/hu_hu\/heritage\/\" \/>\n<meta property=\"og:locale\" content=\"hu_HU\" \/>\n<meta property=\"og:type\" content=\"article\" \/>\n<meta property=\"og:title\" content=\"Heritage - Q-bital Healthcare Solutions\" \/>\n<meta property=\"og:url\" content=\"https:\/\/www.q-bital.com\/hu_hu\/heritage\/\" \/>\n<meta property=\"og:site_name\" content=\"Q-bital Healthcare Solutions\" \/>\n<meta property=\"article:modified_time\" content=\"2024-01-18T10:20:31+00:00\" \/>\n<meta name=\"twitter:card\" content=\"summary_large_image\" \/>\n<meta name=\"twitter:label1\" content=\"Becs\u00fclt olvas\u00e1si id\u0151\" \/>\n\t<meta name=\"twitter:data1\" content=\"1 perc\" \/>\n<script type=\"application\/ld+json\" class=\"yoast-schema-graph\">{\"@context\":\"https:\\\/\\\/schema.org\",\"@graph\":[{\"@type\":\"WebPage\",\"@id\":\"https:\\\/\\\/www.q-bital.com\\\/heritage\\\/\",\"url\":\"https:\\\/\\\/www.q-bital.com\\\/heritage\\\/\",\"name\":\"Heritage - Q-bital Healthcare Solutions\",\"isPartOf\":{\"@id\":\"https:\\\/\\\/www.q-bital.com\\\/#website\"},\"datePublished\":\"2023-07-19T14:17:08+00:00\",\"dateModified\":\"2024-01-18T10:20:31+00:00\",\"inLanguage\":\"hu\",\"potentialAction\":[{\"@type\":\"ReadAction\",\"target\":[\"https:\\\/\\\/www.q-bital.com\\\/heritage\\\/\"]}]},{\"@type\":\"WebSite\",\"@id\":\"https:\\\/\\\/www.q-bital.com\\\/#website\",\"url\":\"https:\\\/\\\/www.q-bital.com\\\/\",\"name\":\"Q-bital Healthcare Solutions\",\"description\":\"\",\"potentialAction\":[{\"@type\":\"SearchAction\",\"target\":{\"@type\":\"EntryPoint\",\"urlTemplate\":\"https:\\\/\\\/www.q-bital.com\\\/?s={search_term_string}\"},\"query-input\":{\"@type\":\"PropertyValueSpecification\",\"valueRequired\":true,\"valueName\":\"search_term_string\"}}],\"inLanguage\":\"hu\"}]}<\/script>\n<!-- \/ Yoast SEO plugin. -->","yoast_head_json":{"title":"\u00d6r\u00f6ks\u00e9g - Q-bital Eg\u00e9szs\u00e9g\u00fcgyi Megold\u00e1sok","robots":{"index":"index","follow":"follow","max-snippet":"max-snippet:-1","max-image-preview":"max-image-preview:large","max-video-preview":"max-video-preview:-1"},"canonical":"https:\/\/www.q-bital.com\/hu_hu\/heritage\/","og_locale":"hu_HU","og_type":"article","og_title":"Heritage - Q-bital Healthcare Solutions","og_url":"https:\/\/www.q-bital.com\/hu_hu\/heritage\/","og_site_name":"Q-bital Healthcare Solutions","article_modified_time":"2024-01-18T10:20:31+00:00","twitter_card":"summary_large_image","twitter_misc":{"Becs\u00fclt olvas\u00e1si id\u0151":"1 perc"},"schema":{"@context":"https:\/\/schema.org","@graph":[{"@type":"WebPage","@id":"https:\/\/www.q-bital.com\/heritage\/","url":"https:\/\/www.q-bital.com\/heritage\/","name":"\u00d6r\u00f6ks\u00e9g - Q-bital Eg\u00e9szs\u00e9g\u00fcgyi Megold\u00e1sok","isPartOf":{"@id":"https:\/\/www.q-bital.com\/#website"},"datePublished":"2023-07-19T14:17:08+00:00","dateModified":"2024-01-18T10:20:31+00:00","inLanguage":"hu","potentialAction":[{"@type":"ReadAction","target":["https:\/\/www.q-bital.com\/heritage\/"]}]},{"@type":"WebSite","@id":"https:\/\/www.q-bital.com\/#website","url":"https:\/\/www.q-bital.com\/","name":"Q-bital Healthcare Solutions","description":"","potentialAction":[{"@type":"SearchAction","target":{"@type":"EntryPoint","urlTemplate":"https:\/\/www.q-bital.com\/?s={search_term_string}"},"query-input":{"@type":"PropertyValueSpecification","valueRequired":true,"valueName":"search_term_string"}}],"inLanguage":"hu"}]}},"_links":{"self":[{"href":"https:\/\/www.q-bital.com\/hu_hu\/wp-json\/wp\/v2\/pages\/674","targetHints":{"allow":["GET"]}}],"collection":[{"href":"https:\/\/www.q-bital.com\/hu_hu\/wp-json\/wp\/v2\/pages"}],"about":[{"href":"https:\/\/www.q-bital.com\/hu_hu\/wp-json\/wp\/v2\/types\/page"}],"author":[{"embeddable":true,"href":"https:\/\/www.q-bital.com\/hu_hu\/wp-json\/wp\/v2\/users\/2"}],"replies":[{"embeddable":true,"href":"https:\/\/www.q-bital.com\/hu_hu\/wp-json\/wp\/v2\/comments?post=674"}],"version-history":[{"count":0,"href":"https:\/\/www.q-bital.com\/hu_hu\/wp-json\/wp\/v2\/pages\/674\/revisions"}],"wp:attachment":[{"href":"https:\/\/www.q-bital.com\/hu_hu\/wp-json\/wp\/v2\/media?parent=674"}],"curies":[{"name":"munkaf\u00fczet","href":"https:\/\/api.w.org\/{rel}","templated":true}]}}