{"id":689,"date":"2023-07-19T15:15:33","date_gmt":"2023-07-19T15:15:33","guid":{"rendered":"https:\/\/www.q-bital.com\/?page_id=689"},"modified":"2023-09-08T13:41:12","modified_gmt":"2023-09-08T13:41:12","slug":"who-we-help","status":"publish","type":"page","link":"https:\/\/www.q-bital.com\/hu_hu\/who-we-help\/","title":{"rendered":"Akinek seg\u00edt\u00fcnk"},"content":{"rendered":"<section id=\"section-2-59\" class=\"ct-section\" style=\"background-image:url(https:\/\/www.q-bital.com\/wp-content\/uploads\/sites\/8\/2023\/05\/boulders-right.png);background-size: auto;\" >\n<div class=\"ct-section-inner-wrap\">\n<div id=\"div_block-8-59\" class=\"ct-div-block\" ><a id=\"link_text-6-59\" class=\"ct-link-text\" href=\"\/hu_hu\/\" target=\"_self\"  >itthon<\/a><\/p>\n<h1 id=\"headline-3-59\" class=\"ct-headline\"><span id=\"span-4-59\" class=\"ct-span\" >Akinek seg\u00edt\u00fcnk<\/span><\/h1>\n<\/div>\n<\/div>\n<\/section>\n<section id=\"section-68-14-text-left-white\" class=\"ct-section\" >\n<div class=\"ct-section-inner-wrap\">\n<div id=\"new_columns-69-14text-left-white\" class=\"ct-new-columns\" >\n<div id=\"div_block-70-14\" class=\"ct-div-block\" >\n<h2 id=\"headline-71-14\" class=\"ct-headline\">Akinek seg\u00edt\u00fcnk<\/h2>\n<div id=\"_rich_text-72-14\" class=\"oxy-rich-text\" >\n<p dir=\"ltr\">Amikor egy \u00faj projekten dolgozunk egy \u00fcgyf\u00e9llel, biztos\u00edtani szeretn\u00e9nk, hogy a folyamat minden \u00e9rintett sz\u00e1m\u00e1ra a lehet\u0151 legz\u00f6kken\u0151mentesebb legyen. \u00cdme n\u00e9h\u00e1ny p\u00e9lda arra, hogyan t\u00e1mogathatjuk a k\u00fcl\u00f6nb\u00f6z\u0151 fels\u0151vezet\u0151i csapatokat a k\u00f3rh\u00e1zakon bel\u00fcl.<\/p>\n<\/div>\n<\/div>\n<div id=\"div_block-74-14\" class=\"ct-div-block\" ><img decoding=\"async\"  id=\"image-75-14\" alt=\"\" src=\"https:\/\/www.q-bital.com\/wp-content\/uploads\/sites\/8\/2023\/07\/team-4.jpg\" class=\"ct-image\"\/><\/div>\n<\/div>\n<\/div>\n<\/section>\n<section id=\"section-88-34-blue\" class=\"ct-section\" >\n<div class=\"ct-section-inner-wrap\">\n<div id=\"new_columns-89-34-blue\" class=\"ct-new-columns\" >\n<div id=\"div_block-94-34\" class=\"ct-div-block\" ><img decoding=\"async\"  id=\"image-95-34\" alt=\"\" src=\"https:\/\/www.q-bital.com\/wp-content\/uploads\/sites\/8\/2023\/07\/How-we-help-management-executives-image.jpg\" class=\"ct-image\"\/><\/div>\n<div id=\"div_block-90-34\" class=\"ct-div-block\" >\n<h2 id=\"headline-91-34\" class=\"ct-headline\">Hogyan seg\u00edtj\u00fck a menedzsment vezet\u0151it<\/h2>\n<div id=\"_rich_text-92-34\" class=\"oxy-rich-text\" >\n<p dir=\"ltr\">A kieg\u00e9sz\u00edt\u0151 szolg\u00e1ltat\u00e1soknak a k\u00f3rh\u00e1zi munkafolyamatba val\u00f3 integr\u00e1l\u00e1s\u00e1ra vonatkoz\u00f3 \u00fczleti szempontok kidolgoz\u00e1sakor elengedhetetlen, hogy k\u00f6nnyen megfogalmazhassuk az el\u0151ny\u00f6ket \u00e9s a f\u0151 teljes\u00edtm\u00e9nymutat\u00f3kat. Fontos lehet bemutatni a projekt beruh\u00e1z\u00e1s megt\u00e9r\u00fcl\u00e9s\u00e9t, k\u00fcl\u00f6n\u00f6sen akkor, ha jelent\u0151s kezdeti k\u00f6lts\u00e9gek mer\u00fclnek fel. K\u00e9t \u00e9vtizedes tapasztalatunk t\u00f6k\u00e9letes helyzetbe tesz benn\u00fcnket, hogy seg\u00edthess\u00fcnk.<\/p>\n<p dir=\"ltr\">Minden projektnek megvannak a maga egyedi k\u00f6vetelm\u00e9nyei \u00e9s lek\u00fczdend\u0151 kih\u00edv\u00e1sai, de n\u00e9h\u00e1ny p\u00e9lda a sikeres telep\u00edt\u00e9sekb\u0151l:<\/p>\n<ul>\n<li dir=\"ltr\" aria-level=\"1\">\n<p dir=\"ltr\" role=\"presentation\">Bev\u00e9telek n\u00f6vel\u00e9se tov\u00e1bbi elj\u00e1r\u00e1sok lebonyol\u00edt\u00e1s\u00e1ra<\/p>\n<\/li>\n<li dir=\"ltr\" aria-level=\"1\">\n<p dir=\"ltr\" role=\"presentation\">Az eset tesztel\u00e9se az \u00faj szolg\u00e1ltat\u00e1sfejleszt\u00e9sekhez<\/p>\n<\/li>\n<li dir=\"ltr\" aria-level=\"1\">\n<p dir=\"ltr\" role=\"presentation\">A bev\u00e9telkies\u00e9s elker\u00fcl\u00e9se a l\u00e9tes\u00edtm\u00e9ny le\u00e1ll\u00e1sa sor\u00e1n<\/p>\n<\/li>\n<li dir=\"ltr\" aria-level=\"1\">\n<p dir=\"ltr\" role=\"presentation\">A szerz\u0151d\u00e9sszeg\u00e9si szankci\u00f3k \u00e9s egy\u00e9b teljes\u00edtm\u00e9nyint\u00e9zked\u00e9sek elker\u00fcl\u00e9se<\/p>\n<\/li>\n<li dir=\"ltr\" aria-level=\"1\">\n<p dir=\"ltr\" role=\"presentation\">Az orvosok utaz\u00e1si idej\u00e9nek cs\u00f6kkent\u00e9se a telephelyek k\u00f6z\u00f6tt<\/p>\n<\/li>\n<li dir=\"ltr\" aria-level=\"1\">\n<p dir=\"ltr\" role=\"presentation\">A betegek eredm\u00e9nyeinek jav\u00edt\u00e1sa<\/p>\n<\/li>\n<li dir=\"ltr\" aria-level=\"1\">\n<p dir=\"ltr\" role=\"presentation\">A szem\u00e9lyzet munkarendj\u00e9nek megzavar\u00e1s\u00e1nak elker\u00fcl\u00e9se<\/p>\n<\/li>\n<li dir=\"ltr\" aria-level=\"1\">\n<p dir=\"ltr\" role=\"presentation\">A szolg\u00e1ltat\u00e1s le\u00e1ll\u00e1s\u00e1nak megsz\u00fcntet\u00e9se<\/p>\n<\/li>\n<li dir=\"ltr\" aria-level=\"1\">\n<p dir=\"ltr\" role=\"presentation\">A katasztrof\u00e1lis kudarc lek\u00fczd\u00e9se<\/p>\n<\/li>\n<li dir=\"ltr\" aria-level=\"1\">\n<p dir=\"ltr\" role=\"presentation\">A projektek id\u0151tartam\u00e1nak cs\u00f6kkent\u00e9se<\/p>\n<\/li>\n<\/ul>\n<p dir=\"ltr\">Elk\u00f6telezett csapatunk a folyamat minden l\u00e9p\u00e9s\u00e9ben a seg\u00edts\u00e9g\u00e9re lesz, \u00e9s nem k\u00f6ti \u00f6ssze a vari\u00e1ci\u00f3kat, ha a projektnek m\u00e1s ir\u00e1nyt kell vennie.<\/p>\n<\/div>\n<\/div>\n<\/div>\n<\/div>\n<\/section>\n<section id=\"section-68-14-text-left-white\" class=\"ct-section\" >\n<div class=\"ct-section-inner-wrap\">\n<div id=\"new_columns-69-14text-left-white\" class=\"ct-new-columns\" >\n<div id=\"div_block-70-14\" class=\"ct-div-block\" >\n<h2 id=\"headline-71-14\" class=\"ct-headline\">Hogyan seg\u00edt\u00fcnk a klinikusoknak<\/h2>\n<div id=\"_rich_text-72-14\" class=\"oxy-rich-text\" >\n<p dir=\"ltr\">T\u00f6bb mint k\u00e9t \u00e9vtizede felel\u0151sek vagyunk a magas sz\u00ednvonal\u00fa, biztons\u00e1gos \u00e9s megfelel\u0151 klinikai k\u00f6rnyezet kialak\u00edt\u00e1s\u00e1\u00e9rt t\u00f6bb szakter\u00fcleten, \u00edgy \u00d6n biztons\u00e1gos kezekben van.<\/p>\n<p dir=\"ltr\"><strong>Klinikai l\u00e9tes\u00edtm\u00e9nyeink a k\u00f6vetkez\u0151k:&nbsp;<\/strong><\/p>\n<ul>\n<li dir=\"ltr\" aria-level=\"1\">\n<p dir=\"ltr\" role=\"presentation\">Standard m\u0171t\u0151k<\/p>\n<\/li>\n<li dir=\"ltr\" aria-level=\"1\">\n<p dir=\"ltr\" role=\"presentation\">Lamin\u00e1ris \u00e1raml\u00e1s\u00fa m\u0171t\u0151k<\/p>\n<\/li>\n<li dir=\"ltr\" aria-level=\"1\">\n<p dir=\"ltr\" role=\"presentation\">Ultratiszta m\u0171t\u0151k<\/p>\n<\/li>\n<li dir=\"ltr\" aria-level=\"1\">\n<p dir=\"ltr\" role=\"presentation\">Hibrid m\u0171t\u0151k<\/p>\n<\/li>\n<li dir=\"ltr\" aria-level=\"1\">\n<p dir=\"ltr\" role=\"presentation\">Nappali esetek<\/p>\n<\/li>\n<li dir=\"ltr\" aria-level=\"1\">\n<p dir=\"ltr\" role=\"presentation\">Endoszk\u00f3pos lakoszt\u00e1lyok<\/p>\n<\/li>\n<li dir=\"ltr\" aria-level=\"1\">\n<p dir=\"ltr\" role=\"presentation\">Endoszk\u00f3pos dekontamin\u00e1ci\u00f3s l\u00e9tes\u00edtm\u00e9nyek<\/p>\n<\/li>\n<li dir=\"ltr\" aria-level=\"1\">\n<p dir=\"ltr\" role=\"presentation\">K\u00f6zponti steriliz\u00e1ci\u00f3s oszt\u00e1lyok<\/p>\n<\/li>\n<li dir=\"ltr\" aria-level=\"1\">\n<p dir=\"ltr\" role=\"presentation\">Ambulanci\u00e1k<\/p>\n<\/li>\n<li dir=\"ltr\" aria-level=\"1\">\n<p dir=\"ltr\" role=\"presentation\">K\u00f3rh\u00e1zi oszt\u00e1lyok<\/p>\n<\/li>\n<li dir=\"ltr\" aria-level=\"1\">\n<p dir=\"ltr\" role=\"presentation\">K\u00f3rh\u00e1zak l\u00e1togat\u00e1sa<\/p>\n<\/li>\n<li dir=\"ltr\" aria-level=\"1\">\n<p dir=\"ltr\" role=\"presentation\">K\u00f6z\u00f6ss\u00e9gi diagnosztikai k\u00f6zpontok<\/p>\n<\/li>\n<\/ul>\n<p dir=\"ltr\">A vel\u00fcnk val\u00f3 egy\u00fcttm\u0171k\u00f6d\u00e9s egyik egyed\u00fcl\u00e1ll\u00f3 el\u0151nye, hogy klinikai fel\u00fcgyeletet \u00e9s \u00e1ttekint\u00e9st tudunk biztos\u00edtani minden \u00e1ltalunk lesz\u00e1ll\u00edtott szerz\u0151d\u00e9shez, a fogantat\u00e1st\u00f3l a befejez\u00e9sig. Minden szerz\u0151d\u00e9st egy klinikai szolg\u00e1ltat\u00e1sok menedzsere (CSM) vezet, aki tapasztalt klinikai vezet\u0151, aktu\u00e1lis klinikai regisztr\u00e1ci\u00f3val (NMC vagy HCPC) \u00e9s sz\u00e9lesk\u00f6r\u0171 ismeretekkel rendelkezik mobil \u00e9s modul\u00e1ris l\u00e9tes\u00edtm\u00e9nyeinkr\u0151l.<\/p>\n<\/div>\n<\/div>\n<div id=\"div_block-74-14\" class=\"ct-div-block\" ><img decoding=\"async\"  id=\"image-75-14\" alt=\"\" src=\"https:\/\/www.q-bital.com\/wp-content\/uploads\/sites\/8\/2023\/07\/clinical.jpg\" class=\"ct-image\"\/><\/div>\n<\/div>\n<\/div>\n<\/section>\n<section id=\"section-144-59\" class=\"ct-section\" >\n<div class=\"ct-section-inner-wrap\">\n<div id=\"new_columns-145-59\" class=\"ct-new-columns\" >\n<div id=\"div_block-146-59\" class=\"ct-div-block\" >\n<div id=\"_rich_text-9-63\" class=\"oxy-rich-text\" >\n<p>A k\u00f3rh\u00e1za sz\u00e1m\u00e1ra megfelel\u0151 megold\u00e1s megtal\u00e1l\u00e1sa itt kezd\u0151dhet\u2026<\/p>\n<\/div>\n<p><a id=\"link_button-149-59\" class=\"ct-link-button\" href=\"\/hu_hu\/contact\/\" target=\"_self\"  >Felveszi a kapcsolatot<\/a><\/div>\n<div id=\"div_block-150-59\" class=\"ct-div-block\" ><img decoding=\"async\"  id=\"image-151-59\" alt=\"\" src=\"https:\/\/www.q-bital.com\/wp-content\/uploads\/sites\/8\/2023\/06\/kettering-2-1.jpg\" class=\"ct-image\"\/><\/div>\n<\/div>\n<\/div>\n<\/section>","protected":false},"excerpt":{"rendered":"","protected":false},"author":2,"featured_media":0,"parent":0,"menu_order":0,"comment_status":"closed","ping_status":"closed","template":"","meta":{"_acf_changed":false,"footnotes":""},"class_list":["post-689","page","type-page","status-publish","hentry"],"acf":[],"yoast_head":"<!-- This site is optimized with the Yoast SEO plugin v27.4 - https:\/\/yoast.com\/product\/yoast-seo-wordpress\/ -->\n<title>Who we help - Q-bital Healthcare Solutions<\/title>\n<meta name=\"robots\" content=\"index, follow, max-snippet:-1, max-image-preview:large, max-video-preview:-1\" \/>\n<link rel=\"canonical\" href=\"https:\/\/www.q-bital.com\/hu_hu\/who-we-help\/\" \/>\n<meta property=\"og:locale\" content=\"hu_HU\" \/>\n<meta property=\"og:type\" content=\"article\" \/>\n<meta property=\"og:title\" content=\"Who we help - Q-bital Healthcare Solutions\" \/>\n<meta property=\"og:url\" content=\"https:\/\/www.q-bital.com\/hu_hu\/who-we-help\/\" \/>\n<meta property=\"og:site_name\" content=\"Q-bital Healthcare Solutions\" \/>\n<meta property=\"article:modified_time\" content=\"2023-09-08T13:41:12+00:00\" \/>\n<meta name=\"twitter:card\" content=\"summary_large_image\" \/>\n<script type=\"application\/ld+json\" class=\"yoast-schema-graph\">{\"@context\":\"https:\\\/\\\/schema.org\",\"@graph\":[{\"@type\":\"WebPage\",\"@id\":\"https:\\\/\\\/www.q-bital.com\\\/who-we-help\\\/\",\"url\":\"https:\\\/\\\/www.q-bital.com\\\/who-we-help\\\/\",\"name\":\"Who we help - Q-bital Healthcare Solutions\",\"isPartOf\":{\"@id\":\"https:\\\/\\\/www.q-bital.com\\\/#website\"},\"datePublished\":\"2023-07-19T15:15:33+00:00\",\"dateModified\":\"2023-09-08T13:41:12+00:00\",\"inLanguage\":\"hu\",\"potentialAction\":[{\"@type\":\"ReadAction\",\"target\":[\"https:\\\/\\\/www.q-bital.com\\\/who-we-help\\\/\"]}]},{\"@type\":\"WebSite\",\"@id\":\"https:\\\/\\\/www.q-bital.com\\\/#website\",\"url\":\"https:\\\/\\\/www.q-bital.com\\\/\",\"name\":\"Q-bital Healthcare Solutions\",\"description\":\"\",\"potentialAction\":[{\"@type\":\"SearchAction\",\"target\":{\"@type\":\"EntryPoint\",\"urlTemplate\":\"https:\\\/\\\/www.q-bital.com\\\/?s={search_term_string}\"},\"query-input\":{\"@type\":\"PropertyValueSpecification\",\"valueRequired\":true,\"valueName\":\"search_term_string\"}}],\"inLanguage\":\"hu\"}]}<\/script>\n<!-- \/ Yoast SEO plugin. -->","yoast_head_json":{"title":"Kinek seg\u00edt\u00fcnk - Q-bital Eg\u00e9szs\u00e9g\u00fcgyi Megold\u00e1sok","robots":{"index":"index","follow":"follow","max-snippet":"max-snippet:-1","max-image-preview":"max-image-preview:large","max-video-preview":"max-video-preview:-1"},"canonical":"https:\/\/www.q-bital.com\/hu_hu\/who-we-help\/","og_locale":"hu_HU","og_type":"article","og_title":"Who we help - Q-bital Healthcare Solutions","og_url":"https:\/\/www.q-bital.com\/hu_hu\/who-we-help\/","og_site_name":"Q-bital Healthcare Solutions","article_modified_time":"2023-09-08T13:41:12+00:00","twitter_card":"summary_large_image","schema":{"@context":"https:\/\/schema.org","@graph":[{"@type":"WebPage","@id":"https:\/\/www.q-bital.com\/who-we-help\/","url":"https:\/\/www.q-bital.com\/who-we-help\/","name":"Kinek seg\u00edt\u00fcnk - Q-bital Eg\u00e9szs\u00e9g\u00fcgyi Megold\u00e1sok","isPartOf":{"@id":"https:\/\/www.q-bital.com\/#website"},"datePublished":"2023-07-19T15:15:33+00:00","dateModified":"2023-09-08T13:41:12+00:00","inLanguage":"hu","potentialAction":[{"@type":"ReadAction","target":["https:\/\/www.q-bital.com\/who-we-help\/"]}]},{"@type":"WebSite","@id":"https:\/\/www.q-bital.com\/#website","url":"https:\/\/www.q-bital.com\/","name":"Q-bital Healthcare Solutions","description":"","potentialAction":[{"@type":"SearchAction","target":{"@type":"EntryPoint","urlTemplate":"https:\/\/www.q-bital.com\/?s={search_term_string}"},"query-input":{"@type":"PropertyValueSpecification","valueRequired":true,"valueName":"search_term_string"}}],"inLanguage":"hu"}]}},"_links":{"self":[{"href":"https:\/\/www.q-bital.com\/hu_hu\/wp-json\/wp\/v2\/pages\/689","targetHints":{"allow":["GET"]}}],"collection":[{"href":"https:\/\/www.q-bital.com\/hu_hu\/wp-json\/wp\/v2\/pages"}],"about":[{"href":"https:\/\/www.q-bital.com\/hu_hu\/wp-json\/wp\/v2\/types\/page"}],"author":[{"embeddable":true,"href":"https:\/\/www.q-bital.com\/hu_hu\/wp-json\/wp\/v2\/users\/2"}],"replies":[{"embeddable":true,"href":"https:\/\/www.q-bital.com\/hu_hu\/wp-json\/wp\/v2\/comments?post=689"}],"version-history":[{"count":0,"href":"https:\/\/www.q-bital.com\/hu_hu\/wp-json\/wp\/v2\/pages\/689\/revisions"}],"wp:attachment":[{"href":"https:\/\/www.q-bital.com\/hu_hu\/wp-json\/wp\/v2\/media?parent=689"}],"curies":[{"name":"munkaf\u00fczet","href":"https:\/\/api.w.org\/{rel}","templated":true}]}}