{"id":693,"date":"2023-07-19T15:41:55","date_gmt":"2023-07-19T15:41:55","guid":{"rendered":"https:\/\/www.q-bital.com\/?page_id=693"},"modified":"2023-10-20T11:41:54","modified_gmt":"2023-10-20T11:41:54","slug":"faqs","status":"publish","type":"page","link":"https:\/\/www.q-bital.com\/hu_hu\/faqs\/","title":{"rendered":"GYIK"},"content":{"rendered":"<section id=\"section-2-59\" class=\"ct-section\" style=\"background-image:url(https:\/\/www.q-bital.com\/wp-content\/uploads\/sites\/8\/2023\/05\/boulders-right.png);background-size: auto;\" >\n<div class=\"ct-section-inner-wrap\">\n<div id=\"div_block-8-59\" class=\"ct-div-block\" ><a id=\"link_text-6-59\" class=\"ct-link-text\" href=\"\/hu_hu\/\" target=\"_self\"  >itthon<\/a><\/p>\n<h1 id=\"headline-3-59\" class=\"ct-headline\"><span id=\"span-4-59\" class=\"ct-span\" >GYIK<\/span><\/h1>\n<\/div>\n<\/div>\n<\/section>\n<div class=\"wp-block-vanguard-concertina\">\n<section class=\"ct-section\">\n<div class=\"ct-section-inner-wrap\">\n<div id=\"accordion-i9PUm1SAuAIPWb4o\" class=\"concertina accordion concertina-2col\">\n<div class=\"wp-block-vanguard-concertina-item accordion-item\">\n<h2 class=\"accordion-header\" id=\"heading-d078635e-3876-4394-8c4b-860ab9bdab1a\">\n<div class=\"title\">Mennyi ideig tart egy modul\u00e1ris l\u00e9tes\u00edtm\u00e9ny telep\u00edt\u00e9se?<\/div>\n<p><span class=\"indicator\"><\/span><\/h2>\n<div id=\"collapse-d078635e-3876-4394-8c4b-860ab9bdab1a\" class=\"accordion-collapse collapse\" aria-labelledby=\"heading-d078635e-3876-4394-8c4b-860ab9bdab1a\" data-bs-parent=\"#accordion-i9PUm1SAuAIPWb4o\">\n<div class=\"accordion-body\">\n<div class=\"text\">A r\u00f6vid v\u00e1lasz kevesebb id\u0151, mint gondoln\u00e1d. A modern \u00e9p\u00edt\u00e9si m\u00f3dszereket alkalmaz\u00f3 modul\u00e1ris l\u00e9tes\u00edtm\u00e9nyek sokkal gyorsabban fejleszthet\u0151k, mint a hagyom\u00e1nyos t\u00e9gla- \u00e9s habarcs\u00e9p\u00fcletek. P\u00e9ld\u00e1ul a beszerz\u00e9si megrendel\u00e9st\u0151l az \u00e1tad\u00e1sig, a n\u00e9gy modul\u00e1ris nappali m\u0171t\u00e9ti m\u0171t\u0151, a gy\u00f3gyul\u00e1si t\u00e9r \u00e9s egy\u00e9b t\u00e1mogat\u00f3 helyis\u00e9gek meg\u00e9p\u00edt\u00e9se egy k\u00f3rh\u00e1zban ak\u00e1r 12 h\u00e9tig is tarthat, vagy ak\u00e1r 26 hetet is ig\u00e9nybe vehet, ha testreszabott Healthcare Space megold\u00e1sra van sz\u00fcks\u00e9g.<\/p>\n<p><a href=\"\/hu_hu\/facilities\/operating-rooms\/\">Fedezze fel, milyen gyorsan \u00e9rkezhet egy modul\u00e1ris l\u00e9tes\u00edtm\u00e9ny a k\u00f3rh\u00e1zba<\/a>.<\/div>\n<\/div>\n<\/div>\n<\/div>\n<div class=\"wp-block-vanguard-concertina-item accordion-item\">\n<h2 class=\"accordion-header\" id=\"heading-1de95927-d811-4aff-adcf-0aefddbe059e\">\n<div class=\"title\">B\u00e9relhetek vagy v\u00e1s\u00e1rolhatok l\u00e9tes\u00edtm\u00e9nyt?<\/div>\n<p><span class=\"indicator\"><\/span><\/h2>\n<div id=\"collapse-1de95927-d811-4aff-adcf-0aefddbe059e\" class=\"accordion-collapse collapse\" aria-labelledby=\"heading-1de95927-d811-4aff-adcf-0aefddbe059e\" data-bs-parent=\"#accordion-i9PUm1SAuAIPWb4o\">\n<div class=\"accordion-body\">\n<div class=\"text\">A v\u00e1lasz mindkett\u0151re igen. Rugalmasat k\u00edn\u00e1lunk <a data-type=\"page\" data-id=\"455\" href=\"\/hu_hu\/procurement\/\">beszerz\u00e9si megk\u00f6zel\u00edt\u00e9s<\/a> modul\u00e1ris l\u00e9tes\u00edtm\u00e9nyeinkhez b\u00e9rleti, b\u00e9rleti\/v\u00e1s\u00e1rl\u00e1si \u00e9s v\u00e1s\u00e1rl\u00e1si lehet\u0151s\u00e9gekkel ak\u00e1r k\u00f6zvetlen\u00fcl, ak\u00e1r k\u00fcl\u00f6nf\u00e9le kereteken kereszt\u00fcl.<\/p>\n<p><a data-type=\"page\" data-id=\"164\" href=\"\/hu_hu\/our-facilities\/\">Mobil egys\u00e9geink<\/a> csak b\u00e9relhet\u0151ek, \u00edgy s\u00fcrg\u0151s ig\u00e9nyekre tudunk reag\u00e1lni.<\/div>\n<\/div>\n<\/div>\n<\/div>\n<div class=\"wp-block-vanguard-concertina-item accordion-item\">\n<h2 class=\"accordion-header\" id=\"heading-6af607bb-17f3-405d-a620-f36c0dc0e622\">\n<div class=\"title\">Van minim\u00e1lis b\u00e9rleti id\u0151?<\/div>\n<p><span class=\"indicator\"><\/span><\/h2>\n<div id=\"collapse-6af607bb-17f3-405d-a620-f36c0dc0e622\" class=\"accordion-collapse collapse\" aria-labelledby=\"heading-6af607bb-17f3-405d-a620-f36c0dc0e622\" data-bs-parent=\"#accordion-i9PUm1SAuAIPWb4o\">\n<div class=\"accordion-body\">\n<div class=\"text\">\u00c1ltal\u00e1noss\u00e1gban elmondhat\u00f3, hogy mobil l\u00e9tes\u00edtm\u00e9nyeink eset\u00e9ben minimum 13 hetes b\u00e9rleti id\u0151szak van, \u00e9s 26 h\u00e9tt\u0151l kezd\u0151d\u0151en tudunk \u00e1raz\u00e1si modellt k\u00e9sz\u00edteni modul\u00e1ris l\u00e9tes\u00edtm\u00e9nyeinkre. Ugyanakkor rugalmas megk\u00f6zel\u00edt\u00e9st alkalmazunk, mivel mindig az a priorit\u00e1sunk, hogy megold\u00e1sainkat \u00fcgyfeleink ig\u00e9nyeire alapozzuk, nem pedig korl\u00e1tokat.<\/div>\n<\/div>\n<\/div>\n<\/div>\n<div class=\"wp-block-vanguard-concertina-item accordion-item\">\n<h2 class=\"accordion-header\" id=\"heading-343fc496-20ba-4e00-a725-9d3b2efbdbb7\">\n<div class=\"title\">Milyen elj\u00e1r\u00e1sokat lehet v\u00e9grehajtani egy mobil m\u0171t\u0151ben?<\/div>\n<p><span class=\"indicator\"><\/span><\/h2>\n<div id=\"collapse-343fc496-20ba-4e00-a725-9d3b2efbdbb7\" class=\"accordion-collapse collapse\" aria-labelledby=\"heading-343fc496-20ba-4e00-a725-9d3b2efbdbb7\" data-bs-parent=\"#accordion-i9PUm1SAuAIPWb4o\">\n<div class=\"accordion-body\">\n<div class=\"text\">A nagy akut k\u00f3rh\u00e1zban v\u00e9gzett klinikai beavatkoz\u00e1sok 75%-ja mobil m\u0171t\u0151inkben elv\u00e9gezhet\u0151 a cs\u00edp\u0151prot\u00e9zist\u0151l a sz\u00fcrkeh\u00e1lyog m\u0171t\u00e9tig, az endoszk\u00f3pos beavatkoz\u00e1sokon \u00e1t a plasztikai seb\u00e9szetig. Plusz speci\u00e1lis sz\u00edvseb\u00e9szet \u00e9s \u00f6sszetett daganatos elj\u00e1r\u00e1sok. A teljes lista t\u00fal hossz\u00fa ahhoz, hogy ide lehessen foglalni, de t\u00f6bbet megtudhat a mi oldalunkon <a data-type=\"page\" data-id=\"674\" href=\"\/hu_hu\/heritage\/\">\u00d6r\u00f6ks\u00e9g oldal<\/a>.<\/div>\n<\/div>\n<\/div>\n<\/div>\n<div class=\"wp-block-vanguard-concertina-item accordion-item\">\n<h2 class=\"accordion-header\" id=\"heading-63aa3f64-7374-48b4-9834-2e0222f8eb3d\">\n<div class=\"title\">Milyen el\u0151ny\u00f6ket k\u00edn\u00e1lnak a modul\u00e1ris \u00e9p\u00fcletek a hagyom\u00e1nyos eg\u00e9szs\u00e9g\u00fcgyi \u00e9p\u00fcletekkel szemben?<\/div>\n<p><span class=\"indicator\"><\/span><\/h2>\n<div id=\"collapse-63aa3f64-7374-48b4-9834-2e0222f8eb3d\" class=\"accordion-collapse collapse\" aria-labelledby=\"heading-63aa3f64-7374-48b4-9834-2e0222f8eb3d\" data-bs-parent=\"#accordion-i9PUm1SAuAIPWb4o\">\n<div class=\"accordion-body\">\n<div class=\"text\">A f\u0151 el\u0151ny az, hogy gyorsan meg\u00e9rkeznek a helysz\u00ednre, \u00e9s beengedik az els\u0151 betegeket az ajt\u00f3n. Az MMC \u00e9s a k\u00fclter\u00fcleti \u00e9p\u00edt\u00e9s\u0171 \u00e9p\u00fcletek ugyanolyan robusztusak \u00e9s j\u00f3 min\u0151s\u00e9g\u0171ek, mint a hagyom\u00e1nyos \u201et\u00e9gla \u00e9s habarcs\u201d \u00e9p\u00fcletek, a nagy k\u00fcl\u00f6nbs\u00e9g az, hogy a helysz\u00edni al\u00e9p\u00edtm\u00e9nyi munk\u00e1kkal egy id\u0151ben is meg\u00e9p\u00edthet\u0151k.<\/p>\n<p>A modultervez\u00e9s \u00e9s az MMC ak\u00e1r 45%-val cs\u00f6kkentheti az \u00e9p\u00edt\u00e9si id\u0151t, 16%-val cs\u00f6kkentheti a k\u00f6lts\u00e9geket \u00e9s 30%-val n\u00f6velheti a termel\u00e9kenys\u00e9get az \u00e9p\u00edt\u00e9si folyamat sor\u00e1n.<sup>1<\/sup> K\u00f6rnyezeti el\u0151ny\u00f6k is vannak, mivel a hullad\u00e9k mennyis\u00e9ge korl\u00e1tozott, \u00e9s a sz\u00e9n-dioxid-kibocs\u00e1t\u00e1s cs\u00f6kken a hagyom\u00e1nyos \u00e9p\u00edt\u00e9si helysz\u00edni sz\u00e1ll\u00edt\u00e1sokhoz k\u00e9pest.<\/p>\n<p>P\u00e9ldak\u00e9nt eml\u00edtj\u00fck, hogy a Colorado \u00e1llambeli denveri St Joseph&#039;s K\u00f3rh\u00e1z azt tapasztalta, hogy l\u00e9tes\u00edtm\u00e9nyeik telephelyen k\u00edv\u00fcli \u00e9p\u00edt\u00e9se 72 napot vesz\u00edtett a sz\u00e1ll\u00edt\u00e1si id\u0151b\u0151l, \u00e9s a k\u00f6lts\u00e9geket a becsl\u00e9sek szerint $4,3 milli\u00f3val cs\u00f6kkentette.<sup>2<\/sup><\/p>\n<p>1. A jobb eg\u00e9szs\u00e9g\u00fcgyi ell\u00e1t\u00e1s elk\u00e9sz\u00edt\u00e9se.<br \/>2. Geiger, 2017.<\/div>\n<\/div>\n<\/div>\n<\/div>\n<div class=\"wp-block-vanguard-concertina-item accordion-item\">\n<h2 class=\"accordion-header\" id=\"heading-34124cfa-e6e2-45a3-bf73-0b32f35190c3\">\n<div class=\"title\">Tud olyan l\u00e9tes\u00edtm\u00e9nyt k\u00e9sz\u00edteni, amely megfelel az ig\u00e9nyeinknek?<\/div>\n<p><span class=\"indicator\"><\/span><\/h2>\n<div id=\"collapse-34124cfa-e6e2-45a3-bf73-0b32f35190c3\" class=\"accordion-collapse collapse\" aria-labelledby=\"heading-34124cfa-e6e2-45a3-bf73-0b32f35190c3\" data-bs-parent=\"#accordion-i9PUm1SAuAIPWb4o\">\n<div class=\"accordion-body\">\n<div class=\"text\">Egy\u00e1ltal\u00e1n, err\u0151l vagyunk ismertek. Egy\u00fcttm\u0171k\u00f6d\u00fcnk \u00d6nnel egy olyan eg\u00e9szs\u00e9g\u00fcgyi ter\u00fclet l\u00e9trehoz\u00e1s\u00e1n, amelyet \u00fagy terveztek, hogy megfeleljen az \u00d6n egyedi ig\u00e9nyeinek, a beteg\u00e1raml\u00e1s kezel\u00e9s\u00e9t\u0151l, a hat\u00e9konys\u00e1gi int\u00e9zked\u00e9sekt\u0151l a k\u00fcls\u0151 megjelen\u00e9sig \u00e9s \u00e9rz\u00e9sig.<\/div>\n<\/div>\n<\/div>\n<\/div>\n<div class=\"wp-block-vanguard-concertina-item accordion-item\">\n<h2 class=\"accordion-header\" id=\"heading-b2903f31-9b7b-4f6b-8001-9561a50b590e\">\n<div class=\"title\">Hogyan tudhatok meg t\u00f6bbet a m\u0171t\u0151 helysz\u00edni beszerz\u00e9s\u00e9r\u0151l?<\/div>\n<p><span class=\"indicator\"><\/span><\/h2>\n<div id=\"collapse-b2903f31-9b7b-4f6b-8001-9561a50b590e\" class=\"accordion-collapse collapse\" aria-labelledby=\"heading-b2903f31-9b7b-4f6b-8001-9561a50b590e\" data-bs-parent=\"#accordion-i9PUm1SAuAIPWb4o\">\n<div class=\"accordion-body\">\n<div class=\"text\">Csak vegye fel a kapcsolatot bar\u00e1ts\u00e1gos csapatunkkal, \u00e9s \u0151k v\u00e9gigvezetik a l\u00e9p\u00e9seken, val\u00f3sz\u00edn\u0171leg egyszer\u0171bbnek tal\u00e1lja a folyamatot, mint gondolta. Elvehetj\u00fck \u00d6n helyett a kem\u00e9ny munk\u00e1t, \u00e9s ak\u00e1r a <a data-type=\"service\" href=\"\/hu_hu\/service\/turnkey-solutions\/\">kulcsrak\u00e9sz megold\u00e1s<\/a> ha ez a legjobban megfelel neked.<\/p>\n<p><a data-type=\"page\" data-id=\"117\" href=\"\/hu_hu\/contact\/\" class=\"gform_button\">Felveszi a kapcsolatot<\/a><\/div>\n<\/div>\n<\/div>\n<\/div>\n<div class=\"wp-block-vanguard-concertina-item accordion-item\">\n<h2 class=\"accordion-header\" id=\"heading-868c76d8-3257-4fcf-957d-67bf4859f5ec\">\n<div class=\"title\">Vil\u00e1gszerte sz\u00e1ll\u00edt l\u00e9tes\u00edtm\u00e9nyeket?<\/div>\n<p><span class=\"indicator\"><\/span><\/h2>\n<div id=\"collapse-868c76d8-3257-4fcf-957d-67bf4859f5ec\" class=\"accordion-collapse collapse\" aria-labelledby=\"heading-868c76d8-3257-4fcf-957d-67bf4859f5ec\" data-bs-parent=\"#accordion-i9PUm1SAuAIPWb4o\">\n<div class=\"accordion-body\">\n<div class=\"text\">Igen, nemzetk\u00f6zi szinten m\u0171k\u00f6d\u00fcnk, van tapasztalatunk a l\u00e9tes\u00edtm\u00e9nyek biztos\u00edt\u00e1s\u00e1ban Ausztr\u00e1li\u00e1ban, \u00daj-Z\u00e9landon, a Benelux \u00e1llamokban, az \u00e9szaki orsz\u00e1gokban, \u00cdrorsz\u00e1gban \u00e9s az Egyes\u00fclt Kir\u00e1lys\u00e1gban. Nagy-Britanni\u00e1n bel\u00fcl ###Vanguard### Healthcare Solutions m\u00e1rkan\u00e9v alatt m\u0171k\u00f6d\u00fcnk, tov\u00e1bbi inform\u00e1ci\u00f3\u00e9rt l\u00e1togassa meg <a href=\"https:\/\/www.vanguardhealthcare.co.uk\">www.vanguardhealthcare.co.uk<\/a>.<\/div>\n<\/div>\n<\/div>\n<\/div>\n<div class=\"wp-block-vanguard-concertina-item accordion-item\">\n<h2 class=\"accordion-header\" id=\"heading-32b61ab8-f388-43b3-8c99-1399b90140cf\">\n<div class=\"title\">Hogyan kezeli a k\u00f6rnyezetre gyakorolt hat\u00e1s\u00e1t, k\u00fcl\u00f6n\u00f6sen a nagyobb l\u00e9tes\u00edtm\u00e9nyek eset\u00e9ben?<\/div>\n<p><span class=\"indicator\"><\/span><\/h2>\n<div id=\"collapse-32b61ab8-f388-43b3-8c99-1399b90140cf\" class=\"accordion-collapse collapse\" aria-labelledby=\"heading-32b61ab8-f388-43b3-8c99-1399b90140cf\" data-bs-parent=\"#accordion-i9PUm1SAuAIPWb4o\">\n<div class=\"accordion-body\">\n<div class=\"text\">Megold\u00e1saink tervez\u00e9se, gy\u00e1rt\u00e1sa \u00e9s sz\u00e1ll\u00edt\u00e1sa nagy k\u00f6r\u00fcltekint\u00e9ssel \u00e9s a k\u00f6rnyezet figyelembev\u00e9tel\u00e9vel t\u00f6rt\u00e9nik, cs\u00f6kkentve a sz\u00e9n-dioxid-kibocs\u00e1t\u00e1st gy\u00e1rt\u00e1si folyamatunk minden l\u00e9p\u00e9s\u00e9ben. Folyamatosan keress\u00fck a m\u00f3dokat arra, hogy minimaliz\u00e1ljuk az er\u0151forr\u00e1sok felhaszn\u00e1l\u00e1s\u00e1nak hat\u00e1s\u00e1t, k\u00fcl\u00f6n\u00f6s tekintettel arra, hogy hozz\u00e1j\u00e1ruljunk az \u00e9ghajlatv\u00e1ltoz\u00e1ssal kapcsolatos glob\u00e1lis menetrendhez.<\/p>\n<p>C\u00e9lunk, hogy 2023 v\u00e9g\u00e9re nulla nett\u00f3 sz\u00e9n-dioxid-kibocs\u00e1t\u00e1s\u00fa legyen az 1. \u00e9s 2. k\u00f6rbe tartoz\u00f3 kibocs\u00e1t\u00e1sok, \u00e9s 2035-ig a 3. hat\u00f3k\u00f6r kibocs\u00e1t\u00e1sa tekintet\u00e9ben; robusztus sz\u00e9n-dioxid-cs\u00f6kkent\u00e9si terv\u00fcnk van, amely seg\u00edt ennek el\u00e9r\u00e9s\u00e9ben. B\u00fcszk\u00e9k vagyunk a nulla sz\u00e9n-dioxid-kibocs\u00e1t\u00e1s fel\u00e9 vezet\u0151 \u00faton el\u00e9rt halad\u00e1sunkra, <a data-type=\"page\" data-id=\"705\" href=\"\/hu_hu\/carbon-reduction-plan\/\">n\u00e9zd meg itt k\u00f6zelebbr\u0151l\u2026<\/a> <\/p>\n<p>A k\u00f6zelm\u00faltban partners\u00e9gre l\u00e9pt\u00fcnk a Klimate-tel, hogy l\u00e9trehozzunk egy sz\u00e9n-dioxid-elt\u00e1vol\u00edt\u00e1si strat\u00e9gi\u00e1t, amely seg\u00edt el\u00e9rni a nulla nulla amb\u00edci\u00f3inkat. A sz\u00e9n-dioxid-elt\u00e1vol\u00edt\u00e1si projektek innovat\u00edv portf\u00f3li\u00f3ja olyan projekteket foglal mag\u00e1ban, mint a k\u00f6zvetlen leveg\u0151 befog\u00e1sa, a m\u00e9lyben t\u00e1rolt bioolaj, az \u00f3ce\u00e1ni moszat \u00e9s a helyre\u00e1ll\u00edt\u00f3 fa\u00fcltet\u00e9s. Mindegyiket f\u00fcggetlen\u00fcl ellen\u0151rzik az integrit\u00e1suk biztos\u00edt\u00e1sa \u00e9rdek\u00e9ben.<\/p><\/div>\n<\/div>\n<\/div>\n<\/div>\n<div class=\"wp-block-vanguard-concertina-item accordion-item\">\n<h2 class=\"accordion-header\" id=\"heading-7562bf47-5278-48e0-b4d4-61a2e1dac74f\">\n<div class=\"title\">Dolgozol partnerekkel?<\/div>\n<p><span class=\"indicator\"><\/span><\/h2>\n<div id=\"collapse-7562bf47-5278-48e0-b4d4-61a2e1dac74f\" class=\"accordion-collapse collapse\" aria-labelledby=\"heading-7562bf47-5278-48e0-b4d4-61a2e1dac74f\" data-bs-parent=\"#accordion-i9PUm1SAuAIPWb4o\">\n<div class=\"accordion-body\">\n<div class=\"text\">Igen, mindig k\u00e9szek vagyunk kivizsg\u00e1lni <a href=\"\/hu_hu\/partner-programme\/\" data-type=\"page\" data-id=\"316\">partners\u00e9gi lehet\u0151s\u00e9gek<\/a> \u00e9s jelenleg berendez\u00e9sgy\u00e1rt\u00f3kkal, \u00e9p\u00edt\u00e9szekkel, \u00e9p\u00edt\u0151ipari \u00e9s klinikai szolg\u00e1ltat\u00f3kkal dolgoznak egy\u00fctt.<\/div>\n<\/div>\n<\/div>\n<\/div>\n<div class=\"wp-block-vanguard-concertina-item accordion-item\">\n<h2 class=\"accordion-header\" id=\"heading-fa666c52-3c78-40f9-895c-adcd67fb5d8b\">\n<div class=\"title\">El\u00e9rhet\u0151-e teljes kulcsrak\u00e9sz megold\u00e1s?<\/div>\n<p><span class=\"indicator\"><\/span><\/h2>\n<div id=\"collapse-fa666c52-3c78-40f9-895c-adcd67fb5d8b\" class=\"accordion-collapse collapse\" aria-labelledby=\"heading-fa666c52-3c78-40f9-895c-adcd67fb5d8b\" data-bs-parent=\"#accordion-i9PUm1SAuAIPWb4o\">\n<div class=\"accordion-body\">\n<div class=\"text\">Egy\u00e1ltal\u00e1n, mi gondoskodunk az eg\u00e9sz folyamatr\u00f3l \u00e9s sz\u00e1ll\u00edtjuk a <a href=\"\/hu_hu\/service\/turnkey-solutions\/\" data-type=\"service\" data-id=\"185\">kulcsrak\u00e9sz megold\u00e1s<\/a>. Ez a szolg\u00e1ltat\u00e1s mag\u00e1ban foglalja a tervez\u00e9si folyamat teljes k\u00f6r\u0171 ir\u00e1ny\u00edt\u00e1s\u00e1t (bele\u00e9rtve az \u00fczleti eset j\u00f3v\u00e1hagy\u00e1s\u00e1t), a h\u00e1zon bel\u00fcli gy\u00e1rt\u00e1st, a helysz\u00edni telep\u00edt\u00e9st \u00e9s a projekt \u00fczembe helyez\u00e9s\u00e9t. Hatalmas tapasztalattal rendelkez\u00fcnk az \u00f6sszes helysz\u00edni munka beszerz\u00e9s\u00e9ben \u00e9s kivitelez\u00e9s\u00e9ben, speci\u00e1lis eg\u00e9szs\u00e9g\u00fcgyi tervez\u0151csapatunkon kereszt\u00fcl.<\/div>\n<\/div>\n<\/div>\n<\/div>\n<\/div>\n<\/div>\n<\/section>\n<\/div>\n<section id=\"section-144-59\" class=\"ct-section\" >\n<div class=\"ct-section-inner-wrap\">\n<div id=\"new_columns-145-59\" class=\"ct-new-columns\" >\n<div id=\"div_block-146-59\" class=\"ct-div-block\" >\n<div id=\"_rich_text-9-63\" class=\"oxy-rich-text\" >\n<p>A k\u00f3rh\u00e1za sz\u00e1m\u00e1ra megfelel\u0151 megold\u00e1s megtal\u00e1l\u00e1sa itt kezd\u0151dik\u2026<\/p>\n<\/div>\n<p><a id=\"link_button-149-59\" class=\"ct-link-button\" href=\"\/hu_hu\/contact\/\" target=\"_self\"  >Felveszi a kapcsolatot<\/a><\/div>\n<div id=\"div_block-150-59\" class=\"ct-div-block\" ><img decoding=\"async\"  id=\"image-151-59\" alt=\"\" src=\"https:\/\/www.q-bital.com\/wp-content\/uploads\/2023\/06\/kettering-2-scaled.jpg\" class=\"ct-image\"\/><\/div>\n<\/div>\n<\/div>\n<\/section>","protected":false},"excerpt":{"rendered":"","protected":false},"author":2,"featured_media":0,"parent":0,"menu_order":0,"comment_status":"closed","ping_status":"closed","template":"","meta":{"_acf_changed":false,"footnotes":""},"class_list":["post-693","page","type-page","status-publish","hentry"],"acf":[],"yoast_head":"<!-- This site is optimized with the Yoast SEO plugin v27.5 - https:\/\/yoast.com\/product\/yoast-seo-wordpress\/ -->\n<title>FAQs - Q-bital Healthcare Solutions<\/title>\n<meta name=\"robots\" content=\"index, follow, max-snippet:-1, max-image-preview:large, max-video-preview:-1\" \/>\n<link rel=\"canonical\" href=\"https:\/\/www.q-bital.com\/hu_hu\/faqs\/\" \/>\n<meta property=\"og:locale\" content=\"hu_HU\" \/>\n<meta property=\"og:type\" content=\"article\" \/>\n<meta property=\"og:title\" content=\"FAQs - Q-bital Healthcare Solutions\" \/>\n<meta property=\"og:url\" content=\"https:\/\/www.q-bital.com\/hu_hu\/faqs\/\" \/>\n<meta property=\"og:site_name\" content=\"Q-bital Healthcare Solutions\" \/>\n<meta property=\"article:modified_time\" content=\"2023-10-20T11:41:54+00:00\" \/>\n<meta name=\"twitter:card\" content=\"summary_large_image\" \/>\n<meta name=\"twitter:label1\" content=\"Becs\u00fclt olvas\u00e1si id\u0151\" \/>\n\t<meta name=\"twitter:data1\" content=\"4 perc\" \/>\n<script type=\"application\/ld+json\" class=\"yoast-schema-graph\">{\"@context\":\"https:\\\/\\\/schema.org\",\"@graph\":[{\"@type\":\"WebPage\",\"@id\":\"https:\\\/\\\/www.q-bital.com\\\/faqs\\\/\",\"url\":\"https:\\\/\\\/www.q-bital.com\\\/faqs\\\/\",\"name\":\"FAQs - Q-bital Healthcare Solutions\",\"isPartOf\":{\"@id\":\"https:\\\/\\\/www.q-bital.com\\\/#website\"},\"datePublished\":\"2023-07-19T15:41:55+00:00\",\"dateModified\":\"2023-10-20T11:41:54+00:00\",\"inLanguage\":\"hu\",\"potentialAction\":[{\"@type\":\"ReadAction\",\"target\":[\"https:\\\/\\\/www.q-bital.com\\\/faqs\\\/\"]}]},{\"@type\":\"WebSite\",\"@id\":\"https:\\\/\\\/www.q-bital.com\\\/#website\",\"url\":\"https:\\\/\\\/www.q-bital.com\\\/\",\"name\":\"Q-bital Healthcare Solutions\",\"description\":\"\",\"potentialAction\":[{\"@type\":\"SearchAction\",\"target\":{\"@type\":\"EntryPoint\",\"urlTemplate\":\"https:\\\/\\\/www.q-bital.com\\\/?s={search_term_string}\"},\"query-input\":{\"@type\":\"PropertyValueSpecification\",\"valueRequired\":true,\"valueName\":\"search_term_string\"}}],\"inLanguage\":\"hu\"}]}<\/script>\n<!-- \/ Yoast SEO plugin. -->","yoast_head_json":{"title":"GYIK - Q-bital Eg\u00e9szs\u00e9g\u00fcgyi Megold\u00e1sok","robots":{"index":"index","follow":"follow","max-snippet":"max-snippet:-1","max-image-preview":"max-image-preview:large","max-video-preview":"max-video-preview:-1"},"canonical":"https:\/\/www.q-bital.com\/hu_hu\/faqs\/","og_locale":"hu_HU","og_type":"article","og_title":"FAQs - Q-bital Healthcare Solutions","og_url":"https:\/\/www.q-bital.com\/hu_hu\/faqs\/","og_site_name":"Q-bital Healthcare Solutions","article_modified_time":"2023-10-20T11:41:54+00:00","twitter_card":"summary_large_image","twitter_misc":{"Becs\u00fclt olvas\u00e1si id\u0151":"4 perc"},"schema":{"@context":"https:\/\/schema.org","@graph":[{"@type":"WebPage","@id":"https:\/\/www.q-bital.com\/faqs\/","url":"https:\/\/www.q-bital.com\/faqs\/","name":"GYIK - Q-bital Eg\u00e9szs\u00e9g\u00fcgyi Megold\u00e1sok","isPartOf":{"@id":"https:\/\/www.q-bital.com\/#website"},"datePublished":"2023-07-19T15:41:55+00:00","dateModified":"2023-10-20T11:41:54+00:00","inLanguage":"hu","potentialAction":[{"@type":"ReadAction","target":["https:\/\/www.q-bital.com\/faqs\/"]}]},{"@type":"WebSite","@id":"https:\/\/www.q-bital.com\/#website","url":"https:\/\/www.q-bital.com\/","name":"Q-bital Healthcare Solutions","description":"","potentialAction":[{"@type":"SearchAction","target":{"@type":"EntryPoint","urlTemplate":"https:\/\/www.q-bital.com\/?s={search_term_string}"},"query-input":{"@type":"PropertyValueSpecification","valueRequired":true,"valueName":"search_term_string"}}],"inLanguage":"hu"}]}},"_links":{"self":[{"href":"https:\/\/www.q-bital.com\/hu_hu\/wp-json\/wp\/v2\/pages\/693","targetHints":{"allow":["GET"]}}],"collection":[{"href":"https:\/\/www.q-bital.com\/hu_hu\/wp-json\/wp\/v2\/pages"}],"about":[{"href":"https:\/\/www.q-bital.com\/hu_hu\/wp-json\/wp\/v2\/types\/page"}],"author":[{"embeddable":true,"href":"https:\/\/www.q-bital.com\/hu_hu\/wp-json\/wp\/v2\/users\/2"}],"replies":[{"embeddable":true,"href":"https:\/\/www.q-bital.com\/hu_hu\/wp-json\/wp\/v2\/comments?post=693"}],"version-history":[{"count":0,"href":"https:\/\/www.q-bital.com\/hu_hu\/wp-json\/wp\/v2\/pages\/693\/revisions"}],"wp:attachment":[{"href":"https:\/\/www.q-bital.com\/hu_hu\/wp-json\/wp\/v2\/media?parent=693"}],"curies":[{"name":"munkaf\u00fczet","href":"https:\/\/api.w.org\/{rel}","templated":true}]}}