{"id":7284,"date":"2025-02-12T17:18:20","date_gmt":"2025-02-12T17:18:20","guid":{"rendered":"https:\/\/www.vanguardhealthcare.co.uk\/?page_id=7785"},"modified":"2026-01-13T16:04:17","modified_gmt":"2026-01-13T16:04:17","slug":"accreditations-and-certifications","status":"publish","type":"page","link":"https:\/\/www.q-bital.com\/hu_hu\/accreditations-and-certifications\/","title":{"rendered":"Akkredit\u00e1ci\u00f3k \u00e9s tan\u00fas\u00edtv\u00e1nyok"},"content":{"rendered":"<p>Tudjuk, hogy a tan\u00fas\u00edt\u00e1s milyen \u00e9rt\u00e9ket k\u00e9pvisel a v\u00e1llalkoz\u00e1sok \u00e9s \u00fcgyfeleik sz\u00e1m\u00e1ra, ez\u00e9rt \u00e9vente k\u00fcls\u0151 ellen\u0151rz\u00e9sen es\u00fcnk \u00e1t a k\u00f6vetkez\u0151 szabv\u00e1nyok alapj\u00e1n. <strong>Az al\u00e1bbi akkredit\u00e1ci\u00f3k \u00e9s tan\u00fas\u00edtv\u00e1nyok az \u00e1ttekinthet\u0151s\u00e9g kedv\u00e9\u00e9rt m\u0171k\u00f6d\u00e9si helysz\u00edn szerint csoportos\u00edtva vannak.<\/strong><\/p>\n<div style=\"height:58px\" aria-hidden=\"true\" class=\"wp-block-spacer\"><\/div>\n<h2 class=\"wp-block-heading has-text-align-center\">Egyes\u00fclt Kir\u00e1lys\u00e1g \u00e9s \u00cdrorsz\u00e1g<\/h2>\n<div style=\"height:24px\" aria-hidden=\"true\" class=\"wp-block-spacer\"><\/div>\n<div class=\"wp-block-media-text is-stacked-on-mobile\" style=\"grid-template-columns:25% auto\">\n<figure class=\"wp-block-media-text__media\"><img decoding=\"async\" src=\"https:\/\/www.vanguardhealthcare.co.uk\/wp-content\/uploads\/2025\/03\/Untitled-design-2.png\" alt=\"\" class=\"wp-image-7876 size-full\" \/><\/figure>\n<div class=\"wp-block-media-text__content\">\n<p><strong>Cyber Essentials Plus tan\u00fas\u00edtv\u00e1ny<\/strong>&nbsp;<\/p>\n<p>A Cyber Essentials Plus egy, az Egyes\u00fclt Kir\u00e1lys\u00e1g korm\u00e1nya \u00e1ltal t\u00e1mogatott program, amelynek c\u00e9lja, hogy seg\u00edtsen a szervezeteknek v\u00e9dekezni a gyakori online fenyeget\u00e9sekkel szemben. Ez tov\u00e1bbi garanci\u00e1t ny\u00fajt arra, hogy a sz\u00fcks\u00e9ges technikai ellen\u0151rz\u00e9sekkel v\u00e9dj\u00fck az \u00fcgyfelek adatait a kiberfenyeget\u00e9sekkel szemben.<\/p>\n<\/div>\n<\/div>\n<div class=\"wp-block-media-text is-stacked-on-mobile\" style=\"grid-template-columns:25% auto\">\n<figure class=\"wp-block-media-text__media\"><img decoding=\"async\" src=\"https:\/\/www.vanguardhealthcare.co.uk\/wp-content\/uploads\/2025\/02\/ISO9001_BAB-1024x1024.jpg\" alt=\"\" class=\"wp-image-7787 size-full\" \/><\/figure>\n<div class=\"wp-block-media-text__content\">\n<p><strong>ISO 9001 min\u0151s\u00e9gir\u00e1ny\u00edt\u00e1si akkredit\u00e1ci\u00f3<\/strong><\/p>\n<p>Elk\u00f6telezettek vagyunk az \u00fcgyfelek elv\u00e1r\u00e1sainak fel\u00fclm\u00fal\u00e1sa \u00e9s a kiv\u00e9teles szolg\u00e1ltat\u00e1s ny\u00fajt\u00e1sa ir\u00e1nt. ISO 9001 tan\u00fas\u00edtv\u00e1nyunk meger\u0151s\u00edti ezt az elk\u00f6telezetts\u00e9get, biztos\u00edtva, hogy k\u00f6vetkezetesen megfelelj\u00fcnk \u00fcgyfeleink ig\u00e9nyeinek, \u00e9s akt\u00edvan kik\u00e9rj\u00fck visszajelz\u00e9seiket. Ez a megk\u00f6zel\u00edt\u00e9s seg\u00edt azonos\u00edtani a fejleszt\u00e9si lehet\u0151s\u00e9geket, jav\u00edtani az \u00fcgyf\u00e9l\u00e9lm\u00e9nyt, \u00e9s biztos\u00edtani, hogy folyamatosan \u00f6tcsillagos szolg\u00e1ltat\u00e1st ny\u00fajtsunk.<\/p>\n<\/div>\n<\/div>\n<div class=\"wp-block-media-text is-stacked-on-mobile\" style=\"grid-template-columns:25% auto\">\n<figure class=\"wp-block-media-text__media\"><img decoding=\"async\" src=\"https:\/\/www.vanguardhealthcare.co.uk\/wp-content\/uploads\/2025\/02\/ISO14001_BAB-1024x1024.jpg\" alt=\"\" class=\"wp-image-7788 size-full\" \/><\/figure>\n<div class=\"wp-block-media-text__content\">\n<p><strong>ISO 14001 K\u00f6rnyezetk\u00f6zpont\u00fa Ir\u00e1ny\u00edt\u00e1si Akkredit\u00e1ci\u00f3<\/strong><\/p>\n<p>Azoknak az \u00fcgyfeleinknek, akik a fenntarthat\u00f3s\u00e1got helyezik el\u0151t\u00e9rbe, biztosak lehetnek benne, hogy elk\u00f6telezettek vagyunk k\u00f6rnyezeti l\u00e1bnyomunk minimaliz\u00e1l\u00e1sa ir\u00e1nt.<\/p>\n<p>ISO 14001 tan\u00fas\u00edtv\u00e1nyunk lehet\u0151v\u00e9 teszi sz\u00e1munkra, hogy hat\u00e9kony int\u00e9zked\u00e9seket vezess\u00fcnk be k\u00f6rnyezeti hat\u00e1sunk kezel\u00e9s\u00e9re. <\/p>\n<\/div>\n<\/div>\n<div class=\"wp-block-media-text is-stacked-on-mobile\" style=\"grid-template-columns:25% auto\">\n<figure class=\"wp-block-media-text__media\"><img decoding=\"async\" src=\"https:\/\/www.vanguardhealthcare.co.uk\/wp-content\/uploads\/2025\/02\/ISO45001_BAB-1024x1024.jpg\" alt=\"\" class=\"wp-image-7789 size-full\" \/><\/figure>\n<div class=\"wp-block-media-text__content\">\n<p><strong>ISO 45001 eg\u00e9szs\u00e9gv\u00e9delmi \u00e9s biztons\u00e1gi ir\u00e1ny\u00edt\u00e1si akkredit\u00e1ci\u00f3<\/strong><\/p>\n<p>Elk\u00f6telezettek vagyunk \u00fcgyfeleink elv\u00e1r\u00e1sainak fel\u00fclm\u00fal\u00e1sa \u00e9s kiv\u00e9teles szolg\u00e1ltat\u00e1s ny\u00fajt\u00e1sa ir\u00e1nt. ISO 45001 tan\u00fas\u00edtv\u00e1nyunk al\u00e1t\u00e1masztja ezt az elk\u00f6telezetts\u00e9get, biztos\u00edtva, hogy k\u00f6vetkezetesen megfelelj\u00fcnk a munkahelyi eg\u00e9szs\u00e9gv\u00e9delmi \u00e9s biztons\u00e1gi k\u00f6vetelm\u00e9nyeknek, \u00e9s akt\u00edvan k\u00e9rj\u00fcnk visszajelz\u00e9seket. Ez a megk\u00f6zel\u00edt\u00e9s seg\u00edt azonos\u00edtani a fejleszt\u00e9si lehet\u0151s\u00e9geket, jav\u00edtani a munkahelyi biztons\u00e1got, \u00e9s biztos\u00edtani, hogy folyamatosan biztons\u00e1gos \u00e9s eg\u00e9szs\u00e9ges k\u00f6rnyezetet biztos\u00edtsunk alkalmazottaink \u00e9s \u00fcgyfeleink sz\u00e1m\u00e1ra.<\/p>\n<\/div>\n<\/div>\n<div class=\"wp-block-media-text is-stacked-on-mobile is-vertically-aligned-center\" style=\"grid-template-columns:25% auto\">\n<figure class=\"wp-block-media-text__media\"><img loading=\"lazy\" decoding=\"async\" width=\"1280\" height=\"650\" src=\"https:\/\/www.q-bital.com\/wp-content\/uploads\/sites\/8\/2026\/01\/mark-of-trust-certificate-of-conformity-BIMdesignandconstruction-black-logo-En-GB-0524.jpg\" alt=\"\" class=\"wp-image-7292 size-full\" srcset=\"https:\/\/www.q-bital.com\/wp-content\/uploads\/sites\/8\/2026\/01\/mark-of-trust-certificate-of-conformity-BIMdesignandconstruction-black-logo-En-GB-0524.jpg 1280w, https:\/\/www.q-bital.com\/wp-content\/uploads\/sites\/8\/2026\/01\/mark-of-trust-certificate-of-conformity-BIMdesignandconstruction-black-logo-En-GB-0524-300x152.jpg 300w, https:\/\/www.q-bital.com\/wp-content\/uploads\/sites\/8\/2026\/01\/mark-of-trust-certificate-of-conformity-BIMdesignandconstruction-black-logo-En-GB-0524-768x390.jpg 768w, https:\/\/www.q-bital.com\/wp-content\/uploads\/sites\/8\/2026\/01\/mark-of-trust-certificate-of-conformity-BIMdesignandconstruction-black-logo-En-GB-0524-18x9.jpg 18w\" sizes=\"auto, (max-width: 1280px) 100vw, 1280px\" \/><\/figure>\n<div class=\"wp-block-media-text__content\">\n<p><strong><strong>ISO 19650-2 tan\u00fas\u00edtv\u00e1ny<\/strong><\/strong><\/p>\n<p>BSI min\u0151s\u00edt\u00e9s&nbsp;<strong>MSZ EN ISO 19650-2:2018 szabv\u00e1ny<\/strong>&nbsp;azt bizony\u00edtja, hogy a Vanguard Healthcare Solutions az eg\u00e9szs\u00e9g\u00fcgyi int\u00e9zm\u00e9nyek m\u0171k\u00f6d\u00e9se sor\u00e1n az inform\u00e1ci\u00f3kat egys\u00e9ges, biztons\u00e1gos \u00e9s nemzetk\u00f6zileg elismert m\u00f3don kezeli. \u00dcgyfeleink sz\u00e1m\u00e1ra ez biztos\u00edtja, hogy a klinikai tervez\u00e9si \u00e9s szerz\u0151d\u00e9sk\u00f6t\u00e9si inform\u00e1ci\u00f3k pontosak, j\u00f3l kezelhet\u0151k \u00e9s k\u00f6z\u00f6sen, \u00e9p\u00fcletinform\u00e1ci\u00f3-modellez\u00e9ssel kezelik \u0151ket, ami seg\u00edt cs\u00f6kkenteni a kock\u00e1zatokat, jav\u00edtja a koordin\u00e1ci\u00f3t \u00e9s t\u00e1mogatja a magabiztos d\u00f6nt\u00e9shozatalt az \u00f6sszetett eg\u00e9szs\u00e9g\u00fcgyi projektekben.<\/p>\n<\/div>\n<\/div>\n<div class=\"wp-block-media-text is-stacked-on-mobile is-vertically-aligned-center\" style=\"grid-template-columns:25% auto\">\n<figure class=\"wp-block-media-text__media\"><img decoding=\"async\" src=\"https:\/\/www.vanguardhealthcare.co.uk\/wp-content\/uploads\/2025\/07\/White-VF-CHAS_LtBG_jpg-1024x725.jpg\" alt=\"\" class=\"wp-image-8067 size-full\" \/><\/figure>\n<div class=\"wp-block-media-text__content\">\n<p><strong>CHAS Elite<\/strong><\/p>\n<p>A CHAS Elite St\u00e1tusz Akkredit\u00e1ci\u00f3 megszerz\u00e9se biztos\u00edtja, hogy szigor\u00fa krit\u00e9riumoknak felel\u00fcnk meg, biztos\u00edtva nemcsak a jogi k\u00f6vetelm\u00e9nyeknek val\u00f3 megfelel\u00e9st, hanem a legjobb gyakorlatok alkalmaz\u00e1s\u00e1t is mind a szem\u00e9lyzet, mind az \u00fcgyfelek v\u00e9delme \u00e9rdek\u00e9ben. Meger\u0151s\u00edti elk\u00f6telezetts\u00e9g\u00fcnket a biztons\u00e1gos munkak\u00f6rnyezet fenntart\u00e1sa \u00e9s a kock\u00e1zatok hat\u00e9kony cs\u00f6kkent\u00e9se ir\u00e1nt. A CHAS Elite St\u00e1tusz nyugalmat ad, hogy integrit\u00e1ssal, felel\u0151ss\u00e9gteljesen \u00e9s professzion\u00e1lisan m\u0171k\u00f6d\u00fcnk. <\/p>\n<\/p>\n<\/p>\n<\/div>\n<\/div>\n<div style=\"height:42px\" aria-hidden=\"true\" class=\"wp-block-spacer\"><\/div>\n<h2 class=\"wp-block-heading has-text-align-center\">Ausztr\u00e1lia<\/h2>\n<div style=\"height:38px\" aria-hidden=\"true\" class=\"wp-block-spacer\"><\/div>\n<div class=\"wp-block-media-text is-stacked-on-mobile is-vertically-aligned-center\" style=\"grid-template-columns:25% auto\">\n<figure class=\"wp-block-media-text__media\"><img loading=\"lazy\" decoding=\"async\" width=\"569\" height=\"1024\" src=\"https:\/\/www.q-bital.com\/wp-content\/uploads\/sites\/8\/2026\/01\/Certifi_StandardsLogos_PORTRAIT_11.04.24_9001-569x1024.png\" alt=\"\" class=\"wp-image-7287 size-full\" srcset=\"https:\/\/www.q-bital.com\/wp-content\/uploads\/sites\/8\/2026\/01\/Certifi_StandardsLogos_PORTRAIT_11.04.24_9001-569x1024.png 569w, https:\/\/www.q-bital.com\/wp-content\/uploads\/sites\/8\/2026\/01\/Certifi_StandardsLogos_PORTRAIT_11.04.24_9001-167x300.png 167w, https:\/\/www.q-bital.com\/wp-content\/uploads\/sites\/8\/2026\/01\/Certifi_StandardsLogos_PORTRAIT_11.04.24_9001-768x1382.png 768w, https:\/\/www.q-bital.com\/wp-content\/uploads\/sites\/8\/2026\/01\/Certifi_StandardsLogos_PORTRAIT_11.04.24_9001-853x1536.png 853w, https:\/\/www.q-bital.com\/wp-content\/uploads\/sites\/8\/2026\/01\/Certifi_StandardsLogos_PORTRAIT_11.04.24_9001-7x12.png 7w, https:\/\/www.q-bital.com\/wp-content\/uploads\/sites\/8\/2026\/01\/Certifi_StandardsLogos_PORTRAIT_11.04.24_9001.png 945w\" sizes=\"auto, (max-width: 569px) 100vw, 569px\" \/><\/figure>\n<div class=\"wp-block-media-text__content\">\n<p><strong>ISO 9001 min\u0151s\u00e9gir\u00e1ny\u00edt\u00e1si akkredit\u00e1ci\u00f3<\/strong><\/p>\n<p>Elk\u00f6telezettek vagyunk az \u00fcgyfelek elv\u00e1r\u00e1sainak fel\u00fclm\u00fal\u00e1sa \u00e9s a kiv\u00e9teles szolg\u00e1ltat\u00e1s ny\u00fajt\u00e1sa ir\u00e1nt. ISO 9001 tan\u00fas\u00edtv\u00e1nyunk meger\u0151s\u00edti ezt az elk\u00f6telezetts\u00e9get, biztos\u00edtva, hogy k\u00f6vetkezetesen megfelelj\u00fcnk \u00fcgyfeleink ig\u00e9nyeinek, \u00e9s akt\u00edvan kik\u00e9rj\u00fck visszajelz\u00e9seiket. Ez a megk\u00f6zel\u00edt\u00e9s seg\u00edt azonos\u00edtani a fejleszt\u00e9si lehet\u0151s\u00e9geket, jav\u00edtani az \u00fcgyf\u00e9l\u00e9lm\u00e9nyt, \u00e9s biztos\u00edtani, hogy folyamatosan \u00f6tcsillagos szolg\u00e1ltat\u00e1st ny\u00fajtsunk.<\/p>\n<\/p>\n<\/p>\n<\/div>\n<\/div>\n<div class=\"wp-block-media-text is-stacked-on-mobile is-vertically-aligned-center\" style=\"grid-template-columns:25% auto\">\n<figure class=\"wp-block-media-text__media\"><img loading=\"lazy\" decoding=\"async\" width=\"569\" height=\"1024\" src=\"https:\/\/www.q-bital.com\/wp-content\/uploads\/sites\/8\/2026\/01\/Certifi_StandardsLogos_PORTRAIT_11.04.24_14001-569x1024.png\" alt=\"\" class=\"wp-image-7288 size-full\" srcset=\"https:\/\/www.q-bital.com\/wp-content\/uploads\/sites\/8\/2026\/01\/Certifi_StandardsLogos_PORTRAIT_11.04.24_14001-569x1024.png 569w, https:\/\/www.q-bital.com\/wp-content\/uploads\/sites\/8\/2026\/01\/Certifi_StandardsLogos_PORTRAIT_11.04.24_14001-167x300.png 167w, https:\/\/www.q-bital.com\/wp-content\/uploads\/sites\/8\/2026\/01\/Certifi_StandardsLogos_PORTRAIT_11.04.24_14001-768x1382.png 768w, https:\/\/www.q-bital.com\/wp-content\/uploads\/sites\/8\/2026\/01\/Certifi_StandardsLogos_PORTRAIT_11.04.24_14001-853x1536.png 853w, https:\/\/www.q-bital.com\/wp-content\/uploads\/sites\/8\/2026\/01\/Certifi_StandardsLogos_PORTRAIT_11.04.24_14001-7x12.png 7w, https:\/\/www.q-bital.com\/wp-content\/uploads\/sites\/8\/2026\/01\/Certifi_StandardsLogos_PORTRAIT_11.04.24_14001.png 945w\" sizes=\"auto, (max-width: 569px) 100vw, 569px\" \/><\/figure>\n<div class=\"wp-block-media-text__content\">\n<p><strong>ISO 14001 K\u00f6rnyezetk\u00f6zpont\u00fa Ir\u00e1ny\u00edt\u00e1si Akkredit\u00e1ci\u00f3<\/strong><\/p>\n<p>Azoknak az \u00fcgyfeleinknek, akik a fenntarthat\u00f3s\u00e1got helyezik el\u0151t\u00e9rbe, biztosak lehetnek benne, hogy elk\u00f6telezettek vagyunk k\u00f6rnyezeti l\u00e1bnyomunk minimaliz\u00e1l\u00e1sa ir\u00e1nt.<\/p>\n<p>ISO 14001 tan\u00fas\u00edtv\u00e1nyunk lehet\u0151v\u00e9 teszi sz\u00e1munkra, hogy hat\u00e9kony int\u00e9zked\u00e9seket vezess\u00fcnk be k\u00f6rnyezeti hat\u00e1sunk kezel\u00e9s\u00e9re.<\/p>\n<\/p>\n<\/p>\n<\/div>\n<\/div>","protected":false},"excerpt":{"rendered":"<p>We know the value that certification brings to businesses and their customers, which is why we are externally audited on an annual basis against the following standards. The accreditations and certifications below are grouped by operational location for clarity. UK &amp; Ireland Cyber Essentials Plus Certification&nbsp; Cyber Essentials Plus is a UK government-backed scheme designed [&hellip;]<\/p>\n","protected":false},"author":11,"featured_media":0,"parent":0,"menu_order":0,"comment_status":"closed","ping_status":"closed","template":"","meta":{"_acf_changed":false,"footnotes":""},"class_list":["post-7284","page","type-page","status-publish","hentry"],"acf":[],"yoast_head":"<!-- This site is optimized with the Yoast SEO plugin v27.3 - https:\/\/yoast.com\/product\/yoast-seo-wordpress\/ -->\n<title>Accreditations and Certifications - Q-bital Healthcare Solutions<\/title>\n<meta name=\"robots\" content=\"index, follow, max-snippet:-1, max-image-preview:large, max-video-preview:-1\" \/>\n<link rel=\"canonical\" href=\"https:\/\/www.q-bital.com\/hu_hu\/accreditations-and-certifications\/\" \/>\n<meta property=\"og:locale\" content=\"hu_HU\" \/>\n<meta property=\"og:type\" content=\"article\" \/>\n<meta property=\"og:title\" content=\"Accreditations and Certifications - Q-bital Healthcare Solutions\" \/>\n<meta property=\"og:description\" content=\"We know the value that certification brings to businesses and their customers, which is why we are externally audited on an annual basis against the following standards. The accreditations and certifications below are grouped by operational location for clarity. UK &amp; Ireland Cyber Essentials Plus Certification&nbsp; Cyber Essentials Plus is a UK government-backed scheme designed [&hellip;]\" \/>\n<meta property=\"og:url\" content=\"https:\/\/www.q-bital.com\/hu_hu\/accreditations-and-certifications\/\" \/>\n<meta property=\"og:site_name\" content=\"Q-bital Healthcare Solutions\" \/>\n<meta property=\"article:modified_time\" content=\"2026-01-13T16:04:17+00:00\" \/>\n<meta name=\"twitter:card\" content=\"summary_large_image\" \/>\n<meta name=\"twitter:label1\" content=\"Becs\u00fclt olvas\u00e1si id\u0151\" \/>\n\t<meta name=\"twitter:data1\" content=\"4 perc\" \/>\n<script type=\"application\/ld+json\" class=\"yoast-schema-graph\">{\"@context\":\"https:\\\/\\\/schema.org\",\"@graph\":[{\"@type\":\"WebPage\",\"@id\":\"https:\\\/\\\/www.q-bital.com\\\/accreditations-and-certifications\\\/\",\"url\":\"https:\\\/\\\/www.q-bital.com\\\/accreditations-and-certifications\\\/\",\"name\":\"Accreditations and Certifications - Q-bital Healthcare Solutions\",\"isPartOf\":{\"@id\":\"https:\\\/\\\/www.q-bital.com\\\/#website\"},\"primaryImageOfPage\":{\"@id\":\"https:\\\/\\\/www.q-bital.com\\\/accreditations-and-certifications\\\/#primaryimage\"},\"image\":{\"@id\":\"https:\\\/\\\/www.q-bital.com\\\/accreditations-and-certifications\\\/#primaryimage\"},\"thumbnailUrl\":\"https:\\\/\\\/www.vanguardhealthcare.co.uk\\\/wp-content\\\/uploads\\\/2025\\\/03\\\/Untitled-design-2.png\",\"datePublished\":\"2025-02-12T17:18:20+00:00\",\"dateModified\":\"2026-01-13T16:04:17+00:00\",\"inLanguage\":\"hu\",\"potentialAction\":[{\"@type\":\"ReadAction\",\"target\":[\"https:\\\/\\\/www.q-bital.com\\\/accreditations-and-certifications\\\/\"]}]},{\"@type\":\"ImageObject\",\"inLanguage\":\"hu\",\"@id\":\"https:\\\/\\\/www.q-bital.com\\\/accreditations-and-certifications\\\/#primaryimage\",\"url\":\"https:\\\/\\\/www.vanguardhealthcare.co.uk\\\/wp-content\\\/uploads\\\/2025\\\/03\\\/Untitled-design-2.png\",\"contentUrl\":\"https:\\\/\\\/www.vanguardhealthcare.co.uk\\\/wp-content\\\/uploads\\\/2025\\\/03\\\/Untitled-design-2.png\"},{\"@type\":\"WebSite\",\"@id\":\"https:\\\/\\\/www.q-bital.com\\\/#website\",\"url\":\"https:\\\/\\\/www.q-bital.com\\\/\",\"name\":\"Q-bital Healthcare Solutions\",\"description\":\"\",\"potentialAction\":[{\"@type\":\"SearchAction\",\"target\":{\"@type\":\"EntryPoint\",\"urlTemplate\":\"https:\\\/\\\/www.q-bital.com\\\/?s={search_term_string}\"},\"query-input\":{\"@type\":\"PropertyValueSpecification\",\"valueRequired\":true,\"valueName\":\"search_term_string\"}}],\"inLanguage\":\"hu\"}]}<\/script>\n<!-- \/ Yoast SEO plugin. -->","yoast_head_json":{"title":"Akkredit\u00e1ci\u00f3k \u00e9s tan\u00fas\u00edtv\u00e1nyok - Q-bital Healthcare Solutions","robots":{"index":"index","follow":"follow","max-snippet":"max-snippet:-1","max-image-preview":"max-image-preview:large","max-video-preview":"max-video-preview:-1"},"canonical":"https:\/\/www.q-bital.com\/hu_hu\/accreditations-and-certifications\/","og_locale":"hu_HU","og_type":"article","og_title":"Accreditations and Certifications - Q-bital Healthcare Solutions","og_description":"We know the value that certification brings to businesses and their customers, which is why we are externally audited on an annual basis against the following standards. The accreditations and certifications below are grouped by operational location for clarity. UK &amp; Ireland Cyber Essentials Plus Certification&nbsp; Cyber Essentials Plus is a UK government-backed scheme designed [&hellip;]","og_url":"https:\/\/www.q-bital.com\/hu_hu\/accreditations-and-certifications\/","og_site_name":"Q-bital Healthcare Solutions","article_modified_time":"2026-01-13T16:04:17+00:00","twitter_card":"summary_large_image","twitter_misc":{"Becs\u00fclt olvas\u00e1si id\u0151":"4 perc"},"schema":{"@context":"https:\/\/schema.org","@graph":[{"@type":"WebPage","@id":"https:\/\/www.q-bital.com\/accreditations-and-certifications\/","url":"https:\/\/www.q-bital.com\/accreditations-and-certifications\/","name":"Akkredit\u00e1ci\u00f3k \u00e9s tan\u00fas\u00edtv\u00e1nyok - Q-bital Healthcare Solutions","isPartOf":{"@id":"https:\/\/www.q-bital.com\/#website"},"primaryImageOfPage":{"@id":"https:\/\/www.q-bital.com\/accreditations-and-certifications\/#primaryimage"},"image":{"@id":"https:\/\/www.q-bital.com\/accreditations-and-certifications\/#primaryimage"},"thumbnailUrl":"https:\/\/www.vanguardhealthcare.co.uk\/wp-content\/uploads\/2025\/03\/Untitled-design-2.png","datePublished":"2025-02-12T17:18:20+00:00","dateModified":"2026-01-13T16:04:17+00:00","inLanguage":"hu","potentialAction":[{"@type":"ReadAction","target":["https:\/\/www.q-bital.com\/accreditations-and-certifications\/"]}]},{"@type":"ImageObject","inLanguage":"hu","@id":"https:\/\/www.q-bital.com\/accreditations-and-certifications\/#primaryimage","url":"https:\/\/www.vanguardhealthcare.co.uk\/wp-content\/uploads\/2025\/03\/Untitled-design-2.png","contentUrl":"https:\/\/www.vanguardhealthcare.co.uk\/wp-content\/uploads\/2025\/03\/Untitled-design-2.png"},{"@type":"WebSite","@id":"https:\/\/www.q-bital.com\/#website","url":"https:\/\/www.q-bital.com\/","name":"Q-bital Healthcare Solutions","description":"","potentialAction":[{"@type":"SearchAction","target":{"@type":"EntryPoint","urlTemplate":"https:\/\/www.q-bital.com\/?s={search_term_string}"},"query-input":{"@type":"PropertyValueSpecification","valueRequired":true,"valueName":"search_term_string"}}],"inLanguage":"hu"}]}},"_links":{"self":[{"href":"https:\/\/www.q-bital.com\/hu_hu\/wp-json\/wp\/v2\/pages\/7284","targetHints":{"allow":["GET"]}}],"collection":[{"href":"https:\/\/www.q-bital.com\/hu_hu\/wp-json\/wp\/v2\/pages"}],"about":[{"href":"https:\/\/www.q-bital.com\/hu_hu\/wp-json\/wp\/v2\/types\/page"}],"author":[{"embeddable":true,"href":"https:\/\/www.q-bital.com\/hu_hu\/wp-json\/wp\/v2\/users\/11"}],"replies":[{"embeddable":true,"href":"https:\/\/www.q-bital.com\/hu_hu\/wp-json\/wp\/v2\/comments?post=7284"}],"version-history":[{"count":0,"href":"https:\/\/www.q-bital.com\/hu_hu\/wp-json\/wp\/v2\/pages\/7284\/revisions"}],"wp:attachment":[{"href":"https:\/\/www.q-bital.com\/hu_hu\/wp-json\/wp\/v2\/media?parent=7284"}],"curies":[{"name":"munkaf\u00fczet","href":"https:\/\/api.w.org\/{rel}","templated":true}]}}